{"id":8476,"date":"2019-08-22T16:51:09","date_gmt":"2019-08-22T16:51:09","guid":{"rendered":"https:\/\/irinasb.com\/?post_type=product&#038;p=8476"},"modified":"2025-11-14T09:57:07","modified_gmt":"2025-11-14T09:57:07","slug":"coracao-de-viana-verde-2","status":"publish","type":"product","link":"https:\/\/irinasb.com\/en\/product\/coracao-de-viana-verde-2\/","title":{"rendered":"Colar Cora\u00e7\u00e3o Viana Cer\u00e2mica"},"content":{"rendered":"<p>Silver stainless steel chain, green crystals and green ceramic Viana heart pendant.<\/p>\n<p>&nbsp;<\/p>\n<p>This piece is sent in a beautiful box lined with velvet and closed with a satin ribbon.<\/p>\n<p><em>Our pieces are manufactured manually, therefore, we do not guarantee that the piece sent is exactly the same as the photograph shown, that is, certain details may vary slightly in position, as well as materials such as cork that may vary slightly in color. We guarantee an identical piece but never exactly the same!<\/em><\/p>","protected":false},"excerpt":{"rendered":"<p>Corrente em a\u00e7o inoxid\u00e1vel prateado, cristais verdes e pendente de cora\u00e7\u00e3o de Viana em cer\u00e2mica verde. &nbsp; Esta pe\u00e7a \u00e9 enviada numa bonita caixa forrada com veludo e fechada com uma fita de cetim. As nossas pe\u00e7as s\u00e3o&hellip;<\/p>","protected":false},"featured_media":8463,"comment_status":"closed","ping_status":"closed","template":"","meta":[],"product_brand":[],"product_cat":[110],"product_tag":[],"class_list":{"0":"post-8476","1":"product","2":"type-product","3":"status-publish","4":"has-post-thumbnail","6":"product_cat-colares","8":"first","9":"instock","10":"shipping-taxable","11":"purchasable","12":"product-type-simple"},"yoast_head":"<!-- This site is optimized with the Yoast SEO plugin v26.2 - https:\/\/yoast.com\/wordpress\/plugins\/seo\/ -->\n<title>Colar Cora\u00e7\u00e3o Viana Cer\u00e2mica - IrinasB<\/title>\n<meta name=\"robots\" content=\"index, follow, max-snippet:-1, max-image-preview:large, max-video-preview:-1\" \/>\n<link rel=\"canonical\" href=\"https:\/\/irinasb.com\/en\/product\/coracao-de-viana-verde-2\/\" \/>\n<meta property=\"og:locale\" content=\"en_GB\" \/>\n<meta property=\"og:type\" content=\"article\" \/>\n<meta property=\"og:title\" content=\"Colar Cora\u00e7\u00e3o Viana Cer\u00e2mica - IrinasB\" \/>\n<meta property=\"og:description\" content=\"Corrente em a\u00e7o inoxid\u00e1vel prateado, cristais verdes e pendente de cora\u00e7\u00e3o de Viana em cer\u00e2mica verde. &nbsp; Esta pe\u00e7a \u00e9 enviada numa bonita caixa forrada com veludo e fechada com uma fita de cetim. As nossas pe\u00e7as s\u00e3o&hellip;\" \/>\n<meta property=\"og:url\" content=\"https:\/\/irinasb.com\/en\/product\/coracao-de-viana-verde-2\/\" \/>\n<meta property=\"og:site_name\" content=\"IrinasB\" \/>\n<meta property=\"article:modified_time\" content=\"2025-11-14T09:57:07+00:00\" \/>\n<meta property=\"og:image\" content=\"https:\/\/irinasb.com\/wp-content\/uploads\/2019\/08\/20190522_151805.jpg\" \/>\n\t<meta property=\"og:image:width\" content=\"800\" \/>\n\t<meta property=\"og:image:height\" content=\"968\" \/>\n\t<meta property=\"og:image:type\" content=\"image\/jpeg\" \/>\n<meta name=\"twitter:card\" content=\"summary_large_image\" \/>\n<meta name=\"twitter:label1\" content=\"Estimated reading time\" \/>\n\t<meta name=\"twitter:data1\" content=\"1 minute\" \/>\n<script type=\"application\/ld+json\" class=\"yoast-schema-graph\">{\"@context\":\"https:\/\/schema.org\",\"@graph\":[{\"@type\":\"WebPage\",\"@id\":\"https:\/\/irinasb.com\/produto\/coracao-de-viana-verde-2\/\",\"url\":\"https:\/\/irinasb.com\/produto\/coracao-de-viana-verde-2\/\",\"name\":\"Colar Cora\u00e7\u00e3o Viana Cer\u00e2mica - IrinasB\",\"isPartOf\":{\"@id\":\"https:\/\/irinasb.com\/#website\"},\"primaryImageOfPage\":{\"@id\":\"https:\/\/irinasb.com\/produto\/coracao-de-viana-verde-2\/#primaryimage\"},\"image\":{\"@id\":\"https:\/\/irinasb.com\/produto\/coracao-de-viana-verde-2\/#primaryimage\"},\"thumbnailUrl\":\"https:\/\/irinasb.com\/wp-content\/uploads\/2019\/08\/20190522_151805.jpg\",\"datePublished\":\"2019-08-22T16:51:09+00:00\",\"dateModified\":\"2025-11-14T09:57:07+00:00\",\"breadcrumb\":{\"@id\":\"https:\/\/irinasb.com\/produto\/coracao-de-viana-verde-2\/#breadcrumb\"},\"inLanguage\":\"en-GB\",\"potentialAction\":[{\"@type\":\"ReadAction\",\"target\":[\"https:\/\/irinasb.com\/produto\/coracao-de-viana-verde-2\/\"]}]},{\"@type\":\"ImageObject\",\"inLanguage\":\"en-GB\",\"@id\":\"https:\/\/irinasb.com\/produto\/coracao-de-viana-verde-2\/#primaryimage\",\"url\":\"https:\/\/irinasb.com\/wp-content\/uploads\/2019\/08\/20190522_151805.jpg\",\"contentUrl\":\"https:\/\/irinasb.com\/wp-content\/uploads\/2019\/08\/20190522_151805.jpg\",\"width\":800,\"height\":968},{\"@type\":\"BreadcrumbList\",\"@id\":\"https:\/\/irinasb.com\/produto\/coracao-de-viana-verde-2\/#breadcrumb\",\"itemListElement\":[{\"@type\":\"ListItem\",\"position\":1,\"name\":\"Home\",\"item\":\"https:\/\/irinasb.com\/\"},{\"@type\":\"ListItem\",\"position\":2,\"name\":\"Loja\",\"item\":\"https:\/\/irinasb.com\/loja\/\"},{\"@type\":\"ListItem\",\"position\":3,\"name\":\"Colar Cora\u00e7\u00e3o Viana Cer\u00e2mica\"}]},{\"@type\":\"WebSite\",\"@id\":\"https:\/\/irinasb.com\/#website\",\"url\":\"https:\/\/irinasb.com\/\",\"name\":\"IrinasB\",\"description\":\"Handmade Dreams\",\"publisher\":{\"@id\":\"https:\/\/irinasb.com\/#organization\"},\"potentialAction\":[{\"@type\":\"SearchAction\",\"target\":{\"@type\":\"EntryPoint\",\"urlTemplate\":\"https:\/\/irinasb.com\/?s={search_term_string}\"},\"query-input\":{\"@type\":\"PropertyValueSpecification\",\"valueRequired\":true,\"valueName\":\"search_term_string\"}}],\"inLanguage\":\"en-GB\"},{\"@type\":\"Organization\",\"@id\":\"https:\/\/irinasb.com\/#organization\",\"name\":\"IrinasB\",\"url\":\"https:\/\/irinasb.com\/\",\"logo\":{\"@type\":\"ImageObject\",\"inLanguage\":\"en-GB\",\"@id\":\"https:\/\/irinasb.com\/#\/schema\/logo\/image\/\",\"url\":\"https:\/\/irinasb.com\/wp-content\/uploads\/2016\/11\/logo.fw_.png\",\"contentUrl\":\"https:\/\/irinasb.com\/wp-content\/uploads\/2016\/11\/logo.fw_.png\",\"width\":900,\"height\":453,\"caption\":\"IrinasB\"},\"image\":{\"@id\":\"https:\/\/irinasb.com\/#\/schema\/logo\/image\/\"}}]}<\/script>\n<!-- \/ Yoast SEO plugin. -->","yoast_head_json":{"title":"Colar Cora\u00e7\u00e3o Viana Cer\u00e2mica - IrinasB","robots":{"index":"index","follow":"follow","max-snippet":"max-snippet:-1","max-image-preview":"max-image-preview:large","max-video-preview":"max-video-preview:-1"},"canonical":"https:\/\/irinasb.com\/en\/product\/coracao-de-viana-verde-2\/","og_locale":"en_GB","og_type":"article","og_title":"Colar Cora\u00e7\u00e3o Viana Cer\u00e2mica - IrinasB","og_description":"Corrente em a\u00e7o inoxid\u00e1vel prateado, cristais verdes e pendente de cora\u00e7\u00e3o de Viana em cer\u00e2mica verde. &nbsp; Esta pe\u00e7a \u00e9 enviada numa bonita caixa forrada com veludo e fechada com uma fita de cetim. As nossas pe\u00e7as s\u00e3o&hellip;","og_url":"https:\/\/irinasb.com\/en\/product\/coracao-de-viana-verde-2\/","og_site_name":"IrinasB","article_modified_time":"2025-11-14T09:57:07+00:00","og_image":[{"width":800,"height":968,"url":"https:\/\/irinasb.com\/wp-content\/uploads\/2019\/08\/20190522_151805.jpg","type":"image\/jpeg"}],"twitter_card":"summary_large_image","twitter_misc":{"Estimated reading time":"1 minute"},"schema":{"@context":"https:\/\/schema.org","@graph":[{"@type":"WebPage","@id":"https:\/\/irinasb.com\/produto\/coracao-de-viana-verde-2\/","url":"https:\/\/irinasb.com\/produto\/coracao-de-viana-verde-2\/","name":"Colar Cora\u00e7\u00e3o Viana Cer\u00e2mica - IrinasB","isPartOf":{"@id":"https:\/\/irinasb.com\/#website"},"primaryImageOfPage":{"@id":"https:\/\/irinasb.com\/produto\/coracao-de-viana-verde-2\/#primaryimage"},"image":{"@id":"https:\/\/irinasb.com\/produto\/coracao-de-viana-verde-2\/#primaryimage"},"thumbnailUrl":"https:\/\/irinasb.com\/wp-content\/uploads\/2019\/08\/20190522_151805.jpg","datePublished":"2019-08-22T16:51:09+00:00","dateModified":"2025-11-14T09:57:07+00:00","breadcrumb":{"@id":"https:\/\/irinasb.com\/produto\/coracao-de-viana-verde-2\/#breadcrumb"},"inLanguage":"en-GB","potentialAction":[{"@type":"ReadAction","target":["https:\/\/irinasb.com\/produto\/coracao-de-viana-verde-2\/"]}]},{"@type":"ImageObject","inLanguage":"en-GB","@id":"https:\/\/irinasb.com\/produto\/coracao-de-viana-verde-2\/#primaryimage","url":"https:\/\/irinasb.com\/wp-content\/uploads\/2019\/08\/20190522_151805.jpg","contentUrl":"https:\/\/irinasb.com\/wp-content\/uploads\/2019\/08\/20190522_151805.jpg","width":800,"height":968},{"@type":"BreadcrumbList","@id":"https:\/\/irinasb.com\/produto\/coracao-de-viana-verde-2\/#breadcrumb","itemListElement":[{"@type":"ListItem","position":1,"name":"Home","item":"https:\/\/irinasb.com\/"},{"@type":"ListItem","position":2,"name":"Loja","item":"https:\/\/irinasb.com\/loja\/"},{"@type":"ListItem","position":3,"name":"Colar Cora\u00e7\u00e3o Viana Cer\u00e2mica"}]},{"@type":"WebSite","@id":"https:\/\/irinasb.com\/#website","url":"https:\/\/irinasb.com\/","name":"IrinasB","description":"Handmade Dreams","publisher":{"@id":"https:\/\/irinasb.com\/#organization"},"potentialAction":[{"@type":"SearchAction","target":{"@type":"EntryPoint","urlTemplate":"https:\/\/irinasb.com\/?s={search_term_string}"},"query-input":{"@type":"PropertyValueSpecification","valueRequired":true,"valueName":"search_term_string"}}],"inLanguage":"en-GB"},{"@type":"Organization","@id":"https:\/\/irinasb.com\/#organization","name":"IrinasB","url":"https:\/\/irinasb.com\/","logo":{"@type":"ImageObject","inLanguage":"en-GB","@id":"https:\/\/irinasb.com\/#\/schema\/logo\/image\/","url":"https:\/\/irinasb.com\/wp-content\/uploads\/2016\/11\/logo.fw_.png","contentUrl":"https:\/\/irinasb.com\/wp-content\/uploads\/2016\/11\/logo.fw_.png","width":900,"height":453,"caption":"IrinasB"},"image":{"@id":"https:\/\/irinasb.com\/#\/schema\/logo\/image\/"}}]}},"_links":{"self":[{"href":"https:\/\/irinasb.com\/en\/wp-json\/wp\/v2\/product\/8476","targetHints":{"allow":["GET"]}}],"collection":[{"href":"https:\/\/irinasb.com\/en\/wp-json\/wp\/v2\/product"}],"about":[{"href":"https:\/\/irinasb.com\/en\/wp-json\/wp\/v2\/types\/product"}],"replies":[{"embeddable":true,"href":"https:\/\/irinasb.com\/en\/wp-json\/wp\/v2\/comments?post=8476"}],"wp:featuredmedia":[{"embeddable":true,"href":"https:\/\/irinasb.com\/en\/wp-json\/wp\/v2\/media\/8463"}],"wp:attachment":[{"href":"https:\/\/irinasb.com\/en\/wp-json\/wp\/v2\/media?parent=8476"}],"wp:term":[{"taxonomy":"product_brand","embeddable":true,"href":"https:\/\/irinasb.com\/en\/wp-json\/wp\/v2\/product_brand?post=8476"},{"taxonomy":"product_cat","embeddable":true,"href":"https:\/\/irinasb.com\/en\/wp-json\/wp\/v2\/product_cat?post=8476"},{"taxonomy":"product_tag","embeddable":true,"href":"https:\/\/irinasb.com\/en\/wp-json\/wp\/v2\/product_tag?post=8476"}],"curies":[{"name":"wp","href":"https:\/\/api.w.org\/{rel}","templated":true}]}}