{"id":5324,"date":"2019-02-08T18:19:15","date_gmt":"2019-02-08T18:19:15","guid":{"rendered":"https:\/\/irinasb.com\/?post_type=product&#038;p=5324"},"modified":"2025-10-23T16:47:40","modified_gmt":"2025-10-23T16:47:40","slug":"colar-andorinha-ceramica","status":"publish","type":"product","link":"https:\/\/irinasb.com\/en\/product\/colar-andorinha-ceramica\/","title":{"rendered":"Colar Branco e Rosa com Andorinha"},"content":{"rendered":"<ul>\n<li><strong>Design elegante<\/strong> com uma andorinha detalhadamente trabalhada, que simboliza <strong>liberdade<\/strong>, <strong>renova\u00e7\u00e3o<\/strong> e <strong>felicidade<\/strong>.<\/li>\n<li><strong>Feito \u00e0 m\u00e3o<\/strong> com <strong>materiais de alta qualidade<\/strong>, garantindo durabilidade e um acabamento perfeito.<\/li>\n<li><strong>Vers\u00e1til<\/strong>: perfeito para diferentes ocasi\u00f5es, desde o uso di\u00e1rio at\u00e9 eventos mais formais.<\/li>\n<li>Pe\u00e7a <strong>exclusiva<\/strong> da IrinasB, com um toque de <strong>joalharia artesanal<\/strong> que a torna \u00fanica.<\/li>\n<li>Ideal para quem procura um <strong>colar sofisticado<\/strong>, <strong>significativo<\/strong> e com um design moderno e delicado.<\/li>\n<\/ul>\n<p><strong>Cuidados com a pe\u00e7a:<\/strong> Para manter o seu <strong>colar Andorinha <\/strong>em perfeito estado, siga estas recomenda\u00e7\u00f5es:<\/p>\n<ul>\n<li>Evite o contato direto com <strong>produtos qu\u00edmicos<\/strong>, como perfumes, cremes e produtos de limpeza.<\/li>\n<li><strong>Remova o colar<\/strong> antes de tomar banho, nadar ou realizar atividades f\u00edsicas intensas.<\/li>\n<li><strong>Guarde o colar<\/strong> num local seco e arejado, preferencialmente na caixa original, para evitar riscos e danos.<\/li>\n<li><strong>Limpeza suave<\/strong>: use um pano macio e seco para limpar o colar, evitando o uso de produtos abrasivos que possam danificar o acabamento.<\/li>\n<\/ul>\n<p>&nbsp;<\/p>\n<p><span style=\"color: #000000;\"><em>Our pieces are manufactured manually, therefore, we do not guarantee that the piece sent is exactly the same as the photograph shown, that is, certain details may vary slightly in position, as well as materials such as cork, which may slightly vary in color. We guarantee an identical piece but never exactly the same!<\/em><\/span><\/p>","protected":false},"excerpt":{"rendered":"<p>A pe\u00e7a \u00e9 ideal para quem procura um colar que se destaque, mas que tamb\u00e9m seja discreto o suficiente para o uso di\u00e1rio ou para ocasi\u00f5es especiais.<\/p>\n<p>This piece will be manufactured especially for you and therefore the manufacturing time may vary between 2 to 4 days.<\/p>\n<p>This necklace ships in a beautiful box!<\/p>","protected":false},"featured_media":5313,"comment_status":"closed","ping_status":"closed","template":"","meta":[],"product_brand":[],"product_cat":[186],"product_tag":[],"class_list":{"0":"post-5324","1":"product","2":"type-product","3":"status-publish","4":"has-post-thumbnail","6":"product_cat-maxicolares","8":"first","9":"outofstock","10":"shipping-taxable","11":"purchasable","12":"product-type-simple"},"yoast_head":"<!-- This site is optimized with the Yoast SEO plugin v26.2 - https:\/\/yoast.com\/wordpress\/plugins\/seo\/ -->\n<title>Colar Branco e Rosa com Andorinha - IrinasB<\/title>\n<meta name=\"robots\" content=\"index, follow, max-snippet:-1, max-image-preview:large, max-video-preview:-1\" \/>\n<link rel=\"canonical\" href=\"https:\/\/irinasb.com\/en\/product\/colar-andorinha-ceramica\/\" \/>\n<meta property=\"og:locale\" content=\"en_GB\" \/>\n<meta property=\"og:type\" content=\"article\" \/>\n<meta property=\"og:title\" content=\"Colar Branco e Rosa com Andorinha - IrinasB\" \/>\n<meta property=\"og:description\" content=\"A pe\u00e7a \u00e9 ideal para quem procura um colar que se destaque, mas que tamb\u00e9m seja discreto o suficiente para o uso di\u00e1rio ou para ocasi\u00f5es especiais.  Esta pe\u00e7a ser\u00e1 fabricada especialmente para si e por isso o tempo de fabrico poder\u00e1 variar entre 2 a 4 dias.  Este colar \u00e9 enviado numa bonita caixa!\" \/>\n<meta property=\"og:url\" content=\"https:\/\/irinasb.com\/en\/product\/colar-andorinha-ceramica\/\" \/>\n<meta property=\"og:site_name\" content=\"IrinasB\" \/>\n<meta property=\"article:modified_time\" content=\"2025-10-23T16:47:40+00:00\" \/>\n<meta property=\"og:image\" content=\"https:\/\/irinasb.com\/wp-content\/uploads\/2019\/02\/20190205_100d956.jpg\" \/>\n\t<meta property=\"og:image:width\" content=\"800\" \/>\n\t<meta property=\"og:image:height\" content=\"968\" \/>\n\t<meta property=\"og:image:type\" content=\"image\/jpeg\" \/>\n<meta name=\"twitter:card\" content=\"summary_large_image\" \/>\n<meta name=\"twitter:label1\" content=\"Estimated reading time\" \/>\n\t<meta name=\"twitter:data1\" content=\"2 minutes\" \/>\n<script type=\"application\/ld+json\" class=\"yoast-schema-graph\">{\"@context\":\"https:\/\/schema.org\",\"@graph\":[{\"@type\":\"WebPage\",\"@id\":\"https:\/\/irinasb.com\/produto\/colar-andorinha-ceramica\/\",\"url\":\"https:\/\/irinasb.com\/produto\/colar-andorinha-ceramica\/\",\"name\":\"Colar Branco e Rosa com Andorinha - IrinasB\",\"isPartOf\":{\"@id\":\"https:\/\/irinasb.com\/#website\"},\"primaryImageOfPage\":{\"@id\":\"https:\/\/irinasb.com\/produto\/colar-andorinha-ceramica\/#primaryimage\"},\"image\":{\"@id\":\"https:\/\/irinasb.com\/produto\/colar-andorinha-ceramica\/#primaryimage\"},\"thumbnailUrl\":\"https:\/\/irinasb.com\/wp-content\/uploads\/2019\/02\/20190205_100d956.jpg\",\"datePublished\":\"2019-02-08T18:19:15+00:00\",\"dateModified\":\"2025-10-23T16:47:40+00:00\",\"breadcrumb\":{\"@id\":\"https:\/\/irinasb.com\/produto\/colar-andorinha-ceramica\/#breadcrumb\"},\"inLanguage\":\"en-GB\",\"potentialAction\":[{\"@type\":\"ReadAction\",\"target\":[\"https:\/\/irinasb.com\/produto\/colar-andorinha-ceramica\/\"]}]},{\"@type\":\"ImageObject\",\"inLanguage\":\"en-GB\",\"@id\":\"https:\/\/irinasb.com\/produto\/colar-andorinha-ceramica\/#primaryimage\",\"url\":\"https:\/\/irinasb.com\/wp-content\/uploads\/2019\/02\/20190205_100d956.jpg\",\"contentUrl\":\"https:\/\/irinasb.com\/wp-content\/uploads\/2019\/02\/20190205_100d956.jpg\",\"width\":800,\"height\":968},{\"@type\":\"BreadcrumbList\",\"@id\":\"https:\/\/irinasb.com\/produto\/colar-andorinha-ceramica\/#breadcrumb\",\"itemListElement\":[{\"@type\":\"ListItem\",\"position\":1,\"name\":\"Home\",\"item\":\"https:\/\/irinasb.com\/\"},{\"@type\":\"ListItem\",\"position\":2,\"name\":\"Loja\",\"item\":\"https:\/\/irinasb.com\/loja\/\"},{\"@type\":\"ListItem\",\"position\":3,\"name\":\"Colar Branco e Rosa com Andorinha\"}]},{\"@type\":\"WebSite\",\"@id\":\"https:\/\/irinasb.com\/#website\",\"url\":\"https:\/\/irinasb.com\/\",\"name\":\"IrinasB\",\"description\":\"Handmade Dreams\",\"publisher\":{\"@id\":\"https:\/\/irinasb.com\/#organization\"},\"potentialAction\":[{\"@type\":\"SearchAction\",\"target\":{\"@type\":\"EntryPoint\",\"urlTemplate\":\"https:\/\/irinasb.com\/?s={search_term_string}\"},\"query-input\":{\"@type\":\"PropertyValueSpecification\",\"valueRequired\":true,\"valueName\":\"search_term_string\"}}],\"inLanguage\":\"en-GB\"},{\"@type\":\"Organization\",\"@id\":\"https:\/\/irinasb.com\/#organization\",\"name\":\"IrinasB\",\"url\":\"https:\/\/irinasb.com\/\",\"logo\":{\"@type\":\"ImageObject\",\"inLanguage\":\"en-GB\",\"@id\":\"https:\/\/irinasb.com\/#\/schema\/logo\/image\/\",\"url\":\"https:\/\/irinasb.com\/wp-content\/uploads\/2016\/11\/logo.fw_.png\",\"contentUrl\":\"https:\/\/irinasb.com\/wp-content\/uploads\/2016\/11\/logo.fw_.png\",\"width\":900,\"height\":453,\"caption\":\"IrinasB\"},\"image\":{\"@id\":\"https:\/\/irinasb.com\/#\/schema\/logo\/image\/\"}}]}<\/script>\n<!-- \/ Yoast SEO plugin. -->","yoast_head_json":{"title":"Colar Branco e Rosa com Andorinha - IrinasB","robots":{"index":"index","follow":"follow","max-snippet":"max-snippet:-1","max-image-preview":"max-image-preview:large","max-video-preview":"max-video-preview:-1"},"canonical":"https:\/\/irinasb.com\/en\/product\/colar-andorinha-ceramica\/","og_locale":"en_GB","og_type":"article","og_title":"Colar Branco e Rosa com Andorinha - IrinasB","og_description":"A pe\u00e7a \u00e9 ideal para quem procura um colar que se destaque, mas que tamb\u00e9m seja discreto o suficiente para o uso di\u00e1rio ou para ocasi\u00f5es especiais.  Esta pe\u00e7a ser\u00e1 fabricada especialmente para si e por isso o tempo de fabrico poder\u00e1 variar entre 2 a 4 dias.  Este colar \u00e9 enviado numa bonita caixa!","og_url":"https:\/\/irinasb.com\/en\/product\/colar-andorinha-ceramica\/","og_site_name":"IrinasB","article_modified_time":"2025-10-23T16:47:40+00:00","og_image":[{"width":800,"height":968,"url":"https:\/\/irinasb.com\/wp-content\/uploads\/2019\/02\/20190205_100d956.jpg","type":"image\/jpeg"}],"twitter_card":"summary_large_image","twitter_misc":{"Estimated reading time":"2 minutes"},"schema":{"@context":"https:\/\/schema.org","@graph":[{"@type":"WebPage","@id":"https:\/\/irinasb.com\/produto\/colar-andorinha-ceramica\/","url":"https:\/\/irinasb.com\/produto\/colar-andorinha-ceramica\/","name":"Colar Branco e Rosa com Andorinha - IrinasB","isPartOf":{"@id":"https:\/\/irinasb.com\/#website"},"primaryImageOfPage":{"@id":"https:\/\/irinasb.com\/produto\/colar-andorinha-ceramica\/#primaryimage"},"image":{"@id":"https:\/\/irinasb.com\/produto\/colar-andorinha-ceramica\/#primaryimage"},"thumbnailUrl":"https:\/\/irinasb.com\/wp-content\/uploads\/2019\/02\/20190205_100d956.jpg","datePublished":"2019-02-08T18:19:15+00:00","dateModified":"2025-10-23T16:47:40+00:00","breadcrumb":{"@id":"https:\/\/irinasb.com\/produto\/colar-andorinha-ceramica\/#breadcrumb"},"inLanguage":"en-GB","potentialAction":[{"@type":"ReadAction","target":["https:\/\/irinasb.com\/produto\/colar-andorinha-ceramica\/"]}]},{"@type":"ImageObject","inLanguage":"en-GB","@id":"https:\/\/irinasb.com\/produto\/colar-andorinha-ceramica\/#primaryimage","url":"https:\/\/irinasb.com\/wp-content\/uploads\/2019\/02\/20190205_100d956.jpg","contentUrl":"https:\/\/irinasb.com\/wp-content\/uploads\/2019\/02\/20190205_100d956.jpg","width":800,"height":968},{"@type":"BreadcrumbList","@id":"https:\/\/irinasb.com\/produto\/colar-andorinha-ceramica\/#breadcrumb","itemListElement":[{"@type":"ListItem","position":1,"name":"Home","item":"https:\/\/irinasb.com\/"},{"@type":"ListItem","position":2,"name":"Loja","item":"https:\/\/irinasb.com\/loja\/"},{"@type":"ListItem","position":3,"name":"Colar Branco e Rosa com Andorinha"}]},{"@type":"WebSite","@id":"https:\/\/irinasb.com\/#website","url":"https:\/\/irinasb.com\/","name":"IrinasB","description":"Handmade Dreams","publisher":{"@id":"https:\/\/irinasb.com\/#organization"},"potentialAction":[{"@type":"SearchAction","target":{"@type":"EntryPoint","urlTemplate":"https:\/\/irinasb.com\/?s={search_term_string}"},"query-input":{"@type":"PropertyValueSpecification","valueRequired":true,"valueName":"search_term_string"}}],"inLanguage":"en-GB"},{"@type":"Organization","@id":"https:\/\/irinasb.com\/#organization","name":"IrinasB","url":"https:\/\/irinasb.com\/","logo":{"@type":"ImageObject","inLanguage":"en-GB","@id":"https:\/\/irinasb.com\/#\/schema\/logo\/image\/","url":"https:\/\/irinasb.com\/wp-content\/uploads\/2016\/11\/logo.fw_.png","contentUrl":"https:\/\/irinasb.com\/wp-content\/uploads\/2016\/11\/logo.fw_.png","width":900,"height":453,"caption":"IrinasB"},"image":{"@id":"https:\/\/irinasb.com\/#\/schema\/logo\/image\/"}}]}},"_links":{"self":[{"href":"https:\/\/irinasb.com\/en\/wp-json\/wp\/v2\/product\/5324","targetHints":{"allow":["GET"]}}],"collection":[{"href":"https:\/\/irinasb.com\/en\/wp-json\/wp\/v2\/product"}],"about":[{"href":"https:\/\/irinasb.com\/en\/wp-json\/wp\/v2\/types\/product"}],"replies":[{"embeddable":true,"href":"https:\/\/irinasb.com\/en\/wp-json\/wp\/v2\/comments?post=5324"}],"wp:featuredmedia":[{"embeddable":true,"href":"https:\/\/irinasb.com\/en\/wp-json\/wp\/v2\/media\/5313"}],"wp:attachment":[{"href":"https:\/\/irinasb.com\/en\/wp-json\/wp\/v2\/media?parent=5324"}],"wp:term":[{"taxonomy":"product_brand","embeddable":true,"href":"https:\/\/irinasb.com\/en\/wp-json\/wp\/v2\/product_brand?post=5324"},{"taxonomy":"product_cat","embeddable":true,"href":"https:\/\/irinasb.com\/en\/wp-json\/wp\/v2\/product_cat?post=5324"},{"taxonomy":"product_tag","embeddable":true,"href":"https:\/\/irinasb.com\/en\/wp-json\/wp\/v2\/product_tag?post=5324"}],"curies":[{"name":"wp","href":"https:\/\/api.w.org\/{rel}","templated":true}]}}