{"id":5322,"date":"2019-02-08T18:19:24","date_gmt":"2019-02-08T18:19:24","guid":{"rendered":"https:\/\/irinasb.com\/?post_type=product&#038;p=5322"},"modified":"2025-05-21T16:10:44","modified_gmt":"2025-05-21T16:10:44","slug":"andorinha-12","status":"publish","type":"product","link":"https:\/\/irinasb.com\/en\/product\/andorinha-12\/","title":{"rendered":"Colar Verde \u00c1gua e Andorinha"},"content":{"rendered":"<ul>\n<li><strong>Design Artesanal \u00danico:<\/strong> Cada colar \u00e9 cuidadosamente fabricado \u00e0 m\u00e3o, garantindo uma pe\u00e7a exclusiva que reflete toda a nossa dedica\u00e7\u00e3o.<\/li>\n<li><strong>Materiais Naturais e Sustent\u00e1veis:<\/strong> A utiliza\u00e7\u00e3o de corti\u00e7a verde e cer\u00e2mica promove a sustentabilidade, enquanto o fimo adiciona um toque art\u00edstico e colorido.<\/li>\n<li><strong>Leveza e Conforto:<\/strong> Gra\u00e7as aos materiais selecionados, este colar \u00e9 extremamente leve, proporcionando conforto durante todo o dia.<\/li>\n<\/ul>\n<p><strong>Porqu\u00ea Escolher Este Colar:<\/strong><\/p>\n<ul>\n<li><strong>Estilo Distinto:<\/strong> Ideal para quem procura uma pe\u00e7a de joalharia que se destaque pela originalidade e pelo uso de materiais naturais.<\/li>\n<li><strong>Versatilidade:<\/strong> Perfeito para complementar tanto looks casuais como mais formais, adicionando um toque de eleg\u00e2ncia e natureza ao seu visual.<\/li>\n<li><strong>Presente Significativo:<\/strong> Uma excelente op\u00e7\u00e3o para oferecer a algu\u00e9m especial que aprecia pe\u00e7as artesanais e sustent\u00e1veis.<\/li>\n<\/ul>\n<p><span style=\"color: #000000;\"><em>Our pieces are manufactured manually, therefore, we do not guarantee that the piece sent is exactly the same as the photograph shown, that is, certain details may vary slightly in position, as well as materials such as cork, which may slightly vary in color. We guarantee an identical piece but never exactly the same!<\/em><\/span><\/p>","protected":false},"excerpt":{"rendered":"<p>Uma pe\u00e7a \u00fanica que combina elementos naturais e art\u00edsticos para real\u00e7ar a sua beleza. Este colar \u00e9 composto por flores em corti\u00e7a verde, flores em fimo e uma andorinha em cer\u00e2mica branca, resultando numa pe\u00e7a incrivelmente leve e confort\u00e1vel de usar.<\/p>\n<p>This piece will be manufactured especially for you and therefore the manufacturing time may vary between 2 to 4 days.<\/p>","protected":false},"featured_media":5315,"comment_status":"closed","ping_status":"closed","template":"","meta":[],"product_brand":[],"product_cat":[186],"product_tag":[479,477,478],"class_list":{"0":"post-5322","1":"product","2":"type-product","3":"status-publish","4":"has-post-thumbnail","6":"product_cat-maxicolares","7":"product_tag-colar-com-andorinha","8":"product_tag-colar-cortica-verde","9":"product_tag-maxicolar-verde","11":"first","12":"instock","13":"shipping-taxable","14":"purchasable","15":"product-type-simple"},"yoast_head":"<!-- This site is optimized with the Yoast SEO plugin v26.2 - https:\/\/yoast.com\/wordpress\/plugins\/seo\/ -->\n<title>Colar Verde \u00c1gua e Andorinha - IrinasB<\/title>\n<meta name=\"robots\" content=\"index, follow, max-snippet:-1, max-image-preview:large, max-video-preview:-1\" \/>\n<link rel=\"canonical\" href=\"https:\/\/irinasb.com\/en\/product\/andorinha-12\/\" \/>\n<meta property=\"og:locale\" content=\"en_GB\" \/>\n<meta property=\"og:type\" content=\"article\" \/>\n<meta property=\"og:title\" content=\"Colar Verde \u00c1gua e Andorinha - IrinasB\" \/>\n<meta property=\"og:description\" content=\"Uma pe\u00e7a \u00fanica que combina elementos naturais e art\u00edsticos para real\u00e7ar a sua beleza. Este colar \u00e9 composto por flores em corti\u00e7a verde, flores em fimo e uma andorinha em cer\u00e2mica branca, resultando numa pe\u00e7a incrivelmente leve e confort\u00e1vel de usar.  Esta pe\u00e7a ser\u00e1 fabricada especialmente para si e por isso o tempo de fabrico poder\u00e1 variar entre 2 a 4 dias.\" \/>\n<meta property=\"og:url\" content=\"https:\/\/irinasb.com\/en\/product\/andorinha-12\/\" \/>\n<meta property=\"og:site_name\" content=\"IrinasB\" \/>\n<meta property=\"article:modified_time\" content=\"2025-05-21T16:10:44+00:00\" \/>\n<meta property=\"og:image\" content=\"https:\/\/irinasb.com\/wp-content\/uploads\/2019\/02\/20190205_100203.jpg\" \/>\n\t<meta property=\"og:image:width\" content=\"800\" \/>\n\t<meta property=\"og:image:height\" content=\"968\" \/>\n\t<meta property=\"og:image:type\" content=\"image\/jpeg\" \/>\n<meta name=\"twitter:card\" content=\"summary_large_image\" \/>\n<meta name=\"twitter:label1\" content=\"Estimated reading time\" \/>\n\t<meta name=\"twitter:data1\" content=\"2 minutes\" \/>\n<script type=\"application\/ld+json\" class=\"yoast-schema-graph\">{\"@context\":\"https:\/\/schema.org\",\"@graph\":[{\"@type\":\"WebPage\",\"@id\":\"https:\/\/irinasb.com\/produto\/andorinha-12\/\",\"url\":\"https:\/\/irinasb.com\/produto\/andorinha-12\/\",\"name\":\"Colar Verde \u00c1gua e Andorinha - IrinasB\",\"isPartOf\":{\"@id\":\"https:\/\/irinasb.com\/#website\"},\"primaryImageOfPage\":{\"@id\":\"https:\/\/irinasb.com\/produto\/andorinha-12\/#primaryimage\"},\"image\":{\"@id\":\"https:\/\/irinasb.com\/produto\/andorinha-12\/#primaryimage\"},\"thumbnailUrl\":\"https:\/\/irinasb.com\/wp-content\/uploads\/2019\/02\/20190205_100203.jpg\",\"datePublished\":\"2019-02-08T18:19:24+00:00\",\"dateModified\":\"2025-05-21T16:10:44+00:00\",\"breadcrumb\":{\"@id\":\"https:\/\/irinasb.com\/produto\/andorinha-12\/#breadcrumb\"},\"inLanguage\":\"en-GB\",\"potentialAction\":[{\"@type\":\"ReadAction\",\"target\":[\"https:\/\/irinasb.com\/produto\/andorinha-12\/\"]}]},{\"@type\":\"ImageObject\",\"inLanguage\":\"en-GB\",\"@id\":\"https:\/\/irinasb.com\/produto\/andorinha-12\/#primaryimage\",\"url\":\"https:\/\/irinasb.com\/wp-content\/uploads\/2019\/02\/20190205_100203.jpg\",\"contentUrl\":\"https:\/\/irinasb.com\/wp-content\/uploads\/2019\/02\/20190205_100203.jpg\",\"width\":800,\"height\":968},{\"@type\":\"BreadcrumbList\",\"@id\":\"https:\/\/irinasb.com\/produto\/andorinha-12\/#breadcrumb\",\"itemListElement\":[{\"@type\":\"ListItem\",\"position\":1,\"name\":\"Home\",\"item\":\"https:\/\/irinasb.com\/\"},{\"@type\":\"ListItem\",\"position\":2,\"name\":\"Loja\",\"item\":\"https:\/\/irinasb.com\/loja\/\"},{\"@type\":\"ListItem\",\"position\":3,\"name\":\"Colar Verde \u00c1gua e Andorinha\"}]},{\"@type\":\"WebSite\",\"@id\":\"https:\/\/irinasb.com\/#website\",\"url\":\"https:\/\/irinasb.com\/\",\"name\":\"IrinasB\",\"description\":\"Handmade Dreams\",\"publisher\":{\"@id\":\"https:\/\/irinasb.com\/#organization\"},\"potentialAction\":[{\"@type\":\"SearchAction\",\"target\":{\"@type\":\"EntryPoint\",\"urlTemplate\":\"https:\/\/irinasb.com\/?s={search_term_string}\"},\"query-input\":{\"@type\":\"PropertyValueSpecification\",\"valueRequired\":true,\"valueName\":\"search_term_string\"}}],\"inLanguage\":\"en-GB\"},{\"@type\":\"Organization\",\"@id\":\"https:\/\/irinasb.com\/#organization\",\"name\":\"IrinasB\",\"url\":\"https:\/\/irinasb.com\/\",\"logo\":{\"@type\":\"ImageObject\",\"inLanguage\":\"en-GB\",\"@id\":\"https:\/\/irinasb.com\/#\/schema\/logo\/image\/\",\"url\":\"https:\/\/irinasb.com\/wp-content\/uploads\/2016\/11\/logo.fw_.png\",\"contentUrl\":\"https:\/\/irinasb.com\/wp-content\/uploads\/2016\/11\/logo.fw_.png\",\"width\":900,\"height\":453,\"caption\":\"IrinasB\"},\"image\":{\"@id\":\"https:\/\/irinasb.com\/#\/schema\/logo\/image\/\"}}]}<\/script>\n<!-- \/ Yoast SEO plugin. -->","yoast_head_json":{"title":"Colar Verde \u00c1gua e Andorinha - IrinasB","robots":{"index":"index","follow":"follow","max-snippet":"max-snippet:-1","max-image-preview":"max-image-preview:large","max-video-preview":"max-video-preview:-1"},"canonical":"https:\/\/irinasb.com\/en\/product\/andorinha-12\/","og_locale":"en_GB","og_type":"article","og_title":"Colar Verde \u00c1gua e Andorinha - IrinasB","og_description":"Uma pe\u00e7a \u00fanica que combina elementos naturais e art\u00edsticos para real\u00e7ar a sua beleza. Este colar \u00e9 composto por flores em corti\u00e7a verde, flores em fimo e uma andorinha em cer\u00e2mica branca, resultando numa pe\u00e7a incrivelmente leve e confort\u00e1vel de usar.  Esta pe\u00e7a ser\u00e1 fabricada especialmente para si e por isso o tempo de fabrico poder\u00e1 variar entre 2 a 4 dias.","og_url":"https:\/\/irinasb.com\/en\/product\/andorinha-12\/","og_site_name":"IrinasB","article_modified_time":"2025-05-21T16:10:44+00:00","og_image":[{"width":800,"height":968,"url":"https:\/\/irinasb.com\/wp-content\/uploads\/2019\/02\/20190205_100203.jpg","type":"image\/jpeg"}],"twitter_card":"summary_large_image","twitter_misc":{"Estimated reading time":"2 minutes"},"schema":{"@context":"https:\/\/schema.org","@graph":[{"@type":"WebPage","@id":"https:\/\/irinasb.com\/produto\/andorinha-12\/","url":"https:\/\/irinasb.com\/produto\/andorinha-12\/","name":"Colar Verde \u00c1gua e Andorinha - IrinasB","isPartOf":{"@id":"https:\/\/irinasb.com\/#website"},"primaryImageOfPage":{"@id":"https:\/\/irinasb.com\/produto\/andorinha-12\/#primaryimage"},"image":{"@id":"https:\/\/irinasb.com\/produto\/andorinha-12\/#primaryimage"},"thumbnailUrl":"https:\/\/irinasb.com\/wp-content\/uploads\/2019\/02\/20190205_100203.jpg","datePublished":"2019-02-08T18:19:24+00:00","dateModified":"2025-05-21T16:10:44+00:00","breadcrumb":{"@id":"https:\/\/irinasb.com\/produto\/andorinha-12\/#breadcrumb"},"inLanguage":"en-GB","potentialAction":[{"@type":"ReadAction","target":["https:\/\/irinasb.com\/produto\/andorinha-12\/"]}]},{"@type":"ImageObject","inLanguage":"en-GB","@id":"https:\/\/irinasb.com\/produto\/andorinha-12\/#primaryimage","url":"https:\/\/irinasb.com\/wp-content\/uploads\/2019\/02\/20190205_100203.jpg","contentUrl":"https:\/\/irinasb.com\/wp-content\/uploads\/2019\/02\/20190205_100203.jpg","width":800,"height":968},{"@type":"BreadcrumbList","@id":"https:\/\/irinasb.com\/produto\/andorinha-12\/#breadcrumb","itemListElement":[{"@type":"ListItem","position":1,"name":"Home","item":"https:\/\/irinasb.com\/"},{"@type":"ListItem","position":2,"name":"Loja","item":"https:\/\/irinasb.com\/loja\/"},{"@type":"ListItem","position":3,"name":"Colar Verde \u00c1gua e Andorinha"}]},{"@type":"WebSite","@id":"https:\/\/irinasb.com\/#website","url":"https:\/\/irinasb.com\/","name":"IrinasB","description":"Handmade Dreams","publisher":{"@id":"https:\/\/irinasb.com\/#organization"},"potentialAction":[{"@type":"SearchAction","target":{"@type":"EntryPoint","urlTemplate":"https:\/\/irinasb.com\/?s={search_term_string}"},"query-input":{"@type":"PropertyValueSpecification","valueRequired":true,"valueName":"search_term_string"}}],"inLanguage":"en-GB"},{"@type":"Organization","@id":"https:\/\/irinasb.com\/#organization","name":"IrinasB","url":"https:\/\/irinasb.com\/","logo":{"@type":"ImageObject","inLanguage":"en-GB","@id":"https:\/\/irinasb.com\/#\/schema\/logo\/image\/","url":"https:\/\/irinasb.com\/wp-content\/uploads\/2016\/11\/logo.fw_.png","contentUrl":"https:\/\/irinasb.com\/wp-content\/uploads\/2016\/11\/logo.fw_.png","width":900,"height":453,"caption":"IrinasB"},"image":{"@id":"https:\/\/irinasb.com\/#\/schema\/logo\/image\/"}}]}},"_links":{"self":[{"href":"https:\/\/irinasb.com\/en\/wp-json\/wp\/v2\/product\/5322","targetHints":{"allow":["GET"]}}],"collection":[{"href":"https:\/\/irinasb.com\/en\/wp-json\/wp\/v2\/product"}],"about":[{"href":"https:\/\/irinasb.com\/en\/wp-json\/wp\/v2\/types\/product"}],"replies":[{"embeddable":true,"href":"https:\/\/irinasb.com\/en\/wp-json\/wp\/v2\/comments?post=5322"}],"wp:featuredmedia":[{"embeddable":true,"href":"https:\/\/irinasb.com\/en\/wp-json\/wp\/v2\/media\/5315"}],"wp:attachment":[{"href":"https:\/\/irinasb.com\/en\/wp-json\/wp\/v2\/media?parent=5322"}],"wp:term":[{"taxonomy":"product_brand","embeddable":true,"href":"https:\/\/irinasb.com\/en\/wp-json\/wp\/v2\/product_brand?post=5322"},{"taxonomy":"product_cat","embeddable":true,"href":"https:\/\/irinasb.com\/en\/wp-json\/wp\/v2\/product_cat?post=5322"},{"taxonomy":"product_tag","embeddable":true,"href":"https:\/\/irinasb.com\/en\/wp-json\/wp\/v2\/product_tag?post=5322"}],"curies":[{"name":"wp","href":"https:\/\/api.w.org\/{rel}","templated":true}]}}