{"id":5083,"date":"2018-12-12T16:17:52","date_gmt":"2018-12-12T16:17:52","guid":{"rendered":"https:\/\/irinasb.com\/?post_type=product&#038;p=5083"},"modified":"2025-05-21T16:12:53","modified_gmt":"2025-05-21T16:12:53","slug":"colar-manuela-flores-pretas-coracao-ceramica","status":"publish","type":"product","link":"https:\/\/irinasb.com\/en\/product\/colar-manuela-flores-pretas-coracao-ceramica\/","title":{"rendered":"Colar Preto e Vermelho Cora\u00e7\u00e3o de Viana"},"content":{"rendered":"<ul>\n<li><strong>Design sofisticado<\/strong> e elegante, ideal para mulheres que buscam um acess\u00f3rio que destaque o seu estilo \u00fanico.<\/li>\n<li><strong>Feito \u00e0 m\u00e3o<\/strong> com <strong>materiais de alta qualidade<\/strong>, garantindo uma pe\u00e7a duradoura e cheia de personalidade.<\/li>\n<li><strong>Vers\u00e1til<\/strong>: perfeito para complementar looks di\u00e1rios ou para eventos especiais.<\/li>\n<li>Acess\u00f3rio exclusivo da IrinasB, com um toque artesanal que faz cada pe\u00e7a ser \u00fanica.<\/li>\n<li>Ideal para quem procura um <strong>colar moderno<\/strong>, com um design que exala <strong>sofistica\u00e7\u00e3o<\/strong> e <strong>eleg\u00e2ncia<\/strong>.<\/li>\n<\/ul>\n<p><strong>Cuidados com a pe\u00e7a:<\/strong> Para garantir que o seu <strong>colar Manuela<\/strong> se mantenha em perfeitas condi\u00e7\u00f5es, siga as seguintes recomenda\u00e7\u00f5es:<\/p>\n<ul>\n<li>Evite o contato direto com <strong>produtos qu\u00edmicos<\/strong> como perfumes, cremes e produtos de limpeza.<\/li>\n<li><strong>Retire o colar<\/strong> antes de tomar banho, nadar ou realizar atividades f\u00edsicas intensas.<\/li>\n<li><strong>Guarde o colar<\/strong> num local seco e arejado, preferencialmente na caixa original, para evitar danos e riscos.<\/li>\n<li><strong>Limpeza suave<\/strong>: use um pano macio e seco para limpar o colar, evitando o uso de produtos abrasivos que possam danificar o acabamento.<\/li>\n<\/ul>\n<p>O <strong>colar Manuela<\/strong> \u00e9 mais do que um simples acess\u00f3rio, \u00e9 uma verdadeira obra de arte que traz eleg\u00e2ncia e sofistica\u00e7\u00e3o ao seu visual. Se deseja um colar feito \u00e0 m\u00e3o, exclusivo e com um design moderno e refinado, esta pe\u00e7a \u00e9 a escolha perfeita para expressar a sua personalidade com estilo.<\/p>\n<p><span style=\"color: #000000;\"><em>Our pieces are manufactured manually, therefore, we do not guarantee that the piece sent is exactly the same as the photograph shown, that is, certain details may vary slightly in position, as well as materials such as cork, which may slightly vary in color. We guarantee an identical piece but never exactly the same!<\/em><\/span><\/p>","protected":false},"excerpt":{"rendered":"<p>O <strong>colar Manuela<\/strong>\u00a0\u00e9 uma pe\u00e7a \u00fanica, criada especialmente para mulheres que apreciam o estilo refinado e a beleza da <strong>joalharia artesanal<\/strong>. Com um design sofisticado e contempor\u00e2neo, este colar \u00e9 perfeito para complementar qualquer look, trazendo um toque de <strong>eleg\u00e2ncia<\/strong> e <strong>personalidade<\/strong>.<\/p>\n<p>This piece will be manufactured especially for you and therefore the manufacturing time may vary between 2 to 4 days.<\/p>\n<p>It ships in a beautiful box!<\/p>","protected":false},"featured_media":5084,"comment_status":"closed","ping_status":"closed","template":"","meta":[],"product_brand":[],"product_cat":[186],"product_tag":[492,502,503],"class_list":{"0":"post-5083","1":"product","2":"type-product","3":"status-publish","4":"has-post-thumbnail","6":"product_cat-maxicolares","7":"product_tag-colar-coracao-de-viana","8":"product_tag-colar-manuela","9":"product_tag-colar-preto","11":"first","12":"instock","13":"shipping-taxable","14":"purchasable","15":"product-type-simple"},"yoast_head":"<!-- This site is optimized with the Yoast SEO plugin v26.2 - https:\/\/yoast.com\/wordpress\/plugins\/seo\/ -->\n<title>Colar Preto e Vermelho Cora\u00e7\u00e3o de Viana - IrinasB<\/title>\n<meta name=\"robots\" content=\"index, follow, max-snippet:-1, max-image-preview:large, max-video-preview:-1\" \/>\n<link rel=\"canonical\" href=\"https:\/\/irinasb.com\/en\/product\/colar-manuela-flores-pretas-coracao-ceramica\/\" \/>\n<meta property=\"og:locale\" content=\"en_GB\" \/>\n<meta property=\"og:type\" content=\"article\" \/>\n<meta property=\"og:title\" content=\"Colar Preto e Vermelho Cora\u00e7\u00e3o de Viana - IrinasB\" \/>\n<meta property=\"og:description\" content=\"O colar Manuela\u00a0\u00e9 uma pe\u00e7a \u00fanica, criada especialmente para mulheres que apreciam o estilo refinado e a beleza da joalharia artesanal. Com um design sofisticado e contempor\u00e2neo, este colar \u00e9 perfeito para complementar qualquer look, trazendo um toque de eleg\u00e2ncia e personalidade.  Esta pe\u00e7a ser\u00e1 fabricada especialmente para si e por isso o tempo de fabrico poder\u00e1 variar entre 2 a 4 dias.  \u00c9 enviado numa bonita caixa!\" \/>\n<meta property=\"og:url\" content=\"https:\/\/irinasb.com\/en\/product\/colar-manuela-flores-pretas-coracao-ceramica\/\" \/>\n<meta property=\"og:site_name\" content=\"IrinasB\" \/>\n<meta property=\"article:modified_time\" content=\"2025-05-21T16:12:53+00:00\" \/>\n<meta property=\"og:image\" content=\"https:\/\/irinasb.com\/wp-content\/uploads\/2018\/12\/20181212_131321.jpg\" \/>\n\t<meta property=\"og:image:width\" content=\"800\" \/>\n\t<meta property=\"og:image:height\" content=\"968\" \/>\n\t<meta property=\"og:image:type\" content=\"image\/jpeg\" \/>\n<meta name=\"twitter:card\" content=\"summary_large_image\" \/>\n<meta name=\"twitter:label1\" content=\"Estimated reading time\" \/>\n\t<meta name=\"twitter:data1\" content=\"2 minutes\" \/>\n<script type=\"application\/ld+json\" class=\"yoast-schema-graph\">{\"@context\":\"https:\/\/schema.org\",\"@graph\":[{\"@type\":\"WebPage\",\"@id\":\"https:\/\/irinasb.com\/produto\/colar-manuela-flores-pretas-coracao-ceramica\/\",\"url\":\"https:\/\/irinasb.com\/produto\/colar-manuela-flores-pretas-coracao-ceramica\/\",\"name\":\"Colar Preto e Vermelho Cora\u00e7\u00e3o de Viana - IrinasB\",\"isPartOf\":{\"@id\":\"https:\/\/irinasb.com\/#website\"},\"primaryImageOfPage\":{\"@id\":\"https:\/\/irinasb.com\/produto\/colar-manuela-flores-pretas-coracao-ceramica\/#primaryimage\"},\"image\":{\"@id\":\"https:\/\/irinasb.com\/produto\/colar-manuela-flores-pretas-coracao-ceramica\/#primaryimage\"},\"thumbnailUrl\":\"https:\/\/irinasb.com\/wp-content\/uploads\/2018\/12\/20181212_131321.jpg\",\"datePublished\":\"2018-12-12T16:17:52+00:00\",\"dateModified\":\"2025-05-21T16:12:53+00:00\",\"breadcrumb\":{\"@id\":\"https:\/\/irinasb.com\/produto\/colar-manuela-flores-pretas-coracao-ceramica\/#breadcrumb\"},\"inLanguage\":\"en-GB\",\"potentialAction\":[{\"@type\":\"ReadAction\",\"target\":[\"https:\/\/irinasb.com\/produto\/colar-manuela-flores-pretas-coracao-ceramica\/\"]}]},{\"@type\":\"ImageObject\",\"inLanguage\":\"en-GB\",\"@id\":\"https:\/\/irinasb.com\/produto\/colar-manuela-flores-pretas-coracao-ceramica\/#primaryimage\",\"url\":\"https:\/\/irinasb.com\/wp-content\/uploads\/2018\/12\/20181212_131321.jpg\",\"contentUrl\":\"https:\/\/irinasb.com\/wp-content\/uploads\/2018\/12\/20181212_131321.jpg\",\"width\":800,\"height\":968},{\"@type\":\"BreadcrumbList\",\"@id\":\"https:\/\/irinasb.com\/produto\/colar-manuela-flores-pretas-coracao-ceramica\/#breadcrumb\",\"itemListElement\":[{\"@type\":\"ListItem\",\"position\":1,\"name\":\"Home\",\"item\":\"https:\/\/irinasb.com\/\"},{\"@type\":\"ListItem\",\"position\":2,\"name\":\"Loja\",\"item\":\"https:\/\/irinasb.com\/loja\/\"},{\"@type\":\"ListItem\",\"position\":3,\"name\":\"Colar Preto e Vermelho Cora\u00e7\u00e3o de Viana\"}]},{\"@type\":\"WebSite\",\"@id\":\"https:\/\/irinasb.com\/#website\",\"url\":\"https:\/\/irinasb.com\/\",\"name\":\"IrinasB\",\"description\":\"Handmade Dreams\",\"publisher\":{\"@id\":\"https:\/\/irinasb.com\/#organization\"},\"potentialAction\":[{\"@type\":\"SearchAction\",\"target\":{\"@type\":\"EntryPoint\",\"urlTemplate\":\"https:\/\/irinasb.com\/?s={search_term_string}\"},\"query-input\":{\"@type\":\"PropertyValueSpecification\",\"valueRequired\":true,\"valueName\":\"search_term_string\"}}],\"inLanguage\":\"en-GB\"},{\"@type\":\"Organization\",\"@id\":\"https:\/\/irinasb.com\/#organization\",\"name\":\"IrinasB\",\"url\":\"https:\/\/irinasb.com\/\",\"logo\":{\"@type\":\"ImageObject\",\"inLanguage\":\"en-GB\",\"@id\":\"https:\/\/irinasb.com\/#\/schema\/logo\/image\/\",\"url\":\"https:\/\/irinasb.com\/wp-content\/uploads\/2016\/11\/logo.fw_.png\",\"contentUrl\":\"https:\/\/irinasb.com\/wp-content\/uploads\/2016\/11\/logo.fw_.png\",\"width\":900,\"height\":453,\"caption\":\"IrinasB\"},\"image\":{\"@id\":\"https:\/\/irinasb.com\/#\/schema\/logo\/image\/\"}}]}<\/script>\n<!-- \/ Yoast SEO plugin. -->","yoast_head_json":{"title":"Colar Preto e Vermelho Cora\u00e7\u00e3o de Viana - IrinasB","robots":{"index":"index","follow":"follow","max-snippet":"max-snippet:-1","max-image-preview":"max-image-preview:large","max-video-preview":"max-video-preview:-1"},"canonical":"https:\/\/irinasb.com\/en\/product\/colar-manuela-flores-pretas-coracao-ceramica\/","og_locale":"en_GB","og_type":"article","og_title":"Colar Preto e Vermelho Cora\u00e7\u00e3o de Viana - IrinasB","og_description":"O colar Manuela\u00a0\u00e9 uma pe\u00e7a \u00fanica, criada especialmente para mulheres que apreciam o estilo refinado e a beleza da joalharia artesanal. Com um design sofisticado e contempor\u00e2neo, este colar \u00e9 perfeito para complementar qualquer look, trazendo um toque de eleg\u00e2ncia e personalidade.  Esta pe\u00e7a ser\u00e1 fabricada especialmente para si e por isso o tempo de fabrico poder\u00e1 variar entre 2 a 4 dias.  \u00c9 enviado numa bonita caixa!","og_url":"https:\/\/irinasb.com\/en\/product\/colar-manuela-flores-pretas-coracao-ceramica\/","og_site_name":"IrinasB","article_modified_time":"2025-05-21T16:12:53+00:00","og_image":[{"width":800,"height":968,"url":"https:\/\/irinasb.com\/wp-content\/uploads\/2018\/12\/20181212_131321.jpg","type":"image\/jpeg"}],"twitter_card":"summary_large_image","twitter_misc":{"Estimated reading time":"2 minutes"},"schema":{"@context":"https:\/\/schema.org","@graph":[{"@type":"WebPage","@id":"https:\/\/irinasb.com\/produto\/colar-manuela-flores-pretas-coracao-ceramica\/","url":"https:\/\/irinasb.com\/produto\/colar-manuela-flores-pretas-coracao-ceramica\/","name":"Colar Preto e Vermelho Cora\u00e7\u00e3o de Viana - IrinasB","isPartOf":{"@id":"https:\/\/irinasb.com\/#website"},"primaryImageOfPage":{"@id":"https:\/\/irinasb.com\/produto\/colar-manuela-flores-pretas-coracao-ceramica\/#primaryimage"},"image":{"@id":"https:\/\/irinasb.com\/produto\/colar-manuela-flores-pretas-coracao-ceramica\/#primaryimage"},"thumbnailUrl":"https:\/\/irinasb.com\/wp-content\/uploads\/2018\/12\/20181212_131321.jpg","datePublished":"2018-12-12T16:17:52+00:00","dateModified":"2025-05-21T16:12:53+00:00","breadcrumb":{"@id":"https:\/\/irinasb.com\/produto\/colar-manuela-flores-pretas-coracao-ceramica\/#breadcrumb"},"inLanguage":"en-GB","potentialAction":[{"@type":"ReadAction","target":["https:\/\/irinasb.com\/produto\/colar-manuela-flores-pretas-coracao-ceramica\/"]}]},{"@type":"ImageObject","inLanguage":"en-GB","@id":"https:\/\/irinasb.com\/produto\/colar-manuela-flores-pretas-coracao-ceramica\/#primaryimage","url":"https:\/\/irinasb.com\/wp-content\/uploads\/2018\/12\/20181212_131321.jpg","contentUrl":"https:\/\/irinasb.com\/wp-content\/uploads\/2018\/12\/20181212_131321.jpg","width":800,"height":968},{"@type":"BreadcrumbList","@id":"https:\/\/irinasb.com\/produto\/colar-manuela-flores-pretas-coracao-ceramica\/#breadcrumb","itemListElement":[{"@type":"ListItem","position":1,"name":"Home","item":"https:\/\/irinasb.com\/"},{"@type":"ListItem","position":2,"name":"Loja","item":"https:\/\/irinasb.com\/loja\/"},{"@type":"ListItem","position":3,"name":"Colar Preto e Vermelho Cora\u00e7\u00e3o de Viana"}]},{"@type":"WebSite","@id":"https:\/\/irinasb.com\/#website","url":"https:\/\/irinasb.com\/","name":"IrinasB","description":"Handmade Dreams","publisher":{"@id":"https:\/\/irinasb.com\/#organization"},"potentialAction":[{"@type":"SearchAction","target":{"@type":"EntryPoint","urlTemplate":"https:\/\/irinasb.com\/?s={search_term_string}"},"query-input":{"@type":"PropertyValueSpecification","valueRequired":true,"valueName":"search_term_string"}}],"inLanguage":"en-GB"},{"@type":"Organization","@id":"https:\/\/irinasb.com\/#organization","name":"IrinasB","url":"https:\/\/irinasb.com\/","logo":{"@type":"ImageObject","inLanguage":"en-GB","@id":"https:\/\/irinasb.com\/#\/schema\/logo\/image\/","url":"https:\/\/irinasb.com\/wp-content\/uploads\/2016\/11\/logo.fw_.png","contentUrl":"https:\/\/irinasb.com\/wp-content\/uploads\/2016\/11\/logo.fw_.png","width":900,"height":453,"caption":"IrinasB"},"image":{"@id":"https:\/\/irinasb.com\/#\/schema\/logo\/image\/"}}]}},"_links":{"self":[{"href":"https:\/\/irinasb.com\/en\/wp-json\/wp\/v2\/product\/5083","targetHints":{"allow":["GET"]}}],"collection":[{"href":"https:\/\/irinasb.com\/en\/wp-json\/wp\/v2\/product"}],"about":[{"href":"https:\/\/irinasb.com\/en\/wp-json\/wp\/v2\/types\/product"}],"replies":[{"embeddable":true,"href":"https:\/\/irinasb.com\/en\/wp-json\/wp\/v2\/comments?post=5083"}],"wp:featuredmedia":[{"embeddable":true,"href":"https:\/\/irinasb.com\/en\/wp-json\/wp\/v2\/media\/5084"}],"wp:attachment":[{"href":"https:\/\/irinasb.com\/en\/wp-json\/wp\/v2\/media?parent=5083"}],"wp:term":[{"taxonomy":"product_brand","embeddable":true,"href":"https:\/\/irinasb.com\/en\/wp-json\/wp\/v2\/product_brand?post=5083"},{"taxonomy":"product_cat","embeddable":true,"href":"https:\/\/irinasb.com\/en\/wp-json\/wp\/v2\/product_cat?post=5083"},{"taxonomy":"product_tag","embeddable":true,"href":"https:\/\/irinasb.com\/en\/wp-json\/wp\/v2\/product_tag?post=5083"}],"curies":[{"name":"wp","href":"https:\/\/api.w.org\/{rel}","templated":true}]}}