{"id":4445,"date":"2018-05-11T17:17:54","date_gmt":"2018-05-11T17:17:54","guid":{"rendered":"https:\/\/irinasb.com\/?post_type=product&#038;p=4445"},"modified":"2025-02-02T18:41:18","modified_gmt":"2025-02-02T18:41:18","slug":"colar-ocean-azul-estrela-do-mar","status":"publish","type":"product","link":"https:\/\/irinasb.com\/en\/product\/colar-ocean-azul-estrela-do-mar\/","title":{"rendered":"OCEAN"},"content":{"rendered":"<ul>\n<li><strong>Design inspirado no mar<\/strong>, com uma estrela do mar detalhadamente trabalhada que simboliza <strong>renova\u00e7\u00e3o<\/strong> e <strong>prote\u00e7\u00e3o<\/strong>.<\/li>\n<li><strong>Cor azul profunda<\/strong>, que transmite tranquilidade e eleg\u00e2ncia, evocando as cores do oceano.<\/li>\n<li><strong>Feito \u00e0 m\u00e3o<\/strong> com <strong>materiais de alta qualidade<\/strong>, garantindo uma pe\u00e7a duradoura e \u00fanica.<\/li>\n<li>Ideal para mulheres que buscam um <strong>colar sofisticado<\/strong>, com um design que combina modernidade e simbologia.<\/li>\n<li>Vers\u00e1til e elegante, perfeito para usar em diferentes ocasi\u00f5es, desde o uso di\u00e1rio at\u00e9 eventos especiais.<\/li>\n<\/ul>\n<p><strong>Cuidados com a pe\u00e7a:<\/strong> Para garantir que o <strong>colar Ocean Azul com Estrela do Mar<\/strong> se mantenha em perfeitas condi\u00e7\u00f5es, siga as seguintes recomenda\u00e7\u00f5es:<\/p>\n<ul>\n<li>Evite o contato com <strong>produtos qu\u00edmicos<\/strong>, como perfumes, cremes e produtos de limpeza.<\/li>\n<li><strong>Retire o colar<\/strong> antes de tomar banho, nadar ou realizar atividades f\u00edsicas intensas.<\/li>\n<li><strong>Guarde o colar<\/strong> num local seco e arejado, preferencialmente na caixa original, para evitar danos e riscos.<\/li>\n<li><strong>Limpeza suave<\/strong>: use um pano macio e seco para limpar a pe\u00e7a, evitando o uso de produtos abrasivos que possam danificar o acabamento.<\/li>\n<\/ul>\n<p><em>Our pieces are manufactured manually, therefore, we do not guarantee that the piece sent is exactly the same as the photograph shown, that is, certain details may vary slightly in position, as well as materials such as cork, which may slightly vary in color. We guarantee an identical piece but never exactly the same!<\/em><\/p>","protected":false},"excerpt":{"rendered":"<p><strong>Harmonia Inspirada no Mar<\/strong><\/p>\n<p>O <strong>colar Ocean<\/strong>\u00a0\u00e9 a escolha perfeita para quem procura um <strong>acess\u00f3rio \u00fanico<\/strong>, que combina <strong>beleza natural<\/strong> com a sofistica\u00e7\u00e3o da <strong>joalharia artesanal<\/strong>. Inspirado nas cores e formas do mar, este colar traz consigo a serenidade do oceano e a simbologia da <strong>estrela do mar<\/strong>, que representa <strong>renova\u00e7\u00e3o<\/strong> e <strong>prote\u00e7\u00e3o<\/strong>.<\/p>\n<p>This piece will be manufactured especially for you and therefore the manufacturing time may vary between 2 to 4 days.<\/p>\n<p>It ships in a beautiful box!<\/p>","protected":false},"featured_media":4446,"comment_status":"closed","ping_status":"closed","template":"","meta":[],"product_brand":[],"product_cat":[186],"product_tag":[461,500,501],"class_list":{"0":"post-4445","1":"product","2":"type-product","3":"status-publish","4":"has-post-thumbnail","6":"product_cat-maxicolares","7":"product_tag-colar-azul","8":"product_tag-colar-com-estrela-o-mar","9":"product_tag-colar-inspirado-no-mar","11":"first","12":"outofstock","13":"shipping-taxable","14":"purchasable","15":"product-type-simple"},"yoast_head":"<!-- This site is optimized with the Yoast SEO plugin v26.2 - https:\/\/yoast.com\/wordpress\/plugins\/seo\/ -->\n<title>OCEAN - IrinasB<\/title>\n<meta name=\"robots\" content=\"index, follow, max-snippet:-1, max-image-preview:large, max-video-preview:-1\" \/>\n<link rel=\"canonical\" href=\"https:\/\/irinasb.com\/en\/product\/colar-ocean-azul-estrela-do-mar\/\" \/>\n<meta property=\"og:locale\" content=\"en_GB\" \/>\n<meta property=\"og:type\" content=\"article\" \/>\n<meta property=\"og:title\" content=\"OCEAN - IrinasB\" \/>\n<meta property=\"og:description\" content=\"Harmonia Inspirada no Mar  O colar Ocean\u00a0\u00e9 a escolha perfeita para quem procura um acess\u00f3rio \u00fanico, que combina beleza natural com a sofistica\u00e7\u00e3o da joalharia artesanal. Inspirado nas cores e formas do mar, este colar traz consigo a serenidade do oceano e a simbologia da estrela do mar, que representa renova\u00e7\u00e3o e prote\u00e7\u00e3o.  Esta pe\u00e7a ser\u00e1 fabricada especialmente para si e por isso o tempo de fabrico poder\u00e1 variar entre 2 a 4 dias.  \u00c9 enviado numa bonita caixa!\" \/>\n<meta property=\"og:url\" content=\"https:\/\/irinasb.com\/en\/product\/colar-ocean-azul-estrela-do-mar\/\" \/>\n<meta property=\"og:site_name\" content=\"IrinasB\" \/>\n<meta property=\"article:modified_time\" content=\"2025-02-02T18:41:18+00:00\" \/>\n<meta property=\"og:image\" content=\"https:\/\/irinasb.com\/wp-content\/uploads\/2018\/05\/ocean.jpg\" \/>\n\t<meta property=\"og:image:width\" content=\"800\" \/>\n\t<meta property=\"og:image:height\" content=\"968\" \/>\n\t<meta property=\"og:image:type\" content=\"image\/jpeg\" \/>\n<meta name=\"twitter:card\" content=\"summary_large_image\" \/>\n<meta name=\"twitter:label1\" content=\"Estimated reading time\" \/>\n\t<meta name=\"twitter:data1\" content=\"1 minute\" \/>\n<script type=\"application\/ld+json\" class=\"yoast-schema-graph\">{\"@context\":\"https:\/\/schema.org\",\"@graph\":[{\"@type\":\"WebPage\",\"@id\":\"https:\/\/irinasb.com\/en\/product\/colar-ocean-azul-estrela-do-mar\/\",\"url\":\"https:\/\/irinasb.com\/en\/product\/colar-ocean-azul-estrela-do-mar\/\",\"name\":\"OCEAN - IrinasB\",\"isPartOf\":{\"@id\":\"https:\/\/irinasb.com\/#website\"},\"primaryImageOfPage\":{\"@id\":\"https:\/\/irinasb.com\/en\/product\/colar-ocean-azul-estrela-do-mar\/#primaryimage\"},\"image\":{\"@id\":\"https:\/\/irinasb.com\/en\/product\/colar-ocean-azul-estrela-do-mar\/#primaryimage\"},\"thumbnailUrl\":\"https:\/\/irinasb.com\/wp-content\/uploads\/2018\/05\/ocean.jpg\",\"datePublished\":\"2018-05-11T17:17:54+00:00\",\"dateModified\":\"2025-02-02T18:41:18+00:00\",\"breadcrumb\":{\"@id\":\"https:\/\/irinasb.com\/en\/product\/colar-ocean-azul-estrela-do-mar\/#breadcrumb\"},\"inLanguage\":\"en-GB\",\"potentialAction\":[{\"@type\":\"ReadAction\",\"target\":[\"https:\/\/irinasb.com\/en\/product\/colar-ocean-azul-estrela-do-mar\/\"]}]},{\"@type\":\"ImageObject\",\"inLanguage\":\"en-GB\",\"@id\":\"https:\/\/irinasb.com\/en\/product\/colar-ocean-azul-estrela-do-mar\/#primaryimage\",\"url\":\"https:\/\/irinasb.com\/wp-content\/uploads\/2018\/05\/ocean.jpg\",\"contentUrl\":\"https:\/\/irinasb.com\/wp-content\/uploads\/2018\/05\/ocean.jpg\",\"width\":800,\"height\":968},{\"@type\":\"BreadcrumbList\",\"@id\":\"https:\/\/irinasb.com\/en\/product\/colar-ocean-azul-estrela-do-mar\/#breadcrumb\",\"itemListElement\":[{\"@type\":\"ListItem\",\"position\":1,\"name\":\"Home\",\"item\":\"https:\/\/irinasb.com\/\"},{\"@type\":\"ListItem\",\"position\":2,\"name\":\"Loja\",\"item\":\"https:\/\/irinasb.com\/loja\/\"},{\"@type\":\"ListItem\",\"position\":3,\"name\":\"OCEAN\"}]},{\"@type\":\"WebSite\",\"@id\":\"https:\/\/irinasb.com\/#website\",\"url\":\"https:\/\/irinasb.com\/\",\"name\":\"IrinasB\",\"description\":\"Handmade Dreams\",\"publisher\":{\"@id\":\"https:\/\/irinasb.com\/#organization\"},\"potentialAction\":[{\"@type\":\"SearchAction\",\"target\":{\"@type\":\"EntryPoint\",\"urlTemplate\":\"https:\/\/irinasb.com\/?s={search_term_string}\"},\"query-input\":{\"@type\":\"PropertyValueSpecification\",\"valueRequired\":true,\"valueName\":\"search_term_string\"}}],\"inLanguage\":\"en-GB\"},{\"@type\":\"Organization\",\"@id\":\"https:\/\/irinasb.com\/#organization\",\"name\":\"IrinasB\",\"url\":\"https:\/\/irinasb.com\/\",\"logo\":{\"@type\":\"ImageObject\",\"inLanguage\":\"en-GB\",\"@id\":\"https:\/\/irinasb.com\/#\/schema\/logo\/image\/\",\"url\":\"https:\/\/irinasb.com\/wp-content\/uploads\/2016\/11\/logo.fw_.png\",\"contentUrl\":\"https:\/\/irinasb.com\/wp-content\/uploads\/2016\/11\/logo.fw_.png\",\"width\":900,\"height\":453,\"caption\":\"IrinasB\"},\"image\":{\"@id\":\"https:\/\/irinasb.com\/#\/schema\/logo\/image\/\"}}]}<\/script>\n<!-- \/ Yoast SEO plugin. -->","yoast_head_json":{"title":"OCEAN - IrinasB","robots":{"index":"index","follow":"follow","max-snippet":"max-snippet:-1","max-image-preview":"max-image-preview:large","max-video-preview":"max-video-preview:-1"},"canonical":"https:\/\/irinasb.com\/en\/product\/colar-ocean-azul-estrela-do-mar\/","og_locale":"en_GB","og_type":"article","og_title":"OCEAN - IrinasB","og_description":"Harmonia Inspirada no Mar  O colar Ocean\u00a0\u00e9 a escolha perfeita para quem procura um acess\u00f3rio \u00fanico, que combina beleza natural com a sofistica\u00e7\u00e3o da joalharia artesanal. Inspirado nas cores e formas do mar, este colar traz consigo a serenidade do oceano e a simbologia da estrela do mar, que representa renova\u00e7\u00e3o e prote\u00e7\u00e3o.  Esta pe\u00e7a ser\u00e1 fabricada especialmente para si e por isso o tempo de fabrico poder\u00e1 variar entre 2 a 4 dias.  \u00c9 enviado numa bonita caixa!","og_url":"https:\/\/irinasb.com\/en\/product\/colar-ocean-azul-estrela-do-mar\/","og_site_name":"IrinasB","article_modified_time":"2025-02-02T18:41:18+00:00","og_image":[{"width":800,"height":968,"url":"https:\/\/irinasb.com\/wp-content\/uploads\/2018\/05\/ocean.jpg","type":"image\/jpeg"}],"twitter_card":"summary_large_image","twitter_misc":{"Estimated reading time":"1 minute"},"schema":{"@context":"https:\/\/schema.org","@graph":[{"@type":"WebPage","@id":"https:\/\/irinasb.com\/en\/product\/colar-ocean-azul-estrela-do-mar\/","url":"https:\/\/irinasb.com\/en\/product\/colar-ocean-azul-estrela-do-mar\/","name":"OCEAN - IrinasB","isPartOf":{"@id":"https:\/\/irinasb.com\/#website"},"primaryImageOfPage":{"@id":"https:\/\/irinasb.com\/en\/product\/colar-ocean-azul-estrela-do-mar\/#primaryimage"},"image":{"@id":"https:\/\/irinasb.com\/en\/product\/colar-ocean-azul-estrela-do-mar\/#primaryimage"},"thumbnailUrl":"https:\/\/irinasb.com\/wp-content\/uploads\/2018\/05\/ocean.jpg","datePublished":"2018-05-11T17:17:54+00:00","dateModified":"2025-02-02T18:41:18+00:00","breadcrumb":{"@id":"https:\/\/irinasb.com\/en\/product\/colar-ocean-azul-estrela-do-mar\/#breadcrumb"},"inLanguage":"en-GB","potentialAction":[{"@type":"ReadAction","target":["https:\/\/irinasb.com\/en\/product\/colar-ocean-azul-estrela-do-mar\/"]}]},{"@type":"ImageObject","inLanguage":"en-GB","@id":"https:\/\/irinasb.com\/en\/product\/colar-ocean-azul-estrela-do-mar\/#primaryimage","url":"https:\/\/irinasb.com\/wp-content\/uploads\/2018\/05\/ocean.jpg","contentUrl":"https:\/\/irinasb.com\/wp-content\/uploads\/2018\/05\/ocean.jpg","width":800,"height":968},{"@type":"BreadcrumbList","@id":"https:\/\/irinasb.com\/en\/product\/colar-ocean-azul-estrela-do-mar\/#breadcrumb","itemListElement":[{"@type":"ListItem","position":1,"name":"Home","item":"https:\/\/irinasb.com\/"},{"@type":"ListItem","position":2,"name":"Loja","item":"https:\/\/irinasb.com\/loja\/"},{"@type":"ListItem","position":3,"name":"OCEAN"}]},{"@type":"WebSite","@id":"https:\/\/irinasb.com\/#website","url":"https:\/\/irinasb.com\/","name":"IrinasB","description":"Handmade Dreams","publisher":{"@id":"https:\/\/irinasb.com\/#organization"},"potentialAction":[{"@type":"SearchAction","target":{"@type":"EntryPoint","urlTemplate":"https:\/\/irinasb.com\/?s={search_term_string}"},"query-input":{"@type":"PropertyValueSpecification","valueRequired":true,"valueName":"search_term_string"}}],"inLanguage":"en-GB"},{"@type":"Organization","@id":"https:\/\/irinasb.com\/#organization","name":"IrinasB","url":"https:\/\/irinasb.com\/","logo":{"@type":"ImageObject","inLanguage":"en-GB","@id":"https:\/\/irinasb.com\/#\/schema\/logo\/image\/","url":"https:\/\/irinasb.com\/wp-content\/uploads\/2016\/11\/logo.fw_.png","contentUrl":"https:\/\/irinasb.com\/wp-content\/uploads\/2016\/11\/logo.fw_.png","width":900,"height":453,"caption":"IrinasB"},"image":{"@id":"https:\/\/irinasb.com\/#\/schema\/logo\/image\/"}}]}},"_links":{"self":[{"href":"https:\/\/irinasb.com\/en\/wp-json\/wp\/v2\/product\/4445","targetHints":{"allow":["GET"]}}],"collection":[{"href":"https:\/\/irinasb.com\/en\/wp-json\/wp\/v2\/product"}],"about":[{"href":"https:\/\/irinasb.com\/en\/wp-json\/wp\/v2\/types\/product"}],"replies":[{"embeddable":true,"href":"https:\/\/irinasb.com\/en\/wp-json\/wp\/v2\/comments?post=4445"}],"wp:featuredmedia":[{"embeddable":true,"href":"https:\/\/irinasb.com\/en\/wp-json\/wp\/v2\/media\/4446"}],"wp:attachment":[{"href":"https:\/\/irinasb.com\/en\/wp-json\/wp\/v2\/media?parent=4445"}],"wp:term":[{"taxonomy":"product_brand","embeddable":true,"href":"https:\/\/irinasb.com\/en\/wp-json\/wp\/v2\/product_brand?post=4445"},{"taxonomy":"product_cat","embeddable":true,"href":"https:\/\/irinasb.com\/en\/wp-json\/wp\/v2\/product_cat?post=4445"},{"taxonomy":"product_tag","embeddable":true,"href":"https:\/\/irinasb.com\/en\/wp-json\/wp\/v2\/product_tag?post=4445"}],"curies":[{"name":"wp","href":"https:\/\/api.w.org\/{rel}","templated":true}]}}