{"id":4153,"date":"2018-02-27T18:37:45","date_gmt":"2018-02-27T18:37:45","guid":{"rendered":"https:\/\/irinasb.com\/?post_type=product&#038;p=4153"},"modified":"2025-05-21T16:17:04","modified_gmt":"2025-05-21T16:17:04","slug":"colar-susana-cortica-coracao-de-viana","status":"publish","type":"product","link":"https:\/\/irinasb.com\/en\/product\/colar-susana-cortica-coracao-de-viana\/","title":{"rendered":"Colar Corti\u00e7a e Cora\u00e7\u00e3o de Viana"},"content":{"rendered":"<ul>\n<li><strong>Design elegante e sofisticado<\/strong>, ideal para mulheres que valorizam a exclusividade e a beleza dos acess\u00f3rios feitos \u00e0 m\u00e3o.<\/li>\n<li><strong>Feito \u00e0 m\u00e3o<\/strong> com <strong>materiais de alta qualidade<\/strong>, garantindo uma pe\u00e7a \u00fanica e duradoura.<\/li>\n<li><strong>Vers\u00e1til<\/strong>: perfeito tanto para eventos formais quanto para complementar o estilo di\u00e1rio.<\/li>\n<li>Acess\u00f3rio <strong>exclusivo<\/strong> da IrinasB, refletindo a dedica\u00e7\u00e3o e o cuidado em cada detalhe.<\/li>\n<li>Ideal para quem procura um <strong>colar \u00fanico<\/strong>, com um design que combina estilo, eleg\u00e2ncia e sofistica\u00e7\u00e3o.<\/li>\n<\/ul>\n<p><strong>Cuidados com a pe\u00e7a:<\/strong> Para garantir a durabilidade e a beleza do seu <strong>colar Susana<\/strong>, \u00e9 importante ter alguns cuidados:<\/p>\n<ul>\n<li>Evite o contato direto com <strong>produtos qu\u00edmicos<\/strong>, como perfumes, cremes e produtos de limpeza.<\/li>\n<li><strong>Retire o colar<\/strong> antes de tomar banho, nadar ou realizar atividades f\u00edsicas intensas.<\/li>\n<li><strong>Guarde o colar<\/strong> num local seco e arejado, preferencialmente na caixa original, para evitar riscos e danos.<\/li>\n<li><strong>Limpeza suave<\/strong>: utilize um pano macio e seco para limpar o colar, evitando o uso de produtos abrasivos que possam danificar o acabamento.<\/li>\n<\/ul>\n<p><span style=\"color: #000000;\"><em>Our pieces are manufactured manually, therefore, we do not guarantee that the piece sent is exactly the same as the photograph shown, that is, certain details may vary slightly in position, as well as materials such as cork, which may slightly vary in color. We guarantee an identical piece but never exactly the same!<\/em><\/span><\/p>","protected":false},"excerpt":{"rendered":"<p><strong>Eleg\u00e2ncia Artesanal para Mulheres Sofisticadas<\/strong><\/p>\n<p>O <strong>colar Susana<\/strong> da IrinasB \u00e9 a pe\u00e7a ideal para mulheres que procuram um <strong>acess\u00f3rio elegante<\/strong>, feito \u00e0 m\u00e3o com <strong>materiais de alta qualidade<\/strong> e com um design sofisticado e atemporal.<\/p>\n<p>This piece will be manufactured especially for you and therefore the manufacturing time may vary between 2 to 4 days.<\/p>\n<p>It ships in a beautiful box!<\/p>","protected":false},"featured_media":4154,"comment_status":"closed","ping_status":"closed","template":"","meta":[],"product_brand":[],"product_cat":[186],"product_tag":[492,499],"class_list":{"0":"post-4153","1":"product","2":"type-product","3":"status-publish","4":"has-post-thumbnail","6":"product_cat-maxicolares","7":"product_tag-colar-coracao-de-viana","8":"product_tag-colar-de-cortica","10":"first","11":"instock","12":"shipping-taxable","13":"purchasable","14":"product-type-simple"},"yoast_head":"<!-- This site is optimized with the Yoast SEO plugin v26.2 - https:\/\/yoast.com\/wordpress\/plugins\/seo\/ -->\n<title>Colar Corti\u00e7a e Cora\u00e7\u00e3o de Viana - IrinasB<\/title>\n<meta name=\"robots\" content=\"index, follow, max-snippet:-1, max-image-preview:large, max-video-preview:-1\" \/>\n<link rel=\"canonical\" href=\"https:\/\/irinasb.com\/en\/product\/colar-susana-cortica-coracao-de-viana\/\" \/>\n<meta property=\"og:locale\" content=\"en_GB\" \/>\n<meta property=\"og:type\" content=\"article\" \/>\n<meta property=\"og:title\" content=\"Colar Corti\u00e7a e Cora\u00e7\u00e3o de Viana - IrinasB\" \/>\n<meta property=\"og:description\" content=\"Eleg\u00e2ncia Artesanal para Mulheres Sofisticadas  O colar Susana da IrinasB \u00e9 a pe\u00e7a ideal para mulheres que procuram um acess\u00f3rio elegante, feito \u00e0 m\u00e3o com materiais de alta qualidade e com um design sofisticado e atemporal.  Esta pe\u00e7a ser\u00e1 fabricada especialmente para si e por isso o tempo de fabrico poder\u00e1 variar entre 2 a 4 dias.  \u00c9 enviado numa bonita caixa!\" \/>\n<meta property=\"og:url\" content=\"https:\/\/irinasb.com\/en\/product\/colar-susana-cortica-coracao-de-viana\/\" \/>\n<meta property=\"og:site_name\" content=\"IrinasB\" \/>\n<meta property=\"article:modified_time\" content=\"2025-05-21T16:17:04+00:00\" \/>\n<meta property=\"og:image\" content=\"https:\/\/irinasb.com\/wp-content\/uploads\/2018\/02\/20180220_121340.jpg\" \/>\n\t<meta property=\"og:image:width\" content=\"800\" \/>\n\t<meta property=\"og:image:height\" content=\"968\" \/>\n\t<meta property=\"og:image:type\" content=\"image\/jpeg\" \/>\n<meta name=\"twitter:card\" content=\"summary_large_image\" \/>\n<meta name=\"twitter:label1\" content=\"Estimated reading time\" \/>\n\t<meta name=\"twitter:data1\" content=\"2 minutes\" \/>\n<script type=\"application\/ld+json\" class=\"yoast-schema-graph\">{\"@context\":\"https:\/\/schema.org\",\"@graph\":[{\"@type\":\"WebPage\",\"@id\":\"https:\/\/irinasb.com\/produto\/colar-susana-cortica-coracao-de-viana\/\",\"url\":\"https:\/\/irinasb.com\/produto\/colar-susana-cortica-coracao-de-viana\/\",\"name\":\"Colar Corti\u00e7a e Cora\u00e7\u00e3o de Viana - IrinasB\",\"isPartOf\":{\"@id\":\"https:\/\/irinasb.com\/#website\"},\"primaryImageOfPage\":{\"@id\":\"https:\/\/irinasb.com\/produto\/colar-susana-cortica-coracao-de-viana\/#primaryimage\"},\"image\":{\"@id\":\"https:\/\/irinasb.com\/produto\/colar-susana-cortica-coracao-de-viana\/#primaryimage\"},\"thumbnailUrl\":\"https:\/\/irinasb.com\/wp-content\/uploads\/2018\/02\/20180220_121340.jpg\",\"datePublished\":\"2018-02-27T18:37:45+00:00\",\"dateModified\":\"2025-05-21T16:17:04+00:00\",\"breadcrumb\":{\"@id\":\"https:\/\/irinasb.com\/produto\/colar-susana-cortica-coracao-de-viana\/#breadcrumb\"},\"inLanguage\":\"en-GB\",\"potentialAction\":[{\"@type\":\"ReadAction\",\"target\":[\"https:\/\/irinasb.com\/produto\/colar-susana-cortica-coracao-de-viana\/\"]}]},{\"@type\":\"ImageObject\",\"inLanguage\":\"en-GB\",\"@id\":\"https:\/\/irinasb.com\/produto\/colar-susana-cortica-coracao-de-viana\/#primaryimage\",\"url\":\"https:\/\/irinasb.com\/wp-content\/uploads\/2018\/02\/20180220_121340.jpg\",\"contentUrl\":\"https:\/\/irinasb.com\/wp-content\/uploads\/2018\/02\/20180220_121340.jpg\",\"width\":800,\"height\":968},{\"@type\":\"BreadcrumbList\",\"@id\":\"https:\/\/irinasb.com\/produto\/colar-susana-cortica-coracao-de-viana\/#breadcrumb\",\"itemListElement\":[{\"@type\":\"ListItem\",\"position\":1,\"name\":\"Home\",\"item\":\"https:\/\/irinasb.com\/\"},{\"@type\":\"ListItem\",\"position\":2,\"name\":\"Loja\",\"item\":\"https:\/\/irinasb.com\/loja\/\"},{\"@type\":\"ListItem\",\"position\":3,\"name\":\"Colar Corti\u00e7a e Cora\u00e7\u00e3o de Viana\"}]},{\"@type\":\"WebSite\",\"@id\":\"https:\/\/irinasb.com\/#website\",\"url\":\"https:\/\/irinasb.com\/\",\"name\":\"IrinasB\",\"description\":\"Handmade Dreams\",\"publisher\":{\"@id\":\"https:\/\/irinasb.com\/#organization\"},\"potentialAction\":[{\"@type\":\"SearchAction\",\"target\":{\"@type\":\"EntryPoint\",\"urlTemplate\":\"https:\/\/irinasb.com\/?s={search_term_string}\"},\"query-input\":{\"@type\":\"PropertyValueSpecification\",\"valueRequired\":true,\"valueName\":\"search_term_string\"}}],\"inLanguage\":\"en-GB\"},{\"@type\":\"Organization\",\"@id\":\"https:\/\/irinasb.com\/#organization\",\"name\":\"IrinasB\",\"url\":\"https:\/\/irinasb.com\/\",\"logo\":{\"@type\":\"ImageObject\",\"inLanguage\":\"en-GB\",\"@id\":\"https:\/\/irinasb.com\/#\/schema\/logo\/image\/\",\"url\":\"https:\/\/irinasb.com\/wp-content\/uploads\/2016\/11\/logo.fw_.png\",\"contentUrl\":\"https:\/\/irinasb.com\/wp-content\/uploads\/2016\/11\/logo.fw_.png\",\"width\":900,\"height\":453,\"caption\":\"IrinasB\"},\"image\":{\"@id\":\"https:\/\/irinasb.com\/#\/schema\/logo\/image\/\"}}]}<\/script>\n<!-- \/ Yoast SEO plugin. -->","yoast_head_json":{"title":"Colar Corti\u00e7a e Cora\u00e7\u00e3o de Viana - IrinasB","robots":{"index":"index","follow":"follow","max-snippet":"max-snippet:-1","max-image-preview":"max-image-preview:large","max-video-preview":"max-video-preview:-1"},"canonical":"https:\/\/irinasb.com\/en\/product\/colar-susana-cortica-coracao-de-viana\/","og_locale":"en_GB","og_type":"article","og_title":"Colar Corti\u00e7a e Cora\u00e7\u00e3o de Viana - IrinasB","og_description":"Eleg\u00e2ncia Artesanal para Mulheres Sofisticadas  O colar Susana da IrinasB \u00e9 a pe\u00e7a ideal para mulheres que procuram um acess\u00f3rio elegante, feito \u00e0 m\u00e3o com materiais de alta qualidade e com um design sofisticado e atemporal.  Esta pe\u00e7a ser\u00e1 fabricada especialmente para si e por isso o tempo de fabrico poder\u00e1 variar entre 2 a 4 dias.  \u00c9 enviado numa bonita caixa!","og_url":"https:\/\/irinasb.com\/en\/product\/colar-susana-cortica-coracao-de-viana\/","og_site_name":"IrinasB","article_modified_time":"2025-05-21T16:17:04+00:00","og_image":[{"width":800,"height":968,"url":"https:\/\/irinasb.com\/wp-content\/uploads\/2018\/02\/20180220_121340.jpg","type":"image\/jpeg"}],"twitter_card":"summary_large_image","twitter_misc":{"Estimated reading time":"2 minutes"},"schema":{"@context":"https:\/\/schema.org","@graph":[{"@type":"WebPage","@id":"https:\/\/irinasb.com\/produto\/colar-susana-cortica-coracao-de-viana\/","url":"https:\/\/irinasb.com\/produto\/colar-susana-cortica-coracao-de-viana\/","name":"Colar Corti\u00e7a e Cora\u00e7\u00e3o de Viana - IrinasB","isPartOf":{"@id":"https:\/\/irinasb.com\/#website"},"primaryImageOfPage":{"@id":"https:\/\/irinasb.com\/produto\/colar-susana-cortica-coracao-de-viana\/#primaryimage"},"image":{"@id":"https:\/\/irinasb.com\/produto\/colar-susana-cortica-coracao-de-viana\/#primaryimage"},"thumbnailUrl":"https:\/\/irinasb.com\/wp-content\/uploads\/2018\/02\/20180220_121340.jpg","datePublished":"2018-02-27T18:37:45+00:00","dateModified":"2025-05-21T16:17:04+00:00","breadcrumb":{"@id":"https:\/\/irinasb.com\/produto\/colar-susana-cortica-coracao-de-viana\/#breadcrumb"},"inLanguage":"en-GB","potentialAction":[{"@type":"ReadAction","target":["https:\/\/irinasb.com\/produto\/colar-susana-cortica-coracao-de-viana\/"]}]},{"@type":"ImageObject","inLanguage":"en-GB","@id":"https:\/\/irinasb.com\/produto\/colar-susana-cortica-coracao-de-viana\/#primaryimage","url":"https:\/\/irinasb.com\/wp-content\/uploads\/2018\/02\/20180220_121340.jpg","contentUrl":"https:\/\/irinasb.com\/wp-content\/uploads\/2018\/02\/20180220_121340.jpg","width":800,"height":968},{"@type":"BreadcrumbList","@id":"https:\/\/irinasb.com\/produto\/colar-susana-cortica-coracao-de-viana\/#breadcrumb","itemListElement":[{"@type":"ListItem","position":1,"name":"Home","item":"https:\/\/irinasb.com\/"},{"@type":"ListItem","position":2,"name":"Loja","item":"https:\/\/irinasb.com\/loja\/"},{"@type":"ListItem","position":3,"name":"Colar Corti\u00e7a e Cora\u00e7\u00e3o de Viana"}]},{"@type":"WebSite","@id":"https:\/\/irinasb.com\/#website","url":"https:\/\/irinasb.com\/","name":"IrinasB","description":"Handmade Dreams","publisher":{"@id":"https:\/\/irinasb.com\/#organization"},"potentialAction":[{"@type":"SearchAction","target":{"@type":"EntryPoint","urlTemplate":"https:\/\/irinasb.com\/?s={search_term_string}"},"query-input":{"@type":"PropertyValueSpecification","valueRequired":true,"valueName":"search_term_string"}}],"inLanguage":"en-GB"},{"@type":"Organization","@id":"https:\/\/irinasb.com\/#organization","name":"IrinasB","url":"https:\/\/irinasb.com\/","logo":{"@type":"ImageObject","inLanguage":"en-GB","@id":"https:\/\/irinasb.com\/#\/schema\/logo\/image\/","url":"https:\/\/irinasb.com\/wp-content\/uploads\/2016\/11\/logo.fw_.png","contentUrl":"https:\/\/irinasb.com\/wp-content\/uploads\/2016\/11\/logo.fw_.png","width":900,"height":453,"caption":"IrinasB"},"image":{"@id":"https:\/\/irinasb.com\/#\/schema\/logo\/image\/"}}]}},"_links":{"self":[{"href":"https:\/\/irinasb.com\/en\/wp-json\/wp\/v2\/product\/4153","targetHints":{"allow":["GET"]}}],"collection":[{"href":"https:\/\/irinasb.com\/en\/wp-json\/wp\/v2\/product"}],"about":[{"href":"https:\/\/irinasb.com\/en\/wp-json\/wp\/v2\/types\/product"}],"replies":[{"embeddable":true,"href":"https:\/\/irinasb.com\/en\/wp-json\/wp\/v2\/comments?post=4153"}],"wp:featuredmedia":[{"embeddable":true,"href":"https:\/\/irinasb.com\/en\/wp-json\/wp\/v2\/media\/4154"}],"wp:attachment":[{"href":"https:\/\/irinasb.com\/en\/wp-json\/wp\/v2\/media?parent=4153"}],"wp:term":[{"taxonomy":"product_brand","embeddable":true,"href":"https:\/\/irinasb.com\/en\/wp-json\/wp\/v2\/product_brand?post=4153"},{"taxonomy":"product_cat","embeddable":true,"href":"https:\/\/irinasb.com\/en\/wp-json\/wp\/v2\/product_cat?post=4153"},{"taxonomy":"product_tag","embeddable":true,"href":"https:\/\/irinasb.com\/en\/wp-json\/wp\/v2\/product_tag?post=4153"}],"curies":[{"name":"wp","href":"https:\/\/api.w.org\/{rel}","templated":true}]}}