{"id":3566,"date":"2017-06-09T14:42:34","date_gmt":"2017-06-09T14:42:34","guid":{"rendered":"https:\/\/irinasb.com\/?post_type=product&#038;p=3566"},"modified":"2025-11-11T11:20:48","modified_gmt":"2025-11-11T11:20:48","slug":"minhoto-2","status":"publish","type":"product","link":"https:\/\/irinasb.com\/en\/product\/minhoto-2\/","title":{"rendered":"Porta Moedas em Tecido Padr\u00e3o Len\u00e7os Viana"},"content":{"rendered":"<p>Coin purse with red Viana scarf and metal clasp.<\/p>\n<p>Weight: 59g<\/p>\n<p>Altura: aproximadamente 11cm<\/p>\n<p>Largura: aproximadamente 10cm<\/p>\n<p><em>Our pieces are manufactured manually, therefore, we do not guarantee that the piece sent is exactly the same as the photograph shown, that is, certain details may vary slightly in position, as well as materials such as cork that may vary slightly in color. We guarantee an identical piece but never exactly the same!<\/em><\/p>","protected":false},"excerpt":{"rendered":"<p>This handy purse actually has multiple features!<br \/>\nIt can be used as a purse, key ring, make-up storage, etc.<\/p>","protected":false},"featured_media":3805,"comment_status":"closed","ping_status":"closed","template":"","meta":[],"product_brand":[],"product_cat":[189],"product_tag":[],"class_list":{"0":"post-3566","1":"product","2":"type-product","3":"status-publish","4":"has-post-thumbnail","6":"product_cat-bolsas-e-estojos","8":"first","9":"instock","10":"shipping-taxable","11":"purchasable","12":"product-type-simple"},"yoast_head":"<!-- This site is optimized with the Yoast SEO plugin v26.2 - https:\/\/yoast.com\/wordpress\/plugins\/seo\/ -->\n<title>Porta Moedas em Tecido Padr\u00e3o Len\u00e7os Viana - IrinasB<\/title>\n<meta name=\"robots\" content=\"index, follow, max-snippet:-1, max-image-preview:large, max-video-preview:-1\" \/>\n<link rel=\"canonical\" href=\"https:\/\/irinasb.com\/en\/product\/minhoto-2\/\" \/>\n<meta property=\"og:locale\" content=\"en_GB\" \/>\n<meta property=\"og:type\" content=\"article\" \/>\n<meta property=\"og:title\" content=\"Porta Moedas em Tecido Padr\u00e3o Len\u00e7os Viana - IrinasB\" \/>\n<meta property=\"og:description\" content=\"Este pr\u00e1tico porta-moedas tem na verdade m\u00faltiplas funcionalidades! Pode ser usado como porta-moedas, porta-chaves, para guardar maquilhagens, etc.\" \/>\n<meta property=\"og:url\" content=\"https:\/\/irinasb.com\/en\/product\/minhoto-2\/\" \/>\n<meta property=\"og:site_name\" content=\"IrinasB\" \/>\n<meta property=\"article:modified_time\" content=\"2025-11-11T11:20:48+00:00\" \/>\n<meta property=\"og:image\" content=\"https:\/\/irinasb.com\/wp-content\/uploads\/2017\/06\/MG_0841.jpg\" \/>\n\t<meta property=\"og:image:width\" content=\"800\" \/>\n\t<meta property=\"og:image:height\" content=\"969\" \/>\n\t<meta property=\"og:image:type\" content=\"image\/jpeg\" \/>\n<meta name=\"twitter:card\" content=\"summary_large_image\" \/>\n<meta name=\"twitter:label1\" content=\"Estimated reading time\" \/>\n\t<meta name=\"twitter:data1\" content=\"1 minute\" \/>\n<script type=\"application\/ld+json\" class=\"yoast-schema-graph\">{\"@context\":\"https:\/\/schema.org\",\"@graph\":[{\"@type\":\"WebPage\",\"@id\":\"https:\/\/irinasb.com\/produto\/minhoto-2\/\",\"url\":\"https:\/\/irinasb.com\/produto\/minhoto-2\/\",\"name\":\"Porta Moedas em Tecido Padr\u00e3o Len\u00e7os Viana - IrinasB\",\"isPartOf\":{\"@id\":\"https:\/\/irinasb.com\/#website\"},\"primaryImageOfPage\":{\"@id\":\"https:\/\/irinasb.com\/produto\/minhoto-2\/#primaryimage\"},\"image\":{\"@id\":\"https:\/\/irinasb.com\/produto\/minhoto-2\/#primaryimage\"},\"thumbnailUrl\":\"https:\/\/irinasb.com\/wp-content\/uploads\/2017\/06\/MG_0841.jpg\",\"datePublished\":\"2017-06-09T14:42:34+00:00\",\"dateModified\":\"2025-11-11T11:20:48+00:00\",\"breadcrumb\":{\"@id\":\"https:\/\/irinasb.com\/produto\/minhoto-2\/#breadcrumb\"},\"inLanguage\":\"en-GB\",\"potentialAction\":[{\"@type\":\"ReadAction\",\"target\":[\"https:\/\/irinasb.com\/produto\/minhoto-2\/\"]}]},{\"@type\":\"ImageObject\",\"inLanguage\":\"en-GB\",\"@id\":\"https:\/\/irinasb.com\/produto\/minhoto-2\/#primaryimage\",\"url\":\"https:\/\/irinasb.com\/wp-content\/uploads\/2017\/06\/MG_0841.jpg\",\"contentUrl\":\"https:\/\/irinasb.com\/wp-content\/uploads\/2017\/06\/MG_0841.jpg\",\"width\":800,\"height\":969},{\"@type\":\"BreadcrumbList\",\"@id\":\"https:\/\/irinasb.com\/produto\/minhoto-2\/#breadcrumb\",\"itemListElement\":[{\"@type\":\"ListItem\",\"position\":1,\"name\":\"Home\",\"item\":\"https:\/\/irinasb.com\/\"},{\"@type\":\"ListItem\",\"position\":2,\"name\":\"Loja\",\"item\":\"https:\/\/irinasb.com\/loja\/\"},{\"@type\":\"ListItem\",\"position\":3,\"name\":\"Porta Moedas em Tecido Padr\u00e3o Len\u00e7os Viana\"}]},{\"@type\":\"WebSite\",\"@id\":\"https:\/\/irinasb.com\/#website\",\"url\":\"https:\/\/irinasb.com\/\",\"name\":\"IrinasB\",\"description\":\"Handmade Dreams\",\"publisher\":{\"@id\":\"https:\/\/irinasb.com\/#organization\"},\"potentialAction\":[{\"@type\":\"SearchAction\",\"target\":{\"@type\":\"EntryPoint\",\"urlTemplate\":\"https:\/\/irinasb.com\/?s={search_term_string}\"},\"query-input\":{\"@type\":\"PropertyValueSpecification\",\"valueRequired\":true,\"valueName\":\"search_term_string\"}}],\"inLanguage\":\"en-GB\"},{\"@type\":\"Organization\",\"@id\":\"https:\/\/irinasb.com\/#organization\",\"name\":\"IrinasB\",\"url\":\"https:\/\/irinasb.com\/\",\"logo\":{\"@type\":\"ImageObject\",\"inLanguage\":\"en-GB\",\"@id\":\"https:\/\/irinasb.com\/#\/schema\/logo\/image\/\",\"url\":\"https:\/\/irinasb.com\/wp-content\/uploads\/2016\/11\/logo.fw_.png\",\"contentUrl\":\"https:\/\/irinasb.com\/wp-content\/uploads\/2016\/11\/logo.fw_.png\",\"width\":900,\"height\":453,\"caption\":\"IrinasB\"},\"image\":{\"@id\":\"https:\/\/irinasb.com\/#\/schema\/logo\/image\/\"}}]}<\/script>\n<!-- \/ Yoast SEO plugin. -->","yoast_head_json":{"title":"Porta Moedas em Tecido Padr\u00e3o Len\u00e7os Viana - IrinasB","robots":{"index":"index","follow":"follow","max-snippet":"max-snippet:-1","max-image-preview":"max-image-preview:large","max-video-preview":"max-video-preview:-1"},"canonical":"https:\/\/irinasb.com\/en\/product\/minhoto-2\/","og_locale":"en_GB","og_type":"article","og_title":"Porta Moedas em Tecido Padr\u00e3o Len\u00e7os Viana - IrinasB","og_description":"Este pr\u00e1tico porta-moedas tem na verdade m\u00faltiplas funcionalidades! Pode ser usado como porta-moedas, porta-chaves, para guardar maquilhagens, etc.","og_url":"https:\/\/irinasb.com\/en\/product\/minhoto-2\/","og_site_name":"IrinasB","article_modified_time":"2025-11-11T11:20:48+00:00","og_image":[{"width":800,"height":969,"url":"https:\/\/irinasb.com\/wp-content\/uploads\/2017\/06\/MG_0841.jpg","type":"image\/jpeg"}],"twitter_card":"summary_large_image","twitter_misc":{"Estimated reading time":"1 minute"},"schema":{"@context":"https:\/\/schema.org","@graph":[{"@type":"WebPage","@id":"https:\/\/irinasb.com\/produto\/minhoto-2\/","url":"https:\/\/irinasb.com\/produto\/minhoto-2\/","name":"Porta Moedas em Tecido Padr\u00e3o Len\u00e7os Viana - IrinasB","isPartOf":{"@id":"https:\/\/irinasb.com\/#website"},"primaryImageOfPage":{"@id":"https:\/\/irinasb.com\/produto\/minhoto-2\/#primaryimage"},"image":{"@id":"https:\/\/irinasb.com\/produto\/minhoto-2\/#primaryimage"},"thumbnailUrl":"https:\/\/irinasb.com\/wp-content\/uploads\/2017\/06\/MG_0841.jpg","datePublished":"2017-06-09T14:42:34+00:00","dateModified":"2025-11-11T11:20:48+00:00","breadcrumb":{"@id":"https:\/\/irinasb.com\/produto\/minhoto-2\/#breadcrumb"},"inLanguage":"en-GB","potentialAction":[{"@type":"ReadAction","target":["https:\/\/irinasb.com\/produto\/minhoto-2\/"]}]},{"@type":"ImageObject","inLanguage":"en-GB","@id":"https:\/\/irinasb.com\/produto\/minhoto-2\/#primaryimage","url":"https:\/\/irinasb.com\/wp-content\/uploads\/2017\/06\/MG_0841.jpg","contentUrl":"https:\/\/irinasb.com\/wp-content\/uploads\/2017\/06\/MG_0841.jpg","width":800,"height":969},{"@type":"BreadcrumbList","@id":"https:\/\/irinasb.com\/produto\/minhoto-2\/#breadcrumb","itemListElement":[{"@type":"ListItem","position":1,"name":"Home","item":"https:\/\/irinasb.com\/"},{"@type":"ListItem","position":2,"name":"Loja","item":"https:\/\/irinasb.com\/loja\/"},{"@type":"ListItem","position":3,"name":"Porta Moedas em Tecido Padr\u00e3o Len\u00e7os Viana"}]},{"@type":"WebSite","@id":"https:\/\/irinasb.com\/#website","url":"https:\/\/irinasb.com\/","name":"IrinasB","description":"Handmade Dreams","publisher":{"@id":"https:\/\/irinasb.com\/#organization"},"potentialAction":[{"@type":"SearchAction","target":{"@type":"EntryPoint","urlTemplate":"https:\/\/irinasb.com\/?s={search_term_string}"},"query-input":{"@type":"PropertyValueSpecification","valueRequired":true,"valueName":"search_term_string"}}],"inLanguage":"en-GB"},{"@type":"Organization","@id":"https:\/\/irinasb.com\/#organization","name":"IrinasB","url":"https:\/\/irinasb.com\/","logo":{"@type":"ImageObject","inLanguage":"en-GB","@id":"https:\/\/irinasb.com\/#\/schema\/logo\/image\/","url":"https:\/\/irinasb.com\/wp-content\/uploads\/2016\/11\/logo.fw_.png","contentUrl":"https:\/\/irinasb.com\/wp-content\/uploads\/2016\/11\/logo.fw_.png","width":900,"height":453,"caption":"IrinasB"},"image":{"@id":"https:\/\/irinasb.com\/#\/schema\/logo\/image\/"}}]}},"_links":{"self":[{"href":"https:\/\/irinasb.com\/en\/wp-json\/wp\/v2\/product\/3566","targetHints":{"allow":["GET"]}}],"collection":[{"href":"https:\/\/irinasb.com\/en\/wp-json\/wp\/v2\/product"}],"about":[{"href":"https:\/\/irinasb.com\/en\/wp-json\/wp\/v2\/types\/product"}],"replies":[{"embeddable":true,"href":"https:\/\/irinasb.com\/en\/wp-json\/wp\/v2\/comments?post=3566"}],"wp:featuredmedia":[{"embeddable":true,"href":"https:\/\/irinasb.com\/en\/wp-json\/wp\/v2\/media\/3805"}],"wp:attachment":[{"href":"https:\/\/irinasb.com\/en\/wp-json\/wp\/v2\/media?parent=3566"}],"wp:term":[{"taxonomy":"product_brand","embeddable":true,"href":"https:\/\/irinasb.com\/en\/wp-json\/wp\/v2\/product_brand?post=3566"},{"taxonomy":"product_cat","embeddable":true,"href":"https:\/\/irinasb.com\/en\/wp-json\/wp\/v2\/product_cat?post=3566"},{"taxonomy":"product_tag","embeddable":true,"href":"https:\/\/irinasb.com\/en\/wp-json\/wp\/v2\/product_tag?post=3566"}],"curies":[{"name":"wp","href":"https:\/\/api.w.org\/{rel}","templated":true}]}}