{"id":3382,"date":"2017-04-03T14:50:49","date_gmt":"2017-04-03T14:50:49","guid":{"rendered":"https:\/\/irinasb.com\/?post_type=product&#038;p=3382"},"modified":"2025-05-21T16:17:35","modified_gmt":"2025-05-21T16:17:35","slug":"colar-flores-pretas-coracao-filigrana","status":"publish","type":"product","link":"https:\/\/irinasb.com\/en\/product\/colar-flores-pretas-coracao-filigrana\/","title":{"rendered":"Colar Flores Pretas e Cora\u00e7\u00e3o Prata"},"content":{"rendered":"<ul>\n<li><strong>Design exclusivo<\/strong>, que combina a modernidade das flores em polipele preta com a tradi\u00e7\u00e3o do cora\u00e7\u00e3o de Viana em filigrana.<\/li>\n<li><strong>Feito \u00e0 m\u00e3o<\/strong> com <strong>materiais de alta qualidade<\/strong>, garantindo um acabamento perfeito e uma pe\u00e7a \u00fanica. O cora\u00e7\u00e3o de Viana \u00e9 produzido manualmente em prata 925 de filigrana.<\/li>\n<li><strong>Incrivelmente leve<\/strong>, proporcionando conforto durante o uso, sem perder a sofistica\u00e7\u00e3o.<\/li>\n<li>O <strong>cora\u00e7\u00e3o de Viana<\/strong> \u00e9 um s\u00edmbolo de amor e prote\u00e7\u00e3o, tornando este colar uma escolha ideal para presentes especiais.<\/li>\n<li>Perfeito para mulheres que procuram um <strong>colar elegante<\/strong> e com significado cultural, ideal para o dia a dia ou ocasi\u00f5es especiais.<\/li>\n<\/ul>\n<p><strong>Cuidados com a pe\u00e7a:<\/strong> Para manter o seu <strong>colar flores pretas com cora\u00e7\u00e3o de filigrana<\/strong> em perfeito estado, siga as seguintes recomenda\u00e7\u00f5es:<\/p>\n<ul>\n<li>Evite o contato com <strong>produtos qu\u00edmicos<\/strong> como perfumes, cremes e produtos de limpeza, que podem danificar o acabamento da pe\u00e7a.<\/li>\n<li><strong>Remova o colar<\/strong> antes de tomar banho, nadar ou realizar atividades f\u00edsicas intensas.<\/li>\n<li><strong>Guarde o colar<\/strong> num local seco e arejado, preferencialmente na caixa original, para evitar danos e riscos.<\/li>\n<li><strong>Limpeza suave<\/strong>: use um pano macio e seco para limpar o colar, evitando o uso de produtos abrasivos que possam danificar a filigrana.<\/li>\n<\/ul>\n<p>&nbsp;<\/p>\n<p><em>Our pieces are manufactured manually, therefore, we do not guarantee that the piece sent is exactly the same as the photograph shown, that is, certain details may vary slightly in position, as well as materials such as cork, which may slightly vary in color. We guarantee an identical piece but never exactly the same!<\/em><\/p>","protected":false},"excerpt":{"rendered":"<p>Feel special and desired!<\/p>\n<p><strong>Sofistica\u00e7\u00e3o e Tradi\u00e7\u00e3o em Cada Detalhe<\/strong><\/p>\n<p>O <strong>colar flores pretas com cora\u00e7\u00e3o de filigrana<\/strong>\u00a0\u00e9 uma pe\u00e7a \u00fanica que mistura o <strong>design moderno<\/strong> das <strong>flowers<\/strong>\u00a0com a tradi\u00e7\u00e3o portuguesa do <strong>cora\u00e7\u00e3o de Viana<\/strong> em <strong>filigree<\/strong>. Feito \u00e0 m\u00e3o com <strong>materiais de alta qualidade<\/strong>, este colar \u00e9 a escolha perfeita para mulheres que apreciam acess\u00f3rios exclusivos e com forte significado cultural.<\/p>\n<p>Attention! This piece is only manufactured to order, after purchase the delivery time can vary between 1 to 2 weeks.<\/p>","protected":false},"featured_media":5131,"comment_status":"closed","ping_status":"closed","template":"","meta":[],"product_brand":[],"product_cat":[186],"product_tag":[486,497,498],"class_list":{"0":"post-3382","1":"product","2":"type-product","3":"status-publish","4":"has-post-thumbnail","6":"product_cat-maxicolares","7":"product_tag-colar-flores-pretas","8":"product_tag-coracao-de-viana-em-filigrana","9":"product_tag-prata-de-lei-925","11":"first","12":"instock","13":"shipping-taxable","14":"purchasable","15":"product-type-simple"},"yoast_head":"<!-- This site is optimized with the Yoast SEO plugin v26.2 - https:\/\/yoast.com\/wordpress\/plugins\/seo\/ -->\n<title>Colar Flores Pretas e Cora\u00e7\u00e3o Prata - IrinasB<\/title>\n<meta name=\"robots\" content=\"index, follow, max-snippet:-1, max-image-preview:large, max-video-preview:-1\" \/>\n<link rel=\"canonical\" href=\"https:\/\/irinasb.com\/en\/product\/colar-flores-pretas-coracao-filigrana\/\" \/>\n<meta property=\"og:locale\" content=\"en_GB\" \/>\n<meta property=\"og:type\" content=\"article\" \/>\n<meta property=\"og:title\" content=\"Colar Flores Pretas e Cora\u00e7\u00e3o Prata - IrinasB\" \/>\n<meta property=\"og:description\" content=\"Sinta-se especial e desejada!  Sofistica\u00e7\u00e3o e Tradi\u00e7\u00e3o em Cada Detalhe  O colar flores pretas com cora\u00e7\u00e3o de filigrana\u00a0\u00e9 uma pe\u00e7a \u00fanica que mistura o design moderno das flores\u00a0com a tradi\u00e7\u00e3o portuguesa do cora\u00e7\u00e3o de Viana em filigrana. Feito \u00e0 m\u00e3o com materiais de alta qualidade, este colar \u00e9 a escolha perfeita para mulheres que apreciam acess\u00f3rios exclusivos e com forte significado cultural.  Aten\u00e7\u00e3o! Esta pe\u00e7a \u00e9 fabricada apenas por encomenda, ap\u00f3s a compra o tempo de entrega pode variar entre 1 a 2 semanas.\" \/>\n<meta property=\"og:url\" content=\"https:\/\/irinasb.com\/en\/product\/colar-flores-pretas-coracao-filigrana\/\" \/>\n<meta property=\"og:site_name\" content=\"IrinasB\" \/>\n<meta property=\"article:modified_time\" content=\"2025-05-21T16:17:35+00:00\" \/>\n<meta property=\"og:image\" content=\"https:\/\/irinasb.com\/wp-content\/uploads\/2017\/04\/20190109_183601.jpg\" \/>\n\t<meta property=\"og:image:width\" content=\"800\" \/>\n\t<meta property=\"og:image:height\" content=\"968\" \/>\n\t<meta property=\"og:image:type\" content=\"image\/jpeg\" \/>\n<meta name=\"twitter:card\" content=\"summary_large_image\" \/>\n<meta name=\"twitter:label1\" content=\"Estimated reading time\" \/>\n\t<meta name=\"twitter:data1\" content=\"2 minutes\" \/>\n<script type=\"application\/ld+json\" class=\"yoast-schema-graph\">{\"@context\":\"https:\/\/schema.org\",\"@graph\":[{\"@type\":\"WebPage\",\"@id\":\"https:\/\/irinasb.com\/produto\/colar-flores-pretas-coracao-filigrana\/\",\"url\":\"https:\/\/irinasb.com\/produto\/colar-flores-pretas-coracao-filigrana\/\",\"name\":\"Colar Flores Pretas e Cora\u00e7\u00e3o Prata - IrinasB\",\"isPartOf\":{\"@id\":\"https:\/\/irinasb.com\/#website\"},\"primaryImageOfPage\":{\"@id\":\"https:\/\/irinasb.com\/produto\/colar-flores-pretas-coracao-filigrana\/#primaryimage\"},\"image\":{\"@id\":\"https:\/\/irinasb.com\/produto\/colar-flores-pretas-coracao-filigrana\/#primaryimage\"},\"thumbnailUrl\":\"https:\/\/irinasb.com\/wp-content\/uploads\/2017\/04\/20190109_183601.jpg\",\"datePublished\":\"2017-04-03T14:50:49+00:00\",\"dateModified\":\"2025-05-21T16:17:35+00:00\",\"breadcrumb\":{\"@id\":\"https:\/\/irinasb.com\/produto\/colar-flores-pretas-coracao-filigrana\/#breadcrumb\"},\"inLanguage\":\"en-GB\",\"potentialAction\":[{\"@type\":\"ReadAction\",\"target\":[\"https:\/\/irinasb.com\/produto\/colar-flores-pretas-coracao-filigrana\/\"]}]},{\"@type\":\"ImageObject\",\"inLanguage\":\"en-GB\",\"@id\":\"https:\/\/irinasb.com\/produto\/colar-flores-pretas-coracao-filigrana\/#primaryimage\",\"url\":\"https:\/\/irinasb.com\/wp-content\/uploads\/2017\/04\/20190109_183601.jpg\",\"contentUrl\":\"https:\/\/irinasb.com\/wp-content\/uploads\/2017\/04\/20190109_183601.jpg\",\"width\":800,\"height\":968},{\"@type\":\"BreadcrumbList\",\"@id\":\"https:\/\/irinasb.com\/produto\/colar-flores-pretas-coracao-filigrana\/#breadcrumb\",\"itemListElement\":[{\"@type\":\"ListItem\",\"position\":1,\"name\":\"Home\",\"item\":\"https:\/\/irinasb.com\/\"},{\"@type\":\"ListItem\",\"position\":2,\"name\":\"Loja\",\"item\":\"https:\/\/irinasb.com\/loja\/\"},{\"@type\":\"ListItem\",\"position\":3,\"name\":\"Colar Flores Pretas e Cora\u00e7\u00e3o Prata\"}]},{\"@type\":\"WebSite\",\"@id\":\"https:\/\/irinasb.com\/#website\",\"url\":\"https:\/\/irinasb.com\/\",\"name\":\"IrinasB\",\"description\":\"Handmade Dreams\",\"publisher\":{\"@id\":\"https:\/\/irinasb.com\/#organization\"},\"potentialAction\":[{\"@type\":\"SearchAction\",\"target\":{\"@type\":\"EntryPoint\",\"urlTemplate\":\"https:\/\/irinasb.com\/?s={search_term_string}\"},\"query-input\":{\"@type\":\"PropertyValueSpecification\",\"valueRequired\":true,\"valueName\":\"search_term_string\"}}],\"inLanguage\":\"en-GB\"},{\"@type\":\"Organization\",\"@id\":\"https:\/\/irinasb.com\/#organization\",\"name\":\"IrinasB\",\"url\":\"https:\/\/irinasb.com\/\",\"logo\":{\"@type\":\"ImageObject\",\"inLanguage\":\"en-GB\",\"@id\":\"https:\/\/irinasb.com\/#\/schema\/logo\/image\/\",\"url\":\"https:\/\/irinasb.com\/wp-content\/uploads\/2016\/11\/logo.fw_.png\",\"contentUrl\":\"https:\/\/irinasb.com\/wp-content\/uploads\/2016\/11\/logo.fw_.png\",\"width\":900,\"height\":453,\"caption\":\"IrinasB\"},\"image\":{\"@id\":\"https:\/\/irinasb.com\/#\/schema\/logo\/image\/\"}}]}<\/script>\n<!-- \/ Yoast SEO plugin. -->","yoast_head_json":{"title":"Colar Flores Pretas e Cora\u00e7\u00e3o Prata - IrinasB","robots":{"index":"index","follow":"follow","max-snippet":"max-snippet:-1","max-image-preview":"max-image-preview:large","max-video-preview":"max-video-preview:-1"},"canonical":"https:\/\/irinasb.com\/en\/product\/colar-flores-pretas-coracao-filigrana\/","og_locale":"en_GB","og_type":"article","og_title":"Colar Flores Pretas e Cora\u00e7\u00e3o Prata - IrinasB","og_description":"Sinta-se especial e desejada!  Sofistica\u00e7\u00e3o e Tradi\u00e7\u00e3o em Cada Detalhe  O colar flores pretas com cora\u00e7\u00e3o de filigrana\u00a0\u00e9 uma pe\u00e7a \u00fanica que mistura o design moderno das flores\u00a0com a tradi\u00e7\u00e3o portuguesa do cora\u00e7\u00e3o de Viana em filigrana. Feito \u00e0 m\u00e3o com materiais de alta qualidade, este colar \u00e9 a escolha perfeita para mulheres que apreciam acess\u00f3rios exclusivos e com forte significado cultural.  Aten\u00e7\u00e3o! Esta pe\u00e7a \u00e9 fabricada apenas por encomenda, ap\u00f3s a compra o tempo de entrega pode variar entre 1 a 2 semanas.","og_url":"https:\/\/irinasb.com\/en\/product\/colar-flores-pretas-coracao-filigrana\/","og_site_name":"IrinasB","article_modified_time":"2025-05-21T16:17:35+00:00","og_image":[{"width":800,"height":968,"url":"https:\/\/irinasb.com\/wp-content\/uploads\/2017\/04\/20190109_183601.jpg","type":"image\/jpeg"}],"twitter_card":"summary_large_image","twitter_misc":{"Estimated reading time":"2 minutes"},"schema":{"@context":"https:\/\/schema.org","@graph":[{"@type":"WebPage","@id":"https:\/\/irinasb.com\/produto\/colar-flores-pretas-coracao-filigrana\/","url":"https:\/\/irinasb.com\/produto\/colar-flores-pretas-coracao-filigrana\/","name":"Colar Flores Pretas e Cora\u00e7\u00e3o Prata - IrinasB","isPartOf":{"@id":"https:\/\/irinasb.com\/#website"},"primaryImageOfPage":{"@id":"https:\/\/irinasb.com\/produto\/colar-flores-pretas-coracao-filigrana\/#primaryimage"},"image":{"@id":"https:\/\/irinasb.com\/produto\/colar-flores-pretas-coracao-filigrana\/#primaryimage"},"thumbnailUrl":"https:\/\/irinasb.com\/wp-content\/uploads\/2017\/04\/20190109_183601.jpg","datePublished":"2017-04-03T14:50:49+00:00","dateModified":"2025-05-21T16:17:35+00:00","breadcrumb":{"@id":"https:\/\/irinasb.com\/produto\/colar-flores-pretas-coracao-filigrana\/#breadcrumb"},"inLanguage":"en-GB","potentialAction":[{"@type":"ReadAction","target":["https:\/\/irinasb.com\/produto\/colar-flores-pretas-coracao-filigrana\/"]}]},{"@type":"ImageObject","inLanguage":"en-GB","@id":"https:\/\/irinasb.com\/produto\/colar-flores-pretas-coracao-filigrana\/#primaryimage","url":"https:\/\/irinasb.com\/wp-content\/uploads\/2017\/04\/20190109_183601.jpg","contentUrl":"https:\/\/irinasb.com\/wp-content\/uploads\/2017\/04\/20190109_183601.jpg","width":800,"height":968},{"@type":"BreadcrumbList","@id":"https:\/\/irinasb.com\/produto\/colar-flores-pretas-coracao-filigrana\/#breadcrumb","itemListElement":[{"@type":"ListItem","position":1,"name":"Home","item":"https:\/\/irinasb.com\/"},{"@type":"ListItem","position":2,"name":"Loja","item":"https:\/\/irinasb.com\/loja\/"},{"@type":"ListItem","position":3,"name":"Colar Flores Pretas e Cora\u00e7\u00e3o Prata"}]},{"@type":"WebSite","@id":"https:\/\/irinasb.com\/#website","url":"https:\/\/irinasb.com\/","name":"IrinasB","description":"Handmade Dreams","publisher":{"@id":"https:\/\/irinasb.com\/#organization"},"potentialAction":[{"@type":"SearchAction","target":{"@type":"EntryPoint","urlTemplate":"https:\/\/irinasb.com\/?s={search_term_string}"},"query-input":{"@type":"PropertyValueSpecification","valueRequired":true,"valueName":"search_term_string"}}],"inLanguage":"en-GB"},{"@type":"Organization","@id":"https:\/\/irinasb.com\/#organization","name":"IrinasB","url":"https:\/\/irinasb.com\/","logo":{"@type":"ImageObject","inLanguage":"en-GB","@id":"https:\/\/irinasb.com\/#\/schema\/logo\/image\/","url":"https:\/\/irinasb.com\/wp-content\/uploads\/2016\/11\/logo.fw_.png","contentUrl":"https:\/\/irinasb.com\/wp-content\/uploads\/2016\/11\/logo.fw_.png","width":900,"height":453,"caption":"IrinasB"},"image":{"@id":"https:\/\/irinasb.com\/#\/schema\/logo\/image\/"}}]}},"_links":{"self":[{"href":"https:\/\/irinasb.com\/en\/wp-json\/wp\/v2\/product\/3382","targetHints":{"allow":["GET"]}}],"collection":[{"href":"https:\/\/irinasb.com\/en\/wp-json\/wp\/v2\/product"}],"about":[{"href":"https:\/\/irinasb.com\/en\/wp-json\/wp\/v2\/types\/product"}],"replies":[{"embeddable":true,"href":"https:\/\/irinasb.com\/en\/wp-json\/wp\/v2\/comments?post=3382"}],"wp:featuredmedia":[{"embeddable":true,"href":"https:\/\/irinasb.com\/en\/wp-json\/wp\/v2\/media\/5131"}],"wp:attachment":[{"href":"https:\/\/irinasb.com\/en\/wp-json\/wp\/v2\/media?parent=3382"}],"wp:term":[{"taxonomy":"product_brand","embeddable":true,"href":"https:\/\/irinasb.com\/en\/wp-json\/wp\/v2\/product_brand?post=3382"},{"taxonomy":"product_cat","embeddable":true,"href":"https:\/\/irinasb.com\/en\/wp-json\/wp\/v2\/product_cat?post=3382"},{"taxonomy":"product_tag","embeddable":true,"href":"https:\/\/irinasb.com\/en\/wp-json\/wp\/v2\/product_tag?post=3382"}],"curies":[{"name":"wp","href":"https:\/\/api.w.org\/{rel}","templated":true}]}}