{"id":33516,"date":"2026-04-15T16:22:08","date_gmt":"2026-04-15T16:22:08","guid":{"rendered":"https:\/\/irinasb.com\/?post_type=product&#038;p=33516"},"modified":"2026-04-15T16:32:30","modified_gmt":"2026-04-15T16:32:30","slug":"pulseira-da-sorte","status":"publish","type":"product","link":"https:\/\/irinasb.com\/en\/product\/pulseira-da-sorte\/","title":{"rendered":"Pulseira da Sorte"},"content":{"rendered":"<p data-start=\"567\" data-end=\"735\">Simb\u00f3lica e cheia de energia positiva, esta <strong data-start=\"611\" data-end=\"662\">pulseira da sorte ajust\u00e1vel com cord\u00e3o vermelho<\/strong> \u00e9 um acess\u00f3rio especial que combina tradi\u00e7\u00e3o, prote\u00e7\u00e3o e personaliza\u00e7\u00e3o.<\/p>\n<p data-start=\"737\" data-end=\"936\">O <strong data-start=\"739\" data-end=\"758\">cord\u00e3o vermelho<\/strong> \u00e9 conhecido por estar associado \u00e0 prote\u00e7\u00e3o contra energias negativas e ao equil\u00edbrio emocional. A esta base juntam-se tr\u00eas elementos cheios de significado em <strong data-start=\"917\" data-end=\"935\">a\u00e7o inoxid\u00e1vel<\/strong>:<\/p>\n<p data-start=\"938\" data-end=\"1123\">\u2022 A <strong data-start=\"942\" data-end=\"950\">figa<\/strong>, s\u00edmbolo tradicional de prote\u00e7\u00e3o<br data-start=\"983\" data-end=\"986\" \/>\u2022 O <strong data-start=\"990\" data-end=\"1008\">trevo da sorte<\/strong>, associado \u00e0 sorte e prosperidade<br data-start=\"1042\" data-end=\"1045\" \/>\u2022 A <strong data-start=\"1049\" data-end=\"1075\">inicial personaliz\u00e1vel<\/strong>, que torna a pe\u00e7a \u00fanica e ainda mais especial<\/p>\n<p data-start=\"1125\" data-end=\"1251\">Esta combina\u00e7\u00e3o transforma a pulseira num verdadeiro <strong data-start=\"1178\" data-end=\"1197\">amuleto pessoal<\/strong>, ideal para quem gosta de acess\u00f3rios com significado.<\/p>\n<p data-start=\"1253\" data-end=\"1366\">Gra\u00e7as ao seu <strong data-start=\"1267\" data-end=\"1288\">sistema ajust\u00e1vel<\/strong>, a pulseira adapta-se facilmente ao pulso, garantindo conforto no uso di\u00e1rio.<\/p>\n<p data-start=\"1368\" data-end=\"1556\">Vers\u00e1til, simb\u00f3lica e com um toque personalizado, esta <strong data-start=\"1423\" data-end=\"1453\">pulseira feminina da sorte<\/strong> \u00e9 perfeita para usar todos os dias ou para oferecer como <strong data-start=\"1511\" data-end=\"1555\">presente cheio de inten\u00e7\u00e3o e significado<\/strong>.<\/p>\n<h4 data-section-id=\"1mlf9mt\" data-start=\"1563\" data-end=\"1580\">Caracter\u00edsticas<\/h4>\n<p data-start=\"1582\" data-end=\"1805\">\u2022 <strong data-start=\"1584\" data-end=\"1606\">Pulseira ajust\u00e1vel<\/strong><br data-start=\"1606\" data-end=\"1609\" \/>\u2022 Cord\u00e3o <strong data-start=\"1618\" data-end=\"1630\">red<\/strong><br data-start=\"1630\" data-end=\"1633\" \/>\u2022 Pendentes em <strong data-start=\"1648\" data-end=\"1666\">a\u00e7o inoxid\u00e1vel<\/strong><br data-start=\"1666\" data-end=\"1669\" \/>\u2022 S\u00edmbolos: <strong data-start=\"1681\" data-end=\"1730\">figa, trevo da sorte e inicial personaliz\u00e1vel<\/strong><br data-start=\"1730\" data-end=\"1733\" \/>\u2022 Estilo <strong data-start=\"1742\" data-end=\"1775\">delicado, simb\u00f3lico e moderno<\/strong><br data-start=\"1775\" data-end=\"1778\" \/>\u2022 Ideal para <strong data-start=\"1791\" data-end=\"1805\">uso di\u00e1rio<\/strong><\/p>","protected":false},"excerpt":{"rendered":"<p>Cheia de significado, esta <strong data-start=\"321\" data-end=\"362\">pulseira da sorte com cord\u00e3o vermelho<\/strong> combina tr\u00eas s\u00edmbolos especiais: <strong data-start=\"396\" data-end=\"452\">figa, trevo da sorte e inicial personaliz\u00e1vel em a\u00e7o<\/strong>. Um acess\u00f3rio ajust\u00e1vel, perfeito para atrair boas energias e oferecer com inten\u00e7\u00e3o.<\/p>","protected":false},"featured_media":33517,"comment_status":"closed","ping_status":"closed","template":"","meta":[],"product_brand":[],"product_cat":[192],"product_tag":[973,903,974,783],"class_list":{"0":"post-33516","1":"product","2":"type-product","3":"status-publish","4":"has-post-thumbnail","6":"product_cat-pulseiras","7":"product_tag-pulseira-amuleto","8":"product_tag-pulseira-da-sorte","9":"product_tag-pulseira-personalizada","10":"product_tag-pulseira-protecao","12":"first","13":"instock","14":"shipping-taxable","15":"purchasable","16":"product-type-variable"},"yoast_head":"<!-- This site is optimized with the Yoast SEO plugin v26.2 - https:\/\/yoast.com\/wordpress\/plugins\/seo\/ -->\n<title>Pulseira da Sorte - IrinasB<\/title>\n<meta name=\"robots\" content=\"index, follow, max-snippet:-1, max-image-preview:large, max-video-preview:-1\" \/>\n<link rel=\"canonical\" href=\"https:\/\/irinasb.com\/en\/product\/pulseira-da-sorte\/\" \/>\n<meta property=\"og:locale\" content=\"en_GB\" \/>\n<meta property=\"og:type\" content=\"article\" \/>\n<meta property=\"og:title\" content=\"Pulseira da Sorte - IrinasB\" \/>\n<meta property=\"og:description\" content=\"Cheia de significado, esta pulseira da sorte com cord\u00e3o vermelho combina tr\u00eas s\u00edmbolos especiais: figa, trevo da sorte e inicial personaliz\u00e1vel em a\u00e7o. Um acess\u00f3rio ajust\u00e1vel, perfeito para atrair boas energias e oferecer com inten\u00e7\u00e3o.\" \/>\n<meta property=\"og:url\" content=\"https:\/\/irinasb.com\/en\/product\/pulseira-da-sorte\/\" \/>\n<meta property=\"og:site_name\" content=\"IrinasB\" \/>\n<meta property=\"article:modified_time\" content=\"2026-04-15T16:32:30+00:00\" \/>\n<meta property=\"og:image\" content=\"https:\/\/irinasb.com\/wp-content\/uploads\/2026\/04\/pulseira-da-sorte-3.jpg\" \/>\n\t<meta property=\"og:image:width\" content=\"800\" \/>\n\t<meta property=\"og:image:height\" content=\"942\" \/>\n\t<meta property=\"og:image:type\" content=\"image\/jpeg\" \/>\n<meta name=\"twitter:card\" content=\"summary_large_image\" \/>\n<meta name=\"twitter:label1\" content=\"Estimated reading time\" \/>\n\t<meta name=\"twitter:data1\" content=\"2 minutes\" \/>\n<script type=\"application\/ld+json\" class=\"yoast-schema-graph\">{\"@context\":\"https:\/\/schema.org\",\"@graph\":[{\"@type\":\"WebPage\",\"@id\":\"https:\/\/irinasb.com\/produto\/pulseira-da-sorte\/\",\"url\":\"https:\/\/irinasb.com\/produto\/pulseira-da-sorte\/\",\"name\":\"Pulseira da Sorte - IrinasB\",\"isPartOf\":{\"@id\":\"https:\/\/irinasb.com\/#website\"},\"primaryImageOfPage\":{\"@id\":\"https:\/\/irinasb.com\/produto\/pulseira-da-sorte\/#primaryimage\"},\"image\":{\"@id\":\"https:\/\/irinasb.com\/produto\/pulseira-da-sorte\/#primaryimage\"},\"thumbnailUrl\":\"https:\/\/irinasb.com\/wp-content\/uploads\/2026\/04\/pulseira-da-sorte-3.jpg\",\"datePublished\":\"2026-04-15T16:22:08+00:00\",\"dateModified\":\"2026-04-15T16:32:30+00:00\",\"breadcrumb\":{\"@id\":\"https:\/\/irinasb.com\/produto\/pulseira-da-sorte\/#breadcrumb\"},\"inLanguage\":\"en-GB\",\"potentialAction\":[{\"@type\":\"ReadAction\",\"target\":[\"https:\/\/irinasb.com\/produto\/pulseira-da-sorte\/\"]}]},{\"@type\":\"ImageObject\",\"inLanguage\":\"en-GB\",\"@id\":\"https:\/\/irinasb.com\/produto\/pulseira-da-sorte\/#primaryimage\",\"url\":\"https:\/\/irinasb.com\/wp-content\/uploads\/2026\/04\/pulseira-da-sorte-3.jpg\",\"contentUrl\":\"https:\/\/irinasb.com\/wp-content\/uploads\/2026\/04\/pulseira-da-sorte-3.jpg\",\"width\":800,\"height\":942},{\"@type\":\"BreadcrumbList\",\"@id\":\"https:\/\/irinasb.com\/produto\/pulseira-da-sorte\/#breadcrumb\",\"itemListElement\":[{\"@type\":\"ListItem\",\"position\":1,\"name\":\"Home\",\"item\":\"https:\/\/irinasb.com\/\"},{\"@type\":\"ListItem\",\"position\":2,\"name\":\"Loja\",\"item\":\"https:\/\/irinasb.com\/loja\/\"},{\"@type\":\"ListItem\",\"position\":3,\"name\":\"Pulseira da Sorte\"}]},{\"@type\":\"WebSite\",\"@id\":\"https:\/\/irinasb.com\/#website\",\"url\":\"https:\/\/irinasb.com\/\",\"name\":\"IrinasB\",\"description\":\"Handmade Dreams\",\"publisher\":{\"@id\":\"https:\/\/irinasb.com\/#organization\"},\"potentialAction\":[{\"@type\":\"SearchAction\",\"target\":{\"@type\":\"EntryPoint\",\"urlTemplate\":\"https:\/\/irinasb.com\/?s={search_term_string}\"},\"query-input\":{\"@type\":\"PropertyValueSpecification\",\"valueRequired\":true,\"valueName\":\"search_term_string\"}}],\"inLanguage\":\"en-GB\"},{\"@type\":\"Organization\",\"@id\":\"https:\/\/irinasb.com\/#organization\",\"name\":\"IrinasB\",\"url\":\"https:\/\/irinasb.com\/\",\"logo\":{\"@type\":\"ImageObject\",\"inLanguage\":\"en-GB\",\"@id\":\"https:\/\/irinasb.com\/#\/schema\/logo\/image\/\",\"url\":\"https:\/\/irinasb.com\/wp-content\/uploads\/2016\/11\/logo.fw_.png\",\"contentUrl\":\"https:\/\/irinasb.com\/wp-content\/uploads\/2016\/11\/logo.fw_.png\",\"width\":900,\"height\":453,\"caption\":\"IrinasB\"},\"image\":{\"@id\":\"https:\/\/irinasb.com\/#\/schema\/logo\/image\/\"}}]}<\/script>\n<!-- \/ Yoast SEO plugin. -->","yoast_head_json":{"title":"Pulseira da Sorte - IrinasB","robots":{"index":"index","follow":"follow","max-snippet":"max-snippet:-1","max-image-preview":"max-image-preview:large","max-video-preview":"max-video-preview:-1"},"canonical":"https:\/\/irinasb.com\/en\/product\/pulseira-da-sorte\/","og_locale":"en_GB","og_type":"article","og_title":"Pulseira da Sorte - IrinasB","og_description":"Cheia de significado, esta pulseira da sorte com cord\u00e3o vermelho combina tr\u00eas s\u00edmbolos especiais: figa, trevo da sorte e inicial personaliz\u00e1vel em a\u00e7o. Um acess\u00f3rio ajust\u00e1vel, perfeito para atrair boas energias e oferecer com inten\u00e7\u00e3o.","og_url":"https:\/\/irinasb.com\/en\/product\/pulseira-da-sorte\/","og_site_name":"IrinasB","article_modified_time":"2026-04-15T16:32:30+00:00","og_image":[{"width":800,"height":942,"url":"https:\/\/irinasb.com\/wp-content\/uploads\/2026\/04\/pulseira-da-sorte-3.jpg","type":"image\/jpeg"}],"twitter_card":"summary_large_image","twitter_misc":{"Estimated reading time":"2 minutes"},"schema":{"@context":"https:\/\/schema.org","@graph":[{"@type":"WebPage","@id":"https:\/\/irinasb.com\/produto\/pulseira-da-sorte\/","url":"https:\/\/irinasb.com\/produto\/pulseira-da-sorte\/","name":"Pulseira da Sorte - IrinasB","isPartOf":{"@id":"https:\/\/irinasb.com\/#website"},"primaryImageOfPage":{"@id":"https:\/\/irinasb.com\/produto\/pulseira-da-sorte\/#primaryimage"},"image":{"@id":"https:\/\/irinasb.com\/produto\/pulseira-da-sorte\/#primaryimage"},"thumbnailUrl":"https:\/\/irinasb.com\/wp-content\/uploads\/2026\/04\/pulseira-da-sorte-3.jpg","datePublished":"2026-04-15T16:22:08+00:00","dateModified":"2026-04-15T16:32:30+00:00","breadcrumb":{"@id":"https:\/\/irinasb.com\/produto\/pulseira-da-sorte\/#breadcrumb"},"inLanguage":"en-GB","potentialAction":[{"@type":"ReadAction","target":["https:\/\/irinasb.com\/produto\/pulseira-da-sorte\/"]}]},{"@type":"ImageObject","inLanguage":"en-GB","@id":"https:\/\/irinasb.com\/produto\/pulseira-da-sorte\/#primaryimage","url":"https:\/\/irinasb.com\/wp-content\/uploads\/2026\/04\/pulseira-da-sorte-3.jpg","contentUrl":"https:\/\/irinasb.com\/wp-content\/uploads\/2026\/04\/pulseira-da-sorte-3.jpg","width":800,"height":942},{"@type":"BreadcrumbList","@id":"https:\/\/irinasb.com\/produto\/pulseira-da-sorte\/#breadcrumb","itemListElement":[{"@type":"ListItem","position":1,"name":"Home","item":"https:\/\/irinasb.com\/"},{"@type":"ListItem","position":2,"name":"Loja","item":"https:\/\/irinasb.com\/loja\/"},{"@type":"ListItem","position":3,"name":"Pulseira da Sorte"}]},{"@type":"WebSite","@id":"https:\/\/irinasb.com\/#website","url":"https:\/\/irinasb.com\/","name":"IrinasB","description":"Handmade Dreams","publisher":{"@id":"https:\/\/irinasb.com\/#organization"},"potentialAction":[{"@type":"SearchAction","target":{"@type":"EntryPoint","urlTemplate":"https:\/\/irinasb.com\/?s={search_term_string}"},"query-input":{"@type":"PropertyValueSpecification","valueRequired":true,"valueName":"search_term_string"}}],"inLanguage":"en-GB"},{"@type":"Organization","@id":"https:\/\/irinasb.com\/#organization","name":"IrinasB","url":"https:\/\/irinasb.com\/","logo":{"@type":"ImageObject","inLanguage":"en-GB","@id":"https:\/\/irinasb.com\/#\/schema\/logo\/image\/","url":"https:\/\/irinasb.com\/wp-content\/uploads\/2016\/11\/logo.fw_.png","contentUrl":"https:\/\/irinasb.com\/wp-content\/uploads\/2016\/11\/logo.fw_.png","width":900,"height":453,"caption":"IrinasB"},"image":{"@id":"https:\/\/irinasb.com\/#\/schema\/logo\/image\/"}}]}},"_links":{"self":[{"href":"https:\/\/irinasb.com\/en\/wp-json\/wp\/v2\/product\/33516","targetHints":{"allow":["GET"]}}],"collection":[{"href":"https:\/\/irinasb.com\/en\/wp-json\/wp\/v2\/product"}],"about":[{"href":"https:\/\/irinasb.com\/en\/wp-json\/wp\/v2\/types\/product"}],"replies":[{"embeddable":true,"href":"https:\/\/irinasb.com\/en\/wp-json\/wp\/v2\/comments?post=33516"}],"wp:featuredmedia":[{"embeddable":true,"href":"https:\/\/irinasb.com\/en\/wp-json\/wp\/v2\/media\/33517"}],"wp:attachment":[{"href":"https:\/\/irinasb.com\/en\/wp-json\/wp\/v2\/media?parent=33516"}],"wp:term":[{"taxonomy":"product_brand","embeddable":true,"href":"https:\/\/irinasb.com\/en\/wp-json\/wp\/v2\/product_brand?post=33516"},{"taxonomy":"product_cat","embeddable":true,"href":"https:\/\/irinasb.com\/en\/wp-json\/wp\/v2\/product_cat?post=33516"},{"taxonomy":"product_tag","embeddable":true,"href":"https:\/\/irinasb.com\/en\/wp-json\/wp\/v2\/product_tag?post=33516"}],"curies":[{"name":"wp","href":"https:\/\/api.w.org\/{rel}","templated":true}]}}