{"id":33503,"date":"2026-04-15T14:35:58","date_gmt":"2026-04-15T14:35:58","guid":{"rendered":"https:\/\/irinasb.com\/?post_type=product&#038;p=33503"},"modified":"2026-04-15T14:35:58","modified_gmt":"2026-04-15T14:35:58","slug":"colar-fio-duplo-em-algodao-e-madreperola","status":"publish","type":"product","link":"https:\/\/irinasb.com\/en\/product\/colar-fio-duplo-em-algodao-e-madreperola\/","title":{"rendered":"Colar Fio Duplo em Algod\u00e3o e Madrep\u00e9rola"},"content":{"rendered":"<p data-start=\"546\" data-end=\"667\">Este <strong data-start=\"551\" data-end=\"594\">colar com fio duplo em algod\u00e3o encerado<\/strong> \u00e9 a combina\u00e7\u00e3o perfeita entre estilo contempor\u00e2neo e materiais naturais.<\/p>\n<p data-start=\"669\" data-end=\"1003\">O <strong data-start=\"671\" data-end=\"704\">fio duplo em algod\u00e3o encerado<\/strong> confere resist\u00eancia, leveza e um toque mais casual e moderno \u00e0 pe\u00e7a, tornando-a confort\u00e1vel para o uso di\u00e1rio. No centro do colar destaca-se um <strong data-start=\"849\" data-end=\"900\">pendente grande em a\u00e7o inoxid\u00e1vel e madrep\u00e9rola<\/strong>, que cria um contraste elegante entre o brilho met\u00e1lico e o efeito iridescente natural da madrep\u00e9rola.<\/p>\n<p data-start=\"1005\" data-end=\"1148\">A <strong data-start=\"1007\" data-end=\"1022\">madrep\u00e9rola<\/strong>, conhecida pelo seu brilho suave e sofisticado, torna cada pe\u00e7a \u00fanica, acrescentando delicadeza e um toque especial ao colar.<\/p>\n<p data-start=\"1150\" data-end=\"1331\">O design marcante deste <strong data-start=\"1174\" data-end=\"1212\">colar feminino com pendente grande<\/strong> faz com que seja o acess\u00f3rio ideal para transformar looks simples em visuais mais elegantes e cheios de personalidade.<\/p>\n<p data-start=\"1333\" data-end=\"1550\">Vers\u00e1til e cheio de estilo, este <strong data-start=\"1366\" data-end=\"1411\">colar em algod\u00e3o encerado com madrep\u00e9rola<\/strong> \u00e9 perfeito tanto para o dia a dia como para ocasi\u00f5es especiais, sendo tamb\u00e9m uma excelente op\u00e7\u00e3o para <strong data-start=\"1514\" data-end=\"1549\">oferecer como presente original<\/strong>.<\/p>\n<h4 data-section-id=\"1mlf9mt\" data-start=\"1557\" data-end=\"1574\">Caracter\u00edsticas:<\/h4>\n<p>\u2022 Fio duplo em <strong data-start=\"1591\" data-end=\"1611\">algod\u00e3o encerado<\/strong><br data-start=\"1611\" data-end=\"1614\" \/>\u2022 <strong data-start=\"1616\" data-end=\"1653\">Pendente grande em a\u00e7o inoxid\u00e1vel<\/strong><br data-start=\"1653\" data-end=\"1656\" \/>\u2022 Detalhe em <strong data-start=\"1669\" data-end=\"1684\">madrep\u00e9rola<\/strong><\/p>\n<p>\u2022 Comprimento aproximado <strong data-start=\"1664\" data-end=\"1692\">46 cm + 5 cm de extens\u00e3o<\/strong><br data-start=\"1684\" data-end=\"1687\" \/>\u2022 Estilo <strong data-start=\"1696\" data-end=\"1718\">moderno e marcante<\/strong><br data-start=\"1718\" data-end=\"1721\" \/>\u2022 Leve e confort\u00e1vel<br data-start=\"1741\" data-end=\"1744\" \/>\u2022 Ideal para <strong data-start=\"1757\" data-end=\"1793\">uso di\u00e1rio ou ocasi\u00f5es especiais<\/strong><\/p>","protected":false},"excerpt":{"rendered":"<p>Original e elegante, este <strong data-start=\"320\" data-end=\"363\">colar com fio duplo em algod\u00e3o encerado<\/strong> destaca-se pelo seu <strong data-start=\"384\" data-end=\"424\">pendente grande em a\u00e7o e madrep\u00e9rola<\/strong>. Um acess\u00f3rio feminino moderno e marcante, perfeito para dar personalidade a qualquer look.<\/p>","protected":false},"featured_media":33504,"comment_status":"closed","ping_status":"closed","template":"","meta":[],"product_brand":[],"product_cat":[110],"product_tag":[960,964,966,965,962],"class_list":{"0":"post-33503","1":"product","2":"type-product","3":"status-publish","4":"has-post-thumbnail","6":"product_cat-colares","7":"product_tag-colar-aco-inoxidavel","8":"product_tag-colar-algodao-encerado","9":"product_tag-colar-com-pendente-grande","10":"product_tag-colar-fio-duplo","11":"product_tag-colar-madreperola","13":"first","14":"instock","15":"shipping-taxable","16":"purchasable","17":"product-type-simple"},"yoast_head":"<!-- This site is optimized with the Yoast SEO plugin v26.2 - https:\/\/yoast.com\/wordpress\/plugins\/seo\/ -->\n<title>Colar Fio Duplo em Algod\u00e3o e Madrep\u00e9rola - IrinasB<\/title>\n<meta name=\"description\" content=\"Colar com fio duplo em algod\u00e3o encerado e pendente grande em a\u00e7o e madrep\u00e9rola. Um acess\u00f3rio feminino moderno, elegante e cheio de personalidade.\" \/>\n<meta name=\"robots\" content=\"index, follow, max-snippet:-1, max-image-preview:large, max-video-preview:-1\" \/>\n<link rel=\"canonical\" href=\"https:\/\/irinasb.com\/en\/product\/colar-fio-duplo-em-algodao-e-madreperola\/\" \/>\n<meta property=\"og:locale\" content=\"en_GB\" \/>\n<meta property=\"og:type\" content=\"article\" \/>\n<meta property=\"og:title\" content=\"Colar Fio Duplo em Algod\u00e3o e Madrep\u00e9rola - IrinasB\" \/>\n<meta property=\"og:description\" content=\"Colar com fio duplo em algod\u00e3o encerado e pendente grande em a\u00e7o e madrep\u00e9rola. Um acess\u00f3rio feminino moderno, elegante e cheio de personalidade.\" \/>\n<meta property=\"og:url\" content=\"https:\/\/irinasb.com\/en\/product\/colar-fio-duplo-em-algodao-e-madreperola\/\" \/>\n<meta property=\"og:site_name\" content=\"IrinasB\" \/>\n<meta property=\"og:image\" content=\"https:\/\/irinasb.com\/wp-content\/uploads\/2026\/04\/colar-duplo-aco-medalha-madreperola-4.jpg\" \/>\n\t<meta property=\"og:image:width\" content=\"800\" \/>\n\t<meta property=\"og:image:height\" content=\"938\" \/>\n\t<meta property=\"og:image:type\" content=\"image\/jpeg\" \/>\n<meta name=\"twitter:card\" content=\"summary_large_image\" \/>\n<meta name=\"twitter:label1\" content=\"Estimated reading time\" \/>\n\t<meta name=\"twitter:data1\" content=\"2 minutes\" \/>\n<script type=\"application\/ld+json\" class=\"yoast-schema-graph\">{\"@context\":\"https:\/\/schema.org\",\"@graph\":[{\"@type\":\"WebPage\",\"@id\":\"https:\/\/irinasb.com\/produto\/colar-fio-duplo-em-algodao-e-madreperola\/\",\"url\":\"https:\/\/irinasb.com\/produto\/colar-fio-duplo-em-algodao-e-madreperola\/\",\"name\":\"Colar Fio Duplo em Algod\u00e3o e Madrep\u00e9rola - IrinasB\",\"isPartOf\":{\"@id\":\"https:\/\/irinasb.com\/#website\"},\"primaryImageOfPage\":{\"@id\":\"https:\/\/irinasb.com\/produto\/colar-fio-duplo-em-algodao-e-madreperola\/#primaryimage\"},\"image\":{\"@id\":\"https:\/\/irinasb.com\/produto\/colar-fio-duplo-em-algodao-e-madreperola\/#primaryimage\"},\"thumbnailUrl\":\"https:\/\/irinasb.com\/wp-content\/uploads\/2026\/04\/colar-duplo-aco-medalha-madreperola-4.jpg\",\"datePublished\":\"2026-04-15T14:35:58+00:00\",\"description\":\"Colar com fio duplo em algod\u00e3o encerado e pendente grande em a\u00e7o e madrep\u00e9rola. Um acess\u00f3rio feminino moderno, elegante e cheio de personalidade.\",\"breadcrumb\":{\"@id\":\"https:\/\/irinasb.com\/produto\/colar-fio-duplo-em-algodao-e-madreperola\/#breadcrumb\"},\"inLanguage\":\"en-GB\",\"potentialAction\":[{\"@type\":\"ReadAction\",\"target\":[\"https:\/\/irinasb.com\/produto\/colar-fio-duplo-em-algodao-e-madreperola\/\"]}]},{\"@type\":\"ImageObject\",\"inLanguage\":\"en-GB\",\"@id\":\"https:\/\/irinasb.com\/produto\/colar-fio-duplo-em-algodao-e-madreperola\/#primaryimage\",\"url\":\"https:\/\/irinasb.com\/wp-content\/uploads\/2026\/04\/colar-duplo-aco-medalha-madreperola-4.jpg\",\"contentUrl\":\"https:\/\/irinasb.com\/wp-content\/uploads\/2026\/04\/colar-duplo-aco-medalha-madreperola-4.jpg\",\"width\":800,\"height\":938},{\"@type\":\"BreadcrumbList\",\"@id\":\"https:\/\/irinasb.com\/produto\/colar-fio-duplo-em-algodao-e-madreperola\/#breadcrumb\",\"itemListElement\":[{\"@type\":\"ListItem\",\"position\":1,\"name\":\"Home\",\"item\":\"https:\/\/irinasb.com\/\"},{\"@type\":\"ListItem\",\"position\":2,\"name\":\"Loja\",\"item\":\"https:\/\/irinasb.com\/loja\/\"},{\"@type\":\"ListItem\",\"position\":3,\"name\":\"Colar Fio Duplo em Algod\u00e3o e Madrep\u00e9rola\"}]},{\"@type\":\"WebSite\",\"@id\":\"https:\/\/irinasb.com\/#website\",\"url\":\"https:\/\/irinasb.com\/\",\"name\":\"IrinasB\",\"description\":\"Handmade Dreams\",\"publisher\":{\"@id\":\"https:\/\/irinasb.com\/#organization\"},\"potentialAction\":[{\"@type\":\"SearchAction\",\"target\":{\"@type\":\"EntryPoint\",\"urlTemplate\":\"https:\/\/irinasb.com\/?s={search_term_string}\"},\"query-input\":{\"@type\":\"PropertyValueSpecification\",\"valueRequired\":true,\"valueName\":\"search_term_string\"}}],\"inLanguage\":\"en-GB\"},{\"@type\":\"Organization\",\"@id\":\"https:\/\/irinasb.com\/#organization\",\"name\":\"IrinasB\",\"url\":\"https:\/\/irinasb.com\/\",\"logo\":{\"@type\":\"ImageObject\",\"inLanguage\":\"en-GB\",\"@id\":\"https:\/\/irinasb.com\/#\/schema\/logo\/image\/\",\"url\":\"https:\/\/irinasb.com\/wp-content\/uploads\/2016\/11\/logo.fw_.png\",\"contentUrl\":\"https:\/\/irinasb.com\/wp-content\/uploads\/2016\/11\/logo.fw_.png\",\"width\":900,\"height\":453,\"caption\":\"IrinasB\"},\"image\":{\"@id\":\"https:\/\/irinasb.com\/#\/schema\/logo\/image\/\"}}]}<\/script>\n<!-- \/ Yoast SEO plugin. -->","yoast_head_json":{"title":"Colar Fio Duplo em Algod\u00e3o e Madrep\u00e9rola - IrinasB","description":"Colar com fio duplo em algod\u00e3o encerado e pendente grande em a\u00e7o e madrep\u00e9rola. Um acess\u00f3rio feminino moderno, elegante e cheio de personalidade.","robots":{"index":"index","follow":"follow","max-snippet":"max-snippet:-1","max-image-preview":"max-image-preview:large","max-video-preview":"max-video-preview:-1"},"canonical":"https:\/\/irinasb.com\/en\/product\/colar-fio-duplo-em-algodao-e-madreperola\/","og_locale":"en_GB","og_type":"article","og_title":"Colar Fio Duplo em Algod\u00e3o e Madrep\u00e9rola - IrinasB","og_description":"Colar com fio duplo em algod\u00e3o encerado e pendente grande em a\u00e7o e madrep\u00e9rola. Um acess\u00f3rio feminino moderno, elegante e cheio de personalidade.","og_url":"https:\/\/irinasb.com\/en\/product\/colar-fio-duplo-em-algodao-e-madreperola\/","og_site_name":"IrinasB","og_image":[{"width":800,"height":938,"url":"https:\/\/irinasb.com\/wp-content\/uploads\/2026\/04\/colar-duplo-aco-medalha-madreperola-4.jpg","type":"image\/jpeg"}],"twitter_card":"summary_large_image","twitter_misc":{"Estimated reading time":"2 minutes"},"schema":{"@context":"https:\/\/schema.org","@graph":[{"@type":"WebPage","@id":"https:\/\/irinasb.com\/produto\/colar-fio-duplo-em-algodao-e-madreperola\/","url":"https:\/\/irinasb.com\/produto\/colar-fio-duplo-em-algodao-e-madreperola\/","name":"Colar Fio Duplo em Algod\u00e3o e Madrep\u00e9rola - IrinasB","isPartOf":{"@id":"https:\/\/irinasb.com\/#website"},"primaryImageOfPage":{"@id":"https:\/\/irinasb.com\/produto\/colar-fio-duplo-em-algodao-e-madreperola\/#primaryimage"},"image":{"@id":"https:\/\/irinasb.com\/produto\/colar-fio-duplo-em-algodao-e-madreperola\/#primaryimage"},"thumbnailUrl":"https:\/\/irinasb.com\/wp-content\/uploads\/2026\/04\/colar-duplo-aco-medalha-madreperola-4.jpg","datePublished":"2026-04-15T14:35:58+00:00","description":"Colar com fio duplo em algod\u00e3o encerado e pendente grande em a\u00e7o e madrep\u00e9rola. Um acess\u00f3rio feminino moderno, elegante e cheio de personalidade.","breadcrumb":{"@id":"https:\/\/irinasb.com\/produto\/colar-fio-duplo-em-algodao-e-madreperola\/#breadcrumb"},"inLanguage":"en-GB","potentialAction":[{"@type":"ReadAction","target":["https:\/\/irinasb.com\/produto\/colar-fio-duplo-em-algodao-e-madreperola\/"]}]},{"@type":"ImageObject","inLanguage":"en-GB","@id":"https:\/\/irinasb.com\/produto\/colar-fio-duplo-em-algodao-e-madreperola\/#primaryimage","url":"https:\/\/irinasb.com\/wp-content\/uploads\/2026\/04\/colar-duplo-aco-medalha-madreperola-4.jpg","contentUrl":"https:\/\/irinasb.com\/wp-content\/uploads\/2026\/04\/colar-duplo-aco-medalha-madreperola-4.jpg","width":800,"height":938},{"@type":"BreadcrumbList","@id":"https:\/\/irinasb.com\/produto\/colar-fio-duplo-em-algodao-e-madreperola\/#breadcrumb","itemListElement":[{"@type":"ListItem","position":1,"name":"Home","item":"https:\/\/irinasb.com\/"},{"@type":"ListItem","position":2,"name":"Loja","item":"https:\/\/irinasb.com\/loja\/"},{"@type":"ListItem","position":3,"name":"Colar Fio Duplo em Algod\u00e3o e Madrep\u00e9rola"}]},{"@type":"WebSite","@id":"https:\/\/irinasb.com\/#website","url":"https:\/\/irinasb.com\/","name":"IrinasB","description":"Handmade Dreams","publisher":{"@id":"https:\/\/irinasb.com\/#organization"},"potentialAction":[{"@type":"SearchAction","target":{"@type":"EntryPoint","urlTemplate":"https:\/\/irinasb.com\/?s={search_term_string}"},"query-input":{"@type":"PropertyValueSpecification","valueRequired":true,"valueName":"search_term_string"}}],"inLanguage":"en-GB"},{"@type":"Organization","@id":"https:\/\/irinasb.com\/#organization","name":"IrinasB","url":"https:\/\/irinasb.com\/","logo":{"@type":"ImageObject","inLanguage":"en-GB","@id":"https:\/\/irinasb.com\/#\/schema\/logo\/image\/","url":"https:\/\/irinasb.com\/wp-content\/uploads\/2016\/11\/logo.fw_.png","contentUrl":"https:\/\/irinasb.com\/wp-content\/uploads\/2016\/11\/logo.fw_.png","width":900,"height":453,"caption":"IrinasB"},"image":{"@id":"https:\/\/irinasb.com\/#\/schema\/logo\/image\/"}}]}},"_links":{"self":[{"href":"https:\/\/irinasb.com\/en\/wp-json\/wp\/v2\/product\/33503","targetHints":{"allow":["GET"]}}],"collection":[{"href":"https:\/\/irinasb.com\/en\/wp-json\/wp\/v2\/product"}],"about":[{"href":"https:\/\/irinasb.com\/en\/wp-json\/wp\/v2\/types\/product"}],"replies":[{"embeddable":true,"href":"https:\/\/irinasb.com\/en\/wp-json\/wp\/v2\/comments?post=33503"}],"wp:featuredmedia":[{"embeddable":true,"href":"https:\/\/irinasb.com\/en\/wp-json\/wp\/v2\/media\/33504"}],"wp:attachment":[{"href":"https:\/\/irinasb.com\/en\/wp-json\/wp\/v2\/media?parent=33503"}],"wp:term":[{"taxonomy":"product_brand","embeddable":true,"href":"https:\/\/irinasb.com\/en\/wp-json\/wp\/v2\/product_brand?post=33503"},{"taxonomy":"product_cat","embeddable":true,"href":"https:\/\/irinasb.com\/en\/wp-json\/wp\/v2\/product_cat?post=33503"},{"taxonomy":"product_tag","embeddable":true,"href":"https:\/\/irinasb.com\/en\/wp-json\/wp\/v2\/product_tag?post=33503"}],"curies":[{"name":"wp","href":"https:\/\/api.w.org\/{rel}","templated":true}]}}