{"id":33215,"date":"2026-03-13T17:03:57","date_gmt":"2026-03-13T17:03:57","guid":{"rendered":"https:\/\/irinasb.com\/?post_type=product&#038;p=33215"},"modified":"2026-03-13T17:29:06","modified_gmt":"2026-03-13T17:29:06","slug":"colar-artesanal-com-flores-rosa-e-cinza-e-pormenores-em-madreperolas","status":"publish","type":"product","link":"https:\/\/irinasb.com\/en\/product\/colar-artesanal-com-flores-rosa-e-cinza-e-pormenores-em-madreperolas\/","title":{"rendered":"Colar Artesanal com Flores Rosa e Cinza"},"content":{"rendered":"<p data-start=\"578\" data-end=\"732\">Este <strong data-start=\"583\" data-end=\"627\">maxicolar artesanal com flores em tecido<\/strong> \u00e9 uma pe\u00e7a \u00fanica e cheia de charme, criada para mulheres que gostam de acess\u00f3rios originais e marcantes.<\/p>\n<p data-start=\"734\" data-end=\"996\">Feito <strong data-start=\"740\" data-end=\"749\">\u00e0 m\u00e3o<\/strong>, este colar combina <strong data-start=\"770\" data-end=\"801\">flores em tons rosa e cinza<\/strong> em tecido e polipele, criando um contraste elegante e moderno. Os detalhes bordados com <strong data-start=\"890\" data-end=\"923\">pequenas pe\u00e7as em madrep\u00e9rola<\/strong> acrescentam brilho e sofistica\u00e7\u00e3o, tornando o colar ainda mais especial.<\/p>\n<p data-start=\"998\" data-end=\"1231\">O design floral d\u00e1 volume e personalidade \u00e0 pe\u00e7a, transformando este <strong data-start=\"1067\" data-end=\"1089\">maxicolar feminino<\/strong> no destaque perfeito para qualquer look. Ideal para usar com roupas simples, o colar cria imediatamente um visual elegante e cheio de estilo.<\/p>\n<p data-start=\"1233\" data-end=\"1345\">Cada pe\u00e7a \u00e9 cuidadosamente trabalhada, refletindo o valor do <strong data-start=\"1294\" data-end=\"1316\">trabalho artesanal<\/strong> e tornando cada colar \u00fanico.<\/p>\n<p data-start=\"1347\" data-end=\"1498\">Vers\u00e1til e expressivo, este <strong data-start=\"1375\" data-end=\"1405\">maxicolar floral artesanal<\/strong> \u00e9 perfeito para ocasi\u00f5es especiais ou para dar um toque criativo e sofisticado ao dia a dia.<\/p>\n<h4 data-section-id=\"1mlf9mt\" data-start=\"1505\" data-end=\"1522\">Caracter\u00edsticas<\/h4>\n<p data-start=\"1524\" data-end=\"1750\">\u2022 <strong data-start=\"1526\" data-end=\"1561\">Maxicolar artesanal feito \u00e0 m\u00e3o<\/strong><br data-start=\"1561\" data-end=\"1564\" \/>\u2022 Flores em <strong data-start=\"1576\" data-end=\"1597\">tecido e polipele<\/strong><br data-start=\"1597\" data-end=\"1600\" \/>\u2022 Tons <strong data-start=\"1607\" data-end=\"1623\">rosa e cinza<\/strong><br data-start=\"1623\" data-end=\"1626\" \/>\u2022 Bordado com <strong data-start=\"1640\" data-end=\"1673\">pequenas pe\u00e7as em madrep\u00e9rola<\/strong><br data-start=\"1673\" data-end=\"1676\" \/>\u2022 Design <strong data-start=\"1685\" data-end=\"1716\">floral, elegante e original<\/strong><br data-start=\"1716\" data-end=\"1719\" \/>\u2022 Pe\u00e7a <strong data-start=\"1726\" data-end=\"1748\">leve e confort\u00e1vel<\/strong><\/p>","protected":false},"excerpt":{"rendered":"<p>Original e cheio de personalidade, este <strong data-start=\"301\" data-end=\"348\">maxicolar artesanal com flores rosa e cinza<\/strong> \u00e9 feito \u00e0 m\u00e3o em <strong data-start=\"366\" data-end=\"387\">tecido e polipele<\/strong>, com detalhes bordados e pequenas pe\u00e7as em <strong data-start=\"431\" data-end=\"446\">madrep\u00e9rola<\/strong>. Um acess\u00f3rio feminino marcante, perfeito para transformar qualquer look num visual elegante e \u00fanico.<\/p>","protected":false},"featured_media":33216,"comment_status":"closed","ping_status":"closed","template":"","meta":[],"product_brand":[],"product_cat":[186],"product_tag":[936,932,437,934,933,931,935,930],"class_list":{"0":"post-33215","1":"product","2":"type-product","3":"status-publish","4":"has-post-thumbnail","6":"product_cat-maxicolares","7":"product_tag-acessorios-femininos-artesanais","8":"product_tag-colar-artesanal-feminino","9":"product_tag-colar-feito-a-mao","10":"product_tag-colar-feminino-marcante","11":"product_tag-colar-flores-rosa","12":"product_tag-colar-flores-tecido","13":"product_tag-colar-original-mulher","14":"product_tag-maxicolar-artesanal","16":"first","17":"instock","18":"shipping-taxable","19":"purchasable","20":"product-type-simple"},"yoast_head":"<!-- This site is optimized with the Yoast SEO plugin v26.2 - https:\/\/yoast.com\/wordpress\/plugins\/seo\/ -->\n<title>Colar Artesanal com Flores Rosa e Cinza - IrinasB<\/title>\n<meta name=\"description\" content=\"Maxicolar artesanal com flores rosa e cinza em tecido e polipele, bordado com madrep\u00e9rola. Um acess\u00f3rio feminino original e elegante feito \u00e0 m\u00e3o.\" \/>\n<meta name=\"robots\" content=\"index, follow, max-snippet:-1, max-image-preview:large, max-video-preview:-1\" \/>\n<link rel=\"canonical\" href=\"https:\/\/irinasb.com\/en\/product\/colar-artesanal-com-flores-rosa-e-cinza-e-pormenores-em-madreperolas\/\" \/>\n<meta property=\"og:locale\" content=\"en_GB\" \/>\n<meta property=\"og:type\" content=\"article\" \/>\n<meta property=\"og:title\" content=\"Colar Artesanal com Flores Rosa e Cinza - IrinasB\" \/>\n<meta property=\"og:description\" content=\"Maxicolar artesanal com flores rosa e cinza em tecido e polipele, bordado com madrep\u00e9rola. Um acess\u00f3rio feminino original e elegante feito \u00e0 m\u00e3o.\" \/>\n<meta property=\"og:url\" content=\"https:\/\/irinasb.com\/en\/product\/colar-artesanal-com-flores-rosa-e-cinza-e-pormenores-em-madreperolas\/\" \/>\n<meta property=\"og:site_name\" content=\"IrinasB\" \/>\n<meta property=\"article:modified_time\" content=\"2026-03-13T17:29:06+00:00\" \/>\n<meta property=\"og:image\" content=\"https:\/\/irinasb.com\/wp-content\/uploads\/2026\/03\/maxicolar-com-flores-e-madreperola.jpg\" \/>\n\t<meta property=\"og:image:width\" content=\"800\" \/>\n\t<meta property=\"og:image:height\" content=\"943\" \/>\n\t<meta property=\"og:image:type\" content=\"image\/jpeg\" \/>\n<meta name=\"twitter:card\" content=\"summary_large_image\" \/>\n<meta name=\"twitter:label1\" content=\"Estimated reading time\" \/>\n\t<meta name=\"twitter:data1\" content=\"2 minutes\" \/>\n<script type=\"application\/ld+json\" class=\"yoast-schema-graph\">{\"@context\":\"https:\/\/schema.org\",\"@graph\":[{\"@type\":\"WebPage\",\"@id\":\"https:\/\/irinasb.com\/produto\/colar-artesanal-com-flores-rosa-e-cinza-e-pormenores-em-madreperolas\/\",\"url\":\"https:\/\/irinasb.com\/produto\/colar-artesanal-com-flores-rosa-e-cinza-e-pormenores-em-madreperolas\/\",\"name\":\"Colar Artesanal com Flores Rosa e Cinza - IrinasB\",\"isPartOf\":{\"@id\":\"https:\/\/irinasb.com\/#website\"},\"primaryImageOfPage\":{\"@id\":\"https:\/\/irinasb.com\/produto\/colar-artesanal-com-flores-rosa-e-cinza-e-pormenores-em-madreperolas\/#primaryimage\"},\"image\":{\"@id\":\"https:\/\/irinasb.com\/produto\/colar-artesanal-com-flores-rosa-e-cinza-e-pormenores-em-madreperolas\/#primaryimage\"},\"thumbnailUrl\":\"https:\/\/irinasb.com\/wp-content\/uploads\/2026\/03\/maxicolar-com-flores-e-madreperola.jpg\",\"datePublished\":\"2026-03-13T17:03:57+00:00\",\"dateModified\":\"2026-03-13T17:29:06+00:00\",\"description\":\"Maxicolar artesanal com flores rosa e cinza em tecido e polipele, bordado com madrep\u00e9rola. Um acess\u00f3rio feminino original e elegante feito \u00e0 m\u00e3o.\",\"breadcrumb\":{\"@id\":\"https:\/\/irinasb.com\/produto\/colar-artesanal-com-flores-rosa-e-cinza-e-pormenores-em-madreperolas\/#breadcrumb\"},\"inLanguage\":\"en-GB\",\"potentialAction\":[{\"@type\":\"ReadAction\",\"target\":[\"https:\/\/irinasb.com\/produto\/colar-artesanal-com-flores-rosa-e-cinza-e-pormenores-em-madreperolas\/\"]}]},{\"@type\":\"ImageObject\",\"inLanguage\":\"en-GB\",\"@id\":\"https:\/\/irinasb.com\/produto\/colar-artesanal-com-flores-rosa-e-cinza-e-pormenores-em-madreperolas\/#primaryimage\",\"url\":\"https:\/\/irinasb.com\/wp-content\/uploads\/2026\/03\/maxicolar-com-flores-e-madreperola.jpg\",\"contentUrl\":\"https:\/\/irinasb.com\/wp-content\/uploads\/2026\/03\/maxicolar-com-flores-e-madreperola.jpg\",\"width\":800,\"height\":943},{\"@type\":\"BreadcrumbList\",\"@id\":\"https:\/\/irinasb.com\/produto\/colar-artesanal-com-flores-rosa-e-cinza-e-pormenores-em-madreperolas\/#breadcrumb\",\"itemListElement\":[{\"@type\":\"ListItem\",\"position\":1,\"name\":\"Home\",\"item\":\"https:\/\/irinasb.com\/\"},{\"@type\":\"ListItem\",\"position\":2,\"name\":\"Loja\",\"item\":\"https:\/\/irinasb.com\/loja\/\"},{\"@type\":\"ListItem\",\"position\":3,\"name\":\"Colar Artesanal com Flores Rosa e Cinza\"}]},{\"@type\":\"WebSite\",\"@id\":\"https:\/\/irinasb.com\/#website\",\"url\":\"https:\/\/irinasb.com\/\",\"name\":\"IrinasB\",\"description\":\"Handmade Dreams\",\"publisher\":{\"@id\":\"https:\/\/irinasb.com\/#organization\"},\"potentialAction\":[{\"@type\":\"SearchAction\",\"target\":{\"@type\":\"EntryPoint\",\"urlTemplate\":\"https:\/\/irinasb.com\/?s={search_term_string}\"},\"query-input\":{\"@type\":\"PropertyValueSpecification\",\"valueRequired\":true,\"valueName\":\"search_term_string\"}}],\"inLanguage\":\"en-GB\"},{\"@type\":\"Organization\",\"@id\":\"https:\/\/irinasb.com\/#organization\",\"name\":\"IrinasB\",\"url\":\"https:\/\/irinasb.com\/\",\"logo\":{\"@type\":\"ImageObject\",\"inLanguage\":\"en-GB\",\"@id\":\"https:\/\/irinasb.com\/#\/schema\/logo\/image\/\",\"url\":\"https:\/\/irinasb.com\/wp-content\/uploads\/2016\/11\/logo.fw_.png\",\"contentUrl\":\"https:\/\/irinasb.com\/wp-content\/uploads\/2016\/11\/logo.fw_.png\",\"width\":900,\"height\":453,\"caption\":\"IrinasB\"},\"image\":{\"@id\":\"https:\/\/irinasb.com\/#\/schema\/logo\/image\/\"}}]}<\/script>\n<!-- \/ Yoast SEO plugin. -->","yoast_head_json":{"title":"Colar Artesanal com Flores Rosa e Cinza - IrinasB","description":"Maxicolar artesanal com flores rosa e cinza em tecido e polipele, bordado com madrep\u00e9rola. Um acess\u00f3rio feminino original e elegante feito \u00e0 m\u00e3o.","robots":{"index":"index","follow":"follow","max-snippet":"max-snippet:-1","max-image-preview":"max-image-preview:large","max-video-preview":"max-video-preview:-1"},"canonical":"https:\/\/irinasb.com\/en\/product\/colar-artesanal-com-flores-rosa-e-cinza-e-pormenores-em-madreperolas\/","og_locale":"en_GB","og_type":"article","og_title":"Colar Artesanal com Flores Rosa e Cinza - IrinasB","og_description":"Maxicolar artesanal com flores rosa e cinza em tecido e polipele, bordado com madrep\u00e9rola. Um acess\u00f3rio feminino original e elegante feito \u00e0 m\u00e3o.","og_url":"https:\/\/irinasb.com\/en\/product\/colar-artesanal-com-flores-rosa-e-cinza-e-pormenores-em-madreperolas\/","og_site_name":"IrinasB","article_modified_time":"2026-03-13T17:29:06+00:00","og_image":[{"width":800,"height":943,"url":"https:\/\/irinasb.com\/wp-content\/uploads\/2026\/03\/maxicolar-com-flores-e-madreperola.jpg","type":"image\/jpeg"}],"twitter_card":"summary_large_image","twitter_misc":{"Estimated reading time":"2 minutes"},"schema":{"@context":"https:\/\/schema.org","@graph":[{"@type":"WebPage","@id":"https:\/\/irinasb.com\/produto\/colar-artesanal-com-flores-rosa-e-cinza-e-pormenores-em-madreperolas\/","url":"https:\/\/irinasb.com\/produto\/colar-artesanal-com-flores-rosa-e-cinza-e-pormenores-em-madreperolas\/","name":"Colar Artesanal com Flores Rosa e Cinza - IrinasB","isPartOf":{"@id":"https:\/\/irinasb.com\/#website"},"primaryImageOfPage":{"@id":"https:\/\/irinasb.com\/produto\/colar-artesanal-com-flores-rosa-e-cinza-e-pormenores-em-madreperolas\/#primaryimage"},"image":{"@id":"https:\/\/irinasb.com\/produto\/colar-artesanal-com-flores-rosa-e-cinza-e-pormenores-em-madreperolas\/#primaryimage"},"thumbnailUrl":"https:\/\/irinasb.com\/wp-content\/uploads\/2026\/03\/maxicolar-com-flores-e-madreperola.jpg","datePublished":"2026-03-13T17:03:57+00:00","dateModified":"2026-03-13T17:29:06+00:00","description":"Maxicolar artesanal com flores rosa e cinza em tecido e polipele, bordado com madrep\u00e9rola. Um acess\u00f3rio feminino original e elegante feito \u00e0 m\u00e3o.","breadcrumb":{"@id":"https:\/\/irinasb.com\/produto\/colar-artesanal-com-flores-rosa-e-cinza-e-pormenores-em-madreperolas\/#breadcrumb"},"inLanguage":"en-GB","potentialAction":[{"@type":"ReadAction","target":["https:\/\/irinasb.com\/produto\/colar-artesanal-com-flores-rosa-e-cinza-e-pormenores-em-madreperolas\/"]}]},{"@type":"ImageObject","inLanguage":"en-GB","@id":"https:\/\/irinasb.com\/produto\/colar-artesanal-com-flores-rosa-e-cinza-e-pormenores-em-madreperolas\/#primaryimage","url":"https:\/\/irinasb.com\/wp-content\/uploads\/2026\/03\/maxicolar-com-flores-e-madreperola.jpg","contentUrl":"https:\/\/irinasb.com\/wp-content\/uploads\/2026\/03\/maxicolar-com-flores-e-madreperola.jpg","width":800,"height":943},{"@type":"BreadcrumbList","@id":"https:\/\/irinasb.com\/produto\/colar-artesanal-com-flores-rosa-e-cinza-e-pormenores-em-madreperolas\/#breadcrumb","itemListElement":[{"@type":"ListItem","position":1,"name":"Home","item":"https:\/\/irinasb.com\/"},{"@type":"ListItem","position":2,"name":"Loja","item":"https:\/\/irinasb.com\/loja\/"},{"@type":"ListItem","position":3,"name":"Colar Artesanal com Flores Rosa e Cinza"}]},{"@type":"WebSite","@id":"https:\/\/irinasb.com\/#website","url":"https:\/\/irinasb.com\/","name":"IrinasB","description":"Handmade Dreams","publisher":{"@id":"https:\/\/irinasb.com\/#organization"},"potentialAction":[{"@type":"SearchAction","target":{"@type":"EntryPoint","urlTemplate":"https:\/\/irinasb.com\/?s={search_term_string}"},"query-input":{"@type":"PropertyValueSpecification","valueRequired":true,"valueName":"search_term_string"}}],"inLanguage":"en-GB"},{"@type":"Organization","@id":"https:\/\/irinasb.com\/#organization","name":"IrinasB","url":"https:\/\/irinasb.com\/","logo":{"@type":"ImageObject","inLanguage":"en-GB","@id":"https:\/\/irinasb.com\/#\/schema\/logo\/image\/","url":"https:\/\/irinasb.com\/wp-content\/uploads\/2016\/11\/logo.fw_.png","contentUrl":"https:\/\/irinasb.com\/wp-content\/uploads\/2016\/11\/logo.fw_.png","width":900,"height":453,"caption":"IrinasB"},"image":{"@id":"https:\/\/irinasb.com\/#\/schema\/logo\/image\/"}}]}},"_links":{"self":[{"href":"https:\/\/irinasb.com\/en\/wp-json\/wp\/v2\/product\/33215","targetHints":{"allow":["GET"]}}],"collection":[{"href":"https:\/\/irinasb.com\/en\/wp-json\/wp\/v2\/product"}],"about":[{"href":"https:\/\/irinasb.com\/en\/wp-json\/wp\/v2\/types\/product"}],"replies":[{"embeddable":true,"href":"https:\/\/irinasb.com\/en\/wp-json\/wp\/v2\/comments?post=33215"}],"wp:featuredmedia":[{"embeddable":true,"href":"https:\/\/irinasb.com\/en\/wp-json\/wp\/v2\/media\/33216"}],"wp:attachment":[{"href":"https:\/\/irinasb.com\/en\/wp-json\/wp\/v2\/media?parent=33215"}],"wp:term":[{"taxonomy":"product_brand","embeddable":true,"href":"https:\/\/irinasb.com\/en\/wp-json\/wp\/v2\/product_brand?post=33215"},{"taxonomy":"product_cat","embeddable":true,"href":"https:\/\/irinasb.com\/en\/wp-json\/wp\/v2\/product_cat?post=33215"},{"taxonomy":"product_tag","embeddable":true,"href":"https:\/\/irinasb.com\/en\/wp-json\/wp\/v2\/product_tag?post=33215"}],"curies":[{"name":"wp","href":"https:\/\/api.w.org\/{rel}","templated":true}]}}