{"id":33197,"date":"2026-03-13T15:16:20","date_gmt":"2026-03-13T15:16:20","guid":{"rendered":"https:\/\/irinasb.com\/?post_type=product&#038;p=33197"},"modified":"2026-03-13T15:23:07","modified_gmt":"2026-03-13T15:23:07","slug":"pulseira-cordao-verde-e-corrente-em-aco","status":"publish","type":"product","link":"https:\/\/irinasb.com\/en\/product\/pulseira-cordao-verde-e-corrente-em-aco\/","title":{"rendered":"Pulseira Cord\u00e3o Verde e Corrente em A\u00e7o"},"content":{"rendered":"<p data-start=\"682\" data-end=\"837\">Elegante e feminina, esta <strong data-start=\"708\" data-end=\"757\">pulseira ajust\u00e1vel com cord\u00e3o verde<\/strong> \u00e9 um acess\u00f3rio perfeito para quem aprecia pe\u00e7as delicadas com um toque moderno.<\/p>\n<p data-start=\"839\" data-end=\"1117\">O <strong data-start=\"841\" data-end=\"881\">cord\u00e3o duplo em tons de verde<\/strong> e amarelo cria uma combina\u00e7\u00e3o harmoniosa e divertida, tornando esta pulseira f\u00e1cil de combinar com diferentes estilos e looks. No centro da pe\u00e7a encontra-se uma <strong data-start=\"1035\" data-end=\"1062\">corrente em a\u00e7o inoxid\u00e1vel<\/strong>, que acrescenta um detalhe contempor\u00e2neo e resistente.<\/p>\n<p data-start=\"1275\" data-end=\"1413\">Gra\u00e7as ao seu <strong data-start=\"1289\" data-end=\"1310\">sistema ajust\u00e1vel<\/strong>, esta pulseira adapta-se facilmente ao pulso, proporcionando conforto e praticidade para o uso di\u00e1rio.<\/p>\n<p data-start=\"1415\" data-end=\"1626\">Vers\u00e1til e cheia de significado, esta <strong data-start=\"1453\" data-end=\"1495\">pulseira feminina com cord\u00e3o e corrente<\/strong> \u00e9 ideal para complementar qualquer look e tamb\u00e9m uma excelente op\u00e7\u00e3o para <strong data-start=\"1570\" data-end=\"1625\">oferecer como presente especial a algu\u00e9m importante<\/strong>.<\/p>\n<h4 data-section-id=\"1mlf9mt\" data-start=\"1633\" data-end=\"1650\">Caracter\u00edsticas<\/h4>\n<p data-start=\"1652\" data-end=\"1858\">\u2022 Pulseira ajust\u00e1vel<br data-start=\"1672\" data-end=\"1675\" \/>\u2022 Cord\u00e3o duplo em <strong data-start=\"1693\" data-end=\"1712\">verde e amarelo<\/strong><br data-start=\"1712\" data-end=\"1715\" \/>\u2022 <strong data-start=\"1717\" data-end=\"1744\">Corrente em a\u00e7o inoxid\u00e1vel<\/strong><br data-start=\"1778\" data-end=\"1781\" \/>\u2022 Estilo <strong data-start=\"1790\" data-end=\"1822\">divertido, moderno e feminino<\/strong><br data-start=\"1822\" data-end=\"1825\" \/>\u2022 Confort\u00e1vel para <strong data-start=\"1844\" data-end=\"1858\">uso di\u00e1rio<\/strong><\/p>","protected":false},"excerpt":{"rendered":"<p>Delicada e cheia de charme, esta <strong data-start=\"389\" data-end=\"438\">pulseira ajust\u00e1vel combina um cord\u00e3o verde<\/strong> com uma elegante <strong data-start=\"460\" data-end=\"487\">corrente em a\u00e7o inoxid\u00e1vel<\/strong>. Um acess\u00f3rio feminino moderno e vers\u00e1til, perfeito para usar no dia a dia ou para oferecer como presente especial.<\/p>","protected":false},"featured_media":33198,"comment_status":"closed","ping_status":"closed","template":"","meta":[],"product_brand":[],"product_cat":[192],"product_tag":[909,908,322,907,913,912,915,914],"class_list":{"0":"post-33197","1":"product","2":"type-product","3":"status-publish","4":"has-post-thumbnail","6":"product_cat-pulseiras","7":"product_tag-acessorios-femininos","8":"product_tag-pulseira-aco-inoxidavel","9":"product_tag-pulseira-ajustavel","10":"product_tag-pulseira-com-coracao","11":"product_tag-pulseira-coracao-colorido","12":"product_tag-pulseira-cordao-feminino","13":"product_tag-pulseira-cordao-verde","14":"product_tag-pulseira-feminina-elegante","16":"first","17":"instock","18":"shipping-taxable","19":"purchasable","20":"product-type-simple"},"yoast_head":"<!-- This site is optimized with the Yoast SEO plugin v26.2 - https:\/\/yoast.com\/wordpress\/plugins\/seo\/ -->\n<title>Pulseira Cord\u00e3o Verde e Corrente em A\u00e7o - IrinasB<\/title>\n<meta name=\"description\" content=\"Pulseira ajust\u00e1vel com cord\u00e3o verde e amarelo, corrente em a\u00e7o inoxid\u00e1vel. Um acess\u00f3rio feminino, divertido, moderno e cheio de charme.\" \/>\n<meta name=\"robots\" content=\"index, follow, max-snippet:-1, max-image-preview:large, max-video-preview:-1\" \/>\n<link rel=\"canonical\" href=\"https:\/\/irinasb.com\/en\/product\/pulseira-cordao-verde-e-corrente-em-aco\/\" \/>\n<meta property=\"og:locale\" content=\"en_GB\" \/>\n<meta property=\"og:type\" content=\"article\" \/>\n<meta property=\"og:title\" content=\"Pulseira Cord\u00e3o Verde e Corrente em A\u00e7o - IrinasB\" \/>\n<meta property=\"og:description\" content=\"Pulseira ajust\u00e1vel com cord\u00e3o verde e amarelo, corrente em a\u00e7o inoxid\u00e1vel. Um acess\u00f3rio feminino, divertido, moderno e cheio de charme.\" \/>\n<meta property=\"og:url\" content=\"https:\/\/irinasb.com\/en\/product\/pulseira-cordao-verde-e-corrente-em-aco\/\" \/>\n<meta property=\"og:site_name\" content=\"IrinasB\" \/>\n<meta property=\"article:modified_time\" content=\"2026-03-13T15:23:07+00:00\" \/>\n<meta property=\"og:image\" content=\"https:\/\/irinasb.com\/wp-content\/uploads\/2026\/03\/pulseira-cordao-verde-e-malha-em-aco-1.jpg\" \/>\n\t<meta property=\"og:image:width\" content=\"800\" \/>\n\t<meta property=\"og:image:height\" content=\"930\" \/>\n\t<meta property=\"og:image:type\" content=\"image\/jpeg\" \/>\n<meta name=\"twitter:card\" content=\"summary_large_image\" \/>\n<meta name=\"twitter:label1\" content=\"Estimated reading time\" \/>\n\t<meta name=\"twitter:data1\" content=\"1 minute\" \/>\n<script type=\"application\/ld+json\" class=\"yoast-schema-graph\">{\"@context\":\"https:\/\/schema.org\",\"@graph\":[{\"@type\":\"WebPage\",\"@id\":\"https:\/\/irinasb.com\/produto\/pulseira-cordao-verde-e-corrente-em-aco\/\",\"url\":\"https:\/\/irinasb.com\/produto\/pulseira-cordao-verde-e-corrente-em-aco\/\",\"name\":\"Pulseira Cord\u00e3o Verde e Corrente em A\u00e7o - IrinasB\",\"isPartOf\":{\"@id\":\"https:\/\/irinasb.com\/#website\"},\"primaryImageOfPage\":{\"@id\":\"https:\/\/irinasb.com\/produto\/pulseira-cordao-verde-e-corrente-em-aco\/#primaryimage\"},\"image\":{\"@id\":\"https:\/\/irinasb.com\/produto\/pulseira-cordao-verde-e-corrente-em-aco\/#primaryimage\"},\"thumbnailUrl\":\"https:\/\/irinasb.com\/wp-content\/uploads\/2026\/03\/pulseira-cordao-verde-e-malha-em-aco-1.jpg\",\"datePublished\":\"2026-03-13T15:16:20+00:00\",\"dateModified\":\"2026-03-13T15:23:07+00:00\",\"description\":\"Pulseira ajust\u00e1vel com cord\u00e3o verde e amarelo, corrente em a\u00e7o inoxid\u00e1vel. Um acess\u00f3rio feminino, divertido, moderno e cheio de charme.\",\"breadcrumb\":{\"@id\":\"https:\/\/irinasb.com\/produto\/pulseira-cordao-verde-e-corrente-em-aco\/#breadcrumb\"},\"inLanguage\":\"en-GB\",\"potentialAction\":[{\"@type\":\"ReadAction\",\"target\":[\"https:\/\/irinasb.com\/produto\/pulseira-cordao-verde-e-corrente-em-aco\/\"]}]},{\"@type\":\"ImageObject\",\"inLanguage\":\"en-GB\",\"@id\":\"https:\/\/irinasb.com\/produto\/pulseira-cordao-verde-e-corrente-em-aco\/#primaryimage\",\"url\":\"https:\/\/irinasb.com\/wp-content\/uploads\/2026\/03\/pulseira-cordao-verde-e-malha-em-aco-1.jpg\",\"contentUrl\":\"https:\/\/irinasb.com\/wp-content\/uploads\/2026\/03\/pulseira-cordao-verde-e-malha-em-aco-1.jpg\",\"width\":800,\"height\":930},{\"@type\":\"BreadcrumbList\",\"@id\":\"https:\/\/irinasb.com\/produto\/pulseira-cordao-verde-e-corrente-em-aco\/#breadcrumb\",\"itemListElement\":[{\"@type\":\"ListItem\",\"position\":1,\"name\":\"Home\",\"item\":\"https:\/\/irinasb.com\/\"},{\"@type\":\"ListItem\",\"position\":2,\"name\":\"Loja\",\"item\":\"https:\/\/irinasb.com\/loja\/\"},{\"@type\":\"ListItem\",\"position\":3,\"name\":\"Pulseira Cord\u00e3o Verde e Corrente em A\u00e7o\"}]},{\"@type\":\"WebSite\",\"@id\":\"https:\/\/irinasb.com\/#website\",\"url\":\"https:\/\/irinasb.com\/\",\"name\":\"IrinasB\",\"description\":\"Handmade Dreams\",\"publisher\":{\"@id\":\"https:\/\/irinasb.com\/#organization\"},\"potentialAction\":[{\"@type\":\"SearchAction\",\"target\":{\"@type\":\"EntryPoint\",\"urlTemplate\":\"https:\/\/irinasb.com\/?s={search_term_string}\"},\"query-input\":{\"@type\":\"PropertyValueSpecification\",\"valueRequired\":true,\"valueName\":\"search_term_string\"}}],\"inLanguage\":\"en-GB\"},{\"@type\":\"Organization\",\"@id\":\"https:\/\/irinasb.com\/#organization\",\"name\":\"IrinasB\",\"url\":\"https:\/\/irinasb.com\/\",\"logo\":{\"@type\":\"ImageObject\",\"inLanguage\":\"en-GB\",\"@id\":\"https:\/\/irinasb.com\/#\/schema\/logo\/image\/\",\"url\":\"https:\/\/irinasb.com\/wp-content\/uploads\/2016\/11\/logo.fw_.png\",\"contentUrl\":\"https:\/\/irinasb.com\/wp-content\/uploads\/2016\/11\/logo.fw_.png\",\"width\":900,\"height\":453,\"caption\":\"IrinasB\"},\"image\":{\"@id\":\"https:\/\/irinasb.com\/#\/schema\/logo\/image\/\"}}]}<\/script>\n<!-- \/ Yoast SEO plugin. -->","yoast_head_json":{"title":"Pulseira Cord\u00e3o Verde e Corrente em A\u00e7o - IrinasB","description":"Pulseira ajust\u00e1vel com cord\u00e3o verde e amarelo, corrente em a\u00e7o inoxid\u00e1vel. Um acess\u00f3rio feminino, divertido, moderno e cheio de charme.","robots":{"index":"index","follow":"follow","max-snippet":"max-snippet:-1","max-image-preview":"max-image-preview:large","max-video-preview":"max-video-preview:-1"},"canonical":"https:\/\/irinasb.com\/en\/product\/pulseira-cordao-verde-e-corrente-em-aco\/","og_locale":"en_GB","og_type":"article","og_title":"Pulseira Cord\u00e3o Verde e Corrente em A\u00e7o - IrinasB","og_description":"Pulseira ajust\u00e1vel com cord\u00e3o verde e amarelo, corrente em a\u00e7o inoxid\u00e1vel. Um acess\u00f3rio feminino, divertido, moderno e cheio de charme.","og_url":"https:\/\/irinasb.com\/en\/product\/pulseira-cordao-verde-e-corrente-em-aco\/","og_site_name":"IrinasB","article_modified_time":"2026-03-13T15:23:07+00:00","og_image":[{"width":800,"height":930,"url":"https:\/\/irinasb.com\/wp-content\/uploads\/2026\/03\/pulseira-cordao-verde-e-malha-em-aco-1.jpg","type":"image\/jpeg"}],"twitter_card":"summary_large_image","twitter_misc":{"Estimated reading time":"1 minute"},"schema":{"@context":"https:\/\/schema.org","@graph":[{"@type":"WebPage","@id":"https:\/\/irinasb.com\/produto\/pulseira-cordao-verde-e-corrente-em-aco\/","url":"https:\/\/irinasb.com\/produto\/pulseira-cordao-verde-e-corrente-em-aco\/","name":"Pulseira Cord\u00e3o Verde e Corrente em A\u00e7o - IrinasB","isPartOf":{"@id":"https:\/\/irinasb.com\/#website"},"primaryImageOfPage":{"@id":"https:\/\/irinasb.com\/produto\/pulseira-cordao-verde-e-corrente-em-aco\/#primaryimage"},"image":{"@id":"https:\/\/irinasb.com\/produto\/pulseira-cordao-verde-e-corrente-em-aco\/#primaryimage"},"thumbnailUrl":"https:\/\/irinasb.com\/wp-content\/uploads\/2026\/03\/pulseira-cordao-verde-e-malha-em-aco-1.jpg","datePublished":"2026-03-13T15:16:20+00:00","dateModified":"2026-03-13T15:23:07+00:00","description":"Pulseira ajust\u00e1vel com cord\u00e3o verde e amarelo, corrente em a\u00e7o inoxid\u00e1vel. Um acess\u00f3rio feminino, divertido, moderno e cheio de charme.","breadcrumb":{"@id":"https:\/\/irinasb.com\/produto\/pulseira-cordao-verde-e-corrente-em-aco\/#breadcrumb"},"inLanguage":"en-GB","potentialAction":[{"@type":"ReadAction","target":["https:\/\/irinasb.com\/produto\/pulseira-cordao-verde-e-corrente-em-aco\/"]}]},{"@type":"ImageObject","inLanguage":"en-GB","@id":"https:\/\/irinasb.com\/produto\/pulseira-cordao-verde-e-corrente-em-aco\/#primaryimage","url":"https:\/\/irinasb.com\/wp-content\/uploads\/2026\/03\/pulseira-cordao-verde-e-malha-em-aco-1.jpg","contentUrl":"https:\/\/irinasb.com\/wp-content\/uploads\/2026\/03\/pulseira-cordao-verde-e-malha-em-aco-1.jpg","width":800,"height":930},{"@type":"BreadcrumbList","@id":"https:\/\/irinasb.com\/produto\/pulseira-cordao-verde-e-corrente-em-aco\/#breadcrumb","itemListElement":[{"@type":"ListItem","position":1,"name":"Home","item":"https:\/\/irinasb.com\/"},{"@type":"ListItem","position":2,"name":"Loja","item":"https:\/\/irinasb.com\/loja\/"},{"@type":"ListItem","position":3,"name":"Pulseira Cord\u00e3o Verde e Corrente em A\u00e7o"}]},{"@type":"WebSite","@id":"https:\/\/irinasb.com\/#website","url":"https:\/\/irinasb.com\/","name":"IrinasB","description":"Handmade Dreams","publisher":{"@id":"https:\/\/irinasb.com\/#organization"},"potentialAction":[{"@type":"SearchAction","target":{"@type":"EntryPoint","urlTemplate":"https:\/\/irinasb.com\/?s={search_term_string}"},"query-input":{"@type":"PropertyValueSpecification","valueRequired":true,"valueName":"search_term_string"}}],"inLanguage":"en-GB"},{"@type":"Organization","@id":"https:\/\/irinasb.com\/#organization","name":"IrinasB","url":"https:\/\/irinasb.com\/","logo":{"@type":"ImageObject","inLanguage":"en-GB","@id":"https:\/\/irinasb.com\/#\/schema\/logo\/image\/","url":"https:\/\/irinasb.com\/wp-content\/uploads\/2016\/11\/logo.fw_.png","contentUrl":"https:\/\/irinasb.com\/wp-content\/uploads\/2016\/11\/logo.fw_.png","width":900,"height":453,"caption":"IrinasB"},"image":{"@id":"https:\/\/irinasb.com\/#\/schema\/logo\/image\/"}}]}},"_links":{"self":[{"href":"https:\/\/irinasb.com\/en\/wp-json\/wp\/v2\/product\/33197","targetHints":{"allow":["GET"]}}],"collection":[{"href":"https:\/\/irinasb.com\/en\/wp-json\/wp\/v2\/product"}],"about":[{"href":"https:\/\/irinasb.com\/en\/wp-json\/wp\/v2\/types\/product"}],"replies":[{"embeddable":true,"href":"https:\/\/irinasb.com\/en\/wp-json\/wp\/v2\/comments?post=33197"}],"wp:featuredmedia":[{"embeddable":true,"href":"https:\/\/irinasb.com\/en\/wp-json\/wp\/v2\/media\/33198"}],"wp:attachment":[{"href":"https:\/\/irinasb.com\/en\/wp-json\/wp\/v2\/media?parent=33197"}],"wp:term":[{"taxonomy":"product_brand","embeddable":true,"href":"https:\/\/irinasb.com\/en\/wp-json\/wp\/v2\/product_brand?post=33197"},{"taxonomy":"product_cat","embeddable":true,"href":"https:\/\/irinasb.com\/en\/wp-json\/wp\/v2\/product_cat?post=33197"},{"taxonomy":"product_tag","embeddable":true,"href":"https:\/\/irinasb.com\/en\/wp-json\/wp\/v2\/product_tag?post=33197"}],"curies":[{"name":"wp","href":"https:\/\/api.w.org\/{rel}","templated":true}]}}