{"id":33185,"date":"2026-03-12T23:11:05","date_gmt":"2026-03-12T23:11:05","guid":{"rendered":"https:\/\/irinasb.com\/?post_type=product&#038;p=33185"},"modified":"2026-03-13T11:35:28","modified_gmt":"2026-03-13T11:35:28","slug":"pulseira-olho-turco-2","status":"publish","type":"product","link":"https:\/\/irinasb.com\/en\/product\/pulseira-olho-turco-2\/","title":{"rendered":"Pulseira Olho Turco"},"content":{"rendered":"<p data-start=\"711\" data-end=\"1002\">Esta\u00a0<strong data-start=\"716\" data-end=\"751\">pulseira dourada com olho turco<\/strong>\u00a0\u00e9 fabricada em\u00a0<strong data-start=\"767\" data-end=\"785\">a\u00e7o inoxid\u00e1vel<\/strong>, um material resistente, dur\u00e1vel e perfeito para o uso di\u00e1rio. O seu design minimalista e sofisticado torna esta pe\u00e7a f\u00e1cil de combinar com outros acess\u00f3rios, criando looks modernos e elegantes para qualquer ocasi\u00e3o. Mede aproximadamente 14 cm + 4 cm de ajuste.<\/p>\n<p data-start=\"1004\" data-end=\"1280\">A\u00a0<strong data-start=\"1006\" data-end=\"1042\">pulseira feminina de a\u00e7o dourado<\/strong>\u00a0\u00e9 perfeita para mulheres que gostam de acess\u00f3rios com significado, sendo tamb\u00e9m uma excelente op\u00e7\u00e3o para\u00a0<strong data-start=\"1148\" data-end=\"1183\">oferecer como presente especial<\/strong>. Simboliza prote\u00e7\u00e3o, sorte e boas energias, tornando-se uma pe\u00e7a bonita e carregada de inten\u00e7\u00e3o.<\/p>\n<p data-start=\"1282\" data-end=\"1445\">Se procuras uma\u00a0<strong data-start=\"1298\" data-end=\"1346\">pulseira elegante, moderna e com significado<\/strong>, esta\u00a0<strong data-start=\"1353\" data-end=\"1395\">pulseira com olho turco em a\u00e7o dourado<\/strong>\u00a0\u00e9 a escolha perfeita para completar o teu estilo.<\/p>\n<p data-start=\"1473\" data-end=\"1509\">Material:<\/p>\n<ul data-start=\"1471\" data-end=\"1700\">\n<li data-section-id=\"o9pfba\" data-start=\"1549\" data-end=\"1585\">\n<p data-start=\"1551\" data-end=\"1585\"><strong data-start=\"1483\" data-end=\"1509\">A\u00e7o inoxid\u00e1vel dourado<\/strong><\/p>\n<\/li>\n<\/ul>\n<ul data-start=\"1471\" data-end=\"1700\">\n<li data-section-id=\"1ya8w93\" data-start=\"1510\" data-end=\"1548\">\n<p data-start=\"1512\" data-end=\"1548\">S\u00edmbolo:\u00a0<strong data-start=\"1521\" data-end=\"1548\">Olho turco \/ olho grego<\/strong><\/p>\n<\/li>\n<li data-section-id=\"o9pfba\" data-start=\"1549\" data-end=\"1585\">\n<p data-start=\"1551\" data-end=\"1585\">Estilo:\u00a0<strong data-start=\"1559\" data-end=\"1585\">Minimalista e elegante<\/strong><\/p>\n<\/li>\n<li data-section-id=\"1r9vstm\" data-start=\"1586\" data-end=\"1604\">\n<p data-start=\"1588\" data-end=\"1604\">Cor:\u00a0<strong data-start=\"1593\" data-end=\"1604\">Dourado<\/strong><\/p>\n<\/li>\n<li data-section-id=\"k56kqo\" data-start=\"1605\" data-end=\"1627\">\n<p data-start=\"1607\" data-end=\"1627\">Resistente e dur\u00e1vel<\/p>\n<\/li>\n<li data-section-id=\"r7r9y6\" data-start=\"1628\" data-end=\"1655\">\n<p data-start=\"1630\" data-end=\"1655\">Ideal para\u00a0<strong data-start=\"1641\" data-end=\"1655\">uso di\u00e1rio<\/strong><\/p>\n<\/li>\n<li data-section-id=\"108al8c\" data-start=\"1656\" data-end=\"1700\">\n<p data-start=\"1658\" data-end=\"1700\">Excelente op\u00e7\u00e3o para\u00a0<strong data-start=\"1679\" data-end=\"1700\">presente feminino<\/strong><\/p>\n<\/li>\n<\/ul>\n<h4 data-section-id=\"ttk2jb\" data-start=\"1707\" data-end=\"1719\">Benef\u00edcios<\/h4>\n<p data-start=\"1721\" data-end=\"1925\">\u2714 Amuleto de\u00a0<strong data-start=\"1734\" data-end=\"1772\">prote\u00e7\u00e3o contra energias negativas<\/strong><br data-start=\"1772\" data-end=\"1775\" \/>\u2714 Acess\u00f3rio\u00a0<strong data-start=\"1787\" data-end=\"1822\">delicado e cheio de significado<\/strong><br data-start=\"1822\" data-end=\"1825\" \/>\u2714 Combina facilmente com outros\u00a0<strong data-start=\"1857\" data-end=\"1881\">acess\u00f3rios femininos<\/strong><br data-start=\"1881\" data-end=\"1884\" \/>\u2714 Pe\u00e7a elegante para\u00a0<strong data-start=\"1905\" data-end=\"1925\">qualquer ocasi\u00e3o<\/strong><\/p>","protected":false},"excerpt":{"rendered":"<p>A\u00a0<strong data-start=\"366\" data-end=\"408\">pulseira de a\u00e7o dourado com olho turco<\/strong>\u00a0\u00e9 um acess\u00f3rio elegante e cheio de significado, ideal para quem procura uma\u00a0<strong data-start=\"485\" data-end=\"542\">pulseira feminina delicada com simbolismo de prote\u00e7\u00e3o<\/strong>. O\u00a0<strong data-start=\"546\" data-end=\"560\">olho turco<\/strong>, tamb\u00e9m conhecido como\u00a0<strong data-start=\"584\" data-end=\"598\">olho grego<\/strong>, \u00e9 um amuleto tradicional utilizado h\u00e1 s\u00e9culos para afastar energias negativas e proteger contra o mau-olhado.<\/p>","protected":false},"featured_media":33188,"comment_status":"closed","ping_status":"closed","template":"","meta":[],"product_brand":[],"product_cat":[192],"product_tag":[773,745,903,902],"class_list":{"0":"post-33185","1":"product","2":"type-product","3":"status-publish","4":"has-post-thumbnail","6":"product_cat-pulseiras","7":"product_tag-pulseira","8":"product_tag-pulseira-aco","9":"product_tag-pulseira-da-sorte","10":"product_tag-pulseira-olho-turco","12":"first","13":"instock","14":"shipping-taxable","15":"purchasable","16":"product-type-simple"},"yoast_head":"<!-- This site is optimized with the Yoast SEO plugin v26.2 - https:\/\/yoast.com\/wordpress\/plugins\/seo\/ -->\n<title>Pulseira Olho Turco - IrinasB<\/title>\n<meta name=\"description\" content=\"Pulseira do olho turco em a\u00e7o inoxid\u00e1vel dourado com mosquet\u00e3o e extensor. Medida aproximada de 14 cm mais 4 cm de ajuste. Pulseira de prote\u00e7\u00e3o.\" \/>\n<meta name=\"robots\" content=\"index, follow, max-snippet:-1, max-image-preview:large, max-video-preview:-1\" \/>\n<link rel=\"canonical\" href=\"https:\/\/irinasb.com\/en\/product\/pulseira-olho-turco-2\/\" \/>\n<meta property=\"og:locale\" content=\"en_GB\" \/>\n<meta property=\"og:type\" content=\"article\" \/>\n<meta property=\"og:title\" content=\"Pulseira Olho Turco - IrinasB\" \/>\n<meta property=\"og:description\" content=\"Pulseira do olho turco em a\u00e7o inoxid\u00e1vel dourado com mosquet\u00e3o e extensor. Medida aproximada de 14 cm mais 4 cm de ajuste. Pulseira de prote\u00e7\u00e3o.\" \/>\n<meta property=\"og:url\" content=\"https:\/\/irinasb.com\/en\/product\/pulseira-olho-turco-2\/\" \/>\n<meta property=\"og:site_name\" content=\"IrinasB\" \/>\n<meta property=\"article:modified_time\" content=\"2026-03-13T11:35:28+00:00\" \/>\n<meta property=\"og:image\" content=\"https:\/\/irinasb.com\/wp-content\/uploads\/2026\/03\/pulseira-olho-turco-e-aco-4.jpg\" \/>\n\t<meta property=\"og:image:width\" content=\"800\" \/>\n\t<meta property=\"og:image:height\" content=\"936\" \/>\n\t<meta property=\"og:image:type\" content=\"image\/jpeg\" \/>\n<meta name=\"twitter:card\" content=\"summary_large_image\" \/>\n<meta name=\"twitter:label1\" content=\"Estimated reading time\" \/>\n\t<meta name=\"twitter:data1\" content=\"2 minutes\" \/>\n<script type=\"application\/ld+json\" class=\"yoast-schema-graph\">{\"@context\":\"https:\/\/schema.org\",\"@graph\":[{\"@type\":\"WebPage\",\"@id\":\"https:\/\/irinasb.com\/produto\/pulseira-olho-turco-2\/\",\"url\":\"https:\/\/irinasb.com\/produto\/pulseira-olho-turco-2\/\",\"name\":\"Pulseira Olho Turco - IrinasB\",\"isPartOf\":{\"@id\":\"https:\/\/irinasb.com\/#website\"},\"primaryImageOfPage\":{\"@id\":\"https:\/\/irinasb.com\/produto\/pulseira-olho-turco-2\/#primaryimage\"},\"image\":{\"@id\":\"https:\/\/irinasb.com\/produto\/pulseira-olho-turco-2\/#primaryimage\"},\"thumbnailUrl\":\"https:\/\/irinasb.com\/wp-content\/uploads\/2026\/03\/pulseira-olho-turco-e-aco-4.jpg\",\"datePublished\":\"2026-03-12T23:11:05+00:00\",\"dateModified\":\"2026-03-13T11:35:28+00:00\",\"description\":\"Pulseira do olho turco em a\u00e7o inoxid\u00e1vel dourado com mosquet\u00e3o e extensor. Medida aproximada de 14 cm mais 4 cm de ajuste. Pulseira de prote\u00e7\u00e3o.\",\"breadcrumb\":{\"@id\":\"https:\/\/irinasb.com\/produto\/pulseira-olho-turco-2\/#breadcrumb\"},\"inLanguage\":\"en-GB\",\"potentialAction\":[{\"@type\":\"ReadAction\",\"target\":[\"https:\/\/irinasb.com\/produto\/pulseira-olho-turco-2\/\"]}]},{\"@type\":\"ImageObject\",\"inLanguage\":\"en-GB\",\"@id\":\"https:\/\/irinasb.com\/produto\/pulseira-olho-turco-2\/#primaryimage\",\"url\":\"https:\/\/irinasb.com\/wp-content\/uploads\/2026\/03\/pulseira-olho-turco-e-aco-4.jpg\",\"contentUrl\":\"https:\/\/irinasb.com\/wp-content\/uploads\/2026\/03\/pulseira-olho-turco-e-aco-4.jpg\",\"width\":800,\"height\":936},{\"@type\":\"BreadcrumbList\",\"@id\":\"https:\/\/irinasb.com\/produto\/pulseira-olho-turco-2\/#breadcrumb\",\"itemListElement\":[{\"@type\":\"ListItem\",\"position\":1,\"name\":\"Home\",\"item\":\"https:\/\/irinasb.com\/\"},{\"@type\":\"ListItem\",\"position\":2,\"name\":\"Loja\",\"item\":\"https:\/\/irinasb.com\/loja\/\"},{\"@type\":\"ListItem\",\"position\":3,\"name\":\"Pulseira Olho Turco\"}]},{\"@type\":\"WebSite\",\"@id\":\"https:\/\/irinasb.com\/#website\",\"url\":\"https:\/\/irinasb.com\/\",\"name\":\"IrinasB\",\"description\":\"Handmade Dreams\",\"publisher\":{\"@id\":\"https:\/\/irinasb.com\/#organization\"},\"potentialAction\":[{\"@type\":\"SearchAction\",\"target\":{\"@type\":\"EntryPoint\",\"urlTemplate\":\"https:\/\/irinasb.com\/?s={search_term_string}\"},\"query-input\":{\"@type\":\"PropertyValueSpecification\",\"valueRequired\":true,\"valueName\":\"search_term_string\"}}],\"inLanguage\":\"en-GB\"},{\"@type\":\"Organization\",\"@id\":\"https:\/\/irinasb.com\/#organization\",\"name\":\"IrinasB\",\"url\":\"https:\/\/irinasb.com\/\",\"logo\":{\"@type\":\"ImageObject\",\"inLanguage\":\"en-GB\",\"@id\":\"https:\/\/irinasb.com\/#\/schema\/logo\/image\/\",\"url\":\"https:\/\/irinasb.com\/wp-content\/uploads\/2016\/11\/logo.fw_.png\",\"contentUrl\":\"https:\/\/irinasb.com\/wp-content\/uploads\/2016\/11\/logo.fw_.png\",\"width\":900,\"height\":453,\"caption\":\"IrinasB\"},\"image\":{\"@id\":\"https:\/\/irinasb.com\/#\/schema\/logo\/image\/\"}}]}<\/script>\n<!-- \/ Yoast SEO plugin. -->","yoast_head_json":{"title":"Pulseira Olho Turco - IrinasB","description":"Pulseira do olho turco em a\u00e7o inoxid\u00e1vel dourado com mosquet\u00e3o e extensor. Medida aproximada de 14 cm mais 4 cm de ajuste. Pulseira de prote\u00e7\u00e3o.","robots":{"index":"index","follow":"follow","max-snippet":"max-snippet:-1","max-image-preview":"max-image-preview:large","max-video-preview":"max-video-preview:-1"},"canonical":"https:\/\/irinasb.com\/en\/product\/pulseira-olho-turco-2\/","og_locale":"en_GB","og_type":"article","og_title":"Pulseira Olho Turco - IrinasB","og_description":"Pulseira do olho turco em a\u00e7o inoxid\u00e1vel dourado com mosquet\u00e3o e extensor. Medida aproximada de 14 cm mais 4 cm de ajuste. Pulseira de prote\u00e7\u00e3o.","og_url":"https:\/\/irinasb.com\/en\/product\/pulseira-olho-turco-2\/","og_site_name":"IrinasB","article_modified_time":"2026-03-13T11:35:28+00:00","og_image":[{"width":800,"height":936,"url":"https:\/\/irinasb.com\/wp-content\/uploads\/2026\/03\/pulseira-olho-turco-e-aco-4.jpg","type":"image\/jpeg"}],"twitter_card":"summary_large_image","twitter_misc":{"Estimated reading time":"2 minutes"},"schema":{"@context":"https:\/\/schema.org","@graph":[{"@type":"WebPage","@id":"https:\/\/irinasb.com\/produto\/pulseira-olho-turco-2\/","url":"https:\/\/irinasb.com\/produto\/pulseira-olho-turco-2\/","name":"Pulseira Olho Turco - IrinasB","isPartOf":{"@id":"https:\/\/irinasb.com\/#website"},"primaryImageOfPage":{"@id":"https:\/\/irinasb.com\/produto\/pulseira-olho-turco-2\/#primaryimage"},"image":{"@id":"https:\/\/irinasb.com\/produto\/pulseira-olho-turco-2\/#primaryimage"},"thumbnailUrl":"https:\/\/irinasb.com\/wp-content\/uploads\/2026\/03\/pulseira-olho-turco-e-aco-4.jpg","datePublished":"2026-03-12T23:11:05+00:00","dateModified":"2026-03-13T11:35:28+00:00","description":"Pulseira do olho turco em a\u00e7o inoxid\u00e1vel dourado com mosquet\u00e3o e extensor. Medida aproximada de 14 cm mais 4 cm de ajuste. Pulseira de prote\u00e7\u00e3o.","breadcrumb":{"@id":"https:\/\/irinasb.com\/produto\/pulseira-olho-turco-2\/#breadcrumb"},"inLanguage":"en-GB","potentialAction":[{"@type":"ReadAction","target":["https:\/\/irinasb.com\/produto\/pulseira-olho-turco-2\/"]}]},{"@type":"ImageObject","inLanguage":"en-GB","@id":"https:\/\/irinasb.com\/produto\/pulseira-olho-turco-2\/#primaryimage","url":"https:\/\/irinasb.com\/wp-content\/uploads\/2026\/03\/pulseira-olho-turco-e-aco-4.jpg","contentUrl":"https:\/\/irinasb.com\/wp-content\/uploads\/2026\/03\/pulseira-olho-turco-e-aco-4.jpg","width":800,"height":936},{"@type":"BreadcrumbList","@id":"https:\/\/irinasb.com\/produto\/pulseira-olho-turco-2\/#breadcrumb","itemListElement":[{"@type":"ListItem","position":1,"name":"Home","item":"https:\/\/irinasb.com\/"},{"@type":"ListItem","position":2,"name":"Loja","item":"https:\/\/irinasb.com\/loja\/"},{"@type":"ListItem","position":3,"name":"Pulseira Olho Turco"}]},{"@type":"WebSite","@id":"https:\/\/irinasb.com\/#website","url":"https:\/\/irinasb.com\/","name":"IrinasB","description":"Handmade Dreams","publisher":{"@id":"https:\/\/irinasb.com\/#organization"},"potentialAction":[{"@type":"SearchAction","target":{"@type":"EntryPoint","urlTemplate":"https:\/\/irinasb.com\/?s={search_term_string}"},"query-input":{"@type":"PropertyValueSpecification","valueRequired":true,"valueName":"search_term_string"}}],"inLanguage":"en-GB"},{"@type":"Organization","@id":"https:\/\/irinasb.com\/#organization","name":"IrinasB","url":"https:\/\/irinasb.com\/","logo":{"@type":"ImageObject","inLanguage":"en-GB","@id":"https:\/\/irinasb.com\/#\/schema\/logo\/image\/","url":"https:\/\/irinasb.com\/wp-content\/uploads\/2016\/11\/logo.fw_.png","contentUrl":"https:\/\/irinasb.com\/wp-content\/uploads\/2016\/11\/logo.fw_.png","width":900,"height":453,"caption":"IrinasB"},"image":{"@id":"https:\/\/irinasb.com\/#\/schema\/logo\/image\/"}}]}},"_links":{"self":[{"href":"https:\/\/irinasb.com\/en\/wp-json\/wp\/v2\/product\/33185","targetHints":{"allow":["GET"]}}],"collection":[{"href":"https:\/\/irinasb.com\/en\/wp-json\/wp\/v2\/product"}],"about":[{"href":"https:\/\/irinasb.com\/en\/wp-json\/wp\/v2\/types\/product"}],"replies":[{"embeddable":true,"href":"https:\/\/irinasb.com\/en\/wp-json\/wp\/v2\/comments?post=33185"}],"wp:featuredmedia":[{"embeddable":true,"href":"https:\/\/irinasb.com\/en\/wp-json\/wp\/v2\/media\/33188"}],"wp:attachment":[{"href":"https:\/\/irinasb.com\/en\/wp-json\/wp\/v2\/media?parent=33185"}],"wp:term":[{"taxonomy":"product_brand","embeddable":true,"href":"https:\/\/irinasb.com\/en\/wp-json\/wp\/v2\/product_brand?post=33185"},{"taxonomy":"product_cat","embeddable":true,"href":"https:\/\/irinasb.com\/en\/wp-json\/wp\/v2\/product_cat?post=33185"},{"taxonomy":"product_tag","embeddable":true,"href":"https:\/\/irinasb.com\/en\/wp-json\/wp\/v2\/product_tag?post=33185"}],"curies":[{"name":"wp","href":"https:\/\/api.w.org\/{rel}","templated":true}]}}