{"id":3316,"date":"2017-03-22T13:30:44","date_gmt":"2017-03-22T13:30:44","guid":{"rendered":"https:\/\/irinasb.com\/?post_type=product&#038;p=3316"},"modified":"2025-06-20T13:54:37","modified_gmt":"2025-06-20T13:54:37","slug":"colar-maria-cortica-coracao-viana","status":"publish","type":"product","link":"https:\/\/irinasb.com\/en\/product\/colar-maria-cortica-coracao-viana\/","title":{"rendered":"Colar Corti\u00e7a e Cora\u00e7\u00e3o Rosa"},"content":{"rendered":"<ul>\n<li><strong>Design moderno e elegante<\/strong>, ideal para mulheres que apreciam acess\u00f3rios com personalidade.<\/li>\n<li><strong>Feito \u00e0 m\u00e3o<\/strong> com <strong>materiais de alta qualidade<\/strong>, refletindo o compromisso com a perfei\u00e7\u00e3o e o cuidado no acabamento.<\/li>\n<li><strong>Vers\u00e1til<\/strong>: pode ser usado em diversas ocasi\u00f5es, tanto no dia a dia quanto em eventos mais formais.<\/li>\n<li><strong>Acess\u00f3rio exclusivo<\/strong> da IrinasB, com o toque artesanal que torna cada pe\u00e7a \u00fanica.<\/li>\n<li>Ideal para mulheres que procuram um <strong>colar sofisticado<\/strong>, que combine com diferentes estilos e ocasi\u00f5es.<\/li>\n<\/ul>\n<p><strong>Cuidados com a pe\u00e7a:<\/strong> Para garantir que o <strong>colar Maria<\/strong> se mantenha em perfeitas condi\u00e7\u00f5es, \u00e9 importante seguir alguns cuidados:<\/p>\n<ul>\n<li>Evite o contato com <strong>produtos qu\u00edmicos<\/strong> como perfumes, cremes e produtos de limpeza.<\/li>\n<li><strong>Remova o colar<\/strong> antes de tomar banho, nadar ou praticar atividades f\u00edsicas intensas.<\/li>\n<li><strong>Guarde o colar<\/strong> em um local seco e arejado, preferencialmente em uma <strong>caixa de joias<\/strong> ou pouch, para evitar danos e arranh\u00f5es.<\/li>\n<li><strong>Limpeza suave<\/strong>: utilize um pano macio e seco para limpar o colar, evitando o uso de produtos abrasivos que possam danificar o acabamento.<\/li>\n<\/ul>\n<p><span style=\"color: #000000;\"><em>Our pieces are manufactured manually, therefore, we do not guarantee that the piece sent is exactly the same as the photograph shown, that is, certain details may vary slightly in position, as well as materials such as cork, which may slightly vary in color. We guarantee an identical piece but never exactly the same!<\/em><\/span><\/p>","protected":false},"excerpt":{"rendered":"<p>&nbsp;<\/p>\n<p><strong>Eleg\u00e2ncia e Sofistica\u00e7\u00e3o em Uma Pe\u00e7a Artesanal \u00danica<\/strong><\/p>\n<p>O <strong>colar Maria<\/strong> \u00e9 a combina\u00e7\u00e3o perfeita de <strong>eleg\u00e2ncia<\/strong> e <strong>refinamento<\/strong>. Com um design delicado e moderno, esta pe\u00e7a foi cuidadosamente criada para mulheres que apreciam a <strong>joalharia artesanal<\/strong> e procuram um acess\u00f3rio \u00fanico para complementar o seu estilo. Feito \u00e0 m\u00e3o com <strong>materiais de alta qualidade<\/strong>, o <strong>colar Maria<\/strong> \u00e9 uma op\u00e7\u00e3o ideal tanto para o dia a dia quanto para eventos mais sofisticados.<\/p>\n<p>This piece will be manufactured especially for you and therefore the manufacturing time may vary between 2 to 4 days.<\/p>\n<p>It ships in a beautiful box!<\/p>","protected":false},"featured_media":4151,"comment_status":"closed","ping_status":"closed","template":"","meta":[],"product_brand":[],"product_cat":[186],"product_tag":[496,145,144],"class_list":{"0":"post-3316","1":"product","2":"type-product","3":"status-publish","4":"has-post-thumbnail","6":"product_cat-maxicolares","7":"product_tag-colar","8":"product_tag-coracao-de-viana","9":"product_tag-cortica","11":"first","12":"outofstock","13":"shipping-taxable","14":"purchasable","15":"product-type-simple"},"yoast_head":"<!-- This site is optimized with the Yoast SEO plugin v26.2 - https:\/\/yoast.com\/wordpress\/plugins\/seo\/ -->\n<title>Colar Corti\u00e7a e Cora\u00e7\u00e3o Rosa - IrinasB<\/title>\n<meta name=\"robots\" content=\"index, follow, max-snippet:-1, max-image-preview:large, max-video-preview:-1\" \/>\n<link rel=\"canonical\" href=\"https:\/\/irinasb.com\/en\/product\/colar-maria-cortica-coracao-viana\/\" \/>\n<meta property=\"og:locale\" content=\"en_GB\" \/>\n<meta property=\"og:type\" content=\"article\" \/>\n<meta property=\"og:title\" content=\"Colar Corti\u00e7a e Cora\u00e7\u00e3o Rosa - IrinasB\" \/>\n<meta property=\"og:description\" content=\"&nbsp;  Eleg\u00e2ncia e Sofistica\u00e7\u00e3o em Uma Pe\u00e7a Artesanal \u00danica  O colar Maria \u00e9 a combina\u00e7\u00e3o perfeita de eleg\u00e2ncia e refinamento. Com um design delicado e moderno, esta pe\u00e7a foi cuidadosamente criada para mulheres que apreciam a joalharia artesanal e procuram um acess\u00f3rio \u00fanico para complementar o seu estilo. Feito \u00e0 m\u00e3o com materiais de alta qualidade, o colar Maria \u00e9 uma op\u00e7\u00e3o ideal tanto para o dia a dia quanto para eventos mais sofisticados.  Esta pe\u00e7a ser\u00e1 fabricada especialmente para si e por isso o tempo de fabrico poder\u00e1 variar entre 2 a 4 dias.  \u00c9 enviado numa bonita caixa!\" \/>\n<meta property=\"og:url\" content=\"https:\/\/irinasb.com\/en\/product\/colar-maria-cortica-coracao-viana\/\" \/>\n<meta property=\"og:site_name\" content=\"IrinasB\" \/>\n<meta property=\"article:modified_time\" content=\"2025-06-20T13:54:37+00:00\" \/>\n<meta property=\"og:image\" content=\"https:\/\/irinasb.com\/wp-content\/uploads\/2017\/03\/maria-cinza.jpg\" \/>\n\t<meta property=\"og:image:width\" content=\"800\" \/>\n\t<meta property=\"og:image:height\" content=\"968\" \/>\n\t<meta property=\"og:image:type\" content=\"image\/jpeg\" \/>\n<meta name=\"twitter:card\" content=\"summary_large_image\" \/>\n<meta name=\"twitter:label1\" content=\"Estimated reading time\" \/>\n\t<meta name=\"twitter:data1\" content=\"2 minutes\" \/>\n<script type=\"application\/ld+json\" class=\"yoast-schema-graph\">{\"@context\":\"https:\/\/schema.org\",\"@graph\":[{\"@type\":\"WebPage\",\"@id\":\"https:\/\/irinasb.com\/produto\/colar-maria-cortica-coracao-viana\/\",\"url\":\"https:\/\/irinasb.com\/produto\/colar-maria-cortica-coracao-viana\/\",\"name\":\"Colar Corti\u00e7a e Cora\u00e7\u00e3o Rosa - IrinasB\",\"isPartOf\":{\"@id\":\"https:\/\/irinasb.com\/#website\"},\"primaryImageOfPage\":{\"@id\":\"https:\/\/irinasb.com\/produto\/colar-maria-cortica-coracao-viana\/#primaryimage\"},\"image\":{\"@id\":\"https:\/\/irinasb.com\/produto\/colar-maria-cortica-coracao-viana\/#primaryimage\"},\"thumbnailUrl\":\"https:\/\/irinasb.com\/wp-content\/uploads\/2017\/03\/maria-cinza.jpg\",\"datePublished\":\"2017-03-22T13:30:44+00:00\",\"dateModified\":\"2025-06-20T13:54:37+00:00\",\"breadcrumb\":{\"@id\":\"https:\/\/irinasb.com\/produto\/colar-maria-cortica-coracao-viana\/#breadcrumb\"},\"inLanguage\":\"en-GB\",\"potentialAction\":[{\"@type\":\"ReadAction\",\"target\":[\"https:\/\/irinasb.com\/produto\/colar-maria-cortica-coracao-viana\/\"]}]},{\"@type\":\"ImageObject\",\"inLanguage\":\"en-GB\",\"@id\":\"https:\/\/irinasb.com\/produto\/colar-maria-cortica-coracao-viana\/#primaryimage\",\"url\":\"https:\/\/irinasb.com\/wp-content\/uploads\/2017\/03\/maria-cinza.jpg\",\"contentUrl\":\"https:\/\/irinasb.com\/wp-content\/uploads\/2017\/03\/maria-cinza.jpg\",\"width\":800,\"height\":968},{\"@type\":\"BreadcrumbList\",\"@id\":\"https:\/\/irinasb.com\/produto\/colar-maria-cortica-coracao-viana\/#breadcrumb\",\"itemListElement\":[{\"@type\":\"ListItem\",\"position\":1,\"name\":\"Home\",\"item\":\"https:\/\/irinasb.com\/\"},{\"@type\":\"ListItem\",\"position\":2,\"name\":\"Loja\",\"item\":\"https:\/\/irinasb.com\/loja\/\"},{\"@type\":\"ListItem\",\"position\":3,\"name\":\"Colar Corti\u00e7a e Cora\u00e7\u00e3o Rosa\"}]},{\"@type\":\"WebSite\",\"@id\":\"https:\/\/irinasb.com\/#website\",\"url\":\"https:\/\/irinasb.com\/\",\"name\":\"IrinasB\",\"description\":\"Handmade Dreams\",\"publisher\":{\"@id\":\"https:\/\/irinasb.com\/#organization\"},\"potentialAction\":[{\"@type\":\"SearchAction\",\"target\":{\"@type\":\"EntryPoint\",\"urlTemplate\":\"https:\/\/irinasb.com\/?s={search_term_string}\"},\"query-input\":{\"@type\":\"PropertyValueSpecification\",\"valueRequired\":true,\"valueName\":\"search_term_string\"}}],\"inLanguage\":\"en-GB\"},{\"@type\":\"Organization\",\"@id\":\"https:\/\/irinasb.com\/#organization\",\"name\":\"IrinasB\",\"url\":\"https:\/\/irinasb.com\/\",\"logo\":{\"@type\":\"ImageObject\",\"inLanguage\":\"en-GB\",\"@id\":\"https:\/\/irinasb.com\/#\/schema\/logo\/image\/\",\"url\":\"https:\/\/irinasb.com\/wp-content\/uploads\/2016\/11\/logo.fw_.png\",\"contentUrl\":\"https:\/\/irinasb.com\/wp-content\/uploads\/2016\/11\/logo.fw_.png\",\"width\":900,\"height\":453,\"caption\":\"IrinasB\"},\"image\":{\"@id\":\"https:\/\/irinasb.com\/#\/schema\/logo\/image\/\"}}]}<\/script>\n<!-- \/ Yoast SEO plugin. -->","yoast_head_json":{"title":"Colar Corti\u00e7a e Cora\u00e7\u00e3o Rosa - IrinasB","robots":{"index":"index","follow":"follow","max-snippet":"max-snippet:-1","max-image-preview":"max-image-preview:large","max-video-preview":"max-video-preview:-1"},"canonical":"https:\/\/irinasb.com\/en\/product\/colar-maria-cortica-coracao-viana\/","og_locale":"en_GB","og_type":"article","og_title":"Colar Corti\u00e7a e Cora\u00e7\u00e3o Rosa - IrinasB","og_description":"&nbsp;  Eleg\u00e2ncia e Sofistica\u00e7\u00e3o em Uma Pe\u00e7a Artesanal \u00danica  O colar Maria \u00e9 a combina\u00e7\u00e3o perfeita de eleg\u00e2ncia e refinamento. Com um design delicado e moderno, esta pe\u00e7a foi cuidadosamente criada para mulheres que apreciam a joalharia artesanal e procuram um acess\u00f3rio \u00fanico para complementar o seu estilo. Feito \u00e0 m\u00e3o com materiais de alta qualidade, o colar Maria \u00e9 uma op\u00e7\u00e3o ideal tanto para o dia a dia quanto para eventos mais sofisticados.  Esta pe\u00e7a ser\u00e1 fabricada especialmente para si e por isso o tempo de fabrico poder\u00e1 variar entre 2 a 4 dias.  \u00c9 enviado numa bonita caixa!","og_url":"https:\/\/irinasb.com\/en\/product\/colar-maria-cortica-coracao-viana\/","og_site_name":"IrinasB","article_modified_time":"2025-06-20T13:54:37+00:00","og_image":[{"width":800,"height":968,"url":"https:\/\/irinasb.com\/wp-content\/uploads\/2017\/03\/maria-cinza.jpg","type":"image\/jpeg"}],"twitter_card":"summary_large_image","twitter_misc":{"Estimated reading time":"2 minutes"},"schema":{"@context":"https:\/\/schema.org","@graph":[{"@type":"WebPage","@id":"https:\/\/irinasb.com\/produto\/colar-maria-cortica-coracao-viana\/","url":"https:\/\/irinasb.com\/produto\/colar-maria-cortica-coracao-viana\/","name":"Colar Corti\u00e7a e Cora\u00e7\u00e3o Rosa - IrinasB","isPartOf":{"@id":"https:\/\/irinasb.com\/#website"},"primaryImageOfPage":{"@id":"https:\/\/irinasb.com\/produto\/colar-maria-cortica-coracao-viana\/#primaryimage"},"image":{"@id":"https:\/\/irinasb.com\/produto\/colar-maria-cortica-coracao-viana\/#primaryimage"},"thumbnailUrl":"https:\/\/irinasb.com\/wp-content\/uploads\/2017\/03\/maria-cinza.jpg","datePublished":"2017-03-22T13:30:44+00:00","dateModified":"2025-06-20T13:54:37+00:00","breadcrumb":{"@id":"https:\/\/irinasb.com\/produto\/colar-maria-cortica-coracao-viana\/#breadcrumb"},"inLanguage":"en-GB","potentialAction":[{"@type":"ReadAction","target":["https:\/\/irinasb.com\/produto\/colar-maria-cortica-coracao-viana\/"]}]},{"@type":"ImageObject","inLanguage":"en-GB","@id":"https:\/\/irinasb.com\/produto\/colar-maria-cortica-coracao-viana\/#primaryimage","url":"https:\/\/irinasb.com\/wp-content\/uploads\/2017\/03\/maria-cinza.jpg","contentUrl":"https:\/\/irinasb.com\/wp-content\/uploads\/2017\/03\/maria-cinza.jpg","width":800,"height":968},{"@type":"BreadcrumbList","@id":"https:\/\/irinasb.com\/produto\/colar-maria-cortica-coracao-viana\/#breadcrumb","itemListElement":[{"@type":"ListItem","position":1,"name":"Home","item":"https:\/\/irinasb.com\/"},{"@type":"ListItem","position":2,"name":"Loja","item":"https:\/\/irinasb.com\/loja\/"},{"@type":"ListItem","position":3,"name":"Colar Corti\u00e7a e Cora\u00e7\u00e3o Rosa"}]},{"@type":"WebSite","@id":"https:\/\/irinasb.com\/#website","url":"https:\/\/irinasb.com\/","name":"IrinasB","description":"Handmade Dreams","publisher":{"@id":"https:\/\/irinasb.com\/#organization"},"potentialAction":[{"@type":"SearchAction","target":{"@type":"EntryPoint","urlTemplate":"https:\/\/irinasb.com\/?s={search_term_string}"},"query-input":{"@type":"PropertyValueSpecification","valueRequired":true,"valueName":"search_term_string"}}],"inLanguage":"en-GB"},{"@type":"Organization","@id":"https:\/\/irinasb.com\/#organization","name":"IrinasB","url":"https:\/\/irinasb.com\/","logo":{"@type":"ImageObject","inLanguage":"en-GB","@id":"https:\/\/irinasb.com\/#\/schema\/logo\/image\/","url":"https:\/\/irinasb.com\/wp-content\/uploads\/2016\/11\/logo.fw_.png","contentUrl":"https:\/\/irinasb.com\/wp-content\/uploads\/2016\/11\/logo.fw_.png","width":900,"height":453,"caption":"IrinasB"},"image":{"@id":"https:\/\/irinasb.com\/#\/schema\/logo\/image\/"}}]}},"_links":{"self":[{"href":"https:\/\/irinasb.com\/en\/wp-json\/wp\/v2\/product\/3316","targetHints":{"allow":["GET"]}}],"collection":[{"href":"https:\/\/irinasb.com\/en\/wp-json\/wp\/v2\/product"}],"about":[{"href":"https:\/\/irinasb.com\/en\/wp-json\/wp\/v2\/types\/product"}],"replies":[{"embeddable":true,"href":"https:\/\/irinasb.com\/en\/wp-json\/wp\/v2\/comments?post=3316"}],"wp:featuredmedia":[{"embeddable":true,"href":"https:\/\/irinasb.com\/en\/wp-json\/wp\/v2\/media\/4151"}],"wp:attachment":[{"href":"https:\/\/irinasb.com\/en\/wp-json\/wp\/v2\/media?parent=3316"}],"wp:term":[{"taxonomy":"product_brand","embeddable":true,"href":"https:\/\/irinasb.com\/en\/wp-json\/wp\/v2\/product_brand?post=3316"},{"taxonomy":"product_cat","embeddable":true,"href":"https:\/\/irinasb.com\/en\/wp-json\/wp\/v2\/product_cat?post=3316"},{"taxonomy":"product_tag","embeddable":true,"href":"https:\/\/irinasb.com\/en\/wp-json\/wp\/v2\/product_tag?post=3316"}],"curies":[{"name":"wp","href":"https:\/\/api.w.org\/{rel}","templated":true}]}}