{"id":33055,"date":"2026-03-01T22:41:04","date_gmt":"2026-03-01T22:41:04","guid":{"rendered":"https:\/\/irinasb.com\/?post_type=product&#038;p=33055"},"modified":"2026-03-01T22:41:04","modified_gmt":"2026-03-01T22:41:04","slug":"pulseira-lapiz-lazuli-2","status":"publish","type":"product","link":"https:\/\/irinasb.com\/en\/product\/pulseira-lapiz-lazuli-2\/","title":{"rendered":"Pulseira L\u00e1piz-Lazuli"},"content":{"rendered":"<p>Pulseira ajust\u00e1vel com fio de algod\u00e3o duplo, pedras l\u00e1piz-lazuli e pendente asa prateada em a\u00e7o inoxid\u00e1vel.<\/p>","protected":false},"excerpt":{"rendered":"<p>Pedra da verdade e da sabedoria interior. Ligada \u00e0 verdade \u00e0 intui\u00e7\u00e3o e \u00e0 expans\u00e3o da consci\u00eancia.<\/p>","protected":false},"featured_media":33056,"comment_status":"closed","ping_status":"closed","template":"","meta":[],"product_brand":[],"product_cat":[310],"product_tag":[895,894,896],"class_list":{"0":"post-33055","1":"product","2":"type-product","3":"status-publish","4":"has-post-thumbnail","6":"product_cat-pedras-com-significado","7":"product_tag-pulseira-lapiz-lazuli","8":"product_tag-pulseira-pedras","9":"product_tag-pulseira-significado","11":"first","12":"instock","13":"shipping-taxable","14":"purchasable","15":"product-type-simple"},"yoast_head":"<!-- This site is optimized with the Yoast SEO plugin v26.2 - https:\/\/yoast.com\/wordpress\/plugins\/seo\/ -->\n<title>Pulseira L\u00e1piz-Lazuli - IrinasB<\/title>\n<meta name=\"description\" content=\"Pulseira ajust\u00e1vel com fio de algod\u00e3o duplo de cor bege, pedras l\u00e1piz-lazuli e pendente em forma de asa prateada em a\u00e7o inoxid\u00e1vel.\" \/>\n<meta name=\"robots\" content=\"index, follow, max-snippet:-1, max-image-preview:large, max-video-preview:-1\" \/>\n<link rel=\"canonical\" href=\"https:\/\/irinasb.com\/en\/product\/pulseira-lapiz-lazuli-2\/\" \/>\n<meta property=\"og:locale\" content=\"en_GB\" \/>\n<meta property=\"og:type\" content=\"article\" \/>\n<meta property=\"og:title\" content=\"Pulseira L\u00e1piz-Lazuli - IrinasB\" \/>\n<meta property=\"og:description\" content=\"Pulseira ajust\u00e1vel com fio de algod\u00e3o duplo de cor bege, pedras l\u00e1piz-lazuli e pendente em forma de asa prateada em a\u00e7o inoxid\u00e1vel.\" \/>\n<meta property=\"og:url\" content=\"https:\/\/irinasb.com\/en\/product\/pulseira-lapiz-lazuli-2\/\" \/>\n<meta property=\"og:site_name\" content=\"IrinasB\" \/>\n<meta property=\"og:image\" content=\"https:\/\/irinasb.com\/wp-content\/uploads\/2026\/03\/lapis-lazuli-3.jpg\" \/>\n\t<meta property=\"og:image:width\" content=\"800\" \/>\n\t<meta property=\"og:image:height\" content=\"944\" \/>\n\t<meta property=\"og:image:type\" content=\"image\/jpeg\" \/>\n<meta name=\"twitter:card\" content=\"summary_large_image\" \/>\n<meta name=\"twitter:label1\" content=\"Estimated reading time\" \/>\n\t<meta name=\"twitter:data1\" content=\"1 minute\" \/>\n<script type=\"application\/ld+json\" class=\"yoast-schema-graph\">{\"@context\":\"https:\/\/schema.org\",\"@graph\":[{\"@type\":\"WebPage\",\"@id\":\"https:\/\/irinasb.com\/produto\/pulseira-lapiz-lazuli-2\/\",\"url\":\"https:\/\/irinasb.com\/produto\/pulseira-lapiz-lazuli-2\/\",\"name\":\"Pulseira L\u00e1piz-Lazuli - IrinasB\",\"isPartOf\":{\"@id\":\"https:\/\/irinasb.com\/#website\"},\"primaryImageOfPage\":{\"@id\":\"https:\/\/irinasb.com\/produto\/pulseira-lapiz-lazuli-2\/#primaryimage\"},\"image\":{\"@id\":\"https:\/\/irinasb.com\/produto\/pulseira-lapiz-lazuli-2\/#primaryimage\"},\"thumbnailUrl\":\"https:\/\/irinasb.com\/wp-content\/uploads\/2026\/03\/lapis-lazuli-3.jpg\",\"datePublished\":\"2026-03-01T22:41:04+00:00\",\"description\":\"Pulseira ajust\u00e1vel com fio de algod\u00e3o duplo de cor bege, pedras l\u00e1piz-lazuli e pendente em forma de asa prateada em a\u00e7o inoxid\u00e1vel.\",\"breadcrumb\":{\"@id\":\"https:\/\/irinasb.com\/produto\/pulseira-lapiz-lazuli-2\/#breadcrumb\"},\"inLanguage\":\"en-GB\",\"potentialAction\":[{\"@type\":\"ReadAction\",\"target\":[\"https:\/\/irinasb.com\/produto\/pulseira-lapiz-lazuli-2\/\"]}]},{\"@type\":\"ImageObject\",\"inLanguage\":\"en-GB\",\"@id\":\"https:\/\/irinasb.com\/produto\/pulseira-lapiz-lazuli-2\/#primaryimage\",\"url\":\"https:\/\/irinasb.com\/wp-content\/uploads\/2026\/03\/lapis-lazuli-3.jpg\",\"contentUrl\":\"https:\/\/irinasb.com\/wp-content\/uploads\/2026\/03\/lapis-lazuli-3.jpg\",\"width\":800,\"height\":944},{\"@type\":\"BreadcrumbList\",\"@id\":\"https:\/\/irinasb.com\/produto\/pulseira-lapiz-lazuli-2\/#breadcrumb\",\"itemListElement\":[{\"@type\":\"ListItem\",\"position\":1,\"name\":\"Home\",\"item\":\"https:\/\/irinasb.com\/\"},{\"@type\":\"ListItem\",\"position\":2,\"name\":\"Loja\",\"item\":\"https:\/\/irinasb.com\/loja\/\"},{\"@type\":\"ListItem\",\"position\":3,\"name\":\"Pulseira L\u00e1piz-Lazuli\"}]},{\"@type\":\"WebSite\",\"@id\":\"https:\/\/irinasb.com\/#website\",\"url\":\"https:\/\/irinasb.com\/\",\"name\":\"IrinasB\",\"description\":\"Handmade Dreams\",\"publisher\":{\"@id\":\"https:\/\/irinasb.com\/#organization\"},\"potentialAction\":[{\"@type\":\"SearchAction\",\"target\":{\"@type\":\"EntryPoint\",\"urlTemplate\":\"https:\/\/irinasb.com\/?s={search_term_string}\"},\"query-input\":{\"@type\":\"PropertyValueSpecification\",\"valueRequired\":true,\"valueName\":\"search_term_string\"}}],\"inLanguage\":\"en-GB\"},{\"@type\":\"Organization\",\"@id\":\"https:\/\/irinasb.com\/#organization\",\"name\":\"IrinasB\",\"url\":\"https:\/\/irinasb.com\/\",\"logo\":{\"@type\":\"ImageObject\",\"inLanguage\":\"en-GB\",\"@id\":\"https:\/\/irinasb.com\/#\/schema\/logo\/image\/\",\"url\":\"https:\/\/irinasb.com\/wp-content\/uploads\/2016\/11\/logo.fw_.png\",\"contentUrl\":\"https:\/\/irinasb.com\/wp-content\/uploads\/2016\/11\/logo.fw_.png\",\"width\":900,\"height\":453,\"caption\":\"IrinasB\"},\"image\":{\"@id\":\"https:\/\/irinasb.com\/#\/schema\/logo\/image\/\"}}]}<\/script>\n<!-- \/ Yoast SEO plugin. -->","yoast_head_json":{"title":"Pulseira L\u00e1piz-Lazuli - IrinasB","description":"Pulseira ajust\u00e1vel com fio de algod\u00e3o duplo de cor bege, pedras l\u00e1piz-lazuli e pendente em forma de asa prateada em a\u00e7o inoxid\u00e1vel.","robots":{"index":"index","follow":"follow","max-snippet":"max-snippet:-1","max-image-preview":"max-image-preview:large","max-video-preview":"max-video-preview:-1"},"canonical":"https:\/\/irinasb.com\/en\/product\/pulseira-lapiz-lazuli-2\/","og_locale":"en_GB","og_type":"article","og_title":"Pulseira L\u00e1piz-Lazuli - IrinasB","og_description":"Pulseira ajust\u00e1vel com fio de algod\u00e3o duplo de cor bege, pedras l\u00e1piz-lazuli e pendente em forma de asa prateada em a\u00e7o inoxid\u00e1vel.","og_url":"https:\/\/irinasb.com\/en\/product\/pulseira-lapiz-lazuli-2\/","og_site_name":"IrinasB","og_image":[{"width":800,"height":944,"url":"https:\/\/irinasb.com\/wp-content\/uploads\/2026\/03\/lapis-lazuli-3.jpg","type":"image\/jpeg"}],"twitter_card":"summary_large_image","twitter_misc":{"Estimated reading time":"1 minute"},"schema":{"@context":"https:\/\/schema.org","@graph":[{"@type":"WebPage","@id":"https:\/\/irinasb.com\/produto\/pulseira-lapiz-lazuli-2\/","url":"https:\/\/irinasb.com\/produto\/pulseira-lapiz-lazuli-2\/","name":"Pulseira L\u00e1piz-Lazuli - IrinasB","isPartOf":{"@id":"https:\/\/irinasb.com\/#website"},"primaryImageOfPage":{"@id":"https:\/\/irinasb.com\/produto\/pulseira-lapiz-lazuli-2\/#primaryimage"},"image":{"@id":"https:\/\/irinasb.com\/produto\/pulseira-lapiz-lazuli-2\/#primaryimage"},"thumbnailUrl":"https:\/\/irinasb.com\/wp-content\/uploads\/2026\/03\/lapis-lazuli-3.jpg","datePublished":"2026-03-01T22:41:04+00:00","description":"Pulseira ajust\u00e1vel com fio de algod\u00e3o duplo de cor bege, pedras l\u00e1piz-lazuli e pendente em forma de asa prateada em a\u00e7o inoxid\u00e1vel.","breadcrumb":{"@id":"https:\/\/irinasb.com\/produto\/pulseira-lapiz-lazuli-2\/#breadcrumb"},"inLanguage":"en-GB","potentialAction":[{"@type":"ReadAction","target":["https:\/\/irinasb.com\/produto\/pulseira-lapiz-lazuli-2\/"]}]},{"@type":"ImageObject","inLanguage":"en-GB","@id":"https:\/\/irinasb.com\/produto\/pulseira-lapiz-lazuli-2\/#primaryimage","url":"https:\/\/irinasb.com\/wp-content\/uploads\/2026\/03\/lapis-lazuli-3.jpg","contentUrl":"https:\/\/irinasb.com\/wp-content\/uploads\/2026\/03\/lapis-lazuli-3.jpg","width":800,"height":944},{"@type":"BreadcrumbList","@id":"https:\/\/irinasb.com\/produto\/pulseira-lapiz-lazuli-2\/#breadcrumb","itemListElement":[{"@type":"ListItem","position":1,"name":"Home","item":"https:\/\/irinasb.com\/"},{"@type":"ListItem","position":2,"name":"Loja","item":"https:\/\/irinasb.com\/loja\/"},{"@type":"ListItem","position":3,"name":"Pulseira L\u00e1piz-Lazuli"}]},{"@type":"WebSite","@id":"https:\/\/irinasb.com\/#website","url":"https:\/\/irinasb.com\/","name":"IrinasB","description":"Handmade Dreams","publisher":{"@id":"https:\/\/irinasb.com\/#organization"},"potentialAction":[{"@type":"SearchAction","target":{"@type":"EntryPoint","urlTemplate":"https:\/\/irinasb.com\/?s={search_term_string}"},"query-input":{"@type":"PropertyValueSpecification","valueRequired":true,"valueName":"search_term_string"}}],"inLanguage":"en-GB"},{"@type":"Organization","@id":"https:\/\/irinasb.com\/#organization","name":"IrinasB","url":"https:\/\/irinasb.com\/","logo":{"@type":"ImageObject","inLanguage":"en-GB","@id":"https:\/\/irinasb.com\/#\/schema\/logo\/image\/","url":"https:\/\/irinasb.com\/wp-content\/uploads\/2016\/11\/logo.fw_.png","contentUrl":"https:\/\/irinasb.com\/wp-content\/uploads\/2016\/11\/logo.fw_.png","width":900,"height":453,"caption":"IrinasB"},"image":{"@id":"https:\/\/irinasb.com\/#\/schema\/logo\/image\/"}}]}},"_links":{"self":[{"href":"https:\/\/irinasb.com\/en\/wp-json\/wp\/v2\/product\/33055","targetHints":{"allow":["GET"]}}],"collection":[{"href":"https:\/\/irinasb.com\/en\/wp-json\/wp\/v2\/product"}],"about":[{"href":"https:\/\/irinasb.com\/en\/wp-json\/wp\/v2\/types\/product"}],"replies":[{"embeddable":true,"href":"https:\/\/irinasb.com\/en\/wp-json\/wp\/v2\/comments?post=33055"}],"wp:featuredmedia":[{"embeddable":true,"href":"https:\/\/irinasb.com\/en\/wp-json\/wp\/v2\/media\/33056"}],"wp:attachment":[{"href":"https:\/\/irinasb.com\/en\/wp-json\/wp\/v2\/media?parent=33055"}],"wp:term":[{"taxonomy":"product_brand","embeddable":true,"href":"https:\/\/irinasb.com\/en\/wp-json\/wp\/v2\/product_brand?post=33055"},{"taxonomy":"product_cat","embeddable":true,"href":"https:\/\/irinasb.com\/en\/wp-json\/wp\/v2\/product_cat?post=33055"},{"taxonomy":"product_tag","embeddable":true,"href":"https:\/\/irinasb.com\/en\/wp-json\/wp\/v2\/product_tag?post=33055"}],"curies":[{"name":"wp","href":"https:\/\/api.w.org\/{rel}","templated":true}]}}