{"id":33026,"date":"2026-02-27T21:16:07","date_gmt":"2026-02-27T21:16:07","guid":{"rendered":"https:\/\/irinasb.com\/?post_type=product&#038;p=33026"},"modified":"2026-03-01T21:06:40","modified_gmt":"2026-03-01T21:06:40","slug":"pulseira-agua-marinha","status":"publish","type":"product","link":"https:\/\/irinasb.com\/en\/product\/pulseira-agua-marinha\/","title":{"rendered":"Pulseira \u00c1gua Marinha"},"content":{"rendered":"<p>Pulseira ajust\u00e1vel com fio duplo em algod\u00e3o, pedras \u00e1gua marinha e pendente asa em a\u00e7o prateado.<\/p>","protected":false},"excerpt":{"rendered":"<p>Pedra da serenidade e da comunica\u00e7\u00e3o.<\/p>\n<p>\u00c9 conhecida como a pedra da calma e da fluidez emocional.<\/p>","protected":false},"featured_media":33027,"comment_status":"closed","ping_status":"closed","template":"","meta":[],"product_brand":[],"product_cat":[310],"product_tag":[892,773,891],"class_list":{"0":"post-33026","1":"product","2":"type-product","3":"status-publish","4":"has-post-thumbnail","6":"product_cat-pedras-com-significado","7":"product_tag-agua-marinha","8":"product_tag-pulseira","9":"product_tag-pulseira-pedras-semipreciosas","11":"first","12":"instock","13":"shipping-taxable","14":"purchasable","15":"product-type-simple"},"yoast_head":"<!-- This site is optimized with the Yoast SEO plugin v26.2 - https:\/\/yoast.com\/wordpress\/plugins\/seo\/ -->\n<title>Pulseira \u00c1gua Marinha - IrinasB<\/title>\n<meta name=\"description\" content=\"Pulseira ajust\u00e1vel com fio duplo em algod\u00e3o, pedras \u00e1gua marinha cascalho e pendente asa em a\u00e7o prateado.\" \/>\n<meta name=\"robots\" content=\"index, follow, max-snippet:-1, max-image-preview:large, max-video-preview:-1\" \/>\n<link rel=\"canonical\" href=\"https:\/\/irinasb.com\/en\/product\/pulseira-agua-marinha\/\" \/>\n<meta property=\"og:locale\" content=\"en_GB\" \/>\n<meta property=\"og:type\" content=\"article\" \/>\n<meta property=\"og:title\" content=\"Pulseira \u00c1gua Marinha - IrinasB\" \/>\n<meta property=\"og:description\" content=\"Pulseira ajust\u00e1vel com fio duplo em algod\u00e3o, pedras \u00e1gua marinha cascalho e pendente asa em a\u00e7o prateado.\" \/>\n<meta property=\"og:url\" content=\"https:\/\/irinasb.com\/en\/product\/pulseira-agua-marinha\/\" \/>\n<meta property=\"og:site_name\" content=\"IrinasB\" \/>\n<meta property=\"article:modified_time\" content=\"2026-03-01T21:06:40+00:00\" \/>\n<meta property=\"og:image\" content=\"https:\/\/irinasb.com\/wp-content\/uploads\/2026\/02\/agua-marinha-4.jpg\" \/>\n\t<meta property=\"og:image:width\" content=\"800\" \/>\n\t<meta property=\"og:image:height\" content=\"936\" \/>\n\t<meta property=\"og:image:type\" content=\"image\/jpeg\" \/>\n<meta name=\"twitter:card\" content=\"summary_large_image\" \/>\n<meta name=\"twitter:label1\" content=\"Estimated reading time\" \/>\n\t<meta name=\"twitter:data1\" content=\"1 minute\" \/>\n<script type=\"application\/ld+json\" class=\"yoast-schema-graph\">{\"@context\":\"https:\/\/schema.org\",\"@graph\":[{\"@type\":\"WebPage\",\"@id\":\"https:\/\/irinasb.com\/produto\/pulseira-agua-marinha\/\",\"url\":\"https:\/\/irinasb.com\/produto\/pulseira-agua-marinha\/\",\"name\":\"Pulseira \u00c1gua Marinha - IrinasB\",\"isPartOf\":{\"@id\":\"https:\/\/irinasb.com\/#website\"},\"primaryImageOfPage\":{\"@id\":\"https:\/\/irinasb.com\/produto\/pulseira-agua-marinha\/#primaryimage\"},\"image\":{\"@id\":\"https:\/\/irinasb.com\/produto\/pulseira-agua-marinha\/#primaryimage\"},\"thumbnailUrl\":\"https:\/\/irinasb.com\/wp-content\/uploads\/2026\/02\/agua-marinha-4.jpg\",\"datePublished\":\"2026-02-27T21:16:07+00:00\",\"dateModified\":\"2026-03-01T21:06:40+00:00\",\"description\":\"Pulseira ajust\u00e1vel com fio duplo em algod\u00e3o, pedras \u00e1gua marinha cascalho e pendente asa em a\u00e7o prateado.\",\"breadcrumb\":{\"@id\":\"https:\/\/irinasb.com\/produto\/pulseira-agua-marinha\/#breadcrumb\"},\"inLanguage\":\"en-GB\",\"potentialAction\":[{\"@type\":\"ReadAction\",\"target\":[\"https:\/\/irinasb.com\/produto\/pulseira-agua-marinha\/\"]}]},{\"@type\":\"ImageObject\",\"inLanguage\":\"en-GB\",\"@id\":\"https:\/\/irinasb.com\/produto\/pulseira-agua-marinha\/#primaryimage\",\"url\":\"https:\/\/irinasb.com\/wp-content\/uploads\/2026\/02\/agua-marinha-4.jpg\",\"contentUrl\":\"https:\/\/irinasb.com\/wp-content\/uploads\/2026\/02\/agua-marinha-4.jpg\",\"width\":800,\"height\":936},{\"@type\":\"BreadcrumbList\",\"@id\":\"https:\/\/irinasb.com\/produto\/pulseira-agua-marinha\/#breadcrumb\",\"itemListElement\":[{\"@type\":\"ListItem\",\"position\":1,\"name\":\"Home\",\"item\":\"https:\/\/irinasb.com\/\"},{\"@type\":\"ListItem\",\"position\":2,\"name\":\"Loja\",\"item\":\"https:\/\/irinasb.com\/loja\/\"},{\"@type\":\"ListItem\",\"position\":3,\"name\":\"Pulseira \u00c1gua Marinha\"}]},{\"@type\":\"WebSite\",\"@id\":\"https:\/\/irinasb.com\/#website\",\"url\":\"https:\/\/irinasb.com\/\",\"name\":\"IrinasB\",\"description\":\"Handmade Dreams\",\"publisher\":{\"@id\":\"https:\/\/irinasb.com\/#organization\"},\"potentialAction\":[{\"@type\":\"SearchAction\",\"target\":{\"@type\":\"EntryPoint\",\"urlTemplate\":\"https:\/\/irinasb.com\/?s={search_term_string}\"},\"query-input\":{\"@type\":\"PropertyValueSpecification\",\"valueRequired\":true,\"valueName\":\"search_term_string\"}}],\"inLanguage\":\"en-GB\"},{\"@type\":\"Organization\",\"@id\":\"https:\/\/irinasb.com\/#organization\",\"name\":\"IrinasB\",\"url\":\"https:\/\/irinasb.com\/\",\"logo\":{\"@type\":\"ImageObject\",\"inLanguage\":\"en-GB\",\"@id\":\"https:\/\/irinasb.com\/#\/schema\/logo\/image\/\",\"url\":\"https:\/\/irinasb.com\/wp-content\/uploads\/2016\/11\/logo.fw_.png\",\"contentUrl\":\"https:\/\/irinasb.com\/wp-content\/uploads\/2016\/11\/logo.fw_.png\",\"width\":900,\"height\":453,\"caption\":\"IrinasB\"},\"image\":{\"@id\":\"https:\/\/irinasb.com\/#\/schema\/logo\/image\/\"}}]}<\/script>\n<!-- \/ Yoast SEO plugin. -->","yoast_head_json":{"title":"Pulseira \u00c1gua Marinha - IrinasB","description":"Pulseira ajust\u00e1vel com fio duplo em algod\u00e3o, pedras \u00e1gua marinha cascalho e pendente asa em a\u00e7o prateado.","robots":{"index":"index","follow":"follow","max-snippet":"max-snippet:-1","max-image-preview":"max-image-preview:large","max-video-preview":"max-video-preview:-1"},"canonical":"https:\/\/irinasb.com\/en\/product\/pulseira-agua-marinha\/","og_locale":"en_GB","og_type":"article","og_title":"Pulseira \u00c1gua Marinha - IrinasB","og_description":"Pulseira ajust\u00e1vel com fio duplo em algod\u00e3o, pedras \u00e1gua marinha cascalho e pendente asa em a\u00e7o prateado.","og_url":"https:\/\/irinasb.com\/en\/product\/pulseira-agua-marinha\/","og_site_name":"IrinasB","article_modified_time":"2026-03-01T21:06:40+00:00","og_image":[{"width":800,"height":936,"url":"https:\/\/irinasb.com\/wp-content\/uploads\/2026\/02\/agua-marinha-4.jpg","type":"image\/jpeg"}],"twitter_card":"summary_large_image","twitter_misc":{"Estimated reading time":"1 minute"},"schema":{"@context":"https:\/\/schema.org","@graph":[{"@type":"WebPage","@id":"https:\/\/irinasb.com\/produto\/pulseira-agua-marinha\/","url":"https:\/\/irinasb.com\/produto\/pulseira-agua-marinha\/","name":"Pulseira \u00c1gua Marinha - IrinasB","isPartOf":{"@id":"https:\/\/irinasb.com\/#website"},"primaryImageOfPage":{"@id":"https:\/\/irinasb.com\/produto\/pulseira-agua-marinha\/#primaryimage"},"image":{"@id":"https:\/\/irinasb.com\/produto\/pulseira-agua-marinha\/#primaryimage"},"thumbnailUrl":"https:\/\/irinasb.com\/wp-content\/uploads\/2026\/02\/agua-marinha-4.jpg","datePublished":"2026-02-27T21:16:07+00:00","dateModified":"2026-03-01T21:06:40+00:00","description":"Pulseira ajust\u00e1vel com fio duplo em algod\u00e3o, pedras \u00e1gua marinha cascalho e pendente asa em a\u00e7o prateado.","breadcrumb":{"@id":"https:\/\/irinasb.com\/produto\/pulseira-agua-marinha\/#breadcrumb"},"inLanguage":"en-GB","potentialAction":[{"@type":"ReadAction","target":["https:\/\/irinasb.com\/produto\/pulseira-agua-marinha\/"]}]},{"@type":"ImageObject","inLanguage":"en-GB","@id":"https:\/\/irinasb.com\/produto\/pulseira-agua-marinha\/#primaryimage","url":"https:\/\/irinasb.com\/wp-content\/uploads\/2026\/02\/agua-marinha-4.jpg","contentUrl":"https:\/\/irinasb.com\/wp-content\/uploads\/2026\/02\/agua-marinha-4.jpg","width":800,"height":936},{"@type":"BreadcrumbList","@id":"https:\/\/irinasb.com\/produto\/pulseira-agua-marinha\/#breadcrumb","itemListElement":[{"@type":"ListItem","position":1,"name":"Home","item":"https:\/\/irinasb.com\/"},{"@type":"ListItem","position":2,"name":"Loja","item":"https:\/\/irinasb.com\/loja\/"},{"@type":"ListItem","position":3,"name":"Pulseira \u00c1gua Marinha"}]},{"@type":"WebSite","@id":"https:\/\/irinasb.com\/#website","url":"https:\/\/irinasb.com\/","name":"IrinasB","description":"Handmade Dreams","publisher":{"@id":"https:\/\/irinasb.com\/#organization"},"potentialAction":[{"@type":"SearchAction","target":{"@type":"EntryPoint","urlTemplate":"https:\/\/irinasb.com\/?s={search_term_string}"},"query-input":{"@type":"PropertyValueSpecification","valueRequired":true,"valueName":"search_term_string"}}],"inLanguage":"en-GB"},{"@type":"Organization","@id":"https:\/\/irinasb.com\/#organization","name":"IrinasB","url":"https:\/\/irinasb.com\/","logo":{"@type":"ImageObject","inLanguage":"en-GB","@id":"https:\/\/irinasb.com\/#\/schema\/logo\/image\/","url":"https:\/\/irinasb.com\/wp-content\/uploads\/2016\/11\/logo.fw_.png","contentUrl":"https:\/\/irinasb.com\/wp-content\/uploads\/2016\/11\/logo.fw_.png","width":900,"height":453,"caption":"IrinasB"},"image":{"@id":"https:\/\/irinasb.com\/#\/schema\/logo\/image\/"}}]}},"_links":{"self":[{"href":"https:\/\/irinasb.com\/en\/wp-json\/wp\/v2\/product\/33026","targetHints":{"allow":["GET"]}}],"collection":[{"href":"https:\/\/irinasb.com\/en\/wp-json\/wp\/v2\/product"}],"about":[{"href":"https:\/\/irinasb.com\/en\/wp-json\/wp\/v2\/types\/product"}],"replies":[{"embeddable":true,"href":"https:\/\/irinasb.com\/en\/wp-json\/wp\/v2\/comments?post=33026"}],"wp:featuredmedia":[{"embeddable":true,"href":"https:\/\/irinasb.com\/en\/wp-json\/wp\/v2\/media\/33027"}],"wp:attachment":[{"href":"https:\/\/irinasb.com\/en\/wp-json\/wp\/v2\/media?parent=33026"}],"wp:term":[{"taxonomy":"product_brand","embeddable":true,"href":"https:\/\/irinasb.com\/en\/wp-json\/wp\/v2\/product_brand?post=33026"},{"taxonomy":"product_cat","embeddable":true,"href":"https:\/\/irinasb.com\/en\/wp-json\/wp\/v2\/product_cat?post=33026"},{"taxonomy":"product_tag","embeddable":true,"href":"https:\/\/irinasb.com\/en\/wp-json\/wp\/v2\/product_tag?post=33026"}],"curies":[{"name":"wp","href":"https:\/\/api.w.org\/{rel}","templated":true}]}}