{"id":32907,"date":"2026-02-08T18:23:13","date_gmt":"2026-02-08T18:23:13","guid":{"rendered":"https:\/\/irinasb.com\/?post_type=product&#038;p=32907"},"modified":"2026-02-08T18:23:13","modified_gmt":"2026-02-08T18:23:13","slug":"estojo-castanho-tecido-efeito-pele","status":"publish","type":"product","link":"https:\/\/irinasb.com\/en\/product\/estojo-castanho-tecido-efeito-pele\/","title":{"rendered":"Estojo Castanho Tecido Efeito Pele"},"content":{"rendered":"<p>O\u00a0<strong data-start=\"217\" data-end=\"248\">Estojo com Tecido Efeito Pele<\/strong>\u00a0\u00e9 o acess\u00f3rio ideal para quem aprecia eleg\u00e2ncia e praticidade no dia a dia. Feito com\u00a0<strong data-start=\"335\" data-end=\"397\">tecido efeito pele de textura macia e acabamento sofisticado<\/strong>, este estojo destaca-se pelo seu design moderno e toque luxuoso.<\/p>\n<h4 data-start=\"627\" data-end=\"650\">Caracter\u00edsticas<\/h4>\n<ul data-start=\"651\" data-end=\"878\">\n<li data-start=\"651\" data-end=\"703\">\n<p data-start=\"653\" data-end=\"703\">Material:\u00a0<strong data-start=\"663\" data-end=\"701\">Efeito pele<\/strong><\/p>\n<\/li>\n<li data-start=\"704\" data-end=\"747\">\n<p data-start=\"706\" data-end=\"747\">Textura:\u00a0<strong data-start=\"715\" data-end=\"745\">Macia e agrad\u00e1vel ao toque<\/strong><\/p>\n<\/li>\n<li data-start=\"748\" data-end=\"796\">\n<p data-start=\"750\" data-end=\"796\">Cor:\u00a0<strong data-start=\"755\" data-end=\"794\">Castannho<\/strong><\/p>\n<\/li>\n<li data-start=\"833\" data-end=\"878\">\n<p data-start=\"835\" data-end=\"878\">Fecho:\u00a0<strong data-start=\"842\" data-end=\"876\">Resistente e f\u00e1cil de utilizar<\/strong><\/p>\n<\/li>\n<\/ul>\n<h4 data-start=\"885\" data-end=\"912\">Porque deve comprar<\/h4>\n<p data-start=\"913\" data-end=\"1172\">\u00a0Design elegante com textura premium<br data-start=\"961\" data-end=\"964\" \/>\u00a0Espa\u00e7oso e funcional para diferentes utiliza\u00e7\u00f5es<br data-start=\"1015\" data-end=\"1018\" \/>\u00a0Ideal para uso di\u00e1rio, viagens ou trabalho<br data-start=\"1063\" data-end=\"1066\" \/>\u00a0Acabamento artesanal com aten\u00e7\u00e3o ao detalhe<br data-start=\"1112\" data-end=\"1115\" \/>\u00a0Excelente op\u00e7\u00e3o de\u00a0<strong data-start=\"1137\" data-end=\"1170\">presente pr\u00e1tico e requintado<\/strong><\/p>","protected":false},"excerpt":{"rendered":"<p>Perfeito para guardar maquilhagem, canetas, \u00f3culos, pinc\u00e9is, produtos de higiene ou pequenos acess\u00f3rios, alia <strong data-start=\"568\" data-end=\"602\">beleza, conforto e organiza\u00e7\u00e3o<\/strong>\u00a0num s\u00f3 produto.<\/p>","protected":false},"featured_media":32908,"comment_status":"closed","ping_status":"closed","template":"","meta":[],"product_brand":[],"product_cat":[189],"product_tag":[889,890],"class_list":{"0":"post-32907","1":"product","2":"type-product","3":"status-publish","4":"has-post-thumbnail","6":"product_cat-bolsas-e-estojos","7":"product_tag-estojo-castanho","8":"product_tag-porta-lapis","10":"first","11":"instock","12":"shipping-taxable","13":"purchasable","14":"product-type-simple"},"yoast_head":"<!-- This site is optimized with the Yoast SEO plugin v26.2 - https:\/\/yoast.com\/wordpress\/plugins\/seo\/ -->\n<title>Estojo Castanho Tecido Efeito Pele - IrinasB<\/title>\n<meta name=\"description\" content=\"Estojo em tecido efeito pele de cor castanho, fecho em metal dourado velho perfeito para guardar maquilhagem, canetas, \u00f3culos, pinc\u00e9is, conforto e organiza\u00e7\u00e3o\u00a0num s\u00f3 produto.\" \/>\n<meta name=\"robots\" content=\"index, follow, max-snippet:-1, max-image-preview:large, max-video-preview:-1\" \/>\n<link rel=\"canonical\" href=\"https:\/\/irinasb.com\/en\/product\/estojo-castanho-tecido-efeito-pele\/\" \/>\n<meta property=\"og:locale\" content=\"en_GB\" \/>\n<meta property=\"og:type\" content=\"article\" \/>\n<meta property=\"og:title\" content=\"Estojo Castanho Tecido Efeito Pele - IrinasB\" \/>\n<meta property=\"og:description\" content=\"Estojo em tecido efeito pele de cor castanho, fecho em metal dourado velho perfeito para guardar maquilhagem, canetas, \u00f3culos, pinc\u00e9is, conforto e organiza\u00e7\u00e3o\u00a0num s\u00f3 produto.\" \/>\n<meta property=\"og:url\" content=\"https:\/\/irinasb.com\/en\/product\/estojo-castanho-tecido-efeito-pele\/\" \/>\n<meta property=\"og:site_name\" content=\"IrinasB\" \/>\n<meta property=\"og:image\" content=\"https:\/\/irinasb.com\/wp-content\/uploads\/2026\/02\/estojo-alto-efeito-pele-castanho-1.jpg\" \/>\n\t<meta property=\"og:image:width\" content=\"800\" \/>\n\t<meta property=\"og:image:height\" content=\"943\" \/>\n\t<meta property=\"og:image:type\" content=\"image\/jpeg\" \/>\n<meta name=\"twitter:card\" content=\"summary_large_image\" \/>\n<meta name=\"twitter:label1\" content=\"Estimated reading time\" \/>\n\t<meta name=\"twitter:data1\" content=\"1 minute\" \/>\n<script type=\"application\/ld+json\" class=\"yoast-schema-graph\">{\"@context\":\"https:\/\/schema.org\",\"@graph\":[{\"@type\":\"WebPage\",\"@id\":\"https:\/\/irinasb.com\/produto\/estojo-castanho-tecido-efeito-pele\/\",\"url\":\"https:\/\/irinasb.com\/produto\/estojo-castanho-tecido-efeito-pele\/\",\"name\":\"Estojo Castanho Tecido Efeito Pele - IrinasB\",\"isPartOf\":{\"@id\":\"https:\/\/irinasb.com\/#website\"},\"primaryImageOfPage\":{\"@id\":\"https:\/\/irinasb.com\/produto\/estojo-castanho-tecido-efeito-pele\/#primaryimage\"},\"image\":{\"@id\":\"https:\/\/irinasb.com\/produto\/estojo-castanho-tecido-efeito-pele\/#primaryimage\"},\"thumbnailUrl\":\"https:\/\/irinasb.com\/wp-content\/uploads\/2026\/02\/estojo-alto-efeito-pele-castanho-1.jpg\",\"datePublished\":\"2026-02-08T18:23:13+00:00\",\"description\":\"Estojo em tecido efeito pele de cor castanho, fecho em metal dourado velho perfeito para guardar maquilhagem, canetas, \u00f3culos, pinc\u00e9is, conforto e organiza\u00e7\u00e3o\u00a0num s\u00f3 produto.\",\"breadcrumb\":{\"@id\":\"https:\/\/irinasb.com\/produto\/estojo-castanho-tecido-efeito-pele\/#breadcrumb\"},\"inLanguage\":\"en-GB\",\"potentialAction\":[{\"@type\":\"ReadAction\",\"target\":[\"https:\/\/irinasb.com\/produto\/estojo-castanho-tecido-efeito-pele\/\"]}]},{\"@type\":\"ImageObject\",\"inLanguage\":\"en-GB\",\"@id\":\"https:\/\/irinasb.com\/produto\/estojo-castanho-tecido-efeito-pele\/#primaryimage\",\"url\":\"https:\/\/irinasb.com\/wp-content\/uploads\/2026\/02\/estojo-alto-efeito-pele-castanho-1.jpg\",\"contentUrl\":\"https:\/\/irinasb.com\/wp-content\/uploads\/2026\/02\/estojo-alto-efeito-pele-castanho-1.jpg\",\"width\":800,\"height\":943},{\"@type\":\"BreadcrumbList\",\"@id\":\"https:\/\/irinasb.com\/produto\/estojo-castanho-tecido-efeito-pele\/#breadcrumb\",\"itemListElement\":[{\"@type\":\"ListItem\",\"position\":1,\"name\":\"Home\",\"item\":\"https:\/\/irinasb.com\/\"},{\"@type\":\"ListItem\",\"position\":2,\"name\":\"Loja\",\"item\":\"https:\/\/irinasb.com\/loja\/\"},{\"@type\":\"ListItem\",\"position\":3,\"name\":\"Estojo Castanho Tecido Efeito Pele\"}]},{\"@type\":\"WebSite\",\"@id\":\"https:\/\/irinasb.com\/#website\",\"url\":\"https:\/\/irinasb.com\/\",\"name\":\"IrinasB\",\"description\":\"Handmade Dreams\",\"publisher\":{\"@id\":\"https:\/\/irinasb.com\/#organization\"},\"potentialAction\":[{\"@type\":\"SearchAction\",\"target\":{\"@type\":\"EntryPoint\",\"urlTemplate\":\"https:\/\/irinasb.com\/?s={search_term_string}\"},\"query-input\":{\"@type\":\"PropertyValueSpecification\",\"valueRequired\":true,\"valueName\":\"search_term_string\"}}],\"inLanguage\":\"en-GB\"},{\"@type\":\"Organization\",\"@id\":\"https:\/\/irinasb.com\/#organization\",\"name\":\"IrinasB\",\"url\":\"https:\/\/irinasb.com\/\",\"logo\":{\"@type\":\"ImageObject\",\"inLanguage\":\"en-GB\",\"@id\":\"https:\/\/irinasb.com\/#\/schema\/logo\/image\/\",\"url\":\"https:\/\/irinasb.com\/wp-content\/uploads\/2016\/11\/logo.fw_.png\",\"contentUrl\":\"https:\/\/irinasb.com\/wp-content\/uploads\/2016\/11\/logo.fw_.png\",\"width\":900,\"height\":453,\"caption\":\"IrinasB\"},\"image\":{\"@id\":\"https:\/\/irinasb.com\/#\/schema\/logo\/image\/\"}}]}<\/script>\n<!-- \/ Yoast SEO plugin. -->","yoast_head_json":{"title":"Estojo Castanho Tecido Efeito Pele - IrinasB","description":"Estojo em tecido efeito pele de cor castanho, fecho em metal dourado velho perfeito para guardar maquilhagem, canetas, \u00f3culos, pinc\u00e9is, conforto e organiza\u00e7\u00e3o\u00a0num s\u00f3 produto.","robots":{"index":"index","follow":"follow","max-snippet":"max-snippet:-1","max-image-preview":"max-image-preview:large","max-video-preview":"max-video-preview:-1"},"canonical":"https:\/\/irinasb.com\/en\/product\/estojo-castanho-tecido-efeito-pele\/","og_locale":"en_GB","og_type":"article","og_title":"Estojo Castanho Tecido Efeito Pele - IrinasB","og_description":"Estojo em tecido efeito pele de cor castanho, fecho em metal dourado velho perfeito para guardar maquilhagem, canetas, \u00f3culos, pinc\u00e9is, conforto e organiza\u00e7\u00e3o\u00a0num s\u00f3 produto.","og_url":"https:\/\/irinasb.com\/en\/product\/estojo-castanho-tecido-efeito-pele\/","og_site_name":"IrinasB","og_image":[{"width":800,"height":943,"url":"https:\/\/irinasb.com\/wp-content\/uploads\/2026\/02\/estojo-alto-efeito-pele-castanho-1.jpg","type":"image\/jpeg"}],"twitter_card":"summary_large_image","twitter_misc":{"Estimated reading time":"1 minute"},"schema":{"@context":"https:\/\/schema.org","@graph":[{"@type":"WebPage","@id":"https:\/\/irinasb.com\/produto\/estojo-castanho-tecido-efeito-pele\/","url":"https:\/\/irinasb.com\/produto\/estojo-castanho-tecido-efeito-pele\/","name":"Estojo Castanho Tecido Efeito Pele - IrinasB","isPartOf":{"@id":"https:\/\/irinasb.com\/#website"},"primaryImageOfPage":{"@id":"https:\/\/irinasb.com\/produto\/estojo-castanho-tecido-efeito-pele\/#primaryimage"},"image":{"@id":"https:\/\/irinasb.com\/produto\/estojo-castanho-tecido-efeito-pele\/#primaryimage"},"thumbnailUrl":"https:\/\/irinasb.com\/wp-content\/uploads\/2026\/02\/estojo-alto-efeito-pele-castanho-1.jpg","datePublished":"2026-02-08T18:23:13+00:00","description":"Estojo em tecido efeito pele de cor castanho, fecho em metal dourado velho perfeito para guardar maquilhagem, canetas, \u00f3culos, pinc\u00e9is, conforto e organiza\u00e7\u00e3o\u00a0num s\u00f3 produto.","breadcrumb":{"@id":"https:\/\/irinasb.com\/produto\/estojo-castanho-tecido-efeito-pele\/#breadcrumb"},"inLanguage":"en-GB","potentialAction":[{"@type":"ReadAction","target":["https:\/\/irinasb.com\/produto\/estojo-castanho-tecido-efeito-pele\/"]}]},{"@type":"ImageObject","inLanguage":"en-GB","@id":"https:\/\/irinasb.com\/produto\/estojo-castanho-tecido-efeito-pele\/#primaryimage","url":"https:\/\/irinasb.com\/wp-content\/uploads\/2026\/02\/estojo-alto-efeito-pele-castanho-1.jpg","contentUrl":"https:\/\/irinasb.com\/wp-content\/uploads\/2026\/02\/estojo-alto-efeito-pele-castanho-1.jpg","width":800,"height":943},{"@type":"BreadcrumbList","@id":"https:\/\/irinasb.com\/produto\/estojo-castanho-tecido-efeito-pele\/#breadcrumb","itemListElement":[{"@type":"ListItem","position":1,"name":"Home","item":"https:\/\/irinasb.com\/"},{"@type":"ListItem","position":2,"name":"Loja","item":"https:\/\/irinasb.com\/loja\/"},{"@type":"ListItem","position":3,"name":"Estojo Castanho Tecido Efeito Pele"}]},{"@type":"WebSite","@id":"https:\/\/irinasb.com\/#website","url":"https:\/\/irinasb.com\/","name":"IrinasB","description":"Handmade Dreams","publisher":{"@id":"https:\/\/irinasb.com\/#organization"},"potentialAction":[{"@type":"SearchAction","target":{"@type":"EntryPoint","urlTemplate":"https:\/\/irinasb.com\/?s={search_term_string}"},"query-input":{"@type":"PropertyValueSpecification","valueRequired":true,"valueName":"search_term_string"}}],"inLanguage":"en-GB"},{"@type":"Organization","@id":"https:\/\/irinasb.com\/#organization","name":"IrinasB","url":"https:\/\/irinasb.com\/","logo":{"@type":"ImageObject","inLanguage":"en-GB","@id":"https:\/\/irinasb.com\/#\/schema\/logo\/image\/","url":"https:\/\/irinasb.com\/wp-content\/uploads\/2016\/11\/logo.fw_.png","contentUrl":"https:\/\/irinasb.com\/wp-content\/uploads\/2016\/11\/logo.fw_.png","width":900,"height":453,"caption":"IrinasB"},"image":{"@id":"https:\/\/irinasb.com\/#\/schema\/logo\/image\/"}}]}},"_links":{"self":[{"href":"https:\/\/irinasb.com\/en\/wp-json\/wp\/v2\/product\/32907","targetHints":{"allow":["GET"]}}],"collection":[{"href":"https:\/\/irinasb.com\/en\/wp-json\/wp\/v2\/product"}],"about":[{"href":"https:\/\/irinasb.com\/en\/wp-json\/wp\/v2\/types\/product"}],"replies":[{"embeddable":true,"href":"https:\/\/irinasb.com\/en\/wp-json\/wp\/v2\/comments?post=32907"}],"wp:featuredmedia":[{"embeddable":true,"href":"https:\/\/irinasb.com\/en\/wp-json\/wp\/v2\/media\/32908"}],"wp:attachment":[{"href":"https:\/\/irinasb.com\/en\/wp-json\/wp\/v2\/media?parent=32907"}],"wp:term":[{"taxonomy":"product_brand","embeddable":true,"href":"https:\/\/irinasb.com\/en\/wp-json\/wp\/v2\/product_brand?post=32907"},{"taxonomy":"product_cat","embeddable":true,"href":"https:\/\/irinasb.com\/en\/wp-json\/wp\/v2\/product_cat?post=32907"},{"taxonomy":"product_tag","embeddable":true,"href":"https:\/\/irinasb.com\/en\/wp-json\/wp\/v2\/product_tag?post=32907"}],"curies":[{"name":"wp","href":"https:\/\/api.w.org\/{rel}","templated":true}]}}