{"id":32356,"date":"2025-11-25T22:38:57","date_gmt":"2025-11-25T22:38:57","guid":{"rendered":"https:\/\/irinasb.com\/?post_type=product&#038;p=32356"},"modified":"2025-11-25T22:45:10","modified_gmt":"2025-11-25T22:45:10","slug":"bolsa-castanha-tecido-efeito-pele","status":"publish","type":"product","link":"https:\/\/irinasb.com\/en\/product\/bolsa-castanha-tecido-efeito-pele\/","title":{"rendered":"Bolsa Castanha Tecido Efeito Pele"},"content":{"rendered":"<h4 data-start=\"615\" data-end=\"652\">Por que vais adorar esta bolsa<\/h4>\n<ul data-start=\"654\" data-end=\"1298\">\n<li data-start=\"654\" data-end=\"814\">\n<p data-start=\"656\" data-end=\"814\"><strong data-start=\"656\" data-end=\"686\">Visual refinado e moderno:<\/strong> o tecido com efeito pele castanho d\u00e1 um aspeto elegante e discreto, perfeito para combinar com looks casuais ou mais formais.<\/p>\n<\/li>\n<li data-start=\"815\" data-end=\"983\">\n<p data-start=\"817\" data-end=\"983\"><strong data-start=\"817\" data-end=\"853\">Detalhes em metal dourado velho:<\/strong> o fecho e a al\u00e7a em metal dourado velho conferem um toque sofisticado e vintage, ideal para real\u00e7ar o teu estilo com subtileza.<\/p>\n<\/li>\n<li data-start=\"984\" data-end=\"1177\">\n<p data-start=\"986\" data-end=\"1177\"><strong data-start=\"986\" data-end=\"1018\">Tamanho pr\u00e1tico e funcional:<\/strong> com cerca de <strong data-start=\"1032\" data-end=\"1050\">25 \u00d7 15 \u00d7 4 cm<\/strong>, \u00e9 suficientemente espa\u00e7osa para guardar o essencial (telem\u00f3vel, carteira, chaves, etc.), sem perder a leveza e a eleg\u00e2ncia.<\/p>\n<\/li>\n<li data-start=\"1178\" data-end=\"1298\">\n<p data-start=\"1180\" data-end=\"1298\"><strong data-start=\"1180\" data-end=\"1203\">Leve e confort\u00e1vel:<\/strong> desenhada para acompanharem-te no dia a dia \u2014 f\u00e1cil de usar em passeios, trabalho ou sa\u00eddas.<\/p>\n<\/li>\n<\/ul>\n<h3 data-start=\"1300\" data-end=\"1324\">Onde e quando usar<\/h3>\n<p data-start=\"1326\" data-end=\"1369\">Esta bolsa \u00e9 perfeita para v\u00e1rias ocasi\u00f5es:<\/p>\n<ul data-start=\"1371\" data-end=\"1549\">\n<li data-start=\"1371\" data-end=\"1413\">\n<p data-start=\"1373\" data-end=\"1413\">Um dia de compras no centro da cidade.<\/p>\n<\/li>\n<li data-start=\"1414\" data-end=\"1439\">\n<p data-start=\"1416\" data-end=\"1439\">Um almo\u00e7o com amigas.<\/p>\n<\/li>\n<li data-start=\"1440\" data-end=\"1479\">\n<p data-start=\"1442\" data-end=\"1479\">Trabalho ou compromissos informais.<\/p>\n<\/li>\n<li data-start=\"1480\" data-end=\"1549\">\n<p data-start=\"1482\" data-end=\"1549\">Sa\u00eddas \u00e0 noite, onde basta levar o essencial sem perder o estilo.<\/p>\n<\/li>\n<\/ul>\n<p data-start=\"1551\" data-end=\"1637\">Adapta-se facilmente a v\u00e1rias ocasi\u00f5es gra\u00e7as ao seu design simples mas sofisticado.<\/p>\n<h4 data-start=\"1639\" data-end=\"1678\">Benef\u00edcios que fazem a diferen\u00e7a<\/h4>\n<ul data-start=\"1680\" data-end=\"2082\">\n<li data-start=\"1680\" data-end=\"1767\">\n<p data-start=\"1682\" data-end=\"1767\"><strong data-start=\"1682\" data-end=\"1700\">Versatilidade:<\/strong> combina com casacos, jeans, vestidos ou outfits mais arranjados.<\/p>\n<\/li>\n<li data-start=\"1768\" data-end=\"1903\">\n<p data-start=\"1770\" data-end=\"1903\"><strong data-start=\"1770\" data-end=\"1799\">Praticidade no dia a dia:<\/strong> suficientemente compacta para transportar sem complica\u00e7\u00f5es, mas com espa\u00e7o de sobra para o essencial.<\/p>\n<\/li>\n<li data-start=\"1904\" data-end=\"2082\">\n<p data-start=\"1906\" data-end=\"2082\"><strong data-start=\"1906\" data-end=\"1932\">Estilo com identidade:<\/strong> o tom castanho e o detalhe dourado velho fazem com que a bolsa se destaque de forma discreta, ideal para quem aprecia acess\u00f3rios com personalidade.<\/p>\n<\/li>\n<\/ul>\n<h4 data-start=\"2084\" data-end=\"2105\">Detalhes t\u00e9cnicos<\/h4>\n<ul data-start=\"2107\" data-end=\"2274\">\n<li data-start=\"2107\" data-end=\"2197\">\n<p data-start=\"2109\" data-end=\"2197\"><strong data-start=\"2109\" data-end=\"2122\">Material:<\/strong> tecido com efeito pele (castanho), fecho e al\u00e7a met\u00e1licos dourado velho.<\/p>\n<\/li>\n<li data-start=\"2198\" data-end=\"2246\">\n<p data-start=\"2200\" data-end=\"2246\"><strong data-start=\"2200\" data-end=\"2228\">Dimens\u00f5es (aproximadas):<\/strong> 25 \u00d7 15 \u00d7 4 cm.<\/p>\n<\/li>\n<\/ul>\n<h4 data-start=\"2281\" data-end=\"2311\">\u00a0Dica: Cuidados e estilo<\/h4>\n<p data-start=\"2313\" data-end=\"2587\">Para manter a tua bolsa sempre impec\u00e1vel, evita exp\u00f4-la a humidade excessiva e limpa-a com um pano seco e macio. Por ser leve e discreta, fica bem tanto num outfit casual como num look mais sofisticado \u2014 experimenta-a com um casaco bege ou camelo para um contraste elegante.<\/p>","protected":false},"excerpt":{"rendered":"<p>A nossa <strong data-start=\"324\" data-end=\"368\">Bolsa castanha em tecido com efeito pele<\/strong>, uma pe\u00e7a vers\u00e1til, elegante e pr\u00e1tica \u2014 ideal para quem procura estilo sem abrir m\u00e3o da funcionalidade. Com um aspeto sofisticado e acabamento primoroso, esta bolsa transforma qualquer look do dia a dia numa combina\u00e7\u00e3o de charme e praticidade.<\/p>","protected":false},"featured_media":32361,"comment_status":"closed","ping_status":"closed","template":"","meta":[],"product_brand":[],"product_cat":[189],"product_tag":[856,858,857],"class_list":{"0":"post-32356","1":"product","2":"type-product","3":"status-publish","4":"has-post-thumbnail","6":"product_cat-bolsas-e-estojos","7":"product_tag-bolsa-castanha","8":"product_tag-bolsa-efeito-pele","9":"product_tag-bolsa-pequena","11":"first","12":"instock","13":"shipping-taxable","14":"purchasable","15":"product-type-simple"},"yoast_head":"<!-- This site is optimized with the Yoast SEO plugin v26.2 - https:\/\/yoast.com\/wordpress\/plugins\/seo\/ -->\n<title>Bolsa Castanha Tecido Efeito Pele - IrinasB<\/title>\n<meta name=\"description\" content=\"Bolsa castanha efeito pele com fecho e al\u00e7a em metal dourado velho.\" \/>\n<meta name=\"robots\" content=\"index, follow, max-snippet:-1, max-image-preview:large, max-video-preview:-1\" \/>\n<link rel=\"canonical\" href=\"https:\/\/irinasb.com\/en\/product\/bolsa-castanha-tecido-efeito-pele\/\" \/>\n<meta property=\"og:locale\" content=\"en_GB\" \/>\n<meta property=\"og:type\" content=\"article\" \/>\n<meta property=\"og:title\" content=\"Bolsa Castanha Tecido Efeito Pele - IrinasB\" \/>\n<meta property=\"og:description\" content=\"Bolsa castanha efeito pele com fecho e al\u00e7a em metal dourado velho.\" \/>\n<meta property=\"og:url\" content=\"https:\/\/irinasb.com\/en\/product\/bolsa-castanha-tecido-efeito-pele\/\" \/>\n<meta property=\"og:site_name\" content=\"IrinasB\" \/>\n<meta property=\"article:modified_time\" content=\"2025-11-25T22:45:10+00:00\" \/>\n<meta property=\"og:image\" content=\"https:\/\/irinasb.com\/wp-content\/uploads\/2025\/11\/bolsa-castanha-fecho-dourado.jpg\" \/>\n\t<meta property=\"og:image:width\" content=\"800\" \/>\n\t<meta property=\"og:image:height\" content=\"966\" \/>\n\t<meta property=\"og:image:type\" content=\"image\/jpeg\" \/>\n<meta name=\"twitter:card\" content=\"summary_large_image\" \/>\n<meta name=\"twitter:label1\" content=\"Estimated reading time\" \/>\n\t<meta name=\"twitter:data1\" content=\"2 minutes\" \/>\n<script type=\"application\/ld+json\" class=\"yoast-schema-graph\">{\"@context\":\"https:\/\/schema.org\",\"@graph\":[{\"@type\":\"WebPage\",\"@id\":\"https:\/\/irinasb.com\/produto\/bolsa-castanha-tecido-efeito-pele\/\",\"url\":\"https:\/\/irinasb.com\/produto\/bolsa-castanha-tecido-efeito-pele\/\",\"name\":\"Bolsa Castanha Tecido Efeito Pele - IrinasB\",\"isPartOf\":{\"@id\":\"https:\/\/irinasb.com\/#website\"},\"primaryImageOfPage\":{\"@id\":\"https:\/\/irinasb.com\/produto\/bolsa-castanha-tecido-efeito-pele\/#primaryimage\"},\"image\":{\"@id\":\"https:\/\/irinasb.com\/produto\/bolsa-castanha-tecido-efeito-pele\/#primaryimage\"},\"thumbnailUrl\":\"https:\/\/irinasb.com\/wp-content\/uploads\/2025\/11\/bolsa-castanha-fecho-dourado.jpg\",\"datePublished\":\"2025-11-25T22:38:57+00:00\",\"dateModified\":\"2025-11-25T22:45:10+00:00\",\"description\":\"Bolsa castanha efeito pele com fecho e al\u00e7a em metal dourado velho.\",\"breadcrumb\":{\"@id\":\"https:\/\/irinasb.com\/produto\/bolsa-castanha-tecido-efeito-pele\/#breadcrumb\"},\"inLanguage\":\"en-GB\",\"potentialAction\":[{\"@type\":\"ReadAction\",\"target\":[\"https:\/\/irinasb.com\/produto\/bolsa-castanha-tecido-efeito-pele\/\"]}]},{\"@type\":\"ImageObject\",\"inLanguage\":\"en-GB\",\"@id\":\"https:\/\/irinasb.com\/produto\/bolsa-castanha-tecido-efeito-pele\/#primaryimage\",\"url\":\"https:\/\/irinasb.com\/wp-content\/uploads\/2025\/11\/bolsa-castanha-fecho-dourado.jpg\",\"contentUrl\":\"https:\/\/irinasb.com\/wp-content\/uploads\/2025\/11\/bolsa-castanha-fecho-dourado.jpg\",\"width\":800,\"height\":966},{\"@type\":\"BreadcrumbList\",\"@id\":\"https:\/\/irinasb.com\/produto\/bolsa-castanha-tecido-efeito-pele\/#breadcrumb\",\"itemListElement\":[{\"@type\":\"ListItem\",\"position\":1,\"name\":\"Home\",\"item\":\"https:\/\/irinasb.com\/\"},{\"@type\":\"ListItem\",\"position\":2,\"name\":\"Loja\",\"item\":\"https:\/\/irinasb.com\/loja\/\"},{\"@type\":\"ListItem\",\"position\":3,\"name\":\"Bolsa Castanha Tecido Efeito Pele\"}]},{\"@type\":\"WebSite\",\"@id\":\"https:\/\/irinasb.com\/#website\",\"url\":\"https:\/\/irinasb.com\/\",\"name\":\"IrinasB\",\"description\":\"Handmade Dreams\",\"publisher\":{\"@id\":\"https:\/\/irinasb.com\/#organization\"},\"potentialAction\":[{\"@type\":\"SearchAction\",\"target\":{\"@type\":\"EntryPoint\",\"urlTemplate\":\"https:\/\/irinasb.com\/?s={search_term_string}\"},\"query-input\":{\"@type\":\"PropertyValueSpecification\",\"valueRequired\":true,\"valueName\":\"search_term_string\"}}],\"inLanguage\":\"en-GB\"},{\"@type\":\"Organization\",\"@id\":\"https:\/\/irinasb.com\/#organization\",\"name\":\"IrinasB\",\"url\":\"https:\/\/irinasb.com\/\",\"logo\":{\"@type\":\"ImageObject\",\"inLanguage\":\"en-GB\",\"@id\":\"https:\/\/irinasb.com\/#\/schema\/logo\/image\/\",\"url\":\"https:\/\/irinasb.com\/wp-content\/uploads\/2016\/11\/logo.fw_.png\",\"contentUrl\":\"https:\/\/irinasb.com\/wp-content\/uploads\/2016\/11\/logo.fw_.png\",\"width\":900,\"height\":453,\"caption\":\"IrinasB\"},\"image\":{\"@id\":\"https:\/\/irinasb.com\/#\/schema\/logo\/image\/\"}}]}<\/script>\n<!-- \/ Yoast SEO plugin. -->","yoast_head_json":{"title":"Bolsa Castanha Tecido Efeito Pele - IrinasB","description":"Bolsa castanha efeito pele com fecho e al\u00e7a em metal dourado velho.","robots":{"index":"index","follow":"follow","max-snippet":"max-snippet:-1","max-image-preview":"max-image-preview:large","max-video-preview":"max-video-preview:-1"},"canonical":"https:\/\/irinasb.com\/en\/product\/bolsa-castanha-tecido-efeito-pele\/","og_locale":"en_GB","og_type":"article","og_title":"Bolsa Castanha Tecido Efeito Pele - IrinasB","og_description":"Bolsa castanha efeito pele com fecho e al\u00e7a em metal dourado velho.","og_url":"https:\/\/irinasb.com\/en\/product\/bolsa-castanha-tecido-efeito-pele\/","og_site_name":"IrinasB","article_modified_time":"2025-11-25T22:45:10+00:00","og_image":[{"width":800,"height":966,"url":"https:\/\/irinasb.com\/wp-content\/uploads\/2025\/11\/bolsa-castanha-fecho-dourado.jpg","type":"image\/jpeg"}],"twitter_card":"summary_large_image","twitter_misc":{"Estimated reading time":"2 minutes"},"schema":{"@context":"https:\/\/schema.org","@graph":[{"@type":"WebPage","@id":"https:\/\/irinasb.com\/produto\/bolsa-castanha-tecido-efeito-pele\/","url":"https:\/\/irinasb.com\/produto\/bolsa-castanha-tecido-efeito-pele\/","name":"Bolsa Castanha Tecido Efeito Pele - IrinasB","isPartOf":{"@id":"https:\/\/irinasb.com\/#website"},"primaryImageOfPage":{"@id":"https:\/\/irinasb.com\/produto\/bolsa-castanha-tecido-efeito-pele\/#primaryimage"},"image":{"@id":"https:\/\/irinasb.com\/produto\/bolsa-castanha-tecido-efeito-pele\/#primaryimage"},"thumbnailUrl":"https:\/\/irinasb.com\/wp-content\/uploads\/2025\/11\/bolsa-castanha-fecho-dourado.jpg","datePublished":"2025-11-25T22:38:57+00:00","dateModified":"2025-11-25T22:45:10+00:00","description":"Bolsa castanha efeito pele com fecho e al\u00e7a em metal dourado velho.","breadcrumb":{"@id":"https:\/\/irinasb.com\/produto\/bolsa-castanha-tecido-efeito-pele\/#breadcrumb"},"inLanguage":"en-GB","potentialAction":[{"@type":"ReadAction","target":["https:\/\/irinasb.com\/produto\/bolsa-castanha-tecido-efeito-pele\/"]}]},{"@type":"ImageObject","inLanguage":"en-GB","@id":"https:\/\/irinasb.com\/produto\/bolsa-castanha-tecido-efeito-pele\/#primaryimage","url":"https:\/\/irinasb.com\/wp-content\/uploads\/2025\/11\/bolsa-castanha-fecho-dourado.jpg","contentUrl":"https:\/\/irinasb.com\/wp-content\/uploads\/2025\/11\/bolsa-castanha-fecho-dourado.jpg","width":800,"height":966},{"@type":"BreadcrumbList","@id":"https:\/\/irinasb.com\/produto\/bolsa-castanha-tecido-efeito-pele\/#breadcrumb","itemListElement":[{"@type":"ListItem","position":1,"name":"Home","item":"https:\/\/irinasb.com\/"},{"@type":"ListItem","position":2,"name":"Loja","item":"https:\/\/irinasb.com\/loja\/"},{"@type":"ListItem","position":3,"name":"Bolsa Castanha Tecido Efeito Pele"}]},{"@type":"WebSite","@id":"https:\/\/irinasb.com\/#website","url":"https:\/\/irinasb.com\/","name":"IrinasB","description":"Handmade Dreams","publisher":{"@id":"https:\/\/irinasb.com\/#organization"},"potentialAction":[{"@type":"SearchAction","target":{"@type":"EntryPoint","urlTemplate":"https:\/\/irinasb.com\/?s={search_term_string}"},"query-input":{"@type":"PropertyValueSpecification","valueRequired":true,"valueName":"search_term_string"}}],"inLanguage":"en-GB"},{"@type":"Organization","@id":"https:\/\/irinasb.com\/#organization","name":"IrinasB","url":"https:\/\/irinasb.com\/","logo":{"@type":"ImageObject","inLanguage":"en-GB","@id":"https:\/\/irinasb.com\/#\/schema\/logo\/image\/","url":"https:\/\/irinasb.com\/wp-content\/uploads\/2016\/11\/logo.fw_.png","contentUrl":"https:\/\/irinasb.com\/wp-content\/uploads\/2016\/11\/logo.fw_.png","width":900,"height":453,"caption":"IrinasB"},"image":{"@id":"https:\/\/irinasb.com\/#\/schema\/logo\/image\/"}}]}},"_links":{"self":[{"href":"https:\/\/irinasb.com\/en\/wp-json\/wp\/v2\/product\/32356","targetHints":{"allow":["GET"]}}],"collection":[{"href":"https:\/\/irinasb.com\/en\/wp-json\/wp\/v2\/product"}],"about":[{"href":"https:\/\/irinasb.com\/en\/wp-json\/wp\/v2\/types\/product"}],"replies":[{"embeddable":true,"href":"https:\/\/irinasb.com\/en\/wp-json\/wp\/v2\/comments?post=32356"}],"wp:featuredmedia":[{"embeddable":true,"href":"https:\/\/irinasb.com\/en\/wp-json\/wp\/v2\/media\/32361"}],"wp:attachment":[{"href":"https:\/\/irinasb.com\/en\/wp-json\/wp\/v2\/media?parent=32356"}],"wp:term":[{"taxonomy":"product_brand","embeddable":true,"href":"https:\/\/irinasb.com\/en\/wp-json\/wp\/v2\/product_brand?post=32356"},{"taxonomy":"product_cat","embeddable":true,"href":"https:\/\/irinasb.com\/en\/wp-json\/wp\/v2\/product_cat?post=32356"},{"taxonomy":"product_tag","embeddable":true,"href":"https:\/\/irinasb.com\/en\/wp-json\/wp\/v2\/product_tag?post=32356"}],"curies":[{"name":"wp","href":"https:\/\/api.w.org\/{rel}","templated":true}]}}