{"id":32187,"date":"2025-11-16T21:31:47","date_gmt":"2025-11-16T21:31:47","guid":{"rendered":"https:\/\/irinasb.com\/?post_type=product&#038;p=32187"},"modified":"2025-11-24T11:15:14","modified_gmt":"2025-11-24T11:15:14","slug":"pulseira-rosa-com-gato","status":"publish","type":"product","link":"https:\/\/irinasb.com\/en\/product\/pulseira-rosa-com-gato\/","title":{"rendered":"Pulseira Rosa Gato"},"content":{"rendered":"<p data-start=\"272\" data-end=\"303\"><strong data-start=\"272\" data-end=\"303\">Caracter\u00edsticas Principais:<\/strong><\/p>\n<ul data-start=\"305\" data-end=\"514\">\n<li data-start=\"305\" data-end=\"337\">\n<p data-start=\"307\" data-end=\"337\">Fio rosa macio e confort\u00e1vel<\/p>\n<\/li>\n<li data-start=\"338\" data-end=\"393\">\n<p data-start=\"340\" data-end=\"393\">Gato \u2014 s\u00edmbolo de ternura e independ\u00eancia<\/p>\n<\/li>\n<li data-start=\"394\" data-end=\"447\">\n<p data-start=\"396\" data-end=\"447\">Ajust\u00e1vel para caber diferentes tamanhos de pulso<\/p>\n<\/li>\n<li data-start=\"448\" data-end=\"514\">\n<p data-start=\"450\" data-end=\"514\">Ideal para quem procura uma pe\u00e7a jovem, feminina e com encanto<\/p>\n<\/li>\n<\/ul>\n<p data-start=\"516\" data-end=\"551\"><strong data-start=\"516\" data-end=\"551\">Por Que Escolher Esta Pulseira?<\/strong><\/p>\n<p data-start=\"553\" data-end=\"728\">\u00c9 a op\u00e7\u00e3o perfeita para expressar o seu amor pelos gatos com estilo. Um acess\u00f3rio discreto que traz car\u00e1cter e alegria ao seu visual, quer para uso di\u00e1rio, quer para oferecer.<\/p>","protected":false},"excerpt":{"rendered":"<p>Esta pulseira combina delicadeza e personalidade: apresenta um fio rosa suave adornado com um pequeno gato estilizado, para quem ama felinos com gra\u00e7a e leveza. O design \u00e9 ao mesmo tempo divertido e sofisticado.<\/p>","protected":false},"featured_media":32188,"comment_status":"closed","ping_status":"closed","template":"","meta":[],"product_brand":[],"product_cat":[277,192],"product_tag":[839,840],"class_list":{"0":"post-32187","1":"product","2":"type-product","3":"status-publish","4":"has-post-thumbnail","6":"product_cat-crianca","7":"product_cat-pulseiras","8":"product_tag-pulseira-gato","9":"product_tag-pulseira-rosa","11":"first","12":"instock","13":"shipping-taxable","14":"purchasable","15":"product-type-simple"},"yoast_head":"<!-- This site is optimized with the Yoast SEO plugin v26.2 - https:\/\/yoast.com\/wordpress\/plugins\/seo\/ -->\n<title>Pulseira Rosa Gato - IrinasB<\/title>\n<meta name=\"description\" content=\"Esta pulseira combina delicadeza e personalidade: apresenta um fio rosa suave adornado com um pequeno gato estilizado, para quem ama felinos com gra\u00e7a e leveza. O design \u00e9 ao mesmo tempo divertido e sofisticado.\" \/>\n<meta name=\"robots\" content=\"index, follow, max-snippet:-1, max-image-preview:large, max-video-preview:-1\" \/>\n<link rel=\"canonical\" href=\"https:\/\/irinasb.com\/en\/product\/pulseira-rosa-com-gato\/\" \/>\n<meta property=\"og:locale\" content=\"en_GB\" \/>\n<meta property=\"og:type\" content=\"article\" \/>\n<meta property=\"og:title\" content=\"Pulseira Rosa Gato - IrinasB\" \/>\n<meta property=\"og:description\" content=\"Esta pulseira combina delicadeza e personalidade: apresenta um fio rosa suave adornado com um pequeno gato estilizado, para quem ama felinos com gra\u00e7a e leveza. O design \u00e9 ao mesmo tempo divertido e sofisticado.\" \/>\n<meta property=\"og:url\" content=\"https:\/\/irinasb.com\/en\/product\/pulseira-rosa-com-gato\/\" \/>\n<meta property=\"og:site_name\" content=\"IrinasB\" \/>\n<meta property=\"article:modified_time\" content=\"2025-11-24T11:15:14+00:00\" \/>\n<meta property=\"og:image\" content=\"https:\/\/irinasb.com\/wp-content\/uploads\/2025\/11\/pulseira-rosa-gato1.jpg\" \/>\n\t<meta property=\"og:image:width\" content=\"800\" \/>\n\t<meta property=\"og:image:height\" content=\"934\" \/>\n\t<meta property=\"og:image:type\" content=\"image\/jpeg\" \/>\n<meta name=\"twitter:card\" content=\"summary_large_image\" \/>\n<meta name=\"twitter:label1\" content=\"Estimated reading time\" \/>\n\t<meta name=\"twitter:data1\" content=\"1 minute\" \/>\n<script type=\"application\/ld+json\" class=\"yoast-schema-graph\">{\"@context\":\"https:\/\/schema.org\",\"@graph\":[{\"@type\":\"WebPage\",\"@id\":\"https:\/\/irinasb.com\/produto\/pulseira-rosa-com-gato\/\",\"url\":\"https:\/\/irinasb.com\/produto\/pulseira-rosa-com-gato\/\",\"name\":\"Pulseira Rosa Gato - IrinasB\",\"isPartOf\":{\"@id\":\"https:\/\/irinasb.com\/#website\"},\"primaryImageOfPage\":{\"@id\":\"https:\/\/irinasb.com\/produto\/pulseira-rosa-com-gato\/#primaryimage\"},\"image\":{\"@id\":\"https:\/\/irinasb.com\/produto\/pulseira-rosa-com-gato\/#primaryimage\"},\"thumbnailUrl\":\"https:\/\/irinasb.com\/wp-content\/uploads\/2025\/11\/pulseira-rosa-gato1.jpg\",\"datePublished\":\"2025-11-16T21:31:47+00:00\",\"dateModified\":\"2025-11-24T11:15:14+00:00\",\"description\":\"Esta pulseira combina delicadeza e personalidade: apresenta um fio rosa suave adornado com um pequeno gato estilizado, para quem ama felinos com gra\u00e7a e leveza. O design \u00e9 ao mesmo tempo divertido e sofisticado.\",\"breadcrumb\":{\"@id\":\"https:\/\/irinasb.com\/produto\/pulseira-rosa-com-gato\/#breadcrumb\"},\"inLanguage\":\"en-GB\",\"potentialAction\":[{\"@type\":\"ReadAction\",\"target\":[\"https:\/\/irinasb.com\/produto\/pulseira-rosa-com-gato\/\"]}]},{\"@type\":\"ImageObject\",\"inLanguage\":\"en-GB\",\"@id\":\"https:\/\/irinasb.com\/produto\/pulseira-rosa-com-gato\/#primaryimage\",\"url\":\"https:\/\/irinasb.com\/wp-content\/uploads\/2025\/11\/pulseira-rosa-gato1.jpg\",\"contentUrl\":\"https:\/\/irinasb.com\/wp-content\/uploads\/2025\/11\/pulseira-rosa-gato1.jpg\",\"width\":800,\"height\":934},{\"@type\":\"BreadcrumbList\",\"@id\":\"https:\/\/irinasb.com\/produto\/pulseira-rosa-com-gato\/#breadcrumb\",\"itemListElement\":[{\"@type\":\"ListItem\",\"position\":1,\"name\":\"Home\",\"item\":\"https:\/\/irinasb.com\/\"},{\"@type\":\"ListItem\",\"position\":2,\"name\":\"Loja\",\"item\":\"https:\/\/irinasb.com\/loja\/\"},{\"@type\":\"ListItem\",\"position\":3,\"name\":\"Pulseira Rosa Gato\"}]},{\"@type\":\"WebSite\",\"@id\":\"https:\/\/irinasb.com\/#website\",\"url\":\"https:\/\/irinasb.com\/\",\"name\":\"IrinasB\",\"description\":\"Handmade Dreams\",\"publisher\":{\"@id\":\"https:\/\/irinasb.com\/#organization\"},\"potentialAction\":[{\"@type\":\"SearchAction\",\"target\":{\"@type\":\"EntryPoint\",\"urlTemplate\":\"https:\/\/irinasb.com\/?s={search_term_string}\"},\"query-input\":{\"@type\":\"PropertyValueSpecification\",\"valueRequired\":true,\"valueName\":\"search_term_string\"}}],\"inLanguage\":\"en-GB\"},{\"@type\":\"Organization\",\"@id\":\"https:\/\/irinasb.com\/#organization\",\"name\":\"IrinasB\",\"url\":\"https:\/\/irinasb.com\/\",\"logo\":{\"@type\":\"ImageObject\",\"inLanguage\":\"en-GB\",\"@id\":\"https:\/\/irinasb.com\/#\/schema\/logo\/image\/\",\"url\":\"https:\/\/irinasb.com\/wp-content\/uploads\/2016\/11\/logo.fw_.png\",\"contentUrl\":\"https:\/\/irinasb.com\/wp-content\/uploads\/2016\/11\/logo.fw_.png\",\"width\":900,\"height\":453,\"caption\":\"IrinasB\"},\"image\":{\"@id\":\"https:\/\/irinasb.com\/#\/schema\/logo\/image\/\"}}]}<\/script>\n<!-- \/ Yoast SEO plugin. -->","yoast_head_json":{"title":"Pulseira Rosa Gato - IrinasB","description":"Esta pulseira combina delicadeza e personalidade: apresenta um fio rosa suave adornado com um pequeno gato estilizado, para quem ama felinos com gra\u00e7a e leveza. O design \u00e9 ao mesmo tempo divertido e sofisticado.","robots":{"index":"index","follow":"follow","max-snippet":"max-snippet:-1","max-image-preview":"max-image-preview:large","max-video-preview":"max-video-preview:-1"},"canonical":"https:\/\/irinasb.com\/en\/product\/pulseira-rosa-com-gato\/","og_locale":"en_GB","og_type":"article","og_title":"Pulseira Rosa Gato - IrinasB","og_description":"Esta pulseira combina delicadeza e personalidade: apresenta um fio rosa suave adornado com um pequeno gato estilizado, para quem ama felinos com gra\u00e7a e leveza. O design \u00e9 ao mesmo tempo divertido e sofisticado.","og_url":"https:\/\/irinasb.com\/en\/product\/pulseira-rosa-com-gato\/","og_site_name":"IrinasB","article_modified_time":"2025-11-24T11:15:14+00:00","og_image":[{"width":800,"height":934,"url":"https:\/\/irinasb.com\/wp-content\/uploads\/2025\/11\/pulseira-rosa-gato1.jpg","type":"image\/jpeg"}],"twitter_card":"summary_large_image","twitter_misc":{"Estimated reading time":"1 minute"},"schema":{"@context":"https:\/\/schema.org","@graph":[{"@type":"WebPage","@id":"https:\/\/irinasb.com\/produto\/pulseira-rosa-com-gato\/","url":"https:\/\/irinasb.com\/produto\/pulseira-rosa-com-gato\/","name":"Pulseira Rosa Gato - IrinasB","isPartOf":{"@id":"https:\/\/irinasb.com\/#website"},"primaryImageOfPage":{"@id":"https:\/\/irinasb.com\/produto\/pulseira-rosa-com-gato\/#primaryimage"},"image":{"@id":"https:\/\/irinasb.com\/produto\/pulseira-rosa-com-gato\/#primaryimage"},"thumbnailUrl":"https:\/\/irinasb.com\/wp-content\/uploads\/2025\/11\/pulseira-rosa-gato1.jpg","datePublished":"2025-11-16T21:31:47+00:00","dateModified":"2025-11-24T11:15:14+00:00","description":"Esta pulseira combina delicadeza e personalidade: apresenta um fio rosa suave adornado com um pequeno gato estilizado, para quem ama felinos com gra\u00e7a e leveza. O design \u00e9 ao mesmo tempo divertido e sofisticado.","breadcrumb":{"@id":"https:\/\/irinasb.com\/produto\/pulseira-rosa-com-gato\/#breadcrumb"},"inLanguage":"en-GB","potentialAction":[{"@type":"ReadAction","target":["https:\/\/irinasb.com\/produto\/pulseira-rosa-com-gato\/"]}]},{"@type":"ImageObject","inLanguage":"en-GB","@id":"https:\/\/irinasb.com\/produto\/pulseira-rosa-com-gato\/#primaryimage","url":"https:\/\/irinasb.com\/wp-content\/uploads\/2025\/11\/pulseira-rosa-gato1.jpg","contentUrl":"https:\/\/irinasb.com\/wp-content\/uploads\/2025\/11\/pulseira-rosa-gato1.jpg","width":800,"height":934},{"@type":"BreadcrumbList","@id":"https:\/\/irinasb.com\/produto\/pulseira-rosa-com-gato\/#breadcrumb","itemListElement":[{"@type":"ListItem","position":1,"name":"Home","item":"https:\/\/irinasb.com\/"},{"@type":"ListItem","position":2,"name":"Loja","item":"https:\/\/irinasb.com\/loja\/"},{"@type":"ListItem","position":3,"name":"Pulseira Rosa Gato"}]},{"@type":"WebSite","@id":"https:\/\/irinasb.com\/#website","url":"https:\/\/irinasb.com\/","name":"IrinasB","description":"Handmade Dreams","publisher":{"@id":"https:\/\/irinasb.com\/#organization"},"potentialAction":[{"@type":"SearchAction","target":{"@type":"EntryPoint","urlTemplate":"https:\/\/irinasb.com\/?s={search_term_string}"},"query-input":{"@type":"PropertyValueSpecification","valueRequired":true,"valueName":"search_term_string"}}],"inLanguage":"en-GB"},{"@type":"Organization","@id":"https:\/\/irinasb.com\/#organization","name":"IrinasB","url":"https:\/\/irinasb.com\/","logo":{"@type":"ImageObject","inLanguage":"en-GB","@id":"https:\/\/irinasb.com\/#\/schema\/logo\/image\/","url":"https:\/\/irinasb.com\/wp-content\/uploads\/2016\/11\/logo.fw_.png","contentUrl":"https:\/\/irinasb.com\/wp-content\/uploads\/2016\/11\/logo.fw_.png","width":900,"height":453,"caption":"IrinasB"},"image":{"@id":"https:\/\/irinasb.com\/#\/schema\/logo\/image\/"}}]}},"_links":{"self":[{"href":"https:\/\/irinasb.com\/en\/wp-json\/wp\/v2\/product\/32187","targetHints":{"allow":["GET"]}}],"collection":[{"href":"https:\/\/irinasb.com\/en\/wp-json\/wp\/v2\/product"}],"about":[{"href":"https:\/\/irinasb.com\/en\/wp-json\/wp\/v2\/types\/product"}],"replies":[{"embeddable":true,"href":"https:\/\/irinasb.com\/en\/wp-json\/wp\/v2\/comments?post=32187"}],"wp:featuredmedia":[{"embeddable":true,"href":"https:\/\/irinasb.com\/en\/wp-json\/wp\/v2\/media\/32188"}],"wp:attachment":[{"href":"https:\/\/irinasb.com\/en\/wp-json\/wp\/v2\/media?parent=32187"}],"wp:term":[{"taxonomy":"product_brand","embeddable":true,"href":"https:\/\/irinasb.com\/en\/wp-json\/wp\/v2\/product_brand?post=32187"},{"taxonomy":"product_cat","embeddable":true,"href":"https:\/\/irinasb.com\/en\/wp-json\/wp\/v2\/product_cat?post=32187"},{"taxonomy":"product_tag","embeddable":true,"href":"https:\/\/irinasb.com\/en\/wp-json\/wp\/v2\/product_tag?post=32187"}],"curies":[{"name":"wp","href":"https:\/\/api.w.org\/{rel}","templated":true}]}}