{"id":32178,"date":"2025-11-16T20:28:06","date_gmt":"2025-11-16T20:28:06","guid":{"rendered":"https:\/\/irinasb.com\/?post_type=product&#038;p=32178"},"modified":"2026-03-10T21:46:56","modified_gmt":"2026-03-10T21:46:56","slug":"pulseira-de-perolas-e-asa","status":"publish","type":"product","link":"https:\/\/irinasb.com\/en\/product\/pulseira-de-perolas-e-asa\/","title":{"rendered":"Pulseira de P\u00e9rolas e Asa"},"content":{"rendered":"<ul data-start=\"324\" data-end=\"519\">\n<li data-start=\"324\" data-end=\"370\">\n<p data-start=\"326\" data-end=\"370\">P\u00e9rolas de resina delicadas para um visual atemporal<\/p>\n<\/li>\n<li data-start=\"371\" data-end=\"413\">\n<p data-start=\"373\" data-end=\"413\">Asa como s\u00edmbolo de leveza e liberdade<\/p>\n<\/li>\n<li data-start=\"414\" data-end=\"458\">\n<p data-start=\"416\" data-end=\"458\">Design ajust\u00e1vel para um uso confort\u00e1vel<\/p>\n<\/li>\n<li data-start=\"459\" data-end=\"519\">\n<p data-start=\"461\" data-end=\"519\">Ideal para combinar com outras pulseiras ou usar sozinha<\/p>\n<\/li>\n<\/ul>\n<p data-start=\"521\" data-end=\"742\"><strong data-start=\"521\" data-end=\"556\">Por Que Escolher Esta Pulseira?<\/strong><br data-start=\"556\" data-end=\"559\" \/>\u00c9 uma pe\u00e7a sofisticada e simb\u00f3lica, perfeita para quem valoriza acess\u00f3rios com significado. Um presente encantador para si ou para algu\u00e9m especial, que reflete estilo e sensibilidade.<\/p>","protected":false},"excerpt":{"rendered":"<p>Esta pulseira une a beleza cl\u00e1ssica das p\u00e9rolas com a leveza simb\u00f3lica de uma asa. Uma pe\u00e7a com muita feminilidade, enquanto o detalhe da asa adiciona um toque inspirador: liberdade, prote\u00e7\u00e3o e aspira\u00e7\u00e3o.<\/p>","protected":false},"featured_media":32180,"comment_status":"closed","ping_status":"closed","template":"","meta":[],"product_brand":[],"product_cat":[192],"product_tag":[836,645],"class_list":{"0":"post-32178","1":"product","2":"type-product","3":"status-publish","4":"has-post-thumbnail","6":"product_cat-pulseiras","7":"product_tag-pulseira-asa-anjo","8":"product_tag-pulseira-perolas","10":"first","11":"instock","12":"shipping-taxable","13":"purchasable","14":"product-type-simple"},"yoast_head":"<!-- This site is optimized with the Yoast SEO plugin v26.2 - https:\/\/yoast.com\/wordpress\/plugins\/seo\/ -->\n<title>Pulseira de P\u00e9rolas e Asa - IrinasB<\/title>\n<meta name=\"description\" content=\"Pulseira ajust\u00e1vel com fio de algod\u00e3o dourado, p\u00e9rolas de resina e pendente com asa.\" \/>\n<meta name=\"robots\" content=\"index, follow, max-snippet:-1, max-image-preview:large, max-video-preview:-1\" \/>\n<link rel=\"canonical\" href=\"https:\/\/irinasb.com\/en\/product\/pulseira-de-perolas-e-asa\/\" \/>\n<meta property=\"og:locale\" content=\"en_GB\" \/>\n<meta property=\"og:type\" content=\"article\" \/>\n<meta property=\"og:title\" content=\"Pulseira de P\u00e9rolas e Asa - IrinasB\" \/>\n<meta property=\"og:description\" content=\"Pulseira ajust\u00e1vel com fio de algod\u00e3o dourado, p\u00e9rolas de resina e pendente com asa.\" \/>\n<meta property=\"og:url\" content=\"https:\/\/irinasb.com\/en\/product\/pulseira-de-perolas-e-asa\/\" \/>\n<meta property=\"og:site_name\" content=\"IrinasB\" \/>\n<meta property=\"article:modified_time\" content=\"2026-03-10T21:46:56+00:00\" \/>\n<meta property=\"og:image\" content=\"https:\/\/irinasb.com\/wp-content\/uploads\/2025\/11\/pulseira-perolas-asas.jpg\" \/>\n\t<meta property=\"og:image:width\" content=\"800\" \/>\n\t<meta property=\"og:image:height\" content=\"944\" \/>\n\t<meta property=\"og:image:type\" content=\"image\/jpeg\" \/>\n<meta name=\"twitter:card\" content=\"summary_large_image\" \/>\n<meta name=\"twitter:label1\" content=\"Estimated reading time\" \/>\n\t<meta name=\"twitter:data1\" content=\"1 minute\" \/>\n<script type=\"application\/ld+json\" class=\"yoast-schema-graph\">{\"@context\":\"https:\/\/schema.org\",\"@graph\":[{\"@type\":\"WebPage\",\"@id\":\"https:\/\/irinasb.com\/produto\/pulseira-de-perolas-e-asa\/\",\"url\":\"https:\/\/irinasb.com\/produto\/pulseira-de-perolas-e-asa\/\",\"name\":\"Pulseira de P\u00e9rolas e Asa - IrinasB\",\"isPartOf\":{\"@id\":\"https:\/\/irinasb.com\/#website\"},\"primaryImageOfPage\":{\"@id\":\"https:\/\/irinasb.com\/produto\/pulseira-de-perolas-e-asa\/#primaryimage\"},\"image\":{\"@id\":\"https:\/\/irinasb.com\/produto\/pulseira-de-perolas-e-asa\/#primaryimage\"},\"thumbnailUrl\":\"https:\/\/irinasb.com\/wp-content\/uploads\/2025\/11\/pulseira-perolas-asas.jpg\",\"datePublished\":\"2025-11-16T20:28:06+00:00\",\"dateModified\":\"2026-03-10T21:46:56+00:00\",\"description\":\"Pulseira ajust\u00e1vel com fio de algod\u00e3o dourado, p\u00e9rolas de resina e pendente com asa.\",\"breadcrumb\":{\"@id\":\"https:\/\/irinasb.com\/produto\/pulseira-de-perolas-e-asa\/#breadcrumb\"},\"inLanguage\":\"en-GB\",\"potentialAction\":[{\"@type\":\"ReadAction\",\"target\":[\"https:\/\/irinasb.com\/produto\/pulseira-de-perolas-e-asa\/\"]}]},{\"@type\":\"ImageObject\",\"inLanguage\":\"en-GB\",\"@id\":\"https:\/\/irinasb.com\/produto\/pulseira-de-perolas-e-asa\/#primaryimage\",\"url\":\"https:\/\/irinasb.com\/wp-content\/uploads\/2025\/11\/pulseira-perolas-asas.jpg\",\"contentUrl\":\"https:\/\/irinasb.com\/wp-content\/uploads\/2025\/11\/pulseira-perolas-asas.jpg\",\"width\":800,\"height\":944},{\"@type\":\"BreadcrumbList\",\"@id\":\"https:\/\/irinasb.com\/produto\/pulseira-de-perolas-e-asa\/#breadcrumb\",\"itemListElement\":[{\"@type\":\"ListItem\",\"position\":1,\"name\":\"Home\",\"item\":\"https:\/\/irinasb.com\/\"},{\"@type\":\"ListItem\",\"position\":2,\"name\":\"Loja\",\"item\":\"https:\/\/irinasb.com\/loja\/\"},{\"@type\":\"ListItem\",\"position\":3,\"name\":\"Pulseira de P\u00e9rolas e Asa\"}]},{\"@type\":\"WebSite\",\"@id\":\"https:\/\/irinasb.com\/#website\",\"url\":\"https:\/\/irinasb.com\/\",\"name\":\"IrinasB\",\"description\":\"Handmade Dreams\",\"publisher\":{\"@id\":\"https:\/\/irinasb.com\/#organization\"},\"potentialAction\":[{\"@type\":\"SearchAction\",\"target\":{\"@type\":\"EntryPoint\",\"urlTemplate\":\"https:\/\/irinasb.com\/?s={search_term_string}\"},\"query-input\":{\"@type\":\"PropertyValueSpecification\",\"valueRequired\":true,\"valueName\":\"search_term_string\"}}],\"inLanguage\":\"en-GB\"},{\"@type\":\"Organization\",\"@id\":\"https:\/\/irinasb.com\/#organization\",\"name\":\"IrinasB\",\"url\":\"https:\/\/irinasb.com\/\",\"logo\":{\"@type\":\"ImageObject\",\"inLanguage\":\"en-GB\",\"@id\":\"https:\/\/irinasb.com\/#\/schema\/logo\/image\/\",\"url\":\"https:\/\/irinasb.com\/wp-content\/uploads\/2016\/11\/logo.fw_.png\",\"contentUrl\":\"https:\/\/irinasb.com\/wp-content\/uploads\/2016\/11\/logo.fw_.png\",\"width\":900,\"height\":453,\"caption\":\"IrinasB\"},\"image\":{\"@id\":\"https:\/\/irinasb.com\/#\/schema\/logo\/image\/\"}}]}<\/script>\n<!-- \/ Yoast SEO plugin. -->","yoast_head_json":{"title":"Pulseira de P\u00e9rolas e Asa - IrinasB","description":"Pulseira ajust\u00e1vel com fio de algod\u00e3o dourado, p\u00e9rolas de resina e pendente com asa.","robots":{"index":"index","follow":"follow","max-snippet":"max-snippet:-1","max-image-preview":"max-image-preview:large","max-video-preview":"max-video-preview:-1"},"canonical":"https:\/\/irinasb.com\/en\/product\/pulseira-de-perolas-e-asa\/","og_locale":"en_GB","og_type":"article","og_title":"Pulseira de P\u00e9rolas e Asa - IrinasB","og_description":"Pulseira ajust\u00e1vel com fio de algod\u00e3o dourado, p\u00e9rolas de resina e pendente com asa.","og_url":"https:\/\/irinasb.com\/en\/product\/pulseira-de-perolas-e-asa\/","og_site_name":"IrinasB","article_modified_time":"2026-03-10T21:46:56+00:00","og_image":[{"width":800,"height":944,"url":"https:\/\/irinasb.com\/wp-content\/uploads\/2025\/11\/pulseira-perolas-asas.jpg","type":"image\/jpeg"}],"twitter_card":"summary_large_image","twitter_misc":{"Estimated reading time":"1 minute"},"schema":{"@context":"https:\/\/schema.org","@graph":[{"@type":"WebPage","@id":"https:\/\/irinasb.com\/produto\/pulseira-de-perolas-e-asa\/","url":"https:\/\/irinasb.com\/produto\/pulseira-de-perolas-e-asa\/","name":"Pulseira de P\u00e9rolas e Asa - IrinasB","isPartOf":{"@id":"https:\/\/irinasb.com\/#website"},"primaryImageOfPage":{"@id":"https:\/\/irinasb.com\/produto\/pulseira-de-perolas-e-asa\/#primaryimage"},"image":{"@id":"https:\/\/irinasb.com\/produto\/pulseira-de-perolas-e-asa\/#primaryimage"},"thumbnailUrl":"https:\/\/irinasb.com\/wp-content\/uploads\/2025\/11\/pulseira-perolas-asas.jpg","datePublished":"2025-11-16T20:28:06+00:00","dateModified":"2026-03-10T21:46:56+00:00","description":"Pulseira ajust\u00e1vel com fio de algod\u00e3o dourado, p\u00e9rolas de resina e pendente com asa.","breadcrumb":{"@id":"https:\/\/irinasb.com\/produto\/pulseira-de-perolas-e-asa\/#breadcrumb"},"inLanguage":"en-GB","potentialAction":[{"@type":"ReadAction","target":["https:\/\/irinasb.com\/produto\/pulseira-de-perolas-e-asa\/"]}]},{"@type":"ImageObject","inLanguage":"en-GB","@id":"https:\/\/irinasb.com\/produto\/pulseira-de-perolas-e-asa\/#primaryimage","url":"https:\/\/irinasb.com\/wp-content\/uploads\/2025\/11\/pulseira-perolas-asas.jpg","contentUrl":"https:\/\/irinasb.com\/wp-content\/uploads\/2025\/11\/pulseira-perolas-asas.jpg","width":800,"height":944},{"@type":"BreadcrumbList","@id":"https:\/\/irinasb.com\/produto\/pulseira-de-perolas-e-asa\/#breadcrumb","itemListElement":[{"@type":"ListItem","position":1,"name":"Home","item":"https:\/\/irinasb.com\/"},{"@type":"ListItem","position":2,"name":"Loja","item":"https:\/\/irinasb.com\/loja\/"},{"@type":"ListItem","position":3,"name":"Pulseira de P\u00e9rolas e Asa"}]},{"@type":"WebSite","@id":"https:\/\/irinasb.com\/#website","url":"https:\/\/irinasb.com\/","name":"IrinasB","description":"Handmade Dreams","publisher":{"@id":"https:\/\/irinasb.com\/#organization"},"potentialAction":[{"@type":"SearchAction","target":{"@type":"EntryPoint","urlTemplate":"https:\/\/irinasb.com\/?s={search_term_string}"},"query-input":{"@type":"PropertyValueSpecification","valueRequired":true,"valueName":"search_term_string"}}],"inLanguage":"en-GB"},{"@type":"Organization","@id":"https:\/\/irinasb.com\/#organization","name":"IrinasB","url":"https:\/\/irinasb.com\/","logo":{"@type":"ImageObject","inLanguage":"en-GB","@id":"https:\/\/irinasb.com\/#\/schema\/logo\/image\/","url":"https:\/\/irinasb.com\/wp-content\/uploads\/2016\/11\/logo.fw_.png","contentUrl":"https:\/\/irinasb.com\/wp-content\/uploads\/2016\/11\/logo.fw_.png","width":900,"height":453,"caption":"IrinasB"},"image":{"@id":"https:\/\/irinasb.com\/#\/schema\/logo\/image\/"}}]}},"_links":{"self":[{"href":"https:\/\/irinasb.com\/en\/wp-json\/wp\/v2\/product\/32178","targetHints":{"allow":["GET"]}}],"collection":[{"href":"https:\/\/irinasb.com\/en\/wp-json\/wp\/v2\/product"}],"about":[{"href":"https:\/\/irinasb.com\/en\/wp-json\/wp\/v2\/types\/product"}],"replies":[{"embeddable":true,"href":"https:\/\/irinasb.com\/en\/wp-json\/wp\/v2\/comments?post=32178"}],"wp:featuredmedia":[{"embeddable":true,"href":"https:\/\/irinasb.com\/en\/wp-json\/wp\/v2\/media\/32180"}],"wp:attachment":[{"href":"https:\/\/irinasb.com\/en\/wp-json\/wp\/v2\/media?parent=32178"}],"wp:term":[{"taxonomy":"product_brand","embeddable":true,"href":"https:\/\/irinasb.com\/en\/wp-json\/wp\/v2\/product_brand?post=32178"},{"taxonomy":"product_cat","embeddable":true,"href":"https:\/\/irinasb.com\/en\/wp-json\/wp\/v2\/product_cat?post=32178"},{"taxonomy":"product_tag","embeddable":true,"href":"https:\/\/irinasb.com\/en\/wp-json\/wp\/v2\/product_tag?post=32178"}],"curies":[{"name":"wp","href":"https:\/\/api.w.org\/{rel}","templated":true}]}}