{"id":32175,"date":"2025-11-16T20:23:12","date_gmt":"2025-11-16T20:23:12","guid":{"rendered":"https:\/\/irinasb.com\/?post_type=product&#038;p=32175"},"modified":"2026-04-04T09:48:58","modified_gmt":"2026-04-04T09:48:58","slug":"pulseira-perolas-e-nossa-senhora","status":"publish","type":"product","link":"https:\/\/irinasb.com\/en\/product\/pulseira-perolas-e-nossa-senhora\/","title":{"rendered":"Pulseira P\u00e9rolas e Nossa Senhora"},"content":{"rendered":"<ul data-start=\"337\" data-end=\"542\">\n<li data-start=\"337\" data-end=\"378\">\n<p data-start=\"339\" data-end=\"378\">P\u00e9rolas de resina delicadas com brilho cl\u00e1ssico<\/p>\n<\/li>\n<li data-start=\"379\" data-end=\"426\">\n<p data-start=\"381\" data-end=\"426\">Medalha de Nossa Senhora para prote\u00e7\u00e3o e f\u00e9<\/p>\n<\/li>\n<li data-start=\"427\" data-end=\"478\">\n<p data-start=\"429\" data-end=\"478\">Design ajust\u00e1vel e confort\u00e1vel para o dia a dia<\/p>\n<\/li>\n<li data-start=\"479\" data-end=\"542\">\n<p data-start=\"481\" data-end=\"542\">Ideal para usar sozinha ou em conjunto com outras pulseiras<\/p>\n<\/li>\n<\/ul>\n<p data-start=\"544\" data-end=\"725\" data-is-last-node=\"\" data-is-only-node=\"\"><strong data-start=\"544\" data-end=\"579\">Por Que Escolher Esta Pulseira?<\/strong><br data-start=\"579\" data-end=\"582\" \/>\u00c9 uma pe\u00e7a especial que transmite serenidade, devo\u00e7\u00e3o e beleza. Perfeita para oferecer ou para usar como um lembrete di\u00e1rio de prote\u00e7\u00e3o e amor.<\/p>","protected":false},"excerpt":{"rendered":"<p>Esta pulseira combina a pureza das p\u00e9rolas com a presen\u00e7a protetora de uma medalha de Nossa Senhora. Uma pe\u00e7a feminina e suave, pensada para quem gosta de acess\u00f3rios com significado espiritual e um toque de eleg\u00e2ncia.<\/p>","protected":false},"featured_media":32176,"comment_status":"closed","ping_status":"closed","template":"","meta":[],"product_brand":[],"product_cat":[192],"product_tag":[835,833,773],"class_list":{"0":"post-32175","1":"product","2":"type-product","3":"status-publish","4":"has-post-thumbnail","6":"product_cat-pulseiras","7":"product_tag-nossa-senhora","8":"product_tag-perolas","9":"product_tag-pulseira","11":"first","12":"instock","13":"shipping-taxable","14":"purchasable","15":"product-type-simple"},"yoast_head":"<!-- This site is optimized with the Yoast SEO plugin v26.2 - https:\/\/yoast.com\/wordpress\/plugins\/seo\/ -->\n<title>Pulseira P\u00e9rolas e Nossa Senhora - IrinasB<\/title>\n<meta name=\"description\" content=\"Pulseira ajust\u00e1vel com fio de algod\u00e3o dourado, p\u00e9rolas de resina e pendente com Nossa Senhora.\" \/>\n<meta name=\"robots\" content=\"index, follow, max-snippet:-1, max-image-preview:large, max-video-preview:-1\" \/>\n<link rel=\"canonical\" href=\"https:\/\/irinasb.com\/en\/product\/pulseira-perolas-e-nossa-senhora\/\" \/>\n<meta property=\"og:locale\" content=\"en_GB\" \/>\n<meta property=\"og:type\" content=\"article\" \/>\n<meta property=\"og:title\" content=\"Pulseira P\u00e9rolas e Nossa Senhora - IrinasB\" \/>\n<meta property=\"og:description\" content=\"Pulseira ajust\u00e1vel com fio de algod\u00e3o dourado, p\u00e9rolas de resina e pendente com Nossa Senhora.\" \/>\n<meta property=\"og:url\" content=\"https:\/\/irinasb.com\/en\/product\/pulseira-perolas-e-nossa-senhora\/\" \/>\n<meta property=\"og:site_name\" content=\"IrinasB\" \/>\n<meta property=\"article:modified_time\" content=\"2026-04-04T09:48:58+00:00\" \/>\n<meta property=\"og:image\" content=\"https:\/\/irinasb.com\/wp-content\/uploads\/2025\/11\/pulseira-perolas-e-nossa-senhora2.jpg\" \/>\n\t<meta property=\"og:image:width\" content=\"800\" \/>\n\t<meta property=\"og:image:height\" content=\"925\" \/>\n\t<meta property=\"og:image:type\" content=\"image\/jpeg\" \/>\n<meta name=\"twitter:card\" content=\"summary_large_image\" \/>\n<meta name=\"twitter:label1\" content=\"Estimated reading time\" \/>\n\t<meta name=\"twitter:data1\" content=\"1 minute\" \/>\n<script type=\"application\/ld+json\" class=\"yoast-schema-graph\">{\"@context\":\"https:\/\/schema.org\",\"@graph\":[{\"@type\":\"WebPage\",\"@id\":\"https:\/\/irinasb.com\/produto\/pulseira-perolas-e-nossa-senhora\/\",\"url\":\"https:\/\/irinasb.com\/produto\/pulseira-perolas-e-nossa-senhora\/\",\"name\":\"Pulseira P\u00e9rolas e Nossa Senhora - IrinasB\",\"isPartOf\":{\"@id\":\"https:\/\/irinasb.com\/#website\"},\"primaryImageOfPage\":{\"@id\":\"https:\/\/irinasb.com\/produto\/pulseira-perolas-e-nossa-senhora\/#primaryimage\"},\"image\":{\"@id\":\"https:\/\/irinasb.com\/produto\/pulseira-perolas-e-nossa-senhora\/#primaryimage\"},\"thumbnailUrl\":\"https:\/\/irinasb.com\/wp-content\/uploads\/2025\/11\/pulseira-perolas-e-nossa-senhora2.jpg\",\"datePublished\":\"2025-11-16T20:23:12+00:00\",\"dateModified\":\"2026-04-04T09:48:58+00:00\",\"description\":\"Pulseira ajust\u00e1vel com fio de algod\u00e3o dourado, p\u00e9rolas de resina e pendente com Nossa Senhora.\",\"breadcrumb\":{\"@id\":\"https:\/\/irinasb.com\/produto\/pulseira-perolas-e-nossa-senhora\/#breadcrumb\"},\"inLanguage\":\"en-GB\",\"potentialAction\":[{\"@type\":\"ReadAction\",\"target\":[\"https:\/\/irinasb.com\/produto\/pulseira-perolas-e-nossa-senhora\/\"]}]},{\"@type\":\"ImageObject\",\"inLanguage\":\"en-GB\",\"@id\":\"https:\/\/irinasb.com\/produto\/pulseira-perolas-e-nossa-senhora\/#primaryimage\",\"url\":\"https:\/\/irinasb.com\/wp-content\/uploads\/2025\/11\/pulseira-perolas-e-nossa-senhora2.jpg\",\"contentUrl\":\"https:\/\/irinasb.com\/wp-content\/uploads\/2025\/11\/pulseira-perolas-e-nossa-senhora2.jpg\",\"width\":800,\"height\":925},{\"@type\":\"BreadcrumbList\",\"@id\":\"https:\/\/irinasb.com\/produto\/pulseira-perolas-e-nossa-senhora\/#breadcrumb\",\"itemListElement\":[{\"@type\":\"ListItem\",\"position\":1,\"name\":\"Home\",\"item\":\"https:\/\/irinasb.com\/\"},{\"@type\":\"ListItem\",\"position\":2,\"name\":\"Loja\",\"item\":\"https:\/\/irinasb.com\/loja\/\"},{\"@type\":\"ListItem\",\"position\":3,\"name\":\"Pulseira P\u00e9rolas e Nossa Senhora\"}]},{\"@type\":\"WebSite\",\"@id\":\"https:\/\/irinasb.com\/#website\",\"url\":\"https:\/\/irinasb.com\/\",\"name\":\"IrinasB\",\"description\":\"Handmade Dreams\",\"publisher\":{\"@id\":\"https:\/\/irinasb.com\/#organization\"},\"potentialAction\":[{\"@type\":\"SearchAction\",\"target\":{\"@type\":\"EntryPoint\",\"urlTemplate\":\"https:\/\/irinasb.com\/?s={search_term_string}\"},\"query-input\":{\"@type\":\"PropertyValueSpecification\",\"valueRequired\":true,\"valueName\":\"search_term_string\"}}],\"inLanguage\":\"en-GB\"},{\"@type\":\"Organization\",\"@id\":\"https:\/\/irinasb.com\/#organization\",\"name\":\"IrinasB\",\"url\":\"https:\/\/irinasb.com\/\",\"logo\":{\"@type\":\"ImageObject\",\"inLanguage\":\"en-GB\",\"@id\":\"https:\/\/irinasb.com\/#\/schema\/logo\/image\/\",\"url\":\"https:\/\/irinasb.com\/wp-content\/uploads\/2016\/11\/logo.fw_.png\",\"contentUrl\":\"https:\/\/irinasb.com\/wp-content\/uploads\/2016\/11\/logo.fw_.png\",\"width\":900,\"height\":453,\"caption\":\"IrinasB\"},\"image\":{\"@id\":\"https:\/\/irinasb.com\/#\/schema\/logo\/image\/\"}}]}<\/script>\n<!-- \/ Yoast SEO plugin. -->","yoast_head_json":{"title":"Pulseira P\u00e9rolas e Nossa Senhora - IrinasB","description":"Pulseira ajust\u00e1vel com fio de algod\u00e3o dourado, p\u00e9rolas de resina e pendente com Nossa Senhora.","robots":{"index":"index","follow":"follow","max-snippet":"max-snippet:-1","max-image-preview":"max-image-preview:large","max-video-preview":"max-video-preview:-1"},"canonical":"https:\/\/irinasb.com\/en\/product\/pulseira-perolas-e-nossa-senhora\/","og_locale":"en_GB","og_type":"article","og_title":"Pulseira P\u00e9rolas e Nossa Senhora - IrinasB","og_description":"Pulseira ajust\u00e1vel com fio de algod\u00e3o dourado, p\u00e9rolas de resina e pendente com Nossa Senhora.","og_url":"https:\/\/irinasb.com\/en\/product\/pulseira-perolas-e-nossa-senhora\/","og_site_name":"IrinasB","article_modified_time":"2026-04-04T09:48:58+00:00","og_image":[{"width":800,"height":925,"url":"https:\/\/irinasb.com\/wp-content\/uploads\/2025\/11\/pulseira-perolas-e-nossa-senhora2.jpg","type":"image\/jpeg"}],"twitter_card":"summary_large_image","twitter_misc":{"Estimated reading time":"1 minute"},"schema":{"@context":"https:\/\/schema.org","@graph":[{"@type":"WebPage","@id":"https:\/\/irinasb.com\/produto\/pulseira-perolas-e-nossa-senhora\/","url":"https:\/\/irinasb.com\/produto\/pulseira-perolas-e-nossa-senhora\/","name":"Pulseira P\u00e9rolas e Nossa Senhora - IrinasB","isPartOf":{"@id":"https:\/\/irinasb.com\/#website"},"primaryImageOfPage":{"@id":"https:\/\/irinasb.com\/produto\/pulseira-perolas-e-nossa-senhora\/#primaryimage"},"image":{"@id":"https:\/\/irinasb.com\/produto\/pulseira-perolas-e-nossa-senhora\/#primaryimage"},"thumbnailUrl":"https:\/\/irinasb.com\/wp-content\/uploads\/2025\/11\/pulseira-perolas-e-nossa-senhora2.jpg","datePublished":"2025-11-16T20:23:12+00:00","dateModified":"2026-04-04T09:48:58+00:00","description":"Pulseira ajust\u00e1vel com fio de algod\u00e3o dourado, p\u00e9rolas de resina e pendente com Nossa Senhora.","breadcrumb":{"@id":"https:\/\/irinasb.com\/produto\/pulseira-perolas-e-nossa-senhora\/#breadcrumb"},"inLanguage":"en-GB","potentialAction":[{"@type":"ReadAction","target":["https:\/\/irinasb.com\/produto\/pulseira-perolas-e-nossa-senhora\/"]}]},{"@type":"ImageObject","inLanguage":"en-GB","@id":"https:\/\/irinasb.com\/produto\/pulseira-perolas-e-nossa-senhora\/#primaryimage","url":"https:\/\/irinasb.com\/wp-content\/uploads\/2025\/11\/pulseira-perolas-e-nossa-senhora2.jpg","contentUrl":"https:\/\/irinasb.com\/wp-content\/uploads\/2025\/11\/pulseira-perolas-e-nossa-senhora2.jpg","width":800,"height":925},{"@type":"BreadcrumbList","@id":"https:\/\/irinasb.com\/produto\/pulseira-perolas-e-nossa-senhora\/#breadcrumb","itemListElement":[{"@type":"ListItem","position":1,"name":"Home","item":"https:\/\/irinasb.com\/"},{"@type":"ListItem","position":2,"name":"Loja","item":"https:\/\/irinasb.com\/loja\/"},{"@type":"ListItem","position":3,"name":"Pulseira P\u00e9rolas e Nossa Senhora"}]},{"@type":"WebSite","@id":"https:\/\/irinasb.com\/#website","url":"https:\/\/irinasb.com\/","name":"IrinasB","description":"Handmade Dreams","publisher":{"@id":"https:\/\/irinasb.com\/#organization"},"potentialAction":[{"@type":"SearchAction","target":{"@type":"EntryPoint","urlTemplate":"https:\/\/irinasb.com\/?s={search_term_string}"},"query-input":{"@type":"PropertyValueSpecification","valueRequired":true,"valueName":"search_term_string"}}],"inLanguage":"en-GB"},{"@type":"Organization","@id":"https:\/\/irinasb.com\/#organization","name":"IrinasB","url":"https:\/\/irinasb.com\/","logo":{"@type":"ImageObject","inLanguage":"en-GB","@id":"https:\/\/irinasb.com\/#\/schema\/logo\/image\/","url":"https:\/\/irinasb.com\/wp-content\/uploads\/2016\/11\/logo.fw_.png","contentUrl":"https:\/\/irinasb.com\/wp-content\/uploads\/2016\/11\/logo.fw_.png","width":900,"height":453,"caption":"IrinasB"},"image":{"@id":"https:\/\/irinasb.com\/#\/schema\/logo\/image\/"}}]}},"_links":{"self":[{"href":"https:\/\/irinasb.com\/en\/wp-json\/wp\/v2\/product\/32175","targetHints":{"allow":["GET"]}}],"collection":[{"href":"https:\/\/irinasb.com\/en\/wp-json\/wp\/v2\/product"}],"about":[{"href":"https:\/\/irinasb.com\/en\/wp-json\/wp\/v2\/types\/product"}],"replies":[{"embeddable":true,"href":"https:\/\/irinasb.com\/en\/wp-json\/wp\/v2\/comments?post=32175"}],"wp:featuredmedia":[{"embeddable":true,"href":"https:\/\/irinasb.com\/en\/wp-json\/wp\/v2\/media\/32176"}],"wp:attachment":[{"href":"https:\/\/irinasb.com\/en\/wp-json\/wp\/v2\/media?parent=32175"}],"wp:term":[{"taxonomy":"product_brand","embeddable":true,"href":"https:\/\/irinasb.com\/en\/wp-json\/wp\/v2\/product_brand?post=32175"},{"taxonomy":"product_cat","embeddable":true,"href":"https:\/\/irinasb.com\/en\/wp-json\/wp\/v2\/product_cat?post=32175"},{"taxonomy":"product_tag","embeddable":true,"href":"https:\/\/irinasb.com\/en\/wp-json\/wp\/v2\/product_tag?post=32175"}],"curies":[{"name":"wp","href":"https:\/\/api.w.org\/{rel}","templated":true}]}}