{"id":32172,"date":"2025-11-16T20:18:23","date_gmt":"2025-11-16T20:18:23","guid":{"rendered":"https:\/\/irinasb.com\/?post_type=product&#038;p=32172"},"modified":"2026-01-15T17:48:16","modified_gmt":"2026-01-15T17:48:16","slug":"pulseira-perolas-e-libelinha","status":"publish","type":"product","link":"https:\/\/irinasb.com\/en\/product\/pulseira-perolas-e-libelinha\/","title":{"rendered":"Pulseira P\u00e9rolas e Libelinha"},"content":{"rendered":"<ul data-start=\"313\" data-end=\"538\">\n<li data-start=\"313\" data-end=\"357\">\n<p data-start=\"315\" data-end=\"357\">P\u00e9rolas de resina com brilho cl\u00e1ssico e intemporal<\/p>\n<\/li>\n<li data-start=\"358\" data-end=\"428\">\n<p data-start=\"360\" data-end=\"428\">Libelinha em a\u00e7o que simboliza leveza, transforma\u00e7\u00e3o e liberdade<\/p>\n<\/li>\n<li data-start=\"429\" data-end=\"481\">\n<p data-start=\"431\" data-end=\"481\">Ajust\u00e1vel, confort\u00e1vel e ideal para o uso di\u00e1rio<\/p>\n<\/li>\n<li data-start=\"482\" data-end=\"538\">\n<p data-start=\"484\" data-end=\"538\">Fica linda sozinha ou combinada com outras pulseiras<\/p>\n<\/li>\n<\/ul>\n<p data-start=\"540\" data-end=\"798\" data-is-last-node=\"\" data-is-only-node=\"\"><strong data-start=\"540\" data-end=\"575\">Por Que Escolher Esta Pulseira?<\/strong><br data-start=\"575\" data-end=\"578\" \/>\u00c9 uma pe\u00e7a jovem, especial e repleta de significado. Perfeita para quem aprecia detalhes delicados e quer trazer mais leveza e beleza ao look \u2014 ou para oferecer a algu\u00e9m que goste de acess\u00f3rios simb\u00f3licos e inspiradores.<\/p>","protected":false},"excerpt":{"rendered":"<p>Esta pulseira junta a delicadeza das p\u00e9rolas ao charme simb\u00f3lico de uma libelinha. Uma pe\u00e7a leve e elegante, perfeita para quem adora acess\u00f3rios com um toque rom\u00e2ntico e cheio de boas energias.<\/p>","protected":false},"featured_media":32173,"comment_status":"closed","ping_status":"closed","template":"","meta":[],"product_brand":[],"product_cat":[192],"product_tag":[834,833,773],"class_list":{"0":"post-32172","1":"product","2":"type-product","3":"status-publish","4":"has-post-thumbnail","6":"product_cat-pulseiras","7":"product_tag-libelinha","8":"product_tag-perolas","9":"product_tag-pulseira","11":"first","12":"instock","13":"shipping-taxable","14":"purchasable","15":"product-type-simple"},"yoast_head":"<!-- This site is optimized with the Yoast SEO plugin v26.2 - https:\/\/yoast.com\/wordpress\/plugins\/seo\/ -->\n<title>Pulseira P\u00e9rolas e Libelinha - IrinasB<\/title>\n<meta name=\"robots\" content=\"index, follow, max-snippet:-1, max-image-preview:large, max-video-preview:-1\" \/>\n<link rel=\"canonical\" href=\"https:\/\/irinasb.com\/en\/product\/pulseira-perolas-e-libelinha\/\" \/>\n<meta property=\"og:locale\" content=\"en_GB\" \/>\n<meta property=\"og:type\" content=\"article\" \/>\n<meta property=\"og:title\" content=\"Pulseira P\u00e9rolas e Libelinha - IrinasB\" \/>\n<meta property=\"og:description\" content=\"Esta pulseira junta a delicadeza das p\u00e9rolas ao charme simb\u00f3lico de uma libelinha. Uma pe\u00e7a leve e elegante, perfeita para quem adora acess\u00f3rios com um toque rom\u00e2ntico e cheio de boas energias.\" \/>\n<meta property=\"og:url\" content=\"https:\/\/irinasb.com\/en\/product\/pulseira-perolas-e-libelinha\/\" \/>\n<meta property=\"og:site_name\" content=\"IrinasB\" \/>\n<meta property=\"article:modified_time\" content=\"2026-01-15T17:48:16+00:00\" \/>\n<meta property=\"og:image\" content=\"https:\/\/irinasb.com\/wp-content\/uploads\/2025\/11\/Pulseira-perolas-libelinha2.jpg\" \/>\n\t<meta property=\"og:image:width\" content=\"800\" \/>\n\t<meta property=\"og:image:height\" content=\"930\" \/>\n\t<meta property=\"og:image:type\" content=\"image\/jpeg\" \/>\n<meta name=\"twitter:card\" content=\"summary_large_image\" \/>\n<meta name=\"twitter:label1\" content=\"Estimated reading time\" \/>\n\t<meta name=\"twitter:data1\" content=\"1 minute\" \/>\n<script type=\"application\/ld+json\" class=\"yoast-schema-graph\">{\"@context\":\"https:\/\/schema.org\",\"@graph\":[{\"@type\":\"WebPage\",\"@id\":\"https:\/\/irinasb.com\/produto\/pulseira-perolas-e-libelinha\/\",\"url\":\"https:\/\/irinasb.com\/produto\/pulseira-perolas-e-libelinha\/\",\"name\":\"Pulseira P\u00e9rolas e Libelinha - IrinasB\",\"isPartOf\":{\"@id\":\"https:\/\/irinasb.com\/#website\"},\"primaryImageOfPage\":{\"@id\":\"https:\/\/irinasb.com\/produto\/pulseira-perolas-e-libelinha\/#primaryimage\"},\"image\":{\"@id\":\"https:\/\/irinasb.com\/produto\/pulseira-perolas-e-libelinha\/#primaryimage\"},\"thumbnailUrl\":\"https:\/\/irinasb.com\/wp-content\/uploads\/2025\/11\/Pulseira-perolas-libelinha2.jpg\",\"datePublished\":\"2025-11-16T20:18:23+00:00\",\"dateModified\":\"2026-01-15T17:48:16+00:00\",\"breadcrumb\":{\"@id\":\"https:\/\/irinasb.com\/produto\/pulseira-perolas-e-libelinha\/#breadcrumb\"},\"inLanguage\":\"en-GB\",\"potentialAction\":[{\"@type\":\"ReadAction\",\"target\":[\"https:\/\/irinasb.com\/produto\/pulseira-perolas-e-libelinha\/\"]}]},{\"@type\":\"ImageObject\",\"inLanguage\":\"en-GB\",\"@id\":\"https:\/\/irinasb.com\/produto\/pulseira-perolas-e-libelinha\/#primaryimage\",\"url\":\"https:\/\/irinasb.com\/wp-content\/uploads\/2025\/11\/Pulseira-perolas-libelinha2.jpg\",\"contentUrl\":\"https:\/\/irinasb.com\/wp-content\/uploads\/2025\/11\/Pulseira-perolas-libelinha2.jpg\",\"width\":800,\"height\":930},{\"@type\":\"BreadcrumbList\",\"@id\":\"https:\/\/irinasb.com\/produto\/pulseira-perolas-e-libelinha\/#breadcrumb\",\"itemListElement\":[{\"@type\":\"ListItem\",\"position\":1,\"name\":\"Home\",\"item\":\"https:\/\/irinasb.com\/\"},{\"@type\":\"ListItem\",\"position\":2,\"name\":\"Loja\",\"item\":\"https:\/\/irinasb.com\/loja\/\"},{\"@type\":\"ListItem\",\"position\":3,\"name\":\"Pulseira P\u00e9rolas e Libelinha\"}]},{\"@type\":\"WebSite\",\"@id\":\"https:\/\/irinasb.com\/#website\",\"url\":\"https:\/\/irinasb.com\/\",\"name\":\"IrinasB\",\"description\":\"Handmade Dreams\",\"publisher\":{\"@id\":\"https:\/\/irinasb.com\/#organization\"},\"potentialAction\":[{\"@type\":\"SearchAction\",\"target\":{\"@type\":\"EntryPoint\",\"urlTemplate\":\"https:\/\/irinasb.com\/?s={search_term_string}\"},\"query-input\":{\"@type\":\"PropertyValueSpecification\",\"valueRequired\":true,\"valueName\":\"search_term_string\"}}],\"inLanguage\":\"en-GB\"},{\"@type\":\"Organization\",\"@id\":\"https:\/\/irinasb.com\/#organization\",\"name\":\"IrinasB\",\"url\":\"https:\/\/irinasb.com\/\",\"logo\":{\"@type\":\"ImageObject\",\"inLanguage\":\"en-GB\",\"@id\":\"https:\/\/irinasb.com\/#\/schema\/logo\/image\/\",\"url\":\"https:\/\/irinasb.com\/wp-content\/uploads\/2016\/11\/logo.fw_.png\",\"contentUrl\":\"https:\/\/irinasb.com\/wp-content\/uploads\/2016\/11\/logo.fw_.png\",\"width\":900,\"height\":453,\"caption\":\"IrinasB\"},\"image\":{\"@id\":\"https:\/\/irinasb.com\/#\/schema\/logo\/image\/\"}}]}<\/script>\n<!-- \/ Yoast SEO plugin. -->","yoast_head_json":{"title":"Pulseira P\u00e9rolas e Libelinha - IrinasB","robots":{"index":"index","follow":"follow","max-snippet":"max-snippet:-1","max-image-preview":"max-image-preview:large","max-video-preview":"max-video-preview:-1"},"canonical":"https:\/\/irinasb.com\/en\/product\/pulseira-perolas-e-libelinha\/","og_locale":"en_GB","og_type":"article","og_title":"Pulseira P\u00e9rolas e Libelinha - IrinasB","og_description":"Esta pulseira junta a delicadeza das p\u00e9rolas ao charme simb\u00f3lico de uma libelinha. Uma pe\u00e7a leve e elegante, perfeita para quem adora acess\u00f3rios com um toque rom\u00e2ntico e cheio de boas energias.","og_url":"https:\/\/irinasb.com\/en\/product\/pulseira-perolas-e-libelinha\/","og_site_name":"IrinasB","article_modified_time":"2026-01-15T17:48:16+00:00","og_image":[{"width":800,"height":930,"url":"https:\/\/irinasb.com\/wp-content\/uploads\/2025\/11\/Pulseira-perolas-libelinha2.jpg","type":"image\/jpeg"}],"twitter_card":"summary_large_image","twitter_misc":{"Estimated reading time":"1 minute"},"schema":{"@context":"https:\/\/schema.org","@graph":[{"@type":"WebPage","@id":"https:\/\/irinasb.com\/produto\/pulseira-perolas-e-libelinha\/","url":"https:\/\/irinasb.com\/produto\/pulseira-perolas-e-libelinha\/","name":"Pulseira P\u00e9rolas e Libelinha - IrinasB","isPartOf":{"@id":"https:\/\/irinasb.com\/#website"},"primaryImageOfPage":{"@id":"https:\/\/irinasb.com\/produto\/pulseira-perolas-e-libelinha\/#primaryimage"},"image":{"@id":"https:\/\/irinasb.com\/produto\/pulseira-perolas-e-libelinha\/#primaryimage"},"thumbnailUrl":"https:\/\/irinasb.com\/wp-content\/uploads\/2025\/11\/Pulseira-perolas-libelinha2.jpg","datePublished":"2025-11-16T20:18:23+00:00","dateModified":"2026-01-15T17:48:16+00:00","breadcrumb":{"@id":"https:\/\/irinasb.com\/produto\/pulseira-perolas-e-libelinha\/#breadcrumb"},"inLanguage":"en-GB","potentialAction":[{"@type":"ReadAction","target":["https:\/\/irinasb.com\/produto\/pulseira-perolas-e-libelinha\/"]}]},{"@type":"ImageObject","inLanguage":"en-GB","@id":"https:\/\/irinasb.com\/produto\/pulseira-perolas-e-libelinha\/#primaryimage","url":"https:\/\/irinasb.com\/wp-content\/uploads\/2025\/11\/Pulseira-perolas-libelinha2.jpg","contentUrl":"https:\/\/irinasb.com\/wp-content\/uploads\/2025\/11\/Pulseira-perolas-libelinha2.jpg","width":800,"height":930},{"@type":"BreadcrumbList","@id":"https:\/\/irinasb.com\/produto\/pulseira-perolas-e-libelinha\/#breadcrumb","itemListElement":[{"@type":"ListItem","position":1,"name":"Home","item":"https:\/\/irinasb.com\/"},{"@type":"ListItem","position":2,"name":"Loja","item":"https:\/\/irinasb.com\/loja\/"},{"@type":"ListItem","position":3,"name":"Pulseira P\u00e9rolas e Libelinha"}]},{"@type":"WebSite","@id":"https:\/\/irinasb.com\/#website","url":"https:\/\/irinasb.com\/","name":"IrinasB","description":"Handmade Dreams","publisher":{"@id":"https:\/\/irinasb.com\/#organization"},"potentialAction":[{"@type":"SearchAction","target":{"@type":"EntryPoint","urlTemplate":"https:\/\/irinasb.com\/?s={search_term_string}"},"query-input":{"@type":"PropertyValueSpecification","valueRequired":true,"valueName":"search_term_string"}}],"inLanguage":"en-GB"},{"@type":"Organization","@id":"https:\/\/irinasb.com\/#organization","name":"IrinasB","url":"https:\/\/irinasb.com\/","logo":{"@type":"ImageObject","inLanguage":"en-GB","@id":"https:\/\/irinasb.com\/#\/schema\/logo\/image\/","url":"https:\/\/irinasb.com\/wp-content\/uploads\/2016\/11\/logo.fw_.png","contentUrl":"https:\/\/irinasb.com\/wp-content\/uploads\/2016\/11\/logo.fw_.png","width":900,"height":453,"caption":"IrinasB"},"image":{"@id":"https:\/\/irinasb.com\/#\/schema\/logo\/image\/"}}]}},"_links":{"self":[{"href":"https:\/\/irinasb.com\/en\/wp-json\/wp\/v2\/product\/32172","targetHints":{"allow":["GET"]}}],"collection":[{"href":"https:\/\/irinasb.com\/en\/wp-json\/wp\/v2\/product"}],"about":[{"href":"https:\/\/irinasb.com\/en\/wp-json\/wp\/v2\/types\/product"}],"replies":[{"embeddable":true,"href":"https:\/\/irinasb.com\/en\/wp-json\/wp\/v2\/comments?post=32172"}],"wp:featuredmedia":[{"embeddable":true,"href":"https:\/\/irinasb.com\/en\/wp-json\/wp\/v2\/media\/32173"}],"wp:attachment":[{"href":"https:\/\/irinasb.com\/en\/wp-json\/wp\/v2\/media?parent=32172"}],"wp:term":[{"taxonomy":"product_brand","embeddable":true,"href":"https:\/\/irinasb.com\/en\/wp-json\/wp\/v2\/product_brand?post=32172"},{"taxonomy":"product_cat","embeddable":true,"href":"https:\/\/irinasb.com\/en\/wp-json\/wp\/v2\/product_cat?post=32172"},{"taxonomy":"product_tag","embeddable":true,"href":"https:\/\/irinasb.com\/en\/wp-json\/wp\/v2\/product_tag?post=32172"}],"curies":[{"name":"wp","href":"https:\/\/api.w.org\/{rel}","templated":true}]}}