{"id":32167,"date":"2025-11-16T19:22:26","date_gmt":"2025-11-16T19:22:26","guid":{"rendered":"https:\/\/irinasb.com\/?post_type=product&#038;p=32167"},"modified":"2026-04-10T21:22:15","modified_gmt":"2026-04-10T21:22:15","slug":"pulseira-perolas-e-trevo","status":"publish","type":"product","link":"https:\/\/irinasb.com\/en\/product\/pulseira-perolas-e-trevo\/","title":{"rendered":"Pulseira P\u00e9rolas e Trevo"},"content":{"rendered":"<ul data-start=\"324\" data-end=\"519\">\n<li data-start=\"324\" data-end=\"370\">\n<p data-start=\"326\" data-end=\"370\">P\u00e9rolas de resina delicadas para um visual atemporal<\/p>\n<\/li>\n<li data-start=\"371\" data-end=\"413\">\n<p data-start=\"373\" data-end=\"413\">Trevo como s\u00edmbolo de sorte<\/p>\n<\/li>\n<li data-start=\"414\" data-end=\"458\">\n<p data-start=\"416\" data-end=\"458\">Design ajust\u00e1vel para um uso confort\u00e1vel<\/p>\n<\/li>\n<li data-start=\"459\" data-end=\"519\">\n<p data-start=\"461\" data-end=\"519\">Ideal para combinar com outras pulseiras ou usar sozinha<\/p>\n<\/li>\n<\/ul>\n<p data-start=\"521\" data-end=\"742\"><strong data-start=\"521\" data-end=\"556\">Por Que Escolher Esta Pulseira?<\/strong><br data-start=\"556\" data-end=\"559\" \/>\u00c9 uma pe\u00e7a sofisticada e simb\u00f3lica, perfeita para quem valoriza acess\u00f3rios com significado. Um presente encantador para si ou para algu\u00e9m especial, que reflete estilo e sensibilidade.<\/p>","protected":false},"excerpt":{"rendered":"<p>Esta pulseira combina a pureza das p\u00e9rolas com a presen\u00e7a de um trevo da boa sorte. Uma pe\u00e7a feminina e suave, pensada para quem gosta de acess\u00f3rios com significado e um toque de eleg\u00e2ncia.<\/p>","protected":false},"featured_media":32169,"comment_status":"closed","ping_status":"closed","template":"","meta":[],"product_brand":[],"product_cat":[192],"product_tag":[833,773,586],"class_list":{"0":"post-32167","1":"product","2":"type-product","3":"status-publish","4":"has-post-thumbnail","6":"product_cat-pulseiras","7":"product_tag-perolas","8":"product_tag-pulseira","9":"product_tag-trevo","11":"first","12":"instock","13":"shipping-taxable","14":"purchasable","15":"product-type-simple"},"yoast_head":"<!-- This site is optimized with the Yoast SEO plugin v26.2 - https:\/\/yoast.com\/wordpress\/plugins\/seo\/ -->\n<title>Pulseira P\u00e9rolas e Trevo - IrinasB<\/title>\n<meta name=\"robots\" content=\"index, follow, max-snippet:-1, max-image-preview:large, max-video-preview:-1\" \/>\n<link rel=\"canonical\" href=\"https:\/\/irinasb.com\/en\/product\/pulseira-perolas-e-trevo\/\" \/>\n<meta property=\"og:locale\" content=\"en_GB\" \/>\n<meta property=\"og:type\" content=\"article\" \/>\n<meta property=\"og:title\" content=\"Pulseira P\u00e9rolas e Trevo - IrinasB\" \/>\n<meta property=\"og:description\" content=\"Esta pulseira combina a pureza das p\u00e9rolas com a presen\u00e7a de um trevo da boa sorte. Uma pe\u00e7a feminina e suave, pensada para quem gosta de acess\u00f3rios com significado e um toque de eleg\u00e2ncia.\" \/>\n<meta property=\"og:url\" content=\"https:\/\/irinasb.com\/en\/product\/pulseira-perolas-e-trevo\/\" \/>\n<meta property=\"og:site_name\" content=\"IrinasB\" \/>\n<meta property=\"article:modified_time\" content=\"2026-04-10T21:22:15+00:00\" \/>\n<meta property=\"og:image\" content=\"https:\/\/irinasb.com\/wp-content\/uploads\/2025\/11\/pulseira-perolas-e-trevo2.jpg\" \/>\n\t<meta property=\"og:image:width\" content=\"800\" \/>\n\t<meta property=\"og:image:height\" content=\"936\" \/>\n\t<meta property=\"og:image:type\" content=\"image\/jpeg\" \/>\n<meta name=\"twitter:card\" content=\"summary_large_image\" \/>\n<meta name=\"twitter:label1\" content=\"Estimated reading time\" \/>\n\t<meta name=\"twitter:data1\" content=\"1 minute\" \/>\n<script type=\"application\/ld+json\" class=\"yoast-schema-graph\">{\"@context\":\"https:\/\/schema.org\",\"@graph\":[{\"@type\":\"WebPage\",\"@id\":\"https:\/\/irinasb.com\/produto\/pulseira-perolas-e-trevo\/\",\"url\":\"https:\/\/irinasb.com\/produto\/pulseira-perolas-e-trevo\/\",\"name\":\"Pulseira P\u00e9rolas e Trevo - IrinasB\",\"isPartOf\":{\"@id\":\"https:\/\/irinasb.com\/#website\"},\"primaryImageOfPage\":{\"@id\":\"https:\/\/irinasb.com\/produto\/pulseira-perolas-e-trevo\/#primaryimage\"},\"image\":{\"@id\":\"https:\/\/irinasb.com\/produto\/pulseira-perolas-e-trevo\/#primaryimage\"},\"thumbnailUrl\":\"https:\/\/irinasb.com\/wp-content\/uploads\/2025\/11\/pulseira-perolas-e-trevo2.jpg\",\"datePublished\":\"2025-11-16T19:22:26+00:00\",\"dateModified\":\"2026-04-10T21:22:15+00:00\",\"breadcrumb\":{\"@id\":\"https:\/\/irinasb.com\/produto\/pulseira-perolas-e-trevo\/#breadcrumb\"},\"inLanguage\":\"en-GB\",\"potentialAction\":[{\"@type\":\"ReadAction\",\"target\":[\"https:\/\/irinasb.com\/produto\/pulseira-perolas-e-trevo\/\"]}]},{\"@type\":\"ImageObject\",\"inLanguage\":\"en-GB\",\"@id\":\"https:\/\/irinasb.com\/produto\/pulseira-perolas-e-trevo\/#primaryimage\",\"url\":\"https:\/\/irinasb.com\/wp-content\/uploads\/2025\/11\/pulseira-perolas-e-trevo2.jpg\",\"contentUrl\":\"https:\/\/irinasb.com\/wp-content\/uploads\/2025\/11\/pulseira-perolas-e-trevo2.jpg\",\"width\":800,\"height\":936},{\"@type\":\"BreadcrumbList\",\"@id\":\"https:\/\/irinasb.com\/produto\/pulseira-perolas-e-trevo\/#breadcrumb\",\"itemListElement\":[{\"@type\":\"ListItem\",\"position\":1,\"name\":\"Home\",\"item\":\"https:\/\/irinasb.com\/\"},{\"@type\":\"ListItem\",\"position\":2,\"name\":\"Loja\",\"item\":\"https:\/\/irinasb.com\/loja\/\"},{\"@type\":\"ListItem\",\"position\":3,\"name\":\"Pulseira P\u00e9rolas e Trevo\"}]},{\"@type\":\"WebSite\",\"@id\":\"https:\/\/irinasb.com\/#website\",\"url\":\"https:\/\/irinasb.com\/\",\"name\":\"IrinasB\",\"description\":\"Handmade Dreams\",\"publisher\":{\"@id\":\"https:\/\/irinasb.com\/#organization\"},\"potentialAction\":[{\"@type\":\"SearchAction\",\"target\":{\"@type\":\"EntryPoint\",\"urlTemplate\":\"https:\/\/irinasb.com\/?s={search_term_string}\"},\"query-input\":{\"@type\":\"PropertyValueSpecification\",\"valueRequired\":true,\"valueName\":\"search_term_string\"}}],\"inLanguage\":\"en-GB\"},{\"@type\":\"Organization\",\"@id\":\"https:\/\/irinasb.com\/#organization\",\"name\":\"IrinasB\",\"url\":\"https:\/\/irinasb.com\/\",\"logo\":{\"@type\":\"ImageObject\",\"inLanguage\":\"en-GB\",\"@id\":\"https:\/\/irinasb.com\/#\/schema\/logo\/image\/\",\"url\":\"https:\/\/irinasb.com\/wp-content\/uploads\/2016\/11\/logo.fw_.png\",\"contentUrl\":\"https:\/\/irinasb.com\/wp-content\/uploads\/2016\/11\/logo.fw_.png\",\"width\":900,\"height\":453,\"caption\":\"IrinasB\"},\"image\":{\"@id\":\"https:\/\/irinasb.com\/#\/schema\/logo\/image\/\"}}]}<\/script>\n<!-- \/ Yoast SEO plugin. -->","yoast_head_json":{"title":"Pulseira P\u00e9rolas e Trevo - IrinasB","robots":{"index":"index","follow":"follow","max-snippet":"max-snippet:-1","max-image-preview":"max-image-preview:large","max-video-preview":"max-video-preview:-1"},"canonical":"https:\/\/irinasb.com\/en\/product\/pulseira-perolas-e-trevo\/","og_locale":"en_GB","og_type":"article","og_title":"Pulseira P\u00e9rolas e Trevo - IrinasB","og_description":"Esta pulseira combina a pureza das p\u00e9rolas com a presen\u00e7a de um trevo da boa sorte. Uma pe\u00e7a feminina e suave, pensada para quem gosta de acess\u00f3rios com significado e um toque de eleg\u00e2ncia.","og_url":"https:\/\/irinasb.com\/en\/product\/pulseira-perolas-e-trevo\/","og_site_name":"IrinasB","article_modified_time":"2026-04-10T21:22:15+00:00","og_image":[{"width":800,"height":936,"url":"https:\/\/irinasb.com\/wp-content\/uploads\/2025\/11\/pulseira-perolas-e-trevo2.jpg","type":"image\/jpeg"}],"twitter_card":"summary_large_image","twitter_misc":{"Estimated reading time":"1 minute"},"schema":{"@context":"https:\/\/schema.org","@graph":[{"@type":"WebPage","@id":"https:\/\/irinasb.com\/produto\/pulseira-perolas-e-trevo\/","url":"https:\/\/irinasb.com\/produto\/pulseira-perolas-e-trevo\/","name":"Pulseira P\u00e9rolas e Trevo - IrinasB","isPartOf":{"@id":"https:\/\/irinasb.com\/#website"},"primaryImageOfPage":{"@id":"https:\/\/irinasb.com\/produto\/pulseira-perolas-e-trevo\/#primaryimage"},"image":{"@id":"https:\/\/irinasb.com\/produto\/pulseira-perolas-e-trevo\/#primaryimage"},"thumbnailUrl":"https:\/\/irinasb.com\/wp-content\/uploads\/2025\/11\/pulseira-perolas-e-trevo2.jpg","datePublished":"2025-11-16T19:22:26+00:00","dateModified":"2026-04-10T21:22:15+00:00","breadcrumb":{"@id":"https:\/\/irinasb.com\/produto\/pulseira-perolas-e-trevo\/#breadcrumb"},"inLanguage":"en-GB","potentialAction":[{"@type":"ReadAction","target":["https:\/\/irinasb.com\/produto\/pulseira-perolas-e-trevo\/"]}]},{"@type":"ImageObject","inLanguage":"en-GB","@id":"https:\/\/irinasb.com\/produto\/pulseira-perolas-e-trevo\/#primaryimage","url":"https:\/\/irinasb.com\/wp-content\/uploads\/2025\/11\/pulseira-perolas-e-trevo2.jpg","contentUrl":"https:\/\/irinasb.com\/wp-content\/uploads\/2025\/11\/pulseira-perolas-e-trevo2.jpg","width":800,"height":936},{"@type":"BreadcrumbList","@id":"https:\/\/irinasb.com\/produto\/pulseira-perolas-e-trevo\/#breadcrumb","itemListElement":[{"@type":"ListItem","position":1,"name":"Home","item":"https:\/\/irinasb.com\/"},{"@type":"ListItem","position":2,"name":"Loja","item":"https:\/\/irinasb.com\/loja\/"},{"@type":"ListItem","position":3,"name":"Pulseira P\u00e9rolas e Trevo"}]},{"@type":"WebSite","@id":"https:\/\/irinasb.com\/#website","url":"https:\/\/irinasb.com\/","name":"IrinasB","description":"Handmade Dreams","publisher":{"@id":"https:\/\/irinasb.com\/#organization"},"potentialAction":[{"@type":"SearchAction","target":{"@type":"EntryPoint","urlTemplate":"https:\/\/irinasb.com\/?s={search_term_string}"},"query-input":{"@type":"PropertyValueSpecification","valueRequired":true,"valueName":"search_term_string"}}],"inLanguage":"en-GB"},{"@type":"Organization","@id":"https:\/\/irinasb.com\/#organization","name":"IrinasB","url":"https:\/\/irinasb.com\/","logo":{"@type":"ImageObject","inLanguage":"en-GB","@id":"https:\/\/irinasb.com\/#\/schema\/logo\/image\/","url":"https:\/\/irinasb.com\/wp-content\/uploads\/2016\/11\/logo.fw_.png","contentUrl":"https:\/\/irinasb.com\/wp-content\/uploads\/2016\/11\/logo.fw_.png","width":900,"height":453,"caption":"IrinasB"},"image":{"@id":"https:\/\/irinasb.com\/#\/schema\/logo\/image\/"}}]}},"_links":{"self":[{"href":"https:\/\/irinasb.com\/en\/wp-json\/wp\/v2\/product\/32167","targetHints":{"allow":["GET"]}}],"collection":[{"href":"https:\/\/irinasb.com\/en\/wp-json\/wp\/v2\/product"}],"about":[{"href":"https:\/\/irinasb.com\/en\/wp-json\/wp\/v2\/types\/product"}],"replies":[{"embeddable":true,"href":"https:\/\/irinasb.com\/en\/wp-json\/wp\/v2\/comments?post=32167"}],"wp:featuredmedia":[{"embeddable":true,"href":"https:\/\/irinasb.com\/en\/wp-json\/wp\/v2\/media\/32169"}],"wp:attachment":[{"href":"https:\/\/irinasb.com\/en\/wp-json\/wp\/v2\/media?parent=32167"}],"wp:term":[{"taxonomy":"product_brand","embeddable":true,"href":"https:\/\/irinasb.com\/en\/wp-json\/wp\/v2\/product_brand?post=32167"},{"taxonomy":"product_cat","embeddable":true,"href":"https:\/\/irinasb.com\/en\/wp-json\/wp\/v2\/product_cat?post=32167"},{"taxonomy":"product_tag","embeddable":true,"href":"https:\/\/irinasb.com\/en\/wp-json\/wp\/v2\/product_tag?post=32167"}],"curies":[{"name":"wp","href":"https:\/\/api.w.org\/{rel}","templated":true}]}}