{"id":32117,"date":"2025-11-14T15:21:59","date_gmt":"2025-11-14T15:21:59","guid":{"rendered":"https:\/\/irinasb.com\/?post_type=product&#038;p=32117"},"modified":"2026-03-12T21:05:57","modified_gmt":"2026-03-12T21:05:57","slug":"colar-com-pedra-agata","status":"publish","type":"product","link":"https:\/\/irinasb.com\/en\/product\/colar-com-pedra-agata\/","title":{"rendered":"Colar com Pedra \u00c1gata"},"content":{"rendered":"<p>Descubra a beleza intemporal e a energia poderosa da <strong data-start=\"265\" data-end=\"274\">\u00e1gata<\/strong> com este colar sofisticado. A pedra \u00e1gata, conhecida pelos seus padr\u00f5es em camadas \u00fanicas, traz um toque natural e elegante que complementa qualquer estilo.<\/p>\n<h4 data-start=\"531\" data-end=\"555\">Caracter\u00edsticas<\/h4>\n<ul data-start=\"556\" data-end=\"903\">\n<li data-start=\"556\" data-end=\"647\">\n<p data-start=\"558\" data-end=\"647\">Pedra: <strong data-start=\"565\" data-end=\"582\">\u00c1gata natural<\/strong> (calced\u00f4nia com bandas)<\/p>\n<\/li>\n<li data-start=\"648\" data-end=\"758\">\n<p data-start=\"650\" data-end=\"758\">Material: pedras naturais rosa e pendente pedra \u00e1gata<\/p>\n<\/li>\n<li data-start=\"759\" data-end=\"803\">\n<p data-start=\"761\" data-end=\"803\">Estilo: cl\u00e1ssico e org\u00e2nico<\/p>\n<\/li>\n<li data-start=\"804\" data-end=\"854\">\n<p data-start=\"806\" data-end=\"854\">Comprimento: aproximadamente 45 cm<\/p>\n<\/li>\n<li data-start=\"855\" data-end=\"903\">\n<p data-start=\"857\" data-end=\"903\">Fecho: em a\u00e7o inoxid\u00e1vel<\/p>\n<\/li>\n<\/ul>\n<h3 data-start=\"910\" data-end=\"938\">Porque deve comprar<\/h3>\n<ul data-start=\"939\" data-end=\"1740\">\n<li data-start=\"939\" data-end=\"1144\">\n<p data-start=\"941\" data-end=\"1144\"><strong data-start=\"941\" data-end=\"989\">Equil\u00edbrio emocional e estabilidade interior<\/strong>: a \u00e1gata \u00e9 frequentemente usada como pedra de enraizamento, ajudando a acalmar a mente e a fortalecer a confian\u00e7a.<\/p>\n<\/li>\n<li data-start=\"1145\" data-end=\"1281\">\n<p data-start=\"1147\" data-end=\"1281\"><strong data-start=\"1147\" data-end=\"1170\">Prote\u00e7\u00e3o energ\u00e9tica<\/strong>: acredita-se que neutraliza energias negativas e protege o utilizador.<\/p>\n<\/li>\n<li data-start=\"1282\" data-end=\"1436\">\n<p data-start=\"1284\" data-end=\"1436\"><strong data-start=\"1284\" data-end=\"1309\">Clareza mental e foco<\/strong>: promove concentra\u00e7\u00e3o e an\u00e1lise, ideal para momentos em que precisa de estar centrada<\/p>\n<\/li>\n<li data-start=\"1437\" data-end=\"1590\">\n<p data-start=\"1439\" data-end=\"1590\"><strong data-start=\"1439\" data-end=\"1465\">Versatilidade est\u00e9tica<\/strong>: os padr\u00f5es naturais da \u00e1gata tornam cada colar \u00fanico, com uma apar\u00eancia que combina bem com looks casuais e mais formais.<\/p>\n<\/li>\n<li data-start=\"1591\" data-end=\"1740\">\n<p data-start=\"1593\" data-end=\"1740\"><strong data-start=\"1593\" data-end=\"1615\">Joia significativa<\/strong>: al\u00e9m de ser um acess\u00f3rio bonito, tamb\u00e9m \u00e9 um talism\u00e3 simb\u00f3lico, ideal para quem valoriza o significado por tr\u00e1s das pedras.<\/p>\n<\/li>\n<\/ul>","protected":false},"excerpt":{"rendered":"<p>Uma pe\u00e7a perfeita para quem procura uma joia com significado, mas tamb\u00e9m com apelo est\u00e9tico.<\/p>","protected":false},"featured_media":32133,"comment_status":"closed","ping_status":"closed","template":"","meta":[],"product_brand":[],"product_cat":[110],"product_tag":[824,496,485],"class_list":{"0":"post-32117","1":"product","2":"type-product","3":"status-publish","4":"has-post-thumbnail","6":"product_cat-colares","7":"product_tag-agata","8":"product_tag-colar","9":"product_tag-colar-cor-de-rosa","11":"first","12":"instock","13":"shipping-taxable","14":"purchasable","15":"product-type-simple"},"yoast_head":"<!-- This site is optimized with the Yoast SEO plugin v26.2 - https:\/\/yoast.com\/wordpress\/plugins\/seo\/ -->\n<title>Colar com Pedra \u00c1gata - IrinasB<\/title>\n<meta name=\"description\" content=\"Colar Cor de Rosa com Pedra \u00c1gata.\" \/>\n<meta name=\"robots\" content=\"index, follow, max-snippet:-1, max-image-preview:large, max-video-preview:-1\" \/>\n<link rel=\"canonical\" href=\"https:\/\/irinasb.com\/en\/product\/colar-com-pedra-agata\/\" \/>\n<meta property=\"og:locale\" content=\"en_GB\" \/>\n<meta property=\"og:type\" content=\"article\" \/>\n<meta property=\"og:title\" content=\"Colar com Pedra \u00c1gata - IrinasB\" \/>\n<meta property=\"og:description\" content=\"Colar Cor de Rosa com Pedra \u00c1gata.\" \/>\n<meta property=\"og:url\" content=\"https:\/\/irinasb.com\/en\/product\/colar-com-pedra-agata\/\" \/>\n<meta property=\"og:site_name\" content=\"IrinasB\" \/>\n<meta property=\"article:modified_time\" content=\"2026-03-12T21:05:57+00:00\" \/>\n<meta property=\"og:image\" content=\"https:\/\/irinasb.com\/wp-content\/uploads\/2025\/11\/colar-agata-rosa.jpg\" \/>\n\t<meta property=\"og:image:width\" content=\"800\" \/>\n\t<meta property=\"og:image:height\" content=\"939\" \/>\n\t<meta property=\"og:image:type\" content=\"image\/jpeg\" \/>\n<meta name=\"twitter:card\" content=\"summary_large_image\" \/>\n<meta name=\"twitter:label1\" content=\"Estimated reading time\" \/>\n\t<meta name=\"twitter:data1\" content=\"2 minutes\" \/>\n<script type=\"application\/ld+json\" class=\"yoast-schema-graph\">{\"@context\":\"https:\/\/schema.org\",\"@graph\":[{\"@type\":\"WebPage\",\"@id\":\"https:\/\/irinasb.com\/produto\/colar-com-pedra-agata\/\",\"url\":\"https:\/\/irinasb.com\/produto\/colar-com-pedra-agata\/\",\"name\":\"Colar com Pedra \u00c1gata - IrinasB\",\"isPartOf\":{\"@id\":\"https:\/\/irinasb.com\/#website\"},\"primaryImageOfPage\":{\"@id\":\"https:\/\/irinasb.com\/produto\/colar-com-pedra-agata\/#primaryimage\"},\"image\":{\"@id\":\"https:\/\/irinasb.com\/produto\/colar-com-pedra-agata\/#primaryimage\"},\"thumbnailUrl\":\"https:\/\/irinasb.com\/wp-content\/uploads\/2025\/11\/colar-agata-rosa.jpg\",\"datePublished\":\"2025-11-14T15:21:59+00:00\",\"dateModified\":\"2026-03-12T21:05:57+00:00\",\"description\":\"Colar Cor de Rosa com Pedra \u00c1gata.\",\"breadcrumb\":{\"@id\":\"https:\/\/irinasb.com\/produto\/colar-com-pedra-agata\/#breadcrumb\"},\"inLanguage\":\"en-GB\",\"potentialAction\":[{\"@type\":\"ReadAction\",\"target\":[\"https:\/\/irinasb.com\/produto\/colar-com-pedra-agata\/\"]}]},{\"@type\":\"ImageObject\",\"inLanguage\":\"en-GB\",\"@id\":\"https:\/\/irinasb.com\/produto\/colar-com-pedra-agata\/#primaryimage\",\"url\":\"https:\/\/irinasb.com\/wp-content\/uploads\/2025\/11\/colar-agata-rosa.jpg\",\"contentUrl\":\"https:\/\/irinasb.com\/wp-content\/uploads\/2025\/11\/colar-agata-rosa.jpg\",\"width\":800,\"height\":939},{\"@type\":\"BreadcrumbList\",\"@id\":\"https:\/\/irinasb.com\/produto\/colar-com-pedra-agata\/#breadcrumb\",\"itemListElement\":[{\"@type\":\"ListItem\",\"position\":1,\"name\":\"Home\",\"item\":\"https:\/\/irinasb.com\/\"},{\"@type\":\"ListItem\",\"position\":2,\"name\":\"Loja\",\"item\":\"https:\/\/irinasb.com\/loja\/\"},{\"@type\":\"ListItem\",\"position\":3,\"name\":\"Colar com Pedra \u00c1gata\"}]},{\"@type\":\"WebSite\",\"@id\":\"https:\/\/irinasb.com\/#website\",\"url\":\"https:\/\/irinasb.com\/\",\"name\":\"IrinasB\",\"description\":\"Handmade Dreams\",\"publisher\":{\"@id\":\"https:\/\/irinasb.com\/#organization\"},\"potentialAction\":[{\"@type\":\"SearchAction\",\"target\":{\"@type\":\"EntryPoint\",\"urlTemplate\":\"https:\/\/irinasb.com\/?s={search_term_string}\"},\"query-input\":{\"@type\":\"PropertyValueSpecification\",\"valueRequired\":true,\"valueName\":\"search_term_string\"}}],\"inLanguage\":\"en-GB\"},{\"@type\":\"Organization\",\"@id\":\"https:\/\/irinasb.com\/#organization\",\"name\":\"IrinasB\",\"url\":\"https:\/\/irinasb.com\/\",\"logo\":{\"@type\":\"ImageObject\",\"inLanguage\":\"en-GB\",\"@id\":\"https:\/\/irinasb.com\/#\/schema\/logo\/image\/\",\"url\":\"https:\/\/irinasb.com\/wp-content\/uploads\/2016\/11\/logo.fw_.png\",\"contentUrl\":\"https:\/\/irinasb.com\/wp-content\/uploads\/2016\/11\/logo.fw_.png\",\"width\":900,\"height\":453,\"caption\":\"IrinasB\"},\"image\":{\"@id\":\"https:\/\/irinasb.com\/#\/schema\/logo\/image\/\"}}]}<\/script>\n<!-- \/ Yoast SEO plugin. -->","yoast_head_json":{"title":"Colar com Pedra \u00c1gata - IrinasB","description":"Colar Cor de Rosa com Pedra \u00c1gata.","robots":{"index":"index","follow":"follow","max-snippet":"max-snippet:-1","max-image-preview":"max-image-preview:large","max-video-preview":"max-video-preview:-1"},"canonical":"https:\/\/irinasb.com\/en\/product\/colar-com-pedra-agata\/","og_locale":"en_GB","og_type":"article","og_title":"Colar com Pedra \u00c1gata - IrinasB","og_description":"Colar Cor de Rosa com Pedra \u00c1gata.","og_url":"https:\/\/irinasb.com\/en\/product\/colar-com-pedra-agata\/","og_site_name":"IrinasB","article_modified_time":"2026-03-12T21:05:57+00:00","og_image":[{"width":800,"height":939,"url":"https:\/\/irinasb.com\/wp-content\/uploads\/2025\/11\/colar-agata-rosa.jpg","type":"image\/jpeg"}],"twitter_card":"summary_large_image","twitter_misc":{"Estimated reading time":"2 minutes"},"schema":{"@context":"https:\/\/schema.org","@graph":[{"@type":"WebPage","@id":"https:\/\/irinasb.com\/produto\/colar-com-pedra-agata\/","url":"https:\/\/irinasb.com\/produto\/colar-com-pedra-agata\/","name":"Colar com Pedra \u00c1gata - IrinasB","isPartOf":{"@id":"https:\/\/irinasb.com\/#website"},"primaryImageOfPage":{"@id":"https:\/\/irinasb.com\/produto\/colar-com-pedra-agata\/#primaryimage"},"image":{"@id":"https:\/\/irinasb.com\/produto\/colar-com-pedra-agata\/#primaryimage"},"thumbnailUrl":"https:\/\/irinasb.com\/wp-content\/uploads\/2025\/11\/colar-agata-rosa.jpg","datePublished":"2025-11-14T15:21:59+00:00","dateModified":"2026-03-12T21:05:57+00:00","description":"Colar Cor de Rosa com Pedra \u00c1gata.","breadcrumb":{"@id":"https:\/\/irinasb.com\/produto\/colar-com-pedra-agata\/#breadcrumb"},"inLanguage":"en-GB","potentialAction":[{"@type":"ReadAction","target":["https:\/\/irinasb.com\/produto\/colar-com-pedra-agata\/"]}]},{"@type":"ImageObject","inLanguage":"en-GB","@id":"https:\/\/irinasb.com\/produto\/colar-com-pedra-agata\/#primaryimage","url":"https:\/\/irinasb.com\/wp-content\/uploads\/2025\/11\/colar-agata-rosa.jpg","contentUrl":"https:\/\/irinasb.com\/wp-content\/uploads\/2025\/11\/colar-agata-rosa.jpg","width":800,"height":939},{"@type":"BreadcrumbList","@id":"https:\/\/irinasb.com\/produto\/colar-com-pedra-agata\/#breadcrumb","itemListElement":[{"@type":"ListItem","position":1,"name":"Home","item":"https:\/\/irinasb.com\/"},{"@type":"ListItem","position":2,"name":"Loja","item":"https:\/\/irinasb.com\/loja\/"},{"@type":"ListItem","position":3,"name":"Colar com Pedra \u00c1gata"}]},{"@type":"WebSite","@id":"https:\/\/irinasb.com\/#website","url":"https:\/\/irinasb.com\/","name":"IrinasB","description":"Handmade Dreams","publisher":{"@id":"https:\/\/irinasb.com\/#organization"},"potentialAction":[{"@type":"SearchAction","target":{"@type":"EntryPoint","urlTemplate":"https:\/\/irinasb.com\/?s={search_term_string}"},"query-input":{"@type":"PropertyValueSpecification","valueRequired":true,"valueName":"search_term_string"}}],"inLanguage":"en-GB"},{"@type":"Organization","@id":"https:\/\/irinasb.com\/#organization","name":"IrinasB","url":"https:\/\/irinasb.com\/","logo":{"@type":"ImageObject","inLanguage":"en-GB","@id":"https:\/\/irinasb.com\/#\/schema\/logo\/image\/","url":"https:\/\/irinasb.com\/wp-content\/uploads\/2016\/11\/logo.fw_.png","contentUrl":"https:\/\/irinasb.com\/wp-content\/uploads\/2016\/11\/logo.fw_.png","width":900,"height":453,"caption":"IrinasB"},"image":{"@id":"https:\/\/irinasb.com\/#\/schema\/logo\/image\/"}}]}},"_links":{"self":[{"href":"https:\/\/irinasb.com\/en\/wp-json\/wp\/v2\/product\/32117","targetHints":{"allow":["GET"]}}],"collection":[{"href":"https:\/\/irinasb.com\/en\/wp-json\/wp\/v2\/product"}],"about":[{"href":"https:\/\/irinasb.com\/en\/wp-json\/wp\/v2\/types\/product"}],"replies":[{"embeddable":true,"href":"https:\/\/irinasb.com\/en\/wp-json\/wp\/v2\/comments?post=32117"}],"wp:featuredmedia":[{"embeddable":true,"href":"https:\/\/irinasb.com\/en\/wp-json\/wp\/v2\/media\/32133"}],"wp:attachment":[{"href":"https:\/\/irinasb.com\/en\/wp-json\/wp\/v2\/media?parent=32117"}],"wp:term":[{"taxonomy":"product_brand","embeddable":true,"href":"https:\/\/irinasb.com\/en\/wp-json\/wp\/v2\/product_brand?post=32117"},{"taxonomy":"product_cat","embeddable":true,"href":"https:\/\/irinasb.com\/en\/wp-json\/wp\/v2\/product_cat?post=32117"},{"taxonomy":"product_tag","embeddable":true,"href":"https:\/\/irinasb.com\/en\/wp-json\/wp\/v2\/product_tag?post=32117"}],"curies":[{"name":"wp","href":"https:\/\/api.w.org\/{rel}","templated":true}]}}