{"id":32113,"date":"2025-11-14T13:10:03","date_gmt":"2025-11-14T13:10:03","guid":{"rendered":"https:\/\/irinasb.com\/?post_type=product&#038;p=32113"},"modified":"2025-11-23T21:37:15","modified_gmt":"2025-11-23T21:37:15","slug":"pulseira-ambar-castanho-para-bebe","status":"publish","type":"product","link":"https:\/\/irinasb.com\/en\/product\/pulseira-ambar-castanho-para-bebe\/","title":{"rendered":"Pulseira \u00c2mbar Castanho para Beb\u00e9 e Crian\u00e7a"},"content":{"rendered":"<h4 data-start=\"145\" data-end=\"170\"><strong data-start=\"149\" data-end=\"168\">CARACTER\u00cdSTICAS<\/strong><\/h4>\n<p data-start=\"171\" data-end=\"433\">\u2022 Indica\u00e7\u00e3o: Beb\u00e9 e crian\u00e7a\u00a0<br data-start=\"188\" data-end=\"191\" \/>\u2022 Formato das contas: Barroco<br data-start=\"220\" data-end=\"223\" \/>\u2022 Cor: Castanho em tom natural<br data-start=\"253\" data-end=\"256\" \/>\u2022 Acabamento: Polido<br data-start=\"315\" data-end=\"318\" \/>\u2022 Comprimento total: Aproximadamente 14 cm<br data-start=\"393\" data-end=\"396\" \/>\u2022 Tipo de fecho: Rosca de seguran\u00e7a<\/p>\n<h4>COMO FUNCIONA?<\/h4>\n<p>Quando o \u00e2mbar entra em contacto com a pele, o calor natural do corpo aquece a pe\u00e7a e faz com que liberte pequenas quantidades do seu \u00f3leo natural. Dessa forma, a pele vai absorvendo, de forma gradual, o \u00e1cido succ\u00ednico \u2014 a subst\u00e2ncia ativa respons\u00e1vel pelos seus benef\u00edcios.<\/p>\n<p>Para que o \u00c2mbar B\u00e1ltico tenha efeito terap\u00eautico, a joia precisa de estar sempre em contacto direto com a pele.<\/p>\n<p>\u00c9 importante lembrar que<strong> n\u00e3o recomendamos<\/strong> o uso de pulseiras em beb\u00e9s com menos de 3 anos, por uma quest\u00e3o de seguran\u00e7a, j\u00e1 que podem lev\u00e1-las \u00e0 boca. Antes de realizares a compra, aconselhamos medir o tornozelo do teu beb\u00e9 para garantir que o tamanho escolhido fique perfeito.<\/p>\n<p>\u2022 Beb\u00e9s at\u00e9 aos 3 meses devem usar apenas no tornozelo.<\/p>\n<p>\u2022 A partir dos 3 meses, podem usar no pulso durante o dia, sempre sob supervis\u00e3o de um adulto.<\/p>\n<p>\u2022 Durante a noite, deve continuar a ser usado apenas no tornozelo.<\/p>\n<p><strong data-start=\"444\" data-end=\"487\">GARANTIA E CERTIFICADO DE AUTENTICIDADE<\/strong><\/p>\n<p data-start=\"490\" data-end=\"718\">Este colar de \u00e2mbar castanho \u00e9 produzido com \u00e2mbar b\u00e1ltico verdadeiro \u2013 uma resina f\u00f3ssil natural extra\u00edda diretamente da Litu\u00e2nia, regi\u00e3o reconhecida internacionalmente pela elevada pureza e tradi\u00e7\u00e3o na produ\u00e7\u00e3o deste material.<\/p>\n<p data-start=\"804\" data-end=\"1015\">Por ser uma joia natural e montada artesanalmente, podem ocorrer pequenas varia\u00e7\u00f5es na tonalidade, forma das contas, tamanho ou comprimento final. Estas diferen\u00e7as tornam cada colar uma pe\u00e7a singular e especial.<\/p>\n<h4 data-start=\"1022\" data-end=\"1057\"><strong data-start=\"1026\" data-end=\"1055\">UM POUCO SOBRE ESTA PULSEIRA<\/strong><\/h4>\n<p data-start=\"101\" data-end=\"148\">Aqui v\u00e3o alguns dos seus principais benef\u00edcios:<\/p>\n<p data-start=\"150\" data-end=\"346\"><strong data-start=\"150\" data-end=\"177\">Propriedades Calmantes:<\/strong> O \u00e2mbar b\u00e1ltico \u00e9 amplamente reconhecido pela sua capacidade de proporcionar tranquilidade, ajudando a acalmar o beb\u00e9, sobretudo nos per\u00edodos mais dif\u00edceis da denti\u00e7\u00e3o.<\/p>\n<p data-start=\"348\" data-end=\"604\"><strong data-start=\"348\" data-end=\"388\">A\u00e7\u00e3o Anti-Inflamat\u00f3ria e Analg\u00e9sica:<\/strong> Para al\u00e9m de reduzir o inc\u00f3modo provocado pelo nascimento dos dentinhos, o \u00e2mbar possui caracter\u00edsticas naturais que atuam como anti-inflamat\u00f3rio e analg\u00e9sico, oferecendo conforto em diversas situa\u00e7\u00f5es do dia a dia.<\/p>\n<p data-start=\"606\" data-end=\"807\"><strong data-start=\"606\" data-end=\"640\">Refor\u00e7o do Sistema Imunit\u00e1rio:<\/strong> Cuidar da sa\u00fade do teu beb\u00e9 est\u00e1 sempre em primeiro lugar. O \u00e2mbar \u00e9 visto como um aliado no fortalecimento das defesas naturais, ajudando a proteger o teu pequenino.<\/p>","protected":false},"excerpt":{"rendered":"<p>A pulseira de \u00e2mbar castanho destaca-se pelo seu tom profundo e acolhedor, transmitindo uma sensa\u00e7\u00e3o de eleg\u00e2ncia natural. O estilo barroco das contas \u2014 com formas suaves e org\u00e2nicas \u2014 refor\u00e7a o car\u00e1cter artesanal e a autenticidade da pe\u00e7a.<\/p>","protected":false},"featured_media":32332,"comment_status":"closed","ping_status":"closed","template":"","meta":[],"product_brand":[],"product_cat":[763,277],"product_tag":[703,252,823,773],"class_list":{"0":"post-32113","1":"product","2":"type-product","3":"status-publish","4":"has-post-thumbnail","6":"product_cat-ambar","7":"product_cat-crianca","8":"product_tag-ambar","9":"product_tag-bebe","10":"product_tag-cor-escura","11":"product_tag-pulseira","13":"first","14":"instock","15":"shipping-taxable","16":"purchasable","17":"product-type-simple"},"yoast_head":"<!-- This site is optimized with the Yoast SEO plugin v26.2 - https:\/\/yoast.com\/wordpress\/plugins\/seo\/ -->\n<title>Pulseira \u00c2mbar Castanho para Beb\u00e9 e Crian\u00e7a - IrinasB<\/title>\n<meta name=\"description\" content=\"Pulseira feita com \u00c2mbar com tom castanho para Bebes e Crian\u00e7as. Aproximadamente 14cm.\" \/>\n<meta name=\"robots\" content=\"index, follow, max-snippet:-1, max-image-preview:large, max-video-preview:-1\" \/>\n<link rel=\"canonical\" href=\"https:\/\/irinasb.com\/en\/product\/pulseira-ambar-castanho-para-bebe\/\" \/>\n<meta property=\"og:locale\" content=\"en_GB\" \/>\n<meta property=\"og:type\" content=\"article\" \/>\n<meta property=\"og:title\" content=\"Pulseira \u00c2mbar Castanho para Beb\u00e9 e Crian\u00e7a - IrinasB\" \/>\n<meta property=\"og:description\" content=\"Pulseira feita com \u00c2mbar com tom castanho para Bebes e Crian\u00e7as. Aproximadamente 14cm.\" \/>\n<meta property=\"og:url\" content=\"https:\/\/irinasb.com\/en\/product\/pulseira-ambar-castanho-para-bebe\/\" \/>\n<meta property=\"og:site_name\" content=\"IrinasB\" \/>\n<meta property=\"article:modified_time\" content=\"2025-11-23T21:37:15+00:00\" \/>\n<meta property=\"og:image\" content=\"https:\/\/irinasb.com\/wp-content\/uploads\/2025\/11\/colar-ambar-para-crianca-e-bebe4.jpg\" \/>\n\t<meta property=\"og:image:width\" content=\"800\" \/>\n\t<meta property=\"og:image:height\" content=\"955\" \/>\n\t<meta property=\"og:image:type\" content=\"image\/jpeg\" \/>\n<meta name=\"twitter:card\" content=\"summary_large_image\" \/>\n<meta name=\"twitter:label1\" content=\"Estimated reading time\" \/>\n\t<meta name=\"twitter:data1\" content=\"3 minutes\" \/>\n<script type=\"application\/ld+json\" class=\"yoast-schema-graph\">{\"@context\":\"https:\/\/schema.org\",\"@graph\":[{\"@type\":\"WebPage\",\"@id\":\"https:\/\/irinasb.com\/produto\/pulseira-ambar-castanho-para-bebe\/\",\"url\":\"https:\/\/irinasb.com\/produto\/pulseira-ambar-castanho-para-bebe\/\",\"name\":\"Pulseira \u00c2mbar Castanho para Beb\u00e9 e Crian\u00e7a - IrinasB\",\"isPartOf\":{\"@id\":\"https:\/\/irinasb.com\/#website\"},\"primaryImageOfPage\":{\"@id\":\"https:\/\/irinasb.com\/produto\/pulseira-ambar-castanho-para-bebe\/#primaryimage\"},\"image\":{\"@id\":\"https:\/\/irinasb.com\/produto\/pulseira-ambar-castanho-para-bebe\/#primaryimage\"},\"thumbnailUrl\":\"https:\/\/irinasb.com\/wp-content\/uploads\/2025\/11\/colar-ambar-para-crianca-e-bebe4.jpg\",\"datePublished\":\"2025-11-14T13:10:03+00:00\",\"dateModified\":\"2025-11-23T21:37:15+00:00\",\"description\":\"Pulseira feita com \u00c2mbar com tom castanho para Bebes e Crian\u00e7as. Aproximadamente 14cm.\",\"breadcrumb\":{\"@id\":\"https:\/\/irinasb.com\/produto\/pulseira-ambar-castanho-para-bebe\/#breadcrumb\"},\"inLanguage\":\"en-GB\",\"potentialAction\":[{\"@type\":\"ReadAction\",\"target\":[\"https:\/\/irinasb.com\/produto\/pulseira-ambar-castanho-para-bebe\/\"]}]},{\"@type\":\"ImageObject\",\"inLanguage\":\"en-GB\",\"@id\":\"https:\/\/irinasb.com\/produto\/pulseira-ambar-castanho-para-bebe\/#primaryimage\",\"url\":\"https:\/\/irinasb.com\/wp-content\/uploads\/2025\/11\/colar-ambar-para-crianca-e-bebe4.jpg\",\"contentUrl\":\"https:\/\/irinasb.com\/wp-content\/uploads\/2025\/11\/colar-ambar-para-crianca-e-bebe4.jpg\",\"width\":800,\"height\":955},{\"@type\":\"BreadcrumbList\",\"@id\":\"https:\/\/irinasb.com\/produto\/pulseira-ambar-castanho-para-bebe\/#breadcrumb\",\"itemListElement\":[{\"@type\":\"ListItem\",\"position\":1,\"name\":\"Home\",\"item\":\"https:\/\/irinasb.com\/\"},{\"@type\":\"ListItem\",\"position\":2,\"name\":\"Loja\",\"item\":\"https:\/\/irinasb.com\/loja\/\"},{\"@type\":\"ListItem\",\"position\":3,\"name\":\"Pulseira \u00c2mbar Castanho para Beb\u00e9 e Crian\u00e7a\"}]},{\"@type\":\"WebSite\",\"@id\":\"https:\/\/irinasb.com\/#website\",\"url\":\"https:\/\/irinasb.com\/\",\"name\":\"IrinasB\",\"description\":\"Handmade Dreams\",\"publisher\":{\"@id\":\"https:\/\/irinasb.com\/#organization\"},\"potentialAction\":[{\"@type\":\"SearchAction\",\"target\":{\"@type\":\"EntryPoint\",\"urlTemplate\":\"https:\/\/irinasb.com\/?s={search_term_string}\"},\"query-input\":{\"@type\":\"PropertyValueSpecification\",\"valueRequired\":true,\"valueName\":\"search_term_string\"}}],\"inLanguage\":\"en-GB\"},{\"@type\":\"Organization\",\"@id\":\"https:\/\/irinasb.com\/#organization\",\"name\":\"IrinasB\",\"url\":\"https:\/\/irinasb.com\/\",\"logo\":{\"@type\":\"ImageObject\",\"inLanguage\":\"en-GB\",\"@id\":\"https:\/\/irinasb.com\/#\/schema\/logo\/image\/\",\"url\":\"https:\/\/irinasb.com\/wp-content\/uploads\/2016\/11\/logo.fw_.png\",\"contentUrl\":\"https:\/\/irinasb.com\/wp-content\/uploads\/2016\/11\/logo.fw_.png\",\"width\":900,\"height\":453,\"caption\":\"IrinasB\"},\"image\":{\"@id\":\"https:\/\/irinasb.com\/#\/schema\/logo\/image\/\"}}]}<\/script>\n<!-- \/ Yoast SEO plugin. -->","yoast_head_json":{"title":"Pulseira \u00c2mbar Castanho para Beb\u00e9 e Crian\u00e7a - IrinasB","description":"Pulseira feita com \u00c2mbar com tom castanho para Bebes e Crian\u00e7as. Aproximadamente 14cm.","robots":{"index":"index","follow":"follow","max-snippet":"max-snippet:-1","max-image-preview":"max-image-preview:large","max-video-preview":"max-video-preview:-1"},"canonical":"https:\/\/irinasb.com\/en\/product\/pulseira-ambar-castanho-para-bebe\/","og_locale":"en_GB","og_type":"article","og_title":"Pulseira \u00c2mbar Castanho para Beb\u00e9 e Crian\u00e7a - IrinasB","og_description":"Pulseira feita com \u00c2mbar com tom castanho para Bebes e Crian\u00e7as. Aproximadamente 14cm.","og_url":"https:\/\/irinasb.com\/en\/product\/pulseira-ambar-castanho-para-bebe\/","og_site_name":"IrinasB","article_modified_time":"2025-11-23T21:37:15+00:00","og_image":[{"width":800,"height":955,"url":"https:\/\/irinasb.com\/wp-content\/uploads\/2025\/11\/colar-ambar-para-crianca-e-bebe4.jpg","type":"image\/jpeg"}],"twitter_card":"summary_large_image","twitter_misc":{"Estimated reading time":"3 minutes"},"schema":{"@context":"https:\/\/schema.org","@graph":[{"@type":"WebPage","@id":"https:\/\/irinasb.com\/produto\/pulseira-ambar-castanho-para-bebe\/","url":"https:\/\/irinasb.com\/produto\/pulseira-ambar-castanho-para-bebe\/","name":"Pulseira \u00c2mbar Castanho para Beb\u00e9 e Crian\u00e7a - IrinasB","isPartOf":{"@id":"https:\/\/irinasb.com\/#website"},"primaryImageOfPage":{"@id":"https:\/\/irinasb.com\/produto\/pulseira-ambar-castanho-para-bebe\/#primaryimage"},"image":{"@id":"https:\/\/irinasb.com\/produto\/pulseira-ambar-castanho-para-bebe\/#primaryimage"},"thumbnailUrl":"https:\/\/irinasb.com\/wp-content\/uploads\/2025\/11\/colar-ambar-para-crianca-e-bebe4.jpg","datePublished":"2025-11-14T13:10:03+00:00","dateModified":"2025-11-23T21:37:15+00:00","description":"Pulseira feita com \u00c2mbar com tom castanho para Bebes e Crian\u00e7as. Aproximadamente 14cm.","breadcrumb":{"@id":"https:\/\/irinasb.com\/produto\/pulseira-ambar-castanho-para-bebe\/#breadcrumb"},"inLanguage":"en-GB","potentialAction":[{"@type":"ReadAction","target":["https:\/\/irinasb.com\/produto\/pulseira-ambar-castanho-para-bebe\/"]}]},{"@type":"ImageObject","inLanguage":"en-GB","@id":"https:\/\/irinasb.com\/produto\/pulseira-ambar-castanho-para-bebe\/#primaryimage","url":"https:\/\/irinasb.com\/wp-content\/uploads\/2025\/11\/colar-ambar-para-crianca-e-bebe4.jpg","contentUrl":"https:\/\/irinasb.com\/wp-content\/uploads\/2025\/11\/colar-ambar-para-crianca-e-bebe4.jpg","width":800,"height":955},{"@type":"BreadcrumbList","@id":"https:\/\/irinasb.com\/produto\/pulseira-ambar-castanho-para-bebe\/#breadcrumb","itemListElement":[{"@type":"ListItem","position":1,"name":"Home","item":"https:\/\/irinasb.com\/"},{"@type":"ListItem","position":2,"name":"Loja","item":"https:\/\/irinasb.com\/loja\/"},{"@type":"ListItem","position":3,"name":"Pulseira \u00c2mbar Castanho para Beb\u00e9 e Crian\u00e7a"}]},{"@type":"WebSite","@id":"https:\/\/irinasb.com\/#website","url":"https:\/\/irinasb.com\/","name":"IrinasB","description":"Handmade Dreams","publisher":{"@id":"https:\/\/irinasb.com\/#organization"},"potentialAction":[{"@type":"SearchAction","target":{"@type":"EntryPoint","urlTemplate":"https:\/\/irinasb.com\/?s={search_term_string}"},"query-input":{"@type":"PropertyValueSpecification","valueRequired":true,"valueName":"search_term_string"}}],"inLanguage":"en-GB"},{"@type":"Organization","@id":"https:\/\/irinasb.com\/#organization","name":"IrinasB","url":"https:\/\/irinasb.com\/","logo":{"@type":"ImageObject","inLanguage":"en-GB","@id":"https:\/\/irinasb.com\/#\/schema\/logo\/image\/","url":"https:\/\/irinasb.com\/wp-content\/uploads\/2016\/11\/logo.fw_.png","contentUrl":"https:\/\/irinasb.com\/wp-content\/uploads\/2016\/11\/logo.fw_.png","width":900,"height":453,"caption":"IrinasB"},"image":{"@id":"https:\/\/irinasb.com\/#\/schema\/logo\/image\/"}}]}},"_links":{"self":[{"href":"https:\/\/irinasb.com\/en\/wp-json\/wp\/v2\/product\/32113","targetHints":{"allow":["GET"]}}],"collection":[{"href":"https:\/\/irinasb.com\/en\/wp-json\/wp\/v2\/product"}],"about":[{"href":"https:\/\/irinasb.com\/en\/wp-json\/wp\/v2\/types\/product"}],"replies":[{"embeddable":true,"href":"https:\/\/irinasb.com\/en\/wp-json\/wp\/v2\/comments?post=32113"}],"wp:featuredmedia":[{"embeddable":true,"href":"https:\/\/irinasb.com\/en\/wp-json\/wp\/v2\/media\/32332"}],"wp:attachment":[{"href":"https:\/\/irinasb.com\/en\/wp-json\/wp\/v2\/media?parent=32113"}],"wp:term":[{"taxonomy":"product_brand","embeddable":true,"href":"https:\/\/irinasb.com\/en\/wp-json\/wp\/v2\/product_brand?post=32113"},{"taxonomy":"product_cat","embeddable":true,"href":"https:\/\/irinasb.com\/en\/wp-json\/wp\/v2\/product_cat?post=32113"},{"taxonomy":"product_tag","embeddable":true,"href":"https:\/\/irinasb.com\/en\/wp-json\/wp\/v2\/product_tag?post=32113"}],"curies":[{"name":"wp","href":"https:\/\/api.w.org\/{rel}","templated":true}]}}