{"id":32090,"date":"2025-11-14T12:36:01","date_gmt":"2025-11-14T12:36:01","guid":{"rendered":"https:\/\/irinasb.com\/?post_type=product&#038;p=32090"},"modified":"2025-11-23T21:45:11","modified_gmt":"2025-11-23T21:45:11","slug":"pulseira-ambar-para-bebe-mel","status":"publish","type":"product","link":"https:\/\/irinasb.com\/en\/product\/pulseira-ambar-para-bebe-mel\/","title":{"rendered":"Pulseira \u00c2mbar Mel para Beb\u00e9 e Crian\u00e7a"},"content":{"rendered":"<p data-start=\"1074\" data-end=\"1354\"><strong>CARACTER\u00cdSTICAS<\/strong><\/p>\n<p data-start=\"1074\" data-end=\"1354\">\u2022 Indicado para: Beb\u00e9 e crian\u00e7a<br data-start=\"1113\" data-end=\"1116\" \/>\u2022 Formato das contas: Barroco<br data-start=\"1145\" data-end=\"1148\" \/>\u2022 Cor e acabamento: Mel com polimento suave<br data-start=\"1250\" data-end=\"1253\" \/>\u2022 Comprimento total: 14cm<br data-start=\"1314\" data-end=\"1317\" \/>\u2022 Tipo de fecho: Rosca de seguran\u00e7a<\/p>\n<h4>COMO FUNCIONA?<\/h4>\n<p>Quando o \u00e2mbar entra em contacto com a pele, o calor natural do corpo aquece a pe\u00e7a e faz com que liberte pequenas quantidades do seu \u00f3leo natural. Dessa forma, a pele vai absorvendo, de forma gradual, o \u00e1cido succ\u00ednico \u2014 a subst\u00e2ncia ativa respons\u00e1vel pelos seus benef\u00edcios.<\/p>\n<p>Para que o \u00c2mbar B\u00e1ltico tenha efeito terap\u00eautico, a joia precisa de estar sempre em contacto direto com a pele.<\/p>\n<p>\u00c9 importante lembrar que<strong> n\u00e3o recomendamos<\/strong> o uso de pulseiras em beb\u00e9s com menos de 3 anos, por uma quest\u00e3o de seguran\u00e7a, j\u00e1 que podem lev\u00e1-las \u00e0 boca. Antes de realizares a compra, aconselhamos medir o tornozelo do teu beb\u00e9 para garantir que o tamanho escolhido fique perfeito.<\/p>\n<p>\u2022 Beb\u00e9s at\u00e9 aos 3 meses devem usar apenas no tornozelo.<\/p>\n<p>\u2022 A partir dos 3 meses, podem usar no pulso durante o dia, sempre sob supervis\u00e3o de um adulto.<\/p>\n<p>\u2022 Durante a noite, deve continuar a ser usado apenas no tornozelo.<\/p>\n<p><strong data-start=\"444\" data-end=\"487\">GARANTIA E CERTIFICADO DE AUTENTICIDADE<\/strong><\/p>\n<p data-start=\"490\" data-end=\"718\">Este colar de \u00e2mbar castanho \u00e9 produzido com \u00e2mbar b\u00e1ltico verdadeiro \u2013 uma resina f\u00f3ssil natural extra\u00edda diretamente da Litu\u00e2nia, regi\u00e3o reconhecida internacionalmente pela elevada pureza e tradi\u00e7\u00e3o na produ\u00e7\u00e3o deste material.<\/p>\n<p data-start=\"804\" data-end=\"1015\">Por ser uma joia natural e montada artesanalmente, podem ocorrer pequenas varia\u00e7\u00f5es na tonalidade, forma das contas, tamanho ou comprimento final. Estas diferen\u00e7as tornam cada colar uma pe\u00e7a singular e especial.<\/p>\n<h4 data-start=\"1022\" data-end=\"1057\"><strong data-start=\"1026\" data-end=\"1055\">UM POUCO SOBRE ESTA PULSEIRA<\/strong><\/h4>\n<p data-start=\"101\" data-end=\"148\">Aqui v\u00e3o alguns dos seus principais benef\u00edcios:<\/p>\n<p data-start=\"150\" data-end=\"346\"><strong data-start=\"150\" data-end=\"177\">Propriedades Calmantes:<\/strong> O \u00e2mbar b\u00e1ltico \u00e9 amplamente reconhecido pela sua capacidade de proporcionar tranquilidade, ajudando a acalmar o beb\u00e9, sobretudo nos per\u00edodos mais dif\u00edceis da denti\u00e7\u00e3o.<\/p>\n<p data-start=\"348\" data-end=\"604\"><strong data-start=\"348\" data-end=\"388\">A\u00e7\u00e3o Anti-Inflamat\u00f3ria e Analg\u00e9sica:<\/strong> Para al\u00e9m de reduzir o inc\u00f3modo provocado pelo nascimento dos dentinhos, o \u00e2mbar possui caracter\u00edsticas naturais que atuam como anti-inflamat\u00f3rio e analg\u00e9sico, oferecendo conforto em diversas situa\u00e7\u00f5es do dia a dia.<\/p>\n<p data-start=\"606\" data-end=\"807\"><strong data-start=\"606\" data-end=\"640\">Refor\u00e7o do Sistema Imunit\u00e1rio:<\/strong> Cuidar da sa\u00fade do teu beb\u00e9 est\u00e1 sempre em primeiro lugar. O \u00e2mbar \u00e9 visto como um aliado no fortalecimento das defesas naturais, ajudando a proteger o teu pequenino.<\/p>","protected":false},"excerpt":{"rendered":"<p>A pulseira de \u00e2mbar para beb\u00e9 em tom mel \u00e9 uma pe\u00e7a muito apreciada tanto pela sua beleza natural como pela energia tradicionalmente associada ao \u00e2mbar b\u00e1ltico. Cada conta \u00e9 formada por resina f\u00f3ssil com milh\u00f5es de anos, o que faz desta joia algo \u00fanico e carregado de hist\u00f3ria.<\/p>","protected":false},"featured_media":32334,"comment_status":"closed","ping_status":"closed","template":"","meta":[],"product_brand":[],"product_cat":[763,277],"product_tag":[703,252,769,773],"class_list":{"0":"post-32090","1":"product","2":"type-product","3":"status-publish","4":"has-post-thumbnail","6":"product_cat-ambar","7":"product_cat-crianca","8":"product_tag-ambar","9":"product_tag-bebe","10":"product_tag-mel","11":"product_tag-pulseira","13":"first","14":"instock","15":"shipping-taxable","16":"purchasable","17":"product-type-simple"},"yoast_head":"<!-- This site is optimized with the Yoast SEO plugin v26.2 - https:\/\/yoast.com\/wordpress\/plugins\/seo\/ -->\n<title>Pulseira \u00c2mbar Mel para Beb\u00e9 e Crian\u00e7a - IrinasB<\/title>\n<meta name=\"description\" content=\"Pulseira feita de \u00c2mbar com cor de mel para crian\u00e7as e bebes. Mede aproximadamente 14cm.\" \/>\n<meta name=\"robots\" content=\"index, follow, max-snippet:-1, max-image-preview:large, max-video-preview:-1\" \/>\n<link rel=\"canonical\" href=\"https:\/\/irinasb.com\/en\/product\/pulseira-ambar-para-bebe-mel\/\" \/>\n<meta property=\"og:locale\" content=\"en_GB\" \/>\n<meta property=\"og:type\" content=\"article\" \/>\n<meta property=\"og:title\" content=\"Pulseira \u00c2mbar Mel para Beb\u00e9 e Crian\u00e7a - IrinasB\" \/>\n<meta property=\"og:description\" content=\"Pulseira feita de \u00c2mbar com cor de mel para crian\u00e7as e bebes. Mede aproximadamente 14cm.\" \/>\n<meta property=\"og:url\" content=\"https:\/\/irinasb.com\/en\/product\/pulseira-ambar-para-bebe-mel\/\" \/>\n<meta property=\"og:site_name\" content=\"IrinasB\" \/>\n<meta property=\"article:modified_time\" content=\"2025-11-23T21:45:11+00:00\" \/>\n<meta property=\"og:image\" content=\"https:\/\/irinasb.com\/wp-content\/uploads\/2025\/11\/colar-ambar-para-crianca-e-bebe8.jpg\" \/>\n\t<meta property=\"og:image:width\" content=\"800\" \/>\n\t<meta property=\"og:image:height\" content=\"978\" \/>\n\t<meta property=\"og:image:type\" content=\"image\/jpeg\" \/>\n<meta name=\"twitter:card\" content=\"summary_large_image\" \/>\n<meta name=\"twitter:label1\" content=\"Estimated reading time\" \/>\n\t<meta name=\"twitter:data1\" content=\"3 minutes\" \/>\n<script type=\"application\/ld+json\" class=\"yoast-schema-graph\">{\"@context\":\"https:\/\/schema.org\",\"@graph\":[{\"@type\":\"WebPage\",\"@id\":\"https:\/\/irinasb.com\/produto\/pulseira-ambar-para-bebe-mel\/\",\"url\":\"https:\/\/irinasb.com\/produto\/pulseira-ambar-para-bebe-mel\/\",\"name\":\"Pulseira \u00c2mbar Mel para Beb\u00e9 e Crian\u00e7a - IrinasB\",\"isPartOf\":{\"@id\":\"https:\/\/irinasb.com\/#website\"},\"primaryImageOfPage\":{\"@id\":\"https:\/\/irinasb.com\/produto\/pulseira-ambar-para-bebe-mel\/#primaryimage\"},\"image\":{\"@id\":\"https:\/\/irinasb.com\/produto\/pulseira-ambar-para-bebe-mel\/#primaryimage\"},\"thumbnailUrl\":\"https:\/\/irinasb.com\/wp-content\/uploads\/2025\/11\/colar-ambar-para-crianca-e-bebe8.jpg\",\"datePublished\":\"2025-11-14T12:36:01+00:00\",\"dateModified\":\"2025-11-23T21:45:11+00:00\",\"description\":\"Pulseira feita de \u00c2mbar com cor de mel para crian\u00e7as e bebes. Mede aproximadamente 14cm.\",\"breadcrumb\":{\"@id\":\"https:\/\/irinasb.com\/produto\/pulseira-ambar-para-bebe-mel\/#breadcrumb\"},\"inLanguage\":\"en-GB\",\"potentialAction\":[{\"@type\":\"ReadAction\",\"target\":[\"https:\/\/irinasb.com\/produto\/pulseira-ambar-para-bebe-mel\/\"]}]},{\"@type\":\"ImageObject\",\"inLanguage\":\"en-GB\",\"@id\":\"https:\/\/irinasb.com\/produto\/pulseira-ambar-para-bebe-mel\/#primaryimage\",\"url\":\"https:\/\/irinasb.com\/wp-content\/uploads\/2025\/11\/colar-ambar-para-crianca-e-bebe8.jpg\",\"contentUrl\":\"https:\/\/irinasb.com\/wp-content\/uploads\/2025\/11\/colar-ambar-para-crianca-e-bebe8.jpg\",\"width\":800,\"height\":978},{\"@type\":\"BreadcrumbList\",\"@id\":\"https:\/\/irinasb.com\/produto\/pulseira-ambar-para-bebe-mel\/#breadcrumb\",\"itemListElement\":[{\"@type\":\"ListItem\",\"position\":1,\"name\":\"Home\",\"item\":\"https:\/\/irinasb.com\/\"},{\"@type\":\"ListItem\",\"position\":2,\"name\":\"Loja\",\"item\":\"https:\/\/irinasb.com\/loja\/\"},{\"@type\":\"ListItem\",\"position\":3,\"name\":\"Pulseira \u00c2mbar Mel para Beb\u00e9 e Crian\u00e7a\"}]},{\"@type\":\"WebSite\",\"@id\":\"https:\/\/irinasb.com\/#website\",\"url\":\"https:\/\/irinasb.com\/\",\"name\":\"IrinasB\",\"description\":\"Handmade Dreams\",\"publisher\":{\"@id\":\"https:\/\/irinasb.com\/#organization\"},\"potentialAction\":[{\"@type\":\"SearchAction\",\"target\":{\"@type\":\"EntryPoint\",\"urlTemplate\":\"https:\/\/irinasb.com\/?s={search_term_string}\"},\"query-input\":{\"@type\":\"PropertyValueSpecification\",\"valueRequired\":true,\"valueName\":\"search_term_string\"}}],\"inLanguage\":\"en-GB\"},{\"@type\":\"Organization\",\"@id\":\"https:\/\/irinasb.com\/#organization\",\"name\":\"IrinasB\",\"url\":\"https:\/\/irinasb.com\/\",\"logo\":{\"@type\":\"ImageObject\",\"inLanguage\":\"en-GB\",\"@id\":\"https:\/\/irinasb.com\/#\/schema\/logo\/image\/\",\"url\":\"https:\/\/irinasb.com\/wp-content\/uploads\/2016\/11\/logo.fw_.png\",\"contentUrl\":\"https:\/\/irinasb.com\/wp-content\/uploads\/2016\/11\/logo.fw_.png\",\"width\":900,\"height\":453,\"caption\":\"IrinasB\"},\"image\":{\"@id\":\"https:\/\/irinasb.com\/#\/schema\/logo\/image\/\"}}]}<\/script>\n<!-- \/ Yoast SEO plugin. -->","yoast_head_json":{"title":"Pulseira \u00c2mbar Mel para Beb\u00e9 e Crian\u00e7a - IrinasB","description":"Pulseira feita de \u00c2mbar com cor de mel para crian\u00e7as e bebes. Mede aproximadamente 14cm.","robots":{"index":"index","follow":"follow","max-snippet":"max-snippet:-1","max-image-preview":"max-image-preview:large","max-video-preview":"max-video-preview:-1"},"canonical":"https:\/\/irinasb.com\/en\/product\/pulseira-ambar-para-bebe-mel\/","og_locale":"en_GB","og_type":"article","og_title":"Pulseira \u00c2mbar Mel para Beb\u00e9 e Crian\u00e7a - IrinasB","og_description":"Pulseira feita de \u00c2mbar com cor de mel para crian\u00e7as e bebes. Mede aproximadamente 14cm.","og_url":"https:\/\/irinasb.com\/en\/product\/pulseira-ambar-para-bebe-mel\/","og_site_name":"IrinasB","article_modified_time":"2025-11-23T21:45:11+00:00","og_image":[{"width":800,"height":978,"url":"https:\/\/irinasb.com\/wp-content\/uploads\/2025\/11\/colar-ambar-para-crianca-e-bebe8.jpg","type":"image\/jpeg"}],"twitter_card":"summary_large_image","twitter_misc":{"Estimated reading time":"3 minutes"},"schema":{"@context":"https:\/\/schema.org","@graph":[{"@type":"WebPage","@id":"https:\/\/irinasb.com\/produto\/pulseira-ambar-para-bebe-mel\/","url":"https:\/\/irinasb.com\/produto\/pulseira-ambar-para-bebe-mel\/","name":"Pulseira \u00c2mbar Mel para Beb\u00e9 e Crian\u00e7a - IrinasB","isPartOf":{"@id":"https:\/\/irinasb.com\/#website"},"primaryImageOfPage":{"@id":"https:\/\/irinasb.com\/produto\/pulseira-ambar-para-bebe-mel\/#primaryimage"},"image":{"@id":"https:\/\/irinasb.com\/produto\/pulseira-ambar-para-bebe-mel\/#primaryimage"},"thumbnailUrl":"https:\/\/irinasb.com\/wp-content\/uploads\/2025\/11\/colar-ambar-para-crianca-e-bebe8.jpg","datePublished":"2025-11-14T12:36:01+00:00","dateModified":"2025-11-23T21:45:11+00:00","description":"Pulseira feita de \u00c2mbar com cor de mel para crian\u00e7as e bebes. Mede aproximadamente 14cm.","breadcrumb":{"@id":"https:\/\/irinasb.com\/produto\/pulseira-ambar-para-bebe-mel\/#breadcrumb"},"inLanguage":"en-GB","potentialAction":[{"@type":"ReadAction","target":["https:\/\/irinasb.com\/produto\/pulseira-ambar-para-bebe-mel\/"]}]},{"@type":"ImageObject","inLanguage":"en-GB","@id":"https:\/\/irinasb.com\/produto\/pulseira-ambar-para-bebe-mel\/#primaryimage","url":"https:\/\/irinasb.com\/wp-content\/uploads\/2025\/11\/colar-ambar-para-crianca-e-bebe8.jpg","contentUrl":"https:\/\/irinasb.com\/wp-content\/uploads\/2025\/11\/colar-ambar-para-crianca-e-bebe8.jpg","width":800,"height":978},{"@type":"BreadcrumbList","@id":"https:\/\/irinasb.com\/produto\/pulseira-ambar-para-bebe-mel\/#breadcrumb","itemListElement":[{"@type":"ListItem","position":1,"name":"Home","item":"https:\/\/irinasb.com\/"},{"@type":"ListItem","position":2,"name":"Loja","item":"https:\/\/irinasb.com\/loja\/"},{"@type":"ListItem","position":3,"name":"Pulseira \u00c2mbar Mel para Beb\u00e9 e Crian\u00e7a"}]},{"@type":"WebSite","@id":"https:\/\/irinasb.com\/#website","url":"https:\/\/irinasb.com\/","name":"IrinasB","description":"Handmade Dreams","publisher":{"@id":"https:\/\/irinasb.com\/#organization"},"potentialAction":[{"@type":"SearchAction","target":{"@type":"EntryPoint","urlTemplate":"https:\/\/irinasb.com\/?s={search_term_string}"},"query-input":{"@type":"PropertyValueSpecification","valueRequired":true,"valueName":"search_term_string"}}],"inLanguage":"en-GB"},{"@type":"Organization","@id":"https:\/\/irinasb.com\/#organization","name":"IrinasB","url":"https:\/\/irinasb.com\/","logo":{"@type":"ImageObject","inLanguage":"en-GB","@id":"https:\/\/irinasb.com\/#\/schema\/logo\/image\/","url":"https:\/\/irinasb.com\/wp-content\/uploads\/2016\/11\/logo.fw_.png","contentUrl":"https:\/\/irinasb.com\/wp-content\/uploads\/2016\/11\/logo.fw_.png","width":900,"height":453,"caption":"IrinasB"},"image":{"@id":"https:\/\/irinasb.com\/#\/schema\/logo\/image\/"}}]}},"_links":{"self":[{"href":"https:\/\/irinasb.com\/en\/wp-json\/wp\/v2\/product\/32090","targetHints":{"allow":["GET"]}}],"collection":[{"href":"https:\/\/irinasb.com\/en\/wp-json\/wp\/v2\/product"}],"about":[{"href":"https:\/\/irinasb.com\/en\/wp-json\/wp\/v2\/types\/product"}],"replies":[{"embeddable":true,"href":"https:\/\/irinasb.com\/en\/wp-json\/wp\/v2\/comments?post=32090"}],"wp:featuredmedia":[{"embeddable":true,"href":"https:\/\/irinasb.com\/en\/wp-json\/wp\/v2\/media\/32334"}],"wp:attachment":[{"href":"https:\/\/irinasb.com\/en\/wp-json\/wp\/v2\/media?parent=32090"}],"wp:term":[{"taxonomy":"product_brand","embeddable":true,"href":"https:\/\/irinasb.com\/en\/wp-json\/wp\/v2\/product_brand?post=32090"},{"taxonomy":"product_cat","embeddable":true,"href":"https:\/\/irinasb.com\/en\/wp-json\/wp\/v2\/product_cat?post=32090"},{"taxonomy":"product_tag","embeddable":true,"href":"https:\/\/irinasb.com\/en\/wp-json\/wp\/v2\/product_tag?post=32090"}],"curies":[{"name":"wp","href":"https:\/\/api.w.org\/{rel}","templated":true}]}}