{"id":32039,"date":"2025-11-07T17:46:06","date_gmt":"2025-11-07T17:46:06","guid":{"rendered":"https:\/\/irinasb.com\/?post_type=product&#038;p=32039"},"modified":"2026-03-20T10:55:14","modified_gmt":"2026-03-20T10:55:14","slug":"brincos-com-andorinhas-prateadas","status":"publish","type":"product","link":"https:\/\/irinasb.com\/en\/product\/brincos-com-andorinhas-prateadas\/","title":{"rendered":"Brincos com Andorinhas Prateadas"},"content":{"rendered":"<p>Os <strong data-start=\"470\" data-end=\"506\">Brincos com Andorinhas Prateadas<\/strong> s\u00e3o uma pe\u00e7a delicada e simb\u00f3lica, que representa a <strong data-start=\"559\" data-end=\"581\">liberdade e leveza<\/strong> atrav\u00e9s do voo da andorinha.<br data-start=\"610\" data-end=\"613\" \/>Com um <strong data-start=\"620\" data-end=\"653\">acabamento prateado brilhante<\/strong>, estes brincos oferecem um equil\u00edbrio perfeito entre simplicidade e eleg\u00e2ncia.<\/p>\n<h4 data-start=\"1021\" data-end=\"1057\"><strong data-start=\"1024\" data-end=\"1057\"> PRINCIPAIS CARACTER\u00cdSTICAS<\/strong><\/h4>\n<p data-start=\"1060\" data-end=\"1134\"><strong data-start=\"1060\" data-end=\"1073\">Material:<\/strong> Em a\u00e7o inoxid\u00e1vel de qualidade com acabamento texturizado.<\/p>\n<p data-start=\"1137\" data-end=\"1201\"><strong data-start=\"1137\" data-end=\"1145\">Cor:<\/strong> <em data-start=\"1146\" data-end=\"1166\">Prateado brilhante<\/em>, com reflexos suaves e modernos.<\/p>\n<p data-start=\"1137\" data-end=\"1201\"><strong>Medida:<\/strong> aproximadamente 4,5 x 2,50 cm<\/p>\n<p data-start=\"1204\" data-end=\"1284\"><strong data-start=\"1204\" data-end=\"1215\">Design:<\/strong> Motivo de <em data-start=\"1226\" data-end=\"1244\">andorinha em voo<\/em>, com forma delicada e linhas fluidas.<\/p>\n<p data-start=\"1287\" data-end=\"1350\"><strong data-start=\"1287\" data-end=\"1297\">Fecho:<\/strong> Pino com trav\u00e3o em silicone.<\/p>\n<p data-start=\"1353\" data-end=\"1397\"><strong data-start=\"1353\" data-end=\"1362\">Peso:<\/strong> Leves, confort\u00e1veis e discretos.<\/p>\n<p data-start=\"1400\" data-end=\"1486\"><strong data-start=\"1400\" data-end=\"1411\">Estilo:<\/strong> Minimalista e simb\u00f3lico \u2014 ideal para quem valoriza design e significado.<\/p>\n<h4 data-start=\"1493\" data-end=\"1550\"><strong data-start=\"1496\" data-end=\"1550\">BENEF\u00cdCIOS E RAZ\u00d5ES PARA ESCOLHER ESTES BRINCOS<\/strong><\/h4>\n<p data-start=\"1553\" data-end=\"1637\"><strong data-start=\"1553\" data-end=\"1574\">S\u00edmbolo poderoso:<\/strong> As andorinhas representam <em data-start=\"1601\" data-end=\"1634\">liberdade, esperan\u00e7a e prote\u00e7\u00e3o<\/em>.<\/p>\n<p data-start=\"1640\" data-end=\"1721\"><strong data-start=\"1640\" data-end=\"1672\">Acabamento prateado moderno:<\/strong> Brilho discreto que combina com qualquer look.<\/p>\n<p data-start=\"1724\" data-end=\"1802\"><strong data-start=\"1724\" data-end=\"1744\">Design vers\u00e1til:<\/strong> Adequado para o dia a dia, trabalho ou eventos formais.<\/p>\n<p data-start=\"1805\" data-end=\"1874\"><strong data-start=\"1805\" data-end=\"1827\">Conforto e leveza:<\/strong> Perfeitos para uso cont\u00ednuo sem desconforto.<\/p>\n<p data-start=\"1877\" data-end=\"1962\"><strong data-start=\"1877\" data-end=\"1906\">Presente com significado:<\/strong> Um acess\u00f3rio elegante e cheio de simbolismo positivo.<\/p>","protected":false},"excerpt":{"rendered":"<p data-start=\"467\" data-end=\"885\">A silhueta da andorinha adiciona um toque art\u00edstico e significativo, tornando-os ideais para quem procura <strong data-start=\"841\" data-end=\"882\">joias com personalidade e significado<\/strong>.<\/p>\n<p data-start=\"887\" data-end=\"1014\">Estes brincos s\u00e3o perfeitos para o uso di\u00e1rio ou para momentos especiais, real\u00e7ando o rosto com um brilho subtil e sofisticado.<\/p>","protected":false},"featured_media":33326,"comment_status":"closed","ping_status":"closed","template":"","meta":[],"product_brand":[],"product_cat":[188],"product_tag":[618,714,229],"class_list":{"0":"post-32039","1":"product","2":"type-product","3":"status-publish","4":"has-post-thumbnail","6":"product_cat-brincos","7":"product_tag-andorinha","8":"product_tag-brincos","9":"product_tag-prateado","11":"first","12":"instock","13":"shipping-taxable","14":"purchasable","15":"product-type-simple"},"yoast_head":"<!-- This site is optimized with the Yoast SEO plugin v26.2 - https:\/\/yoast.com\/wordpress\/plugins\/seo\/ -->\n<title>Brincos com Andorinhas Prateadas - IrinasB<\/title>\n<meta name=\"description\" content=\"Brincos em forma de Andorinha Prateada.\" \/>\n<meta name=\"robots\" content=\"index, follow, max-snippet:-1, max-image-preview:large, max-video-preview:-1\" \/>\n<link rel=\"canonical\" href=\"https:\/\/irinasb.com\/en\/product\/brincos-com-andorinhas-prateadas\/\" \/>\n<meta property=\"og:locale\" content=\"en_GB\" \/>\n<meta property=\"og:type\" content=\"article\" \/>\n<meta property=\"og:title\" content=\"Brincos com Andorinhas Prateadas - IrinasB\" \/>\n<meta property=\"og:description\" content=\"Brincos em forma de Andorinha Prateada.\" \/>\n<meta property=\"og:url\" content=\"https:\/\/irinasb.com\/en\/product\/brincos-com-andorinhas-prateadas\/\" \/>\n<meta property=\"og:site_name\" content=\"IrinasB\" \/>\n<meta property=\"article:modified_time\" content=\"2026-03-20T10:55:14+00:00\" \/>\n<meta property=\"og:image\" content=\"https:\/\/irinasb.com\/wp-content\/uploads\/2025\/11\/brincos-andorinha-prateada-1.jpg\" \/>\n\t<meta property=\"og:image:width\" content=\"800\" \/>\n\t<meta property=\"og:image:height\" content=\"959\" \/>\n\t<meta property=\"og:image:type\" content=\"image\/jpeg\" \/>\n<meta name=\"twitter:card\" content=\"summary_large_image\" \/>\n<meta name=\"twitter:label1\" content=\"Estimated reading time\" \/>\n\t<meta name=\"twitter:data1\" content=\"2 minutes\" \/>\n<script type=\"application\/ld+json\" class=\"yoast-schema-graph\">{\"@context\":\"https:\/\/schema.org\",\"@graph\":[{\"@type\":\"WebPage\",\"@id\":\"https:\/\/irinasb.com\/produto\/brincos-com-andorinhas-prateadas\/\",\"url\":\"https:\/\/irinasb.com\/produto\/brincos-com-andorinhas-prateadas\/\",\"name\":\"Brincos com Andorinhas Prateadas - IrinasB\",\"isPartOf\":{\"@id\":\"https:\/\/irinasb.com\/#website\"},\"primaryImageOfPage\":{\"@id\":\"https:\/\/irinasb.com\/produto\/brincos-com-andorinhas-prateadas\/#primaryimage\"},\"image\":{\"@id\":\"https:\/\/irinasb.com\/produto\/brincos-com-andorinhas-prateadas\/#primaryimage\"},\"thumbnailUrl\":\"https:\/\/irinasb.com\/wp-content\/uploads\/2025\/11\/brincos-andorinha-prateada-1.jpg\",\"datePublished\":\"2025-11-07T17:46:06+00:00\",\"dateModified\":\"2026-03-20T10:55:14+00:00\",\"description\":\"Brincos em forma de Andorinha Prateada.\",\"breadcrumb\":{\"@id\":\"https:\/\/irinasb.com\/produto\/brincos-com-andorinhas-prateadas\/#breadcrumb\"},\"inLanguage\":\"en-GB\",\"potentialAction\":[{\"@type\":\"ReadAction\",\"target\":[\"https:\/\/irinasb.com\/produto\/brincos-com-andorinhas-prateadas\/\"]}]},{\"@type\":\"ImageObject\",\"inLanguage\":\"en-GB\",\"@id\":\"https:\/\/irinasb.com\/produto\/brincos-com-andorinhas-prateadas\/#primaryimage\",\"url\":\"https:\/\/irinasb.com\/wp-content\/uploads\/2025\/11\/brincos-andorinha-prateada-1.jpg\",\"contentUrl\":\"https:\/\/irinasb.com\/wp-content\/uploads\/2025\/11\/brincos-andorinha-prateada-1.jpg\",\"width\":800,\"height\":959},{\"@type\":\"BreadcrumbList\",\"@id\":\"https:\/\/irinasb.com\/produto\/brincos-com-andorinhas-prateadas\/#breadcrumb\",\"itemListElement\":[{\"@type\":\"ListItem\",\"position\":1,\"name\":\"Home\",\"item\":\"https:\/\/irinasb.com\/\"},{\"@type\":\"ListItem\",\"position\":2,\"name\":\"Loja\",\"item\":\"https:\/\/irinasb.com\/loja\/\"},{\"@type\":\"ListItem\",\"position\":3,\"name\":\"Brincos com Andorinhas Prateadas\"}]},{\"@type\":\"WebSite\",\"@id\":\"https:\/\/irinasb.com\/#website\",\"url\":\"https:\/\/irinasb.com\/\",\"name\":\"IrinasB\",\"description\":\"Handmade Dreams\",\"publisher\":{\"@id\":\"https:\/\/irinasb.com\/#organization\"},\"potentialAction\":[{\"@type\":\"SearchAction\",\"target\":{\"@type\":\"EntryPoint\",\"urlTemplate\":\"https:\/\/irinasb.com\/?s={search_term_string}\"},\"query-input\":{\"@type\":\"PropertyValueSpecification\",\"valueRequired\":true,\"valueName\":\"search_term_string\"}}],\"inLanguage\":\"en-GB\"},{\"@type\":\"Organization\",\"@id\":\"https:\/\/irinasb.com\/#organization\",\"name\":\"IrinasB\",\"url\":\"https:\/\/irinasb.com\/\",\"logo\":{\"@type\":\"ImageObject\",\"inLanguage\":\"en-GB\",\"@id\":\"https:\/\/irinasb.com\/#\/schema\/logo\/image\/\",\"url\":\"https:\/\/irinasb.com\/wp-content\/uploads\/2016\/11\/logo.fw_.png\",\"contentUrl\":\"https:\/\/irinasb.com\/wp-content\/uploads\/2016\/11\/logo.fw_.png\",\"width\":900,\"height\":453,\"caption\":\"IrinasB\"},\"image\":{\"@id\":\"https:\/\/irinasb.com\/#\/schema\/logo\/image\/\"}}]}<\/script>\n<!-- \/ Yoast SEO plugin. -->","yoast_head_json":{"title":"Brincos com Andorinhas Prateadas - IrinasB","description":"Brincos em forma de Andorinha Prateada.","robots":{"index":"index","follow":"follow","max-snippet":"max-snippet:-1","max-image-preview":"max-image-preview:large","max-video-preview":"max-video-preview:-1"},"canonical":"https:\/\/irinasb.com\/en\/product\/brincos-com-andorinhas-prateadas\/","og_locale":"en_GB","og_type":"article","og_title":"Brincos com Andorinhas Prateadas - IrinasB","og_description":"Brincos em forma de Andorinha Prateada.","og_url":"https:\/\/irinasb.com\/en\/product\/brincos-com-andorinhas-prateadas\/","og_site_name":"IrinasB","article_modified_time":"2026-03-20T10:55:14+00:00","og_image":[{"width":800,"height":959,"url":"https:\/\/irinasb.com\/wp-content\/uploads\/2025\/11\/brincos-andorinha-prateada-1.jpg","type":"image\/jpeg"}],"twitter_card":"summary_large_image","twitter_misc":{"Estimated reading time":"2 minutes"},"schema":{"@context":"https:\/\/schema.org","@graph":[{"@type":"WebPage","@id":"https:\/\/irinasb.com\/produto\/brincos-com-andorinhas-prateadas\/","url":"https:\/\/irinasb.com\/produto\/brincos-com-andorinhas-prateadas\/","name":"Brincos com Andorinhas Prateadas - IrinasB","isPartOf":{"@id":"https:\/\/irinasb.com\/#website"},"primaryImageOfPage":{"@id":"https:\/\/irinasb.com\/produto\/brincos-com-andorinhas-prateadas\/#primaryimage"},"image":{"@id":"https:\/\/irinasb.com\/produto\/brincos-com-andorinhas-prateadas\/#primaryimage"},"thumbnailUrl":"https:\/\/irinasb.com\/wp-content\/uploads\/2025\/11\/brincos-andorinha-prateada-1.jpg","datePublished":"2025-11-07T17:46:06+00:00","dateModified":"2026-03-20T10:55:14+00:00","description":"Brincos em forma de Andorinha Prateada.","breadcrumb":{"@id":"https:\/\/irinasb.com\/produto\/brincos-com-andorinhas-prateadas\/#breadcrumb"},"inLanguage":"en-GB","potentialAction":[{"@type":"ReadAction","target":["https:\/\/irinasb.com\/produto\/brincos-com-andorinhas-prateadas\/"]}]},{"@type":"ImageObject","inLanguage":"en-GB","@id":"https:\/\/irinasb.com\/produto\/brincos-com-andorinhas-prateadas\/#primaryimage","url":"https:\/\/irinasb.com\/wp-content\/uploads\/2025\/11\/brincos-andorinha-prateada-1.jpg","contentUrl":"https:\/\/irinasb.com\/wp-content\/uploads\/2025\/11\/brincos-andorinha-prateada-1.jpg","width":800,"height":959},{"@type":"BreadcrumbList","@id":"https:\/\/irinasb.com\/produto\/brincos-com-andorinhas-prateadas\/#breadcrumb","itemListElement":[{"@type":"ListItem","position":1,"name":"Home","item":"https:\/\/irinasb.com\/"},{"@type":"ListItem","position":2,"name":"Loja","item":"https:\/\/irinasb.com\/loja\/"},{"@type":"ListItem","position":3,"name":"Brincos com Andorinhas Prateadas"}]},{"@type":"WebSite","@id":"https:\/\/irinasb.com\/#website","url":"https:\/\/irinasb.com\/","name":"IrinasB","description":"Handmade Dreams","publisher":{"@id":"https:\/\/irinasb.com\/#organization"},"potentialAction":[{"@type":"SearchAction","target":{"@type":"EntryPoint","urlTemplate":"https:\/\/irinasb.com\/?s={search_term_string}"},"query-input":{"@type":"PropertyValueSpecification","valueRequired":true,"valueName":"search_term_string"}}],"inLanguage":"en-GB"},{"@type":"Organization","@id":"https:\/\/irinasb.com\/#organization","name":"IrinasB","url":"https:\/\/irinasb.com\/","logo":{"@type":"ImageObject","inLanguage":"en-GB","@id":"https:\/\/irinasb.com\/#\/schema\/logo\/image\/","url":"https:\/\/irinasb.com\/wp-content\/uploads\/2016\/11\/logo.fw_.png","contentUrl":"https:\/\/irinasb.com\/wp-content\/uploads\/2016\/11\/logo.fw_.png","width":900,"height":453,"caption":"IrinasB"},"image":{"@id":"https:\/\/irinasb.com\/#\/schema\/logo\/image\/"}}]}},"_links":{"self":[{"href":"https:\/\/irinasb.com\/en\/wp-json\/wp\/v2\/product\/32039","targetHints":{"allow":["GET"]}}],"collection":[{"href":"https:\/\/irinasb.com\/en\/wp-json\/wp\/v2\/product"}],"about":[{"href":"https:\/\/irinasb.com\/en\/wp-json\/wp\/v2\/types\/product"}],"replies":[{"embeddable":true,"href":"https:\/\/irinasb.com\/en\/wp-json\/wp\/v2\/comments?post=32039"}],"wp:featuredmedia":[{"embeddable":true,"href":"https:\/\/irinasb.com\/en\/wp-json\/wp\/v2\/media\/33326"}],"wp:attachment":[{"href":"https:\/\/irinasb.com\/en\/wp-json\/wp\/v2\/media?parent=32039"}],"wp:term":[{"taxonomy":"product_brand","embeddable":true,"href":"https:\/\/irinasb.com\/en\/wp-json\/wp\/v2\/product_brand?post=32039"},{"taxonomy":"product_cat","embeddable":true,"href":"https:\/\/irinasb.com\/en\/wp-json\/wp\/v2\/product_cat?post=32039"},{"taxonomy":"product_tag","embeddable":true,"href":"https:\/\/irinasb.com\/en\/wp-json\/wp\/v2\/product_tag?post=32039"}],"curies":[{"name":"wp","href":"https:\/\/api.w.org\/{rel}","templated":true}]}}