{"id":32018,"date":"2025-11-07T17:06:15","date_gmt":"2025-11-07T17:06:15","guid":{"rendered":"https:\/\/irinasb.com\/?post_type=product&#038;p=32018"},"modified":"2025-12-30T17:36:10","modified_gmt":"2025-12-30T17:36:10","slug":"pulseira-ambar-cor-escura","status":"publish","type":"product","link":"https:\/\/irinasb.com\/en\/product\/pulseira-ambar-cor-escura\/","title":{"rendered":"Pulseira \u00c2mbar Cor Escura"},"content":{"rendered":"<p>A <strong data-start=\"628\" data-end=\"657\">Pulseira \u00c2mbar Cor Escura<\/strong> \u00e9 uma pe\u00e7a que combina <strong data-start=\"681\" data-end=\"717\">for\u00e7a, eleg\u00e2ncia e autenticidade<\/strong>. Feita com <strong data-start=\"729\" data-end=\"754\">\u00e2mbar b\u00e1ltico natural<\/strong>, apresenta uma tonalidade escura e transl\u00facida que reflete luz de forma sutil e sofisticada.<\/p>\n<h4 data-start=\"1119\" data-end=\"1155\"><strong data-start=\"1122\" data-end=\"1155\">PRINCIPAIS CARACTER\u00cdSTICAS<\/strong><\/h4>\n<p data-start=\"1158\" data-end=\"1215\"><strong data-start=\"1158\" data-end=\"1171\">Material:<\/strong> \u00c2mbar B\u00e1ltico 100% natural e certificado, el\u00e1stico resistente.<\/p>\n<p data-start=\"1158\" data-end=\"1215\"><strong>Medida: <\/strong>aproximadamente 18 cm<\/p>\n<p data-start=\"1218\" data-end=\"1293\"><strong data-start=\"1218\" data-end=\"1226\">Cor:<\/strong> <em data-start=\"1227\" data-end=\"1256\">Tonalidade escura e intensa<\/em>, com reflexos quentes e profundos.<\/p>\n<p data-start=\"1296\" data-end=\"1382\"><strong data-start=\"1296\" data-end=\"1307\">Design:<\/strong> Contas arredondadas e polidas \u00e0 m\u00e3o, montadas com equil\u00edbrio e precis\u00e3o.<\/p>\n<p data-start=\"1456\" data-end=\"1536\"><strong data-start=\"1456\" data-end=\"1467\">Origem:<\/strong> Produzida com \u00e2mbar genu\u00edno, proveniente da regi\u00e3o do Mar B\u00e1ltico.<\/p>\n<h4 data-start=\"1639\" data-end=\"1696\"><strong data-start=\"1642\" data-end=\"1696\">BENEF\u00cdCIOS E RAZ\u00d5ES PARA ESCOLHER ESTA PULSEIRA<\/strong><\/h4>\n<p data-start=\"1699\" data-end=\"1805\"><strong data-start=\"1699\" data-end=\"1725\">Autenticidade natural:<\/strong> Cada conta \u00e9 uma cria\u00e7\u00e3o da natureza, sem aditivos ou colora\u00e7\u00f5es artificiais.<\/p>\n<p data-start=\"1808\" data-end=\"1932\"><strong data-start=\"1808\" data-end=\"1831\">Eleg\u00e2ncia discreta:<\/strong> O tom escuro confere um visual sofisticado, ideal para quem prefere acess\u00f3rios subtis e refinados.<\/p>\n<p data-start=\"1935\" data-end=\"2059\"><strong data-start=\"1935\" data-end=\"1953\">Versatilidade:<\/strong> Pode ser usada sozinha para um toque minimalista ou combinada com outras pe\u00e7as em tons claros de \u00e2mbar.<\/p>\n<p data-start=\"2062\" data-end=\"2190\"><strong data-start=\"2062\" data-end=\"2085\">Presente simb\u00f3lico:<\/strong> O \u00e2mbar \u00e9 conhecido por representar <strong data-start=\"2122\" data-end=\"2158\">energia, vitalidade e equil\u00edbrio<\/strong> \u2014 uma oferta com significado.<\/p>\n<p data-start=\"2193\" data-end=\"2280\"><strong data-start=\"2193\" data-end=\"2221\">Durabilidade e conforto:<\/strong> Leve, agrad\u00e1vel ao toque e resistente ao uso quotidiano.<\/p>","protected":false},"excerpt":{"rendered":"<p data-start=\"626\" data-end=\"1112\">Cada pulseira \u00e9 <strong data-start=\"866\" data-end=\"875\">\u00fanica<\/strong>, com contas artesanais polidas e um acabamento impec\u00e1vel, ideal para quem aprecia o charme discreto e o valor das joias naturais.<br data-start=\"1005\" data-end=\"1008\" \/>\u00c9 uma pe\u00e7a perfeita para o uso di\u00e1rio, para ocasi\u00f5es especiais ou como um presente simb\u00f3lico e elegante.<\/p>","protected":false},"featured_media":32171,"comment_status":"closed","ping_status":"closed","template":"","meta":[],"product_brand":[],"product_cat":[763,289],"product_tag":[818,773],"class_list":{"0":"post-32018","1":"product","2":"type-product","3":"status-publish","4":"has-post-thumbnail","6":"product_cat-ambar","7":"product_cat-homem","8":"product_tag-ambar-escuro","9":"product_tag-pulseira","11":"first","12":"outofstock","13":"shipping-taxable","14":"purchasable","15":"product-type-simple"},"yoast_head":"<!-- This site is optimized with the Yoast SEO plugin v26.2 - https:\/\/yoast.com\/wordpress\/plugins\/seo\/ -->\n<title>Pulseira \u00c2mbar Cor Escura - IrinasB<\/title>\n<meta name=\"description\" content=\"Pulseira de \u00c2mbar Com Cor Escura.\" \/>\n<meta name=\"robots\" content=\"index, follow, max-snippet:-1, max-image-preview:large, max-video-preview:-1\" \/>\n<link rel=\"canonical\" href=\"https:\/\/irinasb.com\/en\/product\/pulseira-ambar-cor-escura\/\" \/>\n<meta property=\"og:locale\" content=\"en_GB\" \/>\n<meta property=\"og:type\" content=\"article\" \/>\n<meta property=\"og:title\" content=\"Pulseira \u00c2mbar Cor Escura - IrinasB\" \/>\n<meta property=\"og:description\" content=\"Pulseira de \u00c2mbar Com Cor Escura.\" \/>\n<meta property=\"og:url\" content=\"https:\/\/irinasb.com\/en\/product\/pulseira-ambar-cor-escura\/\" \/>\n<meta property=\"og:site_name\" content=\"IrinasB\" \/>\n<meta property=\"article:modified_time\" content=\"2025-12-30T17:36:10+00:00\" \/>\n<meta property=\"og:image\" content=\"https:\/\/irinasb.com\/wp-content\/uploads\/2025\/11\/pulseira-ambar-escura-homem.jpg\" \/>\n\t<meta property=\"og:image:width\" content=\"800\" \/>\n\t<meta property=\"og:image:height\" content=\"968\" \/>\n\t<meta property=\"og:image:type\" content=\"image\/jpeg\" \/>\n<meta name=\"twitter:card\" content=\"summary_large_image\" \/>\n<meta name=\"twitter:label1\" content=\"Estimated reading time\" \/>\n\t<meta name=\"twitter:data1\" content=\"2 minutes\" \/>\n<script type=\"application\/ld+json\" class=\"yoast-schema-graph\">{\"@context\":\"https:\/\/schema.org\",\"@graph\":[{\"@type\":\"WebPage\",\"@id\":\"https:\/\/irinasb.com\/produto\/pulseira-ambar-cor-escura\/\",\"url\":\"https:\/\/irinasb.com\/produto\/pulseira-ambar-cor-escura\/\",\"name\":\"Pulseira \u00c2mbar Cor Escura - IrinasB\",\"isPartOf\":{\"@id\":\"https:\/\/irinasb.com\/#website\"},\"primaryImageOfPage\":{\"@id\":\"https:\/\/irinasb.com\/produto\/pulseira-ambar-cor-escura\/#primaryimage\"},\"image\":{\"@id\":\"https:\/\/irinasb.com\/produto\/pulseira-ambar-cor-escura\/#primaryimage\"},\"thumbnailUrl\":\"https:\/\/irinasb.com\/wp-content\/uploads\/2025\/11\/pulseira-ambar-escura-homem.jpg\",\"datePublished\":\"2025-11-07T17:06:15+00:00\",\"dateModified\":\"2025-12-30T17:36:10+00:00\",\"description\":\"Pulseira de \u00c2mbar Com Cor Escura.\",\"breadcrumb\":{\"@id\":\"https:\/\/irinasb.com\/produto\/pulseira-ambar-cor-escura\/#breadcrumb\"},\"inLanguage\":\"en-GB\",\"potentialAction\":[{\"@type\":\"ReadAction\",\"target\":[\"https:\/\/irinasb.com\/produto\/pulseira-ambar-cor-escura\/\"]}]},{\"@type\":\"ImageObject\",\"inLanguage\":\"en-GB\",\"@id\":\"https:\/\/irinasb.com\/produto\/pulseira-ambar-cor-escura\/#primaryimage\",\"url\":\"https:\/\/irinasb.com\/wp-content\/uploads\/2025\/11\/pulseira-ambar-escura-homem.jpg\",\"contentUrl\":\"https:\/\/irinasb.com\/wp-content\/uploads\/2025\/11\/pulseira-ambar-escura-homem.jpg\",\"width\":800,\"height\":968},{\"@type\":\"BreadcrumbList\",\"@id\":\"https:\/\/irinasb.com\/produto\/pulseira-ambar-cor-escura\/#breadcrumb\",\"itemListElement\":[{\"@type\":\"ListItem\",\"position\":1,\"name\":\"Home\",\"item\":\"https:\/\/irinasb.com\/\"},{\"@type\":\"ListItem\",\"position\":2,\"name\":\"Loja\",\"item\":\"https:\/\/irinasb.com\/loja\/\"},{\"@type\":\"ListItem\",\"position\":3,\"name\":\"Pulseira \u00c2mbar Cor Escura\"}]},{\"@type\":\"WebSite\",\"@id\":\"https:\/\/irinasb.com\/#website\",\"url\":\"https:\/\/irinasb.com\/\",\"name\":\"IrinasB\",\"description\":\"Handmade Dreams\",\"publisher\":{\"@id\":\"https:\/\/irinasb.com\/#organization\"},\"potentialAction\":[{\"@type\":\"SearchAction\",\"target\":{\"@type\":\"EntryPoint\",\"urlTemplate\":\"https:\/\/irinasb.com\/?s={search_term_string}\"},\"query-input\":{\"@type\":\"PropertyValueSpecification\",\"valueRequired\":true,\"valueName\":\"search_term_string\"}}],\"inLanguage\":\"en-GB\"},{\"@type\":\"Organization\",\"@id\":\"https:\/\/irinasb.com\/#organization\",\"name\":\"IrinasB\",\"url\":\"https:\/\/irinasb.com\/\",\"logo\":{\"@type\":\"ImageObject\",\"inLanguage\":\"en-GB\",\"@id\":\"https:\/\/irinasb.com\/#\/schema\/logo\/image\/\",\"url\":\"https:\/\/irinasb.com\/wp-content\/uploads\/2016\/11\/logo.fw_.png\",\"contentUrl\":\"https:\/\/irinasb.com\/wp-content\/uploads\/2016\/11\/logo.fw_.png\",\"width\":900,\"height\":453,\"caption\":\"IrinasB\"},\"image\":{\"@id\":\"https:\/\/irinasb.com\/#\/schema\/logo\/image\/\"}}]}<\/script>\n<!-- \/ Yoast SEO plugin. -->","yoast_head_json":{"title":"Pulseira \u00c2mbar Cor Escura - IrinasB","description":"Pulseira de \u00c2mbar Com Cor Escura.","robots":{"index":"index","follow":"follow","max-snippet":"max-snippet:-1","max-image-preview":"max-image-preview:large","max-video-preview":"max-video-preview:-1"},"canonical":"https:\/\/irinasb.com\/en\/product\/pulseira-ambar-cor-escura\/","og_locale":"en_GB","og_type":"article","og_title":"Pulseira \u00c2mbar Cor Escura - IrinasB","og_description":"Pulseira de \u00c2mbar Com Cor Escura.","og_url":"https:\/\/irinasb.com\/en\/product\/pulseira-ambar-cor-escura\/","og_site_name":"IrinasB","article_modified_time":"2025-12-30T17:36:10+00:00","og_image":[{"width":800,"height":968,"url":"https:\/\/irinasb.com\/wp-content\/uploads\/2025\/11\/pulseira-ambar-escura-homem.jpg","type":"image\/jpeg"}],"twitter_card":"summary_large_image","twitter_misc":{"Estimated reading time":"2 minutes"},"schema":{"@context":"https:\/\/schema.org","@graph":[{"@type":"WebPage","@id":"https:\/\/irinasb.com\/produto\/pulseira-ambar-cor-escura\/","url":"https:\/\/irinasb.com\/produto\/pulseira-ambar-cor-escura\/","name":"Pulseira \u00c2mbar Cor Escura - IrinasB","isPartOf":{"@id":"https:\/\/irinasb.com\/#website"},"primaryImageOfPage":{"@id":"https:\/\/irinasb.com\/produto\/pulseira-ambar-cor-escura\/#primaryimage"},"image":{"@id":"https:\/\/irinasb.com\/produto\/pulseira-ambar-cor-escura\/#primaryimage"},"thumbnailUrl":"https:\/\/irinasb.com\/wp-content\/uploads\/2025\/11\/pulseira-ambar-escura-homem.jpg","datePublished":"2025-11-07T17:06:15+00:00","dateModified":"2025-12-30T17:36:10+00:00","description":"Pulseira de \u00c2mbar Com Cor Escura.","breadcrumb":{"@id":"https:\/\/irinasb.com\/produto\/pulseira-ambar-cor-escura\/#breadcrumb"},"inLanguage":"en-GB","potentialAction":[{"@type":"ReadAction","target":["https:\/\/irinasb.com\/produto\/pulseira-ambar-cor-escura\/"]}]},{"@type":"ImageObject","inLanguage":"en-GB","@id":"https:\/\/irinasb.com\/produto\/pulseira-ambar-cor-escura\/#primaryimage","url":"https:\/\/irinasb.com\/wp-content\/uploads\/2025\/11\/pulseira-ambar-escura-homem.jpg","contentUrl":"https:\/\/irinasb.com\/wp-content\/uploads\/2025\/11\/pulseira-ambar-escura-homem.jpg","width":800,"height":968},{"@type":"BreadcrumbList","@id":"https:\/\/irinasb.com\/produto\/pulseira-ambar-cor-escura\/#breadcrumb","itemListElement":[{"@type":"ListItem","position":1,"name":"Home","item":"https:\/\/irinasb.com\/"},{"@type":"ListItem","position":2,"name":"Loja","item":"https:\/\/irinasb.com\/loja\/"},{"@type":"ListItem","position":3,"name":"Pulseira \u00c2mbar Cor Escura"}]},{"@type":"WebSite","@id":"https:\/\/irinasb.com\/#website","url":"https:\/\/irinasb.com\/","name":"IrinasB","description":"Handmade Dreams","publisher":{"@id":"https:\/\/irinasb.com\/#organization"},"potentialAction":[{"@type":"SearchAction","target":{"@type":"EntryPoint","urlTemplate":"https:\/\/irinasb.com\/?s={search_term_string}"},"query-input":{"@type":"PropertyValueSpecification","valueRequired":true,"valueName":"search_term_string"}}],"inLanguage":"en-GB"},{"@type":"Organization","@id":"https:\/\/irinasb.com\/#organization","name":"IrinasB","url":"https:\/\/irinasb.com\/","logo":{"@type":"ImageObject","inLanguage":"en-GB","@id":"https:\/\/irinasb.com\/#\/schema\/logo\/image\/","url":"https:\/\/irinasb.com\/wp-content\/uploads\/2016\/11\/logo.fw_.png","contentUrl":"https:\/\/irinasb.com\/wp-content\/uploads\/2016\/11\/logo.fw_.png","width":900,"height":453,"caption":"IrinasB"},"image":{"@id":"https:\/\/irinasb.com\/#\/schema\/logo\/image\/"}}]}},"_links":{"self":[{"href":"https:\/\/irinasb.com\/en\/wp-json\/wp\/v2\/product\/32018","targetHints":{"allow":["GET"]}}],"collection":[{"href":"https:\/\/irinasb.com\/en\/wp-json\/wp\/v2\/product"}],"about":[{"href":"https:\/\/irinasb.com\/en\/wp-json\/wp\/v2\/types\/product"}],"replies":[{"embeddable":true,"href":"https:\/\/irinasb.com\/en\/wp-json\/wp\/v2\/comments?post=32018"}],"wp:featuredmedia":[{"embeddable":true,"href":"https:\/\/irinasb.com\/en\/wp-json\/wp\/v2\/media\/32171"}],"wp:attachment":[{"href":"https:\/\/irinasb.com\/en\/wp-json\/wp\/v2\/media?parent=32018"}],"wp:term":[{"taxonomy":"product_brand","embeddable":true,"href":"https:\/\/irinasb.com\/en\/wp-json\/wp\/v2\/product_brand?post=32018"},{"taxonomy":"product_cat","embeddable":true,"href":"https:\/\/irinasb.com\/en\/wp-json\/wp\/v2\/product_cat?post=32018"},{"taxonomy":"product_tag","embeddable":true,"href":"https:\/\/irinasb.com\/en\/wp-json\/wp\/v2\/product_tag?post=32018"}],"curies":[{"name":"wp","href":"https:\/\/api.w.org\/{rel}","templated":true}]}}