{"id":32009,"date":"2025-11-07T16:46:11","date_gmt":"2025-11-07T16:46:11","guid":{"rendered":"https:\/\/irinasb.com\/?post_type=product&#038;p=32009"},"modified":"2025-11-14T23:07:59","modified_gmt":"2025-11-14T23:07:59","slug":"colar-ambar-cor-mel-2","status":"publish","type":"product","link":"https:\/\/irinasb.com\/en\/product\/colar-ambar-cor-mel-2\/","title":{"rendered":"Colar \u00c2mbar Cor Mel"},"content":{"rendered":"<p>O <strong data-start=\"397\" data-end=\"421\">Colar \u00c2mbar <\/strong>\u00a0\u00e9 uma pe\u00e7a \u00fanica que celebra a <strong data-start=\"453\" data-end=\"488\">beleza natural do \u00e2mbar b\u00e1ltico<\/strong>, apresentando uma tonalidade de mel.<br data-start=\"563\" data-end=\"566\" \/>Cada colar \u00e9 trabalhado artesanalmente, destacando o contraste harmonioso entre os tons quentes e a transpar\u00eancia caracter\u00edstica do \u00e2mbar.<\/p>\n<h4 data-start=\"861\" data-end=\"897\"><strong data-start=\"864\" data-end=\"897\">PRINCIPAIS CARACTER\u00cdSTICAS<\/strong><\/h4>\n<p data-start=\"900\" data-end=\"957\"><strong data-start=\"900\" data-end=\"913\">Material:<\/strong> \u00c2mbar B\u00e1ltico 100% natural e certificado.<\/p>\n<p data-start=\"960\" data-end=\"1050\"><strong data-start=\"960\" data-end=\"970\">Cores:<\/strong>\u00a0<i>Mel<\/i>.<\/p>\n<p data-start=\"960\" data-end=\"1050\">Tamanho: 45 cm<\/p>\n<p data-start=\"1053\" data-end=\"1146\"><strong data-start=\"1053\" data-end=\"1064\">Design:<\/strong> Contas polidas \u00e0 m\u00e3o, montadas com equil\u00edbrio crom\u00e1tico e acabamento artesanal.<\/p>\n<p data-start=\"1149\" data-end=\"1206\"><strong data-start=\"1149\" data-end=\"1159\">Fecho:<\/strong> De rosca, seguro e discreto, adaptado para uso di\u00e1rio.<\/p>\n<h4 data-start=\"1387\" data-end=\"1441\"><strong data-start=\"1390\" data-end=\"1441\">BENEF\u00cdCIOS E RAZ\u00d5ES PARA ESCOLHER ESTE COLAR<\/strong><\/h4>\n<p data-start=\"1444\" data-end=\"1542\"><strong data-start=\"1444\" data-end=\"1472\">Autenticidade garantida:<\/strong> Feito apenas com \u00e2mbar natural, sem aditivos ou resinas sint\u00e9ticas.<\/p>\n<p data-start=\"1545\" data-end=\"1636\"><strong data-start=\"1545\" data-end=\"1575\">Design tricolor exclusivo:<\/strong> Cada colar \u00e9 \u00fanico \u2014 nenhuma combina\u00e7\u00e3o de tons se repete.<\/p>\n<p data-start=\"1639\" data-end=\"1736\"><strong data-start=\"1639\" data-end=\"1658\">Beleza natural:<\/strong> As tonalidades aquecidas real\u00e7am a pele e conferem brilho subtil ao visual.<\/p>\n<p data-start=\"1739\" data-end=\"1813\"><strong data-start=\"1739\" data-end=\"1752\">Vers\u00e1til:<\/strong> Ideal tanto para o dia a dia como para ocasi\u00f5es especiais.<\/p>\n<p data-start=\"1816\" data-end=\"1918\"><strong data-start=\"1816\" data-end=\"1845\">Presente com significado:<\/strong> O \u00e2mbar \u00e9 tradicionalmente associado \u00e0 energia, vitalidade e prote\u00e7\u00e3o.<\/p>","protected":false},"excerpt":{"rendered":"<p>O Colar \u00c2mbar \u00a0\u00e9 uma pe\u00e7a \u00fanica que celebra a beleza natural do \u00e2mbar b\u00e1ltico, apresentando uma tonalidade de mel.Cada colar \u00e9 trabalhado artesanalmente, destacando o contraste harmonioso entre os tons quentes e a transpar\u00eancia caracter\u00edstica do \u00e2mbar.&hellip;<\/p>","protected":false},"featured_media":32135,"comment_status":"closed","ping_status":"closed","template":"","meta":[],"product_brand":[],"product_cat":[763],"product_tag":[703,816,496],"class_list":{"0":"post-32009","1":"product","2":"type-product","3":"status-publish","4":"has-post-thumbnail","6":"product_cat-ambar","7":"product_tag-ambar","8":"product_tag-ambar-mel","9":"product_tag-colar","11":"first","12":"instock","13":"shipping-taxable","14":"purchasable","15":"product-type-simple"},"yoast_head":"<!-- This site is optimized with the Yoast SEO plugin v26.2 - https:\/\/yoast.com\/wordpress\/plugins\/seo\/ -->\n<title>Colar \u00c2mbar Cor Mel - IrinasB<\/title>\n<meta name=\"description\" content=\"Colar Ajust\u00e1vel cor Mel com \u00c2mbar.\" \/>\n<meta name=\"robots\" content=\"index, follow, max-snippet:-1, max-image-preview:large, max-video-preview:-1\" \/>\n<link rel=\"canonical\" href=\"https:\/\/irinasb.com\/en\/product\/colar-ambar-cor-mel-2\/\" \/>\n<meta property=\"og:locale\" content=\"en_GB\" \/>\n<meta property=\"og:type\" content=\"article\" \/>\n<meta property=\"og:title\" content=\"Colar \u00c2mbar Cor Mel - IrinasB\" \/>\n<meta property=\"og:description\" content=\"Colar Ajust\u00e1vel cor Mel com \u00c2mbar.\" \/>\n<meta property=\"og:url\" content=\"https:\/\/irinasb.com\/en\/product\/colar-ambar-cor-mel-2\/\" \/>\n<meta property=\"og:site_name\" content=\"IrinasB\" \/>\n<meta property=\"article:modified_time\" content=\"2025-11-14T23:07:59+00:00\" \/>\n<meta property=\"og:image\" content=\"https:\/\/irinasb.com\/wp-content\/uploads\/2025\/11\/colar-ambar-mod2.jpg\" \/>\n\t<meta property=\"og:image:width\" content=\"800\" \/>\n\t<meta property=\"og:image:height\" content=\"942\" \/>\n\t<meta property=\"og:image:type\" content=\"image\/jpeg\" \/>\n<meta name=\"twitter:card\" content=\"summary_large_image\" \/>\n<meta name=\"twitter:label1\" content=\"Estimated reading time\" \/>\n\t<meta name=\"twitter:data1\" content=\"2 minutes\" \/>\n<script type=\"application\/ld+json\" class=\"yoast-schema-graph\">{\"@context\":\"https:\/\/schema.org\",\"@graph\":[{\"@type\":\"WebPage\",\"@id\":\"https:\/\/irinasb.com\/produto\/colar-ambar-cor-mel-2\/\",\"url\":\"https:\/\/irinasb.com\/produto\/colar-ambar-cor-mel-2\/\",\"name\":\"Colar \u00c2mbar Cor Mel - IrinasB\",\"isPartOf\":{\"@id\":\"https:\/\/irinasb.com\/#website\"},\"primaryImageOfPage\":{\"@id\":\"https:\/\/irinasb.com\/produto\/colar-ambar-cor-mel-2\/#primaryimage\"},\"image\":{\"@id\":\"https:\/\/irinasb.com\/produto\/colar-ambar-cor-mel-2\/#primaryimage\"},\"thumbnailUrl\":\"https:\/\/irinasb.com\/wp-content\/uploads\/2025\/11\/colar-ambar-mod2.jpg\",\"datePublished\":\"2025-11-07T16:46:11+00:00\",\"dateModified\":\"2025-11-14T23:07:59+00:00\",\"description\":\"Colar Ajust\u00e1vel cor Mel com \u00c2mbar.\",\"breadcrumb\":{\"@id\":\"https:\/\/irinasb.com\/produto\/colar-ambar-cor-mel-2\/#breadcrumb\"},\"inLanguage\":\"en-GB\",\"potentialAction\":[{\"@type\":\"ReadAction\",\"target\":[\"https:\/\/irinasb.com\/produto\/colar-ambar-cor-mel-2\/\"]}]},{\"@type\":\"ImageObject\",\"inLanguage\":\"en-GB\",\"@id\":\"https:\/\/irinasb.com\/produto\/colar-ambar-cor-mel-2\/#primaryimage\",\"url\":\"https:\/\/irinasb.com\/wp-content\/uploads\/2025\/11\/colar-ambar-mod2.jpg\",\"contentUrl\":\"https:\/\/irinasb.com\/wp-content\/uploads\/2025\/11\/colar-ambar-mod2.jpg\",\"width\":800,\"height\":942},{\"@type\":\"BreadcrumbList\",\"@id\":\"https:\/\/irinasb.com\/produto\/colar-ambar-cor-mel-2\/#breadcrumb\",\"itemListElement\":[{\"@type\":\"ListItem\",\"position\":1,\"name\":\"Home\",\"item\":\"https:\/\/irinasb.com\/\"},{\"@type\":\"ListItem\",\"position\":2,\"name\":\"Loja\",\"item\":\"https:\/\/irinasb.com\/loja\/\"},{\"@type\":\"ListItem\",\"position\":3,\"name\":\"Colar \u00c2mbar Cor Mel\"}]},{\"@type\":\"WebSite\",\"@id\":\"https:\/\/irinasb.com\/#website\",\"url\":\"https:\/\/irinasb.com\/\",\"name\":\"IrinasB\",\"description\":\"Handmade Dreams\",\"publisher\":{\"@id\":\"https:\/\/irinasb.com\/#organization\"},\"potentialAction\":[{\"@type\":\"SearchAction\",\"target\":{\"@type\":\"EntryPoint\",\"urlTemplate\":\"https:\/\/irinasb.com\/?s={search_term_string}\"},\"query-input\":{\"@type\":\"PropertyValueSpecification\",\"valueRequired\":true,\"valueName\":\"search_term_string\"}}],\"inLanguage\":\"en-GB\"},{\"@type\":\"Organization\",\"@id\":\"https:\/\/irinasb.com\/#organization\",\"name\":\"IrinasB\",\"url\":\"https:\/\/irinasb.com\/\",\"logo\":{\"@type\":\"ImageObject\",\"inLanguage\":\"en-GB\",\"@id\":\"https:\/\/irinasb.com\/#\/schema\/logo\/image\/\",\"url\":\"https:\/\/irinasb.com\/wp-content\/uploads\/2016\/11\/logo.fw_.png\",\"contentUrl\":\"https:\/\/irinasb.com\/wp-content\/uploads\/2016\/11\/logo.fw_.png\",\"width\":900,\"height\":453,\"caption\":\"IrinasB\"},\"image\":{\"@id\":\"https:\/\/irinasb.com\/#\/schema\/logo\/image\/\"}}]}<\/script>\n<!-- \/ Yoast SEO plugin. -->","yoast_head_json":{"title":"Colar \u00c2mbar Cor Mel - IrinasB","description":"Colar Ajust\u00e1vel cor Mel com \u00c2mbar.","robots":{"index":"index","follow":"follow","max-snippet":"max-snippet:-1","max-image-preview":"max-image-preview:large","max-video-preview":"max-video-preview:-1"},"canonical":"https:\/\/irinasb.com\/en\/product\/colar-ambar-cor-mel-2\/","og_locale":"en_GB","og_type":"article","og_title":"Colar \u00c2mbar Cor Mel - IrinasB","og_description":"Colar Ajust\u00e1vel cor Mel com \u00c2mbar.","og_url":"https:\/\/irinasb.com\/en\/product\/colar-ambar-cor-mel-2\/","og_site_name":"IrinasB","article_modified_time":"2025-11-14T23:07:59+00:00","og_image":[{"width":800,"height":942,"url":"https:\/\/irinasb.com\/wp-content\/uploads\/2025\/11\/colar-ambar-mod2.jpg","type":"image\/jpeg"}],"twitter_card":"summary_large_image","twitter_misc":{"Estimated reading time":"2 minutes"},"schema":{"@context":"https:\/\/schema.org","@graph":[{"@type":"WebPage","@id":"https:\/\/irinasb.com\/produto\/colar-ambar-cor-mel-2\/","url":"https:\/\/irinasb.com\/produto\/colar-ambar-cor-mel-2\/","name":"Colar \u00c2mbar Cor Mel - IrinasB","isPartOf":{"@id":"https:\/\/irinasb.com\/#website"},"primaryImageOfPage":{"@id":"https:\/\/irinasb.com\/produto\/colar-ambar-cor-mel-2\/#primaryimage"},"image":{"@id":"https:\/\/irinasb.com\/produto\/colar-ambar-cor-mel-2\/#primaryimage"},"thumbnailUrl":"https:\/\/irinasb.com\/wp-content\/uploads\/2025\/11\/colar-ambar-mod2.jpg","datePublished":"2025-11-07T16:46:11+00:00","dateModified":"2025-11-14T23:07:59+00:00","description":"Colar Ajust\u00e1vel cor Mel com \u00c2mbar.","breadcrumb":{"@id":"https:\/\/irinasb.com\/produto\/colar-ambar-cor-mel-2\/#breadcrumb"},"inLanguage":"en-GB","potentialAction":[{"@type":"ReadAction","target":["https:\/\/irinasb.com\/produto\/colar-ambar-cor-mel-2\/"]}]},{"@type":"ImageObject","inLanguage":"en-GB","@id":"https:\/\/irinasb.com\/produto\/colar-ambar-cor-mel-2\/#primaryimage","url":"https:\/\/irinasb.com\/wp-content\/uploads\/2025\/11\/colar-ambar-mod2.jpg","contentUrl":"https:\/\/irinasb.com\/wp-content\/uploads\/2025\/11\/colar-ambar-mod2.jpg","width":800,"height":942},{"@type":"BreadcrumbList","@id":"https:\/\/irinasb.com\/produto\/colar-ambar-cor-mel-2\/#breadcrumb","itemListElement":[{"@type":"ListItem","position":1,"name":"Home","item":"https:\/\/irinasb.com\/"},{"@type":"ListItem","position":2,"name":"Loja","item":"https:\/\/irinasb.com\/loja\/"},{"@type":"ListItem","position":3,"name":"Colar \u00c2mbar Cor Mel"}]},{"@type":"WebSite","@id":"https:\/\/irinasb.com\/#website","url":"https:\/\/irinasb.com\/","name":"IrinasB","description":"Handmade Dreams","publisher":{"@id":"https:\/\/irinasb.com\/#organization"},"potentialAction":[{"@type":"SearchAction","target":{"@type":"EntryPoint","urlTemplate":"https:\/\/irinasb.com\/?s={search_term_string}"},"query-input":{"@type":"PropertyValueSpecification","valueRequired":true,"valueName":"search_term_string"}}],"inLanguage":"en-GB"},{"@type":"Organization","@id":"https:\/\/irinasb.com\/#organization","name":"IrinasB","url":"https:\/\/irinasb.com\/","logo":{"@type":"ImageObject","inLanguage":"en-GB","@id":"https:\/\/irinasb.com\/#\/schema\/logo\/image\/","url":"https:\/\/irinasb.com\/wp-content\/uploads\/2016\/11\/logo.fw_.png","contentUrl":"https:\/\/irinasb.com\/wp-content\/uploads\/2016\/11\/logo.fw_.png","width":900,"height":453,"caption":"IrinasB"},"image":{"@id":"https:\/\/irinasb.com\/#\/schema\/logo\/image\/"}}]}},"_links":{"self":[{"href":"https:\/\/irinasb.com\/en\/wp-json\/wp\/v2\/product\/32009","targetHints":{"allow":["GET"]}}],"collection":[{"href":"https:\/\/irinasb.com\/en\/wp-json\/wp\/v2\/product"}],"about":[{"href":"https:\/\/irinasb.com\/en\/wp-json\/wp\/v2\/types\/product"}],"replies":[{"embeddable":true,"href":"https:\/\/irinasb.com\/en\/wp-json\/wp\/v2\/comments?post=32009"}],"wp:featuredmedia":[{"embeddable":true,"href":"https:\/\/irinasb.com\/en\/wp-json\/wp\/v2\/media\/32135"}],"wp:attachment":[{"href":"https:\/\/irinasb.com\/en\/wp-json\/wp\/v2\/media?parent=32009"}],"wp:term":[{"taxonomy":"product_brand","embeddable":true,"href":"https:\/\/irinasb.com\/en\/wp-json\/wp\/v2\/product_brand?post=32009"},{"taxonomy":"product_cat","embeddable":true,"href":"https:\/\/irinasb.com\/en\/wp-json\/wp\/v2\/product_cat?post=32009"},{"taxonomy":"product_tag","embeddable":true,"href":"https:\/\/irinasb.com\/en\/wp-json\/wp\/v2\/product_tag?post=32009"}],"curies":[{"name":"wp","href":"https:\/\/api.w.org\/{rel}","templated":true}]}}