{"id":31986,"date":"2025-11-02T20:16:04","date_gmt":"2025-11-02T20:16:04","guid":{"rendered":"https:\/\/irinasb.com\/?post_type=product&#038;p=31986"},"modified":"2025-11-02T20:33:43","modified_gmt":"2025-11-02T20:33:43","slug":"colar-cordao-rosa-e-flor","status":"publish","type":"product","link":"https:\/\/irinasb.com\/en\/product\/colar-cordao-rosa-e-flor\/","title":{"rendered":"Colar Cord\u00e3o Rosa e Flor"},"content":{"rendered":"<p data-start=\"215\" data-end=\"578\">O <strong data-start=\"217\" data-end=\"245\">Colar Cord\u00e3o Rosa e Flor<\/strong> \u00e9 uma pe\u00e7a encantadora que combina feminilidade e sofistica\u00e7\u00e3o. Feito com <strong data-start=\"320\" data-end=\"357\">cord\u00e3o em tons de rosa e castanho<\/strong>, apresenta uma <strong data-start=\"373\" data-end=\"398\">flor em zamak dourada<\/strong> que confere um toque moderno e elegante. O <strong data-start=\"442\" data-end=\"458\">fecho em a\u00e7o<\/strong> garante durabilidade e acabamento de qualidade, tornando-o ideal tanto para o dia a dia como para ocasi\u00f5es especiais.<\/p>\n<p data-start=\"580\" data-end=\"706\">Com <strong data-start=\"584\" data-end=\"624\">aproximadamente 45 cm de comprimento<\/strong>, este colar \u00e9 perfeito para quem aprecia acess\u00f3rios \u00fanicos e com personalidade.<\/p>\n<h4 data-start=\"713\" data-end=\"736\">Caracter\u00edsticas<\/h4>\n<ul data-start=\"737\" data-end=\"937\">\n<li data-start=\"737\" data-end=\"788\">\n<p data-start=\"739\" data-end=\"788\">Material: <strong data-start=\"749\" data-end=\"786\">Cord\u00e3o em tons de rosa e castanho<\/strong><\/p>\n<\/li>\n<li data-start=\"789\" data-end=\"827\">\n<p data-start=\"791\" data-end=\"827\">Detalhe: <strong data-start=\"800\" data-end=\"825\">Flor em zamak dourada<\/strong><\/p>\n<\/li>\n<li data-start=\"828\" data-end=\"860\">\n<p data-start=\"830\" data-end=\"860\">Fecho: <strong data-start=\"837\" data-end=\"858\">Em a\u00e7o resistente<\/strong><\/p>\n<\/li>\n<li data-start=\"861\" data-end=\"896\">\n<p data-start=\"863\" data-end=\"896\">Comprimento: <strong data-start=\"876\" data-end=\"894\">45 cm (aprox.)<\/strong><\/p>\n<\/li>\n<li data-start=\"897\" data-end=\"937\">\n<p data-start=\"899\" data-end=\"937\">Estilo: feminino, moderno e elegante<\/p>\n<\/li>\n<\/ul>\n<h4 data-start=\"944\" data-end=\"971\">Porque deve comprar<\/h4>\n<p data-start=\"972\" data-end=\"1252\">Combina\u00e7\u00e3o harmoniosa de cores e materiais<br data-start=\"1017\" data-end=\"1020\" \/>Flor dourada que real\u00e7a a delicadeza e o brilho da pe\u00e7a<br data-start=\"1078\" data-end=\"1081\" \/>Fecho em a\u00e7o para maior durabilidade<br data-start=\"1120\" data-end=\"1123\" \/>Design vers\u00e1til \u2014 ideal para looks casuais ou sofisticados<br data-start=\"1184\" data-end=\"1187\" \/>Excelente op\u00e7\u00e3o de <strong data-start=\"1209\" data-end=\"1250\">presente feminino elegante e original<\/strong><\/p>","protected":false},"excerpt":{"rendered":"<p>Uma joia que transmite <strong data-start=\"1341\" data-end=\"1376\">do\u00e7ura, eleg\u00e2ncia e modernidade<\/strong>. Ideal para mulheres que gostam de expressar a sua personalidade com acess\u00f3rios delicados e cheios de estilo.<\/p>","protected":false},"featured_media":31987,"comment_status":"closed","ping_status":"closed","template":"","meta":[],"product_brand":[],"product_cat":[110],"product_tag":[809,808],"class_list":{"0":"post-31986","1":"product","2":"type-product","3":"status-publish","4":"has-post-thumbnail","6":"product_cat-colares","7":"product_tag-colar-cordao-e-flor","8":"product_tag-colar-flor","10":"first","11":"instock","12":"shipping-taxable","13":"purchasable","14":"product-type-simple"},"yoast_head":"<!-- This site is optimized with the Yoast SEO plugin v26.2 - https:\/\/yoast.com\/wordpress\/plugins\/seo\/ -->\n<title>Colar Cord\u00e3o Rosa e Flor - IrinasB<\/title>\n<meta name=\"description\" content=\"Colar com cord\u00e3o em tons de rosa de castanho, fecho em a\u00e7o e flor em zamak dourada. Tamanho aproximado: 45cm\" \/>\n<meta name=\"robots\" content=\"index, follow, max-snippet:-1, max-image-preview:large, max-video-preview:-1\" \/>\n<link rel=\"canonical\" href=\"https:\/\/irinasb.com\/en\/product\/colar-cordao-rosa-e-flor\/\" \/>\n<meta property=\"og:locale\" content=\"en_GB\" \/>\n<meta property=\"og:type\" content=\"article\" \/>\n<meta property=\"og:title\" content=\"Colar Cord\u00e3o Rosa e Flor - IrinasB\" \/>\n<meta property=\"og:description\" content=\"Colar com cord\u00e3o em tons de rosa de castanho, fecho em a\u00e7o e flor em zamak dourada. Tamanho aproximado: 45cm\" \/>\n<meta property=\"og:url\" content=\"https:\/\/irinasb.com\/en\/product\/colar-cordao-rosa-e-flor\/\" \/>\n<meta property=\"og:site_name\" content=\"IrinasB\" \/>\n<meta property=\"article:modified_time\" content=\"2025-11-02T20:33:43+00:00\" \/>\n<meta property=\"og:image\" content=\"https:\/\/irinasb.com\/wp-content\/uploads\/2025\/11\/colar-cordao-rosa-e-castanho-e-flor-em-zamak-1.jpg\" \/>\n\t<meta property=\"og:image:width\" content=\"800\" \/>\n\t<meta property=\"og:image:height\" content=\"943\" \/>\n\t<meta property=\"og:image:type\" content=\"image\/jpeg\" \/>\n<meta name=\"twitter:card\" content=\"summary_large_image\" \/>\n<meta name=\"twitter:label1\" content=\"Estimated reading time\" \/>\n\t<meta name=\"twitter:data1\" content=\"2 minutes\" \/>\n<script type=\"application\/ld+json\" class=\"yoast-schema-graph\">{\"@context\":\"https:\/\/schema.org\",\"@graph\":[{\"@type\":\"WebPage\",\"@id\":\"https:\/\/irinasb.com\/produto\/colar-cordao-rosa-e-flor\/\",\"url\":\"https:\/\/irinasb.com\/produto\/colar-cordao-rosa-e-flor\/\",\"name\":\"Colar Cord\u00e3o Rosa e Flor - IrinasB\",\"isPartOf\":{\"@id\":\"https:\/\/irinasb.com\/#website\"},\"primaryImageOfPage\":{\"@id\":\"https:\/\/irinasb.com\/produto\/colar-cordao-rosa-e-flor\/#primaryimage\"},\"image\":{\"@id\":\"https:\/\/irinasb.com\/produto\/colar-cordao-rosa-e-flor\/#primaryimage\"},\"thumbnailUrl\":\"https:\/\/irinasb.com\/wp-content\/uploads\/2025\/11\/colar-cordao-rosa-e-castanho-e-flor-em-zamak-1.jpg\",\"datePublished\":\"2025-11-02T20:16:04+00:00\",\"dateModified\":\"2025-11-02T20:33:43+00:00\",\"description\":\"Colar com cord\u00e3o em tons de rosa de castanho, fecho em a\u00e7o e flor em zamak dourada. Tamanho aproximado: 45cm\",\"breadcrumb\":{\"@id\":\"https:\/\/irinasb.com\/produto\/colar-cordao-rosa-e-flor\/#breadcrumb\"},\"inLanguage\":\"en-GB\",\"potentialAction\":[{\"@type\":\"ReadAction\",\"target\":[\"https:\/\/irinasb.com\/produto\/colar-cordao-rosa-e-flor\/\"]}]},{\"@type\":\"ImageObject\",\"inLanguage\":\"en-GB\",\"@id\":\"https:\/\/irinasb.com\/produto\/colar-cordao-rosa-e-flor\/#primaryimage\",\"url\":\"https:\/\/irinasb.com\/wp-content\/uploads\/2025\/11\/colar-cordao-rosa-e-castanho-e-flor-em-zamak-1.jpg\",\"contentUrl\":\"https:\/\/irinasb.com\/wp-content\/uploads\/2025\/11\/colar-cordao-rosa-e-castanho-e-flor-em-zamak-1.jpg\",\"width\":800,\"height\":943},{\"@type\":\"BreadcrumbList\",\"@id\":\"https:\/\/irinasb.com\/produto\/colar-cordao-rosa-e-flor\/#breadcrumb\",\"itemListElement\":[{\"@type\":\"ListItem\",\"position\":1,\"name\":\"Home\",\"item\":\"https:\/\/irinasb.com\/\"},{\"@type\":\"ListItem\",\"position\":2,\"name\":\"Loja\",\"item\":\"https:\/\/irinasb.com\/loja\/\"},{\"@type\":\"ListItem\",\"position\":3,\"name\":\"Colar Cord\u00e3o Rosa e Flor\"}]},{\"@type\":\"WebSite\",\"@id\":\"https:\/\/irinasb.com\/#website\",\"url\":\"https:\/\/irinasb.com\/\",\"name\":\"IrinasB\",\"description\":\"Handmade Dreams\",\"publisher\":{\"@id\":\"https:\/\/irinasb.com\/#organization\"},\"potentialAction\":[{\"@type\":\"SearchAction\",\"target\":{\"@type\":\"EntryPoint\",\"urlTemplate\":\"https:\/\/irinasb.com\/?s={search_term_string}\"},\"query-input\":{\"@type\":\"PropertyValueSpecification\",\"valueRequired\":true,\"valueName\":\"search_term_string\"}}],\"inLanguage\":\"en-GB\"},{\"@type\":\"Organization\",\"@id\":\"https:\/\/irinasb.com\/#organization\",\"name\":\"IrinasB\",\"url\":\"https:\/\/irinasb.com\/\",\"logo\":{\"@type\":\"ImageObject\",\"inLanguage\":\"en-GB\",\"@id\":\"https:\/\/irinasb.com\/#\/schema\/logo\/image\/\",\"url\":\"https:\/\/irinasb.com\/wp-content\/uploads\/2016\/11\/logo.fw_.png\",\"contentUrl\":\"https:\/\/irinasb.com\/wp-content\/uploads\/2016\/11\/logo.fw_.png\",\"width\":900,\"height\":453,\"caption\":\"IrinasB\"},\"image\":{\"@id\":\"https:\/\/irinasb.com\/#\/schema\/logo\/image\/\"}}]}<\/script>\n<!-- \/ Yoast SEO plugin. -->","yoast_head_json":{"title":"Colar Cord\u00e3o Rosa e Flor - IrinasB","description":"Colar com cord\u00e3o em tons de rosa de castanho, fecho em a\u00e7o e flor em zamak dourada. Tamanho aproximado: 45cm","robots":{"index":"index","follow":"follow","max-snippet":"max-snippet:-1","max-image-preview":"max-image-preview:large","max-video-preview":"max-video-preview:-1"},"canonical":"https:\/\/irinasb.com\/en\/product\/colar-cordao-rosa-e-flor\/","og_locale":"en_GB","og_type":"article","og_title":"Colar Cord\u00e3o Rosa e Flor - IrinasB","og_description":"Colar com cord\u00e3o em tons de rosa de castanho, fecho em a\u00e7o e flor em zamak dourada. Tamanho aproximado: 45cm","og_url":"https:\/\/irinasb.com\/en\/product\/colar-cordao-rosa-e-flor\/","og_site_name":"IrinasB","article_modified_time":"2025-11-02T20:33:43+00:00","og_image":[{"width":800,"height":943,"url":"https:\/\/irinasb.com\/wp-content\/uploads\/2025\/11\/colar-cordao-rosa-e-castanho-e-flor-em-zamak-1.jpg","type":"image\/jpeg"}],"twitter_card":"summary_large_image","twitter_misc":{"Estimated reading time":"2 minutes"},"schema":{"@context":"https:\/\/schema.org","@graph":[{"@type":"WebPage","@id":"https:\/\/irinasb.com\/produto\/colar-cordao-rosa-e-flor\/","url":"https:\/\/irinasb.com\/produto\/colar-cordao-rosa-e-flor\/","name":"Colar Cord\u00e3o Rosa e Flor - IrinasB","isPartOf":{"@id":"https:\/\/irinasb.com\/#website"},"primaryImageOfPage":{"@id":"https:\/\/irinasb.com\/produto\/colar-cordao-rosa-e-flor\/#primaryimage"},"image":{"@id":"https:\/\/irinasb.com\/produto\/colar-cordao-rosa-e-flor\/#primaryimage"},"thumbnailUrl":"https:\/\/irinasb.com\/wp-content\/uploads\/2025\/11\/colar-cordao-rosa-e-castanho-e-flor-em-zamak-1.jpg","datePublished":"2025-11-02T20:16:04+00:00","dateModified":"2025-11-02T20:33:43+00:00","description":"Colar com cord\u00e3o em tons de rosa de castanho, fecho em a\u00e7o e flor em zamak dourada. Tamanho aproximado: 45cm","breadcrumb":{"@id":"https:\/\/irinasb.com\/produto\/colar-cordao-rosa-e-flor\/#breadcrumb"},"inLanguage":"en-GB","potentialAction":[{"@type":"ReadAction","target":["https:\/\/irinasb.com\/produto\/colar-cordao-rosa-e-flor\/"]}]},{"@type":"ImageObject","inLanguage":"en-GB","@id":"https:\/\/irinasb.com\/produto\/colar-cordao-rosa-e-flor\/#primaryimage","url":"https:\/\/irinasb.com\/wp-content\/uploads\/2025\/11\/colar-cordao-rosa-e-castanho-e-flor-em-zamak-1.jpg","contentUrl":"https:\/\/irinasb.com\/wp-content\/uploads\/2025\/11\/colar-cordao-rosa-e-castanho-e-flor-em-zamak-1.jpg","width":800,"height":943},{"@type":"BreadcrumbList","@id":"https:\/\/irinasb.com\/produto\/colar-cordao-rosa-e-flor\/#breadcrumb","itemListElement":[{"@type":"ListItem","position":1,"name":"Home","item":"https:\/\/irinasb.com\/"},{"@type":"ListItem","position":2,"name":"Loja","item":"https:\/\/irinasb.com\/loja\/"},{"@type":"ListItem","position":3,"name":"Colar Cord\u00e3o Rosa e Flor"}]},{"@type":"WebSite","@id":"https:\/\/irinasb.com\/#website","url":"https:\/\/irinasb.com\/","name":"IrinasB","description":"Handmade Dreams","publisher":{"@id":"https:\/\/irinasb.com\/#organization"},"potentialAction":[{"@type":"SearchAction","target":{"@type":"EntryPoint","urlTemplate":"https:\/\/irinasb.com\/?s={search_term_string}"},"query-input":{"@type":"PropertyValueSpecification","valueRequired":true,"valueName":"search_term_string"}}],"inLanguage":"en-GB"},{"@type":"Organization","@id":"https:\/\/irinasb.com\/#organization","name":"IrinasB","url":"https:\/\/irinasb.com\/","logo":{"@type":"ImageObject","inLanguage":"en-GB","@id":"https:\/\/irinasb.com\/#\/schema\/logo\/image\/","url":"https:\/\/irinasb.com\/wp-content\/uploads\/2016\/11\/logo.fw_.png","contentUrl":"https:\/\/irinasb.com\/wp-content\/uploads\/2016\/11\/logo.fw_.png","width":900,"height":453,"caption":"IrinasB"},"image":{"@id":"https:\/\/irinasb.com\/#\/schema\/logo\/image\/"}}]}},"_links":{"self":[{"href":"https:\/\/irinasb.com\/en\/wp-json\/wp\/v2\/product\/31986","targetHints":{"allow":["GET"]}}],"collection":[{"href":"https:\/\/irinasb.com\/en\/wp-json\/wp\/v2\/product"}],"about":[{"href":"https:\/\/irinasb.com\/en\/wp-json\/wp\/v2\/types\/product"}],"replies":[{"embeddable":true,"href":"https:\/\/irinasb.com\/en\/wp-json\/wp\/v2\/comments?post=31986"}],"wp:featuredmedia":[{"embeddable":true,"href":"https:\/\/irinasb.com\/en\/wp-json\/wp\/v2\/media\/31987"}],"wp:attachment":[{"href":"https:\/\/irinasb.com\/en\/wp-json\/wp\/v2\/media?parent=31986"}],"wp:term":[{"taxonomy":"product_brand","embeddable":true,"href":"https:\/\/irinasb.com\/en\/wp-json\/wp\/v2\/product_brand?post=31986"},{"taxonomy":"product_cat","embeddable":true,"href":"https:\/\/irinasb.com\/en\/wp-json\/wp\/v2\/product_cat?post=31986"},{"taxonomy":"product_tag","embeddable":true,"href":"https:\/\/irinasb.com\/en\/wp-json\/wp\/v2\/product_tag?post=31986"}],"curies":[{"name":"wp","href":"https:\/\/api.w.org\/{rel}","templated":true}]}}