{"id":31913,"date":"2025-10-31T15:12:47","date_gmt":"2025-10-31T15:12:47","guid":{"rendered":"https:\/\/irinasb.com\/?post_type=product&#038;p=31913"},"modified":"2025-10-31T15:16:05","modified_gmt":"2025-10-31T15:16:05","slug":"colar-de-perolas-barrocas","status":"publish","type":"product","link":"https:\/\/irinasb.com\/en\/product\/colar-de-perolas-barrocas\/","title":{"rendered":"Colar de P\u00e9rolas Barrocas"},"content":{"rendered":"<p>O <strong data-start=\"212\" data-end=\"241\">Colar de P\u00e9rolas Barrocas<\/strong> \u00e9 uma pe\u00e7a sofisticada que celebra a eleg\u00e2ncia intemporal das p\u00e9rolas naturais. Cada p\u00e9rola apresenta uma <strong data-start=\"348\" data-end=\"375\">forma \u00fanica e irregular<\/strong>, refletindo a beleza aut\u00eantica da natureza e conferindo um charme distinto a quem o usa.<\/p>\n<h4 data-start=\"647\" data-end=\"670\">Caracter\u00edsticas<\/h4>\n<ul data-start=\"671\" data-end=\"866\">\n<li data-start=\"671\" data-end=\"714\">\n<p data-start=\"673\" data-end=\"714\">Material: <strong data-start=\"683\" data-end=\"712\">P\u00e9rolas barrocas naturais<\/strong><\/p>\n<\/li>\n<li data-start=\"715\" data-end=\"743\">\n<p data-start=\"717\" data-end=\"743\">Cor: <strong data-start=\"722\" data-end=\"741\">Branco perolado<\/strong><\/p>\n<\/li>\n<li data-start=\"744\" data-end=\"790\">\n<p data-start=\"746\" data-end=\"790\">Estilo: elegante, cl\u00e1ssico e contempor\u00e2neo<\/p>\n<\/li>\n<li data-start=\"791\" data-end=\"834\">\n<p data-start=\"793\" data-end=\"834\">Categoria: <strong data-start=\"804\" data-end=\"832\">Colares \/ Joias Naturais<\/strong><\/p>\n<\/li>\n<li data-start=\"835\" data-end=\"866\">\n<p data-start=\"837\" data-end=\"866\">Fecho resistente e discreto<\/p>\n<\/li>\n<\/ul>\n<h4 data-start=\"873\" data-end=\"900\">Porque deve comprar<\/h4>\n<p data-start=\"901\" data-end=\"1172\">\u00a0Cada p\u00e9rola \u00e9 <strong data-start=\"918\" data-end=\"927\">\u00fanica<\/strong>, com forma e brilho pr\u00f3prios<br data-start=\"956\" data-end=\"959\" \/>\u00a0Design sofisticado e vers\u00e1til<br data-start=\"991\" data-end=\"994\" \/>\u00a0Combina facilmente com qualquer estilo ou ocasi\u00e3o<br data-start=\"1046\" data-end=\"1049\" \/>\u00a0Excelente op\u00e7\u00e3o de <strong data-start=\"1071\" data-end=\"1104\">presente elegante e simb\u00f3lico<\/strong><br data-start=\"1104\" data-end=\"1107\" \/>\u00a0Um cl\u00e1ssico da joalharia reinterpretado com um toque moderno<\/p>","protected":false},"excerpt":{"rendered":"<p>Com um design delicado e moderno, este colar \u00e9 perfeito para <strong data-start=\"529\" data-end=\"586\">ocasi\u00f5es especiais ou para elevar o seu visual di\u00e1rio<\/strong>, acrescentando um toque de requinte e feminilidade.<\/p>","protected":false},"featured_media":31915,"comment_status":"closed","ping_status":"closed","template":"","meta":[],"product_brand":[],"product_cat":[110],"product_tag":[496,432,214],"class_list":{"0":"post-31913","1":"product","2":"type-product","3":"status-publish","4":"has-post-thumbnail","6":"product_cat-colares","7":"product_tag-colar","8":"product_tag-colar-com-perolas-barrocas-brancas","9":"product_tag-dourado","11":"first","12":"instock","13":"shipping-taxable","14":"purchasable","15":"product-type-simple"},"yoast_head":"<!-- This site is optimized with the Yoast SEO plugin v26.2 - https:\/\/yoast.com\/wordpress\/plugins\/seo\/ -->\n<title>Colar de P\u00e9rolas Barrocas - IrinasB<\/title>\n<meta name=\"description\" content=\"Colar Dourado com P\u00e9rolas Barrocas Brancas.\" \/>\n<meta name=\"robots\" content=\"index, follow, max-snippet:-1, max-image-preview:large, max-video-preview:-1\" \/>\n<link rel=\"canonical\" href=\"https:\/\/irinasb.com\/en\/product\/colar-de-perolas-barrocas\/\" \/>\n<meta property=\"og:locale\" content=\"en_GB\" \/>\n<meta property=\"og:type\" content=\"article\" \/>\n<meta property=\"og:title\" content=\"Colar de P\u00e9rolas Barrocas - IrinasB\" \/>\n<meta property=\"og:description\" content=\"Colar Dourado com P\u00e9rolas Barrocas Brancas.\" \/>\n<meta property=\"og:url\" content=\"https:\/\/irinasb.com\/en\/product\/colar-de-perolas-barrocas\/\" \/>\n<meta property=\"og:site_name\" content=\"IrinasB\" \/>\n<meta property=\"article:modified_time\" content=\"2025-10-31T15:16:05+00:00\" \/>\n<meta property=\"og:image\" content=\"https:\/\/irinasb.com\/wp-content\/uploads\/2025\/10\/colar-de-perolas-barrocas.jpg\" \/>\n\t<meta property=\"og:image:width\" content=\"800\" \/>\n\t<meta property=\"og:image:height\" content=\"966\" \/>\n\t<meta property=\"og:image:type\" content=\"image\/jpeg\" \/>\n<meta name=\"twitter:card\" content=\"summary_large_image\" \/>\n<meta name=\"twitter:label1\" content=\"Estimated reading time\" \/>\n\t<meta name=\"twitter:data1\" content=\"1 minute\" \/>\n<script type=\"application\/ld+json\" class=\"yoast-schema-graph\">{\"@context\":\"https:\/\/schema.org\",\"@graph\":[{\"@type\":\"WebPage\",\"@id\":\"https:\/\/irinasb.com\/produto\/colar-de-perolas-barrocas\/\",\"url\":\"https:\/\/irinasb.com\/produto\/colar-de-perolas-barrocas\/\",\"name\":\"Colar de P\u00e9rolas Barrocas - IrinasB\",\"isPartOf\":{\"@id\":\"https:\/\/irinasb.com\/#website\"},\"primaryImageOfPage\":{\"@id\":\"https:\/\/irinasb.com\/produto\/colar-de-perolas-barrocas\/#primaryimage\"},\"image\":{\"@id\":\"https:\/\/irinasb.com\/produto\/colar-de-perolas-barrocas\/#primaryimage\"},\"thumbnailUrl\":\"https:\/\/irinasb.com\/wp-content\/uploads\/2025\/10\/colar-de-perolas-barrocas.jpg\",\"datePublished\":\"2025-10-31T15:12:47+00:00\",\"dateModified\":\"2025-10-31T15:16:05+00:00\",\"description\":\"Colar Dourado com P\u00e9rolas Barrocas Brancas.\",\"breadcrumb\":{\"@id\":\"https:\/\/irinasb.com\/produto\/colar-de-perolas-barrocas\/#breadcrumb\"},\"inLanguage\":\"en-GB\",\"potentialAction\":[{\"@type\":\"ReadAction\",\"target\":[\"https:\/\/irinasb.com\/produto\/colar-de-perolas-barrocas\/\"]}]},{\"@type\":\"ImageObject\",\"inLanguage\":\"en-GB\",\"@id\":\"https:\/\/irinasb.com\/produto\/colar-de-perolas-barrocas\/#primaryimage\",\"url\":\"https:\/\/irinasb.com\/wp-content\/uploads\/2025\/10\/colar-de-perolas-barrocas.jpg\",\"contentUrl\":\"https:\/\/irinasb.com\/wp-content\/uploads\/2025\/10\/colar-de-perolas-barrocas.jpg\",\"width\":800,\"height\":966},{\"@type\":\"BreadcrumbList\",\"@id\":\"https:\/\/irinasb.com\/produto\/colar-de-perolas-barrocas\/#breadcrumb\",\"itemListElement\":[{\"@type\":\"ListItem\",\"position\":1,\"name\":\"Home\",\"item\":\"https:\/\/irinasb.com\/\"},{\"@type\":\"ListItem\",\"position\":2,\"name\":\"Loja\",\"item\":\"https:\/\/irinasb.com\/loja\/\"},{\"@type\":\"ListItem\",\"position\":3,\"name\":\"Colar de P\u00e9rolas Barrocas\"}]},{\"@type\":\"WebSite\",\"@id\":\"https:\/\/irinasb.com\/#website\",\"url\":\"https:\/\/irinasb.com\/\",\"name\":\"IrinasB\",\"description\":\"Handmade Dreams\",\"publisher\":{\"@id\":\"https:\/\/irinasb.com\/#organization\"},\"potentialAction\":[{\"@type\":\"SearchAction\",\"target\":{\"@type\":\"EntryPoint\",\"urlTemplate\":\"https:\/\/irinasb.com\/?s={search_term_string}\"},\"query-input\":{\"@type\":\"PropertyValueSpecification\",\"valueRequired\":true,\"valueName\":\"search_term_string\"}}],\"inLanguage\":\"en-GB\"},{\"@type\":\"Organization\",\"@id\":\"https:\/\/irinasb.com\/#organization\",\"name\":\"IrinasB\",\"url\":\"https:\/\/irinasb.com\/\",\"logo\":{\"@type\":\"ImageObject\",\"inLanguage\":\"en-GB\",\"@id\":\"https:\/\/irinasb.com\/#\/schema\/logo\/image\/\",\"url\":\"https:\/\/irinasb.com\/wp-content\/uploads\/2016\/11\/logo.fw_.png\",\"contentUrl\":\"https:\/\/irinasb.com\/wp-content\/uploads\/2016\/11\/logo.fw_.png\",\"width\":900,\"height\":453,\"caption\":\"IrinasB\"},\"image\":{\"@id\":\"https:\/\/irinasb.com\/#\/schema\/logo\/image\/\"}}]}<\/script>\n<!-- \/ Yoast SEO plugin. -->","yoast_head_json":{"title":"Colar de P\u00e9rolas Barrocas - IrinasB","description":"Colar Dourado com P\u00e9rolas Barrocas Brancas.","robots":{"index":"index","follow":"follow","max-snippet":"max-snippet:-1","max-image-preview":"max-image-preview:large","max-video-preview":"max-video-preview:-1"},"canonical":"https:\/\/irinasb.com\/en\/product\/colar-de-perolas-barrocas\/","og_locale":"en_GB","og_type":"article","og_title":"Colar de P\u00e9rolas Barrocas - IrinasB","og_description":"Colar Dourado com P\u00e9rolas Barrocas Brancas.","og_url":"https:\/\/irinasb.com\/en\/product\/colar-de-perolas-barrocas\/","og_site_name":"IrinasB","article_modified_time":"2025-10-31T15:16:05+00:00","og_image":[{"width":800,"height":966,"url":"https:\/\/irinasb.com\/wp-content\/uploads\/2025\/10\/colar-de-perolas-barrocas.jpg","type":"image\/jpeg"}],"twitter_card":"summary_large_image","twitter_misc":{"Estimated reading time":"1 minute"},"schema":{"@context":"https:\/\/schema.org","@graph":[{"@type":"WebPage","@id":"https:\/\/irinasb.com\/produto\/colar-de-perolas-barrocas\/","url":"https:\/\/irinasb.com\/produto\/colar-de-perolas-barrocas\/","name":"Colar de P\u00e9rolas Barrocas - IrinasB","isPartOf":{"@id":"https:\/\/irinasb.com\/#website"},"primaryImageOfPage":{"@id":"https:\/\/irinasb.com\/produto\/colar-de-perolas-barrocas\/#primaryimage"},"image":{"@id":"https:\/\/irinasb.com\/produto\/colar-de-perolas-barrocas\/#primaryimage"},"thumbnailUrl":"https:\/\/irinasb.com\/wp-content\/uploads\/2025\/10\/colar-de-perolas-barrocas.jpg","datePublished":"2025-10-31T15:12:47+00:00","dateModified":"2025-10-31T15:16:05+00:00","description":"Colar Dourado com P\u00e9rolas Barrocas Brancas.","breadcrumb":{"@id":"https:\/\/irinasb.com\/produto\/colar-de-perolas-barrocas\/#breadcrumb"},"inLanguage":"en-GB","potentialAction":[{"@type":"ReadAction","target":["https:\/\/irinasb.com\/produto\/colar-de-perolas-barrocas\/"]}]},{"@type":"ImageObject","inLanguage":"en-GB","@id":"https:\/\/irinasb.com\/produto\/colar-de-perolas-barrocas\/#primaryimage","url":"https:\/\/irinasb.com\/wp-content\/uploads\/2025\/10\/colar-de-perolas-barrocas.jpg","contentUrl":"https:\/\/irinasb.com\/wp-content\/uploads\/2025\/10\/colar-de-perolas-barrocas.jpg","width":800,"height":966},{"@type":"BreadcrumbList","@id":"https:\/\/irinasb.com\/produto\/colar-de-perolas-barrocas\/#breadcrumb","itemListElement":[{"@type":"ListItem","position":1,"name":"Home","item":"https:\/\/irinasb.com\/"},{"@type":"ListItem","position":2,"name":"Loja","item":"https:\/\/irinasb.com\/loja\/"},{"@type":"ListItem","position":3,"name":"Colar de P\u00e9rolas Barrocas"}]},{"@type":"WebSite","@id":"https:\/\/irinasb.com\/#website","url":"https:\/\/irinasb.com\/","name":"IrinasB","description":"Handmade Dreams","publisher":{"@id":"https:\/\/irinasb.com\/#organization"},"potentialAction":[{"@type":"SearchAction","target":{"@type":"EntryPoint","urlTemplate":"https:\/\/irinasb.com\/?s={search_term_string}"},"query-input":{"@type":"PropertyValueSpecification","valueRequired":true,"valueName":"search_term_string"}}],"inLanguage":"en-GB"},{"@type":"Organization","@id":"https:\/\/irinasb.com\/#organization","name":"IrinasB","url":"https:\/\/irinasb.com\/","logo":{"@type":"ImageObject","inLanguage":"en-GB","@id":"https:\/\/irinasb.com\/#\/schema\/logo\/image\/","url":"https:\/\/irinasb.com\/wp-content\/uploads\/2016\/11\/logo.fw_.png","contentUrl":"https:\/\/irinasb.com\/wp-content\/uploads\/2016\/11\/logo.fw_.png","width":900,"height":453,"caption":"IrinasB"},"image":{"@id":"https:\/\/irinasb.com\/#\/schema\/logo\/image\/"}}]}},"_links":{"self":[{"href":"https:\/\/irinasb.com\/en\/wp-json\/wp\/v2\/product\/31913","targetHints":{"allow":["GET"]}}],"collection":[{"href":"https:\/\/irinasb.com\/en\/wp-json\/wp\/v2\/product"}],"about":[{"href":"https:\/\/irinasb.com\/en\/wp-json\/wp\/v2\/types\/product"}],"replies":[{"embeddable":true,"href":"https:\/\/irinasb.com\/en\/wp-json\/wp\/v2\/comments?post=31913"}],"wp:featuredmedia":[{"embeddable":true,"href":"https:\/\/irinasb.com\/en\/wp-json\/wp\/v2\/media\/31915"}],"wp:attachment":[{"href":"https:\/\/irinasb.com\/en\/wp-json\/wp\/v2\/media?parent=31913"}],"wp:term":[{"taxonomy":"product_brand","embeddable":true,"href":"https:\/\/irinasb.com\/en\/wp-json\/wp\/v2\/product_brand?post=31913"},{"taxonomy":"product_cat","embeddable":true,"href":"https:\/\/irinasb.com\/en\/wp-json\/wp\/v2\/product_cat?post=31913"},{"taxonomy":"product_tag","embeddable":true,"href":"https:\/\/irinasb.com\/en\/wp-json\/wp\/v2\/product_tag?post=31913"}],"curies":[{"name":"wp","href":"https:\/\/api.w.org\/{rel}","templated":true}]}}