{"id":31886,"date":"2025-10-26T22:28:37","date_gmt":"2025-10-26T22:28:37","guid":{"rendered":"https:\/\/irinasb.com\/?post_type=product&#038;p=31886"},"modified":"2026-04-04T09:47:45","modified_gmt":"2026-04-04T09:47:45","slug":"pulseira-ambar-mel","status":"publish","type":"product","link":"https:\/\/irinasb.com\/en\/product\/pulseira-ambar-mel\/","title":{"rendered":"Pulseira \u00c2mbar Mel"},"content":{"rendered":"<p data-start=\"205\" data-end=\"555\">A <strong data-start=\"207\" data-end=\"229\">Pulseira \u00c2mbar Mel<\/strong> \u00e9 uma pe\u00e7a \u00fanica que combina eleg\u00e2ncia natural e energia positiva. Produzida com <strong data-start=\"311\" data-end=\"340\">pedras de \u00e2mbar aut\u00eantico<\/strong> em tons de mel dourado, esta pulseira \u00e9 conhecida pelas suas propriedades protetoras e calmantes. O <strong data-start=\"441\" data-end=\"471\">fecho ajust\u00e1vel em macram\u00e9<\/strong> garante conforto e versatilidade, permitindo um ajuste perfeito a qualquer pulso.<\/p>\n<p data-start=\"557\" data-end=\"723\">Ideal para quem valoriza acess\u00f3rios com significado, esta pulseira transmite <strong data-start=\"634\" data-end=\"668\">harmonia, prote\u00e7\u00e3o, bem-estar e prote\u00e7\u00e3o imunol\u00f3gica,\u00a0 <\/strong>tornando-se uma companheira ideal para o dia a dia.<\/p>\n<h4 data-start=\"730\" data-end=\"753\">Caracter\u00edsticas<\/h4>\n<ul data-start=\"754\" data-end=\"939\">\n<li data-start=\"754\" data-end=\"795\">\n<p data-start=\"756\" data-end=\"795\">Material: <strong data-start=\"766\" data-end=\"793\">\u00c2mbar natural aut\u00eantico<\/strong><\/p>\n<\/li>\n<li data-start=\"796\" data-end=\"820\">\n<p data-start=\"798\" data-end=\"820\">Cor: <strong data-start=\"803\" data-end=\"818\">Mel dourado<\/strong><\/p>\n<\/li>\n<li data-start=\"821\" data-end=\"856\">\n<p data-start=\"823\" data-end=\"856\">Fecho: <strong data-start=\"830\" data-end=\"854\">Ajust\u00e1vel em macram\u00e9<\/strong><\/p>\n<\/li>\n<li data-start=\"857\" data-end=\"897\">\n<p data-start=\"859\" data-end=\"897\">Estilo: natural, elegante e vers\u00e1til<\/p>\n<\/li>\n<\/ul>\n<h4 data-start=\"946\" data-end=\"973\">Porque deve comprar<\/h4>\n<p data-start=\"974\" data-end=\"1252\">Pedra de <strong data-start=\"986\" data-end=\"1003\">\u00e2mbar natural<\/strong>, s\u00edmbolo de energia positiva e prote\u00e7\u00e3o<br data-start=\"1043\" data-end=\"1046\" \/>Design ajust\u00e1vel e confort\u00e1vel para qualquer pulso<br data-start=\"1099\" data-end=\"1102\" \/>Cor mel que irradia <strong data-start=\"1125\" data-end=\"1147\">calor e vitalidade<\/strong><br data-start=\"1147\" data-end=\"1150\" \/>Acess\u00f3rio unissexo, perfeito para uso di\u00e1rio<br data-start=\"1197\" data-end=\"1200\" \/>Excelente op\u00e7\u00e3o de presente com valor simb\u00f3lico<\/p>\n<h4 data-start=\"1259\" data-end=\"1284\">Estilo de Vida<\/h4>\n<p data-start=\"1285\" data-end=\"1515\">Mais do que uma joia, a <strong data-start=\"1309\" data-end=\"1331\">Pulseira \u00c2mbar Mel<\/strong> \u00e9 um <strong data-start=\"1337\" data-end=\"1375\">amuleto de equil\u00edbrio e serenidade<\/strong>. Ideal para quem busca harmonia entre corpo e mente, esta pe\u00e7a \u00e9 perfeita para complementar qualquer look com naturalidade e significado.<\/p>","protected":false},"excerpt":{"rendered":"<p>Energia Natural e Equil\u00edbrio em Cada Detalhe.<\/p>","protected":false},"featured_media":31888,"comment_status":"closed","ping_status":"closed","template":"","meta":[],"product_brand":[],"product_cat":[763],"product_tag":[785,704,784],"class_list":{"0":"post-31886","1":"product","2":"type-product","3":"status-publish","4":"has-post-thumbnail","6":"product_cat-ambar","7":"product_tag-pulseira-ajustavel-ambar","8":"product_tag-pulseira-ambar","9":"product_tag-pulseira-ambar-mel","11":"first","12":"instock","13":"shipping-taxable","14":"purchasable","15":"product-type-simple"},"yoast_head":"<!-- This site is optimized with the Yoast SEO plugin v26.2 - https:\/\/yoast.com\/wordpress\/plugins\/seo\/ -->\n<title>Pulseira \u00c2mbar Mel - IrinasB<\/title>\n<meta name=\"description\" content=\"A Pulseira \u00c2mbar Mel \u00e9 uma pe\u00e7a \u00fanica que combina eleg\u00e2ncia natural e energia positiva. Produzida com pedras de \u00e2mbar aut\u00eantico em tons de mel dourado, esta pulseira \u00e9 conhecida pelas suas propriedades protetoras e calmantes.\" \/>\n<meta name=\"robots\" content=\"index, follow, max-snippet:-1, max-image-preview:large, max-video-preview:-1\" \/>\n<link rel=\"canonical\" href=\"https:\/\/irinasb.com\/en\/product\/pulseira-ambar-mel\/\" \/>\n<meta property=\"og:locale\" content=\"en_GB\" \/>\n<meta property=\"og:type\" content=\"article\" \/>\n<meta property=\"og:title\" content=\"Pulseira \u00c2mbar Mel - IrinasB\" \/>\n<meta property=\"og:description\" content=\"A Pulseira \u00c2mbar Mel \u00e9 uma pe\u00e7a \u00fanica que combina eleg\u00e2ncia natural e energia positiva. Produzida com pedras de \u00e2mbar aut\u00eantico em tons de mel dourado, esta pulseira \u00e9 conhecida pelas suas propriedades protetoras e calmantes.\" \/>\n<meta property=\"og:url\" content=\"https:\/\/irinasb.com\/en\/product\/pulseira-ambar-mel\/\" \/>\n<meta property=\"og:site_name\" content=\"IrinasB\" \/>\n<meta property=\"article:modified_time\" content=\"2026-04-04T09:47:45+00:00\" \/>\n<meta property=\"og:image\" content=\"https:\/\/irinasb.com\/wp-content\/uploads\/2025\/10\/pulseira-ambar-mel-1.jpg\" \/>\n\t<meta property=\"og:image:width\" content=\"800\" \/>\n\t<meta property=\"og:image:height\" content=\"940\" \/>\n\t<meta property=\"og:image:type\" content=\"image\/jpeg\" \/>\n<meta name=\"twitter:card\" content=\"summary_large_image\" \/>\n<meta name=\"twitter:label1\" content=\"Estimated reading time\" \/>\n\t<meta name=\"twitter:data1\" content=\"2 minutes\" \/>\n<script type=\"application\/ld+json\" class=\"yoast-schema-graph\">{\"@context\":\"https:\/\/schema.org\",\"@graph\":[{\"@type\":\"WebPage\",\"@id\":\"https:\/\/irinasb.com\/produto\/pulseira-ambar-mel\/\",\"url\":\"https:\/\/irinasb.com\/produto\/pulseira-ambar-mel\/\",\"name\":\"Pulseira \u00c2mbar Mel - IrinasB\",\"isPartOf\":{\"@id\":\"https:\/\/irinasb.com\/#website\"},\"primaryImageOfPage\":{\"@id\":\"https:\/\/irinasb.com\/produto\/pulseira-ambar-mel\/#primaryimage\"},\"image\":{\"@id\":\"https:\/\/irinasb.com\/produto\/pulseira-ambar-mel\/#primaryimage\"},\"thumbnailUrl\":\"https:\/\/irinasb.com\/wp-content\/uploads\/2025\/10\/pulseira-ambar-mel-1.jpg\",\"datePublished\":\"2025-10-26T22:28:37+00:00\",\"dateModified\":\"2026-04-04T09:47:45+00:00\",\"description\":\"A Pulseira \u00c2mbar Mel \u00e9 uma pe\u00e7a \u00fanica que combina eleg\u00e2ncia natural e energia positiva. Produzida com pedras de \u00e2mbar aut\u00eantico em tons de mel dourado, esta pulseira \u00e9 conhecida pelas suas propriedades protetoras e calmantes.\",\"breadcrumb\":{\"@id\":\"https:\/\/irinasb.com\/produto\/pulseira-ambar-mel\/#breadcrumb\"},\"inLanguage\":\"en-GB\",\"potentialAction\":[{\"@type\":\"ReadAction\",\"target\":[\"https:\/\/irinasb.com\/produto\/pulseira-ambar-mel\/\"]}]},{\"@type\":\"ImageObject\",\"inLanguage\":\"en-GB\",\"@id\":\"https:\/\/irinasb.com\/produto\/pulseira-ambar-mel\/#primaryimage\",\"url\":\"https:\/\/irinasb.com\/wp-content\/uploads\/2025\/10\/pulseira-ambar-mel-1.jpg\",\"contentUrl\":\"https:\/\/irinasb.com\/wp-content\/uploads\/2025\/10\/pulseira-ambar-mel-1.jpg\",\"width\":800,\"height\":940},{\"@type\":\"BreadcrumbList\",\"@id\":\"https:\/\/irinasb.com\/produto\/pulseira-ambar-mel\/#breadcrumb\",\"itemListElement\":[{\"@type\":\"ListItem\",\"position\":1,\"name\":\"Home\",\"item\":\"https:\/\/irinasb.com\/\"},{\"@type\":\"ListItem\",\"position\":2,\"name\":\"Loja\",\"item\":\"https:\/\/irinasb.com\/loja\/\"},{\"@type\":\"ListItem\",\"position\":3,\"name\":\"Pulseira \u00c2mbar Mel\"}]},{\"@type\":\"WebSite\",\"@id\":\"https:\/\/irinasb.com\/#website\",\"url\":\"https:\/\/irinasb.com\/\",\"name\":\"IrinasB\",\"description\":\"Handmade Dreams\",\"publisher\":{\"@id\":\"https:\/\/irinasb.com\/#organization\"},\"potentialAction\":[{\"@type\":\"SearchAction\",\"target\":{\"@type\":\"EntryPoint\",\"urlTemplate\":\"https:\/\/irinasb.com\/?s={search_term_string}\"},\"query-input\":{\"@type\":\"PropertyValueSpecification\",\"valueRequired\":true,\"valueName\":\"search_term_string\"}}],\"inLanguage\":\"en-GB\"},{\"@type\":\"Organization\",\"@id\":\"https:\/\/irinasb.com\/#organization\",\"name\":\"IrinasB\",\"url\":\"https:\/\/irinasb.com\/\",\"logo\":{\"@type\":\"ImageObject\",\"inLanguage\":\"en-GB\",\"@id\":\"https:\/\/irinasb.com\/#\/schema\/logo\/image\/\",\"url\":\"https:\/\/irinasb.com\/wp-content\/uploads\/2016\/11\/logo.fw_.png\",\"contentUrl\":\"https:\/\/irinasb.com\/wp-content\/uploads\/2016\/11\/logo.fw_.png\",\"width\":900,\"height\":453,\"caption\":\"IrinasB\"},\"image\":{\"@id\":\"https:\/\/irinasb.com\/#\/schema\/logo\/image\/\"}}]}<\/script>\n<!-- \/ Yoast SEO plugin. -->","yoast_head_json":{"title":"Pulseira \u00c2mbar Mel - IrinasB","description":"A Pulseira \u00c2mbar Mel \u00e9 uma pe\u00e7a \u00fanica que combina eleg\u00e2ncia natural e energia positiva. Produzida com pedras de \u00e2mbar aut\u00eantico em tons de mel dourado, esta pulseira \u00e9 conhecida pelas suas propriedades protetoras e calmantes.","robots":{"index":"index","follow":"follow","max-snippet":"max-snippet:-1","max-image-preview":"max-image-preview:large","max-video-preview":"max-video-preview:-1"},"canonical":"https:\/\/irinasb.com\/en\/product\/pulseira-ambar-mel\/","og_locale":"en_GB","og_type":"article","og_title":"Pulseira \u00c2mbar Mel - IrinasB","og_description":"A Pulseira \u00c2mbar Mel \u00e9 uma pe\u00e7a \u00fanica que combina eleg\u00e2ncia natural e energia positiva. Produzida com pedras de \u00e2mbar aut\u00eantico em tons de mel dourado, esta pulseira \u00e9 conhecida pelas suas propriedades protetoras e calmantes.","og_url":"https:\/\/irinasb.com\/en\/product\/pulseira-ambar-mel\/","og_site_name":"IrinasB","article_modified_time":"2026-04-04T09:47:45+00:00","og_image":[{"width":800,"height":940,"url":"https:\/\/irinasb.com\/wp-content\/uploads\/2025\/10\/pulseira-ambar-mel-1.jpg","type":"image\/jpeg"}],"twitter_card":"summary_large_image","twitter_misc":{"Estimated reading time":"2 minutes"},"schema":{"@context":"https:\/\/schema.org","@graph":[{"@type":"WebPage","@id":"https:\/\/irinasb.com\/produto\/pulseira-ambar-mel\/","url":"https:\/\/irinasb.com\/produto\/pulseira-ambar-mel\/","name":"Pulseira \u00c2mbar Mel - IrinasB","isPartOf":{"@id":"https:\/\/irinasb.com\/#website"},"primaryImageOfPage":{"@id":"https:\/\/irinasb.com\/produto\/pulseira-ambar-mel\/#primaryimage"},"image":{"@id":"https:\/\/irinasb.com\/produto\/pulseira-ambar-mel\/#primaryimage"},"thumbnailUrl":"https:\/\/irinasb.com\/wp-content\/uploads\/2025\/10\/pulseira-ambar-mel-1.jpg","datePublished":"2025-10-26T22:28:37+00:00","dateModified":"2026-04-04T09:47:45+00:00","description":"A Pulseira \u00c2mbar Mel \u00e9 uma pe\u00e7a \u00fanica que combina eleg\u00e2ncia natural e energia positiva. Produzida com pedras de \u00e2mbar aut\u00eantico em tons de mel dourado, esta pulseira \u00e9 conhecida pelas suas propriedades protetoras e calmantes.","breadcrumb":{"@id":"https:\/\/irinasb.com\/produto\/pulseira-ambar-mel\/#breadcrumb"},"inLanguage":"en-GB","potentialAction":[{"@type":"ReadAction","target":["https:\/\/irinasb.com\/produto\/pulseira-ambar-mel\/"]}]},{"@type":"ImageObject","inLanguage":"en-GB","@id":"https:\/\/irinasb.com\/produto\/pulseira-ambar-mel\/#primaryimage","url":"https:\/\/irinasb.com\/wp-content\/uploads\/2025\/10\/pulseira-ambar-mel-1.jpg","contentUrl":"https:\/\/irinasb.com\/wp-content\/uploads\/2025\/10\/pulseira-ambar-mel-1.jpg","width":800,"height":940},{"@type":"BreadcrumbList","@id":"https:\/\/irinasb.com\/produto\/pulseira-ambar-mel\/#breadcrumb","itemListElement":[{"@type":"ListItem","position":1,"name":"Home","item":"https:\/\/irinasb.com\/"},{"@type":"ListItem","position":2,"name":"Loja","item":"https:\/\/irinasb.com\/loja\/"},{"@type":"ListItem","position":3,"name":"Pulseira \u00c2mbar Mel"}]},{"@type":"WebSite","@id":"https:\/\/irinasb.com\/#website","url":"https:\/\/irinasb.com\/","name":"IrinasB","description":"Handmade Dreams","publisher":{"@id":"https:\/\/irinasb.com\/#organization"},"potentialAction":[{"@type":"SearchAction","target":{"@type":"EntryPoint","urlTemplate":"https:\/\/irinasb.com\/?s={search_term_string}"},"query-input":{"@type":"PropertyValueSpecification","valueRequired":true,"valueName":"search_term_string"}}],"inLanguage":"en-GB"},{"@type":"Organization","@id":"https:\/\/irinasb.com\/#organization","name":"IrinasB","url":"https:\/\/irinasb.com\/","logo":{"@type":"ImageObject","inLanguage":"en-GB","@id":"https:\/\/irinasb.com\/#\/schema\/logo\/image\/","url":"https:\/\/irinasb.com\/wp-content\/uploads\/2016\/11\/logo.fw_.png","contentUrl":"https:\/\/irinasb.com\/wp-content\/uploads\/2016\/11\/logo.fw_.png","width":900,"height":453,"caption":"IrinasB"},"image":{"@id":"https:\/\/irinasb.com\/#\/schema\/logo\/image\/"}}]}},"_links":{"self":[{"href":"https:\/\/irinasb.com\/en\/wp-json\/wp\/v2\/product\/31886","targetHints":{"allow":["GET"]}}],"collection":[{"href":"https:\/\/irinasb.com\/en\/wp-json\/wp\/v2\/product"}],"about":[{"href":"https:\/\/irinasb.com\/en\/wp-json\/wp\/v2\/types\/product"}],"replies":[{"embeddable":true,"href":"https:\/\/irinasb.com\/en\/wp-json\/wp\/v2\/comments?post=31886"}],"wp:featuredmedia":[{"embeddable":true,"href":"https:\/\/irinasb.com\/en\/wp-json\/wp\/v2\/media\/31888"}],"wp:attachment":[{"href":"https:\/\/irinasb.com\/en\/wp-json\/wp\/v2\/media?parent=31886"}],"wp:term":[{"taxonomy":"product_brand","embeddable":true,"href":"https:\/\/irinasb.com\/en\/wp-json\/wp\/v2\/product_brand?post=31886"},{"taxonomy":"product_cat","embeddable":true,"href":"https:\/\/irinasb.com\/en\/wp-json\/wp\/v2\/product_cat?post=31886"},{"taxonomy":"product_tag","embeddable":true,"href":"https:\/\/irinasb.com\/en\/wp-json\/wp\/v2\/product_tag?post=31886"}],"curies":[{"name":"wp","href":"https:\/\/api.w.org\/{rel}","templated":true}]}}