{"id":31862,"date":"2025-10-26T13:09:35","date_gmt":"2025-10-26T13:09:35","guid":{"rendered":"https:\/\/irinasb.com\/?post_type=product&#038;p=31862"},"modified":"2025-10-26T14:49:16","modified_gmt":"2025-10-26T14:49:16","slug":"pulseira-ambar-mel-escuro","status":"publish","type":"product","link":"https:\/\/irinasb.com\/en\/product\/pulseira-ambar-mel-escuro\/","title":{"rendered":"Pulseira \u00c2mbar Mel Escuro"},"content":{"rendered":"<h3 data-start=\"689\" data-end=\"712\">Caracter\u00edsticas<\/h3>\n<ul data-start=\"713\" data-end=\"905\">\n<li data-start=\"713\" data-end=\"759\">\n<p data-start=\"715\" data-end=\"759\">Material: <strong data-start=\"725\" data-end=\"757\">\u00c2mbar natural cor mel escuro<\/strong><\/p>\n<\/li>\n<li data-start=\"760\" data-end=\"795\">\n<p data-start=\"762\" data-end=\"795\">Fecho: <strong data-start=\"769\" data-end=\"793\">Ajust\u00e1vel em macram\u00e9<\/strong><\/p>\n<\/li>\n<li data-start=\"838\" data-end=\"879\">\n<p data-start=\"840\" data-end=\"879\">Estilo: elegante, natural e simb\u00f3lico<\/p>\n<\/li>\n<li data-start=\"880\" data-end=\"905\">\n<p data-start=\"882\" data-end=\"905\">Ideal para uso di\u00e1rio<\/p>\n<\/li>\n<\/ul>\n<hr data-start=\"907\" data-end=\"910\" \/>\n<h3 data-start=\"912\" data-end=\"939\">Porque deve comprar<\/h3>\n<p data-start=\"940\" data-end=\"1182\">\u2714\ufe0f \u00c2mbar natural com <strong data-start=\"961\" data-end=\"1000\">propriedades protetoras e calmantes<\/strong><br data-start=\"1000\" data-end=\"1003\" \/>\u2714\ufe0f Design ajust\u00e1vel e confort\u00e1vel<br data-start=\"1036\" data-end=\"1039\" \/>\u2714\ufe0f Cor mel escuro com brilho quente e natural<br data-start=\"1084\" data-end=\"1087\" \/>\u2714\ufe0f Acess\u00f3rio unissexo e vers\u00e1til<br data-start=\"1119\" data-end=\"1122\" \/>\u2714\ufe0f Uma excelente op\u00e7\u00e3o de <strong data-start=\"1148\" data-end=\"1180\">presente com valor simb\u00f3lico<\/strong><\/p>\n<hr data-start=\"1184\" data-end=\"1187\" \/>\n<h3 data-start=\"1189\" data-end=\"1214\">Estilo de Vida<\/h3>\n<p data-start=\"1215\" data-end=\"1473\">Mais do que um simples acess\u00f3rio, a <strong data-start=\"1251\" data-end=\"1280\">Pulseira \u00c2mbar Mel Escuro<\/strong> \u00e9 um <strong data-start=\"1286\" data-end=\"1336\">s\u00edmbolo de energia positiva e prote\u00e7\u00e3o natural<\/strong>. Perfeita para quem valoriza o equil\u00edbrio entre eleg\u00e2ncia e bem-estar, esta pe\u00e7a torna-se um amuleto pessoal, ideal para o quotidiano.<\/p>\n<hr data-start=\"1475\" data-end=\"1478\" \/>\n<h3 data-start=\"1480\" data-end=\"1514\">Perguntas Frequentes (FAQs)<\/h3>\n<p data-start=\"1516\" data-end=\"1585\"><strong data-start=\"1516\" data-end=\"1541\">O \u00e2mbar \u00e9 verdadeiro?<\/strong><br data-start=\"1541\" data-end=\"1544\" \/>Sim, \u00e9 100% \u00e2mbar natural aut\u00eantico.<\/p>\n<p data-start=\"1587\" data-end=\"1683\"><strong data-start=\"1587\" data-end=\"1614\">A pulseira \u00e9 ajust\u00e1vel?<\/strong><br data-start=\"1614\" data-end=\"1617\" \/>Sim, o fecho em macram\u00e9 permite ajustar facilmente o tamanho.<\/p>\n<p data-start=\"1685\" data-end=\"1778\"><strong data-start=\"1685\" data-end=\"1716\">Pode ser usada diariamente?<\/strong><br data-start=\"1716\" data-end=\"1719\" \/>Sim, \u00e9 leve, confort\u00e1vel e resistente ao uso cont\u00ednuo.<\/p>\n<p data-start=\"1780\" data-end=\"1889\"><strong data-start=\"1780\" data-end=\"1801\">\u00c9 uma boa prenda?<\/strong><br data-start=\"1801\" data-end=\"1804\" \/>Sim, \u00e9 uma joia significativa e elegante, ideal para oferecer a algu\u00e9m especial.<\/p>","protected":false},"excerpt":{"rendered":"<p data-start=\"214\" data-end=\"513\">A <strong data-start=\"216\" data-end=\"245\">Amber Bracelet<\/strong>\u00a0\u00e9 uma joia natural de beleza \u00fanica e significado profundo. Feita com <strong data-start=\"315\" data-end=\"344\">pedras de \u00e2mbar aut\u00eantico e certificado<\/strong> em tons mel escuro e <strong data-start=\"366\" data-end=\"396\">fecho ajust\u00e1vel em macram\u00e9<\/strong>, esta pulseira une estilo, conforto e propriedades energ\u00e9ticas que promovem <strong data-start=\"473\" data-end=\"510\">prote\u00e7\u00e3o, equil\u00edbrio e serenidade<\/strong>.<\/p>\n<p data-start=\"515\" data-end=\"682\">Ideal para adultos, \u00e9 um acess\u00f3rio vers\u00e1til que complementa qualquer visual \u2014 desde o casual ao mais sofisticado \u2014 transmitindo uma sensa\u00e7\u00e3o de harmonia e bem-estar.<\/p>","protected":false},"featured_media":31865,"comment_status":"closed","ping_status":"closed","template":"","meta":[],"product_brand":[],"product_cat":[763],"product_tag":[703,781,322,782],"class_list":{"0":"post-31862","1":"product","2":"type-product","3":"status-publish","4":"has-post-thumbnail","6":"product_cat-ambar","7":"product_tag-ambar","8":"product_tag-ambar-mel-escuro","9":"product_tag-pulseira-ajustavel","10":"product_tag-pulseira-ambar-mel-escuro","12":"first","13":"instock","14":"shipping-taxable","15":"purchasable","16":"product-type-simple"},"yoast_head":"<!-- This site is optimized with the Yoast SEO plugin v26.2 - https:\/\/yoast.com\/wordpress\/plugins\/seo\/ -->\n<title>Pulseira \u00c2mbar Mel Escuro - IrinasB<\/title>\n<meta name=\"robots\" content=\"index, follow, max-snippet:-1, max-image-preview:large, max-video-preview:-1\" \/>\n<link rel=\"canonical\" href=\"https:\/\/irinasb.com\/en\/product\/pulseira-ambar-mel-escuro\/\" \/>\n<meta property=\"og:locale\" content=\"en_GB\" \/>\n<meta property=\"og:type\" content=\"article\" \/>\n<meta property=\"og:title\" content=\"Pulseira \u00c2mbar Mel Escuro - IrinasB\" \/>\n<meta property=\"og:description\" content=\"A Pulseira \u00c2mbar\u00a0\u00e9 uma joia natural de beleza \u00fanica e significado profundo. Feita com pedras de \u00e2mbar aut\u00eantico e certificado em tons mel escuro e fecho ajust\u00e1vel em macram\u00e9, esta pulseira une estilo, conforto e propriedades energ\u00e9ticas que promovem prote\u00e7\u00e3o, equil\u00edbrio e serenidade. Ideal para adultos, \u00e9 um acess\u00f3rio vers\u00e1til que complementa qualquer visual \u2014 desde o casual ao mais sofisticado \u2014 transmitindo uma sensa\u00e7\u00e3o de harmonia e bem-estar.\" \/>\n<meta property=\"og:url\" content=\"https:\/\/irinasb.com\/en\/product\/pulseira-ambar-mel-escuro\/\" \/>\n<meta property=\"og:site_name\" content=\"IrinasB\" \/>\n<meta property=\"article:modified_time\" content=\"2025-10-26T14:49:16+00:00\" \/>\n<meta property=\"og:image\" content=\"https:\/\/irinasb.com\/wp-content\/uploads\/2025\/10\/PULSEIRA-AMBAR-MEL-ESCURO2.jpg\" \/>\n\t<meta property=\"og:image:width\" content=\"800\" \/>\n\t<meta property=\"og:image:height\" content=\"952\" \/>\n\t<meta property=\"og:image:type\" content=\"image\/jpeg\" \/>\n<meta name=\"twitter:card\" content=\"summary_large_image\" \/>\n<meta name=\"twitter:label1\" content=\"Estimated reading time\" \/>\n\t<meta name=\"twitter:data1\" content=\"2 minutes\" \/>\n<script type=\"application\/ld+json\" class=\"yoast-schema-graph\">{\"@context\":\"https:\/\/schema.org\",\"@graph\":[{\"@type\":\"WebPage\",\"@id\":\"https:\/\/irinasb.com\/produto\/pulseira-ambar-mel-escuro\/\",\"url\":\"https:\/\/irinasb.com\/produto\/pulseira-ambar-mel-escuro\/\",\"name\":\"Pulseira \u00c2mbar Mel Escuro - IrinasB\",\"isPartOf\":{\"@id\":\"https:\/\/irinasb.com\/#website\"},\"primaryImageOfPage\":{\"@id\":\"https:\/\/irinasb.com\/produto\/pulseira-ambar-mel-escuro\/#primaryimage\"},\"image\":{\"@id\":\"https:\/\/irinasb.com\/produto\/pulseira-ambar-mel-escuro\/#primaryimage\"},\"thumbnailUrl\":\"https:\/\/irinasb.com\/wp-content\/uploads\/2025\/10\/PULSEIRA-AMBAR-MEL-ESCURO2.jpg\",\"datePublished\":\"2025-10-26T13:09:35+00:00\",\"dateModified\":\"2025-10-26T14:49:16+00:00\",\"breadcrumb\":{\"@id\":\"https:\/\/irinasb.com\/produto\/pulseira-ambar-mel-escuro\/#breadcrumb\"},\"inLanguage\":\"en-GB\",\"potentialAction\":[{\"@type\":\"ReadAction\",\"target\":[\"https:\/\/irinasb.com\/produto\/pulseira-ambar-mel-escuro\/\"]}]},{\"@type\":\"ImageObject\",\"inLanguage\":\"en-GB\",\"@id\":\"https:\/\/irinasb.com\/produto\/pulseira-ambar-mel-escuro\/#primaryimage\",\"url\":\"https:\/\/irinasb.com\/wp-content\/uploads\/2025\/10\/PULSEIRA-AMBAR-MEL-ESCURO2.jpg\",\"contentUrl\":\"https:\/\/irinasb.com\/wp-content\/uploads\/2025\/10\/PULSEIRA-AMBAR-MEL-ESCURO2.jpg\",\"width\":800,\"height\":952},{\"@type\":\"BreadcrumbList\",\"@id\":\"https:\/\/irinasb.com\/produto\/pulseira-ambar-mel-escuro\/#breadcrumb\",\"itemListElement\":[{\"@type\":\"ListItem\",\"position\":1,\"name\":\"Home\",\"item\":\"https:\/\/irinasb.com\/\"},{\"@type\":\"ListItem\",\"position\":2,\"name\":\"Loja\",\"item\":\"https:\/\/irinasb.com\/loja\/\"},{\"@type\":\"ListItem\",\"position\":3,\"name\":\"Pulseira \u00c2mbar Mel Escuro\"}]},{\"@type\":\"WebSite\",\"@id\":\"https:\/\/irinasb.com\/#website\",\"url\":\"https:\/\/irinasb.com\/\",\"name\":\"IrinasB\",\"description\":\"Handmade Dreams\",\"publisher\":{\"@id\":\"https:\/\/irinasb.com\/#organization\"},\"potentialAction\":[{\"@type\":\"SearchAction\",\"target\":{\"@type\":\"EntryPoint\",\"urlTemplate\":\"https:\/\/irinasb.com\/?s={search_term_string}\"},\"query-input\":{\"@type\":\"PropertyValueSpecification\",\"valueRequired\":true,\"valueName\":\"search_term_string\"}}],\"inLanguage\":\"en-GB\"},{\"@type\":\"Organization\",\"@id\":\"https:\/\/irinasb.com\/#organization\",\"name\":\"IrinasB\",\"url\":\"https:\/\/irinasb.com\/\",\"logo\":{\"@type\":\"ImageObject\",\"inLanguage\":\"en-GB\",\"@id\":\"https:\/\/irinasb.com\/#\/schema\/logo\/image\/\",\"url\":\"https:\/\/irinasb.com\/wp-content\/uploads\/2016\/11\/logo.fw_.png\",\"contentUrl\":\"https:\/\/irinasb.com\/wp-content\/uploads\/2016\/11\/logo.fw_.png\",\"width\":900,\"height\":453,\"caption\":\"IrinasB\"},\"image\":{\"@id\":\"https:\/\/irinasb.com\/#\/schema\/logo\/image\/\"}}]}<\/script>\n<!-- \/ Yoast SEO plugin. -->","yoast_head_json":{"title":"Pulseira \u00c2mbar Mel Escuro - IrinasB","robots":{"index":"index","follow":"follow","max-snippet":"max-snippet:-1","max-image-preview":"max-image-preview:large","max-video-preview":"max-video-preview:-1"},"canonical":"https:\/\/irinasb.com\/en\/product\/pulseira-ambar-mel-escuro\/","og_locale":"en_GB","og_type":"article","og_title":"Pulseira \u00c2mbar Mel Escuro - IrinasB","og_description":"A Pulseira \u00c2mbar\u00a0\u00e9 uma joia natural de beleza \u00fanica e significado profundo. Feita com pedras de \u00e2mbar aut\u00eantico e certificado em tons mel escuro e fecho ajust\u00e1vel em macram\u00e9, esta pulseira une estilo, conforto e propriedades energ\u00e9ticas que promovem prote\u00e7\u00e3o, equil\u00edbrio e serenidade. Ideal para adultos, \u00e9 um acess\u00f3rio vers\u00e1til que complementa qualquer visual \u2014 desde o casual ao mais sofisticado \u2014 transmitindo uma sensa\u00e7\u00e3o de harmonia e bem-estar.","og_url":"https:\/\/irinasb.com\/en\/product\/pulseira-ambar-mel-escuro\/","og_site_name":"IrinasB","article_modified_time":"2025-10-26T14:49:16+00:00","og_image":[{"width":800,"height":952,"url":"https:\/\/irinasb.com\/wp-content\/uploads\/2025\/10\/PULSEIRA-AMBAR-MEL-ESCURO2.jpg","type":"image\/jpeg"}],"twitter_card":"summary_large_image","twitter_misc":{"Estimated reading time":"2 minutes"},"schema":{"@context":"https:\/\/schema.org","@graph":[{"@type":"WebPage","@id":"https:\/\/irinasb.com\/produto\/pulseira-ambar-mel-escuro\/","url":"https:\/\/irinasb.com\/produto\/pulseira-ambar-mel-escuro\/","name":"Pulseira \u00c2mbar Mel Escuro - IrinasB","isPartOf":{"@id":"https:\/\/irinasb.com\/#website"},"primaryImageOfPage":{"@id":"https:\/\/irinasb.com\/produto\/pulseira-ambar-mel-escuro\/#primaryimage"},"image":{"@id":"https:\/\/irinasb.com\/produto\/pulseira-ambar-mel-escuro\/#primaryimage"},"thumbnailUrl":"https:\/\/irinasb.com\/wp-content\/uploads\/2025\/10\/PULSEIRA-AMBAR-MEL-ESCURO2.jpg","datePublished":"2025-10-26T13:09:35+00:00","dateModified":"2025-10-26T14:49:16+00:00","breadcrumb":{"@id":"https:\/\/irinasb.com\/produto\/pulseira-ambar-mel-escuro\/#breadcrumb"},"inLanguage":"en-GB","potentialAction":[{"@type":"ReadAction","target":["https:\/\/irinasb.com\/produto\/pulseira-ambar-mel-escuro\/"]}]},{"@type":"ImageObject","inLanguage":"en-GB","@id":"https:\/\/irinasb.com\/produto\/pulseira-ambar-mel-escuro\/#primaryimage","url":"https:\/\/irinasb.com\/wp-content\/uploads\/2025\/10\/PULSEIRA-AMBAR-MEL-ESCURO2.jpg","contentUrl":"https:\/\/irinasb.com\/wp-content\/uploads\/2025\/10\/PULSEIRA-AMBAR-MEL-ESCURO2.jpg","width":800,"height":952},{"@type":"BreadcrumbList","@id":"https:\/\/irinasb.com\/produto\/pulseira-ambar-mel-escuro\/#breadcrumb","itemListElement":[{"@type":"ListItem","position":1,"name":"Home","item":"https:\/\/irinasb.com\/"},{"@type":"ListItem","position":2,"name":"Loja","item":"https:\/\/irinasb.com\/loja\/"},{"@type":"ListItem","position":3,"name":"Pulseira \u00c2mbar Mel Escuro"}]},{"@type":"WebSite","@id":"https:\/\/irinasb.com\/#website","url":"https:\/\/irinasb.com\/","name":"IrinasB","description":"Handmade Dreams","publisher":{"@id":"https:\/\/irinasb.com\/#organization"},"potentialAction":[{"@type":"SearchAction","target":{"@type":"EntryPoint","urlTemplate":"https:\/\/irinasb.com\/?s={search_term_string}"},"query-input":{"@type":"PropertyValueSpecification","valueRequired":true,"valueName":"search_term_string"}}],"inLanguage":"en-GB"},{"@type":"Organization","@id":"https:\/\/irinasb.com\/#organization","name":"IrinasB","url":"https:\/\/irinasb.com\/","logo":{"@type":"ImageObject","inLanguage":"en-GB","@id":"https:\/\/irinasb.com\/#\/schema\/logo\/image\/","url":"https:\/\/irinasb.com\/wp-content\/uploads\/2016\/11\/logo.fw_.png","contentUrl":"https:\/\/irinasb.com\/wp-content\/uploads\/2016\/11\/logo.fw_.png","width":900,"height":453,"caption":"IrinasB"},"image":{"@id":"https:\/\/irinasb.com\/#\/schema\/logo\/image\/"}}]}},"_links":{"self":[{"href":"https:\/\/irinasb.com\/en\/wp-json\/wp\/v2\/product\/31862","targetHints":{"allow":["GET"]}}],"collection":[{"href":"https:\/\/irinasb.com\/en\/wp-json\/wp\/v2\/product"}],"about":[{"href":"https:\/\/irinasb.com\/en\/wp-json\/wp\/v2\/types\/product"}],"replies":[{"embeddable":true,"href":"https:\/\/irinasb.com\/en\/wp-json\/wp\/v2\/comments?post=31862"}],"wp:featuredmedia":[{"embeddable":true,"href":"https:\/\/irinasb.com\/en\/wp-json\/wp\/v2\/media\/31865"}],"wp:attachment":[{"href":"https:\/\/irinasb.com\/en\/wp-json\/wp\/v2\/media?parent=31862"}],"wp:term":[{"taxonomy":"product_brand","embeddable":true,"href":"https:\/\/irinasb.com\/en\/wp-json\/wp\/v2\/product_brand?post=31862"},{"taxonomy":"product_cat","embeddable":true,"href":"https:\/\/irinasb.com\/en\/wp-json\/wp\/v2\/product_cat?post=31862"},{"taxonomy":"product_tag","embeddable":true,"href":"https:\/\/irinasb.com\/en\/wp-json\/wp\/v2\/product_tag?post=31862"}],"curies":[{"name":"wp","href":"https:\/\/api.w.org\/{rel}","templated":true}]}}