{"id":31825,"date":"2025-10-22T15:30:45","date_gmt":"2025-10-22T15:30:45","guid":{"rendered":"https:\/\/irinasb.com\/?post_type=product&#038;p=31825"},"modified":"2025-10-22T17:00:12","modified_gmt":"2025-10-22T17:00:12","slug":"pulseira-tecido-com-coracao-de-viana-dourado","status":"publish","type":"product","link":"https:\/\/irinasb.com\/en\/product\/pulseira-tecido-com-coracao-de-viana-dourado\/","title":{"rendered":"Pulseira de Tecido com Cora\u00e7\u00e3o de Viana Dourado"},"content":{"rendered":"<p>A <strong data-start=\"274\" data-end=\"336\">Pulseira\u00a0 de Tecido com Cora\u00e7\u00e3o de Viana Dourado<\/strong> \u00e9 uma pe\u00e7a que une o charme da tradi\u00e7\u00e3o portuguesa ao estilo contempor\u00e2neo.<\/p>\n<p data-start=\"624\" data-end=\"782\">Ideal para quem aprecia acess\u00f3rios com significado cultural e um toque moderno, esta pulseira \u00e9 perfeita tanto para uso di\u00e1rio como para ocasi\u00f5es especiais.<\/p>\n<h2 data-start=\"789\" data-end=\"812\">Caracter\u00edsticas<\/h2>\n<ul data-start=\"813\" data-end=\"1081\">\n<li data-start=\"813\" data-end=\"893\">\n<p data-start=\"815\" data-end=\"893\">Material: <strong data-start=\"825\" data-end=\"849\">Tecido azul e branco<\/strong> com pendente <strong data-start=\"863\" data-end=\"891\">Cora\u00e7\u00e3o de Viana dourado<\/strong><\/p>\n<\/li>\n<li data-start=\"930\" data-end=\"979\">\n<p data-start=\"932\" data-end=\"979\">Estilo: tradicional, elegante e contempor\u00e2neo<\/p>\n<\/li>\n<li data-start=\"980\" data-end=\"1033\">\n<p data-start=\"982\" data-end=\"1033\">Categoria: <strong data-start=\"993\" data-end=\"1031\">Pulseiras \/ Acess\u00f3rios portugueses<\/strong><\/p>\n<\/li>\n<li data-start=\"1034\" data-end=\"1081\">\n<p data-start=\"1036\" data-end=\"1081\">Ajust\u00e1vel e confort\u00e1vel para qualquer pulso<\/p>\n<\/li>\n<\/ul>\n<h2 data-start=\"1088\" data-end=\"1115\">Porque deve comprar<\/h2>\n<p data-start=\"1116\" data-end=\"1377\">Inspirada na <strong data-start=\"1132\" data-end=\"1175\">tradi\u00e7\u00e3o portuguesa do Cora\u00e7\u00e3o de Viana<\/strong><br data-start=\"1175\" data-end=\"1178\" \/>Combina <strong data-start=\"1189\" data-end=\"1225\">cultura, eleg\u00e2ncia e modernidade<\/strong><br data-start=\"1225\" data-end=\"1228\" \/>Ideal para complementar qualquer estilo<br data-start=\"1270\" data-end=\"1273\" \/>Leve e confort\u00e1vel para o uso di\u00e1rio<br data-start=\"1312\" data-end=\"1315\" \/>Uma excelente op\u00e7\u00e3o de presente com significado simb\u00f3lico<\/p>","protected":false},"excerpt":{"rendered":"<p>Inspirada no ic\u00f3nico <strong data-start=\"434\" data-end=\"454\">Cora\u00e7\u00e3o de Viana<\/strong>, s\u00edmbolo de amor, f\u00e9 e devo\u00e7\u00e3o, esta pulseira combina tons de azul e branco num tecido elegante, complementado por um pendente dourado que real\u00e7a a sua sofistica\u00e7\u00e3o.<\/p>","protected":false},"featured_media":31828,"comment_status":"closed","ping_status":"closed","template":"","meta":[],"product_brand":[],"product_cat":[192],"product_tag":[215,217,145,214,773,244],"class_list":{"0":"post-31825","1":"product","2":"type-product","3":"status-publish","4":"has-post-thumbnail","6":"product_cat-pulseiras","7":"product_tag-azul","8":"product_tag-branco","9":"product_tag-coracao-de-viana","10":"product_tag-dourado","11":"product_tag-pulseira","12":"product_tag-tecido","14":"first","15":"instock","16":"shipping-taxable","17":"purchasable","18":"product-type-variable"},"yoast_head":"<!-- This site is optimized with the Yoast SEO plugin v26.2 - https:\/\/yoast.com\/wordpress\/plugins\/seo\/ -->\n<title>Pulseira de Tecido com Cora\u00e7\u00e3o de Viana Dourado - IrinasB<\/title>\n<meta name=\"description\" content=\"Pulseira com Cora\u00e7\u00e3o de Viana em A\u00e7o com Fita de Tecido.\" \/>\n<meta name=\"robots\" content=\"index, follow, max-snippet:-1, max-image-preview:large, max-video-preview:-1\" \/>\n<link rel=\"canonical\" href=\"https:\/\/irinasb.com\/en\/product\/pulseira-tecido-com-coracao-de-viana-dourado\/\" \/>\n<meta property=\"og:locale\" content=\"en_GB\" \/>\n<meta property=\"og:type\" content=\"article\" \/>\n<meta property=\"og:title\" content=\"Pulseira de Tecido com Cora\u00e7\u00e3o de Viana Dourado - IrinasB\" \/>\n<meta property=\"og:description\" content=\"Pulseira com Cora\u00e7\u00e3o de Viana em A\u00e7o com Fita de Tecido.\" \/>\n<meta property=\"og:url\" content=\"https:\/\/irinasb.com\/en\/product\/pulseira-tecido-com-coracao-de-viana-dourado\/\" \/>\n<meta property=\"og:site_name\" content=\"IrinasB\" \/>\n<meta property=\"article:modified_time\" content=\"2025-10-22T17:00:12+00:00\" \/>\n<meta property=\"og:image\" content=\"https:\/\/irinasb.com\/wp-content\/uploads\/2025\/10\/pulseira-coracaoviana3.jpg\" \/>\n\t<meta property=\"og:image:width\" content=\"800\" \/>\n\t<meta property=\"og:image:height\" content=\"966\" \/>\n\t<meta property=\"og:image:type\" content=\"image\/jpeg\" \/>\n<meta name=\"twitter:card\" content=\"summary_large_image\" \/>\n<meta name=\"twitter:label1\" content=\"Estimated reading time\" \/>\n\t<meta name=\"twitter:data1\" content=\"1 minute\" \/>\n<script type=\"application\/ld+json\" class=\"yoast-schema-graph\">{\"@context\":\"https:\/\/schema.org\",\"@graph\":[{\"@type\":\"WebPage\",\"@id\":\"https:\/\/irinasb.com\/produto\/pulseira-tecido-com-coracao-de-viana-dourado\/\",\"url\":\"https:\/\/irinasb.com\/produto\/pulseira-tecido-com-coracao-de-viana-dourado\/\",\"name\":\"Pulseira de Tecido com Cora\u00e7\u00e3o de Viana Dourado - IrinasB\",\"isPartOf\":{\"@id\":\"https:\/\/irinasb.com\/#website\"},\"primaryImageOfPage\":{\"@id\":\"https:\/\/irinasb.com\/produto\/pulseira-tecido-com-coracao-de-viana-dourado\/#primaryimage\"},\"image\":{\"@id\":\"https:\/\/irinasb.com\/produto\/pulseira-tecido-com-coracao-de-viana-dourado\/#primaryimage\"},\"thumbnailUrl\":\"https:\/\/irinasb.com\/wp-content\/uploads\/2025\/10\/pulseira-coracaoviana3.jpg\",\"datePublished\":\"2025-10-22T15:30:45+00:00\",\"dateModified\":\"2025-10-22T17:00:12+00:00\",\"description\":\"Pulseira com Cora\u00e7\u00e3o de Viana em A\u00e7o com Fita de Tecido.\",\"breadcrumb\":{\"@id\":\"https:\/\/irinasb.com\/produto\/pulseira-tecido-com-coracao-de-viana-dourado\/#breadcrumb\"},\"inLanguage\":\"en-GB\",\"potentialAction\":[{\"@type\":\"ReadAction\",\"target\":[\"https:\/\/irinasb.com\/produto\/pulseira-tecido-com-coracao-de-viana-dourado\/\"]}]},{\"@type\":\"ImageObject\",\"inLanguage\":\"en-GB\",\"@id\":\"https:\/\/irinasb.com\/produto\/pulseira-tecido-com-coracao-de-viana-dourado\/#primaryimage\",\"url\":\"https:\/\/irinasb.com\/wp-content\/uploads\/2025\/10\/pulseira-coracaoviana3.jpg\",\"contentUrl\":\"https:\/\/irinasb.com\/wp-content\/uploads\/2025\/10\/pulseira-coracaoviana3.jpg\",\"width\":800,\"height\":966},{\"@type\":\"BreadcrumbList\",\"@id\":\"https:\/\/irinasb.com\/produto\/pulseira-tecido-com-coracao-de-viana-dourado\/#breadcrumb\",\"itemListElement\":[{\"@type\":\"ListItem\",\"position\":1,\"name\":\"Home\",\"item\":\"https:\/\/irinasb.com\/\"},{\"@type\":\"ListItem\",\"position\":2,\"name\":\"Loja\",\"item\":\"https:\/\/irinasb.com\/loja\/\"},{\"@type\":\"ListItem\",\"position\":3,\"name\":\"Pulseira de Tecido com Cora\u00e7\u00e3o de Viana Dourado\"}]},{\"@type\":\"WebSite\",\"@id\":\"https:\/\/irinasb.com\/#website\",\"url\":\"https:\/\/irinasb.com\/\",\"name\":\"IrinasB\",\"description\":\"Handmade Dreams\",\"publisher\":{\"@id\":\"https:\/\/irinasb.com\/#organization\"},\"potentialAction\":[{\"@type\":\"SearchAction\",\"target\":{\"@type\":\"EntryPoint\",\"urlTemplate\":\"https:\/\/irinasb.com\/?s={search_term_string}\"},\"query-input\":{\"@type\":\"PropertyValueSpecification\",\"valueRequired\":true,\"valueName\":\"search_term_string\"}}],\"inLanguage\":\"en-GB\"},{\"@type\":\"Organization\",\"@id\":\"https:\/\/irinasb.com\/#organization\",\"name\":\"IrinasB\",\"url\":\"https:\/\/irinasb.com\/\",\"logo\":{\"@type\":\"ImageObject\",\"inLanguage\":\"en-GB\",\"@id\":\"https:\/\/irinasb.com\/#\/schema\/logo\/image\/\",\"url\":\"https:\/\/irinasb.com\/wp-content\/uploads\/2016\/11\/logo.fw_.png\",\"contentUrl\":\"https:\/\/irinasb.com\/wp-content\/uploads\/2016\/11\/logo.fw_.png\",\"width\":900,\"height\":453,\"caption\":\"IrinasB\"},\"image\":{\"@id\":\"https:\/\/irinasb.com\/#\/schema\/logo\/image\/\"}}]}<\/script>\n<!-- \/ Yoast SEO plugin. -->","yoast_head_json":{"title":"Pulseira de Tecido com Cora\u00e7\u00e3o de Viana Dourado - IrinasB","description":"Pulseira com Cora\u00e7\u00e3o de Viana em A\u00e7o com Fita de Tecido.","robots":{"index":"index","follow":"follow","max-snippet":"max-snippet:-1","max-image-preview":"max-image-preview:large","max-video-preview":"max-video-preview:-1"},"canonical":"https:\/\/irinasb.com\/en\/product\/pulseira-tecido-com-coracao-de-viana-dourado\/","og_locale":"en_GB","og_type":"article","og_title":"Pulseira de Tecido com Cora\u00e7\u00e3o de Viana Dourado - IrinasB","og_description":"Pulseira com Cora\u00e7\u00e3o de Viana em A\u00e7o com Fita de Tecido.","og_url":"https:\/\/irinasb.com\/en\/product\/pulseira-tecido-com-coracao-de-viana-dourado\/","og_site_name":"IrinasB","article_modified_time":"2025-10-22T17:00:12+00:00","og_image":[{"width":800,"height":966,"url":"https:\/\/irinasb.com\/wp-content\/uploads\/2025\/10\/pulseira-coracaoviana3.jpg","type":"image\/jpeg"}],"twitter_card":"summary_large_image","twitter_misc":{"Estimated reading time":"1 minute"},"schema":{"@context":"https:\/\/schema.org","@graph":[{"@type":"WebPage","@id":"https:\/\/irinasb.com\/produto\/pulseira-tecido-com-coracao-de-viana-dourado\/","url":"https:\/\/irinasb.com\/produto\/pulseira-tecido-com-coracao-de-viana-dourado\/","name":"Pulseira de Tecido com Cora\u00e7\u00e3o de Viana Dourado - IrinasB","isPartOf":{"@id":"https:\/\/irinasb.com\/#website"},"primaryImageOfPage":{"@id":"https:\/\/irinasb.com\/produto\/pulseira-tecido-com-coracao-de-viana-dourado\/#primaryimage"},"image":{"@id":"https:\/\/irinasb.com\/produto\/pulseira-tecido-com-coracao-de-viana-dourado\/#primaryimage"},"thumbnailUrl":"https:\/\/irinasb.com\/wp-content\/uploads\/2025\/10\/pulseira-coracaoviana3.jpg","datePublished":"2025-10-22T15:30:45+00:00","dateModified":"2025-10-22T17:00:12+00:00","description":"Pulseira com Cora\u00e7\u00e3o de Viana em A\u00e7o com Fita de Tecido.","breadcrumb":{"@id":"https:\/\/irinasb.com\/produto\/pulseira-tecido-com-coracao-de-viana-dourado\/#breadcrumb"},"inLanguage":"en-GB","potentialAction":[{"@type":"ReadAction","target":["https:\/\/irinasb.com\/produto\/pulseira-tecido-com-coracao-de-viana-dourado\/"]}]},{"@type":"ImageObject","inLanguage":"en-GB","@id":"https:\/\/irinasb.com\/produto\/pulseira-tecido-com-coracao-de-viana-dourado\/#primaryimage","url":"https:\/\/irinasb.com\/wp-content\/uploads\/2025\/10\/pulseira-coracaoviana3.jpg","contentUrl":"https:\/\/irinasb.com\/wp-content\/uploads\/2025\/10\/pulseira-coracaoviana3.jpg","width":800,"height":966},{"@type":"BreadcrumbList","@id":"https:\/\/irinasb.com\/produto\/pulseira-tecido-com-coracao-de-viana-dourado\/#breadcrumb","itemListElement":[{"@type":"ListItem","position":1,"name":"Home","item":"https:\/\/irinasb.com\/"},{"@type":"ListItem","position":2,"name":"Loja","item":"https:\/\/irinasb.com\/loja\/"},{"@type":"ListItem","position":3,"name":"Pulseira de Tecido com Cora\u00e7\u00e3o de Viana Dourado"}]},{"@type":"WebSite","@id":"https:\/\/irinasb.com\/#website","url":"https:\/\/irinasb.com\/","name":"IrinasB","description":"Handmade Dreams","publisher":{"@id":"https:\/\/irinasb.com\/#organization"},"potentialAction":[{"@type":"SearchAction","target":{"@type":"EntryPoint","urlTemplate":"https:\/\/irinasb.com\/?s={search_term_string}"},"query-input":{"@type":"PropertyValueSpecification","valueRequired":true,"valueName":"search_term_string"}}],"inLanguage":"en-GB"},{"@type":"Organization","@id":"https:\/\/irinasb.com\/#organization","name":"IrinasB","url":"https:\/\/irinasb.com\/","logo":{"@type":"ImageObject","inLanguage":"en-GB","@id":"https:\/\/irinasb.com\/#\/schema\/logo\/image\/","url":"https:\/\/irinasb.com\/wp-content\/uploads\/2016\/11\/logo.fw_.png","contentUrl":"https:\/\/irinasb.com\/wp-content\/uploads\/2016\/11\/logo.fw_.png","width":900,"height":453,"caption":"IrinasB"},"image":{"@id":"https:\/\/irinasb.com\/#\/schema\/logo\/image\/"}}]}},"_links":{"self":[{"href":"https:\/\/irinasb.com\/en\/wp-json\/wp\/v2\/product\/31825","targetHints":{"allow":["GET"]}}],"collection":[{"href":"https:\/\/irinasb.com\/en\/wp-json\/wp\/v2\/product"}],"about":[{"href":"https:\/\/irinasb.com\/en\/wp-json\/wp\/v2\/types\/product"}],"replies":[{"embeddable":true,"href":"https:\/\/irinasb.com\/en\/wp-json\/wp\/v2\/comments?post=31825"}],"wp:featuredmedia":[{"embeddable":true,"href":"https:\/\/irinasb.com\/en\/wp-json\/wp\/v2\/media\/31828"}],"wp:attachment":[{"href":"https:\/\/irinasb.com\/en\/wp-json\/wp\/v2\/media?parent=31825"}],"wp:term":[{"taxonomy":"product_brand","embeddable":true,"href":"https:\/\/irinasb.com\/en\/wp-json\/wp\/v2\/product_brand?post=31825"},{"taxonomy":"product_cat","embeddable":true,"href":"https:\/\/irinasb.com\/en\/wp-json\/wp\/v2\/product_cat?post=31825"},{"taxonomy":"product_tag","embeddable":true,"href":"https:\/\/irinasb.com\/en\/wp-json\/wp\/v2\/product_tag?post=31825"}],"curies":[{"name":"wp","href":"https:\/\/api.w.org\/{rel}","templated":true}]}}