{"id":31794,"date":"2025-10-15T17:12:39","date_gmt":"2025-10-15T17:12:39","guid":{"rendered":"https:\/\/irinasb.com\/?post_type=product&#038;p=31794"},"modified":"2026-01-20T11:47:13","modified_gmt":"2026-01-20T11:47:13","slug":"conjunto-bag-charm-em-peluche-e-pulseira","status":"publish","type":"product","link":"https:\/\/irinasb.com\/en\/product\/conjunto-bag-charm-em-peluche-e-pulseira\/","title":{"rendered":"Conjunto Bag Charm em Peluche e Pulseira"},"content":{"rendered":"<p data-start=\"256\" data-end=\"582\">O <strong data-start=\"258\" data-end=\"306\">Conjunto Pulseira e Charm de Peluche Laranja<\/strong> \u00e9 a escolha perfeita para quem procura um acess\u00f3rio divertido, moderno e cheio de cor.<\/p>\n<p data-start=\"584\" data-end=\"746\">Ideal para complementar o seu estilo com um detalhe criativo e diferente, este conjunto \u00e9 tamb\u00e9m uma excelente op\u00e7\u00e3o de presente para qualquer ocasi\u00e3o especial.<\/p>\n<h2 data-start=\"753\" data-end=\"776\">Caracter\u00edsticas<\/h2>\n<ul data-start=\"777\" data-end=\"1022\">\n<li data-start=\"777\" data-end=\"832\">\n<p data-start=\"779\" data-end=\"832\">Inclui: <strong data-start=\"787\" data-end=\"830\">1 pulseira + 1 charm de peluche laranja<\/strong><\/p>\n<\/li>\n<li data-start=\"833\" data-end=\"871\">\n<p data-start=\"835\" data-end=\"871\">Cor: <strong data-start=\"840\" data-end=\"869\">Laranja vibrante e alegre<\/strong><\/p>\n<\/li>\n<li data-start=\"872\" data-end=\"915\">\n<p data-start=\"874\" data-end=\"915\">Materiais: suaves, leves e confort\u00e1veis<\/p>\n<\/li>\n<li data-start=\"916\" data-end=\"957\">\n<p data-start=\"918\" data-end=\"957\">Estilo: moderno, divertido e vers\u00e1til<\/p>\n<\/li>\n<li data-start=\"958\" data-end=\"1022\">\n<p data-start=\"960\" data-end=\"1022\">Categoria: <strong data-start=\"971\" data-end=\"1020\">Acess\u00f3rios \/ Presentes para todas as ocasi\u00f5es<\/strong><\/p>\n<\/li>\n<\/ul>\n<h2 data-start=\"1029\" data-end=\"1056\">Porque deve comprar<\/h2>\n<p data-start=\"1057\" data-end=\"1301\">Charm em peluche <strong data-start=\"1077\" data-end=\"1098\">fofo e destac\u00e1vel<\/strong><br data-start=\"1098\" data-end=\"1101\" \/>Cor laranja que transmite <strong data-start=\"1130\" data-end=\"1154\">energia e vitalidade<\/strong><br data-start=\"1154\" data-end=\"1157\" \/>Acess\u00f3rio confort\u00e1vel e leve para o dia a dia<br data-start=\"1205\" data-end=\"1208\" \/>Design criativo e contempor\u00e2neo<br data-start=\"1242\" data-end=\"1245\" \/>Excelente op\u00e7\u00e3o de presente original e cheio de cor<\/p>","protected":false},"excerpt":{"rendered":"<p>A pulseira apresenta um design leve e confort\u00e1vel, acompanhada por um <strong data-start=\"464\" data-end=\"517\">charm em forma de peluche na cor laranja vibrante<\/strong>, que adiciona um toque de energia e originalidade ao seu look.<\/p>","protected":false},"featured_media":31797,"comment_status":"closed","ping_status":"closed","template":"","meta":[],"product_brand":[],"product_cat":[277,204],"product_tag":[775,774,245,776,773],"class_list":{"0":"post-31794","1":"product","2":"type-product","3":"status-publish","4":"has-post-thumbnail","6":"product_cat-crianca","7":"product_cat-presentes-para-todas-as-ocasioes","8":"product_tag-charm","9":"product_tag-conjunto","10":"product_tag-laranja","11":"product_tag-peluche","12":"product_tag-pulseira","14":"first","15":"instock","16":"shipping-taxable","17":"purchasable","18":"product-type-simple"},"yoast_head":"<!-- This site is optimized with the Yoast SEO plugin v26.2 - https:\/\/yoast.com\/wordpress\/plugins\/seo\/ -->\n<title>Conjunto Bag Charm em Peluche e Pulseira - IrinasB<\/title>\n<meta name=\"description\" content=\"Conjunto de Pulseira ajust\u00e1vel com cristais e a\u00e7o e bag charm ou porta-chaves com peluche laranja.\" \/>\n<meta name=\"robots\" content=\"index, follow, max-snippet:-1, max-image-preview:large, max-video-preview:-1\" \/>\n<link rel=\"canonical\" href=\"https:\/\/irinasb.com\/en\/product\/conjunto-bag-charm-em-peluche-e-pulseira\/\" \/>\n<meta property=\"og:locale\" content=\"en_GB\" \/>\n<meta property=\"og:type\" content=\"article\" \/>\n<meta property=\"og:title\" content=\"Conjunto Bag Charm em Peluche e Pulseira - IrinasB\" \/>\n<meta property=\"og:description\" content=\"Conjunto de Pulseira ajust\u00e1vel com cristais e a\u00e7o e bag charm ou porta-chaves com peluche laranja.\" \/>\n<meta property=\"og:url\" content=\"https:\/\/irinasb.com\/en\/product\/conjunto-bag-charm-em-peluche-e-pulseira\/\" \/>\n<meta property=\"og:site_name\" content=\"IrinasB\" \/>\n<meta property=\"article:modified_time\" content=\"2026-01-20T11:47:13+00:00\" \/>\n<meta property=\"og:image\" content=\"https:\/\/irinasb.com\/wp-content\/uploads\/2025\/10\/charm-laranja.jpg\" \/>\n\t<meta property=\"og:image:width\" content=\"800\" \/>\n\t<meta property=\"og:image:height\" content=\"969\" \/>\n\t<meta property=\"og:image:type\" content=\"image\/jpeg\" \/>\n<meta name=\"twitter:card\" content=\"summary_large_image\" \/>\n<meta name=\"twitter:label1\" content=\"Estimated reading time\" \/>\n\t<meta name=\"twitter:data1\" content=\"1 minute\" \/>\n<script type=\"application\/ld+json\" class=\"yoast-schema-graph\">{\"@context\":\"https:\/\/schema.org\",\"@graph\":[{\"@type\":\"WebPage\",\"@id\":\"https:\/\/irinasb.com\/produto\/conjunto-bag-charm-em-peluche-e-pulseira\/\",\"url\":\"https:\/\/irinasb.com\/produto\/conjunto-bag-charm-em-peluche-e-pulseira\/\",\"name\":\"Conjunto Bag Charm em Peluche e Pulseira - IrinasB\",\"isPartOf\":{\"@id\":\"https:\/\/irinasb.com\/#website\"},\"primaryImageOfPage\":{\"@id\":\"https:\/\/irinasb.com\/produto\/conjunto-bag-charm-em-peluche-e-pulseira\/#primaryimage\"},\"image\":{\"@id\":\"https:\/\/irinasb.com\/produto\/conjunto-bag-charm-em-peluche-e-pulseira\/#primaryimage\"},\"thumbnailUrl\":\"https:\/\/irinasb.com\/wp-content\/uploads\/2025\/10\/charm-laranja.jpg\",\"datePublished\":\"2025-10-15T17:12:39+00:00\",\"dateModified\":\"2026-01-20T11:47:13+00:00\",\"description\":\"Conjunto de Pulseira ajust\u00e1vel com cristais e a\u00e7o e bag charm ou porta-chaves com peluche laranja.\",\"breadcrumb\":{\"@id\":\"https:\/\/irinasb.com\/produto\/conjunto-bag-charm-em-peluche-e-pulseira\/#breadcrumb\"},\"inLanguage\":\"en-GB\",\"potentialAction\":[{\"@type\":\"ReadAction\",\"target\":[\"https:\/\/irinasb.com\/produto\/conjunto-bag-charm-em-peluche-e-pulseira\/\"]}]},{\"@type\":\"ImageObject\",\"inLanguage\":\"en-GB\",\"@id\":\"https:\/\/irinasb.com\/produto\/conjunto-bag-charm-em-peluche-e-pulseira\/#primaryimage\",\"url\":\"https:\/\/irinasb.com\/wp-content\/uploads\/2025\/10\/charm-laranja.jpg\",\"contentUrl\":\"https:\/\/irinasb.com\/wp-content\/uploads\/2025\/10\/charm-laranja.jpg\",\"width\":800,\"height\":969},{\"@type\":\"BreadcrumbList\",\"@id\":\"https:\/\/irinasb.com\/produto\/conjunto-bag-charm-em-peluche-e-pulseira\/#breadcrumb\",\"itemListElement\":[{\"@type\":\"ListItem\",\"position\":1,\"name\":\"Home\",\"item\":\"https:\/\/irinasb.com\/\"},{\"@type\":\"ListItem\",\"position\":2,\"name\":\"Loja\",\"item\":\"https:\/\/irinasb.com\/loja\/\"},{\"@type\":\"ListItem\",\"position\":3,\"name\":\"Conjunto Bag Charm em Peluche e Pulseira\"}]},{\"@type\":\"WebSite\",\"@id\":\"https:\/\/irinasb.com\/#website\",\"url\":\"https:\/\/irinasb.com\/\",\"name\":\"IrinasB\",\"description\":\"Handmade Dreams\",\"publisher\":{\"@id\":\"https:\/\/irinasb.com\/#organization\"},\"potentialAction\":[{\"@type\":\"SearchAction\",\"target\":{\"@type\":\"EntryPoint\",\"urlTemplate\":\"https:\/\/irinasb.com\/?s={search_term_string}\"},\"query-input\":{\"@type\":\"PropertyValueSpecification\",\"valueRequired\":true,\"valueName\":\"search_term_string\"}}],\"inLanguage\":\"en-GB\"},{\"@type\":\"Organization\",\"@id\":\"https:\/\/irinasb.com\/#organization\",\"name\":\"IrinasB\",\"url\":\"https:\/\/irinasb.com\/\",\"logo\":{\"@type\":\"ImageObject\",\"inLanguage\":\"en-GB\",\"@id\":\"https:\/\/irinasb.com\/#\/schema\/logo\/image\/\",\"url\":\"https:\/\/irinasb.com\/wp-content\/uploads\/2016\/11\/logo.fw_.png\",\"contentUrl\":\"https:\/\/irinasb.com\/wp-content\/uploads\/2016\/11\/logo.fw_.png\",\"width\":900,\"height\":453,\"caption\":\"IrinasB\"},\"image\":{\"@id\":\"https:\/\/irinasb.com\/#\/schema\/logo\/image\/\"}}]}<\/script>\n<!-- \/ Yoast SEO plugin. -->","yoast_head_json":{"title":"Conjunto Bag Charm em Peluche e Pulseira - IrinasB","description":"Conjunto de Pulseira ajust\u00e1vel com cristais e a\u00e7o e bag charm ou porta-chaves com peluche laranja.","robots":{"index":"index","follow":"follow","max-snippet":"max-snippet:-1","max-image-preview":"max-image-preview:large","max-video-preview":"max-video-preview:-1"},"canonical":"https:\/\/irinasb.com\/en\/product\/conjunto-bag-charm-em-peluche-e-pulseira\/","og_locale":"en_GB","og_type":"article","og_title":"Conjunto Bag Charm em Peluche e Pulseira - IrinasB","og_description":"Conjunto de Pulseira ajust\u00e1vel com cristais e a\u00e7o e bag charm ou porta-chaves com peluche laranja.","og_url":"https:\/\/irinasb.com\/en\/product\/conjunto-bag-charm-em-peluche-e-pulseira\/","og_site_name":"IrinasB","article_modified_time":"2026-01-20T11:47:13+00:00","og_image":[{"width":800,"height":969,"url":"https:\/\/irinasb.com\/wp-content\/uploads\/2025\/10\/charm-laranja.jpg","type":"image\/jpeg"}],"twitter_card":"summary_large_image","twitter_misc":{"Estimated reading time":"1 minute"},"schema":{"@context":"https:\/\/schema.org","@graph":[{"@type":"WebPage","@id":"https:\/\/irinasb.com\/produto\/conjunto-bag-charm-em-peluche-e-pulseira\/","url":"https:\/\/irinasb.com\/produto\/conjunto-bag-charm-em-peluche-e-pulseira\/","name":"Conjunto Bag Charm em Peluche e Pulseira - IrinasB","isPartOf":{"@id":"https:\/\/irinasb.com\/#website"},"primaryImageOfPage":{"@id":"https:\/\/irinasb.com\/produto\/conjunto-bag-charm-em-peluche-e-pulseira\/#primaryimage"},"image":{"@id":"https:\/\/irinasb.com\/produto\/conjunto-bag-charm-em-peluche-e-pulseira\/#primaryimage"},"thumbnailUrl":"https:\/\/irinasb.com\/wp-content\/uploads\/2025\/10\/charm-laranja.jpg","datePublished":"2025-10-15T17:12:39+00:00","dateModified":"2026-01-20T11:47:13+00:00","description":"Conjunto de Pulseira ajust\u00e1vel com cristais e a\u00e7o e bag charm ou porta-chaves com peluche laranja.","breadcrumb":{"@id":"https:\/\/irinasb.com\/produto\/conjunto-bag-charm-em-peluche-e-pulseira\/#breadcrumb"},"inLanguage":"en-GB","potentialAction":[{"@type":"ReadAction","target":["https:\/\/irinasb.com\/produto\/conjunto-bag-charm-em-peluche-e-pulseira\/"]}]},{"@type":"ImageObject","inLanguage":"en-GB","@id":"https:\/\/irinasb.com\/produto\/conjunto-bag-charm-em-peluche-e-pulseira\/#primaryimage","url":"https:\/\/irinasb.com\/wp-content\/uploads\/2025\/10\/charm-laranja.jpg","contentUrl":"https:\/\/irinasb.com\/wp-content\/uploads\/2025\/10\/charm-laranja.jpg","width":800,"height":969},{"@type":"BreadcrumbList","@id":"https:\/\/irinasb.com\/produto\/conjunto-bag-charm-em-peluche-e-pulseira\/#breadcrumb","itemListElement":[{"@type":"ListItem","position":1,"name":"Home","item":"https:\/\/irinasb.com\/"},{"@type":"ListItem","position":2,"name":"Loja","item":"https:\/\/irinasb.com\/loja\/"},{"@type":"ListItem","position":3,"name":"Conjunto Bag Charm em Peluche e Pulseira"}]},{"@type":"WebSite","@id":"https:\/\/irinasb.com\/#website","url":"https:\/\/irinasb.com\/","name":"IrinasB","description":"Handmade Dreams","publisher":{"@id":"https:\/\/irinasb.com\/#organization"},"potentialAction":[{"@type":"SearchAction","target":{"@type":"EntryPoint","urlTemplate":"https:\/\/irinasb.com\/?s={search_term_string}"},"query-input":{"@type":"PropertyValueSpecification","valueRequired":true,"valueName":"search_term_string"}}],"inLanguage":"en-GB"},{"@type":"Organization","@id":"https:\/\/irinasb.com\/#organization","name":"IrinasB","url":"https:\/\/irinasb.com\/","logo":{"@type":"ImageObject","inLanguage":"en-GB","@id":"https:\/\/irinasb.com\/#\/schema\/logo\/image\/","url":"https:\/\/irinasb.com\/wp-content\/uploads\/2016\/11\/logo.fw_.png","contentUrl":"https:\/\/irinasb.com\/wp-content\/uploads\/2016\/11\/logo.fw_.png","width":900,"height":453,"caption":"IrinasB"},"image":{"@id":"https:\/\/irinasb.com\/#\/schema\/logo\/image\/"}}]}},"_links":{"self":[{"href":"https:\/\/irinasb.com\/en\/wp-json\/wp\/v2\/product\/31794","targetHints":{"allow":["GET"]}}],"collection":[{"href":"https:\/\/irinasb.com\/en\/wp-json\/wp\/v2\/product"}],"about":[{"href":"https:\/\/irinasb.com\/en\/wp-json\/wp\/v2\/types\/product"}],"replies":[{"embeddable":true,"href":"https:\/\/irinasb.com\/en\/wp-json\/wp\/v2\/comments?post=31794"}],"wp:featuredmedia":[{"embeddable":true,"href":"https:\/\/irinasb.com\/en\/wp-json\/wp\/v2\/media\/31797"}],"wp:attachment":[{"href":"https:\/\/irinasb.com\/en\/wp-json\/wp\/v2\/media?parent=31794"}],"wp:term":[{"taxonomy":"product_brand","embeddable":true,"href":"https:\/\/irinasb.com\/en\/wp-json\/wp\/v2\/product_brand?post=31794"},{"taxonomy":"product_cat","embeddable":true,"href":"https:\/\/irinasb.com\/en\/wp-json\/wp\/v2\/product_cat?post=31794"},{"taxonomy":"product_tag","embeddable":true,"href":"https:\/\/irinasb.com\/en\/wp-json\/wp\/v2\/product_tag?post=31794"}],"curies":[{"name":"wp","href":"https:\/\/api.w.org\/{rel}","templated":true}]}}