{"id":31784,"date":"2025-10-15T15:59:35","date_gmt":"2025-10-15T15:59:35","guid":{"rendered":"https:\/\/irinasb.com\/?post_type=product&#038;p=31784"},"modified":"2026-01-20T11:49:15","modified_gmt":"2026-01-20T11:49:15","slug":"conjunto-bag-charm-em-peluche-e-pulseira-7","status":"publish","type":"product","link":"https:\/\/irinasb.com\/en\/product\/conjunto-bag-charm-em-peluche-e-pulseira-7\/","title":{"rendered":"Conjunto Bag Charm em Peluche e Pulseira"},"content":{"rendered":"<p data-start=\"256\" data-end=\"558\">O <strong data-start=\"258\" data-end=\"310\">Conjunto Pulseira e Charm de Peluche Coelho Rosa<\/strong> \u00e9 o equil\u00edbrio perfeito entre ternura, originalidade e estilo.<\/p>\n<p data-start=\"560\" data-end=\"720\">Ideal para quem gosta de acess\u00f3rios criativos e cheios de personalidade, este conjunto \u00e9 perfeito para expressar leveza, alegria e autenticidade no dia a dia.<\/p>\n<h2 data-start=\"727\" data-end=\"750\">Caracter\u00edsticas<\/h2>\n<ul data-start=\"751\" data-end=\"1004\">\n<li data-start=\"751\" data-end=\"810\">\n<p data-start=\"753\" data-end=\"810\">Inclui: <strong data-start=\"761\" data-end=\"808\">1 pulseira + 1 charm em peluche coelho rosa<\/strong><\/p>\n<\/li>\n<li data-start=\"811\" data-end=\"847\">\n<p data-start=\"813\" data-end=\"847\">Cor: <strong data-start=\"818\" data-end=\"845\">Rosa suave e encantador<\/strong><\/p>\n<\/li>\n<li data-start=\"848\" data-end=\"898\">\n<p data-start=\"850\" data-end=\"898\">Materiais: leves, suaves e agrad\u00e1veis ao toque<\/p>\n<\/li>\n<li data-start=\"899\" data-end=\"939\">\n<p data-start=\"901\" data-end=\"939\">Estilo: moderno, delicado e vers\u00e1til<\/p>\n<\/li>\n<li data-start=\"940\" data-end=\"1004\">\n<p data-start=\"942\" data-end=\"1004\">Categoria: <strong data-start=\"953\" data-end=\"1002\">Acess\u00f3rios \/ Presentes para todas as ocasi\u00f5es<\/strong><\/p>\n<\/li>\n<\/ul>\n<h2 data-start=\"1011\" data-end=\"1038\">Porque deve comprar<\/h2>\n<p data-start=\"1039\" data-end=\"1291\"><strong data-start=\"1042\" data-end=\"1062\">Charm destac\u00e1vel<\/strong> em forma de coelho rosa<br data-start=\"1086\" data-end=\"1089\" \/>Representa <strong data-start=\"1103\" data-end=\"1139\">do\u00e7ura, sorte e energia positiva<\/strong><br data-start=\"1139\" data-end=\"1142\" \/>Acess\u00f3rio confort\u00e1vel e f\u00e1cil de combinar<br data-start=\"1186\" data-end=\"1189\" \/>Excelente op\u00e7\u00e3o de presente criativo e simb\u00f3lico<br data-start=\"1240\" data-end=\"1243\" \/>Design contempor\u00e2neo com um toque divertido<\/p>","protected":false},"excerpt":{"rendered":"<p>A pulseira apresenta um design moderno e confort\u00e1vel, complementada por um <strong data-start=\"449\" data-end=\"499\">charm em forma de coelho rosa em peluche macio<\/strong>, que traz um toque divertido e elegante a qualquer look.<\/p>","protected":false},"featured_media":32767,"comment_status":"closed","ping_status":"closed","template":"","meta":[],"product_brand":[],"product_cat":[277,204],"product_tag":[775,777,774,773,211],"class_list":{"0":"post-31784","1":"product","2":"type-product","3":"status-publish","4":"has-post-thumbnail","6":"product_cat-crianca","7":"product_cat-presentes-para-todas-as-ocasioes","8":"product_tag-charm","9":"product_tag-coelho","10":"product_tag-conjunto","11":"product_tag-pulseira","12":"product_tag-rosa","14":"first","15":"instock","16":"shipping-taxable","17":"purchasable","18":"product-type-simple"},"yoast_head":"<!-- This site is optimized with the Yoast SEO plugin v26.2 - https:\/\/yoast.com\/wordpress\/plugins\/seo\/ -->\n<title>Conjunto Bag Charm em Peluche e Pulseira - IrinasB<\/title>\n<meta name=\"description\" content=\"Conjunto de Pulseira ajust\u00e1vel com cristais e a\u00e7o e bag charm ou porta-chaves com peluche de coelho rosa.\" \/>\n<meta name=\"robots\" content=\"index, follow, max-snippet:-1, max-image-preview:large, max-video-preview:-1\" \/>\n<link rel=\"canonical\" href=\"https:\/\/irinasb.com\/en\/product\/conjunto-bag-charm-em-peluche-e-pulseira-7\/\" \/>\n<meta property=\"og:locale\" content=\"en_GB\" \/>\n<meta property=\"og:type\" content=\"article\" \/>\n<meta property=\"og:title\" content=\"Conjunto Bag Charm em Peluche e Pulseira - IrinasB\" \/>\n<meta property=\"og:description\" content=\"Conjunto de Pulseira ajust\u00e1vel com cristais e a\u00e7o e bag charm ou porta-chaves com peluche de coelho rosa.\" \/>\n<meta property=\"og:url\" content=\"https:\/\/irinasb.com\/en\/product\/conjunto-bag-charm-em-peluche-e-pulseira-7\/\" \/>\n<meta property=\"og:site_name\" content=\"IrinasB\" \/>\n<meta property=\"article:modified_time\" content=\"2026-01-20T11:49:15+00:00\" \/>\n<meta property=\"og:image\" content=\"https:\/\/irinasb.com\/wp-content\/uploads\/2025\/10\/conjunto-peluche-e-pulseira-3-1.jpg\" \/>\n\t<meta property=\"og:image:width\" content=\"800\" \/>\n\t<meta property=\"og:image:height\" content=\"934\" \/>\n\t<meta property=\"og:image:type\" content=\"image\/jpeg\" \/>\n<meta name=\"twitter:card\" content=\"summary_large_image\" \/>\n<meta name=\"twitter:label1\" content=\"Estimated reading time\" \/>\n\t<meta name=\"twitter:data1\" content=\"1 minute\" \/>\n<script type=\"application\/ld+json\" class=\"yoast-schema-graph\">{\"@context\":\"https:\/\/schema.org\",\"@graph\":[{\"@type\":\"WebPage\",\"@id\":\"https:\/\/irinasb.com\/produto\/conjunto-bag-charm-em-peluche-e-pulseira-7\/\",\"url\":\"https:\/\/irinasb.com\/produto\/conjunto-bag-charm-em-peluche-e-pulseira-7\/\",\"name\":\"Conjunto Bag Charm em Peluche e Pulseira - IrinasB\",\"isPartOf\":{\"@id\":\"https:\/\/irinasb.com\/#website\"},\"primaryImageOfPage\":{\"@id\":\"https:\/\/irinasb.com\/produto\/conjunto-bag-charm-em-peluche-e-pulseira-7\/#primaryimage\"},\"image\":{\"@id\":\"https:\/\/irinasb.com\/produto\/conjunto-bag-charm-em-peluche-e-pulseira-7\/#primaryimage\"},\"thumbnailUrl\":\"https:\/\/irinasb.com\/wp-content\/uploads\/2025\/10\/conjunto-peluche-e-pulseira-3-1.jpg\",\"datePublished\":\"2025-10-15T15:59:35+00:00\",\"dateModified\":\"2026-01-20T11:49:15+00:00\",\"description\":\"Conjunto de Pulseira ajust\u00e1vel com cristais e a\u00e7o e bag charm ou porta-chaves com peluche de coelho rosa.\",\"breadcrumb\":{\"@id\":\"https:\/\/irinasb.com\/produto\/conjunto-bag-charm-em-peluche-e-pulseira-7\/#breadcrumb\"},\"inLanguage\":\"en-GB\",\"potentialAction\":[{\"@type\":\"ReadAction\",\"target\":[\"https:\/\/irinasb.com\/produto\/conjunto-bag-charm-em-peluche-e-pulseira-7\/\"]}]},{\"@type\":\"ImageObject\",\"inLanguage\":\"en-GB\",\"@id\":\"https:\/\/irinasb.com\/produto\/conjunto-bag-charm-em-peluche-e-pulseira-7\/#primaryimage\",\"url\":\"https:\/\/irinasb.com\/wp-content\/uploads\/2025\/10\/conjunto-peluche-e-pulseira-3-1.jpg\",\"contentUrl\":\"https:\/\/irinasb.com\/wp-content\/uploads\/2025\/10\/conjunto-peluche-e-pulseira-3-1.jpg\",\"width\":800,\"height\":934},{\"@type\":\"BreadcrumbList\",\"@id\":\"https:\/\/irinasb.com\/produto\/conjunto-bag-charm-em-peluche-e-pulseira-7\/#breadcrumb\",\"itemListElement\":[{\"@type\":\"ListItem\",\"position\":1,\"name\":\"Home\",\"item\":\"https:\/\/irinasb.com\/\"},{\"@type\":\"ListItem\",\"position\":2,\"name\":\"Loja\",\"item\":\"https:\/\/irinasb.com\/loja\/\"},{\"@type\":\"ListItem\",\"position\":3,\"name\":\"Conjunto Bag Charm em Peluche e Pulseira\"}]},{\"@type\":\"WebSite\",\"@id\":\"https:\/\/irinasb.com\/#website\",\"url\":\"https:\/\/irinasb.com\/\",\"name\":\"IrinasB\",\"description\":\"Handmade Dreams\",\"publisher\":{\"@id\":\"https:\/\/irinasb.com\/#organization\"},\"potentialAction\":[{\"@type\":\"SearchAction\",\"target\":{\"@type\":\"EntryPoint\",\"urlTemplate\":\"https:\/\/irinasb.com\/?s={search_term_string}\"},\"query-input\":{\"@type\":\"PropertyValueSpecification\",\"valueRequired\":true,\"valueName\":\"search_term_string\"}}],\"inLanguage\":\"en-GB\"},{\"@type\":\"Organization\",\"@id\":\"https:\/\/irinasb.com\/#organization\",\"name\":\"IrinasB\",\"url\":\"https:\/\/irinasb.com\/\",\"logo\":{\"@type\":\"ImageObject\",\"inLanguage\":\"en-GB\",\"@id\":\"https:\/\/irinasb.com\/#\/schema\/logo\/image\/\",\"url\":\"https:\/\/irinasb.com\/wp-content\/uploads\/2016\/11\/logo.fw_.png\",\"contentUrl\":\"https:\/\/irinasb.com\/wp-content\/uploads\/2016\/11\/logo.fw_.png\",\"width\":900,\"height\":453,\"caption\":\"IrinasB\"},\"image\":{\"@id\":\"https:\/\/irinasb.com\/#\/schema\/logo\/image\/\"}}]}<\/script>\n<!-- \/ Yoast SEO plugin. -->","yoast_head_json":{"title":"Conjunto Bag Charm em Peluche e Pulseira - IrinasB","description":"Conjunto de Pulseira ajust\u00e1vel com cristais e a\u00e7o e bag charm ou porta-chaves com peluche de coelho rosa.","robots":{"index":"index","follow":"follow","max-snippet":"max-snippet:-1","max-image-preview":"max-image-preview:large","max-video-preview":"max-video-preview:-1"},"canonical":"https:\/\/irinasb.com\/en\/product\/conjunto-bag-charm-em-peluche-e-pulseira-7\/","og_locale":"en_GB","og_type":"article","og_title":"Conjunto Bag Charm em Peluche e Pulseira - IrinasB","og_description":"Conjunto de Pulseira ajust\u00e1vel com cristais e a\u00e7o e bag charm ou porta-chaves com peluche de coelho rosa.","og_url":"https:\/\/irinasb.com\/en\/product\/conjunto-bag-charm-em-peluche-e-pulseira-7\/","og_site_name":"IrinasB","article_modified_time":"2026-01-20T11:49:15+00:00","og_image":[{"width":800,"height":934,"url":"https:\/\/irinasb.com\/wp-content\/uploads\/2025\/10\/conjunto-peluche-e-pulseira-3-1.jpg","type":"image\/jpeg"}],"twitter_card":"summary_large_image","twitter_misc":{"Estimated reading time":"1 minute"},"schema":{"@context":"https:\/\/schema.org","@graph":[{"@type":"WebPage","@id":"https:\/\/irinasb.com\/produto\/conjunto-bag-charm-em-peluche-e-pulseira-7\/","url":"https:\/\/irinasb.com\/produto\/conjunto-bag-charm-em-peluche-e-pulseira-7\/","name":"Conjunto Bag Charm em Peluche e Pulseira - IrinasB","isPartOf":{"@id":"https:\/\/irinasb.com\/#website"},"primaryImageOfPage":{"@id":"https:\/\/irinasb.com\/produto\/conjunto-bag-charm-em-peluche-e-pulseira-7\/#primaryimage"},"image":{"@id":"https:\/\/irinasb.com\/produto\/conjunto-bag-charm-em-peluche-e-pulseira-7\/#primaryimage"},"thumbnailUrl":"https:\/\/irinasb.com\/wp-content\/uploads\/2025\/10\/conjunto-peluche-e-pulseira-3-1.jpg","datePublished":"2025-10-15T15:59:35+00:00","dateModified":"2026-01-20T11:49:15+00:00","description":"Conjunto de Pulseira ajust\u00e1vel com cristais e a\u00e7o e bag charm ou porta-chaves com peluche de coelho rosa.","breadcrumb":{"@id":"https:\/\/irinasb.com\/produto\/conjunto-bag-charm-em-peluche-e-pulseira-7\/#breadcrumb"},"inLanguage":"en-GB","potentialAction":[{"@type":"ReadAction","target":["https:\/\/irinasb.com\/produto\/conjunto-bag-charm-em-peluche-e-pulseira-7\/"]}]},{"@type":"ImageObject","inLanguage":"en-GB","@id":"https:\/\/irinasb.com\/produto\/conjunto-bag-charm-em-peluche-e-pulseira-7\/#primaryimage","url":"https:\/\/irinasb.com\/wp-content\/uploads\/2025\/10\/conjunto-peluche-e-pulseira-3-1.jpg","contentUrl":"https:\/\/irinasb.com\/wp-content\/uploads\/2025\/10\/conjunto-peluche-e-pulseira-3-1.jpg","width":800,"height":934},{"@type":"BreadcrumbList","@id":"https:\/\/irinasb.com\/produto\/conjunto-bag-charm-em-peluche-e-pulseira-7\/#breadcrumb","itemListElement":[{"@type":"ListItem","position":1,"name":"Home","item":"https:\/\/irinasb.com\/"},{"@type":"ListItem","position":2,"name":"Loja","item":"https:\/\/irinasb.com\/loja\/"},{"@type":"ListItem","position":3,"name":"Conjunto Bag Charm em Peluche e Pulseira"}]},{"@type":"WebSite","@id":"https:\/\/irinasb.com\/#website","url":"https:\/\/irinasb.com\/","name":"IrinasB","description":"Handmade Dreams","publisher":{"@id":"https:\/\/irinasb.com\/#organization"},"potentialAction":[{"@type":"SearchAction","target":{"@type":"EntryPoint","urlTemplate":"https:\/\/irinasb.com\/?s={search_term_string}"},"query-input":{"@type":"PropertyValueSpecification","valueRequired":true,"valueName":"search_term_string"}}],"inLanguage":"en-GB"},{"@type":"Organization","@id":"https:\/\/irinasb.com\/#organization","name":"IrinasB","url":"https:\/\/irinasb.com\/","logo":{"@type":"ImageObject","inLanguage":"en-GB","@id":"https:\/\/irinasb.com\/#\/schema\/logo\/image\/","url":"https:\/\/irinasb.com\/wp-content\/uploads\/2016\/11\/logo.fw_.png","contentUrl":"https:\/\/irinasb.com\/wp-content\/uploads\/2016\/11\/logo.fw_.png","width":900,"height":453,"caption":"IrinasB"},"image":{"@id":"https:\/\/irinasb.com\/#\/schema\/logo\/image\/"}}]}},"_links":{"self":[{"href":"https:\/\/irinasb.com\/en\/wp-json\/wp\/v2\/product\/31784","targetHints":{"allow":["GET"]}}],"collection":[{"href":"https:\/\/irinasb.com\/en\/wp-json\/wp\/v2\/product"}],"about":[{"href":"https:\/\/irinasb.com\/en\/wp-json\/wp\/v2\/types\/product"}],"replies":[{"embeddable":true,"href":"https:\/\/irinasb.com\/en\/wp-json\/wp\/v2\/comments?post=31784"}],"wp:featuredmedia":[{"embeddable":true,"href":"https:\/\/irinasb.com\/en\/wp-json\/wp\/v2\/media\/32767"}],"wp:attachment":[{"href":"https:\/\/irinasb.com\/en\/wp-json\/wp\/v2\/media?parent=31784"}],"wp:term":[{"taxonomy":"product_brand","embeddable":true,"href":"https:\/\/irinasb.com\/en\/wp-json\/wp\/v2\/product_brand?post=31784"},{"taxonomy":"product_cat","embeddable":true,"href":"https:\/\/irinasb.com\/en\/wp-json\/wp\/v2\/product_cat?post=31784"},{"taxonomy":"product_tag","embeddable":true,"href":"https:\/\/irinasb.com\/en\/wp-json\/wp\/v2\/product_tag?post=31784"}],"curies":[{"name":"wp","href":"https:\/\/api.w.org\/{rel}","templated":true}]}}