{"id":31756,"date":"2025-10-01T17:04:41","date_gmt":"2025-10-01T17:04:41","guid":{"rendered":"https:\/\/irinasb.com\/?post_type=product&#038;p=31756"},"modified":"2026-01-22T21:06:08","modified_gmt":"2026-01-22T21:06:08","slug":"colar-ginkgo-biloba","status":"publish","type":"product","link":"https:\/\/irinasb.com\/en\/product\/colar-ginkgo-biloba\/","title":{"rendered":"Colar Ginkgo Biloba"},"content":{"rendered":"<p>Inspirado na natureza e na simbologia ancestral, o <strong data-start=\"257\" data-end=\"280\">Colar Ginkgo Biloba<\/strong> traz consigo o poder e a beleza de uma das \u00e1rvores mais antigas do mundo. A folha de ginkgo \u00e9 conhecida como um s\u00edmbolo de <strong data-start=\"404\" data-end=\"445\">resili\u00eancia, longevidade e vitalidade<\/strong>, sendo usada h\u00e1 s\u00e9culos em diferentes culturas como emblema de equil\u00edbrio e prote\u00e7\u00e3o.<\/p>\n<h2 data-start=\"708\" data-end=\"731\">Caracter\u00edsticas<\/h2>\n<ul data-start=\"732\" data-end=\"950\">\n<li data-start=\"732\" data-end=\"780\">\n<p data-start=\"734\" data-end=\"780\">Design: <strong data-start=\"742\" data-end=\"778\">Folha de Ginkgo Biloba detalhada<\/strong><\/p>\n<\/li>\n<li data-start=\"781\" data-end=\"816\">\n<p data-start=\"783\" data-end=\"816\">Material: resistente e elegante<\/p>\n<\/li>\n<li data-start=\"817\" data-end=\"854\">\n<p data-start=\"819\" data-end=\"854\">Categoria: <strong data-start=\"830\" data-end=\"852\">Colares simb\u00f3licos<\/strong><\/p>\n<\/li>\n<li data-start=\"855\" data-end=\"900\">\n<p data-start=\"857\" data-end=\"900\">Estilo: natural, minimalista e intemporal<\/p>\n<\/li>\n<li data-start=\"901\" data-end=\"950\">\n<p data-start=\"903\" data-end=\"950\">Ideal para uso di\u00e1rio ou como prenda especial<\/p>\n<\/li>\n<\/ul>\n<h2 data-start=\"957\" data-end=\"984\">Porque deve comprar<\/h2>\n<p data-start=\"985\" data-end=\"1262\">Representa <strong data-start=\"999\" data-end=\"1039\">resili\u00eancia, equil\u00edbrio e vitalidade<\/strong><br data-start=\"1039\" data-end=\"1042\" \/>Inspira\u00e7\u00e3o direta na natureza e na sabedoria oriental<br data-start=\"1098\" data-end=\"1101\" \/>Um acess\u00f3rio vers\u00e1til que combina com qualquer look<br data-start=\"1155\" data-end=\"1158\" \/>Excelente prenda simb\u00f3lica e com significado profundo<br data-start=\"1214\" data-end=\"1217\" \/>Design elegante e cheio de personalidade<\/p>","protected":false},"excerpt":{"rendered":"<p data-start=\"535\" data-end=\"701\">Com um design elegante e delicado, este colar adapta-se facilmente a qualquer estilo, tornando-se a escolha perfeita para quem valoriza pe\u00e7as cheias de significado.<\/p>","protected":false},"featured_media":31757,"comment_status":"closed","ping_status":"closed","template":"","meta":[],"product_brand":[],"product_cat":[110],"product_tag":[496,396,771],"class_list":{"0":"post-31756","1":"product","2":"type-product","3":"status-publish","4":"has-post-thumbnail","6":"product_cat-colares","7":"product_tag-colar","8":"product_tag-colar-com-folha-de-ginkgo-biloba","9":"product_tag-resiliencia","11":"first","12":"instock","13":"shipping-taxable","14":"purchasable","15":"product-type-simple"},"yoast_head":"<!-- This site is optimized with the Yoast SEO plugin v26.2 - https:\/\/yoast.com\/wordpress\/plugins\/seo\/ -->\n<title>Colar Ginkgo Biloba - IrinasB<\/title>\n<meta name=\"description\" content=\"Colar com cord\u00e3o de algod\u00e3o castanho duplo e folha Gingko Biloba em zamak. Aproximadamente 65cm.\" \/>\n<meta name=\"robots\" content=\"index, follow, max-snippet:-1, max-image-preview:large, max-video-preview:-1\" \/>\n<link rel=\"canonical\" href=\"https:\/\/irinasb.com\/en\/product\/colar-ginkgo-biloba\/\" \/>\n<meta property=\"og:locale\" content=\"en_GB\" \/>\n<meta property=\"og:type\" content=\"article\" \/>\n<meta property=\"og:title\" content=\"Colar Ginkgo Biloba - IrinasB\" \/>\n<meta property=\"og:description\" content=\"Colar com cord\u00e3o de algod\u00e3o castanho duplo e folha Gingko Biloba em zamak. Aproximadamente 65cm.\" \/>\n<meta property=\"og:url\" content=\"https:\/\/irinasb.com\/en\/product\/colar-ginkgo-biloba\/\" \/>\n<meta property=\"og:site_name\" content=\"IrinasB\" \/>\n<meta property=\"article:modified_time\" content=\"2026-01-22T21:06:08+00:00\" \/>\n<meta property=\"og:image\" content=\"https:\/\/irinasb.com\/wp-content\/uploads\/2025\/10\/colar-ginkgo_biloba2-scaled.jpg\" \/>\n\t<meta property=\"og:image:width\" content=\"2029\" \/>\n\t<meta property=\"og:image:height\" content=\"2560\" \/>\n\t<meta property=\"og:image:type\" content=\"image\/jpeg\" \/>\n<meta name=\"twitter:card\" content=\"summary_large_image\" \/>\n<meta name=\"twitter:label1\" content=\"Estimated reading time\" \/>\n\t<meta name=\"twitter:data1\" content=\"1 minute\" \/>\n<script type=\"application\/ld+json\" class=\"yoast-schema-graph\">{\"@context\":\"https:\/\/schema.org\",\"@graph\":[{\"@type\":\"WebPage\",\"@id\":\"https:\/\/irinasb.com\/produto\/colar-ginkgo-biloba\/\",\"url\":\"https:\/\/irinasb.com\/produto\/colar-ginkgo-biloba\/\",\"name\":\"Colar Ginkgo Biloba - IrinasB\",\"isPartOf\":{\"@id\":\"https:\/\/irinasb.com\/#website\"},\"primaryImageOfPage\":{\"@id\":\"https:\/\/irinasb.com\/produto\/colar-ginkgo-biloba\/#primaryimage\"},\"image\":{\"@id\":\"https:\/\/irinasb.com\/produto\/colar-ginkgo-biloba\/#primaryimage\"},\"thumbnailUrl\":\"https:\/\/irinasb.com\/wp-content\/uploads\/2025\/10\/colar-ginkgo_biloba2-scaled.jpg\",\"datePublished\":\"2025-10-01T17:04:41+00:00\",\"dateModified\":\"2026-01-22T21:06:08+00:00\",\"description\":\"Colar com cord\u00e3o de algod\u00e3o castanho duplo e folha Gingko Biloba em zamak. Aproximadamente 65cm.\",\"breadcrumb\":{\"@id\":\"https:\/\/irinasb.com\/produto\/colar-ginkgo-biloba\/#breadcrumb\"},\"inLanguage\":\"en-GB\",\"potentialAction\":[{\"@type\":\"ReadAction\",\"target\":[\"https:\/\/irinasb.com\/produto\/colar-ginkgo-biloba\/\"]}]},{\"@type\":\"ImageObject\",\"inLanguage\":\"en-GB\",\"@id\":\"https:\/\/irinasb.com\/produto\/colar-ginkgo-biloba\/#primaryimage\",\"url\":\"https:\/\/irinasb.com\/wp-content\/uploads\/2025\/10\/colar-ginkgo_biloba2-scaled.jpg\",\"contentUrl\":\"https:\/\/irinasb.com\/wp-content\/uploads\/2025\/10\/colar-ginkgo_biloba2-scaled.jpg\",\"width\":2029,\"height\":2560},{\"@type\":\"BreadcrumbList\",\"@id\":\"https:\/\/irinasb.com\/produto\/colar-ginkgo-biloba\/#breadcrumb\",\"itemListElement\":[{\"@type\":\"ListItem\",\"position\":1,\"name\":\"Home\",\"item\":\"https:\/\/irinasb.com\/\"},{\"@type\":\"ListItem\",\"position\":2,\"name\":\"Loja\",\"item\":\"https:\/\/irinasb.com\/loja\/\"},{\"@type\":\"ListItem\",\"position\":3,\"name\":\"Colar Ginkgo Biloba\"}]},{\"@type\":\"WebSite\",\"@id\":\"https:\/\/irinasb.com\/#website\",\"url\":\"https:\/\/irinasb.com\/\",\"name\":\"IrinasB\",\"description\":\"Handmade Dreams\",\"publisher\":{\"@id\":\"https:\/\/irinasb.com\/#organization\"},\"potentialAction\":[{\"@type\":\"SearchAction\",\"target\":{\"@type\":\"EntryPoint\",\"urlTemplate\":\"https:\/\/irinasb.com\/?s={search_term_string}\"},\"query-input\":{\"@type\":\"PropertyValueSpecification\",\"valueRequired\":true,\"valueName\":\"search_term_string\"}}],\"inLanguage\":\"en-GB\"},{\"@type\":\"Organization\",\"@id\":\"https:\/\/irinasb.com\/#organization\",\"name\":\"IrinasB\",\"url\":\"https:\/\/irinasb.com\/\",\"logo\":{\"@type\":\"ImageObject\",\"inLanguage\":\"en-GB\",\"@id\":\"https:\/\/irinasb.com\/#\/schema\/logo\/image\/\",\"url\":\"https:\/\/irinasb.com\/wp-content\/uploads\/2016\/11\/logo.fw_.png\",\"contentUrl\":\"https:\/\/irinasb.com\/wp-content\/uploads\/2016\/11\/logo.fw_.png\",\"width\":900,\"height\":453,\"caption\":\"IrinasB\"},\"image\":{\"@id\":\"https:\/\/irinasb.com\/#\/schema\/logo\/image\/\"}}]}<\/script>\n<!-- \/ Yoast SEO plugin. -->","yoast_head_json":{"title":"Colar Ginkgo Biloba - IrinasB","description":"Colar com cord\u00e3o de algod\u00e3o castanho duplo e folha Gingko Biloba em zamak. Aproximadamente 65cm.","robots":{"index":"index","follow":"follow","max-snippet":"max-snippet:-1","max-image-preview":"max-image-preview:large","max-video-preview":"max-video-preview:-1"},"canonical":"https:\/\/irinasb.com\/en\/product\/colar-ginkgo-biloba\/","og_locale":"en_GB","og_type":"article","og_title":"Colar Ginkgo Biloba - IrinasB","og_description":"Colar com cord\u00e3o de algod\u00e3o castanho duplo e folha Gingko Biloba em zamak. Aproximadamente 65cm.","og_url":"https:\/\/irinasb.com\/en\/product\/colar-ginkgo-biloba\/","og_site_name":"IrinasB","article_modified_time":"2026-01-22T21:06:08+00:00","og_image":[{"width":2029,"height":2560,"url":"https:\/\/irinasb.com\/wp-content\/uploads\/2025\/10\/colar-ginkgo_biloba2-scaled.jpg","type":"image\/jpeg"}],"twitter_card":"summary_large_image","twitter_misc":{"Estimated reading time":"1 minute"},"schema":{"@context":"https:\/\/schema.org","@graph":[{"@type":"WebPage","@id":"https:\/\/irinasb.com\/produto\/colar-ginkgo-biloba\/","url":"https:\/\/irinasb.com\/produto\/colar-ginkgo-biloba\/","name":"Colar Ginkgo Biloba - IrinasB","isPartOf":{"@id":"https:\/\/irinasb.com\/#website"},"primaryImageOfPage":{"@id":"https:\/\/irinasb.com\/produto\/colar-ginkgo-biloba\/#primaryimage"},"image":{"@id":"https:\/\/irinasb.com\/produto\/colar-ginkgo-biloba\/#primaryimage"},"thumbnailUrl":"https:\/\/irinasb.com\/wp-content\/uploads\/2025\/10\/colar-ginkgo_biloba2-scaled.jpg","datePublished":"2025-10-01T17:04:41+00:00","dateModified":"2026-01-22T21:06:08+00:00","description":"Colar com cord\u00e3o de algod\u00e3o castanho duplo e folha Gingko Biloba em zamak. Aproximadamente 65cm.","breadcrumb":{"@id":"https:\/\/irinasb.com\/produto\/colar-ginkgo-biloba\/#breadcrumb"},"inLanguage":"en-GB","potentialAction":[{"@type":"ReadAction","target":["https:\/\/irinasb.com\/produto\/colar-ginkgo-biloba\/"]}]},{"@type":"ImageObject","inLanguage":"en-GB","@id":"https:\/\/irinasb.com\/produto\/colar-ginkgo-biloba\/#primaryimage","url":"https:\/\/irinasb.com\/wp-content\/uploads\/2025\/10\/colar-ginkgo_biloba2-scaled.jpg","contentUrl":"https:\/\/irinasb.com\/wp-content\/uploads\/2025\/10\/colar-ginkgo_biloba2-scaled.jpg","width":2029,"height":2560},{"@type":"BreadcrumbList","@id":"https:\/\/irinasb.com\/produto\/colar-ginkgo-biloba\/#breadcrumb","itemListElement":[{"@type":"ListItem","position":1,"name":"Home","item":"https:\/\/irinasb.com\/"},{"@type":"ListItem","position":2,"name":"Loja","item":"https:\/\/irinasb.com\/loja\/"},{"@type":"ListItem","position":3,"name":"Colar Ginkgo Biloba"}]},{"@type":"WebSite","@id":"https:\/\/irinasb.com\/#website","url":"https:\/\/irinasb.com\/","name":"IrinasB","description":"Handmade Dreams","publisher":{"@id":"https:\/\/irinasb.com\/#organization"},"potentialAction":[{"@type":"SearchAction","target":{"@type":"EntryPoint","urlTemplate":"https:\/\/irinasb.com\/?s={search_term_string}"},"query-input":{"@type":"PropertyValueSpecification","valueRequired":true,"valueName":"search_term_string"}}],"inLanguage":"en-GB"},{"@type":"Organization","@id":"https:\/\/irinasb.com\/#organization","name":"IrinasB","url":"https:\/\/irinasb.com\/","logo":{"@type":"ImageObject","inLanguage":"en-GB","@id":"https:\/\/irinasb.com\/#\/schema\/logo\/image\/","url":"https:\/\/irinasb.com\/wp-content\/uploads\/2016\/11\/logo.fw_.png","contentUrl":"https:\/\/irinasb.com\/wp-content\/uploads\/2016\/11\/logo.fw_.png","width":900,"height":453,"caption":"IrinasB"},"image":{"@id":"https:\/\/irinasb.com\/#\/schema\/logo\/image\/"}}]}},"_links":{"self":[{"href":"https:\/\/irinasb.com\/en\/wp-json\/wp\/v2\/product\/31756","targetHints":{"allow":["GET"]}}],"collection":[{"href":"https:\/\/irinasb.com\/en\/wp-json\/wp\/v2\/product"}],"about":[{"href":"https:\/\/irinasb.com\/en\/wp-json\/wp\/v2\/types\/product"}],"replies":[{"embeddable":true,"href":"https:\/\/irinasb.com\/en\/wp-json\/wp\/v2\/comments?post=31756"}],"wp:featuredmedia":[{"embeddable":true,"href":"https:\/\/irinasb.com\/en\/wp-json\/wp\/v2\/media\/31757"}],"wp:attachment":[{"href":"https:\/\/irinasb.com\/en\/wp-json\/wp\/v2\/media?parent=31756"}],"wp:term":[{"taxonomy":"product_brand","embeddable":true,"href":"https:\/\/irinasb.com\/en\/wp-json\/wp\/v2\/product_brand?post=31756"},{"taxonomy":"product_cat","embeddable":true,"href":"https:\/\/irinasb.com\/en\/wp-json\/wp\/v2\/product_cat?post=31756"},{"taxonomy":"product_tag","embeddable":true,"href":"https:\/\/irinasb.com\/en\/wp-json\/wp\/v2\/product_tag?post=31756"}],"curies":[{"name":"wp","href":"https:\/\/api.w.org\/{rel}","templated":true}]}}