{"id":31748,"date":"2025-10-01T16:02:32","date_gmt":"2025-10-01T16:02:32","guid":{"rendered":"https:\/\/irinasb.com\/?post_type=product&#038;p=31748"},"modified":"2026-01-09T13:19:38","modified_gmt":"2026-01-09T13:19:38","slug":"colar-ambar-cor-mel","status":"publish","type":"product","link":"https:\/\/irinasb.com\/en\/product\/colar-ambar-cor-mel\/","title":{"rendered":"Colar \u00c2mbar Cor Mel"},"content":{"rendered":"<p>O <strong data-start=\"199\" data-end=\"229\">Colar Mel em \u00c2mbar Natural<\/strong> \u00e9 mais do que uma joia: \u00e9 um amuleto de prote\u00e7\u00e3o e bem-estar. Reconhecido h\u00e1 s\u00e9culos pelas suas propriedades naturais, o \u00e2mbar \u00e9 associado ao <strong data-start=\"372\" data-end=\"436\">refor\u00e7o da imunidade, \u00e0 positividade e \u00e0 prote\u00e7\u00e3o energ\u00e9tica<\/strong>.<\/p>\n<h4 data-start=\"586\" data-end=\"609\">Caracter\u00edsticas<\/h4>\n<ul data-start=\"610\" data-end=\"808\">\n<li data-start=\"610\" data-end=\"651\">\n<p data-start=\"612\" data-end=\"651\">Material: <strong data-start=\"622\" data-end=\"649\">\u00c2mbar natural aut\u00eantico e certificado<\/strong><\/p>\n<\/li>\n<li data-start=\"652\" data-end=\"687\">\n<p data-start=\"654\" data-end=\"687\">Cor: <strong data-start=\"659\" data-end=\"685\">Tonalidade mel dourado<\/strong><\/p>\n<\/li>\n<li data-start=\"688\" data-end=\"729\">\n<p data-start=\"690\" data-end=\"729\">Fecho: Em rosca, f\u00e1cil e seguro<\/p>\n<\/li>\n<li data-start=\"688\" data-end=\"729\">Tamanho aproximado: 40 cm<\/li>\n<li data-start=\"730\" data-end=\"767\">\n<p data-start=\"732\" data-end=\"767\">Adequado para: adultos e crian\u00e7as<\/p>\n<\/li>\n<li data-start=\"768\" data-end=\"808\">\n<p data-start=\"770\" data-end=\"808\">Design: leve, elegante e confort\u00e1vel<\/p>\n<\/li>\n<\/ul>\n<h4 data-start=\"815\" data-end=\"842\">Porque deve comprar<\/h4>\n<p data-start=\"843\" data-end=\"1111\">\u00c2mbar natural associado a <strong data-start=\"872\" data-end=\"897\">prote\u00e7\u00e3o, equil\u00edbrio e refor\u00e7o da imunidade<\/strong><br data-start=\"897\" data-end=\"900\" \/>Ajuda a transmitir <strong data-start=\"922\" data-end=\"955\">energia positiva e serenidade<\/strong><br data-start=\"955\" data-end=\"958\" \/>Cor mel que transmite calor, luz e vitalidade<br data-start=\"1006\" data-end=\"1009\" \/>Joia leve e confort\u00e1vel para uso di\u00e1rio<br data-start=\"1051\" data-end=\"1054\" \/>Excelente op\u00e7\u00e3o de presente com significado especial<\/p>\n<p>&nbsp;<\/p>","protected":false},"excerpt":{"rendered":"<p>Com a sua tonalidade mel quente e brilhante, este colar adapta-se a qualquer estilo, oferecendo eleg\u00e2ncia e significado em cada detalhe.<\/p>","protected":false},"featured_media":31876,"comment_status":"closed","ping_status":"closed","template":"","meta":[],"product_brand":[],"product_cat":[763],"product_tag":[703,496,760,769,762,761],"class_list":{"0":"post-31748","1":"product","2":"type-product","3":"status-publish","4":"has-post-thumbnail","6":"product_cat-ambar","7":"product_tag-ambar","8":"product_tag-colar","9":"product_tag-imunidade","10":"product_tag-mel","11":"product_tag-positividade","12":"product_tag-protecao","14":"first","15":"outofstock","16":"shipping-taxable","17":"purchasable","18":"product-type-simple"},"yoast_head":"<!-- This site is optimized with the Yoast SEO plugin v26.2 - https:\/\/yoast.com\/wordpress\/plugins\/seo\/ -->\n<title>Colar \u00c2mbar Cor Mel - IrinasB<\/title>\n<meta name=\"description\" content=\"Colar em \u00e2mbar mel. Comprimento aproximado 43cm, fecho de enroscar em \u00e2mbar.\" \/>\n<meta name=\"robots\" content=\"index, follow, max-snippet:-1, max-image-preview:large, max-video-preview:-1\" \/>\n<link rel=\"canonical\" href=\"https:\/\/irinasb.com\/en\/product\/colar-ambar-cor-mel\/\" \/>\n<meta property=\"og:locale\" content=\"en_GB\" \/>\n<meta property=\"og:type\" content=\"article\" \/>\n<meta property=\"og:title\" content=\"Colar \u00c2mbar Cor Mel - IrinasB\" \/>\n<meta property=\"og:description\" content=\"Colar em \u00e2mbar mel. Comprimento aproximado 43cm, fecho de enroscar em \u00e2mbar.\" \/>\n<meta property=\"og:url\" content=\"https:\/\/irinasb.com\/en\/product\/colar-ambar-cor-mel\/\" \/>\n<meta property=\"og:site_name\" content=\"IrinasB\" \/>\n<meta property=\"article:modified_time\" content=\"2026-01-09T13:19:38+00:00\" \/>\n<meta property=\"og:image\" content=\"https:\/\/irinasb.com\/wp-content\/uploads\/2025\/10\/colar-ambar-cor-mel-5.jpg\" \/>\n\t<meta property=\"og:image:width\" content=\"800\" \/>\n\t<meta property=\"og:image:height\" content=\"946\" \/>\n\t<meta property=\"og:image:type\" content=\"image\/jpeg\" \/>\n<meta name=\"twitter:card\" content=\"summary_large_image\" \/>\n<meta name=\"twitter:label1\" content=\"Estimated reading time\" \/>\n\t<meta name=\"twitter:data1\" content=\"1 minute\" \/>\n<script type=\"application\/ld+json\" class=\"yoast-schema-graph\">{\"@context\":\"https:\/\/schema.org\",\"@graph\":[{\"@type\":\"WebPage\",\"@id\":\"https:\/\/irinasb.com\/produto\/colar-ambar-cor-mel\/\",\"url\":\"https:\/\/irinasb.com\/produto\/colar-ambar-cor-mel\/\",\"name\":\"Colar \u00c2mbar Cor Mel - IrinasB\",\"isPartOf\":{\"@id\":\"https:\/\/irinasb.com\/#website\"},\"primaryImageOfPage\":{\"@id\":\"https:\/\/irinasb.com\/produto\/colar-ambar-cor-mel\/#primaryimage\"},\"image\":{\"@id\":\"https:\/\/irinasb.com\/produto\/colar-ambar-cor-mel\/#primaryimage\"},\"thumbnailUrl\":\"https:\/\/irinasb.com\/wp-content\/uploads\/2025\/10\/colar-ambar-cor-mel-5.jpg\",\"datePublished\":\"2025-10-01T16:02:32+00:00\",\"dateModified\":\"2026-01-09T13:19:38+00:00\",\"description\":\"Colar em \u00e2mbar mel. Comprimento aproximado 43cm, fecho de enroscar em \u00e2mbar.\",\"breadcrumb\":{\"@id\":\"https:\/\/irinasb.com\/produto\/colar-ambar-cor-mel\/#breadcrumb\"},\"inLanguage\":\"en-GB\",\"potentialAction\":[{\"@type\":\"ReadAction\",\"target\":[\"https:\/\/irinasb.com\/produto\/colar-ambar-cor-mel\/\"]}]},{\"@type\":\"ImageObject\",\"inLanguage\":\"en-GB\",\"@id\":\"https:\/\/irinasb.com\/produto\/colar-ambar-cor-mel\/#primaryimage\",\"url\":\"https:\/\/irinasb.com\/wp-content\/uploads\/2025\/10\/colar-ambar-cor-mel-5.jpg\",\"contentUrl\":\"https:\/\/irinasb.com\/wp-content\/uploads\/2025\/10\/colar-ambar-cor-mel-5.jpg\",\"width\":800,\"height\":946},{\"@type\":\"BreadcrumbList\",\"@id\":\"https:\/\/irinasb.com\/produto\/colar-ambar-cor-mel\/#breadcrumb\",\"itemListElement\":[{\"@type\":\"ListItem\",\"position\":1,\"name\":\"Home\",\"item\":\"https:\/\/irinasb.com\/\"},{\"@type\":\"ListItem\",\"position\":2,\"name\":\"Loja\",\"item\":\"https:\/\/irinasb.com\/loja\/\"},{\"@type\":\"ListItem\",\"position\":3,\"name\":\"Colar \u00c2mbar Cor Mel\"}]},{\"@type\":\"WebSite\",\"@id\":\"https:\/\/irinasb.com\/#website\",\"url\":\"https:\/\/irinasb.com\/\",\"name\":\"IrinasB\",\"description\":\"Handmade Dreams\",\"publisher\":{\"@id\":\"https:\/\/irinasb.com\/#organization\"},\"potentialAction\":[{\"@type\":\"SearchAction\",\"target\":{\"@type\":\"EntryPoint\",\"urlTemplate\":\"https:\/\/irinasb.com\/?s={search_term_string}\"},\"query-input\":{\"@type\":\"PropertyValueSpecification\",\"valueRequired\":true,\"valueName\":\"search_term_string\"}}],\"inLanguage\":\"en-GB\"},{\"@type\":\"Organization\",\"@id\":\"https:\/\/irinasb.com\/#organization\",\"name\":\"IrinasB\",\"url\":\"https:\/\/irinasb.com\/\",\"logo\":{\"@type\":\"ImageObject\",\"inLanguage\":\"en-GB\",\"@id\":\"https:\/\/irinasb.com\/#\/schema\/logo\/image\/\",\"url\":\"https:\/\/irinasb.com\/wp-content\/uploads\/2016\/11\/logo.fw_.png\",\"contentUrl\":\"https:\/\/irinasb.com\/wp-content\/uploads\/2016\/11\/logo.fw_.png\",\"width\":900,\"height\":453,\"caption\":\"IrinasB\"},\"image\":{\"@id\":\"https:\/\/irinasb.com\/#\/schema\/logo\/image\/\"}}]}<\/script>\n<!-- \/ Yoast SEO plugin. -->","yoast_head_json":{"title":"Colar \u00c2mbar Cor Mel - IrinasB","description":"Colar em \u00e2mbar mel. Comprimento aproximado 43cm, fecho de enroscar em \u00e2mbar.","robots":{"index":"index","follow":"follow","max-snippet":"max-snippet:-1","max-image-preview":"max-image-preview:large","max-video-preview":"max-video-preview:-1"},"canonical":"https:\/\/irinasb.com\/en\/product\/colar-ambar-cor-mel\/","og_locale":"en_GB","og_type":"article","og_title":"Colar \u00c2mbar Cor Mel - IrinasB","og_description":"Colar em \u00e2mbar mel. Comprimento aproximado 43cm, fecho de enroscar em \u00e2mbar.","og_url":"https:\/\/irinasb.com\/en\/product\/colar-ambar-cor-mel\/","og_site_name":"IrinasB","article_modified_time":"2026-01-09T13:19:38+00:00","og_image":[{"width":800,"height":946,"url":"https:\/\/irinasb.com\/wp-content\/uploads\/2025\/10\/colar-ambar-cor-mel-5.jpg","type":"image\/jpeg"}],"twitter_card":"summary_large_image","twitter_misc":{"Estimated reading time":"1 minute"},"schema":{"@context":"https:\/\/schema.org","@graph":[{"@type":"WebPage","@id":"https:\/\/irinasb.com\/produto\/colar-ambar-cor-mel\/","url":"https:\/\/irinasb.com\/produto\/colar-ambar-cor-mel\/","name":"Colar \u00c2mbar Cor Mel - IrinasB","isPartOf":{"@id":"https:\/\/irinasb.com\/#website"},"primaryImageOfPage":{"@id":"https:\/\/irinasb.com\/produto\/colar-ambar-cor-mel\/#primaryimage"},"image":{"@id":"https:\/\/irinasb.com\/produto\/colar-ambar-cor-mel\/#primaryimage"},"thumbnailUrl":"https:\/\/irinasb.com\/wp-content\/uploads\/2025\/10\/colar-ambar-cor-mel-5.jpg","datePublished":"2025-10-01T16:02:32+00:00","dateModified":"2026-01-09T13:19:38+00:00","description":"Colar em \u00e2mbar mel. Comprimento aproximado 43cm, fecho de enroscar em \u00e2mbar.","breadcrumb":{"@id":"https:\/\/irinasb.com\/produto\/colar-ambar-cor-mel\/#breadcrumb"},"inLanguage":"en-GB","potentialAction":[{"@type":"ReadAction","target":["https:\/\/irinasb.com\/produto\/colar-ambar-cor-mel\/"]}]},{"@type":"ImageObject","inLanguage":"en-GB","@id":"https:\/\/irinasb.com\/produto\/colar-ambar-cor-mel\/#primaryimage","url":"https:\/\/irinasb.com\/wp-content\/uploads\/2025\/10\/colar-ambar-cor-mel-5.jpg","contentUrl":"https:\/\/irinasb.com\/wp-content\/uploads\/2025\/10\/colar-ambar-cor-mel-5.jpg","width":800,"height":946},{"@type":"BreadcrumbList","@id":"https:\/\/irinasb.com\/produto\/colar-ambar-cor-mel\/#breadcrumb","itemListElement":[{"@type":"ListItem","position":1,"name":"Home","item":"https:\/\/irinasb.com\/"},{"@type":"ListItem","position":2,"name":"Loja","item":"https:\/\/irinasb.com\/loja\/"},{"@type":"ListItem","position":3,"name":"Colar \u00c2mbar Cor Mel"}]},{"@type":"WebSite","@id":"https:\/\/irinasb.com\/#website","url":"https:\/\/irinasb.com\/","name":"IrinasB","description":"Handmade Dreams","publisher":{"@id":"https:\/\/irinasb.com\/#organization"},"potentialAction":[{"@type":"SearchAction","target":{"@type":"EntryPoint","urlTemplate":"https:\/\/irinasb.com\/?s={search_term_string}"},"query-input":{"@type":"PropertyValueSpecification","valueRequired":true,"valueName":"search_term_string"}}],"inLanguage":"en-GB"},{"@type":"Organization","@id":"https:\/\/irinasb.com\/#organization","name":"IrinasB","url":"https:\/\/irinasb.com\/","logo":{"@type":"ImageObject","inLanguage":"en-GB","@id":"https:\/\/irinasb.com\/#\/schema\/logo\/image\/","url":"https:\/\/irinasb.com\/wp-content\/uploads\/2016\/11\/logo.fw_.png","contentUrl":"https:\/\/irinasb.com\/wp-content\/uploads\/2016\/11\/logo.fw_.png","width":900,"height":453,"caption":"IrinasB"},"image":{"@id":"https:\/\/irinasb.com\/#\/schema\/logo\/image\/"}}]}},"_links":{"self":[{"href":"https:\/\/irinasb.com\/en\/wp-json\/wp\/v2\/product\/31748","targetHints":{"allow":["GET"]}}],"collection":[{"href":"https:\/\/irinasb.com\/en\/wp-json\/wp\/v2\/product"}],"about":[{"href":"https:\/\/irinasb.com\/en\/wp-json\/wp\/v2\/types\/product"}],"replies":[{"embeddable":true,"href":"https:\/\/irinasb.com\/en\/wp-json\/wp\/v2\/comments?post=31748"}],"wp:featuredmedia":[{"embeddable":true,"href":"https:\/\/irinasb.com\/en\/wp-json\/wp\/v2\/media\/31876"}],"wp:attachment":[{"href":"https:\/\/irinasb.com\/en\/wp-json\/wp\/v2\/media?parent=31748"}],"wp:term":[{"taxonomy":"product_brand","embeddable":true,"href":"https:\/\/irinasb.com\/en\/wp-json\/wp\/v2\/product_brand?post=31748"},{"taxonomy":"product_cat","embeddable":true,"href":"https:\/\/irinasb.com\/en\/wp-json\/wp\/v2\/product_cat?post=31748"},{"taxonomy":"product_tag","embeddable":true,"href":"https:\/\/irinasb.com\/en\/wp-json\/wp\/v2\/product_tag?post=31748"}],"curies":[{"name":"wp","href":"https:\/\/api.w.org\/{rel}","templated":true}]}}