{"id":31728,"date":"2025-10-01T13:56:33","date_gmt":"2025-10-01T13:56:33","guid":{"rendered":"https:\/\/irinasb.com\/?post_type=product&#038;p=31728"},"modified":"2026-04-04T09:47:24","modified_gmt":"2026-04-04T09:47:24","slug":"colar-libelinha-prata-e-ambar","status":"publish","type":"product","link":"https:\/\/irinasb.com\/en\/product\/colar-libelinha-prata-e-ambar\/","title":{"rendered":"Colar Libelinha Prata e \u00c2mbar"},"content":{"rendered":"<p>Elegante e simb\u00f3lico, este colar em <strong data-start=\"244\" data-end=\"260\">prata de lei<\/strong> apresenta um pendente em forma de <strong data-start=\"295\" data-end=\"347\">libelinha com detalhe em \u00e2mbar natural aut\u00eantico<\/strong>, pedra milenar conhecida pelas suas propriedades protetoras e energ\u00e9ticas.<\/p>\n<h4 data-start=\"693\" data-end=\"716\">Caracter\u00edsticas<\/h4>\n<ul data-start=\"717\" data-end=\"918\">\n<li data-start=\"717\" data-end=\"747\">\n<p data-start=\"719\" data-end=\"747\">Material: <strong data-start=\"729\" data-end=\"745\">Prata de lei<\/strong><\/p>\n<\/li>\n<li data-start=\"748\" data-end=\"786\">\n<p data-start=\"750\" data-end=\"786\">Pedra: <strong data-start=\"757\" data-end=\"784\">\u00c2mbar natural aut\u00eantico<\/strong><\/p>\n<\/li>\n<li data-start=\"787\" data-end=\"824\">\n<p data-start=\"789\" data-end=\"824\">Pendente: <strong data-start=\"799\" data-end=\"822\">Libelinha detalhada<\/strong><\/p>\n<\/li>\n<li data-start=\"759\" data-end=\"791\">Tamanho aproximado: 40 cm<\/li>\n<li data-start=\"825\" data-end=\"867\">\n<p data-start=\"827\" data-end=\"867\">Estilo: elegante, delicado e simb\u00f3lico<\/p>\n<\/li>\n<li data-start=\"825\" data-end=\"867\">\n<p data-start=\"827\" data-end=\"867\">Adequado para uso di\u00e1rio ou ocasi\u00f5es especiais<\/p>\n<\/li>\n<\/ul>\n<h4 data-start=\"925\" data-end=\"952\">Porque deve comprar<\/h4>\n<p data-start=\"953\" data-end=\"1216\">Inspira <strong data-start=\"964\" data-end=\"1003\">liberdade, transforma\u00e7\u00e3o e harmonia<\/strong><br data-start=\"1003\" data-end=\"1006\" \/>O \u00e2mbar \u00e9 associado \u00e0 <strong data-start=\"1031\" data-end=\"1062\">prote\u00e7\u00e3o e energia positiva<\/strong><br data-start=\"1062\" data-end=\"1065\" \/>Pe\u00e7a vers\u00e1til que complementa qualquer estilo<br data-start=\"1113\" data-end=\"1116\" \/>Excelente op\u00e7\u00e3o de prenda com significado especial<br data-start=\"1169\" data-end=\"1172\" \/>Design artesanal com liga\u00e7\u00e3o \u00e0 natureza<\/p>","protected":false},"excerpt":{"rendered":"<p data-start=\"426\" data-end=\"686\">A libelinha \u00e9 s\u00edmbolo de <strong data-start=\"451\" data-end=\"494\">transforma\u00e7\u00e3o, liberdade e positividade<\/strong>, tornando este colar n\u00e3o apenas um acess\u00f3rio, mas tamb\u00e9m um amuleto cheio de significado. A jun\u00e7\u00e3o entre o brilho quente do \u00e2mbar e a sofistica\u00e7\u00e3o da prata cria uma pe\u00e7a \u00fanica e intemporal.<\/p>","protected":false},"featured_media":31729,"comment_status":"closed","ping_status":"closed","template":"","meta":[],"product_brand":[],"product_cat":[763,880],"product_tag":[703,496,767,762,213,761],"class_list":{"0":"post-31728","1":"product","2":"type-product","3":"status-publish","4":"has-post-thumbnail","6":"product_cat-ambar","7":"product_cat-prata-de-lei","8":"product_tag-ambar","9":"product_tag-colar","10":"product_tag-libelinhaimunidade","11":"product_tag-positividade","12":"product_tag-prata","13":"product_tag-protecao","15":"first","16":"instock","17":"shipping-taxable","18":"purchasable","19":"product-type-simple"},"yoast_head":"<!-- This site is optimized with the Yoast SEO plugin v26.2 - https:\/\/yoast.com\/wordpress\/plugins\/seo\/ -->\n<title>Colar Libelinha Prata e \u00c2mbar - IrinasB<\/title>\n<meta name=\"description\" content=\"Colar em Prata de lei com pendente em forma de libelinha com \u00e2mbar. Comprimento aproximado 40cm + 3cm de ajuste. A libelinha mede aproximadamente 3 cm.\" \/>\n<meta name=\"robots\" content=\"index, follow, max-snippet:-1, max-image-preview:large, max-video-preview:-1\" \/>\n<link rel=\"canonical\" href=\"https:\/\/irinasb.com\/en\/product\/colar-libelinha-prata-e-ambar\/\" \/>\n<meta property=\"og:locale\" content=\"en_GB\" \/>\n<meta property=\"og:type\" content=\"article\" \/>\n<meta property=\"og:title\" content=\"Colar Libelinha Prata e \u00c2mbar - IrinasB\" \/>\n<meta property=\"og:description\" content=\"Colar em Prata de lei com pendente em forma de libelinha com \u00e2mbar. Comprimento aproximado 40cm + 3cm de ajuste. A libelinha mede aproximadamente 3 cm.\" \/>\n<meta property=\"og:url\" content=\"https:\/\/irinasb.com\/en\/product\/colar-libelinha-prata-e-ambar\/\" \/>\n<meta property=\"og:site_name\" content=\"IrinasB\" \/>\n<meta property=\"article:modified_time\" content=\"2026-04-04T09:47:24+00:00\" \/>\n<meta property=\"og:image\" content=\"https:\/\/irinasb.com\/wp-content\/uploads\/2025\/10\/colar-libelinha-ambar.jpg\" \/>\n\t<meta property=\"og:image:width\" content=\"800\" \/>\n\t<meta property=\"og:image:height\" content=\"974\" \/>\n\t<meta property=\"og:image:type\" content=\"image\/jpeg\" \/>\n<meta name=\"twitter:card\" content=\"summary_large_image\" \/>\n<meta name=\"twitter:label1\" content=\"Estimated reading time\" \/>\n\t<meta name=\"twitter:data1\" content=\"1 minute\" \/>\n<script type=\"application\/ld+json\" class=\"yoast-schema-graph\">{\"@context\":\"https:\/\/schema.org\",\"@graph\":[{\"@type\":\"WebPage\",\"@id\":\"https:\/\/irinasb.com\/produto\/colar-libelinha-prata-e-ambar\/\",\"url\":\"https:\/\/irinasb.com\/produto\/colar-libelinha-prata-e-ambar\/\",\"name\":\"Colar Libelinha Prata e \u00c2mbar - IrinasB\",\"isPartOf\":{\"@id\":\"https:\/\/irinasb.com\/#website\"},\"primaryImageOfPage\":{\"@id\":\"https:\/\/irinasb.com\/produto\/colar-libelinha-prata-e-ambar\/#primaryimage\"},\"image\":{\"@id\":\"https:\/\/irinasb.com\/produto\/colar-libelinha-prata-e-ambar\/#primaryimage\"},\"thumbnailUrl\":\"https:\/\/irinasb.com\/wp-content\/uploads\/2025\/10\/colar-libelinha-ambar.jpg\",\"datePublished\":\"2025-10-01T13:56:33+00:00\",\"dateModified\":\"2026-04-04T09:47:24+00:00\",\"description\":\"Colar em Prata de lei com pendente em forma de libelinha com \u00e2mbar. Comprimento aproximado 40cm + 3cm de ajuste. A libelinha mede aproximadamente 3 cm.\",\"breadcrumb\":{\"@id\":\"https:\/\/irinasb.com\/produto\/colar-libelinha-prata-e-ambar\/#breadcrumb\"},\"inLanguage\":\"en-GB\",\"potentialAction\":[{\"@type\":\"ReadAction\",\"target\":[\"https:\/\/irinasb.com\/produto\/colar-libelinha-prata-e-ambar\/\"]}]},{\"@type\":\"ImageObject\",\"inLanguage\":\"en-GB\",\"@id\":\"https:\/\/irinasb.com\/produto\/colar-libelinha-prata-e-ambar\/#primaryimage\",\"url\":\"https:\/\/irinasb.com\/wp-content\/uploads\/2025\/10\/colar-libelinha-ambar.jpg\",\"contentUrl\":\"https:\/\/irinasb.com\/wp-content\/uploads\/2025\/10\/colar-libelinha-ambar.jpg\",\"width\":800,\"height\":974},{\"@type\":\"BreadcrumbList\",\"@id\":\"https:\/\/irinasb.com\/produto\/colar-libelinha-prata-e-ambar\/#breadcrumb\",\"itemListElement\":[{\"@type\":\"ListItem\",\"position\":1,\"name\":\"Home\",\"item\":\"https:\/\/irinasb.com\/\"},{\"@type\":\"ListItem\",\"position\":2,\"name\":\"Loja\",\"item\":\"https:\/\/irinasb.com\/loja\/\"},{\"@type\":\"ListItem\",\"position\":3,\"name\":\"Colar Libelinha Prata e \u00c2mbar\"}]},{\"@type\":\"WebSite\",\"@id\":\"https:\/\/irinasb.com\/#website\",\"url\":\"https:\/\/irinasb.com\/\",\"name\":\"IrinasB\",\"description\":\"Handmade Dreams\",\"publisher\":{\"@id\":\"https:\/\/irinasb.com\/#organization\"},\"potentialAction\":[{\"@type\":\"SearchAction\",\"target\":{\"@type\":\"EntryPoint\",\"urlTemplate\":\"https:\/\/irinasb.com\/?s={search_term_string}\"},\"query-input\":{\"@type\":\"PropertyValueSpecification\",\"valueRequired\":true,\"valueName\":\"search_term_string\"}}],\"inLanguage\":\"en-GB\"},{\"@type\":\"Organization\",\"@id\":\"https:\/\/irinasb.com\/#organization\",\"name\":\"IrinasB\",\"url\":\"https:\/\/irinasb.com\/\",\"logo\":{\"@type\":\"ImageObject\",\"inLanguage\":\"en-GB\",\"@id\":\"https:\/\/irinasb.com\/#\/schema\/logo\/image\/\",\"url\":\"https:\/\/irinasb.com\/wp-content\/uploads\/2016\/11\/logo.fw_.png\",\"contentUrl\":\"https:\/\/irinasb.com\/wp-content\/uploads\/2016\/11\/logo.fw_.png\",\"width\":900,\"height\":453,\"caption\":\"IrinasB\"},\"image\":{\"@id\":\"https:\/\/irinasb.com\/#\/schema\/logo\/image\/\"}}]}<\/script>\n<!-- \/ Yoast SEO plugin. -->","yoast_head_json":{"title":"Colar Libelinha Prata e \u00c2mbar - IrinasB","description":"Colar em Prata de lei com pendente em forma de libelinha com \u00e2mbar. Comprimento aproximado 40cm + 3cm de ajuste. A libelinha mede aproximadamente 3 cm.","robots":{"index":"index","follow":"follow","max-snippet":"max-snippet:-1","max-image-preview":"max-image-preview:large","max-video-preview":"max-video-preview:-1"},"canonical":"https:\/\/irinasb.com\/en\/product\/colar-libelinha-prata-e-ambar\/","og_locale":"en_GB","og_type":"article","og_title":"Colar Libelinha Prata e \u00c2mbar - IrinasB","og_description":"Colar em Prata de lei com pendente em forma de libelinha com \u00e2mbar. Comprimento aproximado 40cm + 3cm de ajuste. A libelinha mede aproximadamente 3 cm.","og_url":"https:\/\/irinasb.com\/en\/product\/colar-libelinha-prata-e-ambar\/","og_site_name":"IrinasB","article_modified_time":"2026-04-04T09:47:24+00:00","og_image":[{"width":800,"height":974,"url":"https:\/\/irinasb.com\/wp-content\/uploads\/2025\/10\/colar-libelinha-ambar.jpg","type":"image\/jpeg"}],"twitter_card":"summary_large_image","twitter_misc":{"Estimated reading time":"1 minute"},"schema":{"@context":"https:\/\/schema.org","@graph":[{"@type":"WebPage","@id":"https:\/\/irinasb.com\/produto\/colar-libelinha-prata-e-ambar\/","url":"https:\/\/irinasb.com\/produto\/colar-libelinha-prata-e-ambar\/","name":"Colar Libelinha Prata e \u00c2mbar - IrinasB","isPartOf":{"@id":"https:\/\/irinasb.com\/#website"},"primaryImageOfPage":{"@id":"https:\/\/irinasb.com\/produto\/colar-libelinha-prata-e-ambar\/#primaryimage"},"image":{"@id":"https:\/\/irinasb.com\/produto\/colar-libelinha-prata-e-ambar\/#primaryimage"},"thumbnailUrl":"https:\/\/irinasb.com\/wp-content\/uploads\/2025\/10\/colar-libelinha-ambar.jpg","datePublished":"2025-10-01T13:56:33+00:00","dateModified":"2026-04-04T09:47:24+00:00","description":"Colar em Prata de lei com pendente em forma de libelinha com \u00e2mbar. Comprimento aproximado 40cm + 3cm de ajuste. A libelinha mede aproximadamente 3 cm.","breadcrumb":{"@id":"https:\/\/irinasb.com\/produto\/colar-libelinha-prata-e-ambar\/#breadcrumb"},"inLanguage":"en-GB","potentialAction":[{"@type":"ReadAction","target":["https:\/\/irinasb.com\/produto\/colar-libelinha-prata-e-ambar\/"]}]},{"@type":"ImageObject","inLanguage":"en-GB","@id":"https:\/\/irinasb.com\/produto\/colar-libelinha-prata-e-ambar\/#primaryimage","url":"https:\/\/irinasb.com\/wp-content\/uploads\/2025\/10\/colar-libelinha-ambar.jpg","contentUrl":"https:\/\/irinasb.com\/wp-content\/uploads\/2025\/10\/colar-libelinha-ambar.jpg","width":800,"height":974},{"@type":"BreadcrumbList","@id":"https:\/\/irinasb.com\/produto\/colar-libelinha-prata-e-ambar\/#breadcrumb","itemListElement":[{"@type":"ListItem","position":1,"name":"Home","item":"https:\/\/irinasb.com\/"},{"@type":"ListItem","position":2,"name":"Loja","item":"https:\/\/irinasb.com\/loja\/"},{"@type":"ListItem","position":3,"name":"Colar Libelinha Prata e \u00c2mbar"}]},{"@type":"WebSite","@id":"https:\/\/irinasb.com\/#website","url":"https:\/\/irinasb.com\/","name":"IrinasB","description":"Handmade Dreams","publisher":{"@id":"https:\/\/irinasb.com\/#organization"},"potentialAction":[{"@type":"SearchAction","target":{"@type":"EntryPoint","urlTemplate":"https:\/\/irinasb.com\/?s={search_term_string}"},"query-input":{"@type":"PropertyValueSpecification","valueRequired":true,"valueName":"search_term_string"}}],"inLanguage":"en-GB"},{"@type":"Organization","@id":"https:\/\/irinasb.com\/#organization","name":"IrinasB","url":"https:\/\/irinasb.com\/","logo":{"@type":"ImageObject","inLanguage":"en-GB","@id":"https:\/\/irinasb.com\/#\/schema\/logo\/image\/","url":"https:\/\/irinasb.com\/wp-content\/uploads\/2016\/11\/logo.fw_.png","contentUrl":"https:\/\/irinasb.com\/wp-content\/uploads\/2016\/11\/logo.fw_.png","width":900,"height":453,"caption":"IrinasB"},"image":{"@id":"https:\/\/irinasb.com\/#\/schema\/logo\/image\/"}}]}},"_links":{"self":[{"href":"https:\/\/irinasb.com\/en\/wp-json\/wp\/v2\/product\/31728","targetHints":{"allow":["GET"]}}],"collection":[{"href":"https:\/\/irinasb.com\/en\/wp-json\/wp\/v2\/product"}],"about":[{"href":"https:\/\/irinasb.com\/en\/wp-json\/wp\/v2\/types\/product"}],"replies":[{"embeddable":true,"href":"https:\/\/irinasb.com\/en\/wp-json\/wp\/v2\/comments?post=31728"}],"wp:featuredmedia":[{"embeddable":true,"href":"https:\/\/irinasb.com\/en\/wp-json\/wp\/v2\/media\/31729"}],"wp:attachment":[{"href":"https:\/\/irinasb.com\/en\/wp-json\/wp\/v2\/media?parent=31728"}],"wp:term":[{"taxonomy":"product_brand","embeddable":true,"href":"https:\/\/irinasb.com\/en\/wp-json\/wp\/v2\/product_brand?post=31728"},{"taxonomy":"product_cat","embeddable":true,"href":"https:\/\/irinasb.com\/en\/wp-json\/wp\/v2\/product_cat?post=31728"},{"taxonomy":"product_tag","embeddable":true,"href":"https:\/\/irinasb.com\/en\/wp-json\/wp\/v2\/product_tag?post=31728"}],"curies":[{"name":"wp","href":"https:\/\/api.w.org\/{rel}","templated":true}]}}