{"id":31711,"date":"2025-09-24T16:54:31","date_gmt":"2025-09-24T16:54:31","guid":{"rendered":"https:\/\/irinasb.com\/?post_type=product&#038;p=31711"},"modified":"2026-04-04T09:47:15","modified_gmt":"2026-04-04T09:47:15","slug":"colar-beija-flor-prata-e-ambar","status":"publish","type":"product","link":"https:\/\/irinasb.com\/en\/product\/colar-beija-flor-prata-e-ambar\/","title":{"rendered":"Colar Beija-Flor Prata e \u00c2mbar"},"content":{"rendered":"<p>Inspirado na beleza da natureza, este colar em <strong data-start=\"244\" data-end=\"260\">prata de lei<\/strong> apresenta um delicado pendente em forma de <strong data-start=\"304\" data-end=\"347\">beija-flor com detalhe em \u00e2mbar natural<\/strong>, s\u00edmbolo de alegria, vitalidade e energia positiva.<\/p>\n<h4 data-start=\"653\" data-end=\"676\">Caracter\u00edsticas<\/h4>\n<ul data-start=\"677\" data-end=\"879\">\n<li data-start=\"677\" data-end=\"707\">\n<p data-start=\"679\" data-end=\"707\">Material: <strong data-start=\"689\" data-end=\"705\">Prata de lei<\/strong><\/p>\n<\/li>\n<li data-start=\"708\" data-end=\"746\">\n<p data-start=\"710\" data-end=\"746\">Pedra: <strong data-start=\"717\" data-end=\"744\">\u00c2mbar natural aut\u00eantico<\/strong><\/p>\n<\/li>\n<li data-start=\"747\" data-end=\"785\">\n<p data-start=\"749\" data-end=\"785\">Pendente: <strong data-start=\"759\" data-end=\"783\">Beija-flor detalhado<\/strong><\/p>\n<\/li>\n<li data-start=\"747\" data-end=\"785\">Tamanho aproximado: 40 cm<\/li>\n<li data-start=\"786\" data-end=\"828\">\n<p data-start=\"788\" data-end=\"828\">Estilo: delicado, elegante e simb\u00f3lico<\/p>\n<\/li>\n<li data-start=\"829\" data-end=\"879\">\n<p data-start=\"831\" data-end=\"879\">Perfeito para uso di\u00e1rio ou ocasi\u00f5es especiais<\/p>\n<\/li>\n<\/ul>\n<h4 data-start=\"886\" data-end=\"913\">Porque deve comprar<\/h4>\n<p data-start=\"914\" data-end=\"1186\">Representa <strong data-start=\"928\" data-end=\"969\">leveza, vitalidade e energia positiva<\/strong><br data-start=\"969\" data-end=\"972\" \/>\u00c2mbar natural associado a <strong data-start=\"1001\" data-end=\"1026\">prote\u00e7\u00e3o e equil\u00edbrio<\/strong><br data-start=\"1026\" data-end=\"1029\" \/>Joia vers\u00e1til e f\u00e1cil de combinar com diferentes looks<br data-start=\"1086\" data-end=\"1089\" \/>Excelente op\u00e7\u00e3o de presente simb\u00f3lico e elegante<br data-start=\"1140\" data-end=\"1143\" \/>Design artesanal inspirado na natureza<\/p>","protected":false},"excerpt":{"rendered":"<p data-start=\"197\" data-end=\"499\">A leveza do design aliada ao brilho quente do \u00e2mbar torna esta joia uma pe\u00e7a \u00fanica e encantadora.<\/p>\n<p data-start=\"501\" data-end=\"646\">Ideal para quem procura transmitir eleg\u00e2ncia e feminilidade, este colar \u00e9 perfeito para complementar qualquer estilo, do casual ao sofisticado.<\/p>","protected":false},"featured_media":31712,"comment_status":"closed","ping_status":"closed","template":"","meta":[],"product_brand":[],"product_cat":[763,880],"product_tag":[703,765,496,760,762,213,761],"class_list":{"0":"post-31711","1":"product","2":"type-product","3":"status-publish","4":"has-post-thumbnail","6":"product_cat-ambar","7":"product_cat-prata-de-lei","8":"product_tag-ambar","9":"product_tag-beijaflor","10":"product_tag-colar","11":"product_tag-imunidade","12":"product_tag-positividade","13":"product_tag-prata","14":"product_tag-protecao","16":"first","17":"instock","18":"shipping-taxable","19":"purchasable","20":"product-type-simple"},"yoast_head":"<!-- This site is optimized with the Yoast SEO plugin v26.2 - https:\/\/yoast.com\/wordpress\/plugins\/seo\/ -->\n<title>Colar Beija-Flor Prata e \u00c2mbar - IrinasB<\/title>\n<meta name=\"description\" content=\"Colar em Prata de lei com pendente em forma de beija-flor com \u00e2mbar. Comprimento aproximado 40cm + 3cm de ajuste. O beija-flor mede aproximadamente 2 cm.\" \/>\n<meta name=\"robots\" content=\"index, follow, max-snippet:-1, max-image-preview:large, max-video-preview:-1\" \/>\n<link rel=\"canonical\" href=\"https:\/\/irinasb.com\/en\/product\/colar-beija-flor-prata-e-ambar\/\" \/>\n<meta property=\"og:locale\" content=\"en_GB\" \/>\n<meta property=\"og:type\" content=\"article\" \/>\n<meta property=\"og:title\" content=\"Colar Beija-Flor Prata e \u00c2mbar - IrinasB\" \/>\n<meta property=\"og:description\" content=\"Colar em Prata de lei com pendente em forma de beija-flor com \u00e2mbar. Comprimento aproximado 40cm + 3cm de ajuste. O beija-flor mede aproximadamente 2 cm.\" \/>\n<meta property=\"og:url\" content=\"https:\/\/irinasb.com\/en\/product\/colar-beija-flor-prata-e-ambar\/\" \/>\n<meta property=\"og:site_name\" content=\"IrinasB\" \/>\n<meta property=\"article:modified_time\" content=\"2026-04-04T09:47:15+00:00\" \/>\n<meta property=\"og:image\" content=\"https:\/\/irinasb.com\/wp-content\/uploads\/2025\/09\/colar-beijaflor-ambar.jpg\" \/>\n\t<meta property=\"og:image:width\" content=\"800\" \/>\n\t<meta property=\"og:image:height\" content=\"966\" \/>\n\t<meta property=\"og:image:type\" content=\"image\/jpeg\" \/>\n<meta name=\"twitter:card\" content=\"summary_large_image\" \/>\n<meta name=\"twitter:label1\" content=\"Estimated reading time\" \/>\n\t<meta name=\"twitter:data1\" content=\"1 minute\" \/>\n<script type=\"application\/ld+json\" class=\"yoast-schema-graph\">{\"@context\":\"https:\/\/schema.org\",\"@graph\":[{\"@type\":\"WebPage\",\"@id\":\"https:\/\/irinasb.com\/produto\/colar-beija-flor-prata-e-ambar\/\",\"url\":\"https:\/\/irinasb.com\/produto\/colar-beija-flor-prata-e-ambar\/\",\"name\":\"Colar Beija-Flor Prata e \u00c2mbar - IrinasB\",\"isPartOf\":{\"@id\":\"https:\/\/irinasb.com\/#website\"},\"primaryImageOfPage\":{\"@id\":\"https:\/\/irinasb.com\/produto\/colar-beija-flor-prata-e-ambar\/#primaryimage\"},\"image\":{\"@id\":\"https:\/\/irinasb.com\/produto\/colar-beija-flor-prata-e-ambar\/#primaryimage\"},\"thumbnailUrl\":\"https:\/\/irinasb.com\/wp-content\/uploads\/2025\/09\/colar-beijaflor-ambar.jpg\",\"datePublished\":\"2025-09-24T16:54:31+00:00\",\"dateModified\":\"2026-04-04T09:47:15+00:00\",\"description\":\"Colar em Prata de lei com pendente em forma de beija-flor com \u00e2mbar. Comprimento aproximado 40cm + 3cm de ajuste. O beija-flor mede aproximadamente 2 cm.\",\"breadcrumb\":{\"@id\":\"https:\/\/irinasb.com\/produto\/colar-beija-flor-prata-e-ambar\/#breadcrumb\"},\"inLanguage\":\"en-GB\",\"potentialAction\":[{\"@type\":\"ReadAction\",\"target\":[\"https:\/\/irinasb.com\/produto\/colar-beija-flor-prata-e-ambar\/\"]}]},{\"@type\":\"ImageObject\",\"inLanguage\":\"en-GB\",\"@id\":\"https:\/\/irinasb.com\/produto\/colar-beija-flor-prata-e-ambar\/#primaryimage\",\"url\":\"https:\/\/irinasb.com\/wp-content\/uploads\/2025\/09\/colar-beijaflor-ambar.jpg\",\"contentUrl\":\"https:\/\/irinasb.com\/wp-content\/uploads\/2025\/09\/colar-beijaflor-ambar.jpg\",\"width\":800,\"height\":966},{\"@type\":\"BreadcrumbList\",\"@id\":\"https:\/\/irinasb.com\/produto\/colar-beija-flor-prata-e-ambar\/#breadcrumb\",\"itemListElement\":[{\"@type\":\"ListItem\",\"position\":1,\"name\":\"Home\",\"item\":\"https:\/\/irinasb.com\/\"},{\"@type\":\"ListItem\",\"position\":2,\"name\":\"Loja\",\"item\":\"https:\/\/irinasb.com\/loja\/\"},{\"@type\":\"ListItem\",\"position\":3,\"name\":\"Colar Beija-Flor Prata e \u00c2mbar\"}]},{\"@type\":\"WebSite\",\"@id\":\"https:\/\/irinasb.com\/#website\",\"url\":\"https:\/\/irinasb.com\/\",\"name\":\"IrinasB\",\"description\":\"Handmade Dreams\",\"publisher\":{\"@id\":\"https:\/\/irinasb.com\/#organization\"},\"potentialAction\":[{\"@type\":\"SearchAction\",\"target\":{\"@type\":\"EntryPoint\",\"urlTemplate\":\"https:\/\/irinasb.com\/?s={search_term_string}\"},\"query-input\":{\"@type\":\"PropertyValueSpecification\",\"valueRequired\":true,\"valueName\":\"search_term_string\"}}],\"inLanguage\":\"en-GB\"},{\"@type\":\"Organization\",\"@id\":\"https:\/\/irinasb.com\/#organization\",\"name\":\"IrinasB\",\"url\":\"https:\/\/irinasb.com\/\",\"logo\":{\"@type\":\"ImageObject\",\"inLanguage\":\"en-GB\",\"@id\":\"https:\/\/irinasb.com\/#\/schema\/logo\/image\/\",\"url\":\"https:\/\/irinasb.com\/wp-content\/uploads\/2016\/11\/logo.fw_.png\",\"contentUrl\":\"https:\/\/irinasb.com\/wp-content\/uploads\/2016\/11\/logo.fw_.png\",\"width\":900,\"height\":453,\"caption\":\"IrinasB\"},\"image\":{\"@id\":\"https:\/\/irinasb.com\/#\/schema\/logo\/image\/\"}}]}<\/script>\n<!-- \/ Yoast SEO plugin. -->","yoast_head_json":{"title":"Colar Beija-Flor Prata e \u00c2mbar - IrinasB","description":"Colar em Prata de lei com pendente em forma de beija-flor com \u00e2mbar. Comprimento aproximado 40cm + 3cm de ajuste. O beija-flor mede aproximadamente 2 cm.","robots":{"index":"index","follow":"follow","max-snippet":"max-snippet:-1","max-image-preview":"max-image-preview:large","max-video-preview":"max-video-preview:-1"},"canonical":"https:\/\/irinasb.com\/en\/product\/colar-beija-flor-prata-e-ambar\/","og_locale":"en_GB","og_type":"article","og_title":"Colar Beija-Flor Prata e \u00c2mbar - IrinasB","og_description":"Colar em Prata de lei com pendente em forma de beija-flor com \u00e2mbar. Comprimento aproximado 40cm + 3cm de ajuste. O beija-flor mede aproximadamente 2 cm.","og_url":"https:\/\/irinasb.com\/en\/product\/colar-beija-flor-prata-e-ambar\/","og_site_name":"IrinasB","article_modified_time":"2026-04-04T09:47:15+00:00","og_image":[{"width":800,"height":966,"url":"https:\/\/irinasb.com\/wp-content\/uploads\/2025\/09\/colar-beijaflor-ambar.jpg","type":"image\/jpeg"}],"twitter_card":"summary_large_image","twitter_misc":{"Estimated reading time":"1 minute"},"schema":{"@context":"https:\/\/schema.org","@graph":[{"@type":"WebPage","@id":"https:\/\/irinasb.com\/produto\/colar-beija-flor-prata-e-ambar\/","url":"https:\/\/irinasb.com\/produto\/colar-beija-flor-prata-e-ambar\/","name":"Colar Beija-Flor Prata e \u00c2mbar - IrinasB","isPartOf":{"@id":"https:\/\/irinasb.com\/#website"},"primaryImageOfPage":{"@id":"https:\/\/irinasb.com\/produto\/colar-beija-flor-prata-e-ambar\/#primaryimage"},"image":{"@id":"https:\/\/irinasb.com\/produto\/colar-beija-flor-prata-e-ambar\/#primaryimage"},"thumbnailUrl":"https:\/\/irinasb.com\/wp-content\/uploads\/2025\/09\/colar-beijaflor-ambar.jpg","datePublished":"2025-09-24T16:54:31+00:00","dateModified":"2026-04-04T09:47:15+00:00","description":"Colar em Prata de lei com pendente em forma de beija-flor com \u00e2mbar. Comprimento aproximado 40cm + 3cm de ajuste. O beija-flor mede aproximadamente 2 cm.","breadcrumb":{"@id":"https:\/\/irinasb.com\/produto\/colar-beija-flor-prata-e-ambar\/#breadcrumb"},"inLanguage":"en-GB","potentialAction":[{"@type":"ReadAction","target":["https:\/\/irinasb.com\/produto\/colar-beija-flor-prata-e-ambar\/"]}]},{"@type":"ImageObject","inLanguage":"en-GB","@id":"https:\/\/irinasb.com\/produto\/colar-beija-flor-prata-e-ambar\/#primaryimage","url":"https:\/\/irinasb.com\/wp-content\/uploads\/2025\/09\/colar-beijaflor-ambar.jpg","contentUrl":"https:\/\/irinasb.com\/wp-content\/uploads\/2025\/09\/colar-beijaflor-ambar.jpg","width":800,"height":966},{"@type":"BreadcrumbList","@id":"https:\/\/irinasb.com\/produto\/colar-beija-flor-prata-e-ambar\/#breadcrumb","itemListElement":[{"@type":"ListItem","position":1,"name":"Home","item":"https:\/\/irinasb.com\/"},{"@type":"ListItem","position":2,"name":"Loja","item":"https:\/\/irinasb.com\/loja\/"},{"@type":"ListItem","position":3,"name":"Colar Beija-Flor Prata e \u00c2mbar"}]},{"@type":"WebSite","@id":"https:\/\/irinasb.com\/#website","url":"https:\/\/irinasb.com\/","name":"IrinasB","description":"Handmade Dreams","publisher":{"@id":"https:\/\/irinasb.com\/#organization"},"potentialAction":[{"@type":"SearchAction","target":{"@type":"EntryPoint","urlTemplate":"https:\/\/irinasb.com\/?s={search_term_string}"},"query-input":{"@type":"PropertyValueSpecification","valueRequired":true,"valueName":"search_term_string"}}],"inLanguage":"en-GB"},{"@type":"Organization","@id":"https:\/\/irinasb.com\/#organization","name":"IrinasB","url":"https:\/\/irinasb.com\/","logo":{"@type":"ImageObject","inLanguage":"en-GB","@id":"https:\/\/irinasb.com\/#\/schema\/logo\/image\/","url":"https:\/\/irinasb.com\/wp-content\/uploads\/2016\/11\/logo.fw_.png","contentUrl":"https:\/\/irinasb.com\/wp-content\/uploads\/2016\/11\/logo.fw_.png","width":900,"height":453,"caption":"IrinasB"},"image":{"@id":"https:\/\/irinasb.com\/#\/schema\/logo\/image\/"}}]}},"_links":{"self":[{"href":"https:\/\/irinasb.com\/en\/wp-json\/wp\/v2\/product\/31711","targetHints":{"allow":["GET"]}}],"collection":[{"href":"https:\/\/irinasb.com\/en\/wp-json\/wp\/v2\/product"}],"about":[{"href":"https:\/\/irinasb.com\/en\/wp-json\/wp\/v2\/types\/product"}],"replies":[{"embeddable":true,"href":"https:\/\/irinasb.com\/en\/wp-json\/wp\/v2\/comments?post=31711"}],"wp:featuredmedia":[{"embeddable":true,"href":"https:\/\/irinasb.com\/en\/wp-json\/wp\/v2\/media\/31712"}],"wp:attachment":[{"href":"https:\/\/irinasb.com\/en\/wp-json\/wp\/v2\/media?parent=31711"}],"wp:term":[{"taxonomy":"product_brand","embeddable":true,"href":"https:\/\/irinasb.com\/en\/wp-json\/wp\/v2\/product_brand?post=31711"},{"taxonomy":"product_cat","embeddable":true,"href":"https:\/\/irinasb.com\/en\/wp-json\/wp\/v2\/product_cat?post=31711"},{"taxonomy":"product_tag","embeddable":true,"href":"https:\/\/irinasb.com\/en\/wp-json\/wp\/v2\/product_tag?post=31711"}],"curies":[{"name":"wp","href":"https:\/\/api.w.org\/{rel}","templated":true}]}}