{"id":31702,"date":"2025-09-24T15:30:14","date_gmt":"2025-09-24T15:30:14","guid":{"rendered":"https:\/\/irinasb.com\/?post_type=product&#038;p=31702"},"modified":"2026-04-04T09:47:05","modified_gmt":"2026-04-04T09:47:05","slug":"colar-mocho-prata-e-ambar","status":"publish","type":"product","link":"https:\/\/irinasb.com\/en\/product\/colar-mocho-prata-e-ambar\/","title":{"rendered":"Colar Mocho Prata e \u00c2mbar"},"content":{"rendered":"<p data-start=\"187\" data-end=\"491\">Um acess\u00f3rio cheio de significado, este colar em <strong data-start=\"236\" data-end=\"252\">prata de lei<\/strong> apresenta um pendente em forma de <strong data-start=\"287\" data-end=\"325\">mocho com detalhe em \u00e2mbar natural<\/strong>, s\u00edmbolo de sabedoria, prote\u00e7\u00e3o e intui\u00e7\u00e3o.<\/p>\n<h4 data-start=\"621\" data-end=\"644\">Caracter\u00edsticas<\/h4>\n<ul data-start=\"645\" data-end=\"852\">\n<li data-start=\"645\" data-end=\"675\">\n<p data-start=\"647\" data-end=\"675\">Material: <strong data-start=\"657\" data-end=\"673\">Prata de lei<\/strong><\/p>\n<\/li>\n<li data-start=\"676\" data-end=\"714\">\n<p data-start=\"678\" data-end=\"714\">Pedra: <strong data-start=\"685\" data-end=\"712\">\u00c2mbar natural aut\u00eantico<\/strong><\/p>\n<\/li>\n<li data-start=\"715\" data-end=\"757\">\n<p data-start=\"717\" data-end=\"757\">Pendente: <strong data-start=\"727\" data-end=\"755\">Mocho (coruja) detalhado<\/strong><\/p>\n<\/li>\n<li>Tamanho aproximado: 40 cm<\/li>\n<li data-start=\"758\" data-end=\"800\">\n<p data-start=\"760\" data-end=\"800\">Estilo: elegante, m\u00edstico e intemporal<\/p>\n<\/li>\n<li data-start=\"801\" data-end=\"852\">\n<p data-start=\"803\" data-end=\"852\">Ideal para uso di\u00e1rio ou como presente especial<\/p>\n<\/li>\n<\/ul>\n<h4 data-start=\"859\" data-end=\"886\">Porque deve comprar<\/h4>\n<p data-start=\"887\" data-end=\"1209\">Pe\u00e7a simb\u00f3lica associada \u00e0 <strong data-start=\"917\" data-end=\"941\">sabedoria e prote\u00e7\u00e3o<\/strong><br data-start=\"941\" data-end=\"944\" \/>O \u00e2mbar \u00e9 reconhecido pelas suas <strong data-start=\"980\" data-end=\"1021\">propriedades energ\u00e9ticas e protetoras<\/strong><br data-start=\"1021\" data-end=\"1024\" \/>Excelente op\u00e7\u00e3o de prenda para quem aprecia pe\u00e7as com significado<br data-start=\"1092\" data-end=\"1095\" \/>Combina facilmente com looks casuais ou sofisticados<br data-start=\"1150\" data-end=\"1153\" \/>Design artesanal exclusivo e cheio de personalidade<\/p>","protected":false},"excerpt":{"rendered":"<p>O brilho quente do \u00e2mbar contrasta harmoniosamente com a sofistica\u00e7\u00e3o da prata, criando uma joia intemporal e elegante.<\/p>\n<p>Com um design delicado, este colar \u00e9 perfeito para quem aprecia pe\u00e7as \u00fanicas que aliam <strong data-start=\"580\" data-end=\"611\">beleza, simbolismo e estilo<\/strong>.<\/p>","protected":false},"featured_media":33214,"comment_status":"closed","ping_status":"closed","template":"","meta":[],"product_brand":[],"product_cat":[763,880],"product_tag":[703,496,760,764,762,213,761],"class_list":{"0":"post-31702","1":"product","2":"type-product","3":"status-publish","4":"has-post-thumbnail","6":"product_cat-ambar","7":"product_cat-prata-de-lei","8":"product_tag-ambar","9":"product_tag-colar","10":"product_tag-imunidade","11":"product_tag-mocho","12":"product_tag-positividade","13":"product_tag-prata","14":"product_tag-protecao","16":"first","17":"instock","18":"shipping-taxable","19":"purchasable","20":"product-type-simple"},"yoast_head":"<!-- This site is optimized with the Yoast SEO plugin v26.2 - https:\/\/yoast.com\/wordpress\/plugins\/seo\/ -->\n<title>Colar Mocho Prata e \u00c2mbar - IrinasB<\/title>\n<meta name=\"description\" content=\"Colar em Prata de lei com pendente em forma de mocho com \u00e2mbar. Comprimento aproximado 40cm + 3cm de ajuste. O mocho mede aproximadamente 1,5cm.\" \/>\n<meta name=\"robots\" content=\"index, follow, max-snippet:-1, max-image-preview:large, max-video-preview:-1\" \/>\n<link rel=\"canonical\" href=\"https:\/\/irinasb.com\/en\/product\/colar-mocho-prata-e-ambar\/\" \/>\n<meta property=\"og:locale\" content=\"en_GB\" \/>\n<meta property=\"og:type\" content=\"article\" \/>\n<meta property=\"og:title\" content=\"Colar Mocho Prata e \u00c2mbar - IrinasB\" \/>\n<meta property=\"og:description\" content=\"Colar em Prata de lei com pendente em forma de mocho com \u00e2mbar. Comprimento aproximado 40cm + 3cm de ajuste. O mocho mede aproximadamente 1,5cm.\" \/>\n<meta property=\"og:url\" content=\"https:\/\/irinasb.com\/en\/product\/colar-mocho-prata-e-ambar\/\" \/>\n<meta property=\"og:site_name\" content=\"IrinasB\" \/>\n<meta property=\"article:modified_time\" content=\"2026-04-04T09:47:05+00:00\" \/>\n<meta property=\"og:image\" content=\"https:\/\/irinasb.com\/wp-content\/uploads\/2025\/09\/colar-prata-e-mocho-com-ambar.jpg\" \/>\n\t<meta property=\"og:image:width\" content=\"800\" \/>\n\t<meta property=\"og:image:height\" content=\"944\" \/>\n\t<meta property=\"og:image:type\" content=\"image\/jpeg\" \/>\n<meta name=\"twitter:card\" content=\"summary_large_image\" \/>\n<meta name=\"twitter:label1\" content=\"Estimated reading time\" \/>\n\t<meta name=\"twitter:data1\" content=\"1 minute\" \/>\n<script type=\"application\/ld+json\" class=\"yoast-schema-graph\">{\"@context\":\"https:\/\/schema.org\",\"@graph\":[{\"@type\":\"WebPage\",\"@id\":\"https:\/\/irinasb.com\/produto\/colar-mocho-prata-e-ambar\/\",\"url\":\"https:\/\/irinasb.com\/produto\/colar-mocho-prata-e-ambar\/\",\"name\":\"Colar Mocho Prata e \u00c2mbar - IrinasB\",\"isPartOf\":{\"@id\":\"https:\/\/irinasb.com\/#website\"},\"primaryImageOfPage\":{\"@id\":\"https:\/\/irinasb.com\/produto\/colar-mocho-prata-e-ambar\/#primaryimage\"},\"image\":{\"@id\":\"https:\/\/irinasb.com\/produto\/colar-mocho-prata-e-ambar\/#primaryimage\"},\"thumbnailUrl\":\"https:\/\/irinasb.com\/wp-content\/uploads\/2025\/09\/colar-prata-e-mocho-com-ambar.jpg\",\"datePublished\":\"2025-09-24T15:30:14+00:00\",\"dateModified\":\"2026-04-04T09:47:05+00:00\",\"description\":\"Colar em Prata de lei com pendente em forma de mocho com \u00e2mbar. Comprimento aproximado 40cm + 3cm de ajuste. O mocho mede aproximadamente 1,5cm.\",\"breadcrumb\":{\"@id\":\"https:\/\/irinasb.com\/produto\/colar-mocho-prata-e-ambar\/#breadcrumb\"},\"inLanguage\":\"en-GB\",\"potentialAction\":[{\"@type\":\"ReadAction\",\"target\":[\"https:\/\/irinasb.com\/produto\/colar-mocho-prata-e-ambar\/\"]}]},{\"@type\":\"ImageObject\",\"inLanguage\":\"en-GB\",\"@id\":\"https:\/\/irinasb.com\/produto\/colar-mocho-prata-e-ambar\/#primaryimage\",\"url\":\"https:\/\/irinasb.com\/wp-content\/uploads\/2025\/09\/colar-prata-e-mocho-com-ambar.jpg\",\"contentUrl\":\"https:\/\/irinasb.com\/wp-content\/uploads\/2025\/09\/colar-prata-e-mocho-com-ambar.jpg\",\"width\":800,\"height\":944},{\"@type\":\"BreadcrumbList\",\"@id\":\"https:\/\/irinasb.com\/produto\/colar-mocho-prata-e-ambar\/#breadcrumb\",\"itemListElement\":[{\"@type\":\"ListItem\",\"position\":1,\"name\":\"Home\",\"item\":\"https:\/\/irinasb.com\/\"},{\"@type\":\"ListItem\",\"position\":2,\"name\":\"Loja\",\"item\":\"https:\/\/irinasb.com\/loja\/\"},{\"@type\":\"ListItem\",\"position\":3,\"name\":\"Colar Mocho Prata e \u00c2mbar\"}]},{\"@type\":\"WebSite\",\"@id\":\"https:\/\/irinasb.com\/#website\",\"url\":\"https:\/\/irinasb.com\/\",\"name\":\"IrinasB\",\"description\":\"Handmade Dreams\",\"publisher\":{\"@id\":\"https:\/\/irinasb.com\/#organization\"},\"potentialAction\":[{\"@type\":\"SearchAction\",\"target\":{\"@type\":\"EntryPoint\",\"urlTemplate\":\"https:\/\/irinasb.com\/?s={search_term_string}\"},\"query-input\":{\"@type\":\"PropertyValueSpecification\",\"valueRequired\":true,\"valueName\":\"search_term_string\"}}],\"inLanguage\":\"en-GB\"},{\"@type\":\"Organization\",\"@id\":\"https:\/\/irinasb.com\/#organization\",\"name\":\"IrinasB\",\"url\":\"https:\/\/irinasb.com\/\",\"logo\":{\"@type\":\"ImageObject\",\"inLanguage\":\"en-GB\",\"@id\":\"https:\/\/irinasb.com\/#\/schema\/logo\/image\/\",\"url\":\"https:\/\/irinasb.com\/wp-content\/uploads\/2016\/11\/logo.fw_.png\",\"contentUrl\":\"https:\/\/irinasb.com\/wp-content\/uploads\/2016\/11\/logo.fw_.png\",\"width\":900,\"height\":453,\"caption\":\"IrinasB\"},\"image\":{\"@id\":\"https:\/\/irinasb.com\/#\/schema\/logo\/image\/\"}}]}<\/script>\n<!-- \/ Yoast SEO plugin. -->","yoast_head_json":{"title":"Colar Mocho Prata e \u00c2mbar - IrinasB","description":"Colar em Prata de lei com pendente em forma de mocho com \u00e2mbar. Comprimento aproximado 40cm + 3cm de ajuste. O mocho mede aproximadamente 1,5cm.","robots":{"index":"index","follow":"follow","max-snippet":"max-snippet:-1","max-image-preview":"max-image-preview:large","max-video-preview":"max-video-preview:-1"},"canonical":"https:\/\/irinasb.com\/en\/product\/colar-mocho-prata-e-ambar\/","og_locale":"en_GB","og_type":"article","og_title":"Colar Mocho Prata e \u00c2mbar - IrinasB","og_description":"Colar em Prata de lei com pendente em forma de mocho com \u00e2mbar. Comprimento aproximado 40cm + 3cm de ajuste. O mocho mede aproximadamente 1,5cm.","og_url":"https:\/\/irinasb.com\/en\/product\/colar-mocho-prata-e-ambar\/","og_site_name":"IrinasB","article_modified_time":"2026-04-04T09:47:05+00:00","og_image":[{"width":800,"height":944,"url":"https:\/\/irinasb.com\/wp-content\/uploads\/2025\/09\/colar-prata-e-mocho-com-ambar.jpg","type":"image\/jpeg"}],"twitter_card":"summary_large_image","twitter_misc":{"Estimated reading time":"1 minute"},"schema":{"@context":"https:\/\/schema.org","@graph":[{"@type":"WebPage","@id":"https:\/\/irinasb.com\/produto\/colar-mocho-prata-e-ambar\/","url":"https:\/\/irinasb.com\/produto\/colar-mocho-prata-e-ambar\/","name":"Colar Mocho Prata e \u00c2mbar - IrinasB","isPartOf":{"@id":"https:\/\/irinasb.com\/#website"},"primaryImageOfPage":{"@id":"https:\/\/irinasb.com\/produto\/colar-mocho-prata-e-ambar\/#primaryimage"},"image":{"@id":"https:\/\/irinasb.com\/produto\/colar-mocho-prata-e-ambar\/#primaryimage"},"thumbnailUrl":"https:\/\/irinasb.com\/wp-content\/uploads\/2025\/09\/colar-prata-e-mocho-com-ambar.jpg","datePublished":"2025-09-24T15:30:14+00:00","dateModified":"2026-04-04T09:47:05+00:00","description":"Colar em Prata de lei com pendente em forma de mocho com \u00e2mbar. Comprimento aproximado 40cm + 3cm de ajuste. O mocho mede aproximadamente 1,5cm.","breadcrumb":{"@id":"https:\/\/irinasb.com\/produto\/colar-mocho-prata-e-ambar\/#breadcrumb"},"inLanguage":"en-GB","potentialAction":[{"@type":"ReadAction","target":["https:\/\/irinasb.com\/produto\/colar-mocho-prata-e-ambar\/"]}]},{"@type":"ImageObject","inLanguage":"en-GB","@id":"https:\/\/irinasb.com\/produto\/colar-mocho-prata-e-ambar\/#primaryimage","url":"https:\/\/irinasb.com\/wp-content\/uploads\/2025\/09\/colar-prata-e-mocho-com-ambar.jpg","contentUrl":"https:\/\/irinasb.com\/wp-content\/uploads\/2025\/09\/colar-prata-e-mocho-com-ambar.jpg","width":800,"height":944},{"@type":"BreadcrumbList","@id":"https:\/\/irinasb.com\/produto\/colar-mocho-prata-e-ambar\/#breadcrumb","itemListElement":[{"@type":"ListItem","position":1,"name":"Home","item":"https:\/\/irinasb.com\/"},{"@type":"ListItem","position":2,"name":"Loja","item":"https:\/\/irinasb.com\/loja\/"},{"@type":"ListItem","position":3,"name":"Colar Mocho Prata e \u00c2mbar"}]},{"@type":"WebSite","@id":"https:\/\/irinasb.com\/#website","url":"https:\/\/irinasb.com\/","name":"IrinasB","description":"Handmade Dreams","publisher":{"@id":"https:\/\/irinasb.com\/#organization"},"potentialAction":[{"@type":"SearchAction","target":{"@type":"EntryPoint","urlTemplate":"https:\/\/irinasb.com\/?s={search_term_string}"},"query-input":{"@type":"PropertyValueSpecification","valueRequired":true,"valueName":"search_term_string"}}],"inLanguage":"en-GB"},{"@type":"Organization","@id":"https:\/\/irinasb.com\/#organization","name":"IrinasB","url":"https:\/\/irinasb.com\/","logo":{"@type":"ImageObject","inLanguage":"en-GB","@id":"https:\/\/irinasb.com\/#\/schema\/logo\/image\/","url":"https:\/\/irinasb.com\/wp-content\/uploads\/2016\/11\/logo.fw_.png","contentUrl":"https:\/\/irinasb.com\/wp-content\/uploads\/2016\/11\/logo.fw_.png","width":900,"height":453,"caption":"IrinasB"},"image":{"@id":"https:\/\/irinasb.com\/#\/schema\/logo\/image\/"}}]}},"_links":{"self":[{"href":"https:\/\/irinasb.com\/en\/wp-json\/wp\/v2\/product\/31702","targetHints":{"allow":["GET"]}}],"collection":[{"href":"https:\/\/irinasb.com\/en\/wp-json\/wp\/v2\/product"}],"about":[{"href":"https:\/\/irinasb.com\/en\/wp-json\/wp\/v2\/types\/product"}],"replies":[{"embeddable":true,"href":"https:\/\/irinasb.com\/en\/wp-json\/wp\/v2\/comments?post=31702"}],"wp:featuredmedia":[{"embeddable":true,"href":"https:\/\/irinasb.com\/en\/wp-json\/wp\/v2\/media\/33214"}],"wp:attachment":[{"href":"https:\/\/irinasb.com\/en\/wp-json\/wp\/v2\/media?parent=31702"}],"wp:term":[{"taxonomy":"product_brand","embeddable":true,"href":"https:\/\/irinasb.com\/en\/wp-json\/wp\/v2\/product_brand?post=31702"},{"taxonomy":"product_cat","embeddable":true,"href":"https:\/\/irinasb.com\/en\/wp-json\/wp\/v2\/product_cat?post=31702"},{"taxonomy":"product_tag","embeddable":true,"href":"https:\/\/irinasb.com\/en\/wp-json\/wp\/v2\/product_tag?post=31702"}],"curies":[{"name":"wp","href":"https:\/\/api.w.org\/{rel}","templated":true}]}}