{"id":31101,"date":"2025-05-20T17:56:40","date_gmt":"2025-05-20T17:56:40","guid":{"rendered":"https:\/\/irinasb.com\/?post_type=product&#038;p=31101"},"modified":"2025-08-29T11:14:27","modified_gmt":"2025-08-29T11:14:27","slug":"brinco-verde","status":"publish","type":"product","link":"https:\/\/irinasb.com\/en\/product\/brinco-verde\/","title":{"rendered":"Brincos Geom\u00e9tricos Verdes com Dourado"},"content":{"rendered":"<p class=\"\" data-start=\"540\" data-end=\"901\"><strong data-start=\"542\" data-end=\"555\">Material:<\/strong>\u00a0Lat\u00e3o com banho de ouro \u2013 durabilidade e brilho refinado<br data-start=\"612\" data-end=\"615\" \/><strong data-start=\"617\" data-end=\"646\">Acabamento lacado em verde<\/strong> \u2013 tom elegante que nunca sai de moda<br data-start=\"692\" data-end=\"695\" \/><strong data-start=\"697\" data-end=\"713\">Comprimento:<\/strong>\u00a05 cm \u2013 dimens\u00e3o ideal para real\u00e7ar o rosto sem exageros<br data-start=\"769\" data-end=\"772\" \/><strong data-start=\"774\" data-end=\"789\">Ultra leves<\/strong>\u00a0\u2013 conforto garantido ao longo de todo o dia<br data-start=\"833\" data-end=\"836\" \/><strong data-start=\"838\" data-end=\"857\">Design original<\/strong>\u00a0\u2013 criados com aten\u00e7\u00e3o aos detalhes<\/p>\n<h3 class=\"\" data-start=\"903\" data-end=\"944\"><strong data-start=\"907\" data-end=\"944\">Porque vais adorar estes brincos?<\/strong><\/h3>\n<p class=\"\" data-start=\"946\" data-end=\"1282\"><strong data-start=\"948\" data-end=\"972\">Vers\u00e1teis e modernos<\/strong>\u00a0\u2013 combinam facilmente com looks casuais ou mais formais<br data-start=\"1115\" data-end=\"1118\" \/><strong data-start=\"1120\" data-end=\"1152\">Cores neutras e sofisticadas<\/strong>\u00a0\u2013 perfeitas para qualquer esta\u00e7\u00e3o do ano<br data-start=\"1193\" data-end=\"1196\" \/><strong data-start=\"1198\" data-end=\"1222\">Ideais para oferecer<\/strong>\u00a0\u2013 um presente especial para mulheres elegantes e pr\u00e1ticas<\/p>\n<p class=\"\" data-start=\"1284\" data-end=\"1404\"><img decoding=\"async\" class=\"emoji\" role=\"img\" draggable=\"false\" src=\"https:\/\/s.w.org\/images\/core\/emoji\/15.0.3\/svg\/1f4a1.svg\" alt=\"\ud83d\udca1\" \/>\u00a0<strong data-start=\"1287\" data-end=\"1304\">Dica IrinasB:<\/strong> Usa os Brincos Verdes com cabelo apanhado para destacar o brilho dourado e o tom delicado do lacado!<\/p>","protected":false},"excerpt":{"rendered":"<p>Uma fus\u00e3o perfeita entre sofistica\u00e7\u00e3o, originalidade e leveza. Feitos em\u00a0<strong data-start=\"287\" data-end=\"314\">lat\u00e3o com banho de ouro<\/strong>\u00a0e\u00a0<strong data-start=\"317\" data-end=\"355\">lacados numa tonalidade verde<\/strong>, estes brincos s\u00e3o ideais para quem procura um acess\u00f3rio discreto mas marcante, que pode ser usado em qualquer ocasi\u00e3o.<\/p>","protected":false},"featured_media":31102,"comment_status":"closed","ping_status":"closed","template":"","meta":[],"product_brand":[],"product_cat":[188],"product_tag":[721,720],"class_list":{"0":"post-31101","1":"product","2":"type-product","3":"status-publish","4":"has-post-thumbnail","6":"product_cat-brincos","7":"product_tag-brincos-geometricos-lacados","8":"product_tag-brincos-verdes","10":"first","11":"outofstock","12":"shipping-taxable","13":"purchasable","14":"product-type-simple"},"yoast_head":"<!-- This site is optimized with the Yoast SEO plugin v26.2 - https:\/\/yoast.com\/wordpress\/plugins\/seo\/ -->\n<title>Brincos Geom\u00e9tricos Verdes com Dourado - IrinasB<\/title>\n<meta name=\"description\" content=\"Brincos geom\u00e9tricos em lat\u00e3o com banho de ouro lacados a verde.\" \/>\n<meta name=\"robots\" content=\"index, follow, max-snippet:-1, max-image-preview:large, max-video-preview:-1\" \/>\n<link rel=\"canonical\" href=\"https:\/\/irinasb.com\/en\/product\/brinco-verde\/\" \/>\n<meta property=\"og:locale\" content=\"en_GB\" \/>\n<meta property=\"og:type\" content=\"article\" \/>\n<meta property=\"og:title\" content=\"Brincos Geom\u00e9tricos Verdes com Dourado - IrinasB\" \/>\n<meta property=\"og:description\" content=\"Brincos geom\u00e9tricos em lat\u00e3o com banho de ouro lacados a verde.\" \/>\n<meta property=\"og:url\" content=\"https:\/\/irinasb.com\/en\/product\/brinco-verde\/\" \/>\n<meta property=\"og:site_name\" content=\"IrinasB\" \/>\n<meta property=\"article:modified_time\" content=\"2025-08-29T11:14:27+00:00\" \/>\n<meta property=\"og:image\" content=\"https:\/\/irinasb.com\/wp-content\/uploads\/2025\/05\/brinco-verde2.jpg\" \/>\n\t<meta property=\"og:image:width\" content=\"800\" \/>\n\t<meta property=\"og:image:height\" content=\"940\" \/>\n\t<meta property=\"og:image:type\" content=\"image\/jpeg\" \/>\n<meta name=\"twitter:card\" content=\"summary_large_image\" \/>\n<meta name=\"twitter:label1\" content=\"Estimated reading time\" \/>\n\t<meta name=\"twitter:data1\" content=\"1 minute\" \/>\n<script type=\"application\/ld+json\" class=\"yoast-schema-graph\">{\"@context\":\"https:\/\/schema.org\",\"@graph\":[{\"@type\":\"WebPage\",\"@id\":\"https:\/\/irinasb.com\/produto\/brinco-verde\/\",\"url\":\"https:\/\/irinasb.com\/produto\/brinco-verde\/\",\"name\":\"Brincos Geom\u00e9tricos Verdes com Dourado - IrinasB\",\"isPartOf\":{\"@id\":\"https:\/\/irinasb.com\/#website\"},\"primaryImageOfPage\":{\"@id\":\"https:\/\/irinasb.com\/produto\/brinco-verde\/#primaryimage\"},\"image\":{\"@id\":\"https:\/\/irinasb.com\/produto\/brinco-verde\/#primaryimage\"},\"thumbnailUrl\":\"https:\/\/irinasb.com\/wp-content\/uploads\/2025\/05\/brinco-verde2.jpg\",\"datePublished\":\"2025-05-20T17:56:40+00:00\",\"dateModified\":\"2025-08-29T11:14:27+00:00\",\"description\":\"Brincos geom\u00e9tricos em lat\u00e3o com banho de ouro lacados a verde.\",\"breadcrumb\":{\"@id\":\"https:\/\/irinasb.com\/produto\/brinco-verde\/#breadcrumb\"},\"inLanguage\":\"en-GB\",\"potentialAction\":[{\"@type\":\"ReadAction\",\"target\":[\"https:\/\/irinasb.com\/produto\/brinco-verde\/\"]}]},{\"@type\":\"ImageObject\",\"inLanguage\":\"en-GB\",\"@id\":\"https:\/\/irinasb.com\/produto\/brinco-verde\/#primaryimage\",\"url\":\"https:\/\/irinasb.com\/wp-content\/uploads\/2025\/05\/brinco-verde2.jpg\",\"contentUrl\":\"https:\/\/irinasb.com\/wp-content\/uploads\/2025\/05\/brinco-verde2.jpg\",\"width\":800,\"height\":940},{\"@type\":\"BreadcrumbList\",\"@id\":\"https:\/\/irinasb.com\/produto\/brinco-verde\/#breadcrumb\",\"itemListElement\":[{\"@type\":\"ListItem\",\"position\":1,\"name\":\"Home\",\"item\":\"https:\/\/irinasb.com\/\"},{\"@type\":\"ListItem\",\"position\":2,\"name\":\"Loja\",\"item\":\"https:\/\/irinasb.com\/loja\/\"},{\"@type\":\"ListItem\",\"position\":3,\"name\":\"Brincos Geom\u00e9tricos Verdes com Dourado\"}]},{\"@type\":\"WebSite\",\"@id\":\"https:\/\/irinasb.com\/#website\",\"url\":\"https:\/\/irinasb.com\/\",\"name\":\"IrinasB\",\"description\":\"Handmade Dreams\",\"publisher\":{\"@id\":\"https:\/\/irinasb.com\/#organization\"},\"potentialAction\":[{\"@type\":\"SearchAction\",\"target\":{\"@type\":\"EntryPoint\",\"urlTemplate\":\"https:\/\/irinasb.com\/?s={search_term_string}\"},\"query-input\":{\"@type\":\"PropertyValueSpecification\",\"valueRequired\":true,\"valueName\":\"search_term_string\"}}],\"inLanguage\":\"en-GB\"},{\"@type\":\"Organization\",\"@id\":\"https:\/\/irinasb.com\/#organization\",\"name\":\"IrinasB\",\"url\":\"https:\/\/irinasb.com\/\",\"logo\":{\"@type\":\"ImageObject\",\"inLanguage\":\"en-GB\",\"@id\":\"https:\/\/irinasb.com\/#\/schema\/logo\/image\/\",\"url\":\"https:\/\/irinasb.com\/wp-content\/uploads\/2016\/11\/logo.fw_.png\",\"contentUrl\":\"https:\/\/irinasb.com\/wp-content\/uploads\/2016\/11\/logo.fw_.png\",\"width\":900,\"height\":453,\"caption\":\"IrinasB\"},\"image\":{\"@id\":\"https:\/\/irinasb.com\/#\/schema\/logo\/image\/\"}}]}<\/script>\n<!-- \/ Yoast SEO plugin. -->","yoast_head_json":{"title":"Brincos Geom\u00e9tricos Verdes com Dourado - IrinasB","description":"Brincos geom\u00e9tricos em lat\u00e3o com banho de ouro lacados a verde.","robots":{"index":"index","follow":"follow","max-snippet":"max-snippet:-1","max-image-preview":"max-image-preview:large","max-video-preview":"max-video-preview:-1"},"canonical":"https:\/\/irinasb.com\/en\/product\/brinco-verde\/","og_locale":"en_GB","og_type":"article","og_title":"Brincos Geom\u00e9tricos Verdes com Dourado - IrinasB","og_description":"Brincos geom\u00e9tricos em lat\u00e3o com banho de ouro lacados a verde.","og_url":"https:\/\/irinasb.com\/en\/product\/brinco-verde\/","og_site_name":"IrinasB","article_modified_time":"2025-08-29T11:14:27+00:00","og_image":[{"width":800,"height":940,"url":"https:\/\/irinasb.com\/wp-content\/uploads\/2025\/05\/brinco-verde2.jpg","type":"image\/jpeg"}],"twitter_card":"summary_large_image","twitter_misc":{"Estimated reading time":"1 minute"},"schema":{"@context":"https:\/\/schema.org","@graph":[{"@type":"WebPage","@id":"https:\/\/irinasb.com\/produto\/brinco-verde\/","url":"https:\/\/irinasb.com\/produto\/brinco-verde\/","name":"Brincos Geom\u00e9tricos Verdes com Dourado - IrinasB","isPartOf":{"@id":"https:\/\/irinasb.com\/#website"},"primaryImageOfPage":{"@id":"https:\/\/irinasb.com\/produto\/brinco-verde\/#primaryimage"},"image":{"@id":"https:\/\/irinasb.com\/produto\/brinco-verde\/#primaryimage"},"thumbnailUrl":"https:\/\/irinasb.com\/wp-content\/uploads\/2025\/05\/brinco-verde2.jpg","datePublished":"2025-05-20T17:56:40+00:00","dateModified":"2025-08-29T11:14:27+00:00","description":"Brincos geom\u00e9tricos em lat\u00e3o com banho de ouro lacados a verde.","breadcrumb":{"@id":"https:\/\/irinasb.com\/produto\/brinco-verde\/#breadcrumb"},"inLanguage":"en-GB","potentialAction":[{"@type":"ReadAction","target":["https:\/\/irinasb.com\/produto\/brinco-verde\/"]}]},{"@type":"ImageObject","inLanguage":"en-GB","@id":"https:\/\/irinasb.com\/produto\/brinco-verde\/#primaryimage","url":"https:\/\/irinasb.com\/wp-content\/uploads\/2025\/05\/brinco-verde2.jpg","contentUrl":"https:\/\/irinasb.com\/wp-content\/uploads\/2025\/05\/brinco-verde2.jpg","width":800,"height":940},{"@type":"BreadcrumbList","@id":"https:\/\/irinasb.com\/produto\/brinco-verde\/#breadcrumb","itemListElement":[{"@type":"ListItem","position":1,"name":"Home","item":"https:\/\/irinasb.com\/"},{"@type":"ListItem","position":2,"name":"Loja","item":"https:\/\/irinasb.com\/loja\/"},{"@type":"ListItem","position":3,"name":"Brincos Geom\u00e9tricos Verdes com Dourado"}]},{"@type":"WebSite","@id":"https:\/\/irinasb.com\/#website","url":"https:\/\/irinasb.com\/","name":"IrinasB","description":"Handmade Dreams","publisher":{"@id":"https:\/\/irinasb.com\/#organization"},"potentialAction":[{"@type":"SearchAction","target":{"@type":"EntryPoint","urlTemplate":"https:\/\/irinasb.com\/?s={search_term_string}"},"query-input":{"@type":"PropertyValueSpecification","valueRequired":true,"valueName":"search_term_string"}}],"inLanguage":"en-GB"},{"@type":"Organization","@id":"https:\/\/irinasb.com\/#organization","name":"IrinasB","url":"https:\/\/irinasb.com\/","logo":{"@type":"ImageObject","inLanguage":"en-GB","@id":"https:\/\/irinasb.com\/#\/schema\/logo\/image\/","url":"https:\/\/irinasb.com\/wp-content\/uploads\/2016\/11\/logo.fw_.png","contentUrl":"https:\/\/irinasb.com\/wp-content\/uploads\/2016\/11\/logo.fw_.png","width":900,"height":453,"caption":"IrinasB"},"image":{"@id":"https:\/\/irinasb.com\/#\/schema\/logo\/image\/"}}]}},"_links":{"self":[{"href":"https:\/\/irinasb.com\/en\/wp-json\/wp\/v2\/product\/31101","targetHints":{"allow":["GET"]}}],"collection":[{"href":"https:\/\/irinasb.com\/en\/wp-json\/wp\/v2\/product"}],"about":[{"href":"https:\/\/irinasb.com\/en\/wp-json\/wp\/v2\/types\/product"}],"replies":[{"embeddable":true,"href":"https:\/\/irinasb.com\/en\/wp-json\/wp\/v2\/comments?post=31101"}],"wp:featuredmedia":[{"embeddable":true,"href":"https:\/\/irinasb.com\/en\/wp-json\/wp\/v2\/media\/31102"}],"wp:attachment":[{"href":"https:\/\/irinasb.com\/en\/wp-json\/wp\/v2\/media?parent=31101"}],"wp:term":[{"taxonomy":"product_brand","embeddable":true,"href":"https:\/\/irinasb.com\/en\/wp-json\/wp\/v2\/product_brand?post=31101"},{"taxonomy":"product_cat","embeddable":true,"href":"https:\/\/irinasb.com\/en\/wp-json\/wp\/v2\/product_cat?post=31101"},{"taxonomy":"product_tag","embeddable":true,"href":"https:\/\/irinasb.com\/en\/wp-json\/wp\/v2\/product_tag?post=31101"}],"curies":[{"name":"wp","href":"https:\/\/api.w.org\/{rel}","templated":true}]}}