{"id":30754,"date":"2025-04-02T13:43:45","date_gmt":"2025-04-02T13:43:45","guid":{"rendered":"https:\/\/irinasb.com\/?post_type=product&#038;p=30754"},"modified":"2025-05-23T09:21:36","modified_gmt":"2025-05-23T09:21:36","slug":"porta-chaves-apito","status":"publish","type":"product","link":"https:\/\/irinasb.com\/en\/product\/porta-chaves-apito\/","title":{"rendered":"Porta Chaves Apito para Homem"},"content":{"rendered":"<p class=\"\" data-start=\"376\" data-end=\"672\"><strong data-start=\"378\" data-end=\"398\">Design Criativo:<\/strong> Formato de apito que adiciona um detalhe moderno e divertido ao seu porta-chaves.<br data-start=\"480\" data-end=\"483\" \/>\u2714 <strong data-start=\"485\" data-end=\"509\">Material Resistente:<\/strong> Fabricado com materiais de qualidade para garantir durabilidade.<\/p>\n<h5 data-start=\"674\" data-end=\"719\"><strong data-start=\"678\" data-end=\"717\">Por Que Escolher Este Porta-Chaves?<\/strong><\/h5>\n<p class=\"\" data-start=\"720\" data-end=\"994\">\ud83d\udd39 <strong data-start=\"723\" data-end=\"740\">Diferenciado:<\/strong> Um acess\u00f3rio \u00fanico que se destaca pelo seu design criativo.<br data-start=\"800\" data-end=\"803\" \/>\ud83d\udd39 <strong data-start=\"806\" data-end=\"834\">\u00d3tima Op\u00e7\u00e3o de Presente:<\/strong> Ideal para oferecer a amigos e familiares que apreciam pe\u00e7as originais.<br data-start=\"906\" data-end=\"909\" \/>\ud83d\udd39 <strong data-start=\"912\" data-end=\"937\">Organiza\u00e7\u00e3o e Estilo:<\/strong> Mant\u00e9m as suas chaves seguras com um detalhe elegante.<\/p>","protected":false},"excerpt":{"rendered":"<p>Um presente original para quem admira desporto.<\/p>\n<p>Apesar do seu design inspirado num apito, trata-se apenas de um elemento decorativo, perfeito para complementar as suas chaves com um toque original.<\/p>","protected":false},"featured_media":30755,"comment_status":"closed","ping_status":"closed","template":"","meta":[],"product_brand":[],"product_cat":[289],"product_tag":[659,660,599],"class_list":{"0":"post-30754","1":"product","2":"type-product","3":"status-publish","4":"has-post-thumbnail","6":"product_cat-homem","7":"product_tag-porta-chaves","8":"product_tag-porta-chaves-martelo","9":"product_tag-presente-homem","11":"first","12":"instock","13":"shipping-taxable","14":"purchasable","15":"product-type-simple"},"yoast_head":"<!-- This site is optimized with the Yoast SEO plugin v26.2 - https:\/\/yoast.com\/wordpress\/plugins\/seo\/ -->\n<title>Porta Chaves Apito para Homem - IrinasB<\/title>\n<meta name=\"robots\" content=\"index, follow, max-snippet:-1, max-image-preview:large, max-video-preview:-1\" \/>\n<link rel=\"canonical\" href=\"https:\/\/irinasb.com\/en\/product\/porta-chaves-apito\/\" \/>\n<meta property=\"og:locale\" content=\"en_GB\" \/>\n<meta property=\"og:type\" content=\"article\" \/>\n<meta property=\"og:title\" content=\"Porta Chaves Apito para Homem - IrinasB\" \/>\n<meta property=\"og:description\" content=\"Um presente original para quem admira desporto.  Apesar do seu design inspirado num apito, trata-se apenas de um elemento decorativo, perfeito para complementar as suas chaves com um toque original.\" \/>\n<meta property=\"og:url\" content=\"https:\/\/irinasb.com\/en\/product\/porta-chaves-apito\/\" \/>\n<meta property=\"og:site_name\" content=\"IrinasB\" \/>\n<meta property=\"article:modified_time\" content=\"2025-05-23T09:21:36+00:00\" \/>\n<meta property=\"og:image\" content=\"https:\/\/irinasb.com\/wp-content\/uploads\/2025\/04\/PORTA-CHAVES-MARTELO-3.jpg\" \/>\n\t<meta property=\"og:image:width\" content=\"800\" \/>\n\t<meta property=\"og:image:height\" content=\"935\" \/>\n\t<meta property=\"og:image:type\" content=\"image\/jpeg\" \/>\n<meta name=\"twitter:card\" content=\"summary_large_image\" \/>\n<meta name=\"twitter:label1\" content=\"Estimated reading time\" \/>\n\t<meta name=\"twitter:data1\" content=\"1 minute\" \/>\n<script type=\"application\/ld+json\" class=\"yoast-schema-graph\">{\"@context\":\"https:\/\/schema.org\",\"@graph\":[{\"@type\":\"WebPage\",\"@id\":\"https:\/\/irinasb.com\/produto\/porta-chaves-apito\/\",\"url\":\"https:\/\/irinasb.com\/produto\/porta-chaves-apito\/\",\"name\":\"Porta Chaves Apito para Homem - IrinasB\",\"isPartOf\":{\"@id\":\"https:\/\/irinasb.com\/#website\"},\"primaryImageOfPage\":{\"@id\":\"https:\/\/irinasb.com\/produto\/porta-chaves-apito\/#primaryimage\"},\"image\":{\"@id\":\"https:\/\/irinasb.com\/produto\/porta-chaves-apito\/#primaryimage\"},\"thumbnailUrl\":\"https:\/\/irinasb.com\/wp-content\/uploads\/2025\/04\/PORTA-CHAVES-MARTELO-3.jpg\",\"datePublished\":\"2025-04-02T13:43:45+00:00\",\"dateModified\":\"2025-05-23T09:21:36+00:00\",\"breadcrumb\":{\"@id\":\"https:\/\/irinasb.com\/produto\/porta-chaves-apito\/#breadcrumb\"},\"inLanguage\":\"en-GB\",\"potentialAction\":[{\"@type\":\"ReadAction\",\"target\":[\"https:\/\/irinasb.com\/produto\/porta-chaves-apito\/\"]}]},{\"@type\":\"ImageObject\",\"inLanguage\":\"en-GB\",\"@id\":\"https:\/\/irinasb.com\/produto\/porta-chaves-apito\/#primaryimage\",\"url\":\"https:\/\/irinasb.com\/wp-content\/uploads\/2025\/04\/PORTA-CHAVES-MARTELO-3.jpg\",\"contentUrl\":\"https:\/\/irinasb.com\/wp-content\/uploads\/2025\/04\/PORTA-CHAVES-MARTELO-3.jpg\",\"width\":800,\"height\":935},{\"@type\":\"BreadcrumbList\",\"@id\":\"https:\/\/irinasb.com\/produto\/porta-chaves-apito\/#breadcrumb\",\"itemListElement\":[{\"@type\":\"ListItem\",\"position\":1,\"name\":\"Home\",\"item\":\"https:\/\/irinasb.com\/\"},{\"@type\":\"ListItem\",\"position\":2,\"name\":\"Loja\",\"item\":\"https:\/\/irinasb.com\/loja\/\"},{\"@type\":\"ListItem\",\"position\":3,\"name\":\"Porta Chaves Apito para Homem\"}]},{\"@type\":\"WebSite\",\"@id\":\"https:\/\/irinasb.com\/#website\",\"url\":\"https:\/\/irinasb.com\/\",\"name\":\"IrinasB\",\"description\":\"Handmade Dreams\",\"publisher\":{\"@id\":\"https:\/\/irinasb.com\/#organization\"},\"potentialAction\":[{\"@type\":\"SearchAction\",\"target\":{\"@type\":\"EntryPoint\",\"urlTemplate\":\"https:\/\/irinasb.com\/?s={search_term_string}\"},\"query-input\":{\"@type\":\"PropertyValueSpecification\",\"valueRequired\":true,\"valueName\":\"search_term_string\"}}],\"inLanguage\":\"en-GB\"},{\"@type\":\"Organization\",\"@id\":\"https:\/\/irinasb.com\/#organization\",\"name\":\"IrinasB\",\"url\":\"https:\/\/irinasb.com\/\",\"logo\":{\"@type\":\"ImageObject\",\"inLanguage\":\"en-GB\",\"@id\":\"https:\/\/irinasb.com\/#\/schema\/logo\/image\/\",\"url\":\"https:\/\/irinasb.com\/wp-content\/uploads\/2016\/11\/logo.fw_.png\",\"contentUrl\":\"https:\/\/irinasb.com\/wp-content\/uploads\/2016\/11\/logo.fw_.png\",\"width\":900,\"height\":453,\"caption\":\"IrinasB\"},\"image\":{\"@id\":\"https:\/\/irinasb.com\/#\/schema\/logo\/image\/\"}}]}<\/script>\n<!-- \/ Yoast SEO plugin. -->","yoast_head_json":{"title":"Porta Chaves Apito para Homem - IrinasB","robots":{"index":"index","follow":"follow","max-snippet":"max-snippet:-1","max-image-preview":"max-image-preview:large","max-video-preview":"max-video-preview:-1"},"canonical":"https:\/\/irinasb.com\/en\/product\/porta-chaves-apito\/","og_locale":"en_GB","og_type":"article","og_title":"Porta Chaves Apito para Homem - IrinasB","og_description":"Um presente original para quem admira desporto.  Apesar do seu design inspirado num apito, trata-se apenas de um elemento decorativo, perfeito para complementar as suas chaves com um toque original.","og_url":"https:\/\/irinasb.com\/en\/product\/porta-chaves-apito\/","og_site_name":"IrinasB","article_modified_time":"2025-05-23T09:21:36+00:00","og_image":[{"width":800,"height":935,"url":"https:\/\/irinasb.com\/wp-content\/uploads\/2025\/04\/PORTA-CHAVES-MARTELO-3.jpg","type":"image\/jpeg"}],"twitter_card":"summary_large_image","twitter_misc":{"Estimated reading time":"1 minute"},"schema":{"@context":"https:\/\/schema.org","@graph":[{"@type":"WebPage","@id":"https:\/\/irinasb.com\/produto\/porta-chaves-apito\/","url":"https:\/\/irinasb.com\/produto\/porta-chaves-apito\/","name":"Porta Chaves Apito para Homem - IrinasB","isPartOf":{"@id":"https:\/\/irinasb.com\/#website"},"primaryImageOfPage":{"@id":"https:\/\/irinasb.com\/produto\/porta-chaves-apito\/#primaryimage"},"image":{"@id":"https:\/\/irinasb.com\/produto\/porta-chaves-apito\/#primaryimage"},"thumbnailUrl":"https:\/\/irinasb.com\/wp-content\/uploads\/2025\/04\/PORTA-CHAVES-MARTELO-3.jpg","datePublished":"2025-04-02T13:43:45+00:00","dateModified":"2025-05-23T09:21:36+00:00","breadcrumb":{"@id":"https:\/\/irinasb.com\/produto\/porta-chaves-apito\/#breadcrumb"},"inLanguage":"en-GB","potentialAction":[{"@type":"ReadAction","target":["https:\/\/irinasb.com\/produto\/porta-chaves-apito\/"]}]},{"@type":"ImageObject","inLanguage":"en-GB","@id":"https:\/\/irinasb.com\/produto\/porta-chaves-apito\/#primaryimage","url":"https:\/\/irinasb.com\/wp-content\/uploads\/2025\/04\/PORTA-CHAVES-MARTELO-3.jpg","contentUrl":"https:\/\/irinasb.com\/wp-content\/uploads\/2025\/04\/PORTA-CHAVES-MARTELO-3.jpg","width":800,"height":935},{"@type":"BreadcrumbList","@id":"https:\/\/irinasb.com\/produto\/porta-chaves-apito\/#breadcrumb","itemListElement":[{"@type":"ListItem","position":1,"name":"Home","item":"https:\/\/irinasb.com\/"},{"@type":"ListItem","position":2,"name":"Loja","item":"https:\/\/irinasb.com\/loja\/"},{"@type":"ListItem","position":3,"name":"Porta Chaves Apito para Homem"}]},{"@type":"WebSite","@id":"https:\/\/irinasb.com\/#website","url":"https:\/\/irinasb.com\/","name":"IrinasB","description":"Handmade Dreams","publisher":{"@id":"https:\/\/irinasb.com\/#organization"},"potentialAction":[{"@type":"SearchAction","target":{"@type":"EntryPoint","urlTemplate":"https:\/\/irinasb.com\/?s={search_term_string}"},"query-input":{"@type":"PropertyValueSpecification","valueRequired":true,"valueName":"search_term_string"}}],"inLanguage":"en-GB"},{"@type":"Organization","@id":"https:\/\/irinasb.com\/#organization","name":"IrinasB","url":"https:\/\/irinasb.com\/","logo":{"@type":"ImageObject","inLanguage":"en-GB","@id":"https:\/\/irinasb.com\/#\/schema\/logo\/image\/","url":"https:\/\/irinasb.com\/wp-content\/uploads\/2016\/11\/logo.fw_.png","contentUrl":"https:\/\/irinasb.com\/wp-content\/uploads\/2016\/11\/logo.fw_.png","width":900,"height":453,"caption":"IrinasB"},"image":{"@id":"https:\/\/irinasb.com\/#\/schema\/logo\/image\/"}}]}},"_links":{"self":[{"href":"https:\/\/irinasb.com\/en\/wp-json\/wp\/v2\/product\/30754","targetHints":{"allow":["GET"]}}],"collection":[{"href":"https:\/\/irinasb.com\/en\/wp-json\/wp\/v2\/product"}],"about":[{"href":"https:\/\/irinasb.com\/en\/wp-json\/wp\/v2\/types\/product"}],"replies":[{"embeddable":true,"href":"https:\/\/irinasb.com\/en\/wp-json\/wp\/v2\/comments?post=30754"}],"wp:featuredmedia":[{"embeddable":true,"href":"https:\/\/irinasb.com\/en\/wp-json\/wp\/v2\/media\/30755"}],"wp:attachment":[{"href":"https:\/\/irinasb.com\/en\/wp-json\/wp\/v2\/media?parent=30754"}],"wp:term":[{"taxonomy":"product_brand","embeddable":true,"href":"https:\/\/irinasb.com\/en\/wp-json\/wp\/v2\/product_brand?post=30754"},{"taxonomy":"product_cat","embeddable":true,"href":"https:\/\/irinasb.com\/en\/wp-json\/wp\/v2\/product_cat?post=30754"},{"taxonomy":"product_tag","embeddable":true,"href":"https:\/\/irinasb.com\/en\/wp-json\/wp\/v2\/product_tag?post=30754"}],"curies":[{"name":"wp","href":"https:\/\/api.w.org\/{rel}","templated":true}]}}