{"id":30653,"date":"2025-03-25T18:04:15","date_gmt":"2025-03-25T18:04:15","guid":{"rendered":"https:\/\/irinasb.com\/?post_type=product&#038;p=30653"},"modified":"2026-03-09T13:18:47","modified_gmt":"2026-03-09T13:18:47","slug":"pulseira-pedras-hematite-homem","status":"publish","type":"product","link":"https:\/\/irinasb.com\/en\/product\/pulseira-pedras-hematite-homem\/","title":{"rendered":"Pulseira Hematita"},"content":{"rendered":"<ul data-start=\"219\" data-end=\"545\">\n<li class=\"\" data-start=\"219\" data-end=\"324\">\n<p class=\"\" data-start=\"221\" data-end=\"324\"><strong data-start=\"221\" data-end=\"242\">Design Artesanal:<\/strong> Produzi<span class=\"relative -mx-px my-[-0.2rem] rounded px-px py-[0.2rem]\">da \u00e0 m\u00e3o utilizando a t\u00e9cnica de macram\u00e9, esta pulseira destaca-se pela sua durabilidade e acabamento refinado.<\/span>\u200b<\/p>\n<\/li>\n<li class=\"\" data-start=\"325\" data-end=\"441\">\n<p class=\"\" data-start=\"327\" data-end=\"441\"><strong data-start=\"327\" data-end=\"359\">Pedras Naturais de Hematite:<\/strong> <span class=\"relative -mx-px my-[-0.2rem] rounded px-px py-[0.2rem]\">Conhecidas pelas suas propriedades de prote\u00e7\u00e3o e fortalecimento da autoconfian\u00e7a, as pedras de hematite conferem um toque distintivo e energ\u00e9tico \u00e0 pe\u00e7a.<\/span>\u200b<\/p>\n<\/li>\n<li class=\"\" data-start=\"442\" data-end=\"545\">\n<p class=\"\" data-start=\"444\" data-end=\"545\"><strong data-start=\"444\" data-end=\"463\">Ajustabilidade:<\/strong> <span class=\"relative -mx-px my-[-0.2rem] rounded px-px py-[0.2rem]\">O fecho deslizante permite ajustar facilmente a pulseira ao tamanho do seu pulso, garantindo conforto e adaptabilidade.<\/span>\u200b<\/p>\n<\/li>\n<\/ul>\n<p class=\"\" data-start=\"547\" data-end=\"706\"><strong data-start=\"547\" data-end=\"582\">Por Que Escolher Esta Pulseira?<\/strong> <span class=\"relative -mx-px my-[-0.2rem] rounded px-px py-[0.2rem]\">Al\u00e9m de ser um complemento elegante para qualquer ocasi\u00e3o, a pulseira com pedras de hematite \u00e9 valorizada pelas suas propriedades energ\u00e9ticas.<\/span> <span class=\"relative -mx-px my-[-0.2rem] rounded px-px py-[0.2rem]\">Acredita-se que a hematite ajuda a dissipar energias negativas e promove a clareza mental, tornando-a perfeita para quem procura equil\u00edbrio e foco no dia a dia.<\/span>\u200b<\/p>\n<p class=\"\" data-start=\"708\" data-end=\"855\"><strong data-start=\"708\" data-end=\"729\">Sugest\u00f5es de Uso:<\/strong> <span class=\"relative -mx-px my-[-0.2rem] rounded px-px py-[0.2rem]\">Esta pulseira vers\u00e1til pode ser usada sozinha ou combinada com outros acess\u00f3rios para criar um visual personalizado.<\/span> <span class=\"relative -mx-px my-[-0.2rem] rounded px-px py-[0.2rem]\">\u00c9 uma excelente op\u00e7\u00e3o de presente para homens que apreciam joias com significado e estilo.<\/span><\/p>","protected":false},"excerpt":{"rendered":"<p>Pedra da for\u00e7a e prote\u00e7\u00e3o pessoal.<\/p>","protected":false},"featured_media":30654,"comment_status":"closed","ping_status":"closed","template":"","meta":[],"product_brand":[],"product_cat":[289],"product_tag":[639,636],"class_list":{"0":"post-30653","1":"product","2":"type-product","3":"status-publish","4":"has-post-thumbnail","6":"product_cat-homem","7":"product_tag-pulseira-com-pedras-hematite","8":"product_tag-pulseira-de-homem","10":"first","11":"instock","12":"shipping-taxable","13":"purchasable","14":"product-type-simple"},"yoast_head":"<!-- This site is optimized with the Yoast SEO plugin v26.2 - https:\/\/yoast.com\/wordpress\/plugins\/seo\/ -->\n<title>Pulseira Hematita - IrinasB<\/title>\n<meta name=\"robots\" content=\"index, follow, max-snippet:-1, max-image-preview:large, max-video-preview:-1\" \/>\n<link rel=\"canonical\" href=\"https:\/\/irinasb.com\/en\/product\/pulseira-pedras-hematite-homem\/\" \/>\n<meta property=\"og:locale\" content=\"en_GB\" \/>\n<meta property=\"og:type\" content=\"article\" \/>\n<meta property=\"og:title\" content=\"Pulseira Hematita - IrinasB\" \/>\n<meta property=\"og:description\" content=\"Pedra da for\u00e7a e prote\u00e7\u00e3o pessoal.\" \/>\n<meta property=\"og:url\" content=\"https:\/\/irinasb.com\/en\/product\/pulseira-pedras-hematite-homem\/\" \/>\n<meta property=\"og:site_name\" content=\"IrinasB\" \/>\n<meta property=\"article:modified_time\" content=\"2026-03-09T13:18:47+00:00\" \/>\n<meta property=\"og:image\" content=\"https:\/\/irinasb.com\/wp-content\/uploads\/2025\/03\/pulseira-homem-pedras-hematite.jpg\" \/>\n\t<meta property=\"og:image:width\" content=\"800\" \/>\n\t<meta property=\"og:image:height\" content=\"942\" \/>\n\t<meta property=\"og:image:type\" content=\"image\/jpeg\" \/>\n<meta name=\"twitter:card\" content=\"summary_large_image\" \/>\n<meta name=\"twitter:label1\" content=\"Estimated reading time\" \/>\n\t<meta name=\"twitter:data1\" content=\"2 minutes\" \/>\n<script type=\"application\/ld+json\" class=\"yoast-schema-graph\">{\"@context\":\"https:\/\/schema.org\",\"@graph\":[{\"@type\":\"WebPage\",\"@id\":\"https:\/\/irinasb.com\/produto\/pulseira-pedras-hematite-homem\/\",\"url\":\"https:\/\/irinasb.com\/produto\/pulseira-pedras-hematite-homem\/\",\"name\":\"Pulseira Hematita - IrinasB\",\"isPartOf\":{\"@id\":\"https:\/\/irinasb.com\/#website\"},\"primaryImageOfPage\":{\"@id\":\"https:\/\/irinasb.com\/produto\/pulseira-pedras-hematite-homem\/#primaryimage\"},\"image\":{\"@id\":\"https:\/\/irinasb.com\/produto\/pulseira-pedras-hematite-homem\/#primaryimage\"},\"thumbnailUrl\":\"https:\/\/irinasb.com\/wp-content\/uploads\/2025\/03\/pulseira-homem-pedras-hematite.jpg\",\"datePublished\":\"2025-03-25T18:04:15+00:00\",\"dateModified\":\"2026-03-09T13:18:47+00:00\",\"breadcrumb\":{\"@id\":\"https:\/\/irinasb.com\/produto\/pulseira-pedras-hematite-homem\/#breadcrumb\"},\"inLanguage\":\"en-GB\",\"potentialAction\":[{\"@type\":\"ReadAction\",\"target\":[\"https:\/\/irinasb.com\/produto\/pulseira-pedras-hematite-homem\/\"]}]},{\"@type\":\"ImageObject\",\"inLanguage\":\"en-GB\",\"@id\":\"https:\/\/irinasb.com\/produto\/pulseira-pedras-hematite-homem\/#primaryimage\",\"url\":\"https:\/\/irinasb.com\/wp-content\/uploads\/2025\/03\/pulseira-homem-pedras-hematite.jpg\",\"contentUrl\":\"https:\/\/irinasb.com\/wp-content\/uploads\/2025\/03\/pulseira-homem-pedras-hematite.jpg\",\"width\":800,\"height\":942,\"caption\":\"PULSEIRA DE HOMEM\"},{\"@type\":\"BreadcrumbList\",\"@id\":\"https:\/\/irinasb.com\/produto\/pulseira-pedras-hematite-homem\/#breadcrumb\",\"itemListElement\":[{\"@type\":\"ListItem\",\"position\":1,\"name\":\"Home\",\"item\":\"https:\/\/irinasb.com\/\"},{\"@type\":\"ListItem\",\"position\":2,\"name\":\"Loja\",\"item\":\"https:\/\/irinasb.com\/loja\/\"},{\"@type\":\"ListItem\",\"position\":3,\"name\":\"Pulseira Hematita\"}]},{\"@type\":\"WebSite\",\"@id\":\"https:\/\/irinasb.com\/#website\",\"url\":\"https:\/\/irinasb.com\/\",\"name\":\"IrinasB\",\"description\":\"Handmade Dreams\",\"publisher\":{\"@id\":\"https:\/\/irinasb.com\/#organization\"},\"potentialAction\":[{\"@type\":\"SearchAction\",\"target\":{\"@type\":\"EntryPoint\",\"urlTemplate\":\"https:\/\/irinasb.com\/?s={search_term_string}\"},\"query-input\":{\"@type\":\"PropertyValueSpecification\",\"valueRequired\":true,\"valueName\":\"search_term_string\"}}],\"inLanguage\":\"en-GB\"},{\"@type\":\"Organization\",\"@id\":\"https:\/\/irinasb.com\/#organization\",\"name\":\"IrinasB\",\"url\":\"https:\/\/irinasb.com\/\",\"logo\":{\"@type\":\"ImageObject\",\"inLanguage\":\"en-GB\",\"@id\":\"https:\/\/irinasb.com\/#\/schema\/logo\/image\/\",\"url\":\"https:\/\/irinasb.com\/wp-content\/uploads\/2016\/11\/logo.fw_.png\",\"contentUrl\":\"https:\/\/irinasb.com\/wp-content\/uploads\/2016\/11\/logo.fw_.png\",\"width\":900,\"height\":453,\"caption\":\"IrinasB\"},\"image\":{\"@id\":\"https:\/\/irinasb.com\/#\/schema\/logo\/image\/\"}}]}<\/script>\n<!-- \/ Yoast SEO plugin. -->","yoast_head_json":{"title":"Pulseira Hematita - IrinasB","robots":{"index":"index","follow":"follow","max-snippet":"max-snippet:-1","max-image-preview":"max-image-preview:large","max-video-preview":"max-video-preview:-1"},"canonical":"https:\/\/irinasb.com\/en\/product\/pulseira-pedras-hematite-homem\/","og_locale":"en_GB","og_type":"article","og_title":"Pulseira Hematita - IrinasB","og_description":"Pedra da for\u00e7a e prote\u00e7\u00e3o pessoal.","og_url":"https:\/\/irinasb.com\/en\/product\/pulseira-pedras-hematite-homem\/","og_site_name":"IrinasB","article_modified_time":"2026-03-09T13:18:47+00:00","og_image":[{"width":800,"height":942,"url":"https:\/\/irinasb.com\/wp-content\/uploads\/2025\/03\/pulseira-homem-pedras-hematite.jpg","type":"image\/jpeg"}],"twitter_card":"summary_large_image","twitter_misc":{"Estimated reading time":"2 minutes"},"schema":{"@context":"https:\/\/schema.org","@graph":[{"@type":"WebPage","@id":"https:\/\/irinasb.com\/produto\/pulseira-pedras-hematite-homem\/","url":"https:\/\/irinasb.com\/produto\/pulseira-pedras-hematite-homem\/","name":"Pulseira Hematita - IrinasB","isPartOf":{"@id":"https:\/\/irinasb.com\/#website"},"primaryImageOfPage":{"@id":"https:\/\/irinasb.com\/produto\/pulseira-pedras-hematite-homem\/#primaryimage"},"image":{"@id":"https:\/\/irinasb.com\/produto\/pulseira-pedras-hematite-homem\/#primaryimage"},"thumbnailUrl":"https:\/\/irinasb.com\/wp-content\/uploads\/2025\/03\/pulseira-homem-pedras-hematite.jpg","datePublished":"2025-03-25T18:04:15+00:00","dateModified":"2026-03-09T13:18:47+00:00","breadcrumb":{"@id":"https:\/\/irinasb.com\/produto\/pulseira-pedras-hematite-homem\/#breadcrumb"},"inLanguage":"en-GB","potentialAction":[{"@type":"ReadAction","target":["https:\/\/irinasb.com\/produto\/pulseira-pedras-hematite-homem\/"]}]},{"@type":"ImageObject","inLanguage":"en-GB","@id":"https:\/\/irinasb.com\/produto\/pulseira-pedras-hematite-homem\/#primaryimage","url":"https:\/\/irinasb.com\/wp-content\/uploads\/2025\/03\/pulseira-homem-pedras-hematite.jpg","contentUrl":"https:\/\/irinasb.com\/wp-content\/uploads\/2025\/03\/pulseira-homem-pedras-hematite.jpg","width":800,"height":942,"caption":"PULSEIRA DE HOMEM"},{"@type":"BreadcrumbList","@id":"https:\/\/irinasb.com\/produto\/pulseira-pedras-hematite-homem\/#breadcrumb","itemListElement":[{"@type":"ListItem","position":1,"name":"Home","item":"https:\/\/irinasb.com\/"},{"@type":"ListItem","position":2,"name":"Loja","item":"https:\/\/irinasb.com\/loja\/"},{"@type":"ListItem","position":3,"name":"Pulseira Hematita"}]},{"@type":"WebSite","@id":"https:\/\/irinasb.com\/#website","url":"https:\/\/irinasb.com\/","name":"IrinasB","description":"Handmade Dreams","publisher":{"@id":"https:\/\/irinasb.com\/#organization"},"potentialAction":[{"@type":"SearchAction","target":{"@type":"EntryPoint","urlTemplate":"https:\/\/irinasb.com\/?s={search_term_string}"},"query-input":{"@type":"PropertyValueSpecification","valueRequired":true,"valueName":"search_term_string"}}],"inLanguage":"en-GB"},{"@type":"Organization","@id":"https:\/\/irinasb.com\/#organization","name":"IrinasB","url":"https:\/\/irinasb.com\/","logo":{"@type":"ImageObject","inLanguage":"en-GB","@id":"https:\/\/irinasb.com\/#\/schema\/logo\/image\/","url":"https:\/\/irinasb.com\/wp-content\/uploads\/2016\/11\/logo.fw_.png","contentUrl":"https:\/\/irinasb.com\/wp-content\/uploads\/2016\/11\/logo.fw_.png","width":900,"height":453,"caption":"IrinasB"},"image":{"@id":"https:\/\/irinasb.com\/#\/schema\/logo\/image\/"}}]}},"_links":{"self":[{"href":"https:\/\/irinasb.com\/en\/wp-json\/wp\/v2\/product\/30653","targetHints":{"allow":["GET"]}}],"collection":[{"href":"https:\/\/irinasb.com\/en\/wp-json\/wp\/v2\/product"}],"about":[{"href":"https:\/\/irinasb.com\/en\/wp-json\/wp\/v2\/types\/product"}],"replies":[{"embeddable":true,"href":"https:\/\/irinasb.com\/en\/wp-json\/wp\/v2\/comments?post=30653"}],"wp:featuredmedia":[{"embeddable":true,"href":"https:\/\/irinasb.com\/en\/wp-json\/wp\/v2\/media\/30654"}],"wp:attachment":[{"href":"https:\/\/irinasb.com\/en\/wp-json\/wp\/v2\/media?parent=30653"}],"wp:term":[{"taxonomy":"product_brand","embeddable":true,"href":"https:\/\/irinasb.com\/en\/wp-json\/wp\/v2\/product_brand?post=30653"},{"taxonomy":"product_cat","embeddable":true,"href":"https:\/\/irinasb.com\/en\/wp-json\/wp\/v2\/product_cat?post=30653"},{"taxonomy":"product_tag","embeddable":true,"href":"https:\/\/irinasb.com\/en\/wp-json\/wp\/v2\/product_tag?post=30653"}],"curies":[{"name":"wp","href":"https:\/\/api.w.org\/{rel}","templated":true}]}}