{"id":30648,"date":"2025-03-25T17:49:06","date_gmt":"2025-03-25T17:49:06","guid":{"rendered":"https:\/\/irinasb.com\/?post_type=product&#038;p=30648"},"modified":"2026-03-09T13:19:10","modified_gmt":"2026-03-09T13:19:10","slug":"pulseira-olho-de-tigre-homem","status":"publish","type":"product","link":"https:\/\/irinasb.com\/en\/product\/pulseira-olho-de-tigre-homem\/","title":{"rendered":"Pulseira Olho de Tigre"},"content":{"rendered":"<ul data-start=\"213\" data-end=\"544\">\n<li class=\"\" data-start=\"213\" data-end=\"318\">\n<p class=\"\" data-start=\"215\" data-end=\"318\"><strong data-start=\"215\" data-end=\"236\">Design Artesanal:<\/strong> <span class=\"relative -mx-px my-[-0.2rem] rounded px-px py-[0.2rem]\">Elaborada \u00e0 m\u00e3o com t\u00e9cnica de macram\u00ea, garantindo durabilidade e um acabamento sofisticado.<\/span>\u200b<\/p>\n<\/li>\n<li class=\"\" data-start=\"319\" data-end=\"440\">\n<p class=\"\" data-start=\"321\" data-end=\"440\"><strong data-start=\"321\" data-end=\"358\">Pedras Naturais de Olho de Tigre:<\/strong> <span class=\"relative -mx-px my-[-0.2rem] rounded px-px py-[0.2rem]\">Conhecidas por promoverem prote\u00e7\u00e3o e confian\u00e7a, as pedras de Olho de Tigre adicionam um toque de energia positiva ao seu dia a dia.<\/span>\u200b<\/p>\n<\/li>\n<li class=\"\" data-start=\"441\" data-end=\"544\">\n<p class=\"\" data-start=\"443\" data-end=\"544\"><strong data-start=\"443\" data-end=\"462\">Ajustabilidade:<\/strong> <span class=\"relative -mx-px my-[-0.2rem] rounded px-px py-[0.2rem]\">O fecho deslizante permite ajustar a pulseira ao tamanho do seu pulso, assegurando conforto e adaptabilidade.<\/span>\u200b<\/p>\n<\/li>\n<\/ul>\n<p class=\"\" data-start=\"546\" data-end=\"705\"><strong data-start=\"546\" data-end=\"581\">Por Que Escolher Esta Pulseira?<\/strong> <span class=\"relative -mx-px my-[-0.2rem] rounded px-px py-[0.2rem]\">Al\u00e9m de ser um acess\u00f3rio elegante, a pulseira com pedras de Olho de Tigre \u00e9 valorizada por suas propriedades energ\u00e9ticas.<\/span> <span class=\"relative -mx-px my-[-0.2rem] rounded px-px py-[0.2rem]\">Acredita-se que esta pedra auxilia na dissipa\u00e7\u00e3o de energias negativas e no aumento da autoconfian\u00e7a e prosperidade, tornando-a ideal para quem busca equil\u00edbrio e bem-estar.<\/span>\u200b<\/p>\n<p class=\"\" data-start=\"707\" data-end=\"854\"><strong data-start=\"707\" data-end=\"728\">Sugest\u00f5es de Uso:<\/strong> <span class=\"relative -mx-px my-[-0.2rem] rounded px-px py-[0.2rem]\">Combine esta pulseira com outros acess\u00f3rios de pedras naturais para criar um visual harmonioso e cheio de significado.<\/span> <span class=\"relative -mx-px my-[-0.2rem] rounded px-px py-[0.2rem]\">Perfeita para uso di\u00e1rio ou para presentear algu\u00e9m especial que aprecia joias com prop\u00f3sito.<\/span><\/p>","protected":false},"excerpt":{"rendered":"<p>Pedra da prote\u00e7\u00e3o e prosperidade!<\/p>","protected":false},"featured_media":30649,"comment_status":"closed","ping_status":"closed","template":"","meta":[],"product_brand":[],"product_cat":[289],"product_tag":[638,636,637],"class_list":{"0":"post-30648","1":"product","2":"type-product","3":"status-publish","4":"has-post-thumbnail","6":"product_cat-homem","7":"product_tag-olho-de-tigre","8":"product_tag-pulseira-de-homem","9":"product_tag-pulseira-pedras-olho-de-tigre","11":"first","12":"instock","13":"shipping-taxable","14":"purchasable","15":"product-type-simple"},"yoast_head":"<!-- This site is optimized with the Yoast SEO plugin v26.2 - https:\/\/yoast.com\/wordpress\/plugins\/seo\/ -->\n<title>Pulseira Olho de Tigre - IrinasB<\/title>\n<meta name=\"robots\" content=\"index, follow, max-snippet:-1, max-image-preview:large, max-video-preview:-1\" \/>\n<link rel=\"canonical\" href=\"https:\/\/irinasb.com\/en\/product\/pulseira-olho-de-tigre-homem\/\" \/>\n<meta property=\"og:locale\" content=\"en_GB\" \/>\n<meta property=\"og:type\" content=\"article\" \/>\n<meta property=\"og:title\" content=\"Pulseira Olho de Tigre - IrinasB\" \/>\n<meta property=\"og:description\" content=\"Pedra da prote\u00e7\u00e3o e prosperidade!\" \/>\n<meta property=\"og:url\" content=\"https:\/\/irinasb.com\/en\/product\/pulseira-olho-de-tigre-homem\/\" \/>\n<meta property=\"og:site_name\" content=\"IrinasB\" \/>\n<meta property=\"article:modified_time\" content=\"2026-03-09T13:19:10+00:00\" \/>\n<meta property=\"og:image\" content=\"https:\/\/irinasb.com\/wp-content\/uploads\/2025\/03\/pulseira-homem-olho-de-trigre.jpg\" \/>\n\t<meta property=\"og:image:width\" content=\"800\" \/>\n\t<meta property=\"og:image:height\" content=\"928\" \/>\n\t<meta property=\"og:image:type\" content=\"image\/jpeg\" \/>\n<meta name=\"twitter:card\" content=\"summary_large_image\" \/>\n<meta name=\"twitter:label1\" content=\"Estimated reading time\" \/>\n\t<meta name=\"twitter:data1\" content=\"2 minutes\" \/>\n<script type=\"application\/ld+json\" class=\"yoast-schema-graph\">{\"@context\":\"https:\/\/schema.org\",\"@graph\":[{\"@type\":\"WebPage\",\"@id\":\"https:\/\/irinasb.com\/produto\/pulseira-olho-de-tigre-homem\/\",\"url\":\"https:\/\/irinasb.com\/produto\/pulseira-olho-de-tigre-homem\/\",\"name\":\"Pulseira Olho de Tigre - IrinasB\",\"isPartOf\":{\"@id\":\"https:\/\/irinasb.com\/#website\"},\"primaryImageOfPage\":{\"@id\":\"https:\/\/irinasb.com\/produto\/pulseira-olho-de-tigre-homem\/#primaryimage\"},\"image\":{\"@id\":\"https:\/\/irinasb.com\/produto\/pulseira-olho-de-tigre-homem\/#primaryimage\"},\"thumbnailUrl\":\"https:\/\/irinasb.com\/wp-content\/uploads\/2025\/03\/pulseira-homem-olho-de-trigre.jpg\",\"datePublished\":\"2025-03-25T17:49:06+00:00\",\"dateModified\":\"2026-03-09T13:19:10+00:00\",\"breadcrumb\":{\"@id\":\"https:\/\/irinasb.com\/produto\/pulseira-olho-de-tigre-homem\/#breadcrumb\"},\"inLanguage\":\"en-GB\",\"potentialAction\":[{\"@type\":\"ReadAction\",\"target\":[\"https:\/\/irinasb.com\/produto\/pulseira-olho-de-tigre-homem\/\"]}]},{\"@type\":\"ImageObject\",\"inLanguage\":\"en-GB\",\"@id\":\"https:\/\/irinasb.com\/produto\/pulseira-olho-de-tigre-homem\/#primaryimage\",\"url\":\"https:\/\/irinasb.com\/wp-content\/uploads\/2025\/03\/pulseira-homem-olho-de-trigre.jpg\",\"contentUrl\":\"https:\/\/irinasb.com\/wp-content\/uploads\/2025\/03\/pulseira-homem-olho-de-trigre.jpg\",\"width\":800,\"height\":928,\"caption\":\"pulseira olho de tigre\"},{\"@type\":\"BreadcrumbList\",\"@id\":\"https:\/\/irinasb.com\/produto\/pulseira-olho-de-tigre-homem\/#breadcrumb\",\"itemListElement\":[{\"@type\":\"ListItem\",\"position\":1,\"name\":\"Home\",\"item\":\"https:\/\/irinasb.com\/\"},{\"@type\":\"ListItem\",\"position\":2,\"name\":\"Loja\",\"item\":\"https:\/\/irinasb.com\/loja\/\"},{\"@type\":\"ListItem\",\"position\":3,\"name\":\"Pulseira Olho de Tigre\"}]},{\"@type\":\"WebSite\",\"@id\":\"https:\/\/irinasb.com\/#website\",\"url\":\"https:\/\/irinasb.com\/\",\"name\":\"IrinasB\",\"description\":\"Handmade Dreams\",\"publisher\":{\"@id\":\"https:\/\/irinasb.com\/#organization\"},\"potentialAction\":[{\"@type\":\"SearchAction\",\"target\":{\"@type\":\"EntryPoint\",\"urlTemplate\":\"https:\/\/irinasb.com\/?s={search_term_string}\"},\"query-input\":{\"@type\":\"PropertyValueSpecification\",\"valueRequired\":true,\"valueName\":\"search_term_string\"}}],\"inLanguage\":\"en-GB\"},{\"@type\":\"Organization\",\"@id\":\"https:\/\/irinasb.com\/#organization\",\"name\":\"IrinasB\",\"url\":\"https:\/\/irinasb.com\/\",\"logo\":{\"@type\":\"ImageObject\",\"inLanguage\":\"en-GB\",\"@id\":\"https:\/\/irinasb.com\/#\/schema\/logo\/image\/\",\"url\":\"https:\/\/irinasb.com\/wp-content\/uploads\/2016\/11\/logo.fw_.png\",\"contentUrl\":\"https:\/\/irinasb.com\/wp-content\/uploads\/2016\/11\/logo.fw_.png\",\"width\":900,\"height\":453,\"caption\":\"IrinasB\"},\"image\":{\"@id\":\"https:\/\/irinasb.com\/#\/schema\/logo\/image\/\"}}]}<\/script>\n<!-- \/ Yoast SEO plugin. -->","yoast_head_json":{"title":"Pulseira Olho de Tigre - IrinasB","robots":{"index":"index","follow":"follow","max-snippet":"max-snippet:-1","max-image-preview":"max-image-preview:large","max-video-preview":"max-video-preview:-1"},"canonical":"https:\/\/irinasb.com\/en\/product\/pulseira-olho-de-tigre-homem\/","og_locale":"en_GB","og_type":"article","og_title":"Pulseira Olho de Tigre - IrinasB","og_description":"Pedra da prote\u00e7\u00e3o e prosperidade!","og_url":"https:\/\/irinasb.com\/en\/product\/pulseira-olho-de-tigre-homem\/","og_site_name":"IrinasB","article_modified_time":"2026-03-09T13:19:10+00:00","og_image":[{"width":800,"height":928,"url":"https:\/\/irinasb.com\/wp-content\/uploads\/2025\/03\/pulseira-homem-olho-de-trigre.jpg","type":"image\/jpeg"}],"twitter_card":"summary_large_image","twitter_misc":{"Estimated reading time":"2 minutes"},"schema":{"@context":"https:\/\/schema.org","@graph":[{"@type":"WebPage","@id":"https:\/\/irinasb.com\/produto\/pulseira-olho-de-tigre-homem\/","url":"https:\/\/irinasb.com\/produto\/pulseira-olho-de-tigre-homem\/","name":"Pulseira Olho de Tigre - IrinasB","isPartOf":{"@id":"https:\/\/irinasb.com\/#website"},"primaryImageOfPage":{"@id":"https:\/\/irinasb.com\/produto\/pulseira-olho-de-tigre-homem\/#primaryimage"},"image":{"@id":"https:\/\/irinasb.com\/produto\/pulseira-olho-de-tigre-homem\/#primaryimage"},"thumbnailUrl":"https:\/\/irinasb.com\/wp-content\/uploads\/2025\/03\/pulseira-homem-olho-de-trigre.jpg","datePublished":"2025-03-25T17:49:06+00:00","dateModified":"2026-03-09T13:19:10+00:00","breadcrumb":{"@id":"https:\/\/irinasb.com\/produto\/pulseira-olho-de-tigre-homem\/#breadcrumb"},"inLanguage":"en-GB","potentialAction":[{"@type":"ReadAction","target":["https:\/\/irinasb.com\/produto\/pulseira-olho-de-tigre-homem\/"]}]},{"@type":"ImageObject","inLanguage":"en-GB","@id":"https:\/\/irinasb.com\/produto\/pulseira-olho-de-tigre-homem\/#primaryimage","url":"https:\/\/irinasb.com\/wp-content\/uploads\/2025\/03\/pulseira-homem-olho-de-trigre.jpg","contentUrl":"https:\/\/irinasb.com\/wp-content\/uploads\/2025\/03\/pulseira-homem-olho-de-trigre.jpg","width":800,"height":928,"caption":"pulseira olho de tigre"},{"@type":"BreadcrumbList","@id":"https:\/\/irinasb.com\/produto\/pulseira-olho-de-tigre-homem\/#breadcrumb","itemListElement":[{"@type":"ListItem","position":1,"name":"Home","item":"https:\/\/irinasb.com\/"},{"@type":"ListItem","position":2,"name":"Loja","item":"https:\/\/irinasb.com\/loja\/"},{"@type":"ListItem","position":3,"name":"Pulseira Olho de Tigre"}]},{"@type":"WebSite","@id":"https:\/\/irinasb.com\/#website","url":"https:\/\/irinasb.com\/","name":"IrinasB","description":"Handmade Dreams","publisher":{"@id":"https:\/\/irinasb.com\/#organization"},"potentialAction":[{"@type":"SearchAction","target":{"@type":"EntryPoint","urlTemplate":"https:\/\/irinasb.com\/?s={search_term_string}"},"query-input":{"@type":"PropertyValueSpecification","valueRequired":true,"valueName":"search_term_string"}}],"inLanguage":"en-GB"},{"@type":"Organization","@id":"https:\/\/irinasb.com\/#organization","name":"IrinasB","url":"https:\/\/irinasb.com\/","logo":{"@type":"ImageObject","inLanguage":"en-GB","@id":"https:\/\/irinasb.com\/#\/schema\/logo\/image\/","url":"https:\/\/irinasb.com\/wp-content\/uploads\/2016\/11\/logo.fw_.png","contentUrl":"https:\/\/irinasb.com\/wp-content\/uploads\/2016\/11\/logo.fw_.png","width":900,"height":453,"caption":"IrinasB"},"image":{"@id":"https:\/\/irinasb.com\/#\/schema\/logo\/image\/"}}]}},"_links":{"self":[{"href":"https:\/\/irinasb.com\/en\/wp-json\/wp\/v2\/product\/30648","targetHints":{"allow":["GET"]}}],"collection":[{"href":"https:\/\/irinasb.com\/en\/wp-json\/wp\/v2\/product"}],"about":[{"href":"https:\/\/irinasb.com\/en\/wp-json\/wp\/v2\/types\/product"}],"replies":[{"embeddable":true,"href":"https:\/\/irinasb.com\/en\/wp-json\/wp\/v2\/comments?post=30648"}],"wp:featuredmedia":[{"embeddable":true,"href":"https:\/\/irinasb.com\/en\/wp-json\/wp\/v2\/media\/30649"}],"wp:attachment":[{"href":"https:\/\/irinasb.com\/en\/wp-json\/wp\/v2\/media?parent=30648"}],"wp:term":[{"taxonomy":"product_brand","embeddable":true,"href":"https:\/\/irinasb.com\/en\/wp-json\/wp\/v2\/product_brand?post=30648"},{"taxonomy":"product_cat","embeddable":true,"href":"https:\/\/irinasb.com\/en\/wp-json\/wp\/v2\/product_cat?post=30648"},{"taxonomy":"product_tag","embeddable":true,"href":"https:\/\/irinasb.com\/en\/wp-json\/wp\/v2\/product_tag?post=30648"}],"curies":[{"name":"wp","href":"https:\/\/api.w.org\/{rel}","templated":true}]}}