{"id":30622,"date":"2025-03-24T18:55:16","date_gmt":"2025-03-24T18:55:16","guid":{"rendered":"https:\/\/irinasb.com\/?post_type=product&#038;p=30622"},"modified":"2025-11-21T18:28:36","modified_gmt":"2025-11-21T18:28:36","slug":"ginkgo-biloba-2","status":"publish","type":"product","link":"https:\/\/irinasb.com\/en\/product\/ginkgo-biloba-2\/","title":{"rendered":"Colar Bord\u00f4 e folha Ginkgo Biloba"},"content":{"rendered":"<h3 class=\"\" data-start=\"508\" data-end=\"549\"><strong data-start=\"512\" data-end=\"547\">Detalhes que fazem a diferen\u00e7a:<\/strong><\/h3>\n<p class=\"\" data-start=\"550\" data-end=\"909\">\u2714 <strong data-start=\"552\" data-end=\"579\">Flores em corti\u00e7a bord\u00f4<\/strong> \u2013 Sustent\u00e1vel, leve e confort\u00e1vel de usar.<br data-start=\"622\" data-end=\"625\" \/>\u2714 <strong data-start=\"627\" data-end=\"660\">Bordado \u00e0 m\u00e3o com lantejoulas<\/strong> \u2013 Reflexos elegantes que acrescentam sofistica\u00e7\u00e3o.<br data-start=\"711\" data-end=\"714\" \/>\u2714 <strong data-start=\"716\" data-end=\"743\">Feito \u00e0 m\u00e3o em Portugal<\/strong> \u2013 Pe\u00e7a artesanal exclusiva, com um toque de tradi\u00e7\u00e3o.<br data-start=\"797\" data-end=\"800\" \/>\u2714 <strong data-start=\"802\" data-end=\"831\">Colar vers\u00e1til e marcante<\/strong> \u2013 Perfeito para eventos especiais ou para dar um brilho extra ao dia a dia.<\/p>\n<h3 class=\"\" data-start=\"911\" data-end=\"951\"><strong data-start=\"915\" data-end=\"949\">Porque vais adorar este colar?<\/strong><\/h3>\n<p class=\"\" data-start=\"952\" data-end=\"1282\"><strong data-start=\"954\" data-end=\"971\">Exclusividade<\/strong> \u2013 Cada pe\u00e7a \u00e9 feita \u00e0 m\u00e3o, tornando-a \u00fanica.<\/p>\n<p class=\"\" data-start=\"952\" data-end=\"1282\"><strong data-start=\"1021\" data-end=\"1041\">Sustentabilidade<\/strong> \u2013 A corti\u00e7a \u00e9 um material ecol\u00f3gico e leve.<br data-start=\"1085\" data-end=\"1088\" \/><strong data-start=\"1090\" data-end=\"1116\">Brilho na medida certa<\/strong> \u2013 As lantejoulas bordadas conferem sofistica\u00e7\u00e3o sem exagero.<br data-start=\"1177\" data-end=\"1180\" \/><strong data-start=\"1182\" data-end=\"1203\">Presente especial<\/strong> \u2013 Ideal para surpreender algu\u00e9m que adora acess\u00f3rios originais e artesanais.<\/p>\n<p class=\"\" data-start=\"1284\" data-end=\"1384\">\ud83d\udca1 <strong data-start=\"1287\" data-end=\"1304\">Dica IrinasB:<\/strong> Combina este colar com brincos discretos para um look equilibrado e elegante!<\/p>","protected":false},"excerpt":{"rendered":"<p>Inspirado na folha da \u00e1rvore <strong data-start=\"368\" data-end=\"385\">Ginkgo Biloba<\/strong>, s\u00edmbolo de resist\u00eancia e longevidade, este colar destaca-se pela sua originalidade e pelo seu design artesanal \u00fanico.<\/p>","protected":false},"featured_media":30627,"comment_status":"closed","ping_status":"closed","template":"","meta":[],"product_brand":[],"product_cat":[186],"product_tag":[621,622,560],"class_list":{"0":"post-30622","1":"product","2":"type-product","3":"status-publish","4":"has-post-thumbnail","6":"product_cat-maxicolares","7":"product_tag-colar-bordo","8":"product_tag-colar-bordo-e-dourado","9":"product_tag-colar-folha-ginkgo-biloba","11":"first","12":"outofstock","13":"shipping-taxable","14":"purchasable","15":"product-type-simple"},"yoast_head":"<!-- This site is optimized with the Yoast SEO plugin v26.2 - https:\/\/yoast.com\/wordpress\/plugins\/seo\/ -->\n<title>Colar Bord\u00f4 e folha Ginkgo Biloba - IrinasB<\/title>\n<meta name=\"robots\" content=\"index, follow, max-snippet:-1, max-image-preview:large, max-video-preview:-1\" \/>\n<link rel=\"canonical\" href=\"https:\/\/irinasb.com\/en\/product\/ginkgo-biloba-2\/\" \/>\n<meta property=\"og:locale\" content=\"en_GB\" \/>\n<meta property=\"og:type\" content=\"article\" \/>\n<meta property=\"og:title\" content=\"Colar Bord\u00f4 e folha Ginkgo Biloba - IrinasB\" \/>\n<meta property=\"og:description\" content=\"Inspirado na folha da \u00e1rvore Ginkgo Biloba, s\u00edmbolo de resist\u00eancia e longevidade, este colar destaca-se pela sua originalidade e pelo seu design artesanal \u00fanico.\" \/>\n<meta property=\"og:url\" content=\"https:\/\/irinasb.com\/en\/product\/ginkgo-biloba-2\/\" \/>\n<meta property=\"og:site_name\" content=\"IrinasB\" \/>\n<meta property=\"article:modified_time\" content=\"2025-11-21T18:28:36+00:00\" \/>\n<meta property=\"og:image\" content=\"https:\/\/irinasb.com\/wp-content\/uploads\/2025\/03\/colar-bordo-ginkgo-biloba3.jpg\" \/>\n\t<meta property=\"og:image:width\" content=\"800\" \/>\n\t<meta property=\"og:image:height\" content=\"934\" \/>\n\t<meta property=\"og:image:type\" content=\"image\/jpeg\" \/>\n<meta name=\"twitter:card\" content=\"summary_large_image\" \/>\n<meta name=\"twitter:label1\" content=\"Estimated reading time\" \/>\n\t<meta name=\"twitter:data1\" content=\"1 minute\" \/>\n<script type=\"application\/ld+json\" class=\"yoast-schema-graph\">{\"@context\":\"https:\/\/schema.org\",\"@graph\":[{\"@type\":\"WebPage\",\"@id\":\"https:\/\/irinasb.com\/produto\/ginkgo-biloba-2\/\",\"url\":\"https:\/\/irinasb.com\/produto\/ginkgo-biloba-2\/\",\"name\":\"Colar Bord\u00f4 e folha Ginkgo Biloba - IrinasB\",\"isPartOf\":{\"@id\":\"https:\/\/irinasb.com\/#website\"},\"primaryImageOfPage\":{\"@id\":\"https:\/\/irinasb.com\/produto\/ginkgo-biloba-2\/#primaryimage\"},\"image\":{\"@id\":\"https:\/\/irinasb.com\/produto\/ginkgo-biloba-2\/#primaryimage\"},\"thumbnailUrl\":\"https:\/\/irinasb.com\/wp-content\/uploads\/2025\/03\/colar-bordo-ginkgo-biloba3.jpg\",\"datePublished\":\"2025-03-24T18:55:16+00:00\",\"dateModified\":\"2025-11-21T18:28:36+00:00\",\"breadcrumb\":{\"@id\":\"https:\/\/irinasb.com\/produto\/ginkgo-biloba-2\/#breadcrumb\"},\"inLanguage\":\"en-GB\",\"potentialAction\":[{\"@type\":\"ReadAction\",\"target\":[\"https:\/\/irinasb.com\/produto\/ginkgo-biloba-2\/\"]}]},{\"@type\":\"ImageObject\",\"inLanguage\":\"en-GB\",\"@id\":\"https:\/\/irinasb.com\/produto\/ginkgo-biloba-2\/#primaryimage\",\"url\":\"https:\/\/irinasb.com\/wp-content\/uploads\/2025\/03\/colar-bordo-ginkgo-biloba3.jpg\",\"contentUrl\":\"https:\/\/irinasb.com\/wp-content\/uploads\/2025\/03\/colar-bordo-ginkgo-biloba3.jpg\",\"width\":800,\"height\":934,\"caption\":\"colar bord\u00f4 e dourado\"},{\"@type\":\"BreadcrumbList\",\"@id\":\"https:\/\/irinasb.com\/produto\/ginkgo-biloba-2\/#breadcrumb\",\"itemListElement\":[{\"@type\":\"ListItem\",\"position\":1,\"name\":\"Home\",\"item\":\"https:\/\/irinasb.com\/\"},{\"@type\":\"ListItem\",\"position\":2,\"name\":\"Loja\",\"item\":\"https:\/\/irinasb.com\/loja\/\"},{\"@type\":\"ListItem\",\"position\":3,\"name\":\"Colar Bord\u00f4 e folha Ginkgo Biloba\"}]},{\"@type\":\"WebSite\",\"@id\":\"https:\/\/irinasb.com\/#website\",\"url\":\"https:\/\/irinasb.com\/\",\"name\":\"IrinasB\",\"description\":\"Handmade Dreams\",\"publisher\":{\"@id\":\"https:\/\/irinasb.com\/#organization\"},\"potentialAction\":[{\"@type\":\"SearchAction\",\"target\":{\"@type\":\"EntryPoint\",\"urlTemplate\":\"https:\/\/irinasb.com\/?s={search_term_string}\"},\"query-input\":{\"@type\":\"PropertyValueSpecification\",\"valueRequired\":true,\"valueName\":\"search_term_string\"}}],\"inLanguage\":\"en-GB\"},{\"@type\":\"Organization\",\"@id\":\"https:\/\/irinasb.com\/#organization\",\"name\":\"IrinasB\",\"url\":\"https:\/\/irinasb.com\/\",\"logo\":{\"@type\":\"ImageObject\",\"inLanguage\":\"en-GB\",\"@id\":\"https:\/\/irinasb.com\/#\/schema\/logo\/image\/\",\"url\":\"https:\/\/irinasb.com\/wp-content\/uploads\/2016\/11\/logo.fw_.png\",\"contentUrl\":\"https:\/\/irinasb.com\/wp-content\/uploads\/2016\/11\/logo.fw_.png\",\"width\":900,\"height\":453,\"caption\":\"IrinasB\"},\"image\":{\"@id\":\"https:\/\/irinasb.com\/#\/schema\/logo\/image\/\"}}]}<\/script>\n<!-- \/ Yoast SEO plugin. -->","yoast_head_json":{"title":"Colar Bord\u00f4 e folha Ginkgo Biloba - IrinasB","robots":{"index":"index","follow":"follow","max-snippet":"max-snippet:-1","max-image-preview":"max-image-preview:large","max-video-preview":"max-video-preview:-1"},"canonical":"https:\/\/irinasb.com\/en\/product\/ginkgo-biloba-2\/","og_locale":"en_GB","og_type":"article","og_title":"Colar Bord\u00f4 e folha Ginkgo Biloba - IrinasB","og_description":"Inspirado na folha da \u00e1rvore Ginkgo Biloba, s\u00edmbolo de resist\u00eancia e longevidade, este colar destaca-se pela sua originalidade e pelo seu design artesanal \u00fanico.","og_url":"https:\/\/irinasb.com\/en\/product\/ginkgo-biloba-2\/","og_site_name":"IrinasB","article_modified_time":"2025-11-21T18:28:36+00:00","og_image":[{"width":800,"height":934,"url":"https:\/\/irinasb.com\/wp-content\/uploads\/2025\/03\/colar-bordo-ginkgo-biloba3.jpg","type":"image\/jpeg"}],"twitter_card":"summary_large_image","twitter_misc":{"Estimated reading time":"1 minute"},"schema":{"@context":"https:\/\/schema.org","@graph":[{"@type":"WebPage","@id":"https:\/\/irinasb.com\/produto\/ginkgo-biloba-2\/","url":"https:\/\/irinasb.com\/produto\/ginkgo-biloba-2\/","name":"Colar Bord\u00f4 e folha Ginkgo Biloba - IrinasB","isPartOf":{"@id":"https:\/\/irinasb.com\/#website"},"primaryImageOfPage":{"@id":"https:\/\/irinasb.com\/produto\/ginkgo-biloba-2\/#primaryimage"},"image":{"@id":"https:\/\/irinasb.com\/produto\/ginkgo-biloba-2\/#primaryimage"},"thumbnailUrl":"https:\/\/irinasb.com\/wp-content\/uploads\/2025\/03\/colar-bordo-ginkgo-biloba3.jpg","datePublished":"2025-03-24T18:55:16+00:00","dateModified":"2025-11-21T18:28:36+00:00","breadcrumb":{"@id":"https:\/\/irinasb.com\/produto\/ginkgo-biloba-2\/#breadcrumb"},"inLanguage":"en-GB","potentialAction":[{"@type":"ReadAction","target":["https:\/\/irinasb.com\/produto\/ginkgo-biloba-2\/"]}]},{"@type":"ImageObject","inLanguage":"en-GB","@id":"https:\/\/irinasb.com\/produto\/ginkgo-biloba-2\/#primaryimage","url":"https:\/\/irinasb.com\/wp-content\/uploads\/2025\/03\/colar-bordo-ginkgo-biloba3.jpg","contentUrl":"https:\/\/irinasb.com\/wp-content\/uploads\/2025\/03\/colar-bordo-ginkgo-biloba3.jpg","width":800,"height":934,"caption":"colar bord\u00f4 e dourado"},{"@type":"BreadcrumbList","@id":"https:\/\/irinasb.com\/produto\/ginkgo-biloba-2\/#breadcrumb","itemListElement":[{"@type":"ListItem","position":1,"name":"Home","item":"https:\/\/irinasb.com\/"},{"@type":"ListItem","position":2,"name":"Loja","item":"https:\/\/irinasb.com\/loja\/"},{"@type":"ListItem","position":3,"name":"Colar Bord\u00f4 e folha Ginkgo Biloba"}]},{"@type":"WebSite","@id":"https:\/\/irinasb.com\/#website","url":"https:\/\/irinasb.com\/","name":"IrinasB","description":"Handmade Dreams","publisher":{"@id":"https:\/\/irinasb.com\/#organization"},"potentialAction":[{"@type":"SearchAction","target":{"@type":"EntryPoint","urlTemplate":"https:\/\/irinasb.com\/?s={search_term_string}"},"query-input":{"@type":"PropertyValueSpecification","valueRequired":true,"valueName":"search_term_string"}}],"inLanguage":"en-GB"},{"@type":"Organization","@id":"https:\/\/irinasb.com\/#organization","name":"IrinasB","url":"https:\/\/irinasb.com\/","logo":{"@type":"ImageObject","inLanguage":"en-GB","@id":"https:\/\/irinasb.com\/#\/schema\/logo\/image\/","url":"https:\/\/irinasb.com\/wp-content\/uploads\/2016\/11\/logo.fw_.png","contentUrl":"https:\/\/irinasb.com\/wp-content\/uploads\/2016\/11\/logo.fw_.png","width":900,"height":453,"caption":"IrinasB"},"image":{"@id":"https:\/\/irinasb.com\/#\/schema\/logo\/image\/"}}]}},"_links":{"self":[{"href":"https:\/\/irinasb.com\/en\/wp-json\/wp\/v2\/product\/30622","targetHints":{"allow":["GET"]}}],"collection":[{"href":"https:\/\/irinasb.com\/en\/wp-json\/wp\/v2\/product"}],"about":[{"href":"https:\/\/irinasb.com\/en\/wp-json\/wp\/v2\/types\/product"}],"replies":[{"embeddable":true,"href":"https:\/\/irinasb.com\/en\/wp-json\/wp\/v2\/comments?post=30622"}],"wp:featuredmedia":[{"embeddable":true,"href":"https:\/\/irinasb.com\/en\/wp-json\/wp\/v2\/media\/30627"}],"wp:attachment":[{"href":"https:\/\/irinasb.com\/en\/wp-json\/wp\/v2\/media?parent=30622"}],"wp:term":[{"taxonomy":"product_brand","embeddable":true,"href":"https:\/\/irinasb.com\/en\/wp-json\/wp\/v2\/product_brand?post=30622"},{"taxonomy":"product_cat","embeddable":true,"href":"https:\/\/irinasb.com\/en\/wp-json\/wp\/v2\/product_cat?post=30622"},{"taxonomy":"product_tag","embeddable":true,"href":"https:\/\/irinasb.com\/en\/wp-json\/wp\/v2\/product_tag?post=30622"}],"curies":[{"name":"wp","href":"https:\/\/api.w.org\/{rel}","templated":true}]}}