{"id":30536,"date":"2025-03-07T12:16:29","date_gmt":"2025-03-07T12:16:29","guid":{"rendered":"https:\/\/irinasb.com\/?post_type=product&#038;p=30536"},"modified":"2026-02-02T21:38:35","modified_gmt":"2026-02-02T21:38:35","slug":"colar-protecao-trevo-figa-dourad","status":"publish","type":"product","link":"https:\/\/irinasb.com\/en\/product\/colar-protecao-trevo-figa-dourad\/","title":{"rendered":"Colar Prote\u00e7\u00e3o Dourado"},"content":{"rendered":"<p data-start=\"651\" data-end=\"915\">Uma pe\u00e7a delicada e cheia de simbolismo que combina eleg\u00e2ncia e significado. Feito em\u00a0<strong data-start=\"253\" data-end=\"271\">a\u00e7o inoxid\u00e1vel<\/strong>\u00a0de alta qualidade, este colar apresenta dois pendentes especiais: um\u00a0<strong data-start=\"341\" data-end=\"367\">trevo de quatro folhas<\/strong>, s\u00edmbolo de sorte, e uma\u00a0<strong data-start=\"393\" data-end=\"401\">figa<\/strong>, tradicionalmente associada \u00e0 prote\u00e7\u00e3o contra energias negativas.<\/p>\n<p data-start=\"651\" data-end=\"915\"><strong data-start=\"706\" data-end=\"719\">Material:<\/strong>\u00a0A\u00e7o inoxid\u00e1vel resistente e duradouro<br data-start=\"757\" data-end=\"760\" \/><strong data-start=\"762\" data-end=\"775\">Pendente:<\/strong>\u00a0Trevo e figa para sorte e prote\u00e7\u00e3o<br data-start=\"810\" data-end=\"813\" \/><strong data-start=\"815\" data-end=\"823\">Cor:<\/strong>\u00a0Prateado elegante e vers\u00e1til<br data-start=\"852\" data-end=\"855\" \/><strong data-start=\"857\" data-end=\"868\">Estilo:\u00a0<\/strong>Minimalista, sofisticado e f\u00e1cil de combinar<\/p>\n<p data-start=\"651\" data-end=\"915\"><strong data-start=\"857\" data-end=\"868\">Comprimento:<\/strong>\u00a040 cm + 4 cm de ajuste<\/p>\n<p data-start=\"917\" data-end=\"956\"><strong data-start=\"920\" data-end=\"954\">Porque vais adorar este colar?<\/strong><\/p>\n<ul data-start=\"957\" data-end=\"1132\">\n<li data-start=\"957\" data-end=\"1023\">Ideal para quem acredita no poder dos\u00a0<strong data-start=\"997\" data-end=\"1021\">amuletos de prote\u00e7\u00e3o<\/strong><\/li>\n<li data-start=\"1024\" data-end=\"1071\">Um acess\u00f3rio perfeito para qualquer ocasi\u00e3o<\/li>\n<li data-start=\"1072\" data-end=\"1132\">N\u00e3o oxida nem perde a cor, garantindo longa durabilidade<\/li>\n<\/ul>\n<p data-start=\"1134\" data-end=\"1220\"><strong data-start=\"1138\" data-end=\"1218\">Compra j\u00e1 o teu e leva contigo um s\u00edmbolo de sorte e prote\u00e7\u00e3o todos os dias!<\/strong><\/p>","protected":false},"excerpt":{"rendered":"<p>Um acess\u00f3rio intemporal, perfeito para quem procura um toque especial no dia a dia, seja para uso pessoal ou para oferecer como\u00a0<strong data-start=\"602\" data-end=\"646\">presente original e cheio de significado<\/strong>.<\/p>","protected":false},"featured_media":30537,"comment_status":"closed","ping_status":"closed","template":"","meta":[],"product_brand":[],"product_cat":[110],"product_tag":[584,583,523,582,585,586],"class_list":{"0":"post-30536","1":"product","2":"type-product","3":"status-publish","4":"has-post-thumbnail","6":"product_cat-colares","7":"product_tag-amuleto-da-sorte","8":"product_tag-colar-com-figa-e-trevo-da-sorte","9":"product_tag-colar-em-aco","10":"product_tag-colar-protecao","11":"product_tag-figa","12":"product_tag-trevo","14":"first","15":"instock","16":"shipping-taxable","17":"purchasable","18":"product-type-simple"},"yoast_head":"<!-- This site is optimized with the Yoast SEO plugin v26.2 - https:\/\/yoast.com\/wordpress\/plugins\/seo\/ -->\n<title>Colar Prote\u00e7\u00e3o Dourado - IrinasB<\/title>\n<meta name=\"robots\" content=\"index, follow, max-snippet:-1, max-image-preview:large, max-video-preview:-1\" \/>\n<link rel=\"canonical\" href=\"https:\/\/irinasb.com\/en\/product\/colar-protecao-trevo-figa-dourad\/\" \/>\n<meta property=\"og:locale\" content=\"en_GB\" \/>\n<meta property=\"og:type\" content=\"article\" \/>\n<meta property=\"og:title\" content=\"Colar Prote\u00e7\u00e3o Dourado - IrinasB\" \/>\n<meta property=\"og:description\" content=\"Um acess\u00f3rio intemporal, perfeito para quem procura um toque especial no dia a dia, seja para uso pessoal ou para oferecer como\u00a0presente original e cheio de significado.\" \/>\n<meta property=\"og:url\" content=\"https:\/\/irinasb.com\/en\/product\/colar-protecao-trevo-figa-dourad\/\" \/>\n<meta property=\"og:site_name\" content=\"IrinasB\" \/>\n<meta property=\"article:modified_time\" content=\"2026-02-02T21:38:35+00:00\" \/>\n<meta property=\"og:image\" content=\"https:\/\/irinasb.com\/wp-content\/uploads\/2025\/03\/colar-protecao-dourado1.jpg\" \/>\n\t<meta property=\"og:image:width\" content=\"800\" \/>\n\t<meta property=\"og:image:height\" content=\"930\" \/>\n\t<meta property=\"og:image:type\" content=\"image\/jpeg\" \/>\n<meta name=\"twitter:card\" content=\"summary_large_image\" \/>\n<meta name=\"twitter:label1\" content=\"Estimated reading time\" \/>\n\t<meta name=\"twitter:data1\" content=\"1 minute\" \/>\n<script type=\"application\/ld+json\" class=\"yoast-schema-graph\">{\"@context\":\"https:\/\/schema.org\",\"@graph\":[{\"@type\":\"WebPage\",\"@id\":\"https:\/\/irinasb.com\/produto\/colar-protecao-trevo-figa-dourad\/\",\"url\":\"https:\/\/irinasb.com\/produto\/colar-protecao-trevo-figa-dourad\/\",\"name\":\"Colar Prote\u00e7\u00e3o Dourado - IrinasB\",\"isPartOf\":{\"@id\":\"https:\/\/irinasb.com\/#website\"},\"primaryImageOfPage\":{\"@id\":\"https:\/\/irinasb.com\/produto\/colar-protecao-trevo-figa-dourad\/#primaryimage\"},\"image\":{\"@id\":\"https:\/\/irinasb.com\/produto\/colar-protecao-trevo-figa-dourad\/#primaryimage\"},\"thumbnailUrl\":\"https:\/\/irinasb.com\/wp-content\/uploads\/2025\/03\/colar-protecao-dourado1.jpg\",\"datePublished\":\"2025-03-07T12:16:29+00:00\",\"dateModified\":\"2026-02-02T21:38:35+00:00\",\"breadcrumb\":{\"@id\":\"https:\/\/irinasb.com\/produto\/colar-protecao-trevo-figa-dourad\/#breadcrumb\"},\"inLanguage\":\"en-GB\",\"potentialAction\":[{\"@type\":\"ReadAction\",\"target\":[\"https:\/\/irinasb.com\/produto\/colar-protecao-trevo-figa-dourad\/\"]}]},{\"@type\":\"ImageObject\",\"inLanguage\":\"en-GB\",\"@id\":\"https:\/\/irinasb.com\/produto\/colar-protecao-trevo-figa-dourad\/#primaryimage\",\"url\":\"https:\/\/irinasb.com\/wp-content\/uploads\/2025\/03\/colar-protecao-dourado1.jpg\",\"contentUrl\":\"https:\/\/irinasb.com\/wp-content\/uploads\/2025\/03\/colar-protecao-dourado1.jpg\",\"width\":800,\"height\":930,\"caption\":\"legenda\"},{\"@type\":\"BreadcrumbList\",\"@id\":\"https:\/\/irinasb.com\/produto\/colar-protecao-trevo-figa-dourad\/#breadcrumb\",\"itemListElement\":[{\"@type\":\"ListItem\",\"position\":1,\"name\":\"Home\",\"item\":\"https:\/\/irinasb.com\/\"},{\"@type\":\"ListItem\",\"position\":2,\"name\":\"Loja\",\"item\":\"https:\/\/irinasb.com\/loja\/\"},{\"@type\":\"ListItem\",\"position\":3,\"name\":\"Colar Prote\u00e7\u00e3o Dourado\"}]},{\"@type\":\"WebSite\",\"@id\":\"https:\/\/irinasb.com\/#website\",\"url\":\"https:\/\/irinasb.com\/\",\"name\":\"IrinasB\",\"description\":\"Handmade Dreams\",\"publisher\":{\"@id\":\"https:\/\/irinasb.com\/#organization\"},\"potentialAction\":[{\"@type\":\"SearchAction\",\"target\":{\"@type\":\"EntryPoint\",\"urlTemplate\":\"https:\/\/irinasb.com\/?s={search_term_string}\"},\"query-input\":{\"@type\":\"PropertyValueSpecification\",\"valueRequired\":true,\"valueName\":\"search_term_string\"}}],\"inLanguage\":\"en-GB\"},{\"@type\":\"Organization\",\"@id\":\"https:\/\/irinasb.com\/#organization\",\"name\":\"IrinasB\",\"url\":\"https:\/\/irinasb.com\/\",\"logo\":{\"@type\":\"ImageObject\",\"inLanguage\":\"en-GB\",\"@id\":\"https:\/\/irinasb.com\/#\/schema\/logo\/image\/\",\"url\":\"https:\/\/irinasb.com\/wp-content\/uploads\/2016\/11\/logo.fw_.png\",\"contentUrl\":\"https:\/\/irinasb.com\/wp-content\/uploads\/2016\/11\/logo.fw_.png\",\"width\":900,\"height\":453,\"caption\":\"IrinasB\"},\"image\":{\"@id\":\"https:\/\/irinasb.com\/#\/schema\/logo\/image\/\"}}]}<\/script>\n<!-- \/ Yoast SEO plugin. -->","yoast_head_json":{"title":"Colar Prote\u00e7\u00e3o Dourado - IrinasB","robots":{"index":"index","follow":"follow","max-snippet":"max-snippet:-1","max-image-preview":"max-image-preview:large","max-video-preview":"max-video-preview:-1"},"canonical":"https:\/\/irinasb.com\/en\/product\/colar-protecao-trevo-figa-dourad\/","og_locale":"en_GB","og_type":"article","og_title":"Colar Prote\u00e7\u00e3o Dourado - IrinasB","og_description":"Um acess\u00f3rio intemporal, perfeito para quem procura um toque especial no dia a dia, seja para uso pessoal ou para oferecer como\u00a0presente original e cheio de significado.","og_url":"https:\/\/irinasb.com\/en\/product\/colar-protecao-trevo-figa-dourad\/","og_site_name":"IrinasB","article_modified_time":"2026-02-02T21:38:35+00:00","og_image":[{"width":800,"height":930,"url":"https:\/\/irinasb.com\/wp-content\/uploads\/2025\/03\/colar-protecao-dourado1.jpg","type":"image\/jpeg"}],"twitter_card":"summary_large_image","twitter_misc":{"Estimated reading time":"1 minute"},"schema":{"@context":"https:\/\/schema.org","@graph":[{"@type":"WebPage","@id":"https:\/\/irinasb.com\/produto\/colar-protecao-trevo-figa-dourad\/","url":"https:\/\/irinasb.com\/produto\/colar-protecao-trevo-figa-dourad\/","name":"Colar Prote\u00e7\u00e3o Dourado - IrinasB","isPartOf":{"@id":"https:\/\/irinasb.com\/#website"},"primaryImageOfPage":{"@id":"https:\/\/irinasb.com\/produto\/colar-protecao-trevo-figa-dourad\/#primaryimage"},"image":{"@id":"https:\/\/irinasb.com\/produto\/colar-protecao-trevo-figa-dourad\/#primaryimage"},"thumbnailUrl":"https:\/\/irinasb.com\/wp-content\/uploads\/2025\/03\/colar-protecao-dourado1.jpg","datePublished":"2025-03-07T12:16:29+00:00","dateModified":"2026-02-02T21:38:35+00:00","breadcrumb":{"@id":"https:\/\/irinasb.com\/produto\/colar-protecao-trevo-figa-dourad\/#breadcrumb"},"inLanguage":"en-GB","potentialAction":[{"@type":"ReadAction","target":["https:\/\/irinasb.com\/produto\/colar-protecao-trevo-figa-dourad\/"]}]},{"@type":"ImageObject","inLanguage":"en-GB","@id":"https:\/\/irinasb.com\/produto\/colar-protecao-trevo-figa-dourad\/#primaryimage","url":"https:\/\/irinasb.com\/wp-content\/uploads\/2025\/03\/colar-protecao-dourado1.jpg","contentUrl":"https:\/\/irinasb.com\/wp-content\/uploads\/2025\/03\/colar-protecao-dourado1.jpg","width":800,"height":930,"caption":"legenda"},{"@type":"BreadcrumbList","@id":"https:\/\/irinasb.com\/produto\/colar-protecao-trevo-figa-dourad\/#breadcrumb","itemListElement":[{"@type":"ListItem","position":1,"name":"Home","item":"https:\/\/irinasb.com\/"},{"@type":"ListItem","position":2,"name":"Loja","item":"https:\/\/irinasb.com\/loja\/"},{"@type":"ListItem","position":3,"name":"Colar Prote\u00e7\u00e3o Dourado"}]},{"@type":"WebSite","@id":"https:\/\/irinasb.com\/#website","url":"https:\/\/irinasb.com\/","name":"IrinasB","description":"Handmade Dreams","publisher":{"@id":"https:\/\/irinasb.com\/#organization"},"potentialAction":[{"@type":"SearchAction","target":{"@type":"EntryPoint","urlTemplate":"https:\/\/irinasb.com\/?s={search_term_string}"},"query-input":{"@type":"PropertyValueSpecification","valueRequired":true,"valueName":"search_term_string"}}],"inLanguage":"en-GB"},{"@type":"Organization","@id":"https:\/\/irinasb.com\/#organization","name":"IrinasB","url":"https:\/\/irinasb.com\/","logo":{"@type":"ImageObject","inLanguage":"en-GB","@id":"https:\/\/irinasb.com\/#\/schema\/logo\/image\/","url":"https:\/\/irinasb.com\/wp-content\/uploads\/2016\/11\/logo.fw_.png","contentUrl":"https:\/\/irinasb.com\/wp-content\/uploads\/2016\/11\/logo.fw_.png","width":900,"height":453,"caption":"IrinasB"},"image":{"@id":"https:\/\/irinasb.com\/#\/schema\/logo\/image\/"}}]}},"_links":{"self":[{"href":"https:\/\/irinasb.com\/en\/wp-json\/wp\/v2\/product\/30536","targetHints":{"allow":["GET"]}}],"collection":[{"href":"https:\/\/irinasb.com\/en\/wp-json\/wp\/v2\/product"}],"about":[{"href":"https:\/\/irinasb.com\/en\/wp-json\/wp\/v2\/types\/product"}],"replies":[{"embeddable":true,"href":"https:\/\/irinasb.com\/en\/wp-json\/wp\/v2\/comments?post=30536"}],"wp:featuredmedia":[{"embeddable":true,"href":"https:\/\/irinasb.com\/en\/wp-json\/wp\/v2\/media\/30537"}],"wp:attachment":[{"href":"https:\/\/irinasb.com\/en\/wp-json\/wp\/v2\/media?parent=30536"}],"wp:term":[{"taxonomy":"product_brand","embeddable":true,"href":"https:\/\/irinasb.com\/en\/wp-json\/wp\/v2\/product_brand?post=30536"},{"taxonomy":"product_cat","embeddable":true,"href":"https:\/\/irinasb.com\/en\/wp-json\/wp\/v2\/product_cat?post=30536"},{"taxonomy":"product_tag","embeddable":true,"href":"https:\/\/irinasb.com\/en\/wp-json\/wp\/v2\/product_tag?post=30536"}],"curies":[{"name":"wp","href":"https:\/\/api.w.org\/{rel}","templated":true}]}}