{"id":29933,"date":"2025-01-21T15:08:38","date_gmt":"2025-01-21T15:08:38","guid":{"rendered":"https:\/\/irinasb.com\/?post_type=product&#038;p=29933"},"modified":"2026-03-31T13:02:23","modified_gmt":"2026-03-31T13:02:23","slug":"pulseira-turmalina-verde-2","status":"publish","type":"product","link":"https:\/\/irinasb.com\/en\/product\/pulseira-turmalina-verde-2\/","title":{"rendered":"Pulseira Turmalina Verde"},"content":{"rendered":"<ul>\n<li><strong>Comfortable and Durable Design:<\/strong><br \/>\nProduced with high quality double yarn, ensuring comfort and durability in daily use.<\/li>\n<li><strong>Natural Green Tourmaline Stones:<\/strong><br \/>\nKnown for their vibrant hues and energetic properties that promote balance and prosperity.<\/li>\n<li><strong>Stainless Steel Pendant:<\/strong><br \/>\nAdds a touch of sophistication to the design, with high wear resistance.<\/li>\n<\/ul>\n<h5><strong>Benefits of Green Tourmaline Stones:<\/strong><\/h5>\n<ul>\n<li><strong>Abundance:<\/strong><br \/>\nThey attract prosperity and success, creating a favorable environment for new opportunities.<\/li>\n<li><strong>Vitality:<\/strong><br \/>\nThey stimulate physical and emotional energy, promoting a state of continuous well-being.<\/li>\n<li><strong>Cure:<\/strong><br \/>\nThey help to harmonize body and soul, contributing to emotional and physical balance.<\/li>\n<\/ul>\n<h5><strong>Why Choose This Bracelet?<\/strong><\/h5>\n<ul>\n<li><strong>Versatile Style:<\/strong><br \/>\nIt easily combines with casual or formal looks, making it ideal for any occasion.<\/li>\n<li><strong>Positive Energy Amulet:<\/strong><br \/>\nMore than an accessory, it is a symbol of vitality and prosperity.<\/li>\n<li><strong>High Quality Materials:<\/strong><br \/>\nThe double wire and stainless steel pendant ensure a long-lasting and sophisticated finish.<\/li>\n<li><strong>Gift with Meaning:<\/strong><br \/>\nAn excellent choice to offer to someone special, symbolizing balance and well-being.<\/li>\n<\/ul>\n<h5><strong>Product Care:<\/strong><\/h5>\n<ul>\n<li><strong>Cleaning:<\/strong><br \/>\nWipe gently with a soft, dry cloth to maintain the shine of the stones and pendant.<\/li>\n<li><strong>Storage:<\/strong><br \/>\nStore in a dry place and avoid contact with chemicals to preserve the integrity of the materials.<\/li>\n<\/ul>","protected":false},"excerpt":{"rendered":"<p><strong>The Bracelet with Green Tourmaline Stones\u00a0<\/strong>It is an accessory that combines the beauty of natural stones with a modern and functional design. Ideal for those looking for style and energy benefits in their daily lives.<\/p>\n<p>Green tourmaline is the stone of abundance, vitality and healing.<\/p>\n<p>Attracts prosperity, success and well-being of body and soul.<\/p>","protected":false},"featured_media":29935,"comment_status":"closed","ping_status":"closed","template":"","meta":[],"product_brand":[],"product_cat":[310],"product_tag":[340,317,353,354],"class_list":{"0":"post-29933","1":"product","2":"type-product","3":"status-publish","4":"has-post-thumbnail","6":"product_cat-pedras-com-significado","7":"product_tag-pedra-da-abundancia-e-vitalidade","8":"product_tag-pendente-em-aco-inoxidavel","9":"product_tag-pulseira-com-pedras-turmalinas-verdes","10":"product_tag-pulseira-de-energia-positiva-e-cura","12":"first","13":"instock","14":"shipping-taxable","15":"purchasable","16":"product-type-simple"},"yoast_head":"<!-- This site is optimized with the Yoast SEO plugin v26.2 - https:\/\/yoast.com\/wordpress\/plugins\/seo\/ -->\n<title>Pulseira Turmalina Verde - IrinasB<\/title>\n<meta name=\"robots\" content=\"index, follow, max-snippet:-1, max-image-preview:large, max-video-preview:-1\" \/>\n<link rel=\"canonical\" href=\"https:\/\/irinasb.com\/en\/product\/pulseira-turmalina-verde-2\/\" \/>\n<meta property=\"og:locale\" content=\"en_GB\" \/>\n<meta property=\"og:type\" content=\"article\" \/>\n<meta property=\"og:title\" content=\"Pulseira Turmalina Verde - IrinasB\" \/>\n<meta property=\"og:description\" content=\"A Pulseira com Pedras Turmalinas Verdes\u00a0\u00e9 um acess\u00f3rio que combina a beleza das pedras naturais com um design moderno e funcional. Ideal para quem procura estilo e benef\u00edcios energ\u00e9ticos no dia a dia.  A turmalina verde \u00e9 a pedra da abund\u00e2ncia, vitalidade e cura.  Atrai prosperidade, sucesso e bem estar do corpo e alma.\" \/>\n<meta property=\"og:url\" content=\"https:\/\/irinasb.com\/en\/product\/pulseira-turmalina-verde-2\/\" \/>\n<meta property=\"og:site_name\" content=\"IrinasB\" \/>\n<meta property=\"article:modified_time\" content=\"2026-03-31T13:02:23+00:00\" \/>\n<meta property=\"og:image\" content=\"https:\/\/irinasb.com\/wp-content\/uploads\/2025\/01\/TURM-VERDE-P2.jpg\" \/>\n\t<meta property=\"og:image:width\" content=\"800\" \/>\n\t<meta property=\"og:image:height\" content=\"959\" \/>\n\t<meta property=\"og:image:type\" content=\"image\/jpeg\" \/>\n<meta name=\"twitter:card\" content=\"summary_large_image\" \/>\n<meta name=\"twitter:label1\" content=\"Estimated reading time\" \/>\n\t<meta name=\"twitter:data1\" content=\"2 minutes\" \/>\n<script type=\"application\/ld+json\" class=\"yoast-schema-graph\">{\"@context\":\"https:\/\/schema.org\",\"@graph\":[{\"@type\":\"WebPage\",\"@id\":\"https:\/\/irinasb.com\/produto\/pulseira-turmalina-verde-2\/\",\"url\":\"https:\/\/irinasb.com\/produto\/pulseira-turmalina-verde-2\/\",\"name\":\"Pulseira Turmalina Verde - IrinasB\",\"isPartOf\":{\"@id\":\"https:\/\/irinasb.com\/#website\"},\"primaryImageOfPage\":{\"@id\":\"https:\/\/irinasb.com\/produto\/pulseira-turmalina-verde-2\/#primaryimage\"},\"image\":{\"@id\":\"https:\/\/irinasb.com\/produto\/pulseira-turmalina-verde-2\/#primaryimage\"},\"thumbnailUrl\":\"https:\/\/irinasb.com\/wp-content\/uploads\/2025\/01\/TURM-VERDE-P2.jpg\",\"datePublished\":\"2025-01-21T15:08:38+00:00\",\"dateModified\":\"2026-03-31T13:02:23+00:00\",\"breadcrumb\":{\"@id\":\"https:\/\/irinasb.com\/produto\/pulseira-turmalina-verde-2\/#breadcrumb\"},\"inLanguage\":\"en-GB\",\"potentialAction\":[{\"@type\":\"ReadAction\",\"target\":[\"https:\/\/irinasb.com\/produto\/pulseira-turmalina-verde-2\/\"]}]},{\"@type\":\"ImageObject\",\"inLanguage\":\"en-GB\",\"@id\":\"https:\/\/irinasb.com\/produto\/pulseira-turmalina-verde-2\/#primaryimage\",\"url\":\"https:\/\/irinasb.com\/wp-content\/uploads\/2025\/01\/TURM-VERDE-P2.jpg\",\"contentUrl\":\"https:\/\/irinasb.com\/wp-content\/uploads\/2025\/01\/TURM-VERDE-P2.jpg\",\"width\":800,\"height\":959},{\"@type\":\"BreadcrumbList\",\"@id\":\"https:\/\/irinasb.com\/produto\/pulseira-turmalina-verde-2\/#breadcrumb\",\"itemListElement\":[{\"@type\":\"ListItem\",\"position\":1,\"name\":\"Home\",\"item\":\"https:\/\/irinasb.com\/\"},{\"@type\":\"ListItem\",\"position\":2,\"name\":\"Loja\",\"item\":\"https:\/\/irinasb.com\/loja\/\"},{\"@type\":\"ListItem\",\"position\":3,\"name\":\"Pulseira Turmalina Verde\"}]},{\"@type\":\"WebSite\",\"@id\":\"https:\/\/irinasb.com\/#website\",\"url\":\"https:\/\/irinasb.com\/\",\"name\":\"IrinasB\",\"description\":\"Handmade Dreams\",\"publisher\":{\"@id\":\"https:\/\/irinasb.com\/#organization\"},\"potentialAction\":[{\"@type\":\"SearchAction\",\"target\":{\"@type\":\"EntryPoint\",\"urlTemplate\":\"https:\/\/irinasb.com\/?s={search_term_string}\"},\"query-input\":{\"@type\":\"PropertyValueSpecification\",\"valueRequired\":true,\"valueName\":\"search_term_string\"}}],\"inLanguage\":\"en-GB\"},{\"@type\":\"Organization\",\"@id\":\"https:\/\/irinasb.com\/#organization\",\"name\":\"IrinasB\",\"url\":\"https:\/\/irinasb.com\/\",\"logo\":{\"@type\":\"ImageObject\",\"inLanguage\":\"en-GB\",\"@id\":\"https:\/\/irinasb.com\/#\/schema\/logo\/image\/\",\"url\":\"https:\/\/irinasb.com\/wp-content\/uploads\/2016\/11\/logo.fw_.png\",\"contentUrl\":\"https:\/\/irinasb.com\/wp-content\/uploads\/2016\/11\/logo.fw_.png\",\"width\":900,\"height\":453,\"caption\":\"IrinasB\"},\"image\":{\"@id\":\"https:\/\/irinasb.com\/#\/schema\/logo\/image\/\"}}]}<\/script>\n<!-- \/ Yoast SEO plugin. -->","yoast_head_json":{"title":"Pulseira Turmalina Verde - IrinasB","robots":{"index":"index","follow":"follow","max-snippet":"max-snippet:-1","max-image-preview":"max-image-preview:large","max-video-preview":"max-video-preview:-1"},"canonical":"https:\/\/irinasb.com\/en\/product\/pulseira-turmalina-verde-2\/","og_locale":"en_GB","og_type":"article","og_title":"Pulseira Turmalina Verde - IrinasB","og_description":"A Pulseira com Pedras Turmalinas Verdes\u00a0\u00e9 um acess\u00f3rio que combina a beleza das pedras naturais com um design moderno e funcional. Ideal para quem procura estilo e benef\u00edcios energ\u00e9ticos no dia a dia.  A turmalina verde \u00e9 a pedra da abund\u00e2ncia, vitalidade e cura.  Atrai prosperidade, sucesso e bem estar do corpo e alma.","og_url":"https:\/\/irinasb.com\/en\/product\/pulseira-turmalina-verde-2\/","og_site_name":"IrinasB","article_modified_time":"2026-03-31T13:02:23+00:00","og_image":[{"width":800,"height":959,"url":"https:\/\/irinasb.com\/wp-content\/uploads\/2025\/01\/TURM-VERDE-P2.jpg","type":"image\/jpeg"}],"twitter_card":"summary_large_image","twitter_misc":{"Estimated reading time":"2 minutes"},"schema":{"@context":"https:\/\/schema.org","@graph":[{"@type":"WebPage","@id":"https:\/\/irinasb.com\/produto\/pulseira-turmalina-verde-2\/","url":"https:\/\/irinasb.com\/produto\/pulseira-turmalina-verde-2\/","name":"Pulseira Turmalina Verde - IrinasB","isPartOf":{"@id":"https:\/\/irinasb.com\/#website"},"primaryImageOfPage":{"@id":"https:\/\/irinasb.com\/produto\/pulseira-turmalina-verde-2\/#primaryimage"},"image":{"@id":"https:\/\/irinasb.com\/produto\/pulseira-turmalina-verde-2\/#primaryimage"},"thumbnailUrl":"https:\/\/irinasb.com\/wp-content\/uploads\/2025\/01\/TURM-VERDE-P2.jpg","datePublished":"2025-01-21T15:08:38+00:00","dateModified":"2026-03-31T13:02:23+00:00","breadcrumb":{"@id":"https:\/\/irinasb.com\/produto\/pulseira-turmalina-verde-2\/#breadcrumb"},"inLanguage":"en-GB","potentialAction":[{"@type":"ReadAction","target":["https:\/\/irinasb.com\/produto\/pulseira-turmalina-verde-2\/"]}]},{"@type":"ImageObject","inLanguage":"en-GB","@id":"https:\/\/irinasb.com\/produto\/pulseira-turmalina-verde-2\/#primaryimage","url":"https:\/\/irinasb.com\/wp-content\/uploads\/2025\/01\/TURM-VERDE-P2.jpg","contentUrl":"https:\/\/irinasb.com\/wp-content\/uploads\/2025\/01\/TURM-VERDE-P2.jpg","width":800,"height":959},{"@type":"BreadcrumbList","@id":"https:\/\/irinasb.com\/produto\/pulseira-turmalina-verde-2\/#breadcrumb","itemListElement":[{"@type":"ListItem","position":1,"name":"Home","item":"https:\/\/irinasb.com\/"},{"@type":"ListItem","position":2,"name":"Loja","item":"https:\/\/irinasb.com\/loja\/"},{"@type":"ListItem","position":3,"name":"Pulseira Turmalina Verde"}]},{"@type":"WebSite","@id":"https:\/\/irinasb.com\/#website","url":"https:\/\/irinasb.com\/","name":"IrinasB","description":"Handmade Dreams","publisher":{"@id":"https:\/\/irinasb.com\/#organization"},"potentialAction":[{"@type":"SearchAction","target":{"@type":"EntryPoint","urlTemplate":"https:\/\/irinasb.com\/?s={search_term_string}"},"query-input":{"@type":"PropertyValueSpecification","valueRequired":true,"valueName":"search_term_string"}}],"inLanguage":"en-GB"},{"@type":"Organization","@id":"https:\/\/irinasb.com\/#organization","name":"IrinasB","url":"https:\/\/irinasb.com\/","logo":{"@type":"ImageObject","inLanguage":"en-GB","@id":"https:\/\/irinasb.com\/#\/schema\/logo\/image\/","url":"https:\/\/irinasb.com\/wp-content\/uploads\/2016\/11\/logo.fw_.png","contentUrl":"https:\/\/irinasb.com\/wp-content\/uploads\/2016\/11\/logo.fw_.png","width":900,"height":453,"caption":"IrinasB"},"image":{"@id":"https:\/\/irinasb.com\/#\/schema\/logo\/image\/"}}]}},"_links":{"self":[{"href":"https:\/\/irinasb.com\/en\/wp-json\/wp\/v2\/product\/29933","targetHints":{"allow":["GET"]}}],"collection":[{"href":"https:\/\/irinasb.com\/en\/wp-json\/wp\/v2\/product"}],"about":[{"href":"https:\/\/irinasb.com\/en\/wp-json\/wp\/v2\/types\/product"}],"replies":[{"embeddable":true,"href":"https:\/\/irinasb.com\/en\/wp-json\/wp\/v2\/comments?post=29933"}],"wp:featuredmedia":[{"embeddable":true,"href":"https:\/\/irinasb.com\/en\/wp-json\/wp\/v2\/media\/29935"}],"wp:attachment":[{"href":"https:\/\/irinasb.com\/en\/wp-json\/wp\/v2\/media?parent=29933"}],"wp:term":[{"taxonomy":"product_brand","embeddable":true,"href":"https:\/\/irinasb.com\/en\/wp-json\/wp\/v2\/product_brand?post=29933"},{"taxonomy":"product_cat","embeddable":true,"href":"https:\/\/irinasb.com\/en\/wp-json\/wp\/v2\/product_cat?post=29933"},{"taxonomy":"product_tag","embeddable":true,"href":"https:\/\/irinasb.com\/en\/wp-json\/wp\/v2\/product_tag?post=29933"}],"curies":[{"name":"wp","href":"https:\/\/api.w.org\/{rel}","templated":true}]}}