{"id":28817,"date":"2024-07-01T10:06:16","date_gmt":"2024-07-01T10:06:16","guid":{"rendered":"https:\/\/irinasb.com\/?post_type=product&#038;p=28817"},"modified":"2026-03-30T11:36:58","modified_gmt":"2026-03-30T11:36:58","slug":"pedra-do-sol","status":"publish","type":"product","link":"https:\/\/irinasb.com\/en\/product\/pedra-do-sol\/","title":{"rendered":"Pulseira Pedras do Sol"},"content":{"rendered":"<ul>\n<li><strong>Design Ajust\u00e1vel:<\/strong><br \/>\nProduzida com fecho em macram\u00e9 e fio de algod\u00e3o duplo, permite um ajuste confort\u00e1vel e personalizado ao pulso.<\/li>\n<li><strong>Stainless Steel Pendant:<\/strong><br \/>\nAdiciona um toque de modernidade e durabilidade \u00e0 pe\u00e7a.<\/li>\n<li><strong>Pedras Pedra do Sol:<\/strong><br \/>\nConhecidas pelo seu brilho cintilante, estas pedras s\u00e3o associadas \u00e0 for\u00e7a e vitalidade.<\/li>\n<\/ul>\n<h5>Benef\u00edcios das Pedras Pedra do Sol:<\/h5>\n<ul>\n<li><strong>Cristal da For\u00e7a:<\/strong><br \/>\nAcredita-se que acelera o metabolismo e alivia estados depressivos.<\/li>\n<li><strong>Otimismo e Ess\u00eancia Pessoal:<\/strong><br \/>\nAjuda a encontrar o melhor da nossa ess\u00eancia, enchendo a vida de otimismo.<\/li>\n<\/ul>\n<h5>Why Choose This Bracelet?<\/h5>\n<ul>\n<li><strong>Energia Positiva:<\/strong><br \/>\nMais do que um acess\u00f3rio, \u00e9 um amuleto que promove bem-estar e vitalidade.<\/li>\n<li><strong>Materiais de Qualidade:<\/strong><br \/>\nO fio de algod\u00e3o duplo e o pendente em a\u00e7o inoxid\u00e1vel garantem resist\u00eancia e longevidade.<\/li>\n<li><strong>Presente Especial:<\/strong><br \/>\nUma excelente op\u00e7\u00e3o para oferecer a algu\u00e9m especial, simbolizando for\u00e7a e otimismo.<\/li>\n<\/ul>\n<h5>Product Care:<\/h5>\n<ul>\n<li><strong>Cleaning:<\/strong><br \/>\nLimpe suavemente com um pano macio e seco para manter o brilho das pedras e do a\u00e7o.<\/li>\n<li><strong>Storage:<\/strong><br \/>\nGuarde em local seco e evite o contato com produtos qu\u00edmicos para preservar a integridade dos materiais.<\/li>\n<\/ul>","protected":false},"excerpt":{"rendered":"<p>\u00c9 o cristal da for\u00e7a, acelera o metabolismo e alivia depress\u00f5es.<\/p>\n<p>Ajuda-nos a encontrar o melhor da nossa ess\u00eancia e enche a nossa vida de otimismo.<\/p>","protected":false},"featured_media":29874,"comment_status":"closed","ping_status":"closed","template":"","meta":[],"product_brand":[],"product_cat":[310],"product_tag":[705,706],"class_list":{"0":"post-28817","1":"product","2":"type-product","3":"status-publish","4":"has-post-thumbnail","6":"product_cat-pedras-com-significado","7":"product_tag-pedra-do-sol","8":"product_tag-pulseira-com-pedras-do-sol","10":"first","11":"instock","12":"shipping-taxable","13":"purchasable","14":"product-type-simple"},"yoast_head":"<!-- This site is optimized with the Yoast SEO plugin v26.2 - https:\/\/yoast.com\/wordpress\/plugins\/seo\/ -->\n<title>Pulseira Pedras do Sol - IrinasB<\/title>\n<meta name=\"description\" content=\"\u00c9 o cristal da for\u00e7a, acelera o metabolismo e alivia depress\u00f5es. Ajuda-nos a encontrar o melhor da nossa ess\u00eancia e enche a nossa vida de otimismo.\" \/>\n<meta name=\"robots\" content=\"index, follow, max-snippet:-1, max-image-preview:large, max-video-preview:-1\" \/>\n<link rel=\"canonical\" href=\"https:\/\/irinasb.com\/en\/product\/pedra-do-sol\/\" \/>\n<meta property=\"og:locale\" content=\"en_GB\" \/>\n<meta property=\"og:type\" content=\"article\" \/>\n<meta property=\"og:title\" content=\"Pulseira Pedras do Sol - IrinasB\" \/>\n<meta property=\"og:description\" content=\"\u00c9 o cristal da for\u00e7a, acelera o metabolismo e alivia depress\u00f5es. Ajuda-nos a encontrar o melhor da nossa ess\u00eancia e enche a nossa vida de otimismo.\" \/>\n<meta property=\"og:url\" content=\"https:\/\/irinasb.com\/en\/product\/pedra-do-sol\/\" \/>\n<meta property=\"og:site_name\" content=\"IrinasB\" \/>\n<meta property=\"article:modified_time\" content=\"2026-03-30T11:36:58+00:00\" \/>\n<meta property=\"og:image\" content=\"https:\/\/irinasb.com\/wp-content\/uploads\/2024\/07\/sol1.jpg\" \/>\n\t<meta property=\"og:image:width\" content=\"800\" \/>\n\t<meta property=\"og:image:height\" content=\"946\" \/>\n\t<meta property=\"og:image:type\" content=\"image\/jpeg\" \/>\n<meta name=\"twitter:card\" content=\"summary_large_image\" \/>\n<meta name=\"twitter:label1\" content=\"Estimated reading time\" \/>\n\t<meta name=\"twitter:data1\" content=\"2 minutes\" \/>\n<script type=\"application\/ld+json\" class=\"yoast-schema-graph\">{\"@context\":\"https:\/\/schema.org\",\"@graph\":[{\"@type\":\"WebPage\",\"@id\":\"https:\/\/irinasb.com\/produto\/pedra-do-sol\/\",\"url\":\"https:\/\/irinasb.com\/produto\/pedra-do-sol\/\",\"name\":\"Pulseira Pedras do Sol - IrinasB\",\"isPartOf\":{\"@id\":\"https:\/\/irinasb.com\/#website\"},\"primaryImageOfPage\":{\"@id\":\"https:\/\/irinasb.com\/produto\/pedra-do-sol\/#primaryimage\"},\"image\":{\"@id\":\"https:\/\/irinasb.com\/produto\/pedra-do-sol\/#primaryimage\"},\"thumbnailUrl\":\"https:\/\/irinasb.com\/wp-content\/uploads\/2024\/07\/sol1.jpg\",\"datePublished\":\"2024-07-01T10:06:16+00:00\",\"dateModified\":\"2026-03-30T11:36:58+00:00\",\"description\":\"\u00c9 o cristal da for\u00e7a, acelera o metabolismo e alivia depress\u00f5es. Ajuda-nos a encontrar o melhor da nossa ess\u00eancia e enche a nossa vida de otimismo.\",\"breadcrumb\":{\"@id\":\"https:\/\/irinasb.com\/produto\/pedra-do-sol\/#breadcrumb\"},\"inLanguage\":\"en-GB\",\"potentialAction\":[{\"@type\":\"ReadAction\",\"target\":[\"https:\/\/irinasb.com\/produto\/pedra-do-sol\/\"]}]},{\"@type\":\"ImageObject\",\"inLanguage\":\"en-GB\",\"@id\":\"https:\/\/irinasb.com\/produto\/pedra-do-sol\/#primaryimage\",\"url\":\"https:\/\/irinasb.com\/wp-content\/uploads\/2024\/07\/sol1.jpg\",\"contentUrl\":\"https:\/\/irinasb.com\/wp-content\/uploads\/2024\/07\/sol1.jpg\",\"width\":800,\"height\":946},{\"@type\":\"BreadcrumbList\",\"@id\":\"https:\/\/irinasb.com\/produto\/pedra-do-sol\/#breadcrumb\",\"itemListElement\":[{\"@type\":\"ListItem\",\"position\":1,\"name\":\"Home\",\"item\":\"https:\/\/irinasb.com\/\"},{\"@type\":\"ListItem\",\"position\":2,\"name\":\"Loja\",\"item\":\"https:\/\/irinasb.com\/loja\/\"},{\"@type\":\"ListItem\",\"position\":3,\"name\":\"Pulseira Pedras do Sol\"}]},{\"@type\":\"WebSite\",\"@id\":\"https:\/\/irinasb.com\/#website\",\"url\":\"https:\/\/irinasb.com\/\",\"name\":\"IrinasB\",\"description\":\"Handmade Dreams\",\"publisher\":{\"@id\":\"https:\/\/irinasb.com\/#organization\"},\"potentialAction\":[{\"@type\":\"SearchAction\",\"target\":{\"@type\":\"EntryPoint\",\"urlTemplate\":\"https:\/\/irinasb.com\/?s={search_term_string}\"},\"query-input\":{\"@type\":\"PropertyValueSpecification\",\"valueRequired\":true,\"valueName\":\"search_term_string\"}}],\"inLanguage\":\"en-GB\"},{\"@type\":\"Organization\",\"@id\":\"https:\/\/irinasb.com\/#organization\",\"name\":\"IrinasB\",\"url\":\"https:\/\/irinasb.com\/\",\"logo\":{\"@type\":\"ImageObject\",\"inLanguage\":\"en-GB\",\"@id\":\"https:\/\/irinasb.com\/#\/schema\/logo\/image\/\",\"url\":\"https:\/\/irinasb.com\/wp-content\/uploads\/2016\/11\/logo.fw_.png\",\"contentUrl\":\"https:\/\/irinasb.com\/wp-content\/uploads\/2016\/11\/logo.fw_.png\",\"width\":900,\"height\":453,\"caption\":\"IrinasB\"},\"image\":{\"@id\":\"https:\/\/irinasb.com\/#\/schema\/logo\/image\/\"}}]}<\/script>\n<!-- \/ Yoast SEO plugin. -->","yoast_head_json":{"title":"Pulseira Pedras do Sol - IrinasB","description":"\u00c9 o cristal da for\u00e7a, acelera o metabolismo e alivia depress\u00f5es. Ajuda-nos a encontrar o melhor da nossa ess\u00eancia e enche a nossa vida de otimismo.","robots":{"index":"index","follow":"follow","max-snippet":"max-snippet:-1","max-image-preview":"max-image-preview:large","max-video-preview":"max-video-preview:-1"},"canonical":"https:\/\/irinasb.com\/en\/product\/pedra-do-sol\/","og_locale":"en_GB","og_type":"article","og_title":"Pulseira Pedras do Sol - IrinasB","og_description":"\u00c9 o cristal da for\u00e7a, acelera o metabolismo e alivia depress\u00f5es. Ajuda-nos a encontrar o melhor da nossa ess\u00eancia e enche a nossa vida de otimismo.","og_url":"https:\/\/irinasb.com\/en\/product\/pedra-do-sol\/","og_site_name":"IrinasB","article_modified_time":"2026-03-30T11:36:58+00:00","og_image":[{"width":800,"height":946,"url":"https:\/\/irinasb.com\/wp-content\/uploads\/2024\/07\/sol1.jpg","type":"image\/jpeg"}],"twitter_card":"summary_large_image","twitter_misc":{"Estimated reading time":"2 minutes"},"schema":{"@context":"https:\/\/schema.org","@graph":[{"@type":"WebPage","@id":"https:\/\/irinasb.com\/produto\/pedra-do-sol\/","url":"https:\/\/irinasb.com\/produto\/pedra-do-sol\/","name":"Pulseira Pedras do Sol - IrinasB","isPartOf":{"@id":"https:\/\/irinasb.com\/#website"},"primaryImageOfPage":{"@id":"https:\/\/irinasb.com\/produto\/pedra-do-sol\/#primaryimage"},"image":{"@id":"https:\/\/irinasb.com\/produto\/pedra-do-sol\/#primaryimage"},"thumbnailUrl":"https:\/\/irinasb.com\/wp-content\/uploads\/2024\/07\/sol1.jpg","datePublished":"2024-07-01T10:06:16+00:00","dateModified":"2026-03-30T11:36:58+00:00","description":"\u00c9 o cristal da for\u00e7a, acelera o metabolismo e alivia depress\u00f5es. Ajuda-nos a encontrar o melhor da nossa ess\u00eancia e enche a nossa vida de otimismo.","breadcrumb":{"@id":"https:\/\/irinasb.com\/produto\/pedra-do-sol\/#breadcrumb"},"inLanguage":"en-GB","potentialAction":[{"@type":"ReadAction","target":["https:\/\/irinasb.com\/produto\/pedra-do-sol\/"]}]},{"@type":"ImageObject","inLanguage":"en-GB","@id":"https:\/\/irinasb.com\/produto\/pedra-do-sol\/#primaryimage","url":"https:\/\/irinasb.com\/wp-content\/uploads\/2024\/07\/sol1.jpg","contentUrl":"https:\/\/irinasb.com\/wp-content\/uploads\/2024\/07\/sol1.jpg","width":800,"height":946},{"@type":"BreadcrumbList","@id":"https:\/\/irinasb.com\/produto\/pedra-do-sol\/#breadcrumb","itemListElement":[{"@type":"ListItem","position":1,"name":"Home","item":"https:\/\/irinasb.com\/"},{"@type":"ListItem","position":2,"name":"Loja","item":"https:\/\/irinasb.com\/loja\/"},{"@type":"ListItem","position":3,"name":"Pulseira Pedras do Sol"}]},{"@type":"WebSite","@id":"https:\/\/irinasb.com\/#website","url":"https:\/\/irinasb.com\/","name":"IrinasB","description":"Handmade Dreams","publisher":{"@id":"https:\/\/irinasb.com\/#organization"},"potentialAction":[{"@type":"SearchAction","target":{"@type":"EntryPoint","urlTemplate":"https:\/\/irinasb.com\/?s={search_term_string}"},"query-input":{"@type":"PropertyValueSpecification","valueRequired":true,"valueName":"search_term_string"}}],"inLanguage":"en-GB"},{"@type":"Organization","@id":"https:\/\/irinasb.com\/#organization","name":"IrinasB","url":"https:\/\/irinasb.com\/","logo":{"@type":"ImageObject","inLanguage":"en-GB","@id":"https:\/\/irinasb.com\/#\/schema\/logo\/image\/","url":"https:\/\/irinasb.com\/wp-content\/uploads\/2016\/11\/logo.fw_.png","contentUrl":"https:\/\/irinasb.com\/wp-content\/uploads\/2016\/11\/logo.fw_.png","width":900,"height":453,"caption":"IrinasB"},"image":{"@id":"https:\/\/irinasb.com\/#\/schema\/logo\/image\/"}}]}},"_links":{"self":[{"href":"https:\/\/irinasb.com\/en\/wp-json\/wp\/v2\/product\/28817","targetHints":{"allow":["GET"]}}],"collection":[{"href":"https:\/\/irinasb.com\/en\/wp-json\/wp\/v2\/product"}],"about":[{"href":"https:\/\/irinasb.com\/en\/wp-json\/wp\/v2\/types\/product"}],"replies":[{"embeddable":true,"href":"https:\/\/irinasb.com\/en\/wp-json\/wp\/v2\/comments?post=28817"}],"wp:featuredmedia":[{"embeddable":true,"href":"https:\/\/irinasb.com\/en\/wp-json\/wp\/v2\/media\/29874"}],"wp:attachment":[{"href":"https:\/\/irinasb.com\/en\/wp-json\/wp\/v2\/media?parent=28817"}],"wp:term":[{"taxonomy":"product_brand","embeddable":true,"href":"https:\/\/irinasb.com\/en\/wp-json\/wp\/v2\/product_brand?post=28817"},{"taxonomy":"product_cat","embeddable":true,"href":"https:\/\/irinasb.com\/en\/wp-json\/wp\/v2\/product_cat?post=28817"},{"taxonomy":"product_tag","embeddable":true,"href":"https:\/\/irinasb.com\/en\/wp-json\/wp\/v2\/product_tag?post=28817"}],"curies":[{"name":"wp","href":"https:\/\/api.w.org\/{rel}","templated":true}]}}