{"id":2875,"date":"2016-12-06T11:28:45","date_gmt":"2016-12-06T11:28:45","guid":{"rendered":"https:\/\/irinasb.com\/?post_type=product&#038;p=2875"},"modified":"2025-05-21T16:22:17","modified_gmt":"2025-05-21T16:22:17","slug":"colar-julia-preto-amarelo-coracao-de-viana","status":"publish","type":"product","link":"https:\/\/irinasb.com\/en\/product\/colar-julia-preto-amarelo-coracao-de-viana\/","title":{"rendered":"Colar Preto e Amarelo Cora\u00e7\u00e3o de Viana"},"content":{"rendered":"<ul>\n<li><strong>Design elegante e sofisticado<\/strong>, que mistura a modernidade com um toque cl\u00e1ssico.<\/li>\n<li><strong>Feito \u00e0 m\u00e3o<\/strong> com <strong>materiais premium<\/strong>, garantindo uma pe\u00e7a \u00fanica e de alta qualidade.<\/li>\n<li>Ideal para <strong>mulheres sofisticadas<\/strong> que procuram um acess\u00f3rio vers\u00e1til para v\u00e1rias ocasi\u00f5es.<\/li>\n<li><strong>Acess\u00f3rio exclusivo<\/strong> da IrinasB, com o toque artesanal que caracteriza a nossa marca.<\/li>\n<li>Perfeito para ser usado tanto em <strong>ocasi\u00f5es formais<\/strong> quanto para um look mais casual, sempre com um toque de classe.<\/li>\n<li><strong>Cuidados com a pe\u00e7a:<\/strong> Para garantir a durabilidade e beleza do seu colar, \u00e9 importante seguir alguns cuidados:\n<ul>\n<li>Evite o contato direto com <strong>produtos qu\u00edmicos<\/strong> como perfumes, cremes e produtos de limpeza.<\/li>\n<li><strong>Retire a pe\u00e7a<\/strong> ao tomar banho, nadar ou praticar atividades f\u00edsicas intensas.<\/li>\n<li><strong>Guarde o colar<\/strong> num local seco e arejado, preferencialmente na caixa original, para evitar riscos e danos.<\/li>\n<li><strong>Limpeza suave<\/strong>: utilize um pano macio e seco para limpar a pe\u00e7a, evitando o uso de produtos abrasivos que possam danificar o acabamento.<\/li>\n<\/ul>\n<\/li>\n<\/ul>\n<p><span style=\"color: #000000;\"><em>Our pieces are manufactured manually, therefore, we do not guarantee that the piece sent is exactly the same as the photograph shown, that is, certain details may vary slightly in position, as well as materials such as cork, which may slightly vary in color. We guarantee an identical piece but never exactly the same!<\/em><\/span><\/p>","protected":false},"excerpt":{"rendered":"<p>Iconic woman and always jovial!<\/p>\n<p>Este colar \u00e9 ideal para mulheres que procuram um acess\u00f3rio vers\u00e1til, mas com uma forte presen\u00e7a de estilo. Feito \u00e0 m\u00e3o com <strong>materiais de alta qualidade<\/strong>, o <strong>colar J\u00falia<\/strong> \u00e9 a escolha perfeita para quem deseja um toque de classe e um acabamento impec\u00e1vel.<\/p>\n<p>This piece will be manufactured especially for you and therefore the manufacturing time may vary between 2 to 4 days.<\/p>","protected":false},"featured_media":4493,"comment_status":"closed","ping_status":"closed","template":"","meta":[],"product_brand":[],"product_cat":[186],"product_tag":[147,151,146,148,150,149],"class_list":{"0":"post-2875","1":"product","2":"type-product","3":"status-publish","4":"has-post-thumbnail","6":"product_cat-maxicolares","7":"product_tag-amarelo","8":"product_tag-braga","9":"product_tag-irinasb","10":"product_tag-julia","11":"product_tag-julia-pinheiro","12":"product_tag-preto","14":"first","15":"outofstock","16":"shipping-taxable","17":"purchasable","18":"product-type-simple"},"yoast_head":"<!-- This site is optimized with the Yoast SEO plugin v26.2 - https:\/\/yoast.com\/wordpress\/plugins\/seo\/ -->\n<title>Colar Preto e Amarelo Cora\u00e7\u00e3o de Viana - IrinasB<\/title>\n<meta name=\"robots\" content=\"index, follow, max-snippet:-1, max-image-preview:large, max-video-preview:-1\" \/>\n<link rel=\"canonical\" href=\"https:\/\/irinasb.com\/en\/product\/colar-julia-preto-amarelo-coracao-de-viana\/\" \/>\n<meta property=\"og:locale\" content=\"en_GB\" \/>\n<meta property=\"og:type\" content=\"article\" \/>\n<meta property=\"og:title\" content=\"Colar Preto e Amarelo Cora\u00e7\u00e3o de Viana - IrinasB\" \/>\n<meta property=\"og:description\" content=\"Mulher ic\u00f3nica e sempre jovial!  Este colar \u00e9 ideal para mulheres que procuram um acess\u00f3rio vers\u00e1til, mas com uma forte presen\u00e7a de estilo. Feito \u00e0 m\u00e3o com materiais de alta qualidade, o colar J\u00falia \u00e9 a escolha perfeita para quem deseja um toque de classe e um acabamento impec\u00e1vel.  Esta pe\u00e7a ser\u00e1 fabricada especialmente para si e por isso o tempo de fabrico poder\u00e1 variar entre 2 a 4 dias.\" \/>\n<meta property=\"og:url\" content=\"https:\/\/irinasb.com\/en\/product\/colar-julia-preto-amarelo-coracao-de-viana\/\" \/>\n<meta property=\"og:site_name\" content=\"IrinasB\" \/>\n<meta property=\"article:modified_time\" content=\"2025-05-21T16:22:17+00:00\" \/>\n<meta property=\"og:image\" content=\"https:\/\/irinasb.com\/wp-content\/uploads\/2016\/12\/SAM_7459ed.png\" \/>\n\t<meta property=\"og:image:width\" content=\"800\" \/>\n\t<meta property=\"og:image:height\" content=\"968\" \/>\n\t<meta property=\"og:image:type\" content=\"image\/png\" \/>\n<meta name=\"twitter:card\" content=\"summary_large_image\" \/>\n<meta name=\"twitter:label1\" content=\"Estimated reading time\" \/>\n\t<meta name=\"twitter:data1\" content=\"2 minutes\" \/>\n<script type=\"application\/ld+json\" class=\"yoast-schema-graph\">{\"@context\":\"https:\/\/schema.org\",\"@graph\":[{\"@type\":\"WebPage\",\"@id\":\"https:\/\/irinasb.com\/produto\/colar-julia-preto-amarelo-coracao-de-viana\/\",\"url\":\"https:\/\/irinasb.com\/produto\/colar-julia-preto-amarelo-coracao-de-viana\/\",\"name\":\"Colar Preto e Amarelo Cora\u00e7\u00e3o de Viana - IrinasB\",\"isPartOf\":{\"@id\":\"https:\/\/irinasb.com\/#website\"},\"primaryImageOfPage\":{\"@id\":\"https:\/\/irinasb.com\/produto\/colar-julia-preto-amarelo-coracao-de-viana\/#primaryimage\"},\"image\":{\"@id\":\"https:\/\/irinasb.com\/produto\/colar-julia-preto-amarelo-coracao-de-viana\/#primaryimage\"},\"thumbnailUrl\":\"https:\/\/irinasb.com\/wp-content\/uploads\/2016\/12\/SAM_7459ed.png\",\"datePublished\":\"2016-12-06T11:28:45+00:00\",\"dateModified\":\"2025-05-21T16:22:17+00:00\",\"breadcrumb\":{\"@id\":\"https:\/\/irinasb.com\/produto\/colar-julia-preto-amarelo-coracao-de-viana\/#breadcrumb\"},\"inLanguage\":\"en-GB\",\"potentialAction\":[{\"@type\":\"ReadAction\",\"target\":[\"https:\/\/irinasb.com\/produto\/colar-julia-preto-amarelo-coracao-de-viana\/\"]}]},{\"@type\":\"ImageObject\",\"inLanguage\":\"en-GB\",\"@id\":\"https:\/\/irinasb.com\/produto\/colar-julia-preto-amarelo-coracao-de-viana\/#primaryimage\",\"url\":\"https:\/\/irinasb.com\/wp-content\/uploads\/2016\/12\/SAM_7459ed.png\",\"contentUrl\":\"https:\/\/irinasb.com\/wp-content\/uploads\/2016\/12\/SAM_7459ed.png\",\"width\":800,\"height\":968},{\"@type\":\"BreadcrumbList\",\"@id\":\"https:\/\/irinasb.com\/produto\/colar-julia-preto-amarelo-coracao-de-viana\/#breadcrumb\",\"itemListElement\":[{\"@type\":\"ListItem\",\"position\":1,\"name\":\"Home\",\"item\":\"https:\/\/irinasb.com\/\"},{\"@type\":\"ListItem\",\"position\":2,\"name\":\"Loja\",\"item\":\"https:\/\/irinasb.com\/loja\/\"},{\"@type\":\"ListItem\",\"position\":3,\"name\":\"Colar Preto e Amarelo Cora\u00e7\u00e3o de Viana\"}]},{\"@type\":\"WebSite\",\"@id\":\"https:\/\/irinasb.com\/#website\",\"url\":\"https:\/\/irinasb.com\/\",\"name\":\"IrinasB\",\"description\":\"Handmade Dreams\",\"publisher\":{\"@id\":\"https:\/\/irinasb.com\/#organization\"},\"potentialAction\":[{\"@type\":\"SearchAction\",\"target\":{\"@type\":\"EntryPoint\",\"urlTemplate\":\"https:\/\/irinasb.com\/?s={search_term_string}\"},\"query-input\":{\"@type\":\"PropertyValueSpecification\",\"valueRequired\":true,\"valueName\":\"search_term_string\"}}],\"inLanguage\":\"en-GB\"},{\"@type\":\"Organization\",\"@id\":\"https:\/\/irinasb.com\/#organization\",\"name\":\"IrinasB\",\"url\":\"https:\/\/irinasb.com\/\",\"logo\":{\"@type\":\"ImageObject\",\"inLanguage\":\"en-GB\",\"@id\":\"https:\/\/irinasb.com\/#\/schema\/logo\/image\/\",\"url\":\"https:\/\/irinasb.com\/wp-content\/uploads\/2016\/11\/logo.fw_.png\",\"contentUrl\":\"https:\/\/irinasb.com\/wp-content\/uploads\/2016\/11\/logo.fw_.png\",\"width\":900,\"height\":453,\"caption\":\"IrinasB\"},\"image\":{\"@id\":\"https:\/\/irinasb.com\/#\/schema\/logo\/image\/\"}}]}<\/script>\n<!-- \/ Yoast SEO plugin. -->","yoast_head_json":{"title":"Colar Preto e Amarelo Cora\u00e7\u00e3o de Viana - IrinasB","robots":{"index":"index","follow":"follow","max-snippet":"max-snippet:-1","max-image-preview":"max-image-preview:large","max-video-preview":"max-video-preview:-1"},"canonical":"https:\/\/irinasb.com\/en\/product\/colar-julia-preto-amarelo-coracao-de-viana\/","og_locale":"en_GB","og_type":"article","og_title":"Colar Preto e Amarelo Cora\u00e7\u00e3o de Viana - IrinasB","og_description":"Mulher ic\u00f3nica e sempre jovial!  Este colar \u00e9 ideal para mulheres que procuram um acess\u00f3rio vers\u00e1til, mas com uma forte presen\u00e7a de estilo. Feito \u00e0 m\u00e3o com materiais de alta qualidade, o colar J\u00falia \u00e9 a escolha perfeita para quem deseja um toque de classe e um acabamento impec\u00e1vel.  Esta pe\u00e7a ser\u00e1 fabricada especialmente para si e por isso o tempo de fabrico poder\u00e1 variar entre 2 a 4 dias.","og_url":"https:\/\/irinasb.com\/en\/product\/colar-julia-preto-amarelo-coracao-de-viana\/","og_site_name":"IrinasB","article_modified_time":"2025-05-21T16:22:17+00:00","og_image":[{"width":800,"height":968,"url":"https:\/\/irinasb.com\/wp-content\/uploads\/2016\/12\/SAM_7459ed.png","type":"image\/png"}],"twitter_card":"summary_large_image","twitter_misc":{"Estimated reading time":"2 minutes"},"schema":{"@context":"https:\/\/schema.org","@graph":[{"@type":"WebPage","@id":"https:\/\/irinasb.com\/produto\/colar-julia-preto-amarelo-coracao-de-viana\/","url":"https:\/\/irinasb.com\/produto\/colar-julia-preto-amarelo-coracao-de-viana\/","name":"Colar Preto e Amarelo Cora\u00e7\u00e3o de Viana - IrinasB","isPartOf":{"@id":"https:\/\/irinasb.com\/#website"},"primaryImageOfPage":{"@id":"https:\/\/irinasb.com\/produto\/colar-julia-preto-amarelo-coracao-de-viana\/#primaryimage"},"image":{"@id":"https:\/\/irinasb.com\/produto\/colar-julia-preto-amarelo-coracao-de-viana\/#primaryimage"},"thumbnailUrl":"https:\/\/irinasb.com\/wp-content\/uploads\/2016\/12\/SAM_7459ed.png","datePublished":"2016-12-06T11:28:45+00:00","dateModified":"2025-05-21T16:22:17+00:00","breadcrumb":{"@id":"https:\/\/irinasb.com\/produto\/colar-julia-preto-amarelo-coracao-de-viana\/#breadcrumb"},"inLanguage":"en-GB","potentialAction":[{"@type":"ReadAction","target":["https:\/\/irinasb.com\/produto\/colar-julia-preto-amarelo-coracao-de-viana\/"]}]},{"@type":"ImageObject","inLanguage":"en-GB","@id":"https:\/\/irinasb.com\/produto\/colar-julia-preto-amarelo-coracao-de-viana\/#primaryimage","url":"https:\/\/irinasb.com\/wp-content\/uploads\/2016\/12\/SAM_7459ed.png","contentUrl":"https:\/\/irinasb.com\/wp-content\/uploads\/2016\/12\/SAM_7459ed.png","width":800,"height":968},{"@type":"BreadcrumbList","@id":"https:\/\/irinasb.com\/produto\/colar-julia-preto-amarelo-coracao-de-viana\/#breadcrumb","itemListElement":[{"@type":"ListItem","position":1,"name":"Home","item":"https:\/\/irinasb.com\/"},{"@type":"ListItem","position":2,"name":"Loja","item":"https:\/\/irinasb.com\/loja\/"},{"@type":"ListItem","position":3,"name":"Colar Preto e Amarelo Cora\u00e7\u00e3o de Viana"}]},{"@type":"WebSite","@id":"https:\/\/irinasb.com\/#website","url":"https:\/\/irinasb.com\/","name":"IrinasB","description":"Handmade Dreams","publisher":{"@id":"https:\/\/irinasb.com\/#organization"},"potentialAction":[{"@type":"SearchAction","target":{"@type":"EntryPoint","urlTemplate":"https:\/\/irinasb.com\/?s={search_term_string}"},"query-input":{"@type":"PropertyValueSpecification","valueRequired":true,"valueName":"search_term_string"}}],"inLanguage":"en-GB"},{"@type":"Organization","@id":"https:\/\/irinasb.com\/#organization","name":"IrinasB","url":"https:\/\/irinasb.com\/","logo":{"@type":"ImageObject","inLanguage":"en-GB","@id":"https:\/\/irinasb.com\/#\/schema\/logo\/image\/","url":"https:\/\/irinasb.com\/wp-content\/uploads\/2016\/11\/logo.fw_.png","contentUrl":"https:\/\/irinasb.com\/wp-content\/uploads\/2016\/11\/logo.fw_.png","width":900,"height":453,"caption":"IrinasB"},"image":{"@id":"https:\/\/irinasb.com\/#\/schema\/logo\/image\/"}}]}},"_links":{"self":[{"href":"https:\/\/irinasb.com\/en\/wp-json\/wp\/v2\/product\/2875","targetHints":{"allow":["GET"]}}],"collection":[{"href":"https:\/\/irinasb.com\/en\/wp-json\/wp\/v2\/product"}],"about":[{"href":"https:\/\/irinasb.com\/en\/wp-json\/wp\/v2\/types\/product"}],"replies":[{"embeddable":true,"href":"https:\/\/irinasb.com\/en\/wp-json\/wp\/v2\/comments?post=2875"}],"wp:featuredmedia":[{"embeddable":true,"href":"https:\/\/irinasb.com\/en\/wp-json\/wp\/v2\/media\/4493"}],"wp:attachment":[{"href":"https:\/\/irinasb.com\/en\/wp-json\/wp\/v2\/media?parent=2875"}],"wp:term":[{"taxonomy":"product_brand","embeddable":true,"href":"https:\/\/irinasb.com\/en\/wp-json\/wp\/v2\/product_brand?post=2875"},{"taxonomy":"product_cat","embeddable":true,"href":"https:\/\/irinasb.com\/en\/wp-json\/wp\/v2\/product_cat?post=2875"},{"taxonomy":"product_tag","embeddable":true,"href":"https:\/\/irinasb.com\/en\/wp-json\/wp\/v2\/product_tag?post=2875"}],"curies":[{"name":"wp","href":"https:\/\/api.w.org\/{rel}","templated":true}]}}